{"id":650,"date":"2018-07-30T14:22:10","date_gmt":"2018-07-30T12:23:20","guid":{"rendered":"http:\/\/www.medibase-disposables.com\/?post_type=product&#038;p=650"},"modified":"2025-08-12T16:10:17","modified_gmt":"2025-08-12T14:10:17","slug":"brushes-2","status":"publish","type":"product","link":"https:\/\/www.medibase-disposables.com\/en\/products\/brushes-2\/","title":{"rendered":"Mini Brushes"},"content":{"rendered":"<p><strong>Box\u00a0of 100 brushes<\/strong><\/p>\n<table class=\"content_table\" border=\"0\" width=\"100%\">\n<thead>\n<tr>\n<td>Description<\/td>\n<td>Ref.<\/td>\n<\/tr>\n<\/thead>\n<tbody>\n<tr class=\"gray\">\n<td>Green brushes<\/td>\n<td>211-384<\/td>\n<\/tr>\n<\/tbody>\n<\/table>\n<p>&nbsp;<\/p>\n","protected":false},"excerpt":{"rendered":"<p><strong>Characteristics:<\/strong><br \/>\n&#8211; Regular\u00a0fibres for perfect application.<br \/>\n&#8211; Length: 105 mm.<br \/>\n&#8211; Flexible for easy access to all possible application zones.<br \/>\n&#8211; Economical: the brushes&#8217; high precision reduces the amount of solution to be used.<\/p>\n<p><span style=\"font-size: medium;\">Class: I.<\/span><\/p>\n<p>Manufacturer: NOVOBRUSH.<\/p>\n","protected":false},"featured_media":7001,"template":"","meta":{"_acf_changed":false},"product_cat":[65],"product_tag":[],"acf":[],"yoast_head":"<!-- This site is optimized with the Yoast SEO plugin v22.3 - https:\/\/yoast.com\/wordpress\/plugins\/seo\/ -->\n<title>Mini Brushes - Medibase<\/title>\n<meta name=\"robots\" content=\"index, follow, max-snippet:-1, max-image-preview:large, max-video-preview:-1\" \/>\n<link rel=\"canonical\" href=\"https:\/\/www.medibase-disposables.com\/en\/products\/brushes-2\/\" \/>\n<meta property=\"og:locale\" content=\"en_US\" \/>\n<meta property=\"og:type\" content=\"article\" \/>\n<meta property=\"og:title\" content=\"Mini Brushes - Medibase\" \/>\n<meta property=\"og:description\" content=\"Characteristics: - Regular\u00a0fibres for perfect application. - Length: 105 mm. - Flexible for easy access to all possible application zones. - Economical: the brushes&#039; high precision reduces the amount of solution to be used.  Class: I.  Manufacturer: NOVOBRUSH.\" \/>\n<meta property=\"og:url\" content=\"https:\/\/www.medibase-disposables.com\/en\/products\/brushes-2\/\" \/>\n<meta property=\"og:site_name\" content=\"Medibase\" \/>\n<meta property=\"article:modified_time\" content=\"2025-08-12T14:10:17+00:00\" \/>\n<meta property=\"og:image\" content=\"http:\/\/www.medibase-disposables.com\/wp-content\/uploads\/3134139_Visuel_Disposable-Mini-brusches_RVB.jpg\" \/>\n\t<meta property=\"og:image:width\" content=\"2000\" \/>\n\t<meta property=\"og:image:height\" content=\"2000\" \/>\n\t<meta property=\"og:image:type\" content=\"image\/jpeg\" \/>\n<meta name=\"twitter:card\" content=\"summary_large_image\" \/>\n<meta name=\"twitter:label1\" content=\"Est. reading time\" \/>\n\t<meta name=\"twitter:data1\" content=\"1 minute\" \/>\n<script type=\"application\/ld+json\" class=\"yoast-schema-graph\">{\"@context\":\"https:\/\/schema.org\",\"@graph\":[{\"@type\":\"WebPage\",\"@id\":\"https:\/\/www.medibase-disposables.com\/en\/products\/brushes-2\/\",\"url\":\"https:\/\/www.medibase-disposables.com\/en\/products\/brushes-2\/\",\"name\":\"Mini Brushes - Medibase\",\"isPartOf\":{\"@id\":\"https:\/\/www.medibase-disposables.com\/en\/#website\"},\"primaryImageOfPage\":{\"@id\":\"https:\/\/www.medibase-disposables.com\/en\/products\/brushes-2\/#primaryimage\"},\"image\":{\"@id\":\"https:\/\/www.medibase-disposables.com\/en\/products\/brushes-2\/#primaryimage\"},\"thumbnailUrl\":\"https:\/\/www.medibase-disposables.com\/wp-content\/uploads\/3134139_Visuel_Disposable-Mini-brusches_RVB.jpg\",\"datePublished\":\"2018-07-30T12:23:20+00:00\",\"dateModified\":\"2025-08-12T14:10:17+00:00\",\"breadcrumb\":{\"@id\":\"https:\/\/www.medibase-disposables.com\/en\/products\/brushes-2\/#breadcrumb\"},\"inLanguage\":\"en-US\",\"potentialAction\":[{\"@type\":\"ReadAction\",\"target\":[\"https:\/\/www.medibase-disposables.com\/en\/products\/brushes-2\/\"]}]},{\"@type\":\"ImageObject\",\"inLanguage\":\"en-US\",\"@id\":\"https:\/\/www.medibase-disposables.com\/en\/products\/brushes-2\/#primaryimage\",\"url\":\"https:\/\/www.medibase-disposables.com\/wp-content\/uploads\/3134139_Visuel_Disposable-Mini-brusches_RVB.jpg\",\"contentUrl\":\"https:\/\/www.medibase-disposables.com\/wp-content\/uploads\/3134139_Visuel_Disposable-Mini-brusches_RVB.jpg\",\"width\":2000,\"height\":2000,\"caption\":\"[#Beginning of Shooting Data Section] Nikon D2X 2005\/12\/02 12:37:50.3 Compress\u00c8es RAW (12 bits) Taille d'image: Grande (4288 x 2848) Objectif : 105mm F\/2.8 D Focale : 105mm Mode d'exposition : Priorit\u00c8 ouverture Mode de mesure : Multizones 1\/15 seconde(s) - F\/22 Correction d'exposition : +0.7 IL Sensibilit\u00c8 : ISO 100 Optim. image : Balance des blancs : Temp. de couleurs (2950 K) Mode de AF : AF-S Mode synchro flash: Non joint Mode couleur : Mode III (sRVB) Correction des tons: Normale R\u00c8glage des teintes : 0\u221e Saturation : Normale Nettet\u00c8 Image : Normale Commentaire de l'image R\u00c8duction du bruit : D\u00c8sactiv\u00c8e R\u00c8duc. bruit ISO : D\u00c8sactiv\u00c8e [#End of Shooting Data Section]\"},{\"@type\":\"BreadcrumbList\",\"@id\":\"https:\/\/www.medibase-disposables.com\/en\/products\/brushes-2\/#breadcrumb\",\"itemListElement\":[{\"@type\":\"ListItem\",\"position\":1,\"name\":\"Accueil\",\"item\":\"https:\/\/www.medibase-disposables.com\/en\/\"},{\"@type\":\"ListItem\",\"position\":2,\"name\":\"Products\",\"item\":\"https:\/\/www.medibase-disposables.com\/en\/products\/\"},{\"@type\":\"ListItem\",\"position\":3,\"name\":\"Mini Brushes\"}]},{\"@type\":\"WebSite\",\"@id\":\"https:\/\/www.medibase-disposables.com\/en\/#website\",\"url\":\"https:\/\/www.medibase-disposables.com\/en\/\",\"name\":\"Medibase\",\"description\":\"Your everyday essentials\",\"publisher\":{\"@id\":\"https:\/\/www.medibase-disposables.com\/en\/#organization\"},\"potentialAction\":[{\"@type\":\"SearchAction\",\"target\":{\"@type\":\"EntryPoint\",\"urlTemplate\":\"https:\/\/www.medibase-disposables.com\/en\/?s={search_term_string}\"},\"query-input\":\"required name=search_term_string\"}],\"inLanguage\":\"en-US\"},{\"@type\":\"Organization\",\"@id\":\"https:\/\/www.medibase-disposables.com\/en\/#organization\",\"name\":\"MEDIBASE\",\"url\":\"https:\/\/www.medibase-disposables.com\/en\/\",\"logo\":{\"@type\":\"ImageObject\",\"inLanguage\":\"en-US\",\"@id\":\"https:\/\/www.medibase-disposables.com\/en\/#\/schema\/logo\/image\/\",\"url\":\"https:\/\/www.medibase-disposables.com\/wp-content\/uploads\/logo@2x.png\",\"contentUrl\":\"https:\/\/www.medibase-disposables.com\/wp-content\/uploads\/logo@2x.png\",\"width\":501,\"height\":501,\"caption\":\"MEDIBASE\"},\"image\":{\"@id\":\"https:\/\/www.medibase-disposables.com\/en\/#\/schema\/logo\/image\/\"}}]}<\/script>\n<!-- \/ Yoast SEO plugin. -->","yoast_head_json":{"title":"Mini Brushes - Medibase","robots":{"index":"index","follow":"follow","max-snippet":"max-snippet:-1","max-image-preview":"max-image-preview:large","max-video-preview":"max-video-preview:-1"},"canonical":"https:\/\/www.medibase-disposables.com\/en\/products\/brushes-2\/","og_locale":"en_US","og_type":"article","og_title":"Mini Brushes - Medibase","og_description":"Characteristics: - Regular\u00a0fibres for perfect application. - Length: 105 mm. - Flexible for easy access to all possible application zones. - Economical: the brushes' high precision reduces the amount of solution to be used.  Class: I.  Manufacturer: NOVOBRUSH.","og_url":"https:\/\/www.medibase-disposables.com\/en\/products\/brushes-2\/","og_site_name":"Medibase","article_modified_time":"2025-08-12T14:10:17+00:00","og_image":[{"width":2000,"height":2000,"url":"http:\/\/www.medibase-disposables.com\/wp-content\/uploads\/3134139_Visuel_Disposable-Mini-brusches_RVB.jpg","type":"image\/jpeg"}],"twitter_card":"summary_large_image","twitter_misc":{"Est. reading time":"1 minute"},"schema":{"@context":"https:\/\/schema.org","@graph":[{"@type":"WebPage","@id":"https:\/\/www.medibase-disposables.com\/en\/products\/brushes-2\/","url":"https:\/\/www.medibase-disposables.com\/en\/products\/brushes-2\/","name":"Mini Brushes - Medibase","isPartOf":{"@id":"https:\/\/www.medibase-disposables.com\/en\/#website"},"primaryImageOfPage":{"@id":"https:\/\/www.medibase-disposables.com\/en\/products\/brushes-2\/#primaryimage"},"image":{"@id":"https:\/\/www.medibase-disposables.com\/en\/products\/brushes-2\/#primaryimage"},"thumbnailUrl":"https:\/\/www.medibase-disposables.com\/wp-content\/uploads\/3134139_Visuel_Disposable-Mini-brusches_RVB.jpg","datePublished":"2018-07-30T12:23:20+00:00","dateModified":"2025-08-12T14:10:17+00:00","breadcrumb":{"@id":"https:\/\/www.medibase-disposables.com\/en\/products\/brushes-2\/#breadcrumb"},"inLanguage":"en-US","potentialAction":[{"@type":"ReadAction","target":["https:\/\/www.medibase-disposables.com\/en\/products\/brushes-2\/"]}]},{"@type":"ImageObject","inLanguage":"en-US","@id":"https:\/\/www.medibase-disposables.com\/en\/products\/brushes-2\/#primaryimage","url":"https:\/\/www.medibase-disposables.com\/wp-content\/uploads\/3134139_Visuel_Disposable-Mini-brusches_RVB.jpg","contentUrl":"https:\/\/www.medibase-disposables.com\/wp-content\/uploads\/3134139_Visuel_Disposable-Mini-brusches_RVB.jpg","width":2000,"height":2000,"caption":"[#Beginning of Shooting Data Section] Nikon D2X 2005\/12\/02 12:37:50.3 Compress\u00c8es RAW (12 bits) Taille d'image: Grande (4288 x 2848) Objectif : 105mm F\/2.8 D Focale : 105mm Mode d'exposition : Priorit\u00c8 ouverture Mode de mesure : Multizones 1\/15 seconde(s) - F\/22 Correction d'exposition : +0.7 IL Sensibilit\u00c8 : ISO 100 Optim. image : Balance des blancs : Temp. de couleurs (2950 K) Mode de AF : AF-S Mode synchro flash: Non joint Mode couleur : Mode III (sRVB) Correction des tons: Normale R\u00c8glage des teintes : 0\u221e Saturation : Normale Nettet\u00c8 Image : Normale Commentaire de l'image R\u00c8duction du bruit : D\u00c8sactiv\u00c8e R\u00c8duc. bruit ISO : D\u00c8sactiv\u00c8e [#End of Shooting Data Section]"},{"@type":"BreadcrumbList","@id":"https:\/\/www.medibase-disposables.com\/en\/products\/brushes-2\/#breadcrumb","itemListElement":[{"@type":"ListItem","position":1,"name":"Accueil","item":"https:\/\/www.medibase-disposables.com\/en\/"},{"@type":"ListItem","position":2,"name":"Products","item":"https:\/\/www.medibase-disposables.com\/en\/products\/"},{"@type":"ListItem","position":3,"name":"Mini Brushes"}]},{"@type":"WebSite","@id":"https:\/\/www.medibase-disposables.com\/en\/#website","url":"https:\/\/www.medibase-disposables.com\/en\/","name":"Medibase","description":"Your everyday essentials","publisher":{"@id":"https:\/\/www.medibase-disposables.com\/en\/#organization"},"potentialAction":[{"@type":"SearchAction","target":{"@type":"EntryPoint","urlTemplate":"https:\/\/www.medibase-disposables.com\/en\/?s={search_term_string}"},"query-input":"required name=search_term_string"}],"inLanguage":"en-US"},{"@type":"Organization","@id":"https:\/\/www.medibase-disposables.com\/en\/#organization","name":"MEDIBASE","url":"https:\/\/www.medibase-disposables.com\/en\/","logo":{"@type":"ImageObject","inLanguage":"en-US","@id":"https:\/\/www.medibase-disposables.com\/en\/#\/schema\/logo\/image\/","url":"https:\/\/www.medibase-disposables.com\/wp-content\/uploads\/logo@2x.png","contentUrl":"https:\/\/www.medibase-disposables.com\/wp-content\/uploads\/logo@2x.png","width":501,"height":501,"caption":"MEDIBASE"},"image":{"@id":"https:\/\/www.medibase-disposables.com\/en\/#\/schema\/logo\/image\/"}}]}},"_links":{"self":[{"href":"https:\/\/www.medibase-disposables.com\/en\/wp-json\/wp\/v2\/product\/650"}],"collection":[{"href":"https:\/\/www.medibase-disposables.com\/en\/wp-json\/wp\/v2\/product"}],"about":[{"href":"https:\/\/www.medibase-disposables.com\/en\/wp-json\/wp\/v2\/types\/product"}],"wp:featuredmedia":[{"embeddable":true,"href":"https:\/\/www.medibase-disposables.com\/en\/wp-json\/wp\/v2\/media\/7001"}],"wp:attachment":[{"href":"https:\/\/www.medibase-disposables.com\/en\/wp-json\/wp\/v2\/media?parent=650"}],"wp:term":[{"taxonomy":"product_cat","embeddable":true,"href":"https:\/\/www.medibase-disposables.com\/en\/wp-json\/wp\/v2\/product_cat?post=650"},{"taxonomy":"product_tag","embeddable":true,"href":"https:\/\/www.medibase-disposables.com\/en\/wp-json\/wp\/v2\/product_tag?post=650"}],"curies":[{"name":"wp","href":"https:\/\/api.w.org\/{rel}","templated":true}]}}