{"id":3772,"date":"2020-11-14T11:33:11","date_gmt":"2020-11-14T10:33:11","guid":{"rendered":"https:\/\/www.medibase-disposables.com\/?page_id=3772"},"modified":"2020-11-14T11:33:12","modified_gmt":"2020-11-14T10:33:12","slug":"mapa-del-sitio","status":"publish","type":"page","link":"https:\/\/www.medibase-disposables.com\/es\/mapa-del-sitio\/","title":{"rendered":"Mapa del sitio"},"content":{"rendered":"<div id=\"header\">\n<div id=\"banner\">\n<div id=\"chemin\">Home &gt; Mapa del sitio<\/div>\n<h2>Mapa del sitio<\/h2>\n<\/div>\n<\/div>\n<div class=\"contenu\">\n<div id=\"wp-realtime-sitemap-pages\"><h3>Pages<\/h3><ul><li class=\"page_item page-item-4787\"><a href=\"https:\/\/www.medibase-disposables.com\/es\/\">Inicio<\/a><\/li>\n<li class=\"page_item page-item-3764\"><a href=\"https:\/\/www.medibase-disposables.com\/es\/productos\/\">Productos<\/a><\/li>\n<li class=\"page_item page-item-4796\"><a href=\"https:\/\/www.medibase-disposables.com\/es\/catalogo\/\">Cat\u00e1logo<\/a><\/li>\n<li class=\"page_item page-item-4798\"><a href=\"https:\/\/www.medibase-disposables.com\/es\/la-marca\/\">Marca<\/a><\/li>\n<li class=\"page_item page-item-3766\"><a href=\"https:\/\/www.medibase-disposables.com\/es\/distribuidores\/\">Distribuidores<\/a><\/li>\n<li class=\"page_item page-item-3768\"><a href=\"https:\/\/www.medibase-disposables.com\/es\/contacto\/\">Contacto<\/a><\/li>\n<li class=\"page_item page-item-4800\"><a href=\"https:\/\/www.medibase-disposables.com\/es\/informacion-legal\/\">Informaci\u00f3n legal<\/a><\/li>\n<li class=\"page_item page-item-3772\"><a href=\"https:\/\/www.medibase-disposables.com\/es\/mapa-del-sitio\/\">Mapa del sitio<\/a><\/li>\n<\/ul><\/div><div id=\"wp-realtime-sitemap-posts\"><h3>Noticias<\/h3><ul><li><a href=\"https:\/\/www.medibase-disposables.com\/es\/nuevo-sitio-web\/\" title=\"Enlace permanenta a Nuevo sitio web\" rel=\"bookmark\">Nuevo sitio web<\/a><\/li><\/ul><\/div><div id=\"wp-realtime-sitemap-product\"><h3>Productos<\/h3><ul><li><a href=\"https:\/\/www.medibase-disposables.com\/es\/productos\/bolsas-de-esterilizacion\/\" title=\"Enlace permanenta a Bolsas de esterilizaci\u00f3n\" rel=\"bookmark\">Bolsas de esterilizaci\u00f3n<\/a><\/li><li><a href=\"https:\/\/www.medibase-disposables.com\/es\/productos\/rollos-de-algodon\/\" title=\"Enlace permanenta a Rollos de algod\u00f3n\" rel=\"bookmark\">Rollos de algod\u00f3n<\/a><\/li><li><a href=\"https:\/\/www.medibase-disposables.com\/es\/productos\/gasas-no-esteriles\/\" title=\"Enlace permanenta a Gasas no est\u00e9riles\" rel=\"bookmark\">Gasas no est\u00e9riles<\/a><\/li><li><a href=\"https:\/\/www.medibase-disposables.com\/es\/productos\/gasas-no-tejidas-no-esteriles\/\" title=\"Enlace permanenta a Gasas no tejidas, no est\u00e9riles\" rel=\"bookmark\">Gasas no tejidas, no est\u00e9riles<\/a><\/li><li><a href=\"https:\/\/www.medibase-disposables.com\/es\/productos\/gasas-esteriles-de-algodon-hidrofilo\/\" title=\"Enlace permanenta a Gasas est\u00e9riles de algod\u00f3n hidr\u00f3filo\" rel=\"bookmark\">Gasas est\u00e9riles de algod\u00f3n hidr\u00f3filo<\/a><\/li><li><a href=\"https:\/\/www.medibase-disposables.com\/es\/productos\/gasas-esteriles-no-tejidas\/\" title=\"Enlace permanenta a Gasas est\u00e9riles no tejidas\" rel=\"bookmark\">Gasas est\u00e9riles no tejidas<\/a><\/li><li><a href=\"https:\/\/www.medibase-disposables.com\/es\/productos\/blocks-de-mezcla-en-papel\/\" title=\"Enlace permanenta a Blocks de mezcla en papel\" rel=\"bookmark\">Blocks de mezcla en papel<\/a><\/li><li><a href=\"https:\/\/www.medibase-disposables.com\/es\/productos\/blocks-de-mezcla-pvc\/\" title=\"Enlace permanenta a Blocks de mezcla PVC\" rel=\"bookmark\">Blocks de mezcla PVC<\/a><\/li><li><a href=\"https:\/\/www.medibase-disposables.com\/es\/productos\/agujas-esteriles-2\/\" title=\"Enlace permanenta a Agujas est\u00e9riles\" rel=\"bookmark\">Agujas est\u00e9riles<\/a><\/li><li><a href=\"https:\/\/www.medibase-disposables.com\/es\/productos\/servilletas-de-papel\/\" title=\"Enlace permanenta a Servilletas de papel\" rel=\"bookmark\">Servilletas de papel<\/a><\/li><li><a href=\"https:\/\/www.medibase-disposables.com\/es\/productos\/funda-de-cabezales\/\" title=\"Enlace permanenta a Fundas de cabezal en polietileno \/ celulosa\" rel=\"bookmark\">Fundas de cabezal en polietileno \/ celulosa<\/a><\/li><li><a href=\"https:\/\/www.medibase-disposables.com\/es\/productos\/fundas-de-cabezal-de-papel\/\" title=\"Enlace permanenta a Fundas de cabezal de papel\" rel=\"bookmark\">Fundas de cabezal de papel<\/a><\/li><li><a href=\"https:\/\/www.medibase-disposables.com\/es\/productos\/fundas-de-cabezal-de-polipropileno\/\" title=\"Enlace permanenta a Fundas de cabezal de polipropileno\" rel=\"bookmark\">Fundas de cabezal de polipropileno<\/a><\/li><li><a href=\"https:\/\/www.medibase-disposables.com\/es\/productos\/abre-bocas\/\" title=\"Enlace permanenta a Abre-bocas\" rel=\"bookmark\">Abre-bocas<\/a><\/li><li><a href=\"https:\/\/www.medibase-disposables.com\/es\/productos\/cubetas-de-plastico\/\" title=\"Enlace permanenta a Cubetas de pl\u00e1stico\" rel=\"bookmark\">Cubetas de pl\u00e1stico<\/a><\/li><li><a href=\"https:\/\/www.medibase-disposables.com\/es\/productos\/micro-aplicadores\/\" title=\"Enlace permanenta a Micro-aplicadores\" rel=\"bookmark\">Micro-aplicadores<\/a><\/li><li><a href=\"https:\/\/www.medibase-disposables.com\/es\/productos\/bisturis-esteriles\/\" title=\"Enlace permanenta a Bistur\u00eds est\u00e9riles\" rel=\"bookmark\">Bistur\u00eds est\u00e9riles<\/a><\/li><li><a href=\"https:\/\/www.medibase-disposables.com\/es\/productos\/bolsas-termicas-de-frio\/\" title=\"Enlace permanenta a Bolsas t\u00e9rmicas de fr\u00edo\" rel=\"bookmark\">Bolsas t\u00e9rmicas de fr\u00edo<\/a><\/li><li><a href=\"https:\/\/www.medibase-disposables.com\/es\/productos\/eyectores-de-saliva-extraibles\/\" title=\"Enlace permanenta a Eyectores de saliva extra\u00edbles\" rel=\"bookmark\">Eyectores de saliva extra\u00edbles<\/a><\/li><li><a href=\"https:\/\/www.medibase-disposables.com\/es\/productos\/brochas\/\" title=\"Enlace permanenta a Brochas\" rel=\"bookmark\">Brochas<\/a><\/li><li><a href=\"https:\/\/www.medibase-disposables.com\/es\/productos\/bandejas-lisas\/\" title=\"Enlace permanenta a Bandejas lisas\" rel=\"bookmark\">Bandejas lisas<\/a><\/li><li><a href=\"https:\/\/www.medibase-disposables.com\/es\/productos\/bandejas-unitrays\/\" title=\"Enlace permanenta a Bandejas Unitrays\" rel=\"bookmark\">Bandejas Unitrays<\/a><\/li><li><a href=\"https:\/\/www.medibase-disposables.com\/es\/productos\/mini-pinceles\/\" title=\"Enlace permanenta a Mini-pinceles\" rel=\"bookmark\">Mini-pinceles<\/a><\/li><li><a href=\"https:\/\/www.medibase-disposables.com\/es\/productos\/brochitas-para-pinceles\/\" title=\"Enlace permanenta a Brochitas para pinceles\" rel=\"bookmark\">Brochitas para pinceles<\/a><\/li><li><a href=\"https:\/\/www.medibase-disposables.com\/es\/productos\/espejos-de-uso-unico\/\" title=\"Enlace permanenta a Espejos de uso \u00fanico\" rel=\"bookmark\">Espejos de uso \u00fanico<\/a><\/li><li><a href=\"https:\/\/www.medibase-disposables.com\/es\/productos\/pipetas-de-plastico\/\" title=\"Enlace permanenta a Pipetas de pl\u00e1stico\" rel=\"bookmark\">Pipetas de pl\u00e1stico<\/a><\/li><li><a href=\"https:\/\/www.medibase-disposables.com\/es\/productos\/espatulas-de-mezcla\/\" title=\"Enlace permanenta a Esp\u00e1tulas de mezcla\" rel=\"bookmark\">Esp\u00e1tulas de mezcla<\/a><\/li><li><a href=\"https:\/\/www.medibase-disposables.com\/es\/productos\/baberos-de-polietileno\/\" title=\"Enlace permanenta a Baberos de papel y polietileno\" rel=\"bookmark\">Baberos de papel y polietileno<\/a><\/li><li><a href=\"https:\/\/www.medibase-disposables.com\/es\/productos\/protecciones-para-bandejas\/\" title=\"Enlace permanenta a Protecciones para bandejas\" rel=\"bookmark\">Protecciones para bandejas<\/a><\/li><li><a href=\"https:\/\/www.medibase-disposables.com\/es\/productos\/baberos-de-polietileno-impermeables\/\" title=\"Enlace permanenta a Baberos de polietileno impermeables\" rel=\"bookmark\">Baberos de polietileno impermeables<\/a><\/li><li><a href=\"https:\/\/www.medibase-disposables.com\/es\/productos\/retractores\/\" title=\"Enlace permanenta a Retractores\" rel=\"bookmark\">Retractores<\/a><\/li><li><a href=\"https:\/\/www.medibase-disposables.com\/es\/productos\/protector-captador\/\" title=\"Enlace permanenta a Protector captador\" rel=\"bookmark\">Protector captador<\/a><\/li><li><a href=\"https:\/\/www.medibase-disposables.com\/es\/productos\/fichas-porta-radiografias\/\" title=\"Enlace permanenta a Fichas porta-radiograf\u00edas\" rel=\"bookmark\">Fichas porta-radiograf\u00edas<\/a><\/li><li><a href=\"https:\/\/www.medibase-disposables.com\/es\/productos\/fundas-de-proteccion\/\" title=\"Enlace permanenta a Fundas de Protecci\u00f3n\" rel=\"bookmark\">Fundas de Protecci\u00f3n<\/a><\/li><li><a href=\"https:\/\/www.medibase-disposables.com\/es\/productos\/fresa-de-diamante-para-turbina-bola\/\" title=\"Enlace permanenta a Fresa de diamante para turbina, bola\" rel=\"bookmark\">Fresa de diamante para turbina, bola<\/a><\/li><li><a href=\"https:\/\/www.medibase-disposables.com\/es\/productos\/fresa-diam-turbina-conica-ext-redondo-y-plano\/\" title=\"Enlace permanenta a Fresa Diam. Turbina: C\u00f3nica Ext. Redondo y Plano\" rel=\"bookmark\">Fresa Diam. Turbina: C\u00f3nica Ext. Redondo y Plano<\/a><\/li><li><a href=\"https:\/\/www.medibase-disposables.com\/es\/productos\/fresas-de-diamante-para-turbina-cilindricas-con-extremo-plano\/\" title=\"Enlace permanenta a Fresas de diamante para turbina cil\u00edndricas con extremo plano\" rel=\"bookmark\">Fresas de diamante para turbina cil\u00edndricas con extremo plano<\/a><\/li><li><a href=\"https:\/\/www.medibase-disposables.com\/es\/productos\/fresa-de-diamante-para-turbina-llama-y-conica-a-extremo-puntiagudo\/\" title=\"Enlace permanenta a Fresa de diamante para turbina, Llama y c\u00f3nica a extremo puntiagudo\" rel=\"bookmark\">Fresa de diamante para turbina, Llama y c\u00f3nica a extremo puntiagudo<\/a><\/li><li><a href=\"https:\/\/www.medibase-disposables.com\/es\/productos\/fresas-diamante-turbina-formas-particulares\/\" title=\"Enlace permanenta a Fresas Diamante Turbina: Formas particulares\" rel=\"bookmark\">Fresas Diamante Turbina: Formas particulares<\/a><\/li><li><a href=\"https:\/\/www.medibase-disposables.com\/es\/productos\/copas-de-pulir\/\" title=\"Enlace permanenta a Copas de pulir\" rel=\"bookmark\">Copas de pulir<\/a><\/li><li><a href=\"https:\/\/www.medibase-disposables.com\/es\/productos\/agujas-esteriles\/\" title=\"Enlace permanenta a Agujas endod\u00f3nticas est\u00e9riles\" rel=\"bookmark\">Agujas endod\u00f3nticas est\u00e9riles<\/a><\/li><li><a href=\"https:\/\/www.medibase-disposables.com\/es\/productos\/fresa-diamante\/\" title=\"Enlace permanenta a Fresa diamante\" rel=\"bookmark\">Fresa diamante<\/a><\/li><li><a href=\"https:\/\/www.medibase-disposables.com\/es\/productos\/jeringas-luer-lock\/\" title=\"Enlace permanenta a Jeringas luer lock\" rel=\"bookmark\">Jeringas luer lock<\/a><\/li><li><a href=\"https:\/\/www.medibase-disposables.com\/es\/productos\/servilletas-plastificadas\/\" title=\"Enlace permanenta a Servilletas plastificadas\" rel=\"bookmark\">Servilletas plastificadas<\/a><\/li><li><a href=\"https:\/\/www.medibase-disposables.com\/es\/productos\/bobina-secamanos\/\" title=\"Enlace permanenta a Bobina secamanos\" rel=\"bookmark\">Bobina secamanos<\/a><\/li><li><a href=\"https:\/\/www.medibase-disposables.com\/es\/productos\/toallas-secamanos\/\" title=\"Enlace permanenta a Toallas secamanos\" rel=\"bookmark\">Toallas secamanos<\/a><\/li><li><a href=\"https:\/\/www.medibase-disposables.com\/es\/productos\/guantes-de-vinilo-sin-polvo\/\" title=\"Enlace permanenta a Guantes de vinilo sin polvo\" rel=\"bookmark\">Guantes de vinilo sin polvo<\/a><\/li><li><a href=\"https:\/\/www.medibase-disposables.com\/es\/productos\/rollo-de-esterilizacion\/\" title=\"Enlace permanenta a Rollo de esterilizaci\u00f3n\" rel=\"bookmark\">Rollo de esterilizaci\u00f3n<\/a><\/li><li><a href=\"https:\/\/www.medibase-disposables.com\/es\/productos\/toallitas-desinfectantes\/\" title=\"Enlace permanenta a Toallitas desinfectantes\" rel=\"bookmark\">Toallitas desinfectantes<\/a><\/li><li><a href=\"https:\/\/www.medibase-disposables.com\/es\/productos\/guantes-de-latex-empolvados\/\" title=\"Enlace permanenta a Guantes de l\u00e1tex empolvados\" rel=\"bookmark\">Guantes de l\u00e1tex empolvados<\/a><\/li><li><a href=\"https:\/\/www.medibase-disposables.com\/es\/productos\/cepillos-de-dientes-desechables-impregnados\/\" title=\"Enlace permanenta a Cepillos de dientes desechables impregnados\" rel=\"bookmark\">Cepillos de dientes desechables impregnados<\/a><\/li><li><a href=\"https:\/\/www.medibase-disposables.com\/es\/productos\/guantes-de-latex-sin-polvo-sensi\/\" title=\"Enlace permanenta a Guantes de latex sin polvo &#8211; SENSI+\" rel=\"bookmark\">Guantes de latex sin polvo &#8211; SENSI+<\/a><\/li><li><a href=\"https:\/\/www.medibase-disposables.com\/es\/productos\/puntas-de-mezcla-100-uds\/\" title=\"Enlace permanenta a Puntas de mezcla y intraorales\" rel=\"bookmark\">Puntas de mezcla y intraorales<\/a><\/li><li><a href=\"https:\/\/www.medibase-disposables.com\/es\/productos\/guantes-de-nitrilo-sin-polvo-azul\/\" title=\"Enlace permanenta a Guantes de nitrilo sin polvo azul\" rel=\"bookmark\">Guantes de nitrilo sin polvo azul<\/a><\/li><li><a href=\"https:\/\/www.medibase-disposables.com\/es\/productos\/guantes-de-nitrilo-sin-polvo-rosa\/\" title=\"Enlace permanenta a Guantes de nitrilo sin polvo rosa\" rel=\"bookmark\">Guantes de nitrilo sin polvo rosa<\/a><\/li><li><a href=\"https:\/\/www.medibase-disposables.com\/es\/productos\/guantes-de-nitrilo-sin-polvo-lavanda\/\" title=\"Enlace permanenta a Guantes de nitrilo sin polvo Lavanda\" rel=\"bookmark\">Guantes de nitrilo sin polvo Lavanda<\/a><\/li><li><a href=\"https:\/\/www.medibase-disposables.com\/es\/productos\/guantes-de-nitrilo-sin-polvo-blanco\/\" title=\"Enlace permanenta a Guantes de nitrilo sin polvo blanco\" rel=\"bookmark\">Guantes de nitrilo sin polvo blanco<\/a><\/li><li><a href=\"https:\/\/www.medibase-disposables.com\/es\/productos\/guantes-de-nitrilo-sin-polvo-verde\/\" title=\"Enlace permanenta a Guantes de nitrilo sin polvo verde\" rel=\"bookmark\">Guantes de nitrilo sin polvo verde<\/a><\/li><li><a href=\"https:\/\/www.medibase-disposables.com\/es\/productos\/bandejas-de-colores-desechables\/\" title=\"Enlace permanenta a Bandejas de colores desechables\" rel=\"bookmark\">Bandejas de colores desechables<\/a><\/li><li><a href=\"https:\/\/www.medibase-disposables.com\/es\/productos\/vasos-de-papel-reciclables\/\" title=\"Enlace permanenta a Vasos de papel reciclables\" rel=\"bookmark\">Vasos de papel reciclables<\/a><\/li><li><a href=\"https:\/\/www.medibase-disposables.com\/es\/productos\/delantales\/\" title=\"Enlace permanenta a Baberos largos\" rel=\"bookmark\">Baberos largos<\/a><\/li><li><a href=\"https:\/\/www.medibase-disposables.com\/es\/productos\/cubetas-supratrays-2\/\" title=\"Enlace permanenta a Cubetas SUPRATRAYS\" rel=\"bookmark\">Cubetas SUPRATRAYS<\/a><\/li><li><a href=\"https:\/\/www.medibase-disposables.com\/es\/productos\/guantes-de-latex-sin-polvo-soft-2\/\" title=\"Enlace permanenta a Guantes de l\u00e1tex sin polvo &#8211; SOFT\" rel=\"bookmark\">Guantes de l\u00e1tex sin polvo &#8211; SOFT<\/a><\/li><li><a href=\"https:\/\/www.medibase-disposables.com\/es\/productos\/surchaussures-2\/\" title=\"Enlace permanenta a Surchaussures\" rel=\"bookmark\">Surchaussures<\/a><\/li><li><a href=\"https:\/\/www.medibase-disposables.com\/es\/productos\/protector-captador-2\/\" title=\"Enlace permanenta a Fundas para LED\" rel=\"bookmark\">Fundas para LED<\/a><\/li><li><a href=\"https:\/\/www.medibase-disposables.com\/es\/productos\/canulas-de-aspiracion-esteriles-quirurgicas\/\" title=\"Enlace permanenta a Canulas de aspiraci\u00f3n est\u00e9riles quir\u00fargicas\" rel=\"bookmark\">Canulas de aspiraci\u00f3n est\u00e9riles quir\u00fargicas<\/a><\/li><li><a href=\"https:\/\/www.medibase-disposables.com\/es\/productos\/canules-daspiration-sterile-chirurgicale\/\" title=\"Enlace permanenta a C\u00e1nulas de aspiraci\u00f3n quir\u00fargicas est\u00e9riles\" rel=\"bookmark\">C\u00e1nulas de aspiraci\u00f3n quir\u00fargicas est\u00e9riles<\/a><\/li><li><a href=\"https:\/\/www.medibase-disposables.com\/es\/productos\/gobelets-100-papier\/\" title=\"Enlace permanenta a Vasos 100% de papel\" rel=\"bookmark\">Vasos 100% de papel<\/a><\/li><li><a href=\"https:\/\/www.medibase-disposables.com\/es\/productos\/batas-aislantes-40g-m2\/\" title=\"Enlace permanenta a Batas aislantes 40G\/M2\" rel=\"bookmark\">Batas aislantes 40G\/M2<\/a><\/li><li><a href=\"https:\/\/www.medibase-disposables.com\/es\/productos\/cofia-2\/\" title=\"Enlace permanenta a Cofia\" rel=\"bookmark\">Cofia<\/a><\/li><li><a href=\"https:\/\/www.medibase-disposables.com\/es\/productos\/guantes-de-nitrilo-sin-polvo-negro\/\" title=\"Enlace permanenta a Guantes de nitrilo sin polvo &#8211; Negro\" rel=\"bookmark\">Guantes de nitrilo sin polvo &#8211; Negro<\/a><\/li><li><a href=\"https:\/\/www.medibase-disposables.com\/es\/productos\/cunas-de-latex-sin-polvo-para-los-dedos\/\" title=\"Enlace permanenta a Dedales de l\u00e1tex sin polvo\" rel=\"bookmark\">Dedales de l\u00e1tex sin polvo<\/a><\/li><li><a href=\"https:\/\/www.medibase-disposables.com\/es\/productos\/spray-refrigerante\/\" title=\"Enlace permanenta a Spray refrigerante\" rel=\"bookmark\">Spray refrigerante<\/a><\/li><li><a href=\"https:\/\/www.medibase-disposables.com\/es\/productos\/mascarillas-con-cintas-2\/\" title=\"Enlace permanenta a Mascarillas con cintas &#8211; Promask\" rel=\"bookmark\">Mascarillas con cintas &#8211; Promask<\/a><\/li><li><a href=\"https:\/\/www.medibase-disposables.com\/es\/productos\/mascarillas-con-elasticos-2\/\" title=\"Enlace permanenta a Mascarillas con elasticos &#8211; Promask\" rel=\"bookmark\">Mascarillas con elasticos &#8211; Promask<\/a><\/li><li><a href=\"https:\/\/www.medibase-disposables.com\/es\/productos\/fundas-de-mordida-para-panoramicos\/\" title=\"Enlace permanenta a FUNDAS DE MORDIDA PARA PANOR\u00c1MICOS\" rel=\"bookmark\">FUNDAS DE MORDIDA PARA PANOR\u00c1MICOS<\/a><\/li><li><a href=\"https:\/\/www.medibase-disposables.com\/es\/productos\/hojas-de-examen-de-papel-plastificado\/\" title=\"Enlace permanenta a Rollos de papel plastificado\" rel=\"bookmark\">Rollos de papel plastificado<\/a><\/li><li><a href=\"https:\/\/www.medibase-disposables.com\/es\/productos\/hojas-de-examen-en-papel\/\" title=\"Enlace permanenta a Rollos de papel\" rel=\"bookmark\">Rollos de papel<\/a><\/li><li><a href=\"https:\/\/www.medibase-disposables.com\/es\/productos\/toallitas-limpiadoras-y-desinfectantes\/\" title=\"Enlace permanenta a Toallitas limpiadoras y desinfectantes\" rel=\"bookmark\">Toallitas limpiadoras y desinfectantes<\/a><\/li><li><a href=\"https:\/\/www.medibase-disposables.com\/es\/productos\/guantes-de-examen-de-latex-sin-polvo-aloe-vera\/\" title=\"Enlace permanenta a Guantes De Examen De L\u00e1tex Sin Polvo Aloe Vera\" rel=\"bookmark\">Guantes De Examen De L\u00e1tex Sin Polvo Aloe Vera<\/a><\/li><li><a href=\"https:\/\/www.medibase-disposables.com\/es\/productos\/batonnets-adhesifs\/\" title=\"Enlace permanenta a Palillos adesivos\" rel=\"bookmark\">Palillos adesivos<\/a><\/li><\/ul><\/div>\n<\/div>\n","protected":false},"excerpt":{"rendered":"<p>Home &gt; Mapa del sitio Mapa del sitio<\/p>\n","protected":false},"author":1,"featured_media":0,"parent":0,"menu_order":10,"comment_status":"closed","ping_status":"closed","template":"","meta":{"_acf_changed":false,"footnotes":""},"acf":[],"yoast_head":"<!-- This site is optimized with the Yoast SEO plugin v22.3 - https:\/\/yoast.com\/wordpress\/plugins\/seo\/ -->\n<title>Mapa del sitio - Medibase<\/title>\n<meta name=\"robots\" content=\"index, follow, max-snippet:-1, max-image-preview:large, max-video-preview:-1\" \/>\n<link rel=\"canonical\" href=\"https:\/\/www.medibase-disposables.com\/es\/mapa-del-sitio\/\" \/>\n<meta property=\"og:locale\" content=\"es_ES\" \/>\n<meta property=\"og:type\" content=\"article\" \/>\n<meta property=\"og:title\" content=\"Mapa del sitio - Medibase\" \/>\n<meta property=\"og:description\" content=\"Home &gt; Mapa del sitio Mapa del sitio\" \/>\n<meta property=\"og:url\" content=\"https:\/\/www.medibase-disposables.com\/es\/mapa-del-sitio\/\" \/>\n<meta property=\"og:site_name\" content=\"Medibase\" \/>\n<meta property=\"article:modified_time\" content=\"2020-11-14T10:33:12+00:00\" \/>\n<meta name=\"twitter:card\" content=\"summary_large_image\" \/>\n<script type=\"application\/ld+json\" class=\"yoast-schema-graph\">{\"@context\":\"https:\/\/schema.org\",\"@graph\":[{\"@type\":\"WebPage\",\"@id\":\"https:\/\/www.medibase-disposables.com\/es\/mapa-del-sitio\/\",\"url\":\"https:\/\/www.medibase-disposables.com\/es\/mapa-del-sitio\/\",\"name\":\"Mapa del sitio - Medibase\",\"isPartOf\":{\"@id\":\"https:\/\/www.medibase-disposables.com\/es\/#website\"},\"datePublished\":\"2020-11-14T10:33:11+00:00\",\"dateModified\":\"2020-11-14T10:33:12+00:00\",\"breadcrumb\":{\"@id\":\"https:\/\/www.medibase-disposables.com\/es\/mapa-del-sitio\/#breadcrumb\"},\"inLanguage\":\"es\",\"potentialAction\":[{\"@type\":\"ReadAction\",\"target\":[\"https:\/\/www.medibase-disposables.com\/es\/mapa-del-sitio\/\"]}]},{\"@type\":\"BreadcrumbList\",\"@id\":\"https:\/\/www.medibase-disposables.com\/es\/mapa-del-sitio\/#breadcrumb\",\"itemListElement\":[{\"@type\":\"ListItem\",\"position\":1,\"name\":\"Accueil\",\"item\":\"https:\/\/www.medibase-disposables.com\/es\/\"},{\"@type\":\"ListItem\",\"position\":2,\"name\":\"Mapa del sitio\"}]},{\"@type\":\"WebSite\",\"@id\":\"https:\/\/www.medibase-disposables.com\/es\/#website\",\"url\":\"https:\/\/www.medibase-disposables.com\/es\/\",\"name\":\"Medibase\",\"description\":\"Your everyday essentials\",\"publisher\":{\"@id\":\"https:\/\/www.medibase-disposables.com\/es\/#organization\"},\"potentialAction\":[{\"@type\":\"SearchAction\",\"target\":{\"@type\":\"EntryPoint\",\"urlTemplate\":\"https:\/\/www.medibase-disposables.com\/es\/?s={search_term_string}\"},\"query-input\":\"required name=search_term_string\"}],\"inLanguage\":\"es\"},{\"@type\":\"Organization\",\"@id\":\"https:\/\/www.medibase-disposables.com\/es\/#organization\",\"name\":\"MEDIBASE\",\"url\":\"https:\/\/www.medibase-disposables.com\/es\/\",\"logo\":{\"@type\":\"ImageObject\",\"inLanguage\":\"es\",\"@id\":\"https:\/\/www.medibase-disposables.com\/es\/#\/schema\/logo\/image\/\",\"url\":\"https:\/\/www.medibase-disposables.com\/wp-content\/uploads\/logo@2x.png\",\"contentUrl\":\"https:\/\/www.medibase-disposables.com\/wp-content\/uploads\/logo@2x.png\",\"width\":501,\"height\":501,\"caption\":\"MEDIBASE\"},\"image\":{\"@id\":\"https:\/\/www.medibase-disposables.com\/es\/#\/schema\/logo\/image\/\"}}]}<\/script>\n<!-- \/ Yoast SEO plugin. -->","yoast_head_json":{"title":"Mapa del sitio - Medibase","robots":{"index":"index","follow":"follow","max-snippet":"max-snippet:-1","max-image-preview":"max-image-preview:large","max-video-preview":"max-video-preview:-1"},"canonical":"https:\/\/www.medibase-disposables.com\/es\/mapa-del-sitio\/","og_locale":"es_ES","og_type":"article","og_title":"Mapa del sitio - Medibase","og_description":"Home &gt; Mapa del sitio Mapa del sitio","og_url":"https:\/\/www.medibase-disposables.com\/es\/mapa-del-sitio\/","og_site_name":"Medibase","article_modified_time":"2020-11-14T10:33:12+00:00","twitter_card":"summary_large_image","schema":{"@context":"https:\/\/schema.org","@graph":[{"@type":"WebPage","@id":"https:\/\/www.medibase-disposables.com\/es\/mapa-del-sitio\/","url":"https:\/\/www.medibase-disposables.com\/es\/mapa-del-sitio\/","name":"Mapa del sitio - Medibase","isPartOf":{"@id":"https:\/\/www.medibase-disposables.com\/es\/#website"},"datePublished":"2020-11-14T10:33:11+00:00","dateModified":"2020-11-14T10:33:12+00:00","breadcrumb":{"@id":"https:\/\/www.medibase-disposables.com\/es\/mapa-del-sitio\/#breadcrumb"},"inLanguage":"es","potentialAction":[{"@type":"ReadAction","target":["https:\/\/www.medibase-disposables.com\/es\/mapa-del-sitio\/"]}]},{"@type":"BreadcrumbList","@id":"https:\/\/www.medibase-disposables.com\/es\/mapa-del-sitio\/#breadcrumb","itemListElement":[{"@type":"ListItem","position":1,"name":"Accueil","item":"https:\/\/www.medibase-disposables.com\/es\/"},{"@type":"ListItem","position":2,"name":"Mapa del sitio"}]},{"@type":"WebSite","@id":"https:\/\/www.medibase-disposables.com\/es\/#website","url":"https:\/\/www.medibase-disposables.com\/es\/","name":"Medibase","description":"Your everyday essentials","publisher":{"@id":"https:\/\/www.medibase-disposables.com\/es\/#organization"},"potentialAction":[{"@type":"SearchAction","target":{"@type":"EntryPoint","urlTemplate":"https:\/\/www.medibase-disposables.com\/es\/?s={search_term_string}"},"query-input":"required name=search_term_string"}],"inLanguage":"es"},{"@type":"Organization","@id":"https:\/\/www.medibase-disposables.com\/es\/#organization","name":"MEDIBASE","url":"https:\/\/www.medibase-disposables.com\/es\/","logo":{"@type":"ImageObject","inLanguage":"es","@id":"https:\/\/www.medibase-disposables.com\/es\/#\/schema\/logo\/image\/","url":"https:\/\/www.medibase-disposables.com\/wp-content\/uploads\/logo@2x.png","contentUrl":"https:\/\/www.medibase-disposables.com\/wp-content\/uploads\/logo@2x.png","width":501,"height":501,"caption":"MEDIBASE"},"image":{"@id":"https:\/\/www.medibase-disposables.com\/es\/#\/schema\/logo\/image\/"}}]}},"_links":{"self":[{"href":"https:\/\/www.medibase-disposables.com\/es\/wp-json\/wp\/v2\/pages\/3772"}],"collection":[{"href":"https:\/\/www.medibase-disposables.com\/es\/wp-json\/wp\/v2\/pages"}],"about":[{"href":"https:\/\/www.medibase-disposables.com\/es\/wp-json\/wp\/v2\/types\/page"}],"author":[{"embeddable":true,"href":"https:\/\/www.medibase-disposables.com\/es\/wp-json\/wp\/v2\/users\/1"}],"replies":[{"embeddable":true,"href":"https:\/\/www.medibase-disposables.com\/es\/wp-json\/wp\/v2\/comments?post=3772"}],"version-history":[{"count":1,"href":"https:\/\/www.medibase-disposables.com\/es\/wp-json\/wp\/v2\/pages\/3772\/revisions"}],"predecessor-version":[{"id":3773,"href":"https:\/\/www.medibase-disposables.com\/es\/wp-json\/wp\/v2\/pages\/3772\/revisions\/3773"}],"wp:attachment":[{"href":"https:\/\/www.medibase-disposables.com\/es\/wp-json\/wp\/v2\/media?parent=3772"}],"curies":[{"name":"wp","href":"https:\/\/api.w.org\/{rel}","templated":true}]}}