{"id":4798,"date":"2020-11-23T18:12:03","date_gmt":"2020-11-23T17:12:03","guid":{"rendered":"https:\/\/www.medibase-disposables.com\/?page_id=4798"},"modified":"2020-11-24T10:56:27","modified_gmt":"2020-11-24T09:56:27","slug":"la-marca","status":"publish","type":"page","link":"https:\/\/www.medibase-disposables.com\/es\/la-marca\/","title":{"rendered":"Marca"},"content":{"rendered":"<div id=\"header\">\n<div id=\"banner\">\n<div id=\"chemin\">Home &gt; La marca<\/div>\n<h2>La marca<\/h2>\n<\/div>\n<\/div>\n<div class=\"row marque\">\n<div class=\"w-12\">\n<div>\n<p><strong>MEDIBASE<\/strong> es tiene una gama completa de productos de un solo uso en el campo dental, desarrollada por CFPM, uno de los l\u00edderes mundiales en distribuci\u00f3n dental desde 1979. Su misi\u00f3n es hacer la vida m\u00e1s f\u00e1cil a los odont\u00f3logos y al mismo tiempo proporcionar comodidad en el trabajo y mayor seguridad a los pacientes.<\/p>\n<p><strong>MEDIBASE<\/strong> ha escogido tener la calidad al mejor precio. Todos los productos est\u00e1n sujetos a los m\u00e1s estrictos controles de fabricaci\u00f3n y est\u00e1n certificados por la CE.<\/p>\n<p>Elegir la distribuci\u00f3n los productos <strong>MEDIBASE<\/strong> en su pa\u00eds es para asegurarse de que se beneficia de los mejores precios y al mismo tiempo tenga la posibilidad de hacer un pedido seg\u00fan sus necesidades.<\/p>\n<\/div>\n<\/div>\n<\/div>\n","protected":false},"excerpt":{"rendered":"<p>Home &gt; La marca La marca MEDIBASE es tiene una gama completa de productos de un solo uso en el campo dental, desarrollada por CFPM, uno de los l\u00edderes mundiales en distribuci\u00f3n dental desde 1979. Su misi\u00f3n es hacer la vida m\u00e1s f\u00e1cil a los odont\u00f3logos y al mismo tiempo proporcionar comodidad en el trabajo [&hellip;]<\/p>\n","protected":false},"author":1,"featured_media":0,"parent":0,"menu_order":3,"comment_status":"closed","ping_status":"closed","template":"","meta":{"_acf_changed":false,"footnotes":""},"acf":[],"yoast_head":"<!-- This site is optimized with the Yoast SEO plugin v22.3 - https:\/\/yoast.com\/wordpress\/plugins\/seo\/ -->\n<title>Marca - Medibase<\/title>\n<meta name=\"robots\" content=\"index, follow, max-snippet:-1, max-image-preview:large, max-video-preview:-1\" \/>\n<link rel=\"canonical\" href=\"https:\/\/www.medibase-disposables.com\/es\/la-marca\/\" \/>\n<meta property=\"og:locale\" content=\"es_ES\" \/>\n<meta property=\"og:type\" content=\"article\" \/>\n<meta property=\"og:title\" content=\"Marca - Medibase\" \/>\n<meta property=\"og:description\" content=\"Home &gt; La marca La marca MEDIBASE es tiene una gama completa de productos de un solo uso en el campo dental, desarrollada por CFPM, uno de los l\u00edderes mundiales en distribuci\u00f3n dental desde 1979. Su misi\u00f3n es hacer la vida m\u00e1s f\u00e1cil a los odont\u00f3logos y al mismo tiempo proporcionar comodidad en el trabajo [&hellip;]\" \/>\n<meta property=\"og:url\" content=\"https:\/\/www.medibase-disposables.com\/es\/la-marca\/\" \/>\n<meta property=\"og:site_name\" content=\"Medibase\" \/>\n<meta property=\"article:modified_time\" content=\"2020-11-24T09:56:27+00:00\" \/>\n<meta name=\"twitter:card\" content=\"summary_large_image\" \/>\n<meta name=\"twitter:label1\" content=\"Tiempo de lectura\" \/>\n\t<meta name=\"twitter:data1\" content=\"1 minuto\" \/>\n<script type=\"application\/ld+json\" class=\"yoast-schema-graph\">{\"@context\":\"https:\/\/schema.org\",\"@graph\":[{\"@type\":\"WebPage\",\"@id\":\"https:\/\/www.medibase-disposables.com\/es\/la-marca\/\",\"url\":\"https:\/\/www.medibase-disposables.com\/es\/la-marca\/\",\"name\":\"Marca - Medibase\",\"isPartOf\":{\"@id\":\"https:\/\/www.medibase-disposables.com\/es\/#website\"},\"datePublished\":\"2020-11-23T17:12:03+00:00\",\"dateModified\":\"2020-11-24T09:56:27+00:00\",\"breadcrumb\":{\"@id\":\"https:\/\/www.medibase-disposables.com\/es\/la-marca\/#breadcrumb\"},\"inLanguage\":\"es\",\"potentialAction\":[{\"@type\":\"ReadAction\",\"target\":[\"https:\/\/www.medibase-disposables.com\/es\/la-marca\/\"]}]},{\"@type\":\"BreadcrumbList\",\"@id\":\"https:\/\/www.medibase-disposables.com\/es\/la-marca\/#breadcrumb\",\"itemListElement\":[{\"@type\":\"ListItem\",\"position\":1,\"name\":\"Accueil\",\"item\":\"https:\/\/www.medibase-disposables.com\/es\/\"},{\"@type\":\"ListItem\",\"position\":2,\"name\":\"Marca\"}]},{\"@type\":\"WebSite\",\"@id\":\"https:\/\/www.medibase-disposables.com\/es\/#website\",\"url\":\"https:\/\/www.medibase-disposables.com\/es\/\",\"name\":\"Medibase\",\"description\":\"Your everyday essentials\",\"publisher\":{\"@id\":\"https:\/\/www.medibase-disposables.com\/es\/#organization\"},\"potentialAction\":[{\"@type\":\"SearchAction\",\"target\":{\"@type\":\"EntryPoint\",\"urlTemplate\":\"https:\/\/www.medibase-disposables.com\/es\/?s={search_term_string}\"},\"query-input\":\"required name=search_term_string\"}],\"inLanguage\":\"es\"},{\"@type\":\"Organization\",\"@id\":\"https:\/\/www.medibase-disposables.com\/es\/#organization\",\"name\":\"MEDIBASE\",\"url\":\"https:\/\/www.medibase-disposables.com\/es\/\",\"logo\":{\"@type\":\"ImageObject\",\"inLanguage\":\"es\",\"@id\":\"https:\/\/www.medibase-disposables.com\/es\/#\/schema\/logo\/image\/\",\"url\":\"https:\/\/www.medibase-disposables.com\/wp-content\/uploads\/logo@2x.png\",\"contentUrl\":\"https:\/\/www.medibase-disposables.com\/wp-content\/uploads\/logo@2x.png\",\"width\":501,\"height\":501,\"caption\":\"MEDIBASE\"},\"image\":{\"@id\":\"https:\/\/www.medibase-disposables.com\/es\/#\/schema\/logo\/image\/\"}}]}<\/script>\n<!-- \/ Yoast SEO plugin. -->","yoast_head_json":{"title":"Marca - Medibase","robots":{"index":"index","follow":"follow","max-snippet":"max-snippet:-1","max-image-preview":"max-image-preview:large","max-video-preview":"max-video-preview:-1"},"canonical":"https:\/\/www.medibase-disposables.com\/es\/la-marca\/","og_locale":"es_ES","og_type":"article","og_title":"Marca - Medibase","og_description":"Home &gt; La marca La marca MEDIBASE es tiene una gama completa de productos de un solo uso en el campo dental, desarrollada por CFPM, uno de los l\u00edderes mundiales en distribuci\u00f3n dental desde 1979. Su misi\u00f3n es hacer la vida m\u00e1s f\u00e1cil a los odont\u00f3logos y al mismo tiempo proporcionar comodidad en el trabajo [&hellip;]","og_url":"https:\/\/www.medibase-disposables.com\/es\/la-marca\/","og_site_name":"Medibase","article_modified_time":"2020-11-24T09:56:27+00:00","twitter_card":"summary_large_image","twitter_misc":{"Tiempo de lectura":"1 minuto"},"schema":{"@context":"https:\/\/schema.org","@graph":[{"@type":"WebPage","@id":"https:\/\/www.medibase-disposables.com\/es\/la-marca\/","url":"https:\/\/www.medibase-disposables.com\/es\/la-marca\/","name":"Marca - Medibase","isPartOf":{"@id":"https:\/\/www.medibase-disposables.com\/es\/#website"},"datePublished":"2020-11-23T17:12:03+00:00","dateModified":"2020-11-24T09:56:27+00:00","breadcrumb":{"@id":"https:\/\/www.medibase-disposables.com\/es\/la-marca\/#breadcrumb"},"inLanguage":"es","potentialAction":[{"@type":"ReadAction","target":["https:\/\/www.medibase-disposables.com\/es\/la-marca\/"]}]},{"@type":"BreadcrumbList","@id":"https:\/\/www.medibase-disposables.com\/es\/la-marca\/#breadcrumb","itemListElement":[{"@type":"ListItem","position":1,"name":"Accueil","item":"https:\/\/www.medibase-disposables.com\/es\/"},{"@type":"ListItem","position":2,"name":"Marca"}]},{"@type":"WebSite","@id":"https:\/\/www.medibase-disposables.com\/es\/#website","url":"https:\/\/www.medibase-disposables.com\/es\/","name":"Medibase","description":"Your everyday essentials","publisher":{"@id":"https:\/\/www.medibase-disposables.com\/es\/#organization"},"potentialAction":[{"@type":"SearchAction","target":{"@type":"EntryPoint","urlTemplate":"https:\/\/www.medibase-disposables.com\/es\/?s={search_term_string}"},"query-input":"required name=search_term_string"}],"inLanguage":"es"},{"@type":"Organization","@id":"https:\/\/www.medibase-disposables.com\/es\/#organization","name":"MEDIBASE","url":"https:\/\/www.medibase-disposables.com\/es\/","logo":{"@type":"ImageObject","inLanguage":"es","@id":"https:\/\/www.medibase-disposables.com\/es\/#\/schema\/logo\/image\/","url":"https:\/\/www.medibase-disposables.com\/wp-content\/uploads\/logo@2x.png","contentUrl":"https:\/\/www.medibase-disposables.com\/wp-content\/uploads\/logo@2x.png","width":501,"height":501,"caption":"MEDIBASE"},"image":{"@id":"https:\/\/www.medibase-disposables.com\/es\/#\/schema\/logo\/image\/"}}]}},"_links":{"self":[{"href":"https:\/\/www.medibase-disposables.com\/es\/wp-json\/wp\/v2\/pages\/4798"}],"collection":[{"href":"https:\/\/www.medibase-disposables.com\/es\/wp-json\/wp\/v2\/pages"}],"about":[{"href":"https:\/\/www.medibase-disposables.com\/es\/wp-json\/wp\/v2\/types\/page"}],"author":[{"embeddable":true,"href":"https:\/\/www.medibase-disposables.com\/es\/wp-json\/wp\/v2\/users\/1"}],"replies":[{"embeddable":true,"href":"https:\/\/www.medibase-disposables.com\/es\/wp-json\/wp\/v2\/comments?post=4798"}],"version-history":[{"count":2,"href":"https:\/\/www.medibase-disposables.com\/es\/wp-json\/wp\/v2\/pages\/4798\/revisions"}],"predecessor-version":[{"id":5739,"href":"https:\/\/www.medibase-disposables.com\/es\/wp-json\/wp\/v2\/pages\/4798\/revisions\/5739"}],"wp:attachment":[{"href":"https:\/\/www.medibase-disposables.com\/es\/wp-json\/wp\/v2\/media?parent=4798"}],"curies":[{"name":"wp","href":"https:\/\/api.w.org\/{rel}","templated":true}]}}