{"id":4800,"date":"2020-11-23T18:14:07","date_gmt":"2020-11-23T17:14:07","guid":{"rendered":"https:\/\/www.medibase-disposables.com\/?page_id=4800"},"modified":"2020-11-23T18:14:08","modified_gmt":"2020-11-23T17:14:08","slug":"informacion-legal","status":"publish","type":"page","link":"https:\/\/www.medibase-disposables.com\/es\/informacion-legal\/","title":{"rendered":"Informaci\u00f3n legal"},"content":{"rendered":"<div id=\"header\">\n<div id=\"banner\">\n<div id=\"chemin\">Home &gt; Informaci\u00f3n legal<\/div>\n<h2>Informaci\u00f3n legal<\/h2>\n<\/div>\n<\/div>\n<div class=\"row marque\">\n<div class=\"w-12\">\n<p>Al acceder a este sitio web, el usuario se compromete a respetar las presentes condiciones de uso.<\/p>\n<p><strong>1. Informaci\u00f3n del editor<\/strong><br \/>\nEste sitio web es publicado por:<br \/>\nDISE\u00d1O Y FABRICACI\u00d3N DE PRODUCTOS M\u00c9DICOS Y PARAM\u00c9DICOS DE C.F.P.M.<br \/>\nSIREN 340747476<br \/>\n2BIS Chemin Du Loup ZI LES PETITS PONTS<br \/>\n93290 Tremblay-en-France<br \/>\nDirector de la publicaci\u00f3n: Vivian Stemmer<\/p>\n<p><strong>2.Informaci\u00f3n sobre alojamiento<\/strong><\/p>\n<p>Este sitio web est\u00e1 alojado por el proveedor de servicios \u00abGANDI\u00bb.<\/p>\n<p><strong>3. Derechos de autor \/ Copyright<\/strong><br \/>\nLas marcas y logotipos que aparecen en este sitio web son marcas registradas de sus respectivos propietarios.<br \/>\nSu menci\u00f3n no otorga de ninguna manera una licencia o derecho de uso de dichas marcas, las cuales, por lo tanto, no pueden ser utilizadas sin el consentimiento previo por escrito del titular de la marca bajo pena de falsificaci\u00f3n.<br \/>\nToda la informaci\u00f3n de este sitio web puede ser descargada, reproducida e impresa bajo las siguientes condiciones:<br \/>\n\u2022 utilizar dicha informaci\u00f3n s\u00f3lo para fines personales y de ninguna manera con fines comerciales;<br \/>\n\u2022 no modificar dicha informaci\u00f3n;<br \/>\n\u2022 Reproducir en todas las copias la menci\u00f3n de los derechos de autor de CFPM o del propietario del documento.<br \/>\nCualquier otro uso no autorizado expresamente o cualquier representaci\u00f3n total o parcial de este sitio web, por cualquier procedimiento, est\u00e1 estrictamente prohibido sin la autorizaci\u00f3n previa y por escrito de la CFPM constituir\u00eda una infracci\u00f3n sancionada por los art\u00edculos L 355-2 y siguientes del C\u00f3digo de la Propiedad Intelectual.<\/p>\n<p><strong>4. Limitaci\u00f3n de responsabilidad<\/strong><br \/>\nCFPM no puede ser considerada responsable de ning\u00fan da\u00f1o directo o indirecto que pueda resultar del acceso o uso del sitio web o de la informaci\u00f3n contenida en \u00e9l, cualquiera que sea su naturaleza.<br \/>\nCFPM declina toda responsabilidad en cuanto a la idoneidad de las decisiones y los m\u00e9todos de ejecuci\u00f3n de las mismas adoptadas por los usuarios sobre la base exclusiva de la informaci\u00f3n publicada en el sitio web.<br \/>\nCFPM declina toda responsabilidad en caso de da\u00f1os sufridos por el usuario debido a la p\u00e9rdida, deterioro o alteraci\u00f3n de archivos, la transmisi\u00f3n de un virus que pueda infectar su equipo inform\u00e1tico o cualquier otra propiedad al conectarse y\/o consultar y\/o utilizar el sitio web.<\/p>\n<p><strong>5. Uso de cookies<\/strong><br \/>\nUtilizamos cookies para mejorar la navegaci\u00f3n en nuestro sitio web. La mayor\u00eda de los sitios web que visita utilizan cookies para mejorar la experiencia del usuario permitiendo que el sitio web lo \u00abrecuerde\u00bb, ya sea durante su visita (utilizando una cookie de \u00absesi\u00f3n\u00bb) o en todas sus visitas (utilizando una cookie \u00abpersistente\u00bb).<br \/>\nPor lo tanto, al continuar su visita, consiente en el uso de estas cookies. Este sitio web utiliza cookies para que usted pueda beneficiarse de la mejor navegaci\u00f3n posible. Si contin\u00faa sin cambiar la configuraci\u00f3n de su navegador, el sitio web asume que usted consiente el uso de cookies. Si lo desea y en cualquier momento, puede cambiar la configuraci\u00f3n de las cookies.<\/p>\n<p><strong>6. Pol\u00edtica de protecci\u00f3n de datos<\/strong><br \/>\nCFPM, responsable del tratamiento, lleva a cabo un tratamiento de los datos personales que le conciernen con el fin de gestionar y dar seguimiento a sus solicitudes relativas a:<br \/>\n&#8211; una pregunta sobre un producto,<br \/>\n&#8211; un comentario en el sitio web,<br \/>\n&#8211; los eventos,<br \/>\n&#8211; un simple contacto.<br \/>\nEste tratamiento se basa en los siguientes principios:<br \/>\n&#8211; el inter\u00e9s leg\u00edtimo de CFPM de gestionar sus solicitudes para adaptar constantemente nuestras ofertas comerciales y promocionales y su experiencia en nuestro sitio web, con respecto a una observaci\u00f3n en el sitio web, eventos o un simple contacto;<br \/>\n&#8211; el cumplimiento de un contrato o las medidas precontractuales tomadas a petici\u00f3n suya con respecto a una cuesti\u00f3n de productos.<br \/>\nLos datos recogidos son esenciales para este tratamiento y est\u00e1n destinados a los servicios interesados de CFPM y sus posibles subcontratistas y proveedores de servicios, en particular para garantizar la gesti\u00f3n de las solicitudes. Sus datos se conservan durante un per\u00edodo de 3 a\u00f1os a partir del final de la relaci\u00f3n comercial o de la fecha de recopilaci\u00f3n o del \u00faltimo contacto entrante de usted, excepto en el caso de la contrataci\u00f3n, en el que los datos se conservan durante un per\u00edodo de 2 a\u00f1os a partir del \u00faltimo contacto entrante de usted.<br \/>\nUsted tiene un derecho de acceso, rectificaci\u00f3n o supresi\u00f3n de sus datos, as\u00ed como de limitaci\u00f3n del tratamiento de los mismos, y un derecho de oposici\u00f3n, un derecho a la portabilidad de sus datos y el derecho a dar instrucciones sobre el destino de sus datos tras su fallecimiento. Tambi\u00e9n puede presentar una queja ante una autoridad de supervisi\u00f3n. Sin embargo, si usted ejerce sus derechos enumerados anteriormente, conservaremos parte de su informaci\u00f3n personal y su solicitud para asegurar el ejercicio efectivo de sus derechos.<br \/>\nPuede ejercer estos derechos en la siguiente direcci\u00f3n: dpo@cfpm-medical.fr o por correo a la atenci\u00f3n de la DPO, Claudia Regnier, 2 bis Chemin du Loup, 93290 Tremblay-en-France, acompa\u00f1ado de una copia de un documento de identidad.<br \/>\nIdentidad y datos de contacto del controlador de datos: Claudia Regnier, 2 bis Chemin du Loup, 93290 Tremblay-en-France.<\/p>\n<p>\u00daltima actualizaci\u00f3n: Octubre de 2018<\/p>\n<\/div>\n<\/div>\n","protected":false},"excerpt":{"rendered":"<p>Home &gt; Informaci\u00f3n legal Informaci\u00f3n legal Al acceder a este sitio web, el usuario se compromete a respetar las presentes condiciones de uso. 1. Informaci\u00f3n del editor Este sitio web es publicado por: DISE\u00d1O Y FABRICACI\u00d3N DE PRODUCTOS M\u00c9DICOS Y PARAM\u00c9DICOS DE C.F.P.M. SIREN 340747476 2BIS Chemin Du Loup ZI LES PETITS PONTS 93290 Tremblay-en-France [&hellip;]<\/p>\n","protected":false},"author":1,"featured_media":0,"parent":0,"menu_order":8,"comment_status":"closed","ping_status":"closed","template":"","meta":{"_acf_changed":false,"footnotes":""},"acf":[],"yoast_head":"<!-- This site is optimized with the Yoast SEO plugin v22.3 - https:\/\/yoast.com\/wordpress\/plugins\/seo\/ -->\n<title>Informaci\u00f3n legal - Medibase<\/title>\n<meta name=\"robots\" content=\"index, follow, max-snippet:-1, max-image-preview:large, max-video-preview:-1\" \/>\n<link rel=\"canonical\" href=\"https:\/\/www.medibase-disposables.com\/es\/informacion-legal\/\" \/>\n<meta property=\"og:locale\" content=\"es_ES\" \/>\n<meta property=\"og:type\" content=\"article\" \/>\n<meta property=\"og:title\" content=\"Informaci\u00f3n legal - Medibase\" \/>\n<meta property=\"og:description\" content=\"Home &gt; Informaci\u00f3n legal Informaci\u00f3n legal Al acceder a este sitio web, el usuario se compromete a respetar las presentes condiciones de uso. 1. Informaci\u00f3n del editor Este sitio web es publicado por: DISE\u00d1O Y FABRICACI\u00d3N DE PRODUCTOS M\u00c9DICOS Y PARAM\u00c9DICOS DE C.F.P.M. SIREN 340747476 2BIS Chemin Du Loup ZI LES PETITS PONTS 93290 Tremblay-en-France [&hellip;]\" \/>\n<meta property=\"og:url\" content=\"https:\/\/www.medibase-disposables.com\/es\/informacion-legal\/\" \/>\n<meta property=\"og:site_name\" content=\"Medibase\" \/>\n<meta property=\"article:modified_time\" content=\"2020-11-23T17:14:08+00:00\" \/>\n<meta name=\"twitter:card\" content=\"summary_large_image\" \/>\n<meta name=\"twitter:label1\" content=\"Tiempo de lectura\" \/>\n\t<meta name=\"twitter:data1\" content=\"4 minutos\" \/>\n<script type=\"application\/ld+json\" class=\"yoast-schema-graph\">{\"@context\":\"https:\/\/schema.org\",\"@graph\":[{\"@type\":\"WebPage\",\"@id\":\"https:\/\/www.medibase-disposables.com\/es\/informacion-legal\/\",\"url\":\"https:\/\/www.medibase-disposables.com\/es\/informacion-legal\/\",\"name\":\"Informaci\u00f3n legal - Medibase\",\"isPartOf\":{\"@id\":\"https:\/\/www.medibase-disposables.com\/es\/#website\"},\"datePublished\":\"2020-11-23T17:14:07+00:00\",\"dateModified\":\"2020-11-23T17:14:08+00:00\",\"breadcrumb\":{\"@id\":\"https:\/\/www.medibase-disposables.com\/es\/informacion-legal\/#breadcrumb\"},\"inLanguage\":\"es\",\"potentialAction\":[{\"@type\":\"ReadAction\",\"target\":[\"https:\/\/www.medibase-disposables.com\/es\/informacion-legal\/\"]}]},{\"@type\":\"BreadcrumbList\",\"@id\":\"https:\/\/www.medibase-disposables.com\/es\/informacion-legal\/#breadcrumb\",\"itemListElement\":[{\"@type\":\"ListItem\",\"position\":1,\"name\":\"Accueil\",\"item\":\"https:\/\/www.medibase-disposables.com\/es\/\"},{\"@type\":\"ListItem\",\"position\":2,\"name\":\"Informaci\u00f3n legal\"}]},{\"@type\":\"WebSite\",\"@id\":\"https:\/\/www.medibase-disposables.com\/es\/#website\",\"url\":\"https:\/\/www.medibase-disposables.com\/es\/\",\"name\":\"Medibase\",\"description\":\"Your everyday essentials\",\"publisher\":{\"@id\":\"https:\/\/www.medibase-disposables.com\/es\/#organization\"},\"potentialAction\":[{\"@type\":\"SearchAction\",\"target\":{\"@type\":\"EntryPoint\",\"urlTemplate\":\"https:\/\/www.medibase-disposables.com\/es\/?s={search_term_string}\"},\"query-input\":\"required name=search_term_string\"}],\"inLanguage\":\"es\"},{\"@type\":\"Organization\",\"@id\":\"https:\/\/www.medibase-disposables.com\/es\/#organization\",\"name\":\"MEDIBASE\",\"url\":\"https:\/\/www.medibase-disposables.com\/es\/\",\"logo\":{\"@type\":\"ImageObject\",\"inLanguage\":\"es\",\"@id\":\"https:\/\/www.medibase-disposables.com\/es\/#\/schema\/logo\/image\/\",\"url\":\"https:\/\/www.medibase-disposables.com\/wp-content\/uploads\/logo@2x.png\",\"contentUrl\":\"https:\/\/www.medibase-disposables.com\/wp-content\/uploads\/logo@2x.png\",\"width\":501,\"height\":501,\"caption\":\"MEDIBASE\"},\"image\":{\"@id\":\"https:\/\/www.medibase-disposables.com\/es\/#\/schema\/logo\/image\/\"}}]}<\/script>\n<!-- \/ Yoast SEO plugin. -->","yoast_head_json":{"title":"Informaci\u00f3n legal - Medibase","robots":{"index":"index","follow":"follow","max-snippet":"max-snippet:-1","max-image-preview":"max-image-preview:large","max-video-preview":"max-video-preview:-1"},"canonical":"https:\/\/www.medibase-disposables.com\/es\/informacion-legal\/","og_locale":"es_ES","og_type":"article","og_title":"Informaci\u00f3n legal - Medibase","og_description":"Home &gt; Informaci\u00f3n legal Informaci\u00f3n legal Al acceder a este sitio web, el usuario se compromete a respetar las presentes condiciones de uso. 1. Informaci\u00f3n del editor Este sitio web es publicado por: DISE\u00d1O Y FABRICACI\u00d3N DE PRODUCTOS M\u00c9DICOS Y PARAM\u00c9DICOS DE C.F.P.M. SIREN 340747476 2BIS Chemin Du Loup ZI LES PETITS PONTS 93290 Tremblay-en-France [&hellip;]","og_url":"https:\/\/www.medibase-disposables.com\/es\/informacion-legal\/","og_site_name":"Medibase","article_modified_time":"2020-11-23T17:14:08+00:00","twitter_card":"summary_large_image","twitter_misc":{"Tiempo de lectura":"4 minutos"},"schema":{"@context":"https:\/\/schema.org","@graph":[{"@type":"WebPage","@id":"https:\/\/www.medibase-disposables.com\/es\/informacion-legal\/","url":"https:\/\/www.medibase-disposables.com\/es\/informacion-legal\/","name":"Informaci\u00f3n legal - Medibase","isPartOf":{"@id":"https:\/\/www.medibase-disposables.com\/es\/#website"},"datePublished":"2020-11-23T17:14:07+00:00","dateModified":"2020-11-23T17:14:08+00:00","breadcrumb":{"@id":"https:\/\/www.medibase-disposables.com\/es\/informacion-legal\/#breadcrumb"},"inLanguage":"es","potentialAction":[{"@type":"ReadAction","target":["https:\/\/www.medibase-disposables.com\/es\/informacion-legal\/"]}]},{"@type":"BreadcrumbList","@id":"https:\/\/www.medibase-disposables.com\/es\/informacion-legal\/#breadcrumb","itemListElement":[{"@type":"ListItem","position":1,"name":"Accueil","item":"https:\/\/www.medibase-disposables.com\/es\/"},{"@type":"ListItem","position":2,"name":"Informaci\u00f3n legal"}]},{"@type":"WebSite","@id":"https:\/\/www.medibase-disposables.com\/es\/#website","url":"https:\/\/www.medibase-disposables.com\/es\/","name":"Medibase","description":"Your everyday essentials","publisher":{"@id":"https:\/\/www.medibase-disposables.com\/es\/#organization"},"potentialAction":[{"@type":"SearchAction","target":{"@type":"EntryPoint","urlTemplate":"https:\/\/www.medibase-disposables.com\/es\/?s={search_term_string}"},"query-input":"required name=search_term_string"}],"inLanguage":"es"},{"@type":"Organization","@id":"https:\/\/www.medibase-disposables.com\/es\/#organization","name":"MEDIBASE","url":"https:\/\/www.medibase-disposables.com\/es\/","logo":{"@type":"ImageObject","inLanguage":"es","@id":"https:\/\/www.medibase-disposables.com\/es\/#\/schema\/logo\/image\/","url":"https:\/\/www.medibase-disposables.com\/wp-content\/uploads\/logo@2x.png","contentUrl":"https:\/\/www.medibase-disposables.com\/wp-content\/uploads\/logo@2x.png","width":501,"height":501,"caption":"MEDIBASE"},"image":{"@id":"https:\/\/www.medibase-disposables.com\/es\/#\/schema\/logo\/image\/"}}]}},"_links":{"self":[{"href":"https:\/\/www.medibase-disposables.com\/es\/wp-json\/wp\/v2\/pages\/4800"}],"collection":[{"href":"https:\/\/www.medibase-disposables.com\/es\/wp-json\/wp\/v2\/pages"}],"about":[{"href":"https:\/\/www.medibase-disposables.com\/es\/wp-json\/wp\/v2\/types\/page"}],"author":[{"embeddable":true,"href":"https:\/\/www.medibase-disposables.com\/es\/wp-json\/wp\/v2\/users\/1"}],"replies":[{"embeddable":true,"href":"https:\/\/www.medibase-disposables.com\/es\/wp-json\/wp\/v2\/comments?post=4800"}],"version-history":[{"count":1,"href":"https:\/\/www.medibase-disposables.com\/es\/wp-json\/wp\/v2\/pages\/4800\/revisions"}],"predecessor-version":[{"id":4801,"href":"https:\/\/www.medibase-disposables.com\/es\/wp-json\/wp\/v2\/pages\/4800\/revisions\/4801"}],"wp:attachment":[{"href":"https:\/\/www.medibase-disposables.com\/es\/wp-json\/wp\/v2\/media?parent=4800"}],"curies":[{"name":"wp","href":"https:\/\/api.w.org\/{rel}","templated":true}]}}