{"id":10359,"date":"2022-11-28T11:21:58","date_gmt":"2022-11-28T10:39:38","guid":{"rendered":"https:\/\/www.medibase-disposables.com\/?post_type=product&#038;p=10359"},"modified":"2025-08-21T12:06:21","modified_gmt":"2025-08-21T10:06:21","slug":"protector-captador-2","status":"publish","type":"product","link":"https:\/\/www.medibase-disposables.com\/es\/productos\/protector-captador-2\/","title":{"rendered":"Fundas para LED"},"content":{"rendered":"<p>Referencias :<\/p>\n<table style=\"width: 603px;\">\n<tbody>\n<tr>\n<td style=\"width: 335px;\" width=\"113\"><strong>Referencia<\/strong><\/td>\n<td style=\"width: 268px;\" width=\"90\"><strong>Productos<\/strong><\/td>\n<\/tr>\n<tr>\n<td style=\"width: 335px;\" width=\"115\">3146065<\/td>\n<td style=\"width: 268px;\" width=\"90\">FUNDAS PARA LED <u>SIN<\/u> FIBRA \u00d3PTICA (200)<\/td>\n<\/tr>\n<tr>\n<td style=\"width: 335px;\" width=\"115\">3146064<\/td>\n<td style=\"width: 268px;\" width=\"90\">FUNDAS PARA LEDS <u>CON<\/u> FIBRA \u00d3PTICA (500)<\/td>\n<\/tr>\n<\/tbody>\n<\/table>\n<p>&nbsp;<\/p>\n","protected":false},"excerpt":{"rendered":"<p>Fundas de protecci\u00f3n de pl\u00e1stico transparente de un <u>solo uso <\/u>MEDIBASE para evitar la contaminaci\u00f3n cruzada entre pacientes y para proteger la l\u00e1mpara LED.<\/p>\n<p>Clase I.<\/p>\n<p>Marcado CE.<\/p>\n<p>Fabricante : MGK KURT<\/p>\n<p>El enlace a las instrucciones de uso s\u00f3lo se refiere a las fundas para LED <strong>sin\u00a0<\/strong>fibra \u00f3ptica.<\/p>\n","protected":false},"featured_media":10385,"template":"","meta":{"_acf_changed":false},"product_cat":[332],"product_tag":[],"acf":[],"yoast_head":"<!-- This site is optimized with the Yoast SEO plugin v22.3 - https:\/\/yoast.com\/wordpress\/plugins\/seo\/ -->\n<title>Fundas para LED - Medibase<\/title>\n<meta name=\"robots\" content=\"index, follow, max-snippet:-1, max-image-preview:large, max-video-preview:-1\" \/>\n<link rel=\"canonical\" href=\"https:\/\/www.medibase-disposables.com\/es\/productos\/protector-captador-2\/\" \/>\n<meta property=\"og:locale\" content=\"es_ES\" \/>\n<meta property=\"og:type\" content=\"article\" \/>\n<meta property=\"og:title\" content=\"Fundas para LED - Medibase\" \/>\n<meta property=\"og:description\" content=\"Fundas de protecci\u00f3n de pl\u00e1stico transparente de un solo uso MEDIBASE para evitar la contaminaci\u00f3n cruzada entre pacientes y para proteger la l\u00e1mpara LED.  Clase I.  Marcado CE.  Fabricante : MGK KURT  El enlace a las instrucciones de uso s\u00f3lo se refiere a las fundas para LED sin\u00a0fibra \u00f3ptica.\" \/>\n<meta property=\"og:url\" content=\"https:\/\/www.medibase-disposables.com\/es\/productos\/protector-captador-2\/\" \/>\n<meta property=\"og:site_name\" content=\"Medibase\" \/>\n<meta property=\"article:modified_time\" content=\"2025-08-21T10:06:21+00:00\" \/>\n<meta property=\"og:image\" content=\"http:\/\/www.medibase-disposables.com\/wp-content\/uploads\/Visuel_-_Gaine_avec_Fibre_Optique-removebg-preview.png\" \/>\n\t<meta property=\"og:image:width\" content=\"667\" \/>\n\t<meta property=\"og:image:height\" content=\"129\" \/>\n\t<meta property=\"og:image:type\" content=\"image\/png\" \/>\n<meta name=\"twitter:card\" content=\"summary_large_image\" \/>\n<meta name=\"twitter:label1\" content=\"Tiempo de lectura\" \/>\n\t<meta name=\"twitter:data1\" content=\"1 minuto\" \/>\n<script type=\"application\/ld+json\" class=\"yoast-schema-graph\">{\"@context\":\"https:\/\/schema.org\",\"@graph\":[{\"@type\":\"WebPage\",\"@id\":\"https:\/\/www.medibase-disposables.com\/es\/productos\/protector-captador-2\/\",\"url\":\"https:\/\/www.medibase-disposables.com\/es\/productos\/protector-captador-2\/\",\"name\":\"Fundas para LED - Medibase\",\"isPartOf\":{\"@id\":\"https:\/\/www.medibase-disposables.com\/es\/#website\"},\"primaryImageOfPage\":{\"@id\":\"https:\/\/www.medibase-disposables.com\/es\/productos\/protector-captador-2\/#primaryimage\"},\"image\":{\"@id\":\"https:\/\/www.medibase-disposables.com\/es\/productos\/protector-captador-2\/#primaryimage\"},\"thumbnailUrl\":\"https:\/\/www.medibase-disposables.com\/wp-content\/uploads\/Visuel_-_Gaine_avec_Fibre_Optique-removebg-preview.png\",\"datePublished\":\"2022-11-28T10:39:38+00:00\",\"dateModified\":\"2025-08-21T10:06:21+00:00\",\"breadcrumb\":{\"@id\":\"https:\/\/www.medibase-disposables.com\/es\/productos\/protector-captador-2\/#breadcrumb\"},\"inLanguage\":\"es\",\"potentialAction\":[{\"@type\":\"ReadAction\",\"target\":[\"https:\/\/www.medibase-disposables.com\/es\/productos\/protector-captador-2\/\"]}]},{\"@type\":\"ImageObject\",\"inLanguage\":\"es\",\"@id\":\"https:\/\/www.medibase-disposables.com\/es\/productos\/protector-captador-2\/#primaryimage\",\"url\":\"https:\/\/www.medibase-disposables.com\/wp-content\/uploads\/Visuel_-_Gaine_avec_Fibre_Optique-removebg-preview.png\",\"contentUrl\":\"https:\/\/www.medibase-disposables.com\/wp-content\/uploads\/Visuel_-_Gaine_avec_Fibre_Optique-removebg-preview.png\",\"width\":667,\"height\":129},{\"@type\":\"BreadcrumbList\",\"@id\":\"https:\/\/www.medibase-disposables.com\/es\/productos\/protector-captador-2\/#breadcrumb\",\"itemListElement\":[{\"@type\":\"ListItem\",\"position\":1,\"name\":\"Accueil\",\"item\":\"https:\/\/www.medibase-disposables.com\/es\/\"},{\"@type\":\"ListItem\",\"position\":2,\"name\":\"Productos\",\"item\":\"https:\/\/www.medibase-disposables.com\/es\/productos\/\"},{\"@type\":\"ListItem\",\"position\":3,\"name\":\"Fundas para LED\"}]},{\"@type\":\"WebSite\",\"@id\":\"https:\/\/www.medibase-disposables.com\/es\/#website\",\"url\":\"https:\/\/www.medibase-disposables.com\/es\/\",\"name\":\"Medibase\",\"description\":\"Your everyday essentials\",\"publisher\":{\"@id\":\"https:\/\/www.medibase-disposables.com\/es\/#organization\"},\"potentialAction\":[{\"@type\":\"SearchAction\",\"target\":{\"@type\":\"EntryPoint\",\"urlTemplate\":\"https:\/\/www.medibase-disposables.com\/es\/?s={search_term_string}\"},\"query-input\":\"required name=search_term_string\"}],\"inLanguage\":\"es\"},{\"@type\":\"Organization\",\"@id\":\"https:\/\/www.medibase-disposables.com\/es\/#organization\",\"name\":\"MEDIBASE\",\"url\":\"https:\/\/www.medibase-disposables.com\/es\/\",\"logo\":{\"@type\":\"ImageObject\",\"inLanguage\":\"es\",\"@id\":\"https:\/\/www.medibase-disposables.com\/es\/#\/schema\/logo\/image\/\",\"url\":\"https:\/\/www.medibase-disposables.com\/wp-content\/uploads\/logo@2x.png\",\"contentUrl\":\"https:\/\/www.medibase-disposables.com\/wp-content\/uploads\/logo@2x.png\",\"width\":501,\"height\":501,\"caption\":\"MEDIBASE\"},\"image\":{\"@id\":\"https:\/\/www.medibase-disposables.com\/es\/#\/schema\/logo\/image\/\"}}]}<\/script>\n<!-- \/ Yoast SEO plugin. -->","yoast_head_json":{"title":"Fundas para LED - Medibase","robots":{"index":"index","follow":"follow","max-snippet":"max-snippet:-1","max-image-preview":"max-image-preview:large","max-video-preview":"max-video-preview:-1"},"canonical":"https:\/\/www.medibase-disposables.com\/es\/productos\/protector-captador-2\/","og_locale":"es_ES","og_type":"article","og_title":"Fundas para LED - Medibase","og_description":"Fundas de protecci\u00f3n de pl\u00e1stico transparente de un solo uso MEDIBASE para evitar la contaminaci\u00f3n cruzada entre pacientes y para proteger la l\u00e1mpara LED.  Clase I.  Marcado CE.  Fabricante : MGK KURT  El enlace a las instrucciones de uso s\u00f3lo se refiere a las fundas para LED sin\u00a0fibra \u00f3ptica.","og_url":"https:\/\/www.medibase-disposables.com\/es\/productos\/protector-captador-2\/","og_site_name":"Medibase","article_modified_time":"2025-08-21T10:06:21+00:00","og_image":[{"width":667,"height":129,"url":"http:\/\/www.medibase-disposables.com\/wp-content\/uploads\/Visuel_-_Gaine_avec_Fibre_Optique-removebg-preview.png","type":"image\/png"}],"twitter_card":"summary_large_image","twitter_misc":{"Tiempo de lectura":"1 minuto"},"schema":{"@context":"https:\/\/schema.org","@graph":[{"@type":"WebPage","@id":"https:\/\/www.medibase-disposables.com\/es\/productos\/protector-captador-2\/","url":"https:\/\/www.medibase-disposables.com\/es\/productos\/protector-captador-2\/","name":"Fundas para LED - Medibase","isPartOf":{"@id":"https:\/\/www.medibase-disposables.com\/es\/#website"},"primaryImageOfPage":{"@id":"https:\/\/www.medibase-disposables.com\/es\/productos\/protector-captador-2\/#primaryimage"},"image":{"@id":"https:\/\/www.medibase-disposables.com\/es\/productos\/protector-captador-2\/#primaryimage"},"thumbnailUrl":"https:\/\/www.medibase-disposables.com\/wp-content\/uploads\/Visuel_-_Gaine_avec_Fibre_Optique-removebg-preview.png","datePublished":"2022-11-28T10:39:38+00:00","dateModified":"2025-08-21T10:06:21+00:00","breadcrumb":{"@id":"https:\/\/www.medibase-disposables.com\/es\/productos\/protector-captador-2\/#breadcrumb"},"inLanguage":"es","potentialAction":[{"@type":"ReadAction","target":["https:\/\/www.medibase-disposables.com\/es\/productos\/protector-captador-2\/"]}]},{"@type":"ImageObject","inLanguage":"es","@id":"https:\/\/www.medibase-disposables.com\/es\/productos\/protector-captador-2\/#primaryimage","url":"https:\/\/www.medibase-disposables.com\/wp-content\/uploads\/Visuel_-_Gaine_avec_Fibre_Optique-removebg-preview.png","contentUrl":"https:\/\/www.medibase-disposables.com\/wp-content\/uploads\/Visuel_-_Gaine_avec_Fibre_Optique-removebg-preview.png","width":667,"height":129},{"@type":"BreadcrumbList","@id":"https:\/\/www.medibase-disposables.com\/es\/productos\/protector-captador-2\/#breadcrumb","itemListElement":[{"@type":"ListItem","position":1,"name":"Accueil","item":"https:\/\/www.medibase-disposables.com\/es\/"},{"@type":"ListItem","position":2,"name":"Productos","item":"https:\/\/www.medibase-disposables.com\/es\/productos\/"},{"@type":"ListItem","position":3,"name":"Fundas para LED"}]},{"@type":"WebSite","@id":"https:\/\/www.medibase-disposables.com\/es\/#website","url":"https:\/\/www.medibase-disposables.com\/es\/","name":"Medibase","description":"Your everyday essentials","publisher":{"@id":"https:\/\/www.medibase-disposables.com\/es\/#organization"},"potentialAction":[{"@type":"SearchAction","target":{"@type":"EntryPoint","urlTemplate":"https:\/\/www.medibase-disposables.com\/es\/?s={search_term_string}"},"query-input":"required name=search_term_string"}],"inLanguage":"es"},{"@type":"Organization","@id":"https:\/\/www.medibase-disposables.com\/es\/#organization","name":"MEDIBASE","url":"https:\/\/www.medibase-disposables.com\/es\/","logo":{"@type":"ImageObject","inLanguage":"es","@id":"https:\/\/www.medibase-disposables.com\/es\/#\/schema\/logo\/image\/","url":"https:\/\/www.medibase-disposables.com\/wp-content\/uploads\/logo@2x.png","contentUrl":"https:\/\/www.medibase-disposables.com\/wp-content\/uploads\/logo@2x.png","width":501,"height":501,"caption":"MEDIBASE"},"image":{"@id":"https:\/\/www.medibase-disposables.com\/es\/#\/schema\/logo\/image\/"}}]}},"_links":{"self":[{"href":"https:\/\/www.medibase-disposables.com\/es\/wp-json\/wp\/v2\/product\/10359"}],"collection":[{"href":"https:\/\/www.medibase-disposables.com\/es\/wp-json\/wp\/v2\/product"}],"about":[{"href":"https:\/\/www.medibase-disposables.com\/es\/wp-json\/wp\/v2\/types\/product"}],"wp:featuredmedia":[{"embeddable":true,"href":"https:\/\/www.medibase-disposables.com\/es\/wp-json\/wp\/v2\/media\/10385"}],"wp:attachment":[{"href":"https:\/\/www.medibase-disposables.com\/es\/wp-json\/wp\/v2\/media?parent=10359"}],"wp:term":[{"taxonomy":"product_cat","embeddable":true,"href":"https:\/\/www.medibase-disposables.com\/es\/wp-json\/wp\/v2\/product_cat?post=10359"},{"taxonomy":"product_tag","embeddable":true,"href":"https:\/\/www.medibase-disposables.com\/es\/wp-json\/wp\/v2\/product_tag?post=10359"}],"curies":[{"name":"wp","href":"https:\/\/api.w.org\/{rel}","templated":true}]}}