{"id":10638,"date":"2023-06-01T11:29:46","date_gmt":"2023-06-01T09:29:46","guid":{"rendered":"https:\/\/www.medibase-disposables.com\/produits\/gobelets-100-papier\/"},"modified":"2023-06-08T13:36:53","modified_gmt":"2023-06-08T11:36:53","slug":"gobelets-100-papier","status":"publish","type":"product","link":"https:\/\/www.medibase-disposables.com\/es\/productos\/gobelets-100-papier\/","title":{"rendered":"Vasos 100% de papel"},"content":{"rendered":"<p>Caja de 2.000 tazas (40 bolsas de 50 tazas)<\/p>\n<table class=\"content_table\" style=\"height: 155px; width: 85.7616%;\" border=\"0\" width=\"611\">\n<thead>\n<tr style=\"height: 28px;\">\n<td style=\"width: 58.8803%; height: 28px;\">Color<\/td>\n<td style=\"height: 28px; width: 42.278%;\">\u00a0Ref.<\/td>\n<\/tr>\n<\/thead>\n<tbody>\n<tr class=\"gray\" style=\"height: 10px;\">\n<td style=\"height: 10px; width: 58.8803%;\">Blanco<\/td>\n<td style=\"height: 10px; width: 42.278%;\">3150794<\/td>\n<\/tr>\n<tr style=\"height: 28px;\">\n<td style=\"height: 28px; width: 58.8803%;\">Azul oscuro<\/td>\n<td style=\"height: 28px; width: 42.278%;\">3150795<\/td>\n<\/tr>\n<\/tbody>\n<\/table>\n<p>&nbsp;<\/p>\n","protected":false},"excerpt":{"rendered":"<p>Vasos de papel desechables<\/p>\n<p>Caracter\u00edstica :<\/p>\n<ul>\n<li>Capacidad: 180 ml<\/li>\n<li>Gramaje: 0,9 mm<\/li>\n<li>Totalmente reciclables y compostables<\/li>\n<li>Garant\u00eda de ausencia de pl\u00e1stico<\/li>\n<li>Presentaci\u00f3n: caja de 2.000 vasos<\/li>\n<\/ul>\n<p>(40 bolsas de 50 tazas)<\/p>\n","protected":false},"featured_media":10614,"template":"","meta":{"_acf_changed":false},"product_cat":[292],"product_tag":[247,235],"acf":[],"yoast_head":"<!-- This site is optimized with the Yoast SEO plugin v22.3 - https:\/\/yoast.com\/wordpress\/plugins\/seo\/ -->\n<title>Vasos 100% de papel - Medibase<\/title>\n<meta name=\"robots\" content=\"index, follow, max-snippet:-1, max-image-preview:large, max-video-preview:-1\" \/>\n<link rel=\"canonical\" href=\"https:\/\/www.medibase-disposables.com\/es\/productos\/gobelets-100-papier\/\" \/>\n<meta property=\"og:locale\" content=\"es_ES\" \/>\n<meta property=\"og:type\" content=\"article\" \/>\n<meta property=\"og:title\" content=\"Vasos 100% de papel - Medibase\" \/>\n<meta property=\"og:description\" content=\"Vasos de papel desechables  Caracter\u00edstica :   Capacidad: 180 ml  Gramaje: 0,9 mm  Totalmente reciclables y compostables  Garant\u00eda de ausencia de pl\u00e1stico  Presentaci\u00f3n: caja de 2.000 vasos  (40 bolsas de 50 tazas)\" \/>\n<meta property=\"og:url\" content=\"https:\/\/www.medibase-disposables.com\/es\/productos\/gobelets-100-papier\/\" \/>\n<meta property=\"og:site_name\" content=\"Medibase\" \/>\n<meta property=\"article:modified_time\" content=\"2023-06-08T11:36:53+00:00\" \/>\n<meta property=\"og:image\" content=\"http:\/\/www.medibase-disposables.com\/wp-content\/uploads\/Medibase-Cups-Blue-1-scaled.jpg\" \/>\n\t<meta property=\"og:image:width\" content=\"2560\" \/>\n\t<meta property=\"og:image:height\" content=\"1707\" \/>\n\t<meta property=\"og:image:type\" content=\"image\/jpeg\" \/>\n<meta name=\"twitter:card\" content=\"summary_large_image\" \/>\n<meta name=\"twitter:label1\" content=\"Tiempo de lectura\" \/>\n\t<meta name=\"twitter:data1\" content=\"1 minuto\" \/>\n<script type=\"application\/ld+json\" class=\"yoast-schema-graph\">{\"@context\":\"https:\/\/schema.org\",\"@graph\":[{\"@type\":\"WebPage\",\"@id\":\"https:\/\/www.medibase-disposables.com\/es\/productos\/gobelets-100-papier\/\",\"url\":\"https:\/\/www.medibase-disposables.com\/es\/productos\/gobelets-100-papier\/\",\"name\":\"Vasos 100% de papel - Medibase\",\"isPartOf\":{\"@id\":\"https:\/\/www.medibase-disposables.com\/es\/#website\"},\"primaryImageOfPage\":{\"@id\":\"https:\/\/www.medibase-disposables.com\/es\/productos\/gobelets-100-papier\/#primaryimage\"},\"image\":{\"@id\":\"https:\/\/www.medibase-disposables.com\/es\/productos\/gobelets-100-papier\/#primaryimage\"},\"thumbnailUrl\":\"https:\/\/www.medibase-disposables.com\/wp-content\/uploads\/Medibase-Cups-Blue-1-scaled.jpg\",\"datePublished\":\"2023-06-01T09:29:46+00:00\",\"dateModified\":\"2023-06-08T11:36:53+00:00\",\"breadcrumb\":{\"@id\":\"https:\/\/www.medibase-disposables.com\/es\/productos\/gobelets-100-papier\/#breadcrumb\"},\"inLanguage\":\"es\",\"potentialAction\":[{\"@type\":\"ReadAction\",\"target\":[\"https:\/\/www.medibase-disposables.com\/es\/productos\/gobelets-100-papier\/\"]}]},{\"@type\":\"ImageObject\",\"inLanguage\":\"es\",\"@id\":\"https:\/\/www.medibase-disposables.com\/es\/productos\/gobelets-100-papier\/#primaryimage\",\"url\":\"https:\/\/www.medibase-disposables.com\/wp-content\/uploads\/Medibase-Cups-Blue-1-scaled.jpg\",\"contentUrl\":\"https:\/\/www.medibase-disposables.com\/wp-content\/uploads\/Medibase-Cups-Blue-1-scaled.jpg\",\"width\":2560,\"height\":1707},{\"@type\":\"BreadcrumbList\",\"@id\":\"https:\/\/www.medibase-disposables.com\/es\/productos\/gobelets-100-papier\/#breadcrumb\",\"itemListElement\":[{\"@type\":\"ListItem\",\"position\":1,\"name\":\"Accueil\",\"item\":\"https:\/\/www.medibase-disposables.com\/es\/\"},{\"@type\":\"ListItem\",\"position\":2,\"name\":\"Productos\",\"item\":\"https:\/\/www.medibase-disposables.com\/es\/productos\/\"},{\"@type\":\"ListItem\",\"position\":3,\"name\":\"Vasos 100% de papel\"}]},{\"@type\":\"WebSite\",\"@id\":\"https:\/\/www.medibase-disposables.com\/es\/#website\",\"url\":\"https:\/\/www.medibase-disposables.com\/es\/\",\"name\":\"Medibase\",\"description\":\"Your everyday essentials\",\"publisher\":{\"@id\":\"https:\/\/www.medibase-disposables.com\/es\/#organization\"},\"potentialAction\":[{\"@type\":\"SearchAction\",\"target\":{\"@type\":\"EntryPoint\",\"urlTemplate\":\"https:\/\/www.medibase-disposables.com\/es\/?s={search_term_string}\"},\"query-input\":\"required name=search_term_string\"}],\"inLanguage\":\"es\"},{\"@type\":\"Organization\",\"@id\":\"https:\/\/www.medibase-disposables.com\/es\/#organization\",\"name\":\"MEDIBASE\",\"url\":\"https:\/\/www.medibase-disposables.com\/es\/\",\"logo\":{\"@type\":\"ImageObject\",\"inLanguage\":\"es\",\"@id\":\"https:\/\/www.medibase-disposables.com\/es\/#\/schema\/logo\/image\/\",\"url\":\"https:\/\/www.medibase-disposables.com\/wp-content\/uploads\/logo@2x.png\",\"contentUrl\":\"https:\/\/www.medibase-disposables.com\/wp-content\/uploads\/logo@2x.png\",\"width\":501,\"height\":501,\"caption\":\"MEDIBASE\"},\"image\":{\"@id\":\"https:\/\/www.medibase-disposables.com\/es\/#\/schema\/logo\/image\/\"}}]}<\/script>\n<!-- \/ Yoast SEO plugin. -->","yoast_head_json":{"title":"Vasos 100% de papel - Medibase","robots":{"index":"index","follow":"follow","max-snippet":"max-snippet:-1","max-image-preview":"max-image-preview:large","max-video-preview":"max-video-preview:-1"},"canonical":"https:\/\/www.medibase-disposables.com\/es\/productos\/gobelets-100-papier\/","og_locale":"es_ES","og_type":"article","og_title":"Vasos 100% de papel - Medibase","og_description":"Vasos de papel desechables  Caracter\u00edstica :   Capacidad: 180 ml  Gramaje: 0,9 mm  Totalmente reciclables y compostables  Garant\u00eda de ausencia de pl\u00e1stico  Presentaci\u00f3n: caja de 2.000 vasos  (40 bolsas de 50 tazas)","og_url":"https:\/\/www.medibase-disposables.com\/es\/productos\/gobelets-100-papier\/","og_site_name":"Medibase","article_modified_time":"2023-06-08T11:36:53+00:00","og_image":[{"width":2560,"height":1707,"url":"http:\/\/www.medibase-disposables.com\/wp-content\/uploads\/Medibase-Cups-Blue-1-scaled.jpg","type":"image\/jpeg"}],"twitter_card":"summary_large_image","twitter_misc":{"Tiempo de lectura":"1 minuto"},"schema":{"@context":"https:\/\/schema.org","@graph":[{"@type":"WebPage","@id":"https:\/\/www.medibase-disposables.com\/es\/productos\/gobelets-100-papier\/","url":"https:\/\/www.medibase-disposables.com\/es\/productos\/gobelets-100-papier\/","name":"Vasos 100% de papel - Medibase","isPartOf":{"@id":"https:\/\/www.medibase-disposables.com\/es\/#website"},"primaryImageOfPage":{"@id":"https:\/\/www.medibase-disposables.com\/es\/productos\/gobelets-100-papier\/#primaryimage"},"image":{"@id":"https:\/\/www.medibase-disposables.com\/es\/productos\/gobelets-100-papier\/#primaryimage"},"thumbnailUrl":"https:\/\/www.medibase-disposables.com\/wp-content\/uploads\/Medibase-Cups-Blue-1-scaled.jpg","datePublished":"2023-06-01T09:29:46+00:00","dateModified":"2023-06-08T11:36:53+00:00","breadcrumb":{"@id":"https:\/\/www.medibase-disposables.com\/es\/productos\/gobelets-100-papier\/#breadcrumb"},"inLanguage":"es","potentialAction":[{"@type":"ReadAction","target":["https:\/\/www.medibase-disposables.com\/es\/productos\/gobelets-100-papier\/"]}]},{"@type":"ImageObject","inLanguage":"es","@id":"https:\/\/www.medibase-disposables.com\/es\/productos\/gobelets-100-papier\/#primaryimage","url":"https:\/\/www.medibase-disposables.com\/wp-content\/uploads\/Medibase-Cups-Blue-1-scaled.jpg","contentUrl":"https:\/\/www.medibase-disposables.com\/wp-content\/uploads\/Medibase-Cups-Blue-1-scaled.jpg","width":2560,"height":1707},{"@type":"BreadcrumbList","@id":"https:\/\/www.medibase-disposables.com\/es\/productos\/gobelets-100-papier\/#breadcrumb","itemListElement":[{"@type":"ListItem","position":1,"name":"Accueil","item":"https:\/\/www.medibase-disposables.com\/es\/"},{"@type":"ListItem","position":2,"name":"Productos","item":"https:\/\/www.medibase-disposables.com\/es\/productos\/"},{"@type":"ListItem","position":3,"name":"Vasos 100% de papel"}]},{"@type":"WebSite","@id":"https:\/\/www.medibase-disposables.com\/es\/#website","url":"https:\/\/www.medibase-disposables.com\/es\/","name":"Medibase","description":"Your everyday essentials","publisher":{"@id":"https:\/\/www.medibase-disposables.com\/es\/#organization"},"potentialAction":[{"@type":"SearchAction","target":{"@type":"EntryPoint","urlTemplate":"https:\/\/www.medibase-disposables.com\/es\/?s={search_term_string}"},"query-input":"required name=search_term_string"}],"inLanguage":"es"},{"@type":"Organization","@id":"https:\/\/www.medibase-disposables.com\/es\/#organization","name":"MEDIBASE","url":"https:\/\/www.medibase-disposables.com\/es\/","logo":{"@type":"ImageObject","inLanguage":"es","@id":"https:\/\/www.medibase-disposables.com\/es\/#\/schema\/logo\/image\/","url":"https:\/\/www.medibase-disposables.com\/wp-content\/uploads\/logo@2x.png","contentUrl":"https:\/\/www.medibase-disposables.com\/wp-content\/uploads\/logo@2x.png","width":501,"height":501,"caption":"MEDIBASE"},"image":{"@id":"https:\/\/www.medibase-disposables.com\/es\/#\/schema\/logo\/image\/"}}]}},"_links":{"self":[{"href":"https:\/\/www.medibase-disposables.com\/es\/wp-json\/wp\/v2\/product\/10638"}],"collection":[{"href":"https:\/\/www.medibase-disposables.com\/es\/wp-json\/wp\/v2\/product"}],"about":[{"href":"https:\/\/www.medibase-disposables.com\/es\/wp-json\/wp\/v2\/types\/product"}],"wp:featuredmedia":[{"embeddable":true,"href":"https:\/\/www.medibase-disposables.com\/es\/wp-json\/wp\/v2\/media\/10614"}],"wp:attachment":[{"href":"https:\/\/www.medibase-disposables.com\/es\/wp-json\/wp\/v2\/media?parent=10638"}],"wp:term":[{"taxonomy":"product_cat","embeddable":true,"href":"https:\/\/www.medibase-disposables.com\/es\/wp-json\/wp\/v2\/product_cat?post=10638"},{"taxonomy":"product_tag","embeddable":true,"href":"https:\/\/www.medibase-disposables.com\/es\/wp-json\/wp\/v2\/product_tag?post=10638"}],"curies":[{"name":"wp","href":"https:\/\/api.w.org\/{rel}","templated":true}]}}