{"id":10859,"date":"2023-03-15T11:24:41","date_gmt":"2023-08-07T10:13:56","guid":{"rendered":"https:\/\/www.medibase-disposables.com\/?post_type=product&#038;p=10859"},"modified":"2025-08-20T12:18:30","modified_gmt":"2025-08-20T10:18:30","slug":"canulas-de-aspiracion-esteriles-quirurgicas","status":"publish","type":"product","link":"https:\/\/www.medibase-disposables.com\/es\/productos\/canulas-de-aspiracion-esteriles-quirurgicas\/","title":{"rendered":"Canulas de aspiraci\u00f3n est\u00e9riles quir\u00fargicas"},"content":{"rendered":"<p>Caracter\u00edsticas:<\/p>\n<p>&#8211; C\u00e1nulas est\u00e9riles de PVC<br \/>\n&#8211; Precisi\u00f3n de aspiraci\u00f3n gracias a su punta de di\u00e1metro de 2,5 mm (4,8 mm sin punta)<br \/>\n&#8211; Punta azul desmontable que permite cambiar de una aspiraci\u00f3n de 2,5 mm a una aspiraci\u00f3n de 4,8 mm<br \/>\n&#8211; Permite alcanzar las zonas m\u00e1s estrechas y mantener un campo de visi\u00f3n despejado<br \/>\n&#8211; Cada caja contiene dos adaptadores dobles para la conexi\u00f3n a mangueras de aspiraci\u00f3n de di\u00e1metro 11 mm o 16 mm<br \/>\n&#8211; Los adaptadores dobles se suministran no est\u00e9riles y se pueden esterilizar a 134\u00b0C<br \/>\n&#8211; Caja de 20 c\u00e1nulas est\u00e9riles en envase est\u00e9ril + 2 adaptadores dobles<\/p>\n<p>Clase: IIa.<\/p>\n<p>Marcado CE0197 Organismo certificador: TUV RHEINLAND<\/p>\n<p>Fabricante: YIMENG MEDICAL<\/p>\n","protected":false},"excerpt":{"rendered":"<table border=\"0\">\n<thead>\n<tr style=\"height: 28px;\">\n<td style=\"height: 28px;\">Denominaci\u00f3n.<\/td>\n<td style=\"height: 28px;\">R\u00e9f.<\/td>\n<\/tr>\n<\/thead>\n<tbody>\n<tr style=\"height: 28px;\">\n<td style=\"height: 28px;\">La caja de 20 c\u00e1nulas est\u00e9riles + 2 adaptadores dobles<\/td>\n<td style=\"height: 28px;\">217-966<\/td>\n<\/tr>\n<\/tbody>\n<\/table>\n","protected":false},"featured_media":10539,"template":"","meta":{"_acf_changed":false},"product_cat":[284],"product_tag":[],"acf":[],"yoast_head":"<!-- This site is optimized with the Yoast SEO plugin v22.3 - https:\/\/yoast.com\/wordpress\/plugins\/seo\/ -->\n<title>Canulas de aspiraci\u00f3n est\u00e9riles quir\u00fargicas - Medibase<\/title>\n<meta name=\"robots\" content=\"index, follow, max-snippet:-1, max-image-preview:large, max-video-preview:-1\" \/>\n<link rel=\"canonical\" href=\"https:\/\/www.medibase-disposables.com\/es\/productos\/canulas-de-aspiracion-esteriles-quirurgicas\/\" \/>\n<meta property=\"og:locale\" content=\"es_ES\" \/>\n<meta property=\"og:type\" content=\"article\" \/>\n<meta property=\"og:title\" content=\"Canulas de aspiraci\u00f3n est\u00e9riles quir\u00fargicas - Medibase\" \/>\n<meta property=\"og:description\" content=\"Denominaci\u00f3n. R\u00e9f.     La caja de 20 c\u00e1nulas est\u00e9riles + 2 adaptadores dobles 217-966\" \/>\n<meta property=\"og:url\" content=\"https:\/\/www.medibase-disposables.com\/es\/productos\/canulas-de-aspiracion-esteriles-quirurgicas\/\" \/>\n<meta property=\"og:site_name\" content=\"Medibase\" \/>\n<meta property=\"article:modified_time\" content=\"2025-08-20T10:18:30+00:00\" \/>\n<meta property=\"og:image\" content=\"http:\/\/www.medibase-disposables.com\/wp-content\/uploads\/3149405-Visuel-Sterile-Surgical-Aspiration-Cannulas-RVB.jpg\" \/>\n\t<meta property=\"og:image:width\" content=\"2000\" \/>\n\t<meta property=\"og:image:height\" content=\"2000\" \/>\n\t<meta property=\"og:image:type\" content=\"image\/jpeg\" \/>\n<meta name=\"twitter:card\" content=\"summary_large_image\" \/>\n<meta name=\"twitter:label1\" content=\"Tiempo de lectura\" \/>\n\t<meta name=\"twitter:data1\" content=\"1 minuto\" \/>\n<script type=\"application\/ld+json\" class=\"yoast-schema-graph\">{\"@context\":\"https:\/\/schema.org\",\"@graph\":[{\"@type\":\"WebPage\",\"@id\":\"https:\/\/www.medibase-disposables.com\/es\/productos\/canulas-de-aspiracion-esteriles-quirurgicas\/\",\"url\":\"https:\/\/www.medibase-disposables.com\/es\/productos\/canulas-de-aspiracion-esteriles-quirurgicas\/\",\"name\":\"Canulas de aspiraci\u00f3n est\u00e9riles quir\u00fargicas - Medibase\",\"isPartOf\":{\"@id\":\"https:\/\/www.medibase-disposables.com\/es\/#website\"},\"primaryImageOfPage\":{\"@id\":\"https:\/\/www.medibase-disposables.com\/es\/productos\/canulas-de-aspiracion-esteriles-quirurgicas\/#primaryimage\"},\"image\":{\"@id\":\"https:\/\/www.medibase-disposables.com\/es\/productos\/canulas-de-aspiracion-esteriles-quirurgicas\/#primaryimage\"},\"thumbnailUrl\":\"https:\/\/www.medibase-disposables.com\/wp-content\/uploads\/3149405-Visuel-Sterile-Surgical-Aspiration-Cannulas-RVB.jpg\",\"datePublished\":\"2023-08-07T10:13:56+00:00\",\"dateModified\":\"2025-08-20T10:18:30+00:00\",\"breadcrumb\":{\"@id\":\"https:\/\/www.medibase-disposables.com\/es\/productos\/canulas-de-aspiracion-esteriles-quirurgicas\/#breadcrumb\"},\"inLanguage\":\"es\",\"potentialAction\":[{\"@type\":\"ReadAction\",\"target\":[\"https:\/\/www.medibase-disposables.com\/es\/productos\/canulas-de-aspiracion-esteriles-quirurgicas\/\"]}]},{\"@type\":\"ImageObject\",\"inLanguage\":\"es\",\"@id\":\"https:\/\/www.medibase-disposables.com\/es\/productos\/canulas-de-aspiracion-esteriles-quirurgicas\/#primaryimage\",\"url\":\"https:\/\/www.medibase-disposables.com\/wp-content\/uploads\/3149405-Visuel-Sterile-Surgical-Aspiration-Cannulas-RVB.jpg\",\"contentUrl\":\"https:\/\/www.medibase-disposables.com\/wp-content\/uploads\/3149405-Visuel-Sterile-Surgical-Aspiration-Cannulas-RVB.jpg\",\"width\":2000,\"height\":2000},{\"@type\":\"BreadcrumbList\",\"@id\":\"https:\/\/www.medibase-disposables.com\/es\/productos\/canulas-de-aspiracion-esteriles-quirurgicas\/#breadcrumb\",\"itemListElement\":[{\"@type\":\"ListItem\",\"position\":1,\"name\":\"Accueil\",\"item\":\"https:\/\/www.medibase-disposables.com\/es\/\"},{\"@type\":\"ListItem\",\"position\":2,\"name\":\"Productos\",\"item\":\"https:\/\/www.medibase-disposables.com\/es\/productos\/\"},{\"@type\":\"ListItem\",\"position\":3,\"name\":\"Canulas de aspiraci\u00f3n est\u00e9riles quir\u00fargicas\"}]},{\"@type\":\"WebSite\",\"@id\":\"https:\/\/www.medibase-disposables.com\/es\/#website\",\"url\":\"https:\/\/www.medibase-disposables.com\/es\/\",\"name\":\"Medibase\",\"description\":\"Your everyday essentials\",\"publisher\":{\"@id\":\"https:\/\/www.medibase-disposables.com\/es\/#organization\"},\"potentialAction\":[{\"@type\":\"SearchAction\",\"target\":{\"@type\":\"EntryPoint\",\"urlTemplate\":\"https:\/\/www.medibase-disposables.com\/es\/?s={search_term_string}\"},\"query-input\":\"required name=search_term_string\"}],\"inLanguage\":\"es\"},{\"@type\":\"Organization\",\"@id\":\"https:\/\/www.medibase-disposables.com\/es\/#organization\",\"name\":\"MEDIBASE\",\"url\":\"https:\/\/www.medibase-disposables.com\/es\/\",\"logo\":{\"@type\":\"ImageObject\",\"inLanguage\":\"es\",\"@id\":\"https:\/\/www.medibase-disposables.com\/es\/#\/schema\/logo\/image\/\",\"url\":\"https:\/\/www.medibase-disposables.com\/wp-content\/uploads\/logo@2x.png\",\"contentUrl\":\"https:\/\/www.medibase-disposables.com\/wp-content\/uploads\/logo@2x.png\",\"width\":501,\"height\":501,\"caption\":\"MEDIBASE\"},\"image\":{\"@id\":\"https:\/\/www.medibase-disposables.com\/es\/#\/schema\/logo\/image\/\"}}]}<\/script>\n<!-- \/ Yoast SEO plugin. -->","yoast_head_json":{"title":"Canulas de aspiraci\u00f3n est\u00e9riles quir\u00fargicas - Medibase","robots":{"index":"index","follow":"follow","max-snippet":"max-snippet:-1","max-image-preview":"max-image-preview:large","max-video-preview":"max-video-preview:-1"},"canonical":"https:\/\/www.medibase-disposables.com\/es\/productos\/canulas-de-aspiracion-esteriles-quirurgicas\/","og_locale":"es_ES","og_type":"article","og_title":"Canulas de aspiraci\u00f3n est\u00e9riles quir\u00fargicas - Medibase","og_description":"Denominaci\u00f3n. R\u00e9f.     La caja de 20 c\u00e1nulas est\u00e9riles + 2 adaptadores dobles 217-966","og_url":"https:\/\/www.medibase-disposables.com\/es\/productos\/canulas-de-aspiracion-esteriles-quirurgicas\/","og_site_name":"Medibase","article_modified_time":"2025-08-20T10:18:30+00:00","og_image":[{"width":2000,"height":2000,"url":"http:\/\/www.medibase-disposables.com\/wp-content\/uploads\/3149405-Visuel-Sterile-Surgical-Aspiration-Cannulas-RVB.jpg","type":"image\/jpeg"}],"twitter_card":"summary_large_image","twitter_misc":{"Tiempo de lectura":"1 minuto"},"schema":{"@context":"https:\/\/schema.org","@graph":[{"@type":"WebPage","@id":"https:\/\/www.medibase-disposables.com\/es\/productos\/canulas-de-aspiracion-esteriles-quirurgicas\/","url":"https:\/\/www.medibase-disposables.com\/es\/productos\/canulas-de-aspiracion-esteriles-quirurgicas\/","name":"Canulas de aspiraci\u00f3n est\u00e9riles quir\u00fargicas - Medibase","isPartOf":{"@id":"https:\/\/www.medibase-disposables.com\/es\/#website"},"primaryImageOfPage":{"@id":"https:\/\/www.medibase-disposables.com\/es\/productos\/canulas-de-aspiracion-esteriles-quirurgicas\/#primaryimage"},"image":{"@id":"https:\/\/www.medibase-disposables.com\/es\/productos\/canulas-de-aspiracion-esteriles-quirurgicas\/#primaryimage"},"thumbnailUrl":"https:\/\/www.medibase-disposables.com\/wp-content\/uploads\/3149405-Visuel-Sterile-Surgical-Aspiration-Cannulas-RVB.jpg","datePublished":"2023-08-07T10:13:56+00:00","dateModified":"2025-08-20T10:18:30+00:00","breadcrumb":{"@id":"https:\/\/www.medibase-disposables.com\/es\/productos\/canulas-de-aspiracion-esteriles-quirurgicas\/#breadcrumb"},"inLanguage":"es","potentialAction":[{"@type":"ReadAction","target":["https:\/\/www.medibase-disposables.com\/es\/productos\/canulas-de-aspiracion-esteriles-quirurgicas\/"]}]},{"@type":"ImageObject","inLanguage":"es","@id":"https:\/\/www.medibase-disposables.com\/es\/productos\/canulas-de-aspiracion-esteriles-quirurgicas\/#primaryimage","url":"https:\/\/www.medibase-disposables.com\/wp-content\/uploads\/3149405-Visuel-Sterile-Surgical-Aspiration-Cannulas-RVB.jpg","contentUrl":"https:\/\/www.medibase-disposables.com\/wp-content\/uploads\/3149405-Visuel-Sterile-Surgical-Aspiration-Cannulas-RVB.jpg","width":2000,"height":2000},{"@type":"BreadcrumbList","@id":"https:\/\/www.medibase-disposables.com\/es\/productos\/canulas-de-aspiracion-esteriles-quirurgicas\/#breadcrumb","itemListElement":[{"@type":"ListItem","position":1,"name":"Accueil","item":"https:\/\/www.medibase-disposables.com\/es\/"},{"@type":"ListItem","position":2,"name":"Productos","item":"https:\/\/www.medibase-disposables.com\/es\/productos\/"},{"@type":"ListItem","position":3,"name":"Canulas de aspiraci\u00f3n est\u00e9riles quir\u00fargicas"}]},{"@type":"WebSite","@id":"https:\/\/www.medibase-disposables.com\/es\/#website","url":"https:\/\/www.medibase-disposables.com\/es\/","name":"Medibase","description":"Your everyday essentials","publisher":{"@id":"https:\/\/www.medibase-disposables.com\/es\/#organization"},"potentialAction":[{"@type":"SearchAction","target":{"@type":"EntryPoint","urlTemplate":"https:\/\/www.medibase-disposables.com\/es\/?s={search_term_string}"},"query-input":"required name=search_term_string"}],"inLanguage":"es"},{"@type":"Organization","@id":"https:\/\/www.medibase-disposables.com\/es\/#organization","name":"MEDIBASE","url":"https:\/\/www.medibase-disposables.com\/es\/","logo":{"@type":"ImageObject","inLanguage":"es","@id":"https:\/\/www.medibase-disposables.com\/es\/#\/schema\/logo\/image\/","url":"https:\/\/www.medibase-disposables.com\/wp-content\/uploads\/logo@2x.png","contentUrl":"https:\/\/www.medibase-disposables.com\/wp-content\/uploads\/logo@2x.png","width":501,"height":501,"caption":"MEDIBASE"},"image":{"@id":"https:\/\/www.medibase-disposables.com\/es\/#\/schema\/logo\/image\/"}}]}},"_links":{"self":[{"href":"https:\/\/www.medibase-disposables.com\/es\/wp-json\/wp\/v2\/product\/10859"}],"collection":[{"href":"https:\/\/www.medibase-disposables.com\/es\/wp-json\/wp\/v2\/product"}],"about":[{"href":"https:\/\/www.medibase-disposables.com\/es\/wp-json\/wp\/v2\/types\/product"}],"wp:featuredmedia":[{"embeddable":true,"href":"https:\/\/www.medibase-disposables.com\/es\/wp-json\/wp\/v2\/media\/10539"}],"wp:attachment":[{"href":"https:\/\/www.medibase-disposables.com\/es\/wp-json\/wp\/v2\/media?parent=10859"}],"wp:term":[{"taxonomy":"product_cat","embeddable":true,"href":"https:\/\/www.medibase-disposables.com\/es\/wp-json\/wp\/v2\/product_cat?post=10859"},{"taxonomy":"product_tag","embeddable":true,"href":"https:\/\/www.medibase-disposables.com\/es\/wp-json\/wp\/v2\/product_tag?post=10859"}],"curies":[{"name":"wp","href":"https:\/\/api.w.org\/{rel}","templated":true}]}}