{"id":10982,"date":"2023-12-11T17:04:03","date_gmt":"2023-12-11T16:57:44","guid":{"rendered":"https:\/\/www.medibase-disposables.com\/?post_type=product&#038;p=10982"},"modified":"2025-08-20T14:26:03","modified_gmt":"2025-08-20T12:26:03","slug":"cunas-de-latex-sin-polvo-para-los-dedos","status":"publish","type":"product","link":"https:\/\/www.medibase-disposables.com\/es\/productos\/cunas-de-latex-sin-polvo-para-los-dedos\/","title":{"rendered":"Dedales de l\u00e1tex sin polvo"},"content":{"rendered":"<p><strong>Caja de 100 sobres<\/strong><\/p>\n<table border=\"0\" cellspacing=\"10\" cellpadding=\"0\" align=\"center\">\n<thead>\n<tr>\n<td style=\"width: 246px;\">Tallas<\/td>\n<td style=\"width: 264px;\">\n<p style=\"text-align: left;\" align=\"center\">\u00a0R\u00e9f.<\/p>\n<\/td>\n<\/tr>\n<\/thead>\n<tbody>\n<tr>\n<td style=\"width: 246px;\">S<\/td>\n<td style=\"width: 264px;\">220-324<\/td>\n<\/tr>\n<tr>\n<td style=\"width: 246px;\">M<\/td>\n<td style=\"width: 264px;\">220-325<\/td>\n<\/tr>\n<tr>\n<td style=\"width: 246px;\">L<\/td>\n<td style=\"width: 264px;\">220-326<\/td>\n<\/tr>\n<tr>\n<td style=\"width: 246px;\">XL<\/td>\n<td style=\"width: 264px;\">220-327<\/td>\n<\/tr>\n<\/tbody>\n<\/table>\n<p>&nbsp;<\/p>\n","protected":false},"excerpt":{"rendered":"<p><strong>Almohadilla de un solo uso, no est\u00e9ril y sin polvo, para proteger el dedo, la sonda o el sensor durante los ex\u00e1menes m\u00e9dicos.<\/strong><\/p>\n<p><strong>Caracter\u00edsticas :<\/strong><\/p>\n<ul>\n<li>Composici\u00f3n : L\u00e1tex<\/li>\n<\/ul>\n<p>&nbsp;<\/p>\n<p>Producto sanitario de clase I<\/p>\n<p>Marca CE<\/p>\n<p>Fabricante: Ningbo Greetmed Medical Instruments Ningbo Greetmed Medical Instruments Co, Ltd.<\/p>\n","protected":false},"featured_media":10975,"template":"","meta":{"_acf_changed":false},"product_cat":[282,291],"product_tag":[],"acf":[],"yoast_head":"<!-- This site is optimized with the Yoast SEO plugin v22.3 - https:\/\/yoast.com\/wordpress\/plugins\/seo\/ -->\n<title>Dedales de l\u00e1tex sin polvo - Medibase<\/title>\n<meta name=\"robots\" content=\"index, follow, max-snippet:-1, max-image-preview:large, max-video-preview:-1\" \/>\n<link rel=\"canonical\" href=\"https:\/\/www.medibase-disposables.com\/es\/productos\/cunas-de-latex-sin-polvo-para-los-dedos\/\" \/>\n<meta property=\"og:locale\" content=\"es_ES\" \/>\n<meta property=\"og:type\" content=\"article\" \/>\n<meta property=\"og:title\" content=\"Dedales de l\u00e1tex sin polvo - Medibase\" \/>\n<meta property=\"og:description\" content=\"Almohadilla de un solo uso, no est\u00e9ril y sin polvo, para proteger el dedo, la sonda o el sensor durante los ex\u00e1menes m\u00e9dicos.  Caracter\u00edsticas :   Composici\u00f3n : L\u00e1tex  &nbsp;  Producto sanitario de clase I  Marca CE  Fabricante: Ningbo Greetmed Medical Instruments Ningbo Greetmed Medical Instruments Co, Ltd.\" \/>\n<meta property=\"og:url\" content=\"https:\/\/www.medibase-disposables.com\/es\/productos\/cunas-de-latex-sin-polvo-para-los-dedos\/\" \/>\n<meta property=\"og:site_name\" content=\"Medibase\" \/>\n<meta property=\"article:modified_time\" content=\"2025-08-20T12:26:03+00:00\" \/>\n<meta property=\"og:image\" content=\"http:\/\/www.medibase-disposables.com\/wp-content\/uploads\/3160738-Visuel-Powder-Free-Latex-Finger-Sachet-RVB.jpg\" \/>\n\t<meta property=\"og:image:width\" content=\"2000\" \/>\n\t<meta property=\"og:image:height\" content=\"2000\" \/>\n\t<meta property=\"og:image:type\" content=\"image\/jpeg\" \/>\n<meta name=\"twitter:card\" content=\"summary_large_image\" \/>\n<meta name=\"twitter:label1\" content=\"Tiempo de lectura\" \/>\n\t<meta name=\"twitter:data1\" content=\"1 minuto\" \/>\n<script type=\"application\/ld+json\" class=\"yoast-schema-graph\">{\"@context\":\"https:\/\/schema.org\",\"@graph\":[{\"@type\":\"WebPage\",\"@id\":\"https:\/\/www.medibase-disposables.com\/es\/productos\/cunas-de-latex-sin-polvo-para-los-dedos\/\",\"url\":\"https:\/\/www.medibase-disposables.com\/es\/productos\/cunas-de-latex-sin-polvo-para-los-dedos\/\",\"name\":\"Dedales de l\u00e1tex sin polvo - Medibase\",\"isPartOf\":{\"@id\":\"https:\/\/www.medibase-disposables.com\/es\/#website\"},\"primaryImageOfPage\":{\"@id\":\"https:\/\/www.medibase-disposables.com\/es\/productos\/cunas-de-latex-sin-polvo-para-los-dedos\/#primaryimage\"},\"image\":{\"@id\":\"https:\/\/www.medibase-disposables.com\/es\/productos\/cunas-de-latex-sin-polvo-para-los-dedos\/#primaryimage\"},\"thumbnailUrl\":\"https:\/\/www.medibase-disposables.com\/wp-content\/uploads\/3160738-Visuel-Powder-Free-Latex-Finger-Sachet-RVB.jpg\",\"datePublished\":\"2023-12-11T16:57:44+00:00\",\"dateModified\":\"2025-08-20T12:26:03+00:00\",\"breadcrumb\":{\"@id\":\"https:\/\/www.medibase-disposables.com\/es\/productos\/cunas-de-latex-sin-polvo-para-los-dedos\/#breadcrumb\"},\"inLanguage\":\"es\",\"potentialAction\":[{\"@type\":\"ReadAction\",\"target\":[\"https:\/\/www.medibase-disposables.com\/es\/productos\/cunas-de-latex-sin-polvo-para-los-dedos\/\"]}]},{\"@type\":\"ImageObject\",\"inLanguage\":\"es\",\"@id\":\"https:\/\/www.medibase-disposables.com\/es\/productos\/cunas-de-latex-sin-polvo-para-los-dedos\/#primaryimage\",\"url\":\"https:\/\/www.medibase-disposables.com\/wp-content\/uploads\/3160738-Visuel-Powder-Free-Latex-Finger-Sachet-RVB.jpg\",\"contentUrl\":\"https:\/\/www.medibase-disposables.com\/wp-content\/uploads\/3160738-Visuel-Powder-Free-Latex-Finger-Sachet-RVB.jpg\",\"width\":2000,\"height\":2000},{\"@type\":\"BreadcrumbList\",\"@id\":\"https:\/\/www.medibase-disposables.com\/es\/productos\/cunas-de-latex-sin-polvo-para-los-dedos\/#breadcrumb\",\"itemListElement\":[{\"@type\":\"ListItem\",\"position\":1,\"name\":\"Accueil\",\"item\":\"https:\/\/www.medibase-disposables.com\/es\/\"},{\"@type\":\"ListItem\",\"position\":2,\"name\":\"Productos\",\"item\":\"https:\/\/www.medibase-disposables.com\/es\/productos\/\"},{\"@type\":\"ListItem\",\"position\":3,\"name\":\"Dedales de l\u00e1tex sin polvo\"}]},{\"@type\":\"WebSite\",\"@id\":\"https:\/\/www.medibase-disposables.com\/es\/#website\",\"url\":\"https:\/\/www.medibase-disposables.com\/es\/\",\"name\":\"Medibase\",\"description\":\"Your everyday essentials\",\"publisher\":{\"@id\":\"https:\/\/www.medibase-disposables.com\/es\/#organization\"},\"potentialAction\":[{\"@type\":\"SearchAction\",\"target\":{\"@type\":\"EntryPoint\",\"urlTemplate\":\"https:\/\/www.medibase-disposables.com\/es\/?s={search_term_string}\"},\"query-input\":\"required name=search_term_string\"}],\"inLanguage\":\"es\"},{\"@type\":\"Organization\",\"@id\":\"https:\/\/www.medibase-disposables.com\/es\/#organization\",\"name\":\"MEDIBASE\",\"url\":\"https:\/\/www.medibase-disposables.com\/es\/\",\"logo\":{\"@type\":\"ImageObject\",\"inLanguage\":\"es\",\"@id\":\"https:\/\/www.medibase-disposables.com\/es\/#\/schema\/logo\/image\/\",\"url\":\"https:\/\/www.medibase-disposables.com\/wp-content\/uploads\/logo@2x.png\",\"contentUrl\":\"https:\/\/www.medibase-disposables.com\/wp-content\/uploads\/logo@2x.png\",\"width\":501,\"height\":501,\"caption\":\"MEDIBASE\"},\"image\":{\"@id\":\"https:\/\/www.medibase-disposables.com\/es\/#\/schema\/logo\/image\/\"}}]}<\/script>\n<!-- \/ Yoast SEO plugin. -->","yoast_head_json":{"title":"Dedales de l\u00e1tex sin polvo - Medibase","robots":{"index":"index","follow":"follow","max-snippet":"max-snippet:-1","max-image-preview":"max-image-preview:large","max-video-preview":"max-video-preview:-1"},"canonical":"https:\/\/www.medibase-disposables.com\/es\/productos\/cunas-de-latex-sin-polvo-para-los-dedos\/","og_locale":"es_ES","og_type":"article","og_title":"Dedales de l\u00e1tex sin polvo - Medibase","og_description":"Almohadilla de un solo uso, no est\u00e9ril y sin polvo, para proteger el dedo, la sonda o el sensor durante los ex\u00e1menes m\u00e9dicos.  Caracter\u00edsticas :   Composici\u00f3n : L\u00e1tex  &nbsp;  Producto sanitario de clase I  Marca CE  Fabricante: Ningbo Greetmed Medical Instruments Ningbo Greetmed Medical Instruments Co, Ltd.","og_url":"https:\/\/www.medibase-disposables.com\/es\/productos\/cunas-de-latex-sin-polvo-para-los-dedos\/","og_site_name":"Medibase","article_modified_time":"2025-08-20T12:26:03+00:00","og_image":[{"width":2000,"height":2000,"url":"http:\/\/www.medibase-disposables.com\/wp-content\/uploads\/3160738-Visuel-Powder-Free-Latex-Finger-Sachet-RVB.jpg","type":"image\/jpeg"}],"twitter_card":"summary_large_image","twitter_misc":{"Tiempo de lectura":"1 minuto"},"schema":{"@context":"https:\/\/schema.org","@graph":[{"@type":"WebPage","@id":"https:\/\/www.medibase-disposables.com\/es\/productos\/cunas-de-latex-sin-polvo-para-los-dedos\/","url":"https:\/\/www.medibase-disposables.com\/es\/productos\/cunas-de-latex-sin-polvo-para-los-dedos\/","name":"Dedales de l\u00e1tex sin polvo - Medibase","isPartOf":{"@id":"https:\/\/www.medibase-disposables.com\/es\/#website"},"primaryImageOfPage":{"@id":"https:\/\/www.medibase-disposables.com\/es\/productos\/cunas-de-latex-sin-polvo-para-los-dedos\/#primaryimage"},"image":{"@id":"https:\/\/www.medibase-disposables.com\/es\/productos\/cunas-de-latex-sin-polvo-para-los-dedos\/#primaryimage"},"thumbnailUrl":"https:\/\/www.medibase-disposables.com\/wp-content\/uploads\/3160738-Visuel-Powder-Free-Latex-Finger-Sachet-RVB.jpg","datePublished":"2023-12-11T16:57:44+00:00","dateModified":"2025-08-20T12:26:03+00:00","breadcrumb":{"@id":"https:\/\/www.medibase-disposables.com\/es\/productos\/cunas-de-latex-sin-polvo-para-los-dedos\/#breadcrumb"},"inLanguage":"es","potentialAction":[{"@type":"ReadAction","target":["https:\/\/www.medibase-disposables.com\/es\/productos\/cunas-de-latex-sin-polvo-para-los-dedos\/"]}]},{"@type":"ImageObject","inLanguage":"es","@id":"https:\/\/www.medibase-disposables.com\/es\/productos\/cunas-de-latex-sin-polvo-para-los-dedos\/#primaryimage","url":"https:\/\/www.medibase-disposables.com\/wp-content\/uploads\/3160738-Visuel-Powder-Free-Latex-Finger-Sachet-RVB.jpg","contentUrl":"https:\/\/www.medibase-disposables.com\/wp-content\/uploads\/3160738-Visuel-Powder-Free-Latex-Finger-Sachet-RVB.jpg","width":2000,"height":2000},{"@type":"BreadcrumbList","@id":"https:\/\/www.medibase-disposables.com\/es\/productos\/cunas-de-latex-sin-polvo-para-los-dedos\/#breadcrumb","itemListElement":[{"@type":"ListItem","position":1,"name":"Accueil","item":"https:\/\/www.medibase-disposables.com\/es\/"},{"@type":"ListItem","position":2,"name":"Productos","item":"https:\/\/www.medibase-disposables.com\/es\/productos\/"},{"@type":"ListItem","position":3,"name":"Dedales de l\u00e1tex sin polvo"}]},{"@type":"WebSite","@id":"https:\/\/www.medibase-disposables.com\/es\/#website","url":"https:\/\/www.medibase-disposables.com\/es\/","name":"Medibase","description":"Your everyday essentials","publisher":{"@id":"https:\/\/www.medibase-disposables.com\/es\/#organization"},"potentialAction":[{"@type":"SearchAction","target":{"@type":"EntryPoint","urlTemplate":"https:\/\/www.medibase-disposables.com\/es\/?s={search_term_string}"},"query-input":"required name=search_term_string"}],"inLanguage":"es"},{"@type":"Organization","@id":"https:\/\/www.medibase-disposables.com\/es\/#organization","name":"MEDIBASE","url":"https:\/\/www.medibase-disposables.com\/es\/","logo":{"@type":"ImageObject","inLanguage":"es","@id":"https:\/\/www.medibase-disposables.com\/es\/#\/schema\/logo\/image\/","url":"https:\/\/www.medibase-disposables.com\/wp-content\/uploads\/logo@2x.png","contentUrl":"https:\/\/www.medibase-disposables.com\/wp-content\/uploads\/logo@2x.png","width":501,"height":501,"caption":"MEDIBASE"},"image":{"@id":"https:\/\/www.medibase-disposables.com\/es\/#\/schema\/logo\/image\/"}}]}},"_links":{"self":[{"href":"https:\/\/www.medibase-disposables.com\/es\/wp-json\/wp\/v2\/product\/10982"}],"collection":[{"href":"https:\/\/www.medibase-disposables.com\/es\/wp-json\/wp\/v2\/product"}],"about":[{"href":"https:\/\/www.medibase-disposables.com\/es\/wp-json\/wp\/v2\/types\/product"}],"wp:featuredmedia":[{"embeddable":true,"href":"https:\/\/www.medibase-disposables.com\/es\/wp-json\/wp\/v2\/media\/10975"}],"wp:attachment":[{"href":"https:\/\/www.medibase-disposables.com\/es\/wp-json\/wp\/v2\/media?parent=10982"}],"wp:term":[{"taxonomy":"product_cat","embeddable":true,"href":"https:\/\/www.medibase-disposables.com\/es\/wp-json\/wp\/v2\/product_cat?post=10982"},{"taxonomy":"product_tag","embeddable":true,"href":"https:\/\/www.medibase-disposables.com\/es\/wp-json\/wp\/v2\/product_tag?post=10982"}],"curies":[{"name":"wp","href":"https:\/\/api.w.org\/{rel}","templated":true}]}}