{"id":11318,"date":"2024-01-31T15:37:15","date_gmt":"2024-01-31T16:22:18","guid":{"rendered":"https:\/\/www.medibase-disposables.com\/?post_type=product&#038;p=11318"},"modified":"2025-08-14T11:46:25","modified_gmt":"2025-08-14T09:46:25","slug":"mascarillas-con-cintas-2","status":"publish","type":"product","link":"https:\/\/www.medibase-disposables.com\/es\/productos\/mascarillas-con-cintas-2\/","title":{"rendered":"Mascarillas con cintas &#8211; Promask"},"content":{"rendered":"<p><strong>Caja con 50 m\u00e1scaras :\u00a0<\/strong><\/p>\n<table border=\"0\">\n<tbody>\n<tr style=\"height: 28px;\">\n<td style=\"text-align: left; height: 28px;\">Mascarillas con cintas \/ Azul<\/td>\n<td style=\"text-align: left; height: 28px;\">3162330<\/td>\n<\/tr>\n<\/tbody>\n<thead>\n<tr style=\"height: 28px;\">\n<td style=\"text-align: left; height: 28px;\"><strong>Designaci\u00f3n<\/strong><\/td>\n<td style=\"height: 28px;\"><strong>R\u00e9f.<\/strong><\/td>\n<\/tr>\n<\/thead>\n<\/table>\n<p>&nbsp;<\/p>\n","protected":false},"excerpt":{"rendered":"<p>M\u00e1scaras m\u00e9dicas sin l\u00e1tex y sin fibra de vidrio con tiras de triple grosor. Cumple con la norma Tipo IIR EN 14683: m\u00e1scaras protectoras contra salpicaduras de l\u00edquidos biol\u00f3gicos.<\/p>\n<p><strong>Caracter\u00edsticas :<\/strong><\/p>\n<ul>\n<li>Eficiencia de la filtraci\u00f3n bacteriana (BFE), en %: \u2265 98<\/li>\n<li>Resistencia respiratoria (\u0394P): &lt; 49<\/li>\n<li>Presi\u00f3n de la resistencia a las salpicaduras: &gt;120 mmHg<\/li>\n<li>Limpieza microbiana (CFU\/g): \u2264 30<\/li>\n<li>Dimensiones: 17,8 cm x 8,9 cm<\/li>\n<li>Esperanza de vida : 3 a\u00f1os<\/li>\n<li>3 pliegues<\/li>\n<\/ul>\n<p>Dispositivo m\u00e9dico : Clase I<\/p>\n<p>Marca CE<\/p>\n","protected":false},"featured_media":11162,"template":"","meta":{"_acf_changed":false},"product_cat":[295],"product_tag":[243],"acf":[],"yoast_head":"<!-- This site is optimized with the Yoast SEO plugin v22.3 - https:\/\/yoast.com\/wordpress\/plugins\/seo\/ -->\n<title>Mascarillas con cintas - Promask - Medibase<\/title>\n<meta name=\"robots\" content=\"index, follow, max-snippet:-1, max-image-preview:large, max-video-preview:-1\" \/>\n<link rel=\"canonical\" href=\"https:\/\/www.medibase-disposables.com\/es\/productos\/mascarillas-con-cintas-2\/\" \/>\n<meta property=\"og:locale\" content=\"es_ES\" \/>\n<meta property=\"og:type\" content=\"article\" \/>\n<meta property=\"og:title\" content=\"Mascarillas con cintas - Promask - Medibase\" \/>\n<meta property=\"og:description\" content=\"M\u00e1scaras m\u00e9dicas sin l\u00e1tex y sin fibra de vidrio con tiras de triple grosor. Cumple con la norma Tipo IIR EN 14683: m\u00e1scaras protectoras contra salpicaduras de l\u00edquidos biol\u00f3gicos.  Caracter\u00edsticas :   Eficiencia de la filtraci\u00f3n bacteriana (BFE), en %: \u2265 98  Resistencia respiratoria (\u0394P): &lt; 49  Presi\u00f3n de la resistencia a las salpicaduras: &gt;120 mmHg  Limpieza microbiana (CFU\/g): \u2264 30  Dimensiones: 17,8 cm x 8,9 cm  Esperanza de vida : 3 a\u00f1os  3 pliegues  Dispositivo m\u00e9dico : Clase I  Marca CE\" \/>\n<meta property=\"og:url\" content=\"https:\/\/www.medibase-disposables.com\/es\/productos\/mascarillas-con-cintas-2\/\" \/>\n<meta property=\"og:site_name\" content=\"Medibase\" \/>\n<meta property=\"article:modified_time\" content=\"2025-08-14T09:46:25+00:00\" \/>\n<meta property=\"og:image\" content=\"http:\/\/www.medibase-disposables.com\/wp-content\/uploads\/3135073-Visuels-Promask-Tie-on-Blue-RVB.jpg\" \/>\n\t<meta property=\"og:image:width\" content=\"2000\" \/>\n\t<meta property=\"og:image:height\" content=\"2000\" \/>\n\t<meta property=\"og:image:type\" content=\"image\/jpeg\" \/>\n<meta name=\"twitter:card\" content=\"summary_large_image\" \/>\n<meta name=\"twitter:label1\" content=\"Tiempo de lectura\" \/>\n\t<meta name=\"twitter:data1\" content=\"1 minuto\" \/>\n<script type=\"application\/ld+json\" class=\"yoast-schema-graph\">{\"@context\":\"https:\/\/schema.org\",\"@graph\":[{\"@type\":\"WebPage\",\"@id\":\"https:\/\/www.medibase-disposables.com\/es\/productos\/mascarillas-con-cintas-2\/\",\"url\":\"https:\/\/www.medibase-disposables.com\/es\/productos\/mascarillas-con-cintas-2\/\",\"name\":\"Mascarillas con cintas - Promask - Medibase\",\"isPartOf\":{\"@id\":\"https:\/\/www.medibase-disposables.com\/es\/#website\"},\"primaryImageOfPage\":{\"@id\":\"https:\/\/www.medibase-disposables.com\/es\/productos\/mascarillas-con-cintas-2\/#primaryimage\"},\"image\":{\"@id\":\"https:\/\/www.medibase-disposables.com\/es\/productos\/mascarillas-con-cintas-2\/#primaryimage\"},\"thumbnailUrl\":\"https:\/\/www.medibase-disposables.com\/wp-content\/uploads\/3135073-Visuels-Promask-Tie-on-Blue-RVB.jpg\",\"datePublished\":\"2024-01-31T16:22:18+00:00\",\"dateModified\":\"2025-08-14T09:46:25+00:00\",\"breadcrumb\":{\"@id\":\"https:\/\/www.medibase-disposables.com\/es\/productos\/mascarillas-con-cintas-2\/#breadcrumb\"},\"inLanguage\":\"es\",\"potentialAction\":[{\"@type\":\"ReadAction\",\"target\":[\"https:\/\/www.medibase-disposables.com\/es\/productos\/mascarillas-con-cintas-2\/\"]}]},{\"@type\":\"ImageObject\",\"inLanguage\":\"es\",\"@id\":\"https:\/\/www.medibase-disposables.com\/es\/productos\/mascarillas-con-cintas-2\/#primaryimage\",\"url\":\"https:\/\/www.medibase-disposables.com\/wp-content\/uploads\/3135073-Visuels-Promask-Tie-on-Blue-RVB.jpg\",\"contentUrl\":\"https:\/\/www.medibase-disposables.com\/wp-content\/uploads\/3135073-Visuels-Promask-Tie-on-Blue-RVB.jpg\",\"width\":2000,\"height\":2000},{\"@type\":\"BreadcrumbList\",\"@id\":\"https:\/\/www.medibase-disposables.com\/es\/productos\/mascarillas-con-cintas-2\/#breadcrumb\",\"itemListElement\":[{\"@type\":\"ListItem\",\"position\":1,\"name\":\"Accueil\",\"item\":\"https:\/\/www.medibase-disposables.com\/es\/\"},{\"@type\":\"ListItem\",\"position\":2,\"name\":\"Productos\",\"item\":\"https:\/\/www.medibase-disposables.com\/es\/productos\/\"},{\"@type\":\"ListItem\",\"position\":3,\"name\":\"Mascarillas con cintas &#8211; Promask\"}]},{\"@type\":\"WebSite\",\"@id\":\"https:\/\/www.medibase-disposables.com\/es\/#website\",\"url\":\"https:\/\/www.medibase-disposables.com\/es\/\",\"name\":\"Medibase\",\"description\":\"Your everyday essentials\",\"publisher\":{\"@id\":\"https:\/\/www.medibase-disposables.com\/es\/#organization\"},\"potentialAction\":[{\"@type\":\"SearchAction\",\"target\":{\"@type\":\"EntryPoint\",\"urlTemplate\":\"https:\/\/www.medibase-disposables.com\/es\/?s={search_term_string}\"},\"query-input\":\"required name=search_term_string\"}],\"inLanguage\":\"es\"},{\"@type\":\"Organization\",\"@id\":\"https:\/\/www.medibase-disposables.com\/es\/#organization\",\"name\":\"MEDIBASE\",\"url\":\"https:\/\/www.medibase-disposables.com\/es\/\",\"logo\":{\"@type\":\"ImageObject\",\"inLanguage\":\"es\",\"@id\":\"https:\/\/www.medibase-disposables.com\/es\/#\/schema\/logo\/image\/\",\"url\":\"https:\/\/www.medibase-disposables.com\/wp-content\/uploads\/logo@2x.png\",\"contentUrl\":\"https:\/\/www.medibase-disposables.com\/wp-content\/uploads\/logo@2x.png\",\"width\":501,\"height\":501,\"caption\":\"MEDIBASE\"},\"image\":{\"@id\":\"https:\/\/www.medibase-disposables.com\/es\/#\/schema\/logo\/image\/\"}}]}<\/script>\n<!-- \/ Yoast SEO plugin. -->","yoast_head_json":{"title":"Mascarillas con cintas - Promask - Medibase","robots":{"index":"index","follow":"follow","max-snippet":"max-snippet:-1","max-image-preview":"max-image-preview:large","max-video-preview":"max-video-preview:-1"},"canonical":"https:\/\/www.medibase-disposables.com\/es\/productos\/mascarillas-con-cintas-2\/","og_locale":"es_ES","og_type":"article","og_title":"Mascarillas con cintas - Promask - Medibase","og_description":"M\u00e1scaras m\u00e9dicas sin l\u00e1tex y sin fibra de vidrio con tiras de triple grosor. Cumple con la norma Tipo IIR EN 14683: m\u00e1scaras protectoras contra salpicaduras de l\u00edquidos biol\u00f3gicos.  Caracter\u00edsticas :   Eficiencia de la filtraci\u00f3n bacteriana (BFE), en %: \u2265 98  Resistencia respiratoria (\u0394P): &lt; 49  Presi\u00f3n de la resistencia a las salpicaduras: &gt;120 mmHg  Limpieza microbiana (CFU\/g): \u2264 30  Dimensiones: 17,8 cm x 8,9 cm  Esperanza de vida : 3 a\u00f1os  3 pliegues  Dispositivo m\u00e9dico : Clase I  Marca CE","og_url":"https:\/\/www.medibase-disposables.com\/es\/productos\/mascarillas-con-cintas-2\/","og_site_name":"Medibase","article_modified_time":"2025-08-14T09:46:25+00:00","og_image":[{"width":2000,"height":2000,"url":"http:\/\/www.medibase-disposables.com\/wp-content\/uploads\/3135073-Visuels-Promask-Tie-on-Blue-RVB.jpg","type":"image\/jpeg"}],"twitter_card":"summary_large_image","twitter_misc":{"Tiempo de lectura":"1 minuto"},"schema":{"@context":"https:\/\/schema.org","@graph":[{"@type":"WebPage","@id":"https:\/\/www.medibase-disposables.com\/es\/productos\/mascarillas-con-cintas-2\/","url":"https:\/\/www.medibase-disposables.com\/es\/productos\/mascarillas-con-cintas-2\/","name":"Mascarillas con cintas - Promask - Medibase","isPartOf":{"@id":"https:\/\/www.medibase-disposables.com\/es\/#website"},"primaryImageOfPage":{"@id":"https:\/\/www.medibase-disposables.com\/es\/productos\/mascarillas-con-cintas-2\/#primaryimage"},"image":{"@id":"https:\/\/www.medibase-disposables.com\/es\/productos\/mascarillas-con-cintas-2\/#primaryimage"},"thumbnailUrl":"https:\/\/www.medibase-disposables.com\/wp-content\/uploads\/3135073-Visuels-Promask-Tie-on-Blue-RVB.jpg","datePublished":"2024-01-31T16:22:18+00:00","dateModified":"2025-08-14T09:46:25+00:00","breadcrumb":{"@id":"https:\/\/www.medibase-disposables.com\/es\/productos\/mascarillas-con-cintas-2\/#breadcrumb"},"inLanguage":"es","potentialAction":[{"@type":"ReadAction","target":["https:\/\/www.medibase-disposables.com\/es\/productos\/mascarillas-con-cintas-2\/"]}]},{"@type":"ImageObject","inLanguage":"es","@id":"https:\/\/www.medibase-disposables.com\/es\/productos\/mascarillas-con-cintas-2\/#primaryimage","url":"https:\/\/www.medibase-disposables.com\/wp-content\/uploads\/3135073-Visuels-Promask-Tie-on-Blue-RVB.jpg","contentUrl":"https:\/\/www.medibase-disposables.com\/wp-content\/uploads\/3135073-Visuels-Promask-Tie-on-Blue-RVB.jpg","width":2000,"height":2000},{"@type":"BreadcrumbList","@id":"https:\/\/www.medibase-disposables.com\/es\/productos\/mascarillas-con-cintas-2\/#breadcrumb","itemListElement":[{"@type":"ListItem","position":1,"name":"Accueil","item":"https:\/\/www.medibase-disposables.com\/es\/"},{"@type":"ListItem","position":2,"name":"Productos","item":"https:\/\/www.medibase-disposables.com\/es\/productos\/"},{"@type":"ListItem","position":3,"name":"Mascarillas con cintas &#8211; Promask"}]},{"@type":"WebSite","@id":"https:\/\/www.medibase-disposables.com\/es\/#website","url":"https:\/\/www.medibase-disposables.com\/es\/","name":"Medibase","description":"Your everyday essentials","publisher":{"@id":"https:\/\/www.medibase-disposables.com\/es\/#organization"},"potentialAction":[{"@type":"SearchAction","target":{"@type":"EntryPoint","urlTemplate":"https:\/\/www.medibase-disposables.com\/es\/?s={search_term_string}"},"query-input":"required name=search_term_string"}],"inLanguage":"es"},{"@type":"Organization","@id":"https:\/\/www.medibase-disposables.com\/es\/#organization","name":"MEDIBASE","url":"https:\/\/www.medibase-disposables.com\/es\/","logo":{"@type":"ImageObject","inLanguage":"es","@id":"https:\/\/www.medibase-disposables.com\/es\/#\/schema\/logo\/image\/","url":"https:\/\/www.medibase-disposables.com\/wp-content\/uploads\/logo@2x.png","contentUrl":"https:\/\/www.medibase-disposables.com\/wp-content\/uploads\/logo@2x.png","width":501,"height":501,"caption":"MEDIBASE"},"image":{"@id":"https:\/\/www.medibase-disposables.com\/es\/#\/schema\/logo\/image\/"}}]}},"_links":{"self":[{"href":"https:\/\/www.medibase-disposables.com\/es\/wp-json\/wp\/v2\/product\/11318"}],"collection":[{"href":"https:\/\/www.medibase-disposables.com\/es\/wp-json\/wp\/v2\/product"}],"about":[{"href":"https:\/\/www.medibase-disposables.com\/es\/wp-json\/wp\/v2\/types\/product"}],"wp:featuredmedia":[{"embeddable":true,"href":"https:\/\/www.medibase-disposables.com\/es\/wp-json\/wp\/v2\/media\/11162"}],"wp:attachment":[{"href":"https:\/\/www.medibase-disposables.com\/es\/wp-json\/wp\/v2\/media?parent=11318"}],"wp:term":[{"taxonomy":"product_cat","embeddable":true,"href":"https:\/\/www.medibase-disposables.com\/es\/wp-json\/wp\/v2\/product_cat?post=11318"},{"taxonomy":"product_tag","embeddable":true,"href":"https:\/\/www.medibase-disposables.com\/es\/wp-json\/wp\/v2\/product_tag?post=11318"}],"curies":[{"name":"wp","href":"https:\/\/api.w.org\/{rel}","templated":true}]}}