{"id":11786,"date":"2025-01-06T18:11:45","date_gmt":"2025-01-07T09:24:09","guid":{"rendered":"https:\/\/www.medibase-disposables.com\/?post_type=product&#038;p=11786"},"modified":"2025-01-07T10:40:14","modified_gmt":"2025-01-07T09:40:14","slug":"guantes-de-examen-de-latex-sin-polvo-aloe-vera","status":"publish","type":"product","link":"https:\/\/www.medibase-disposables.com\/es\/productos\/guantes-de-examen-de-latex-sin-polvo-aloe-vera\/","title":{"rendered":"Guantes De Examen De L\u00e1tex Sin Polvo Aloe Vera"},"content":{"rendered":"<p><strong>Caja de 100 guantes<\/strong><\/p>\n<table class=\"content_table\" border=\"0\" width=\"100%\">\n<thead>\n<tr>\n<td>Tallas<\/td>\n<td>Ref.<\/td>\n<\/tr>\n<\/thead>\n<tbody>\n<tr class=\"gray\">\n<td>XS 5\/6<\/td>\n<td>214-127<\/td>\n<\/tr>\n<tr>\n<td>S 6\/7<\/td>\n<td>214-128<\/td>\n<\/tr>\n<tr>\n<td>M 7\/8<\/td>\n<td>214-129<\/td>\n<\/tr>\n<tr>\n<td>L 8\/9<\/td>\n<td>214-130<\/td>\n<\/tr>\n<tr>\n<td>XL 9\/10<\/td>\n<td>214-131<\/td>\n<\/tr>\n<\/tbody>\n<\/table>\n<p>&nbsp;<\/p>\n","protected":false},"excerpt":{"rendered":"<p>Ambidiestro, de un solo uso.<\/p>\n<p><strong>Caracter\u00edsticas :<\/strong><\/p>\n<ul>\n<li>De l\u00e1tex natural para una gran elasticidad y una excelente sensibilidad t\u00e1ctil.<\/li>\n<li>Sin polvo.<\/li>\n<li>Enriquecido con Aloe Vera para un \u00f3ptimo confort e hidrataci\u00f3n de las manos.<\/li>\n<li>Superficie texturizada para un mejor agarre.<\/li>\n<li>Gran resistencia al desgarro.<\/li>\n<\/ul>\n<p>DM Clase I<\/p>\n<p>Fabricante : MATANG<\/p>\n<p>&nbsp;<\/p>\n","protected":false},"featured_media":11805,"template":"","meta":{"_acf_changed":false},"product_cat":[291],"product_tag":[],"acf":[],"yoast_head":"<!-- This site is optimized with the Yoast SEO plugin v22.3 - https:\/\/yoast.com\/wordpress\/plugins\/seo\/ -->\n<title>Guantes De Examen De L\u00e1tex Sin Polvo Aloe Vera - Medibase<\/title>\n<meta name=\"robots\" content=\"index, follow, max-snippet:-1, max-image-preview:large, max-video-preview:-1\" \/>\n<link rel=\"canonical\" href=\"https:\/\/www.medibase-disposables.com\/es\/productos\/guantes-de-examen-de-latex-sin-polvo-aloe-vera\/\" \/>\n<meta property=\"og:locale\" content=\"es_ES\" \/>\n<meta property=\"og:type\" content=\"article\" \/>\n<meta property=\"og:title\" content=\"Guantes De Examen De L\u00e1tex Sin Polvo Aloe Vera - Medibase\" \/>\n<meta property=\"og:description\" content=\"Ambidiestro, de un solo uso.  Caracter\u00edsticas :   De l\u00e1tex natural para una gran elasticidad y una excelente sensibilidad t\u00e1ctil.  Sin polvo.  Enriquecido con Aloe Vera para un \u00f3ptimo confort e hidrataci\u00f3n de las manos.  Superficie texturizada para un mejor agarre.  Gran resistencia al desgarro.  DM Clase I  Fabricante : MATANG  &nbsp;\" \/>\n<meta property=\"og:url\" content=\"https:\/\/www.medibase-disposables.com\/es\/productos\/guantes-de-examen-de-latex-sin-polvo-aloe-vera\/\" \/>\n<meta property=\"og:site_name\" content=\"Medibase\" \/>\n<meta property=\"article:modified_time\" content=\"2025-01-07T09:40:14+00:00\" \/>\n<meta property=\"og:image\" content=\"http:\/\/www.medibase-disposables.com\/wp-content\/uploads\/3D_Medibase_gants-latex_non-poudres_aloe_HD-1024x701.png\" \/>\n\t<meta property=\"og:image:width\" content=\"1024\" \/>\n\t<meta property=\"og:image:height\" content=\"701\" \/>\n\t<meta property=\"og:image:type\" content=\"image\/png\" \/>\n<meta name=\"twitter:card\" content=\"summary_large_image\" \/>\n<meta name=\"twitter:label1\" content=\"Tiempo de lectura\" \/>\n\t<meta name=\"twitter:data1\" content=\"1 minuto\" \/>\n<script type=\"application\/ld+json\" class=\"yoast-schema-graph\">{\"@context\":\"https:\/\/schema.org\",\"@graph\":[{\"@type\":\"WebPage\",\"@id\":\"https:\/\/www.medibase-disposables.com\/es\/productos\/guantes-de-examen-de-latex-sin-polvo-aloe-vera\/\",\"url\":\"https:\/\/www.medibase-disposables.com\/es\/productos\/guantes-de-examen-de-latex-sin-polvo-aloe-vera\/\",\"name\":\"Guantes De Examen De L\u00e1tex Sin Polvo Aloe Vera - Medibase\",\"isPartOf\":{\"@id\":\"https:\/\/www.medibase-disposables.com\/es\/#website\"},\"primaryImageOfPage\":{\"@id\":\"https:\/\/www.medibase-disposables.com\/es\/productos\/guantes-de-examen-de-latex-sin-polvo-aloe-vera\/#primaryimage\"},\"image\":{\"@id\":\"https:\/\/www.medibase-disposables.com\/es\/productos\/guantes-de-examen-de-latex-sin-polvo-aloe-vera\/#primaryimage\"},\"thumbnailUrl\":\"https:\/\/www.medibase-disposables.com\/wp-content\/uploads\/3D_Medibase_gants-latex_non-poudres_aloe_HD.png\",\"datePublished\":\"2025-01-07T09:24:09+00:00\",\"dateModified\":\"2025-01-07T09:40:14+00:00\",\"breadcrumb\":{\"@id\":\"https:\/\/www.medibase-disposables.com\/es\/productos\/guantes-de-examen-de-latex-sin-polvo-aloe-vera\/#breadcrumb\"},\"inLanguage\":\"es\",\"potentialAction\":[{\"@type\":\"ReadAction\",\"target\":[\"https:\/\/www.medibase-disposables.com\/es\/productos\/guantes-de-examen-de-latex-sin-polvo-aloe-vera\/\"]}]},{\"@type\":\"ImageObject\",\"inLanguage\":\"es\",\"@id\":\"https:\/\/www.medibase-disposables.com\/es\/productos\/guantes-de-examen-de-latex-sin-polvo-aloe-vera\/#primaryimage\",\"url\":\"https:\/\/www.medibase-disposables.com\/wp-content\/uploads\/3D_Medibase_gants-latex_non-poudres_aloe_HD.png\",\"contentUrl\":\"https:\/\/www.medibase-disposables.com\/wp-content\/uploads\/3D_Medibase_gants-latex_non-poudres_aloe_HD.png\",\"width\":2663,\"height\":1824},{\"@type\":\"BreadcrumbList\",\"@id\":\"https:\/\/www.medibase-disposables.com\/es\/productos\/guantes-de-examen-de-latex-sin-polvo-aloe-vera\/#breadcrumb\",\"itemListElement\":[{\"@type\":\"ListItem\",\"position\":1,\"name\":\"Accueil\",\"item\":\"https:\/\/www.medibase-disposables.com\/es\/\"},{\"@type\":\"ListItem\",\"position\":2,\"name\":\"Productos\",\"item\":\"https:\/\/www.medibase-disposables.com\/es\/productos\/\"},{\"@type\":\"ListItem\",\"position\":3,\"name\":\"Guantes De Examen De L\u00e1tex Sin Polvo Aloe Vera\"}]},{\"@type\":\"WebSite\",\"@id\":\"https:\/\/www.medibase-disposables.com\/es\/#website\",\"url\":\"https:\/\/www.medibase-disposables.com\/es\/\",\"name\":\"Medibase\",\"description\":\"Your everyday essentials\",\"publisher\":{\"@id\":\"https:\/\/www.medibase-disposables.com\/es\/#organization\"},\"potentialAction\":[{\"@type\":\"SearchAction\",\"target\":{\"@type\":\"EntryPoint\",\"urlTemplate\":\"https:\/\/www.medibase-disposables.com\/es\/?s={search_term_string}\"},\"query-input\":\"required name=search_term_string\"}],\"inLanguage\":\"es\"},{\"@type\":\"Organization\",\"@id\":\"https:\/\/www.medibase-disposables.com\/es\/#organization\",\"name\":\"MEDIBASE\",\"url\":\"https:\/\/www.medibase-disposables.com\/es\/\",\"logo\":{\"@type\":\"ImageObject\",\"inLanguage\":\"es\",\"@id\":\"https:\/\/www.medibase-disposables.com\/es\/#\/schema\/logo\/image\/\",\"url\":\"https:\/\/www.medibase-disposables.com\/wp-content\/uploads\/logo@2x.png\",\"contentUrl\":\"https:\/\/www.medibase-disposables.com\/wp-content\/uploads\/logo@2x.png\",\"width\":501,\"height\":501,\"caption\":\"MEDIBASE\"},\"image\":{\"@id\":\"https:\/\/www.medibase-disposables.com\/es\/#\/schema\/logo\/image\/\"}}]}<\/script>\n<!-- \/ Yoast SEO plugin. -->","yoast_head_json":{"title":"Guantes De Examen De L\u00e1tex Sin Polvo Aloe Vera - Medibase","robots":{"index":"index","follow":"follow","max-snippet":"max-snippet:-1","max-image-preview":"max-image-preview:large","max-video-preview":"max-video-preview:-1"},"canonical":"https:\/\/www.medibase-disposables.com\/es\/productos\/guantes-de-examen-de-latex-sin-polvo-aloe-vera\/","og_locale":"es_ES","og_type":"article","og_title":"Guantes De Examen De L\u00e1tex Sin Polvo Aloe Vera - Medibase","og_description":"Ambidiestro, de un solo uso.  Caracter\u00edsticas :   De l\u00e1tex natural para una gran elasticidad y una excelente sensibilidad t\u00e1ctil.  Sin polvo.  Enriquecido con Aloe Vera para un \u00f3ptimo confort e hidrataci\u00f3n de las manos.  Superficie texturizada para un mejor agarre.  Gran resistencia al desgarro.  DM Clase I  Fabricante : MATANG  &nbsp;","og_url":"https:\/\/www.medibase-disposables.com\/es\/productos\/guantes-de-examen-de-latex-sin-polvo-aloe-vera\/","og_site_name":"Medibase","article_modified_time":"2025-01-07T09:40:14+00:00","og_image":[{"width":1024,"height":701,"url":"http:\/\/www.medibase-disposables.com\/wp-content\/uploads\/3D_Medibase_gants-latex_non-poudres_aloe_HD-1024x701.png","type":"image\/png"}],"twitter_card":"summary_large_image","twitter_misc":{"Tiempo de lectura":"1 minuto"},"schema":{"@context":"https:\/\/schema.org","@graph":[{"@type":"WebPage","@id":"https:\/\/www.medibase-disposables.com\/es\/productos\/guantes-de-examen-de-latex-sin-polvo-aloe-vera\/","url":"https:\/\/www.medibase-disposables.com\/es\/productos\/guantes-de-examen-de-latex-sin-polvo-aloe-vera\/","name":"Guantes De Examen De L\u00e1tex Sin Polvo Aloe Vera - Medibase","isPartOf":{"@id":"https:\/\/www.medibase-disposables.com\/es\/#website"},"primaryImageOfPage":{"@id":"https:\/\/www.medibase-disposables.com\/es\/productos\/guantes-de-examen-de-latex-sin-polvo-aloe-vera\/#primaryimage"},"image":{"@id":"https:\/\/www.medibase-disposables.com\/es\/productos\/guantes-de-examen-de-latex-sin-polvo-aloe-vera\/#primaryimage"},"thumbnailUrl":"https:\/\/www.medibase-disposables.com\/wp-content\/uploads\/3D_Medibase_gants-latex_non-poudres_aloe_HD.png","datePublished":"2025-01-07T09:24:09+00:00","dateModified":"2025-01-07T09:40:14+00:00","breadcrumb":{"@id":"https:\/\/www.medibase-disposables.com\/es\/productos\/guantes-de-examen-de-latex-sin-polvo-aloe-vera\/#breadcrumb"},"inLanguage":"es","potentialAction":[{"@type":"ReadAction","target":["https:\/\/www.medibase-disposables.com\/es\/productos\/guantes-de-examen-de-latex-sin-polvo-aloe-vera\/"]}]},{"@type":"ImageObject","inLanguage":"es","@id":"https:\/\/www.medibase-disposables.com\/es\/productos\/guantes-de-examen-de-latex-sin-polvo-aloe-vera\/#primaryimage","url":"https:\/\/www.medibase-disposables.com\/wp-content\/uploads\/3D_Medibase_gants-latex_non-poudres_aloe_HD.png","contentUrl":"https:\/\/www.medibase-disposables.com\/wp-content\/uploads\/3D_Medibase_gants-latex_non-poudres_aloe_HD.png","width":2663,"height":1824},{"@type":"BreadcrumbList","@id":"https:\/\/www.medibase-disposables.com\/es\/productos\/guantes-de-examen-de-latex-sin-polvo-aloe-vera\/#breadcrumb","itemListElement":[{"@type":"ListItem","position":1,"name":"Accueil","item":"https:\/\/www.medibase-disposables.com\/es\/"},{"@type":"ListItem","position":2,"name":"Productos","item":"https:\/\/www.medibase-disposables.com\/es\/productos\/"},{"@type":"ListItem","position":3,"name":"Guantes De Examen De L\u00e1tex Sin Polvo Aloe Vera"}]},{"@type":"WebSite","@id":"https:\/\/www.medibase-disposables.com\/es\/#website","url":"https:\/\/www.medibase-disposables.com\/es\/","name":"Medibase","description":"Your everyday essentials","publisher":{"@id":"https:\/\/www.medibase-disposables.com\/es\/#organization"},"potentialAction":[{"@type":"SearchAction","target":{"@type":"EntryPoint","urlTemplate":"https:\/\/www.medibase-disposables.com\/es\/?s={search_term_string}"},"query-input":"required name=search_term_string"}],"inLanguage":"es"},{"@type":"Organization","@id":"https:\/\/www.medibase-disposables.com\/es\/#organization","name":"MEDIBASE","url":"https:\/\/www.medibase-disposables.com\/es\/","logo":{"@type":"ImageObject","inLanguage":"es","@id":"https:\/\/www.medibase-disposables.com\/es\/#\/schema\/logo\/image\/","url":"https:\/\/www.medibase-disposables.com\/wp-content\/uploads\/logo@2x.png","contentUrl":"https:\/\/www.medibase-disposables.com\/wp-content\/uploads\/logo@2x.png","width":501,"height":501,"caption":"MEDIBASE"},"image":{"@id":"https:\/\/www.medibase-disposables.com\/es\/#\/schema\/logo\/image\/"}}]}},"_links":{"self":[{"href":"https:\/\/www.medibase-disposables.com\/es\/wp-json\/wp\/v2\/product\/11786"}],"collection":[{"href":"https:\/\/www.medibase-disposables.com\/es\/wp-json\/wp\/v2\/product"}],"about":[{"href":"https:\/\/www.medibase-disposables.com\/es\/wp-json\/wp\/v2\/types\/product"}],"wp:featuredmedia":[{"embeddable":true,"href":"https:\/\/www.medibase-disposables.com\/es\/wp-json\/wp\/v2\/media\/11805"}],"wp:attachment":[{"href":"https:\/\/www.medibase-disposables.com\/es\/wp-json\/wp\/v2\/media?parent=11786"}],"wp:term":[{"taxonomy":"product_cat","embeddable":true,"href":"https:\/\/www.medibase-disposables.com\/es\/wp-json\/wp\/v2\/product_cat?post=11786"},{"taxonomy":"product_tag","embeddable":true,"href":"https:\/\/www.medibase-disposables.com\/es\/wp-json\/wp\/v2\/product_tag?post=11786"}],"curies":[{"name":"wp","href":"https:\/\/api.w.org\/{rel}","templated":true}]}}