{"id":12183,"date":"2023-03-15T11:24:41","date_gmt":"2023-03-15T10:24:41","guid":{"rendered":"https:\/\/www.medibase-disposables.com\/produits\/canules-daspiration-sterile-chirurgicale\/"},"modified":"2025-08-21T11:54:31","modified_gmt":"2025-08-21T09:54:31","slug":"canules-daspiration-sterile-chirurgicale","status":"publish","type":"product","link":"https:\/\/www.medibase-disposables.com\/es\/productos\/canules-daspiration-sterile-chirurgicale\/","title":{"rendered":"C\u00e1nulas de aspiraci\u00f3n quir\u00fargicas est\u00e9riles"},"content":{"rendered":"<p>C\u00e1nulas est\u00e9riles de un solo uso dise\u00f1adas para aspiraci\u00f3n quir\u00fargica de alta precisi\u00f3n. Su boquilla desmontable permite adaptar el flujo seg\u00fan el procedimiento, ofreciendo mayor versatilidad que otros modelos del mercado. Incluyen adaptadores dobles para compatibilidad universal con sistemas de aspiraci\u00f3n de \u00f811 mm y \u00f816 mm.<\/p>\n<p><strong>Importante:\u00a0<\/strong>la punta puede retirarse siempre que se requieran mayores capacidades de aspiraci\u00f3n (como Surgitip y a diferencia de Hygitech\u00ae cuya punta est\u00e1 pegada).<\/p>\n<p><strong>Contenido: <\/strong>20 c\u00e1nulas + 2 adaptadores dobles de \u00f811 mm y \u00f816 mm.<\/p>\n","protected":false},"excerpt":{"rendered":"<table border=\"0\">\n<thead>\n<tr style=\"height: 28px;\">\n<td style=\"height: 28px;\">Contenido<\/td>\n<td style=\"height: 28px;\">Ref.<\/td>\n<\/tr>\n<\/thead>\n<tbody>\n<tr style=\"height: 28px;\">\n<td style=\"height: 28px;\">20 c\u00e1nulas + 2 adaptadores dobles de \u00f811 mm y \u00f816 mm.<\/td>\n<td style=\"height: 28px;\">217-966<\/td>\n<\/tr>\n<\/tbody>\n<\/table>\n","protected":false},"featured_media":10539,"template":"","meta":{"_acf_changed":false},"product_cat":[284],"product_tag":[],"acf":[],"yoast_head":"<!-- This site is optimized with the Yoast SEO plugin v22.3 - https:\/\/yoast.com\/wordpress\/plugins\/seo\/ -->\n<title>C\u00e1nulas de aspiraci\u00f3n quir\u00fargicas est\u00e9riles - Medibase<\/title>\n<meta name=\"robots\" content=\"index, follow, max-snippet:-1, max-image-preview:large, max-video-preview:-1\" \/>\n<link rel=\"canonical\" href=\"https:\/\/www.medibase-disposables.com\/es\/productos\/canules-daspiration-sterile-chirurgicale\/\" \/>\n<meta property=\"og:locale\" content=\"es_ES\" \/>\n<meta property=\"og:type\" content=\"article\" \/>\n<meta property=\"og:title\" content=\"C\u00e1nulas de aspiraci\u00f3n quir\u00fargicas est\u00e9riles - Medibase\" \/>\n<meta property=\"og:description\" content=\"Contenido Ref.     20 c\u00e1nulas + 2 adaptadores dobles de \u00f811 mm y \u00f816 mm. 217-966\" \/>\n<meta property=\"og:url\" content=\"https:\/\/www.medibase-disposables.com\/es\/productos\/canules-daspiration-sterile-chirurgicale\/\" \/>\n<meta property=\"og:site_name\" content=\"Medibase\" \/>\n<meta property=\"article:modified_time\" content=\"2025-08-21T09:54:31+00:00\" \/>\n<meta property=\"og:image\" content=\"http:\/\/www.medibase-disposables.com\/wp-content\/uploads\/3149405-Visuel-Sterile-Surgical-Aspiration-Cannulas-RVB.jpg\" \/>\n\t<meta property=\"og:image:width\" content=\"2000\" \/>\n\t<meta property=\"og:image:height\" content=\"2000\" \/>\n\t<meta property=\"og:image:type\" content=\"image\/jpeg\" \/>\n<meta name=\"twitter:card\" content=\"summary_large_image\" \/>\n<meta name=\"twitter:label1\" content=\"Tiempo de lectura\" \/>\n\t<meta name=\"twitter:data1\" content=\"1 minuto\" \/>\n<script type=\"application\/ld+json\" class=\"yoast-schema-graph\">{\"@context\":\"https:\/\/schema.org\",\"@graph\":[{\"@type\":\"WebPage\",\"@id\":\"https:\/\/www.medibase-disposables.com\/es\/productos\/canules-daspiration-sterile-chirurgicale\/\",\"url\":\"https:\/\/www.medibase-disposables.com\/es\/productos\/canules-daspiration-sterile-chirurgicale\/\",\"name\":\"C\u00e1nulas de aspiraci\u00f3n quir\u00fargicas est\u00e9riles - Medibase\",\"isPartOf\":{\"@id\":\"https:\/\/www.medibase-disposables.com\/es\/#website\"},\"primaryImageOfPage\":{\"@id\":\"https:\/\/www.medibase-disposables.com\/es\/productos\/canules-daspiration-sterile-chirurgicale\/#primaryimage\"},\"image\":{\"@id\":\"https:\/\/www.medibase-disposables.com\/es\/productos\/canules-daspiration-sterile-chirurgicale\/#primaryimage\"},\"thumbnailUrl\":\"https:\/\/www.medibase-disposables.com\/wp-content\/uploads\/3149405-Visuel-Sterile-Surgical-Aspiration-Cannulas-RVB.jpg\",\"datePublished\":\"2023-03-15T10:24:41+00:00\",\"dateModified\":\"2025-08-21T09:54:31+00:00\",\"breadcrumb\":{\"@id\":\"https:\/\/www.medibase-disposables.com\/es\/productos\/canules-daspiration-sterile-chirurgicale\/#breadcrumb\"},\"inLanguage\":\"es\",\"potentialAction\":[{\"@type\":\"ReadAction\",\"target\":[\"https:\/\/www.medibase-disposables.com\/es\/productos\/canules-daspiration-sterile-chirurgicale\/\"]}]},{\"@type\":\"ImageObject\",\"inLanguage\":\"es\",\"@id\":\"https:\/\/www.medibase-disposables.com\/es\/productos\/canules-daspiration-sterile-chirurgicale\/#primaryimage\",\"url\":\"https:\/\/www.medibase-disposables.com\/wp-content\/uploads\/3149405-Visuel-Sterile-Surgical-Aspiration-Cannulas-RVB.jpg\",\"contentUrl\":\"https:\/\/www.medibase-disposables.com\/wp-content\/uploads\/3149405-Visuel-Sterile-Surgical-Aspiration-Cannulas-RVB.jpg\",\"width\":2000,\"height\":2000},{\"@type\":\"BreadcrumbList\",\"@id\":\"https:\/\/www.medibase-disposables.com\/es\/productos\/canules-daspiration-sterile-chirurgicale\/#breadcrumb\",\"itemListElement\":[{\"@type\":\"ListItem\",\"position\":1,\"name\":\"Accueil\",\"item\":\"https:\/\/www.medibase-disposables.com\/es\/\"},{\"@type\":\"ListItem\",\"position\":2,\"name\":\"Productos\",\"item\":\"https:\/\/www.medibase-disposables.com\/es\/productos\/\"},{\"@type\":\"ListItem\",\"position\":3,\"name\":\"C\u00e1nulas de aspiraci\u00f3n quir\u00fargicas est\u00e9riles\"}]},{\"@type\":\"WebSite\",\"@id\":\"https:\/\/www.medibase-disposables.com\/es\/#website\",\"url\":\"https:\/\/www.medibase-disposables.com\/es\/\",\"name\":\"Medibase\",\"description\":\"Your everyday essentials\",\"publisher\":{\"@id\":\"https:\/\/www.medibase-disposables.com\/es\/#organization\"},\"potentialAction\":[{\"@type\":\"SearchAction\",\"target\":{\"@type\":\"EntryPoint\",\"urlTemplate\":\"https:\/\/www.medibase-disposables.com\/es\/?s={search_term_string}\"},\"query-input\":\"required name=search_term_string\"}],\"inLanguage\":\"es\"},{\"@type\":\"Organization\",\"@id\":\"https:\/\/www.medibase-disposables.com\/es\/#organization\",\"name\":\"MEDIBASE\",\"url\":\"https:\/\/www.medibase-disposables.com\/es\/\",\"logo\":{\"@type\":\"ImageObject\",\"inLanguage\":\"es\",\"@id\":\"https:\/\/www.medibase-disposables.com\/es\/#\/schema\/logo\/image\/\",\"url\":\"https:\/\/www.medibase-disposables.com\/wp-content\/uploads\/logo@2x.png\",\"contentUrl\":\"https:\/\/www.medibase-disposables.com\/wp-content\/uploads\/logo@2x.png\",\"width\":501,\"height\":501,\"caption\":\"MEDIBASE\"},\"image\":{\"@id\":\"https:\/\/www.medibase-disposables.com\/es\/#\/schema\/logo\/image\/\"}}]}<\/script>\n<!-- \/ Yoast SEO plugin. -->","yoast_head_json":{"title":"C\u00e1nulas de aspiraci\u00f3n quir\u00fargicas est\u00e9riles - Medibase","robots":{"index":"index","follow":"follow","max-snippet":"max-snippet:-1","max-image-preview":"max-image-preview:large","max-video-preview":"max-video-preview:-1"},"canonical":"https:\/\/www.medibase-disposables.com\/es\/productos\/canules-daspiration-sterile-chirurgicale\/","og_locale":"es_ES","og_type":"article","og_title":"C\u00e1nulas de aspiraci\u00f3n quir\u00fargicas est\u00e9riles - Medibase","og_description":"Contenido Ref.     20 c\u00e1nulas + 2 adaptadores dobles de \u00f811 mm y \u00f816 mm. 217-966","og_url":"https:\/\/www.medibase-disposables.com\/es\/productos\/canules-daspiration-sterile-chirurgicale\/","og_site_name":"Medibase","article_modified_time":"2025-08-21T09:54:31+00:00","og_image":[{"width":2000,"height":2000,"url":"http:\/\/www.medibase-disposables.com\/wp-content\/uploads\/3149405-Visuel-Sterile-Surgical-Aspiration-Cannulas-RVB.jpg","type":"image\/jpeg"}],"twitter_card":"summary_large_image","twitter_misc":{"Tiempo de lectura":"1 minuto"},"schema":{"@context":"https:\/\/schema.org","@graph":[{"@type":"WebPage","@id":"https:\/\/www.medibase-disposables.com\/es\/productos\/canules-daspiration-sterile-chirurgicale\/","url":"https:\/\/www.medibase-disposables.com\/es\/productos\/canules-daspiration-sterile-chirurgicale\/","name":"C\u00e1nulas de aspiraci\u00f3n quir\u00fargicas est\u00e9riles - Medibase","isPartOf":{"@id":"https:\/\/www.medibase-disposables.com\/es\/#website"},"primaryImageOfPage":{"@id":"https:\/\/www.medibase-disposables.com\/es\/productos\/canules-daspiration-sterile-chirurgicale\/#primaryimage"},"image":{"@id":"https:\/\/www.medibase-disposables.com\/es\/productos\/canules-daspiration-sterile-chirurgicale\/#primaryimage"},"thumbnailUrl":"https:\/\/www.medibase-disposables.com\/wp-content\/uploads\/3149405-Visuel-Sterile-Surgical-Aspiration-Cannulas-RVB.jpg","datePublished":"2023-03-15T10:24:41+00:00","dateModified":"2025-08-21T09:54:31+00:00","breadcrumb":{"@id":"https:\/\/www.medibase-disposables.com\/es\/productos\/canules-daspiration-sterile-chirurgicale\/#breadcrumb"},"inLanguage":"es","potentialAction":[{"@type":"ReadAction","target":["https:\/\/www.medibase-disposables.com\/es\/productos\/canules-daspiration-sterile-chirurgicale\/"]}]},{"@type":"ImageObject","inLanguage":"es","@id":"https:\/\/www.medibase-disposables.com\/es\/productos\/canules-daspiration-sterile-chirurgicale\/#primaryimage","url":"https:\/\/www.medibase-disposables.com\/wp-content\/uploads\/3149405-Visuel-Sterile-Surgical-Aspiration-Cannulas-RVB.jpg","contentUrl":"https:\/\/www.medibase-disposables.com\/wp-content\/uploads\/3149405-Visuel-Sterile-Surgical-Aspiration-Cannulas-RVB.jpg","width":2000,"height":2000},{"@type":"BreadcrumbList","@id":"https:\/\/www.medibase-disposables.com\/es\/productos\/canules-daspiration-sterile-chirurgicale\/#breadcrumb","itemListElement":[{"@type":"ListItem","position":1,"name":"Accueil","item":"https:\/\/www.medibase-disposables.com\/es\/"},{"@type":"ListItem","position":2,"name":"Productos","item":"https:\/\/www.medibase-disposables.com\/es\/productos\/"},{"@type":"ListItem","position":3,"name":"C\u00e1nulas de aspiraci\u00f3n quir\u00fargicas est\u00e9riles"}]},{"@type":"WebSite","@id":"https:\/\/www.medibase-disposables.com\/es\/#website","url":"https:\/\/www.medibase-disposables.com\/es\/","name":"Medibase","description":"Your everyday essentials","publisher":{"@id":"https:\/\/www.medibase-disposables.com\/es\/#organization"},"potentialAction":[{"@type":"SearchAction","target":{"@type":"EntryPoint","urlTemplate":"https:\/\/www.medibase-disposables.com\/es\/?s={search_term_string}"},"query-input":"required name=search_term_string"}],"inLanguage":"es"},{"@type":"Organization","@id":"https:\/\/www.medibase-disposables.com\/es\/#organization","name":"MEDIBASE","url":"https:\/\/www.medibase-disposables.com\/es\/","logo":{"@type":"ImageObject","inLanguage":"es","@id":"https:\/\/www.medibase-disposables.com\/es\/#\/schema\/logo\/image\/","url":"https:\/\/www.medibase-disposables.com\/wp-content\/uploads\/logo@2x.png","contentUrl":"https:\/\/www.medibase-disposables.com\/wp-content\/uploads\/logo@2x.png","width":501,"height":501,"caption":"MEDIBASE"},"image":{"@id":"https:\/\/www.medibase-disposables.com\/es\/#\/schema\/logo\/image\/"}}]}},"_links":{"self":[{"href":"https:\/\/www.medibase-disposables.com\/es\/wp-json\/wp\/v2\/product\/12183"}],"collection":[{"href":"https:\/\/www.medibase-disposables.com\/es\/wp-json\/wp\/v2\/product"}],"about":[{"href":"https:\/\/www.medibase-disposables.com\/es\/wp-json\/wp\/v2\/types\/product"}],"wp:featuredmedia":[{"embeddable":true,"href":"https:\/\/www.medibase-disposables.com\/es\/wp-json\/wp\/v2\/media\/10539"}],"wp:attachment":[{"href":"https:\/\/www.medibase-disposables.com\/es\/wp-json\/wp\/v2\/media?parent=12183"}],"wp:term":[{"taxonomy":"product_cat","embeddable":true,"href":"https:\/\/www.medibase-disposables.com\/es\/wp-json\/wp\/v2\/product_cat?post=12183"},{"taxonomy":"product_tag","embeddable":true,"href":"https:\/\/www.medibase-disposables.com\/es\/wp-json\/wp\/v2\/product_tag?post=12183"}],"curies":[{"name":"wp","href":"https:\/\/api.w.org\/{rel}","templated":true}]}}