{"id":4914,"date":"2018-07-30T17:54:33","date_gmt":"2020-11-23T19:56:53","guid":{"rendered":"https:\/\/www.medibase-disposables.com\/?post_type=product&#038;p=4914"},"modified":"2022-11-17T11:23:33","modified_gmt":"2022-11-17T10:23:33","slug":"fresas-diamante-turbina-formas-particulares","status":"publish","type":"product","link":"https:\/\/www.medibase-disposables.com\/es\/productos\/fresas-diamante-turbina-formas-particulares\/","title":{"rendered":"Fresas Diamante Turbina: Formas particulares"},"content":{"rendered":"<p><strong>Caja de 25 fresas<\/strong><\/p>\n<table style=\"width: 99.8345%;\" width=\"100%\">\n<tbody>\n<tr class=\"gray\">\n<th style=\"width: 30.4636%;\">\n<p align=\"left\">La descripci\u00f3n<\/p>\n<\/th>\n<td style=\"width: 16.5563%;\">\n<p align=\"center\">BR1<\/p>\n<\/td>\n<td style=\"width: 17.2185%;\">\n<p align=\"center\">B1<\/p>\n<\/td>\n<td style=\"width: 16.2252%;\">\n<p align=\"center\">AB1<\/p>\n<\/td>\n<td style=\"width: 19.3709%;\">\n<p align=\"center\">E42<\/p>\n<\/td>\n<\/tr>\n<tr>\n<th style=\"width: 30.4636%;\" width=\"195\">C\u00f3digo<\/th>\n<td style=\"text-align: center; width: 16.5563%;\" width=\"95\">652<\/td>\n<td style=\"text-align: center; width: 17.2185%;\" width=\"102\">\u00a0805<\/td>\n<td style=\"text-align: center; width: 16.2252%;\" width=\"95\">830<\/td>\n<td style=\"text-align: center; width: 19.3709%;\" width=\"117\">\u00a0889<\/td>\n<\/tr>\n<tr>\n<th style=\"width: 30.4636%;\" width=\"195\">ISO<\/th>\n<td style=\"text-align: center; width: 16.5563%;\" width=\"95\">018<\/td>\n<td style=\"text-align: center; width: 17.2185%;\" width=\"102\">012<\/td>\n<td style=\"text-align: center; width: 16.2252%;\" width=\"95\">016<\/td>\n<td style=\"text-align: center; width: 19.3709%;\" width=\"117\">010<\/td>\n<\/tr>\n<tr>\n<th style=\"width: 30.4636%;\" width=\"195\">LWP (mil\u00edmetro)<\/th>\n<td style=\"text-align: center; width: 16.5563%;\" width=\"95\">8<\/td>\n<td style=\"text-align: center; width: 17.2185%;\" width=\"102\">\u00a01,3<\/td>\n<td style=\"text-align: center; width: 16.2252%;\" width=\"95\">2,5<\/td>\n<td style=\"text-align: center; width: 19.3709%;\" width=\"117\">\u00a04<\/td>\n<\/tr>\n<tr>\n<th style=\"width: 30.4636%;\" width=\"195\">TL (mil\u00edmetro)<\/th>\n<td style=\"text-align: center; width: 16.5563%;\" width=\"95\">19,5<\/td>\n<td style=\"text-align: center; width: 17.2185%;\" width=\"102\">\u00a019<\/td>\n<td style=\"text-align: center; width: 16.2252%;\" width=\"95\">19<\/td>\n<td style=\"text-align: center; width: 19.3709%;\" width=\"117\">\u00a023<\/td>\n<\/tr>\n<tr>\n<th style=\"width: 30.4636%;\" width=\"195\">Ref. Grueso &#8211;<\/th>\n<td style=\"width: 16.5563%; text-align: center;\">3138062<\/td>\n<td style=\"width: 17.2185%; text-align: center;\">3138069<\/td>\n<td style=\"text-align: center; width: 16.2252%;\" width=\"95\">3138449<\/td>\n<td style=\"width: 19.3709%; text-align: center;\">3138647<\/td>\n<\/tr>\n<tr>\n<th style=\"width: 30.4636%;\" width=\"195\">Ref. Medio &#8211;<\/th>\n<td style=\"text-align: center; width: 16.5563%;\" width=\"95\">\u00a0&#8211;<\/td>\n<td style=\"width: 17.2185%; text-align: center;\">3138450<\/td>\n<td style=\"text-align: center; width: 16.2252%;\" width=\"95\">\u00a0&#8211;<\/td>\n<td style=\"text-align: center; width: 19.3709%;\" width=\"117\">3138648<\/td>\n<\/tr>\n<tr>\n<th style=\"width: 30.4636%;\" width=\"195\">Ref. Fin<\/th>\n<td style=\"text-align: center; width: 16.5563%;\" width=\"95\">&#8211;<\/td>\n<td style=\"text-align: center; width: 17.2185%;\">\u00a0\u00a0&#8211;<\/td>\n<td style=\"text-align: center; width: 16.2252%;\" width=\"95\">\u00a0&#8211;<\/td>\n<td style=\"text-align: center; width: 19.3709%;\" width=\"117\">3138646<\/td>\n<\/tr>\n<\/tbody>\n<\/table>\n<p>&nbsp;<\/p>\n","protected":false},"excerpt":{"rendered":"<p>Fresas est\u00e9riles para m\u00e1xima higiene: elimina todo riesgo de contaminaci\u00f3n cruzada.<\/p>\n<p><strong>Caracter\u00edsticas:<\/strong><\/p>\n<ul>\n<li>Esterilizadas mediante radiaci\u00f3n gamma: listas para usar.<\/li>\n<li>Se encuentran disponibles todas las formas en grano grueso para un tallado r\u00e1pido y eficaz.<\/li>\n<li>Controladas individualmente.<\/li>\n<\/ul>\n<p>Clase: IIA.<br \/>\nMarcado CE 0483. MDC MEDICAL DEVICE Organismo notificado.<br \/>\nFabricante : STRAUSS &amp; CO.<\/p>\n","protected":false},"featured_media":4921,"template":"","meta":{"_acf_changed":false},"product_cat":[290],"product_tag":[],"acf":[],"yoast_head":"<!-- This site is optimized with the Yoast SEO plugin v22.3 - https:\/\/yoast.com\/wordpress\/plugins\/seo\/ -->\n<title>Fresas Diamante Turbina: Formas particulares - Medibase<\/title>\n<meta name=\"robots\" content=\"index, follow, max-snippet:-1, max-image-preview:large, max-video-preview:-1\" \/>\n<link rel=\"canonical\" href=\"https:\/\/www.medibase-disposables.com\/es\/productos\/fresas-diamante-turbina-formas-particulares\/\" \/>\n<meta property=\"og:locale\" content=\"es_ES\" \/>\n<meta property=\"og:type\" content=\"article\" \/>\n<meta property=\"og:title\" content=\"Fresas Diamante Turbina: Formas particulares - Medibase\" \/>\n<meta property=\"og:description\" content=\"Fresas est\u00e9riles para m\u00e1xima higiene: elimina todo riesgo de contaminaci\u00f3n cruzada.  Caracter\u00edsticas:   Esterilizadas mediante radiaci\u00f3n gamma: listas para usar.  Se encuentran disponibles todas las formas en grano grueso para un tallado r\u00e1pido y eficaz.  Controladas individualmente.  Clase: IIA. Marcado CE 0483. MDC MEDICAL DEVICE Organismo notificado. Fabricante : STRAUSS &amp; CO.\" \/>\n<meta property=\"og:url\" content=\"https:\/\/www.medibase-disposables.com\/es\/productos\/fresas-diamante-turbina-formas-particulares\/\" \/>\n<meta property=\"og:site_name\" content=\"Medibase\" \/>\n<meta property=\"article:modified_time\" content=\"2022-11-17T10:23:33+00:00\" \/>\n<meta property=\"og:image\" content=\"http:\/\/www.medibase-disposables.com\/wp-content\/uploads\/60-288.jpg\" \/>\n\t<meta property=\"og:image:width\" content=\"950\" \/>\n\t<meta property=\"og:image:height\" content=\"950\" \/>\n\t<meta property=\"og:image:type\" content=\"image\/jpeg\" \/>\n<meta name=\"twitter:card\" content=\"summary_large_image\" \/>\n<meta name=\"twitter:label1\" content=\"Tiempo de lectura\" \/>\n\t<meta name=\"twitter:data1\" content=\"1 minuto\" \/>\n<script type=\"application\/ld+json\" class=\"yoast-schema-graph\">{\"@context\":\"https:\/\/schema.org\",\"@graph\":[{\"@type\":\"WebPage\",\"@id\":\"https:\/\/www.medibase-disposables.com\/es\/productos\/fresas-diamante-turbina-formas-particulares\/\",\"url\":\"https:\/\/www.medibase-disposables.com\/es\/productos\/fresas-diamante-turbina-formas-particulares\/\",\"name\":\"Fresas Diamante Turbina: Formas particulares - Medibase\",\"isPartOf\":{\"@id\":\"https:\/\/www.medibase-disposables.com\/es\/#website\"},\"primaryImageOfPage\":{\"@id\":\"https:\/\/www.medibase-disposables.com\/es\/productos\/fresas-diamante-turbina-formas-particulares\/#primaryimage\"},\"image\":{\"@id\":\"https:\/\/www.medibase-disposables.com\/es\/productos\/fresas-diamante-turbina-formas-particulares\/#primaryimage\"},\"thumbnailUrl\":\"https:\/\/www.medibase-disposables.com\/wp-content\/uploads\/60-288.jpg\",\"datePublished\":\"2020-11-23T19:56:53+00:00\",\"dateModified\":\"2022-11-17T10:23:33+00:00\",\"breadcrumb\":{\"@id\":\"https:\/\/www.medibase-disposables.com\/es\/productos\/fresas-diamante-turbina-formas-particulares\/#breadcrumb\"},\"inLanguage\":\"es\",\"potentialAction\":[{\"@type\":\"ReadAction\",\"target\":[\"https:\/\/www.medibase-disposables.com\/es\/productos\/fresas-diamante-turbina-formas-particulares\/\"]}]},{\"@type\":\"ImageObject\",\"inLanguage\":\"es\",\"@id\":\"https:\/\/www.medibase-disposables.com\/es\/productos\/fresas-diamante-turbina-formas-particulares\/#primaryimage\",\"url\":\"https:\/\/www.medibase-disposables.com\/wp-content\/uploads\/60-288.jpg\",\"contentUrl\":\"https:\/\/www.medibase-disposables.com\/wp-content\/uploads\/60-288.jpg\",\"width\":\"950\",\"height\":\"950\"},{\"@type\":\"BreadcrumbList\",\"@id\":\"https:\/\/www.medibase-disposables.com\/es\/productos\/fresas-diamante-turbina-formas-particulares\/#breadcrumb\",\"itemListElement\":[{\"@type\":\"ListItem\",\"position\":1,\"name\":\"Accueil\",\"item\":\"https:\/\/www.medibase-disposables.com\/es\/\"},{\"@type\":\"ListItem\",\"position\":2,\"name\":\"Productos\",\"item\":\"https:\/\/www.medibase-disposables.com\/es\/productos\/\"},{\"@type\":\"ListItem\",\"position\":3,\"name\":\"Fresas Diamante Turbina: Formas particulares\"}]},{\"@type\":\"WebSite\",\"@id\":\"https:\/\/www.medibase-disposables.com\/es\/#website\",\"url\":\"https:\/\/www.medibase-disposables.com\/es\/\",\"name\":\"Medibase\",\"description\":\"Your everyday essentials\",\"publisher\":{\"@id\":\"https:\/\/www.medibase-disposables.com\/es\/#organization\"},\"potentialAction\":[{\"@type\":\"SearchAction\",\"target\":{\"@type\":\"EntryPoint\",\"urlTemplate\":\"https:\/\/www.medibase-disposables.com\/es\/?s={search_term_string}\"},\"query-input\":\"required name=search_term_string\"}],\"inLanguage\":\"es\"},{\"@type\":\"Organization\",\"@id\":\"https:\/\/www.medibase-disposables.com\/es\/#organization\",\"name\":\"MEDIBASE\",\"url\":\"https:\/\/www.medibase-disposables.com\/es\/\",\"logo\":{\"@type\":\"ImageObject\",\"inLanguage\":\"es\",\"@id\":\"https:\/\/www.medibase-disposables.com\/es\/#\/schema\/logo\/image\/\",\"url\":\"https:\/\/www.medibase-disposables.com\/wp-content\/uploads\/logo@2x.png\",\"contentUrl\":\"https:\/\/www.medibase-disposables.com\/wp-content\/uploads\/logo@2x.png\",\"width\":501,\"height\":501,\"caption\":\"MEDIBASE\"},\"image\":{\"@id\":\"https:\/\/www.medibase-disposables.com\/es\/#\/schema\/logo\/image\/\"}}]}<\/script>\n<!-- \/ Yoast SEO plugin. -->","yoast_head_json":{"title":"Fresas Diamante Turbina: Formas particulares - Medibase","robots":{"index":"index","follow":"follow","max-snippet":"max-snippet:-1","max-image-preview":"max-image-preview:large","max-video-preview":"max-video-preview:-1"},"canonical":"https:\/\/www.medibase-disposables.com\/es\/productos\/fresas-diamante-turbina-formas-particulares\/","og_locale":"es_ES","og_type":"article","og_title":"Fresas Diamante Turbina: Formas particulares - Medibase","og_description":"Fresas est\u00e9riles para m\u00e1xima higiene: elimina todo riesgo de contaminaci\u00f3n cruzada.  Caracter\u00edsticas:   Esterilizadas mediante radiaci\u00f3n gamma: listas para usar.  Se encuentran disponibles todas las formas en grano grueso para un tallado r\u00e1pido y eficaz.  Controladas individualmente.  Clase: IIA. Marcado CE 0483. MDC MEDICAL DEVICE Organismo notificado. Fabricante : STRAUSS &amp; CO.","og_url":"https:\/\/www.medibase-disposables.com\/es\/productos\/fresas-diamante-turbina-formas-particulares\/","og_site_name":"Medibase","article_modified_time":"2022-11-17T10:23:33+00:00","og_image":[{"width":"950","height":"950","url":"http:\/\/www.medibase-disposables.com\/wp-content\/uploads\/60-288.jpg","type":"image\/jpeg"}],"twitter_card":"summary_large_image","twitter_misc":{"Tiempo de lectura":"1 minuto"},"schema":{"@context":"https:\/\/schema.org","@graph":[{"@type":"WebPage","@id":"https:\/\/www.medibase-disposables.com\/es\/productos\/fresas-diamante-turbina-formas-particulares\/","url":"https:\/\/www.medibase-disposables.com\/es\/productos\/fresas-diamante-turbina-formas-particulares\/","name":"Fresas Diamante Turbina: Formas particulares - Medibase","isPartOf":{"@id":"https:\/\/www.medibase-disposables.com\/es\/#website"},"primaryImageOfPage":{"@id":"https:\/\/www.medibase-disposables.com\/es\/productos\/fresas-diamante-turbina-formas-particulares\/#primaryimage"},"image":{"@id":"https:\/\/www.medibase-disposables.com\/es\/productos\/fresas-diamante-turbina-formas-particulares\/#primaryimage"},"thumbnailUrl":"https:\/\/www.medibase-disposables.com\/wp-content\/uploads\/60-288.jpg","datePublished":"2020-11-23T19:56:53+00:00","dateModified":"2022-11-17T10:23:33+00:00","breadcrumb":{"@id":"https:\/\/www.medibase-disposables.com\/es\/productos\/fresas-diamante-turbina-formas-particulares\/#breadcrumb"},"inLanguage":"es","potentialAction":[{"@type":"ReadAction","target":["https:\/\/www.medibase-disposables.com\/es\/productos\/fresas-diamante-turbina-formas-particulares\/"]}]},{"@type":"ImageObject","inLanguage":"es","@id":"https:\/\/www.medibase-disposables.com\/es\/productos\/fresas-diamante-turbina-formas-particulares\/#primaryimage","url":"https:\/\/www.medibase-disposables.com\/wp-content\/uploads\/60-288.jpg","contentUrl":"https:\/\/www.medibase-disposables.com\/wp-content\/uploads\/60-288.jpg","width":"950","height":"950"},{"@type":"BreadcrumbList","@id":"https:\/\/www.medibase-disposables.com\/es\/productos\/fresas-diamante-turbina-formas-particulares\/#breadcrumb","itemListElement":[{"@type":"ListItem","position":1,"name":"Accueil","item":"https:\/\/www.medibase-disposables.com\/es\/"},{"@type":"ListItem","position":2,"name":"Productos","item":"https:\/\/www.medibase-disposables.com\/es\/productos\/"},{"@type":"ListItem","position":3,"name":"Fresas Diamante Turbina: Formas particulares"}]},{"@type":"WebSite","@id":"https:\/\/www.medibase-disposables.com\/es\/#website","url":"https:\/\/www.medibase-disposables.com\/es\/","name":"Medibase","description":"Your everyday essentials","publisher":{"@id":"https:\/\/www.medibase-disposables.com\/es\/#organization"},"potentialAction":[{"@type":"SearchAction","target":{"@type":"EntryPoint","urlTemplate":"https:\/\/www.medibase-disposables.com\/es\/?s={search_term_string}"},"query-input":"required name=search_term_string"}],"inLanguage":"es"},{"@type":"Organization","@id":"https:\/\/www.medibase-disposables.com\/es\/#organization","name":"MEDIBASE","url":"https:\/\/www.medibase-disposables.com\/es\/","logo":{"@type":"ImageObject","inLanguage":"es","@id":"https:\/\/www.medibase-disposables.com\/es\/#\/schema\/logo\/image\/","url":"https:\/\/www.medibase-disposables.com\/wp-content\/uploads\/logo@2x.png","contentUrl":"https:\/\/www.medibase-disposables.com\/wp-content\/uploads\/logo@2x.png","width":501,"height":501,"caption":"MEDIBASE"},"image":{"@id":"https:\/\/www.medibase-disposables.com\/es\/#\/schema\/logo\/image\/"}}]}},"_links":{"self":[{"href":"https:\/\/www.medibase-disposables.com\/es\/wp-json\/wp\/v2\/product\/4914"}],"collection":[{"href":"https:\/\/www.medibase-disposables.com\/es\/wp-json\/wp\/v2\/product"}],"about":[{"href":"https:\/\/www.medibase-disposables.com\/es\/wp-json\/wp\/v2\/types\/product"}],"wp:featuredmedia":[{"embeddable":true,"href":"https:\/\/www.medibase-disposables.com\/es\/wp-json\/wp\/v2\/media\/4921"}],"wp:attachment":[{"href":"https:\/\/www.medibase-disposables.com\/es\/wp-json\/wp\/v2\/media?parent=4914"}],"wp:term":[{"taxonomy":"product_cat","embeddable":true,"href":"https:\/\/www.medibase-disposables.com\/es\/wp-json\/wp\/v2\/product_cat?post=4914"},{"taxonomy":"product_tag","embeddable":true,"href":"https:\/\/www.medibase-disposables.com\/es\/wp-json\/wp\/v2\/product_tag?post=4914"}],"curies":[{"name":"wp","href":"https:\/\/api.w.org\/{rel}","templated":true}]}}