{"id":4923,"date":"2018-07-30T17:33:58","date_gmt":"2020-11-23T20:02:39","guid":{"rendered":"https:\/\/www.medibase-disposables.com\/?post_type=product&#038;p=4923"},"modified":"2022-11-17T11:25:08","modified_gmt":"2022-11-17T10:25:08","slug":"fresa-de-diamante-para-turbina-bola","status":"publish","type":"product","link":"https:\/\/www.medibase-disposables.com\/es\/productos\/fresa-de-diamante-para-turbina-bola\/","title":{"rendered":"Fresa de diamante para turbina, bola"},"content":{"rendered":"<p><strong>Caja de 25 fresas<\/strong><\/p>\n<table width=\"100%\">\n<thead>\n<tr>\n<td style=\"width: 18.7086%;\">Designaci\u00f3n<\/td>\n<td style=\"width: 12.5828%;\">A0<\/td>\n<td style=\"width: 12.5828%;\">A1<\/td>\n<td style=\"width: 11.0927%;\">A2<\/td>\n<td style=\"width: 14.0728%;\">A25<\/td>\n<td style=\"width: 12.5828%;\">A3<\/td>\n<td style=\"width: 18.2119%;\" width=\"100\">A12<\/td>\n<\/tr>\n<\/thead>\n<tbody>\n<tr>\n<th style=\"width: 18.7086%;\" width=\"112\">C\u00f3digo<\/th>\n<td style=\"width: 12.5828%;\" width=\"66\">801<\/td>\n<td style=\"width: 12.5828%;\" width=\"66\">801<\/td>\n<td style=\"width: 11.0927%;\" width=\"65\">801<\/td>\n<td style=\"width: 14.0728%;\" width=\"65\">801<\/td>\n<td style=\"width: 12.5828%;\" width=\"66\">801<\/td>\n<td style=\"width: 18.2119%;\" width=\"66\">802<\/td>\n<\/tr>\n<tr>\n<th style=\"width: 18.7086%;\" width=\"112\">ISO<\/th>\n<td style=\"width: 12.5828%;\" width=\"66\">009<\/td>\n<td style=\"width: 12.5828%;\" width=\"66\">012<\/td>\n<td style=\"width: 11.0927%;\" width=\"65\">014<\/td>\n<td style=\"width: 14.0728%;\" width=\"65\">016<\/td>\n<td style=\"width: 12.5828%;\" width=\"66\">018<\/td>\n<td style=\"width: 18.2119%;\" width=\"66\">014<\/td>\n<\/tr>\n<tr>\n<th style=\"width: 18.7086%;\" width=\"112\">Lt (mm)<\/th>\n<td style=\"width: 12.5828%;\" width=\"66\">0,9<\/td>\n<td style=\"width: 12.5828%;\" width=\"66\">1,2<\/td>\n<td style=\"width: 11.0927%;\" width=\"65\">1,4<\/td>\n<td style=\"width: 14.0728%;\" width=\"65\">1,6<\/td>\n<td style=\"width: 12.5828%;\" width=\"66\">1,8<\/td>\n<td style=\"width: 18.2119%;\" width=\"66\">2,7<\/td>\n<\/tr>\n<tr>\n<th style=\"width: 18.7086%;\" width=\"112\">LT (mm)<\/th>\n<td style=\"width: 12.5828%;\" width=\"66\">19<\/td>\n<td style=\"width: 12.5828%;\" width=\"66\">19<\/td>\n<td style=\"width: 11.0927%;\" width=\"65\">19<\/td>\n<td style=\"width: 14.0728%;\" width=\"65\">19<\/td>\n<td style=\"width: 12.5828%;\" width=\"66\">19<\/td>\n<td style=\"width: 18.2119%;\" width=\"66\">19<\/td>\n<\/tr>\n<tr>\n<th style=\"width: 18.7086%;\" width=\"112\">Ref. Grande\u00a0\u00b7<\/th>\n<td style=\"width: 12.5828%;\" width=\"66\">\u2013<\/td>\n<td style=\"width: 12.5828%;\" width=\"66\">3138070<\/td>\n<td style=\"width: 11.0927%;\" width=\"65\">3138071<\/td>\n<td style=\"width: 14.0728%;\" width=\"65\">\u2013<\/td>\n<td style=\"width: 12.5828%;\" width=\"66\">3138072<\/td>\n<td style=\"width: 18.2119%;\" width=\"66\">3138437<\/td>\n<\/tr>\n<tr>\n<th style=\"width: 18.7086%;\" width=\"112\">Ref. medio\u00a0\u00b7<\/th>\n<td style=\"width: 12.5828%;\" width=\"66\">3138439<\/td>\n<td style=\"width: 12.5828%;\" width=\"66\">\u2013<\/td>\n<td style=\"width: 11.0927%;\" width=\"65\">3138438<\/td>\n<td style=\"width: 14.0728%;\" width=\"65\">\u2013<\/td>\n<td style=\"width: 12.5828%;\" width=\"66\">\u2013<\/td>\n<td style=\"width: 18.2119%;\" width=\"66\">\u2013<\/td>\n<\/tr>\n<\/tbody>\n<\/table>\n<p>&nbsp;<\/p>\n","protected":false},"excerpt":{"rendered":"<p>Fresas est\u00e9riles para m\u00e1xima higiene: elimina todo riesgo de contaminaci\u00f3n cruzada.<\/p>\n<p><strong>\u00a0Caracter\u00edsticas:<\/strong><\/p>\n<ul>\n<li>\u00a0Esterilizadas mediante radiaci\u00f3n gamma: listas para usar.<\/li>\n<li>\u00a0Se encuentran disponibles todas las formas en grano grueso para un tallado r\u00e1pido y eficaz.<\/li>\n<li>\u00a0Controladas individualmente.<\/li>\n<\/ul>\n<p><strong>\u00a0Presentaci\u00f3n en caja de 25 fresas est\u00e9riles.<\/strong><\/p>\n<p>Clase: IIA.<br \/>\nMarcado CE 0483. MDC MEDICAL DEVICE Organismo notificado.<br \/>\nFabricante : STRAUSS &amp; CO.<\/p>\n","protected":false},"featured_media":4930,"template":"","meta":{"_acf_changed":false},"product_cat":[290],"product_tag":[],"acf":[],"yoast_head":"<!-- This site is optimized with the Yoast SEO plugin v22.3 - https:\/\/yoast.com\/wordpress\/plugins\/seo\/ -->\n<title>Fresa de diamante para turbina, bola - Medibase<\/title>\n<meta name=\"robots\" content=\"index, follow, max-snippet:-1, max-image-preview:large, max-video-preview:-1\" \/>\n<link rel=\"canonical\" href=\"https:\/\/www.medibase-disposables.com\/es\/productos\/fresa-de-diamante-para-turbina-bola\/\" \/>\n<meta property=\"og:locale\" content=\"es_ES\" \/>\n<meta property=\"og:type\" content=\"article\" \/>\n<meta property=\"og:title\" content=\"Fresa de diamante para turbina, bola - Medibase\" \/>\n<meta property=\"og:description\" content=\"Fresas est\u00e9riles para m\u00e1xima higiene: elimina todo riesgo de contaminaci\u00f3n cruzada.  \u00a0Caracter\u00edsticas:   \u00a0Esterilizadas mediante radiaci\u00f3n gamma: listas para usar.  \u00a0Se encuentran disponibles todas las formas en grano grueso para un tallado r\u00e1pido y eficaz.  \u00a0Controladas individualmente.  \u00a0Presentaci\u00f3n en caja de 25 fresas est\u00e9riles.  Clase: IIA. Marcado CE 0483. MDC MEDICAL DEVICE Organismo notificado. Fabricante : STRAUSS &amp; CO.\" \/>\n<meta property=\"og:url\" content=\"https:\/\/www.medibase-disposables.com\/es\/productos\/fresa-de-diamante-para-turbina-bola\/\" \/>\n<meta property=\"og:site_name\" content=\"Medibase\" \/>\n<meta property=\"article:modified_time\" content=\"2022-11-17T10:25:08+00:00\" \/>\n<meta property=\"og:image\" content=\"http:\/\/www.medibase-disposables.com\/wp-content\/uploads\/66-340.jpg\" \/>\n\t<meta property=\"og:image:width\" content=\"950\" \/>\n\t<meta property=\"og:image:height\" content=\"950\" \/>\n\t<meta property=\"og:image:type\" content=\"image\/jpeg\" \/>\n<meta name=\"twitter:card\" content=\"summary_large_image\" \/>\n<meta name=\"twitter:label1\" content=\"Tiempo de lectura\" \/>\n\t<meta name=\"twitter:data1\" content=\"1 minuto\" \/>\n<script type=\"application\/ld+json\" class=\"yoast-schema-graph\">{\"@context\":\"https:\/\/schema.org\",\"@graph\":[{\"@type\":\"WebPage\",\"@id\":\"https:\/\/www.medibase-disposables.com\/es\/productos\/fresa-de-diamante-para-turbina-bola\/\",\"url\":\"https:\/\/www.medibase-disposables.com\/es\/productos\/fresa-de-diamante-para-turbina-bola\/\",\"name\":\"Fresa de diamante para turbina, bola - Medibase\",\"isPartOf\":{\"@id\":\"https:\/\/www.medibase-disposables.com\/es\/#website\"},\"primaryImageOfPage\":{\"@id\":\"https:\/\/www.medibase-disposables.com\/es\/productos\/fresa-de-diamante-para-turbina-bola\/#primaryimage\"},\"image\":{\"@id\":\"https:\/\/www.medibase-disposables.com\/es\/productos\/fresa-de-diamante-para-turbina-bola\/#primaryimage\"},\"thumbnailUrl\":\"https:\/\/www.medibase-disposables.com\/wp-content\/uploads\/66-340.jpg\",\"datePublished\":\"2020-11-23T20:02:39+00:00\",\"dateModified\":\"2022-11-17T10:25:08+00:00\",\"breadcrumb\":{\"@id\":\"https:\/\/www.medibase-disposables.com\/es\/productos\/fresa-de-diamante-para-turbina-bola\/#breadcrumb\"},\"inLanguage\":\"es\",\"potentialAction\":[{\"@type\":\"ReadAction\",\"target\":[\"https:\/\/www.medibase-disposables.com\/es\/productos\/fresa-de-diamante-para-turbina-bola\/\"]}]},{\"@type\":\"ImageObject\",\"inLanguage\":\"es\",\"@id\":\"https:\/\/www.medibase-disposables.com\/es\/productos\/fresa-de-diamante-para-turbina-bola\/#primaryimage\",\"url\":\"https:\/\/www.medibase-disposables.com\/wp-content\/uploads\/66-340.jpg\",\"contentUrl\":\"https:\/\/www.medibase-disposables.com\/wp-content\/uploads\/66-340.jpg\",\"width\":\"950\",\"height\":\"950\"},{\"@type\":\"BreadcrumbList\",\"@id\":\"https:\/\/www.medibase-disposables.com\/es\/productos\/fresa-de-diamante-para-turbina-bola\/#breadcrumb\",\"itemListElement\":[{\"@type\":\"ListItem\",\"position\":1,\"name\":\"Accueil\",\"item\":\"https:\/\/www.medibase-disposables.com\/es\/\"},{\"@type\":\"ListItem\",\"position\":2,\"name\":\"Productos\",\"item\":\"https:\/\/www.medibase-disposables.com\/es\/productos\/\"},{\"@type\":\"ListItem\",\"position\":3,\"name\":\"Fresa de diamante para turbina, bola\"}]},{\"@type\":\"WebSite\",\"@id\":\"https:\/\/www.medibase-disposables.com\/es\/#website\",\"url\":\"https:\/\/www.medibase-disposables.com\/es\/\",\"name\":\"Medibase\",\"description\":\"Your everyday essentials\",\"publisher\":{\"@id\":\"https:\/\/www.medibase-disposables.com\/es\/#organization\"},\"potentialAction\":[{\"@type\":\"SearchAction\",\"target\":{\"@type\":\"EntryPoint\",\"urlTemplate\":\"https:\/\/www.medibase-disposables.com\/es\/?s={search_term_string}\"},\"query-input\":\"required name=search_term_string\"}],\"inLanguage\":\"es\"},{\"@type\":\"Organization\",\"@id\":\"https:\/\/www.medibase-disposables.com\/es\/#organization\",\"name\":\"MEDIBASE\",\"url\":\"https:\/\/www.medibase-disposables.com\/es\/\",\"logo\":{\"@type\":\"ImageObject\",\"inLanguage\":\"es\",\"@id\":\"https:\/\/www.medibase-disposables.com\/es\/#\/schema\/logo\/image\/\",\"url\":\"https:\/\/www.medibase-disposables.com\/wp-content\/uploads\/logo@2x.png\",\"contentUrl\":\"https:\/\/www.medibase-disposables.com\/wp-content\/uploads\/logo@2x.png\",\"width\":501,\"height\":501,\"caption\":\"MEDIBASE\"},\"image\":{\"@id\":\"https:\/\/www.medibase-disposables.com\/es\/#\/schema\/logo\/image\/\"}}]}<\/script>\n<!-- \/ Yoast SEO plugin. -->","yoast_head_json":{"title":"Fresa de diamante para turbina, bola - Medibase","robots":{"index":"index","follow":"follow","max-snippet":"max-snippet:-1","max-image-preview":"max-image-preview:large","max-video-preview":"max-video-preview:-1"},"canonical":"https:\/\/www.medibase-disposables.com\/es\/productos\/fresa-de-diamante-para-turbina-bola\/","og_locale":"es_ES","og_type":"article","og_title":"Fresa de diamante para turbina, bola - Medibase","og_description":"Fresas est\u00e9riles para m\u00e1xima higiene: elimina todo riesgo de contaminaci\u00f3n cruzada.  \u00a0Caracter\u00edsticas:   \u00a0Esterilizadas mediante radiaci\u00f3n gamma: listas para usar.  \u00a0Se encuentran disponibles todas las formas en grano grueso para un tallado r\u00e1pido y eficaz.  \u00a0Controladas individualmente.  \u00a0Presentaci\u00f3n en caja de 25 fresas est\u00e9riles.  Clase: IIA. Marcado CE 0483. MDC MEDICAL DEVICE Organismo notificado. Fabricante : STRAUSS &amp; CO.","og_url":"https:\/\/www.medibase-disposables.com\/es\/productos\/fresa-de-diamante-para-turbina-bola\/","og_site_name":"Medibase","article_modified_time":"2022-11-17T10:25:08+00:00","og_image":[{"width":"950","height":"950","url":"http:\/\/www.medibase-disposables.com\/wp-content\/uploads\/66-340.jpg","type":"image\/jpeg"}],"twitter_card":"summary_large_image","twitter_misc":{"Tiempo de lectura":"1 minuto"},"schema":{"@context":"https:\/\/schema.org","@graph":[{"@type":"WebPage","@id":"https:\/\/www.medibase-disposables.com\/es\/productos\/fresa-de-diamante-para-turbina-bola\/","url":"https:\/\/www.medibase-disposables.com\/es\/productos\/fresa-de-diamante-para-turbina-bola\/","name":"Fresa de diamante para turbina, bola - Medibase","isPartOf":{"@id":"https:\/\/www.medibase-disposables.com\/es\/#website"},"primaryImageOfPage":{"@id":"https:\/\/www.medibase-disposables.com\/es\/productos\/fresa-de-diamante-para-turbina-bola\/#primaryimage"},"image":{"@id":"https:\/\/www.medibase-disposables.com\/es\/productos\/fresa-de-diamante-para-turbina-bola\/#primaryimage"},"thumbnailUrl":"https:\/\/www.medibase-disposables.com\/wp-content\/uploads\/66-340.jpg","datePublished":"2020-11-23T20:02:39+00:00","dateModified":"2022-11-17T10:25:08+00:00","breadcrumb":{"@id":"https:\/\/www.medibase-disposables.com\/es\/productos\/fresa-de-diamante-para-turbina-bola\/#breadcrumb"},"inLanguage":"es","potentialAction":[{"@type":"ReadAction","target":["https:\/\/www.medibase-disposables.com\/es\/productos\/fresa-de-diamante-para-turbina-bola\/"]}]},{"@type":"ImageObject","inLanguage":"es","@id":"https:\/\/www.medibase-disposables.com\/es\/productos\/fresa-de-diamante-para-turbina-bola\/#primaryimage","url":"https:\/\/www.medibase-disposables.com\/wp-content\/uploads\/66-340.jpg","contentUrl":"https:\/\/www.medibase-disposables.com\/wp-content\/uploads\/66-340.jpg","width":"950","height":"950"},{"@type":"BreadcrumbList","@id":"https:\/\/www.medibase-disposables.com\/es\/productos\/fresa-de-diamante-para-turbina-bola\/#breadcrumb","itemListElement":[{"@type":"ListItem","position":1,"name":"Accueil","item":"https:\/\/www.medibase-disposables.com\/es\/"},{"@type":"ListItem","position":2,"name":"Productos","item":"https:\/\/www.medibase-disposables.com\/es\/productos\/"},{"@type":"ListItem","position":3,"name":"Fresa de diamante para turbina, bola"}]},{"@type":"WebSite","@id":"https:\/\/www.medibase-disposables.com\/es\/#website","url":"https:\/\/www.medibase-disposables.com\/es\/","name":"Medibase","description":"Your everyday essentials","publisher":{"@id":"https:\/\/www.medibase-disposables.com\/es\/#organization"},"potentialAction":[{"@type":"SearchAction","target":{"@type":"EntryPoint","urlTemplate":"https:\/\/www.medibase-disposables.com\/es\/?s={search_term_string}"},"query-input":"required name=search_term_string"}],"inLanguage":"es"},{"@type":"Organization","@id":"https:\/\/www.medibase-disposables.com\/es\/#organization","name":"MEDIBASE","url":"https:\/\/www.medibase-disposables.com\/es\/","logo":{"@type":"ImageObject","inLanguage":"es","@id":"https:\/\/www.medibase-disposables.com\/es\/#\/schema\/logo\/image\/","url":"https:\/\/www.medibase-disposables.com\/wp-content\/uploads\/logo@2x.png","contentUrl":"https:\/\/www.medibase-disposables.com\/wp-content\/uploads\/logo@2x.png","width":501,"height":501,"caption":"MEDIBASE"},"image":{"@id":"https:\/\/www.medibase-disposables.com\/es\/#\/schema\/logo\/image\/"}}]}},"_links":{"self":[{"href":"https:\/\/www.medibase-disposables.com\/es\/wp-json\/wp\/v2\/product\/4923"}],"collection":[{"href":"https:\/\/www.medibase-disposables.com\/es\/wp-json\/wp\/v2\/product"}],"about":[{"href":"https:\/\/www.medibase-disposables.com\/es\/wp-json\/wp\/v2\/types\/product"}],"wp:featuredmedia":[{"embeddable":true,"href":"https:\/\/www.medibase-disposables.com\/es\/wp-json\/wp\/v2\/media\/4930"}],"wp:attachment":[{"href":"https:\/\/www.medibase-disposables.com\/es\/wp-json\/wp\/v2\/media?parent=4923"}],"wp:term":[{"taxonomy":"product_cat","embeddable":true,"href":"https:\/\/www.medibase-disposables.com\/es\/wp-json\/wp\/v2\/product_cat?post=4923"},{"taxonomy":"product_tag","embeddable":true,"href":"https:\/\/www.medibase-disposables.com\/es\/wp-json\/wp\/v2\/product_tag?post=4923"}],"curies":[{"name":"wp","href":"https:\/\/api.w.org\/{rel}","templated":true}]}}