{"id":4931,"date":"2018-07-30T18:02:54","date_gmt":"2020-11-23T20:06:17","guid":{"rendered":"https:\/\/www.medibase-disposables.com\/?post_type=product&#038;p=4931"},"modified":"2022-11-17T11:21:38","modified_gmt":"2022-11-17T10:21:38","slug":"fresa-diamante","status":"publish","type":"product","link":"https:\/\/www.medibase-disposables.com\/es\/productos\/fresa-diamante\/","title":{"rendered":"Fresa diamante"},"content":{"rendered":"<p><strong>Fresa diamante<\/strong><\/p>\n<table style=\"width: 99.6687%;\" width=\"100%\">\n<thead>\n<tr>\n<td style=\"width: 32.4503%;\">La descripci\u00f3n<\/td>\n<td style=\"width: 15.894%;\">S5<\/td>\n<td style=\"width: 15.894%;\">T3<\/td>\n<td style=\"width: 17.2185%;\">S3<\/td>\n<td style=\"width: 18.2119%;\" width=\"100\">S1<\/td>\n<\/tr>\n<\/thead>\n<tbody>\n<tr>\n<th style=\"width: 32.4503%;\">C\u00f3digo<\/th>\n<td style=\"width: 15.894%;\">878 000<\/td>\n<td style=\"width: 15.894%;\">878 000<\/td>\n<td style=\"width: 17.2185%;\">\u00a0879 000<\/td>\n<td style=\"width: 18.2119%;\" width=\"100\">879 000<\/td>\n<\/tr>\n<tr>\n<th style=\"width: 32.4503%;\">ISO<\/th>\n<td style=\"width: 15.894%;\">015<\/td>\n<td style=\"width: 15.894%;\">018<\/td>\n<td style=\"width: 17.2185%;\">013<\/td>\n<td style=\"width: 18.2119%;\" width=\"100\">015<\/td>\n<\/tr>\n<tr>\n<th style=\"width: 32.4503%;\">LWP (mil\u00edmetro)<\/th>\n<td style=\"width: 15.894%;\">8<\/td>\n<td style=\"width: 15.894%;\">8<\/td>\n<td style=\"width: 17.2185%;\">9,5<\/td>\n<td style=\"width: 18.2119%;\" width=\"100\">9,5<\/td>\n<\/tr>\n<tr>\n<th style=\"width: 32.4503%;\">TL (mil\u00edmetro)<\/th>\n<td style=\"width: 15.894%;\">20,5<\/td>\n<td style=\"width: 15.894%;\">20<\/td>\n<td style=\"width: 17.2185%;\">22<\/td>\n<td style=\"width: 18.2119%;\" width=\"100\">22<\/td>\n<\/tr>\n<tr>\n<th style=\"width: 32.4503%;\">Ref. grueso<\/th>\n<td style=\"width: 15.894%;\">3138056<\/td>\n<td style=\"width: 15.894%;\">3138057<\/td>\n<td style=\"width: 17.2185%;\">3138055<\/td>\n<td style=\"width: 18.2119%;\" width=\"100\">3138054<\/td>\n<\/tr>\n<\/tbody>\n<\/table>\n<p>&nbsp;<\/p>\n","protected":false},"excerpt":{"rendered":"<p>Fresas est\u00e9riles para m\u00e1xima higiene: elimina todo riesgo de contaminaci\u00f3n cruzada.<\/p>\n<p><strong>Caracter\u00edsticas:<\/strong><\/p>\n<ul>\n<li>\u00a0Esterilizadas mediante radiaci\u00f3n gamma: listas para usar.<\/li>\n<li>\u00a0Se encuentran disponibles todas las formas en grano grueso para un tallado r\u00e1pido y eficaz.<\/li>\n<li>\u00a0Controladas individualmente.<\/li>\n<\/ul>\n<p><strong>Presentaci\u00f3n en caja de 25 fresas est\u00e9riles.<\/strong><\/p>\n<p>Clase: IIA.<br \/>\nMarcado CE 0483. MDC MEDICAL DEVICE organismo notificado.<br \/>\nFabricante: STRAUSS &amp; CO.<\/p>\n","protected":false},"featured_media":4932,"template":"","meta":{"_acf_changed":false},"product_cat":[290],"product_tag":[],"acf":[],"yoast_head":"<!-- This site is optimized with the Yoast SEO plugin v22.3 - https:\/\/yoast.com\/wordpress\/plugins\/seo\/ -->\n<title>Fresa diamante - Medibase<\/title>\n<meta name=\"robots\" content=\"index, follow, max-snippet:-1, max-image-preview:large, max-video-preview:-1\" \/>\n<link rel=\"canonical\" href=\"https:\/\/www.medibase-disposables.com\/es\/productos\/fresa-diamante\/\" \/>\n<meta property=\"og:locale\" content=\"es_ES\" \/>\n<meta property=\"og:type\" content=\"article\" \/>\n<meta property=\"og:title\" content=\"Fresa diamante - Medibase\" \/>\n<meta property=\"og:description\" content=\"Fresas est\u00e9riles para m\u00e1xima higiene: elimina todo riesgo de contaminaci\u00f3n cruzada.  Caracter\u00edsticas:   \u00a0Esterilizadas mediante radiaci\u00f3n gamma: listas para usar.  \u00a0Se encuentran disponibles todas las formas en grano grueso para un tallado r\u00e1pido y eficaz.  \u00a0Controladas individualmente.  Presentaci\u00f3n en caja de 25 fresas est\u00e9riles.  Clase: IIA. Marcado CE 0483. MDC MEDICAL DEVICE organismo notificado. Fabricante: STRAUSS &amp; CO.\" \/>\n<meta property=\"og:url\" content=\"https:\/\/www.medibase-disposables.com\/es\/productos\/fresa-diamante\/\" \/>\n<meta property=\"og:site_name\" content=\"Medibase\" \/>\n<meta property=\"article:modified_time\" content=\"2022-11-17T10:21:38+00:00\" \/>\n<meta property=\"og:image\" content=\"http:\/\/www.medibase-disposables.com\/wp-content\/uploads\/66-324.jpg\" \/>\n\t<meta property=\"og:image:width\" content=\"950\" \/>\n\t<meta property=\"og:image:height\" content=\"950\" \/>\n\t<meta property=\"og:image:type\" content=\"image\/jpeg\" \/>\n<meta name=\"twitter:card\" content=\"summary_large_image\" \/>\n<meta name=\"twitter:label1\" content=\"Tiempo de lectura\" \/>\n\t<meta name=\"twitter:data1\" content=\"1 minuto\" \/>\n<script type=\"application\/ld+json\" class=\"yoast-schema-graph\">{\"@context\":\"https:\/\/schema.org\",\"@graph\":[{\"@type\":\"WebPage\",\"@id\":\"https:\/\/www.medibase-disposables.com\/es\/productos\/fresa-diamante\/\",\"url\":\"https:\/\/www.medibase-disposables.com\/es\/productos\/fresa-diamante\/\",\"name\":\"Fresa diamante - Medibase\",\"isPartOf\":{\"@id\":\"https:\/\/www.medibase-disposables.com\/es\/#website\"},\"primaryImageOfPage\":{\"@id\":\"https:\/\/www.medibase-disposables.com\/es\/productos\/fresa-diamante\/#primaryimage\"},\"image\":{\"@id\":\"https:\/\/www.medibase-disposables.com\/es\/productos\/fresa-diamante\/#primaryimage\"},\"thumbnailUrl\":\"https:\/\/www.medibase-disposables.com\/wp-content\/uploads\/66-324.jpg\",\"datePublished\":\"2020-11-23T20:06:17+00:00\",\"dateModified\":\"2022-11-17T10:21:38+00:00\",\"breadcrumb\":{\"@id\":\"https:\/\/www.medibase-disposables.com\/es\/productos\/fresa-diamante\/#breadcrumb\"},\"inLanguage\":\"es\",\"potentialAction\":[{\"@type\":\"ReadAction\",\"target\":[\"https:\/\/www.medibase-disposables.com\/es\/productos\/fresa-diamante\/\"]}]},{\"@type\":\"ImageObject\",\"inLanguage\":\"es\",\"@id\":\"https:\/\/www.medibase-disposables.com\/es\/productos\/fresa-diamante\/#primaryimage\",\"url\":\"https:\/\/www.medibase-disposables.com\/wp-content\/uploads\/66-324.jpg\",\"contentUrl\":\"https:\/\/www.medibase-disposables.com\/wp-content\/uploads\/66-324.jpg\",\"width\":\"950\",\"height\":\"950\"},{\"@type\":\"BreadcrumbList\",\"@id\":\"https:\/\/www.medibase-disposables.com\/es\/productos\/fresa-diamante\/#breadcrumb\",\"itemListElement\":[{\"@type\":\"ListItem\",\"position\":1,\"name\":\"Accueil\",\"item\":\"https:\/\/www.medibase-disposables.com\/es\/\"},{\"@type\":\"ListItem\",\"position\":2,\"name\":\"Productos\",\"item\":\"https:\/\/www.medibase-disposables.com\/es\/productos\/\"},{\"@type\":\"ListItem\",\"position\":3,\"name\":\"Fresa diamante\"}]},{\"@type\":\"WebSite\",\"@id\":\"https:\/\/www.medibase-disposables.com\/es\/#website\",\"url\":\"https:\/\/www.medibase-disposables.com\/es\/\",\"name\":\"Medibase\",\"description\":\"Your everyday essentials\",\"publisher\":{\"@id\":\"https:\/\/www.medibase-disposables.com\/es\/#organization\"},\"potentialAction\":[{\"@type\":\"SearchAction\",\"target\":{\"@type\":\"EntryPoint\",\"urlTemplate\":\"https:\/\/www.medibase-disposables.com\/es\/?s={search_term_string}\"},\"query-input\":\"required name=search_term_string\"}],\"inLanguage\":\"es\"},{\"@type\":\"Organization\",\"@id\":\"https:\/\/www.medibase-disposables.com\/es\/#organization\",\"name\":\"MEDIBASE\",\"url\":\"https:\/\/www.medibase-disposables.com\/es\/\",\"logo\":{\"@type\":\"ImageObject\",\"inLanguage\":\"es\",\"@id\":\"https:\/\/www.medibase-disposables.com\/es\/#\/schema\/logo\/image\/\",\"url\":\"https:\/\/www.medibase-disposables.com\/wp-content\/uploads\/logo@2x.png\",\"contentUrl\":\"https:\/\/www.medibase-disposables.com\/wp-content\/uploads\/logo@2x.png\",\"width\":501,\"height\":501,\"caption\":\"MEDIBASE\"},\"image\":{\"@id\":\"https:\/\/www.medibase-disposables.com\/es\/#\/schema\/logo\/image\/\"}}]}<\/script>\n<!-- \/ Yoast SEO plugin. -->","yoast_head_json":{"title":"Fresa diamante - Medibase","robots":{"index":"index","follow":"follow","max-snippet":"max-snippet:-1","max-image-preview":"max-image-preview:large","max-video-preview":"max-video-preview:-1"},"canonical":"https:\/\/www.medibase-disposables.com\/es\/productos\/fresa-diamante\/","og_locale":"es_ES","og_type":"article","og_title":"Fresa diamante - Medibase","og_description":"Fresas est\u00e9riles para m\u00e1xima higiene: elimina todo riesgo de contaminaci\u00f3n cruzada.  Caracter\u00edsticas:   \u00a0Esterilizadas mediante radiaci\u00f3n gamma: listas para usar.  \u00a0Se encuentran disponibles todas las formas en grano grueso para un tallado r\u00e1pido y eficaz.  \u00a0Controladas individualmente.  Presentaci\u00f3n en caja de 25 fresas est\u00e9riles.  Clase: IIA. Marcado CE 0483. MDC MEDICAL DEVICE organismo notificado. Fabricante: STRAUSS &amp; CO.","og_url":"https:\/\/www.medibase-disposables.com\/es\/productos\/fresa-diamante\/","og_site_name":"Medibase","article_modified_time":"2022-11-17T10:21:38+00:00","og_image":[{"width":"950","height":"950","url":"http:\/\/www.medibase-disposables.com\/wp-content\/uploads\/66-324.jpg","type":"image\/jpeg"}],"twitter_card":"summary_large_image","twitter_misc":{"Tiempo de lectura":"1 minuto"},"schema":{"@context":"https:\/\/schema.org","@graph":[{"@type":"WebPage","@id":"https:\/\/www.medibase-disposables.com\/es\/productos\/fresa-diamante\/","url":"https:\/\/www.medibase-disposables.com\/es\/productos\/fresa-diamante\/","name":"Fresa diamante - Medibase","isPartOf":{"@id":"https:\/\/www.medibase-disposables.com\/es\/#website"},"primaryImageOfPage":{"@id":"https:\/\/www.medibase-disposables.com\/es\/productos\/fresa-diamante\/#primaryimage"},"image":{"@id":"https:\/\/www.medibase-disposables.com\/es\/productos\/fresa-diamante\/#primaryimage"},"thumbnailUrl":"https:\/\/www.medibase-disposables.com\/wp-content\/uploads\/66-324.jpg","datePublished":"2020-11-23T20:06:17+00:00","dateModified":"2022-11-17T10:21:38+00:00","breadcrumb":{"@id":"https:\/\/www.medibase-disposables.com\/es\/productos\/fresa-diamante\/#breadcrumb"},"inLanguage":"es","potentialAction":[{"@type":"ReadAction","target":["https:\/\/www.medibase-disposables.com\/es\/productos\/fresa-diamante\/"]}]},{"@type":"ImageObject","inLanguage":"es","@id":"https:\/\/www.medibase-disposables.com\/es\/productos\/fresa-diamante\/#primaryimage","url":"https:\/\/www.medibase-disposables.com\/wp-content\/uploads\/66-324.jpg","contentUrl":"https:\/\/www.medibase-disposables.com\/wp-content\/uploads\/66-324.jpg","width":"950","height":"950"},{"@type":"BreadcrumbList","@id":"https:\/\/www.medibase-disposables.com\/es\/productos\/fresa-diamante\/#breadcrumb","itemListElement":[{"@type":"ListItem","position":1,"name":"Accueil","item":"https:\/\/www.medibase-disposables.com\/es\/"},{"@type":"ListItem","position":2,"name":"Productos","item":"https:\/\/www.medibase-disposables.com\/es\/productos\/"},{"@type":"ListItem","position":3,"name":"Fresa diamante"}]},{"@type":"WebSite","@id":"https:\/\/www.medibase-disposables.com\/es\/#website","url":"https:\/\/www.medibase-disposables.com\/es\/","name":"Medibase","description":"Your everyday essentials","publisher":{"@id":"https:\/\/www.medibase-disposables.com\/es\/#organization"},"potentialAction":[{"@type":"SearchAction","target":{"@type":"EntryPoint","urlTemplate":"https:\/\/www.medibase-disposables.com\/es\/?s={search_term_string}"},"query-input":"required name=search_term_string"}],"inLanguage":"es"},{"@type":"Organization","@id":"https:\/\/www.medibase-disposables.com\/es\/#organization","name":"MEDIBASE","url":"https:\/\/www.medibase-disposables.com\/es\/","logo":{"@type":"ImageObject","inLanguage":"es","@id":"https:\/\/www.medibase-disposables.com\/es\/#\/schema\/logo\/image\/","url":"https:\/\/www.medibase-disposables.com\/wp-content\/uploads\/logo@2x.png","contentUrl":"https:\/\/www.medibase-disposables.com\/wp-content\/uploads\/logo@2x.png","width":501,"height":501,"caption":"MEDIBASE"},"image":{"@id":"https:\/\/www.medibase-disposables.com\/es\/#\/schema\/logo\/image\/"}}]}},"_links":{"self":[{"href":"https:\/\/www.medibase-disposables.com\/es\/wp-json\/wp\/v2\/product\/4931"}],"collection":[{"href":"https:\/\/www.medibase-disposables.com\/es\/wp-json\/wp\/v2\/product"}],"about":[{"href":"https:\/\/www.medibase-disposables.com\/es\/wp-json\/wp\/v2\/types\/product"}],"wp:featuredmedia":[{"embeddable":true,"href":"https:\/\/www.medibase-disposables.com\/es\/wp-json\/wp\/v2\/media\/4932"}],"wp:attachment":[{"href":"https:\/\/www.medibase-disposables.com\/es\/wp-json\/wp\/v2\/media?parent=4931"}],"wp:term":[{"taxonomy":"product_cat","embeddable":true,"href":"https:\/\/www.medibase-disposables.com\/es\/wp-json\/wp\/v2\/product_cat?post=4931"},{"taxonomy":"product_tag","embeddable":true,"href":"https:\/\/www.medibase-disposables.com\/es\/wp-json\/wp\/v2\/product_tag?post=4931"}],"curies":[{"name":"wp","href":"https:\/\/api.w.org\/{rel}","templated":true}]}}