{"id":4985,"date":"2018-07-30T17:47:17","date_gmt":"2020-11-23T20:08:53","guid":{"rendered":"https:\/\/www.medibase-disposables.com\/?post_type=product&#038;p=4985"},"modified":"2022-11-17T11:28:45","modified_gmt":"2022-11-17T10:28:45","slug":"fresas-de-diamante-para-turbina-cilindricas-con-extremo-plano","status":"publish","type":"product","link":"https:\/\/www.medibase-disposables.com\/es\/productos\/fresas-de-diamante-para-turbina-cilindricas-con-extremo-plano\/","title":{"rendered":"Fresas de diamante para turbina cil\u00edndricas con extremo plano"},"content":{"rendered":"<table style=\"width: 99.8343%;\" width=\"100%\">\n<thead>\n<tr>\n<th style=\"width: 21.0265%;\">Designaci\u00f3n<\/th>\n<td style=\"width: 13.7417%;\">\u00a0D1<\/td>\n<td style=\"width: 10.428%;\">\u00a0D2<\/td>\n<td style=\"width: 13.9105%;\">\u00a0D3<\/td>\n<td style=\"width: 14.4089%;\">\u00a0D4<\/td>\n<td style=\"width: 12.0869%;\">\u00a0D6<\/td>\n<td style=\"width: 14.2318%;\" width=\"100\">\u00a0D4R<\/td>\n<\/tr>\n<\/thead>\n<tbody>\n<tr>\n<th style=\"width: 21.0265%;\">C\u00f3digo<\/th>\n<td style=\"width: 13.7417%;\">835<\/td>\n<td style=\"width: 10.428%;\">835<\/td>\n<td style=\"width: 13.9105%;\">836<\/td>\n<td style=\"width: 14.4089%;\">837<\/td>\n<td style=\"width: 12.0869%;\">837<\/td>\n<td style=\"width: 14.2318%;\" width=\"100\">881<\/td>\n<\/tr>\n<tr>\n<th style=\"width: 21.0265%;\">ISO<\/th>\n<td style=\"width: 13.7417%;\">010<\/td>\n<td style=\"width: 10.428%;\">014<\/td>\n<td style=\"width: 13.9105%;\">012<\/td>\n<td style=\"width: 14.4089%;\">014<\/td>\n<td style=\"width: 12.0869%;\">018<\/td>\n<td style=\"width: 14.2318%;\" width=\"100\">014<\/td>\n<\/tr>\n<tr>\n<th style=\"width: 21.0265%;\">Lt (mm)<\/th>\n<td style=\"width: 13.7417%;\">4<\/td>\n<td style=\"width: 10.428%;\">4<\/td>\n<td style=\"width: 13.9105%;\">5,6<\/td>\n<td style=\"width: 14.4089%;\">8<\/td>\n<td style=\"width: 12.0869%;\">8<\/td>\n<td style=\"width: 14.2318%;\" width=\"100\">8<\/td>\n<\/tr>\n<tr>\n<th style=\"width: 21.0265%;\">LT (mm)<\/th>\n<td style=\"width: 13.7417%;\">19<\/td>\n<td style=\"width: 10.428%;\">19<\/td>\n<td style=\"width: 13.9105%;\">21<\/td>\n<td style=\"width: 14.4089%;\">21<\/td>\n<td style=\"width: 12.0869%;\">21,5<\/td>\n<td style=\"width: 14.2318%;\" width=\"100\">21<\/td>\n<\/tr>\n<tr>\n<th style=\"width: 21.0265%;\">Ref. Grande<\/th>\n<td style=\"width: 13.7417%;\">3138441<\/td>\n<td style=\"width: 10.428%;\">3138063<\/td>\n<td style=\"width: 13.9105%;\">3138064<\/td>\n<td style=\"width: 14.4089%;\">3138443<\/td>\n<td style=\"width: 12.0869%;\">3138444<\/td>\n<td style=\"width: 14.2318%;\" width=\"100\">3138445<\/td>\n<\/tr>\n<tr>\n<th style=\"width: 21.0265%;\">Ref. Medio<\/th>\n<td style=\"width: 13.7417%;\">3138442<\/td>\n<td style=\"width: 10.428%;\">\u2013<\/td>\n<td style=\"width: 13.9105%;\">\u2013<\/td>\n<td style=\"width: 14.4089%;\">\u2013<\/td>\n<td style=\"width: 12.0869%;\">\u2013<\/td>\n<td style=\"width: 14.2318%;\" width=\"100\">3138446<\/td>\n<\/tr>\n<\/tbody>\n<\/table>\n<p>&nbsp;<\/p>\n","protected":false},"excerpt":{"rendered":"<p>Fresas est\u00e9riles para m\u00e1xima higiene: elimina todo riesgo de contaminaci\u00f3n cruzada.<\/p>\n<p><strong>Caracter\u00edsticas:<\/strong><\/p>\n<ul>\n<li>Esterilizadas mediante radiaci\u00f3n gamma: listas para usar.<\/li>\n<li>Se encuentran disponibles todas las formas en grano grueso para un tallado r\u00e1pido y eficaz.<\/li>\n<li>Controladas individualmente.<\/li>\n<\/ul>\n<ul>\n<li>Presentaci\u00f3n en caja de 25 fresas est\u00e9riles.<\/li>\n<\/ul>\n<p>Clase: IIA.<br \/>\nMarcado CE 0483. MDC MEDICAL DEVICE Organismo notificado.<br \/>\nFabricante : STRAUSS &amp; CO.<\/p>\n","protected":false},"featured_media":4952,"template":"","meta":{"_acf_changed":false},"product_cat":[290],"product_tag":[],"acf":[],"yoast_head":"<!-- This site is optimized with the Yoast SEO plugin v22.3 - https:\/\/yoast.com\/wordpress\/plugins\/seo\/ -->\n<title>Fresas de diamante para turbina cil\u00edndricas con extremo plano - Medibase<\/title>\n<meta name=\"robots\" content=\"index, follow, max-snippet:-1, max-image-preview:large, max-video-preview:-1\" \/>\n<link rel=\"canonical\" href=\"https:\/\/www.medibase-disposables.com\/es\/productos\/fresas-de-diamante-para-turbina-cilindricas-con-extremo-plano\/\" \/>\n<meta property=\"og:locale\" content=\"es_ES\" \/>\n<meta property=\"og:type\" content=\"article\" \/>\n<meta property=\"og:title\" content=\"Fresas de diamante para turbina cil\u00edndricas con extremo plano - Medibase\" \/>\n<meta property=\"og:description\" content=\"Fresas est\u00e9riles para m\u00e1xima higiene: elimina todo riesgo de contaminaci\u00f3n cruzada.  Caracter\u00edsticas:   Esterilizadas mediante radiaci\u00f3n gamma: listas para usar.  Se encuentran disponibles todas las formas en grano grueso para un tallado r\u00e1pido y eficaz.  Controladas individualmente.    Presentaci\u00f3n en caja de 25 fresas est\u00e9riles.  Clase: IIA. Marcado CE 0483. MDC MEDICAL DEVICE Organismo notificado. Fabricante : STRAUSS &amp; CO.\" \/>\n<meta property=\"og:url\" content=\"https:\/\/www.medibase-disposables.com\/es\/productos\/fresas-de-diamante-para-turbina-cilindricas-con-extremo-plano\/\" \/>\n<meta property=\"og:site_name\" content=\"Medibase\" \/>\n<meta property=\"article:modified_time\" content=\"2022-11-17T10:28:45+00:00\" \/>\n<meta property=\"og:image\" content=\"http:\/\/www.medibase-disposables.com\/wp-content\/uploads\/60-293.jpg\" \/>\n\t<meta property=\"og:image:width\" content=\"950\" \/>\n\t<meta property=\"og:image:height\" content=\"950\" \/>\n\t<meta property=\"og:image:type\" content=\"image\/jpeg\" \/>\n<meta name=\"twitter:card\" content=\"summary_large_image\" \/>\n<meta name=\"twitter:label1\" content=\"Tiempo de lectura\" \/>\n\t<meta name=\"twitter:data1\" content=\"1 minuto\" \/>\n<script type=\"application\/ld+json\" class=\"yoast-schema-graph\">{\"@context\":\"https:\/\/schema.org\",\"@graph\":[{\"@type\":\"WebPage\",\"@id\":\"https:\/\/www.medibase-disposables.com\/es\/productos\/fresas-de-diamante-para-turbina-cilindricas-con-extremo-plano\/\",\"url\":\"https:\/\/www.medibase-disposables.com\/es\/productos\/fresas-de-diamante-para-turbina-cilindricas-con-extremo-plano\/\",\"name\":\"Fresas de diamante para turbina cil\u00edndricas con extremo plano - Medibase\",\"isPartOf\":{\"@id\":\"https:\/\/www.medibase-disposables.com\/es\/#website\"},\"primaryImageOfPage\":{\"@id\":\"https:\/\/www.medibase-disposables.com\/es\/productos\/fresas-de-diamante-para-turbina-cilindricas-con-extremo-plano\/#primaryimage\"},\"image\":{\"@id\":\"https:\/\/www.medibase-disposables.com\/es\/productos\/fresas-de-diamante-para-turbina-cilindricas-con-extremo-plano\/#primaryimage\"},\"thumbnailUrl\":\"https:\/\/www.medibase-disposables.com\/wp-content\/uploads\/60-293.jpg\",\"datePublished\":\"2020-11-23T20:08:53+00:00\",\"dateModified\":\"2022-11-17T10:28:45+00:00\",\"breadcrumb\":{\"@id\":\"https:\/\/www.medibase-disposables.com\/es\/productos\/fresas-de-diamante-para-turbina-cilindricas-con-extremo-plano\/#breadcrumb\"},\"inLanguage\":\"es\",\"potentialAction\":[{\"@type\":\"ReadAction\",\"target\":[\"https:\/\/www.medibase-disposables.com\/es\/productos\/fresas-de-diamante-para-turbina-cilindricas-con-extremo-plano\/\"]}]},{\"@type\":\"ImageObject\",\"inLanguage\":\"es\",\"@id\":\"https:\/\/www.medibase-disposables.com\/es\/productos\/fresas-de-diamante-para-turbina-cilindricas-con-extremo-plano\/#primaryimage\",\"url\":\"https:\/\/www.medibase-disposables.com\/wp-content\/uploads\/60-293.jpg\",\"contentUrl\":\"https:\/\/www.medibase-disposables.com\/wp-content\/uploads\/60-293.jpg\",\"width\":\"950\",\"height\":\"950\"},{\"@type\":\"BreadcrumbList\",\"@id\":\"https:\/\/www.medibase-disposables.com\/es\/productos\/fresas-de-diamante-para-turbina-cilindricas-con-extremo-plano\/#breadcrumb\",\"itemListElement\":[{\"@type\":\"ListItem\",\"position\":1,\"name\":\"Accueil\",\"item\":\"https:\/\/www.medibase-disposables.com\/es\/\"},{\"@type\":\"ListItem\",\"position\":2,\"name\":\"Productos\",\"item\":\"https:\/\/www.medibase-disposables.com\/es\/productos\/\"},{\"@type\":\"ListItem\",\"position\":3,\"name\":\"Fresas de diamante para turbina cil\u00edndricas con extremo plano\"}]},{\"@type\":\"WebSite\",\"@id\":\"https:\/\/www.medibase-disposables.com\/es\/#website\",\"url\":\"https:\/\/www.medibase-disposables.com\/es\/\",\"name\":\"Medibase\",\"description\":\"Your everyday essentials\",\"publisher\":{\"@id\":\"https:\/\/www.medibase-disposables.com\/es\/#organization\"},\"potentialAction\":[{\"@type\":\"SearchAction\",\"target\":{\"@type\":\"EntryPoint\",\"urlTemplate\":\"https:\/\/www.medibase-disposables.com\/es\/?s={search_term_string}\"},\"query-input\":\"required name=search_term_string\"}],\"inLanguage\":\"es\"},{\"@type\":\"Organization\",\"@id\":\"https:\/\/www.medibase-disposables.com\/es\/#organization\",\"name\":\"MEDIBASE\",\"url\":\"https:\/\/www.medibase-disposables.com\/es\/\",\"logo\":{\"@type\":\"ImageObject\",\"inLanguage\":\"es\",\"@id\":\"https:\/\/www.medibase-disposables.com\/es\/#\/schema\/logo\/image\/\",\"url\":\"https:\/\/www.medibase-disposables.com\/wp-content\/uploads\/logo@2x.png\",\"contentUrl\":\"https:\/\/www.medibase-disposables.com\/wp-content\/uploads\/logo@2x.png\",\"width\":501,\"height\":501,\"caption\":\"MEDIBASE\"},\"image\":{\"@id\":\"https:\/\/www.medibase-disposables.com\/es\/#\/schema\/logo\/image\/\"}}]}<\/script>\n<!-- \/ Yoast SEO plugin. -->","yoast_head_json":{"title":"Fresas de diamante para turbina cil\u00edndricas con extremo plano - Medibase","robots":{"index":"index","follow":"follow","max-snippet":"max-snippet:-1","max-image-preview":"max-image-preview:large","max-video-preview":"max-video-preview:-1"},"canonical":"https:\/\/www.medibase-disposables.com\/es\/productos\/fresas-de-diamante-para-turbina-cilindricas-con-extremo-plano\/","og_locale":"es_ES","og_type":"article","og_title":"Fresas de diamante para turbina cil\u00edndricas con extremo plano - Medibase","og_description":"Fresas est\u00e9riles para m\u00e1xima higiene: elimina todo riesgo de contaminaci\u00f3n cruzada.  Caracter\u00edsticas:   Esterilizadas mediante radiaci\u00f3n gamma: listas para usar.  Se encuentran disponibles todas las formas en grano grueso para un tallado r\u00e1pido y eficaz.  Controladas individualmente.    Presentaci\u00f3n en caja de 25 fresas est\u00e9riles.  Clase: IIA. Marcado CE 0483. MDC MEDICAL DEVICE Organismo notificado. Fabricante : STRAUSS &amp; CO.","og_url":"https:\/\/www.medibase-disposables.com\/es\/productos\/fresas-de-diamante-para-turbina-cilindricas-con-extremo-plano\/","og_site_name":"Medibase","article_modified_time":"2022-11-17T10:28:45+00:00","og_image":[{"width":"950","height":"950","url":"http:\/\/www.medibase-disposables.com\/wp-content\/uploads\/60-293.jpg","type":"image\/jpeg"}],"twitter_card":"summary_large_image","twitter_misc":{"Tiempo de lectura":"1 minuto"},"schema":{"@context":"https:\/\/schema.org","@graph":[{"@type":"WebPage","@id":"https:\/\/www.medibase-disposables.com\/es\/productos\/fresas-de-diamante-para-turbina-cilindricas-con-extremo-plano\/","url":"https:\/\/www.medibase-disposables.com\/es\/productos\/fresas-de-diamante-para-turbina-cilindricas-con-extremo-plano\/","name":"Fresas de diamante para turbina cil\u00edndricas con extremo plano - Medibase","isPartOf":{"@id":"https:\/\/www.medibase-disposables.com\/es\/#website"},"primaryImageOfPage":{"@id":"https:\/\/www.medibase-disposables.com\/es\/productos\/fresas-de-diamante-para-turbina-cilindricas-con-extremo-plano\/#primaryimage"},"image":{"@id":"https:\/\/www.medibase-disposables.com\/es\/productos\/fresas-de-diamante-para-turbina-cilindricas-con-extremo-plano\/#primaryimage"},"thumbnailUrl":"https:\/\/www.medibase-disposables.com\/wp-content\/uploads\/60-293.jpg","datePublished":"2020-11-23T20:08:53+00:00","dateModified":"2022-11-17T10:28:45+00:00","breadcrumb":{"@id":"https:\/\/www.medibase-disposables.com\/es\/productos\/fresas-de-diamante-para-turbina-cilindricas-con-extremo-plano\/#breadcrumb"},"inLanguage":"es","potentialAction":[{"@type":"ReadAction","target":["https:\/\/www.medibase-disposables.com\/es\/productos\/fresas-de-diamante-para-turbina-cilindricas-con-extremo-plano\/"]}]},{"@type":"ImageObject","inLanguage":"es","@id":"https:\/\/www.medibase-disposables.com\/es\/productos\/fresas-de-diamante-para-turbina-cilindricas-con-extremo-plano\/#primaryimage","url":"https:\/\/www.medibase-disposables.com\/wp-content\/uploads\/60-293.jpg","contentUrl":"https:\/\/www.medibase-disposables.com\/wp-content\/uploads\/60-293.jpg","width":"950","height":"950"},{"@type":"BreadcrumbList","@id":"https:\/\/www.medibase-disposables.com\/es\/productos\/fresas-de-diamante-para-turbina-cilindricas-con-extremo-plano\/#breadcrumb","itemListElement":[{"@type":"ListItem","position":1,"name":"Accueil","item":"https:\/\/www.medibase-disposables.com\/es\/"},{"@type":"ListItem","position":2,"name":"Productos","item":"https:\/\/www.medibase-disposables.com\/es\/productos\/"},{"@type":"ListItem","position":3,"name":"Fresas de diamante para turbina cil\u00edndricas con extremo plano"}]},{"@type":"WebSite","@id":"https:\/\/www.medibase-disposables.com\/es\/#website","url":"https:\/\/www.medibase-disposables.com\/es\/","name":"Medibase","description":"Your everyday essentials","publisher":{"@id":"https:\/\/www.medibase-disposables.com\/es\/#organization"},"potentialAction":[{"@type":"SearchAction","target":{"@type":"EntryPoint","urlTemplate":"https:\/\/www.medibase-disposables.com\/es\/?s={search_term_string}"},"query-input":"required name=search_term_string"}],"inLanguage":"es"},{"@type":"Organization","@id":"https:\/\/www.medibase-disposables.com\/es\/#organization","name":"MEDIBASE","url":"https:\/\/www.medibase-disposables.com\/es\/","logo":{"@type":"ImageObject","inLanguage":"es","@id":"https:\/\/www.medibase-disposables.com\/es\/#\/schema\/logo\/image\/","url":"https:\/\/www.medibase-disposables.com\/wp-content\/uploads\/logo@2x.png","contentUrl":"https:\/\/www.medibase-disposables.com\/wp-content\/uploads\/logo@2x.png","width":501,"height":501,"caption":"MEDIBASE"},"image":{"@id":"https:\/\/www.medibase-disposables.com\/es\/#\/schema\/logo\/image\/"}}]}},"_links":{"self":[{"href":"https:\/\/www.medibase-disposables.com\/es\/wp-json\/wp\/v2\/product\/4985"}],"collection":[{"href":"https:\/\/www.medibase-disposables.com\/es\/wp-json\/wp\/v2\/product"}],"about":[{"href":"https:\/\/www.medibase-disposables.com\/es\/wp-json\/wp\/v2\/types\/product"}],"wp:featuredmedia":[{"embeddable":true,"href":"https:\/\/www.medibase-disposables.com\/es\/wp-json\/wp\/v2\/media\/4952"}],"wp:attachment":[{"href":"https:\/\/www.medibase-disposables.com\/es\/wp-json\/wp\/v2\/media?parent=4985"}],"wp:term":[{"taxonomy":"product_cat","embeddable":true,"href":"https:\/\/www.medibase-disposables.com\/es\/wp-json\/wp\/v2\/product_cat?post=4985"},{"taxonomy":"product_tag","embeddable":true,"href":"https:\/\/www.medibase-disposables.com\/es\/wp-json\/wp\/v2\/product_tag?post=4985"}],"curies":[{"name":"wp","href":"https:\/\/api.w.org\/{rel}","templated":true}]}}