{"id":4992,"date":"2018-07-30T17:43:52","date_gmt":"2020-11-23T20:10:56","guid":{"rendered":"https:\/\/www.medibase-disposables.com\/?post_type=product&#038;p=4992"},"modified":"2022-11-17T11:26:38","modified_gmt":"2022-11-17T10:26:38","slug":"fresa-diam-turbina-conica-ext-redondo-y-plano","status":"publish","type":"product","link":"https:\/\/www.medibase-disposables.com\/es\/productos\/fresa-diam-turbina-conica-ext-redondo-y-plano\/","title":{"rendered":"Fresa Diam. Turbina: C\u00f3nica Ext. Redondo y Plano"},"content":{"rendered":"<p>&nbsp;<\/p>\n<p>&nbsp;<\/p>\n<p><strong>Caja de 25 fresas<\/strong><\/p>\n<table style=\"width: 601px;\" width=\"506\">\n<thead>\n<tr>\n<td style=\"width: 140px;\">Designaci\u00f3n<\/td>\n<td style=\"width: 90px;\">C1<\/td>\n<td style=\"width: 87px;\">C2<\/td>\n<td style=\"width: 87px;\">F1R<\/td>\n<td style=\"width: 87px;\">F2R<\/td>\n<td style=\"width: 110px;\" width=\"100\">F1<\/td>\n<\/tr>\n<\/thead>\n<tbody>\n<tr>\n<td style=\"width: 140px;\">C\u00f3digo<\/td>\n<td style=\"width: 90px;\">855<\/td>\n<td style=\"width: 87px;\">855L<\/td>\n<td style=\"width: 87px;\">850<\/td>\n<td style=\"width: 87px;\">850<\/td>\n<td style=\"width: 110px;\" width=\"100\">848<\/td>\n<\/tr>\n<tr>\n<td style=\"width: 140px;\">ISO<\/td>\n<td style=\"width: 90px;\">014<\/td>\n<td style=\"width: 87px;\">018<\/td>\n<td style=\"width: 87px;\">016<\/td>\n<td style=\"width: 87px;\">018<\/td>\n<td style=\"width: 110px;\" width=\"100\">016<\/td>\n<\/tr>\n<tr>\n<td style=\"width: 140px;\">Lt (mm)<\/td>\n<td style=\"width: 90px;\">6,3<\/td>\n<td style=\"width: 87px;\">7<\/td>\n<td style=\"width: 87px;\">10<\/td>\n<td style=\"width: 87px;\">10<\/td>\n<td style=\"width: 110px;\" width=\"100\">10<\/td>\n<\/tr>\n<tr>\n<td style=\"width: 140px;\">LT (mm)<\/td>\n<td style=\"width: 90px;\">21<\/td>\n<td style=\"width: 87px;\">19<\/td>\n<td style=\"width: 87px;\">22,5<\/td>\n<td style=\"width: 87px;\">22,5<\/td>\n<td style=\"width: 110px;\" width=\"100\">22,5<\/td>\n<\/tr>\n<tr>\n<td style=\"width: 140px;\">Ref.\u00a0Grande<\/td>\n<td style=\"width: 90px;\">3138066<\/td>\n<td style=\"width: 87px;\">3138067<\/td>\n<td style=\"width: 87px;\">3138447<\/td>\n<td style=\"width: 87px;\">3138068<\/td>\n<td style=\"width: 110px;\" width=\"100\">3138065<\/td>\n<\/tr>\n<\/tbody>\n<\/table>\n<p>&nbsp;<\/p>\n","protected":false},"excerpt":{"rendered":"<p>Fresas est\u00e9riles para m\u00e1xima higiene: elimina todo riesgo de contaminaci\u00f3n cruzada.<\/p>\n<p><strong>Caracter\u00edsticas:<\/strong><\/p>\n<ul>\n<li>Esterilizadas mediante radiaci\u00f3n gamma: listas para usar.<\/li>\n<li>Se encuentran disponibles todas las formas en grano grueso para un tallado r\u00e1pido y eficaz.<\/li>\n<li>Controladas individualmente.<\/li>\n<li>Presentaci\u00f3n en caja de 25 fresas est\u00e9riles.<\/li>\n<\/ul>\n<p>Clase: IIA.<br \/>\nMarcatura CE 0483. MDC MEDICAL DEVICE Organismo notificato.<br \/>\nProduttore : STRAUSS &amp; CO.<\/p>\n","protected":false},"featured_media":4946,"template":"","meta":{"_acf_changed":false},"product_cat":[290],"product_tag":[],"acf":[],"yoast_head":"<!-- This site is optimized with the Yoast SEO plugin v22.3 - https:\/\/yoast.com\/wordpress\/plugins\/seo\/ -->\n<title>Fresa Diam. Turbina: C\u00f3nica Ext. Redondo y Plano - Medibase<\/title>\n<meta name=\"robots\" content=\"index, follow, max-snippet:-1, max-image-preview:large, max-video-preview:-1\" \/>\n<link rel=\"canonical\" href=\"https:\/\/www.medibase-disposables.com\/es\/productos\/fresa-diam-turbina-conica-ext-redondo-y-plano\/\" \/>\n<meta property=\"og:locale\" content=\"es_ES\" \/>\n<meta property=\"og:type\" content=\"article\" \/>\n<meta property=\"og:title\" content=\"Fresa Diam. Turbina: C\u00f3nica Ext. Redondo y Plano - Medibase\" \/>\n<meta property=\"og:description\" content=\"Fresas est\u00e9riles para m\u00e1xima higiene: elimina todo riesgo de contaminaci\u00f3n cruzada.  Caracter\u00edsticas:   Esterilizadas mediante radiaci\u00f3n gamma: listas para usar.  Se encuentran disponibles todas las formas en grano grueso para un tallado r\u00e1pido y eficaz.  Controladas individualmente.  Presentaci\u00f3n en caja de 25 fresas est\u00e9riles.  Clase: IIA. Marcatura CE 0483. MDC MEDICAL DEVICE Organismo notificato. Produttore : STRAUSS &amp; CO.\" \/>\n<meta property=\"og:url\" content=\"https:\/\/www.medibase-disposables.com\/es\/productos\/fresa-diam-turbina-conica-ext-redondo-y-plano\/\" \/>\n<meta property=\"og:site_name\" content=\"Medibase\" \/>\n<meta property=\"article:modified_time\" content=\"2022-11-17T10:26:38+00:00\" \/>\n<meta property=\"og:image\" content=\"http:\/\/www.medibase-disposables.com\/wp-content\/uploads\/66-336.jpg\" \/>\n\t<meta property=\"og:image:width\" content=\"950\" \/>\n\t<meta property=\"og:image:height\" content=\"950\" \/>\n\t<meta property=\"og:image:type\" content=\"image\/jpeg\" \/>\n<meta name=\"twitter:card\" content=\"summary_large_image\" \/>\n<meta name=\"twitter:label1\" content=\"Tiempo de lectura\" \/>\n\t<meta name=\"twitter:data1\" content=\"1 minuto\" \/>\n<script type=\"application\/ld+json\" class=\"yoast-schema-graph\">{\"@context\":\"https:\/\/schema.org\",\"@graph\":[{\"@type\":\"WebPage\",\"@id\":\"https:\/\/www.medibase-disposables.com\/es\/productos\/fresa-diam-turbina-conica-ext-redondo-y-plano\/\",\"url\":\"https:\/\/www.medibase-disposables.com\/es\/productos\/fresa-diam-turbina-conica-ext-redondo-y-plano\/\",\"name\":\"Fresa Diam. Turbina: C\u00f3nica Ext. Redondo y Plano - Medibase\",\"isPartOf\":{\"@id\":\"https:\/\/www.medibase-disposables.com\/es\/#website\"},\"primaryImageOfPage\":{\"@id\":\"https:\/\/www.medibase-disposables.com\/es\/productos\/fresa-diam-turbina-conica-ext-redondo-y-plano\/#primaryimage\"},\"image\":{\"@id\":\"https:\/\/www.medibase-disposables.com\/es\/productos\/fresa-diam-turbina-conica-ext-redondo-y-plano\/#primaryimage\"},\"thumbnailUrl\":\"https:\/\/www.medibase-disposables.com\/wp-content\/uploads\/66-336.jpg\",\"datePublished\":\"2020-11-23T20:10:56+00:00\",\"dateModified\":\"2022-11-17T10:26:38+00:00\",\"breadcrumb\":{\"@id\":\"https:\/\/www.medibase-disposables.com\/es\/productos\/fresa-diam-turbina-conica-ext-redondo-y-plano\/#breadcrumb\"},\"inLanguage\":\"es\",\"potentialAction\":[{\"@type\":\"ReadAction\",\"target\":[\"https:\/\/www.medibase-disposables.com\/es\/productos\/fresa-diam-turbina-conica-ext-redondo-y-plano\/\"]}]},{\"@type\":\"ImageObject\",\"inLanguage\":\"es\",\"@id\":\"https:\/\/www.medibase-disposables.com\/es\/productos\/fresa-diam-turbina-conica-ext-redondo-y-plano\/#primaryimage\",\"url\":\"https:\/\/www.medibase-disposables.com\/wp-content\/uploads\/66-336.jpg\",\"contentUrl\":\"https:\/\/www.medibase-disposables.com\/wp-content\/uploads\/66-336.jpg\",\"width\":\"950\",\"height\":\"950\"},{\"@type\":\"BreadcrumbList\",\"@id\":\"https:\/\/www.medibase-disposables.com\/es\/productos\/fresa-diam-turbina-conica-ext-redondo-y-plano\/#breadcrumb\",\"itemListElement\":[{\"@type\":\"ListItem\",\"position\":1,\"name\":\"Accueil\",\"item\":\"https:\/\/www.medibase-disposables.com\/es\/\"},{\"@type\":\"ListItem\",\"position\":2,\"name\":\"Productos\",\"item\":\"https:\/\/www.medibase-disposables.com\/es\/productos\/\"},{\"@type\":\"ListItem\",\"position\":3,\"name\":\"Fresa Diam. Turbina: C\u00f3nica Ext. Redondo y Plano\"}]},{\"@type\":\"WebSite\",\"@id\":\"https:\/\/www.medibase-disposables.com\/es\/#website\",\"url\":\"https:\/\/www.medibase-disposables.com\/es\/\",\"name\":\"Medibase\",\"description\":\"Your everyday essentials\",\"publisher\":{\"@id\":\"https:\/\/www.medibase-disposables.com\/es\/#organization\"},\"potentialAction\":[{\"@type\":\"SearchAction\",\"target\":{\"@type\":\"EntryPoint\",\"urlTemplate\":\"https:\/\/www.medibase-disposables.com\/es\/?s={search_term_string}\"},\"query-input\":\"required name=search_term_string\"}],\"inLanguage\":\"es\"},{\"@type\":\"Organization\",\"@id\":\"https:\/\/www.medibase-disposables.com\/es\/#organization\",\"name\":\"MEDIBASE\",\"url\":\"https:\/\/www.medibase-disposables.com\/es\/\",\"logo\":{\"@type\":\"ImageObject\",\"inLanguage\":\"es\",\"@id\":\"https:\/\/www.medibase-disposables.com\/es\/#\/schema\/logo\/image\/\",\"url\":\"https:\/\/www.medibase-disposables.com\/wp-content\/uploads\/logo@2x.png\",\"contentUrl\":\"https:\/\/www.medibase-disposables.com\/wp-content\/uploads\/logo@2x.png\",\"width\":501,\"height\":501,\"caption\":\"MEDIBASE\"},\"image\":{\"@id\":\"https:\/\/www.medibase-disposables.com\/es\/#\/schema\/logo\/image\/\"}}]}<\/script>\n<!-- \/ Yoast SEO plugin. -->","yoast_head_json":{"title":"Fresa Diam. Turbina: C\u00f3nica Ext. Redondo y Plano - Medibase","robots":{"index":"index","follow":"follow","max-snippet":"max-snippet:-1","max-image-preview":"max-image-preview:large","max-video-preview":"max-video-preview:-1"},"canonical":"https:\/\/www.medibase-disposables.com\/es\/productos\/fresa-diam-turbina-conica-ext-redondo-y-plano\/","og_locale":"es_ES","og_type":"article","og_title":"Fresa Diam. Turbina: C\u00f3nica Ext. Redondo y Plano - Medibase","og_description":"Fresas est\u00e9riles para m\u00e1xima higiene: elimina todo riesgo de contaminaci\u00f3n cruzada.  Caracter\u00edsticas:   Esterilizadas mediante radiaci\u00f3n gamma: listas para usar.  Se encuentran disponibles todas las formas en grano grueso para un tallado r\u00e1pido y eficaz.  Controladas individualmente.  Presentaci\u00f3n en caja de 25 fresas est\u00e9riles.  Clase: IIA. Marcatura CE 0483. MDC MEDICAL DEVICE Organismo notificato. Produttore : STRAUSS &amp; CO.","og_url":"https:\/\/www.medibase-disposables.com\/es\/productos\/fresa-diam-turbina-conica-ext-redondo-y-plano\/","og_site_name":"Medibase","article_modified_time":"2022-11-17T10:26:38+00:00","og_image":[{"width":"950","height":"950","url":"http:\/\/www.medibase-disposables.com\/wp-content\/uploads\/66-336.jpg","type":"image\/jpeg"}],"twitter_card":"summary_large_image","twitter_misc":{"Tiempo de lectura":"1 minuto"},"schema":{"@context":"https:\/\/schema.org","@graph":[{"@type":"WebPage","@id":"https:\/\/www.medibase-disposables.com\/es\/productos\/fresa-diam-turbina-conica-ext-redondo-y-plano\/","url":"https:\/\/www.medibase-disposables.com\/es\/productos\/fresa-diam-turbina-conica-ext-redondo-y-plano\/","name":"Fresa Diam. Turbina: C\u00f3nica Ext. Redondo y Plano - Medibase","isPartOf":{"@id":"https:\/\/www.medibase-disposables.com\/es\/#website"},"primaryImageOfPage":{"@id":"https:\/\/www.medibase-disposables.com\/es\/productos\/fresa-diam-turbina-conica-ext-redondo-y-plano\/#primaryimage"},"image":{"@id":"https:\/\/www.medibase-disposables.com\/es\/productos\/fresa-diam-turbina-conica-ext-redondo-y-plano\/#primaryimage"},"thumbnailUrl":"https:\/\/www.medibase-disposables.com\/wp-content\/uploads\/66-336.jpg","datePublished":"2020-11-23T20:10:56+00:00","dateModified":"2022-11-17T10:26:38+00:00","breadcrumb":{"@id":"https:\/\/www.medibase-disposables.com\/es\/productos\/fresa-diam-turbina-conica-ext-redondo-y-plano\/#breadcrumb"},"inLanguage":"es","potentialAction":[{"@type":"ReadAction","target":["https:\/\/www.medibase-disposables.com\/es\/productos\/fresa-diam-turbina-conica-ext-redondo-y-plano\/"]}]},{"@type":"ImageObject","inLanguage":"es","@id":"https:\/\/www.medibase-disposables.com\/es\/productos\/fresa-diam-turbina-conica-ext-redondo-y-plano\/#primaryimage","url":"https:\/\/www.medibase-disposables.com\/wp-content\/uploads\/66-336.jpg","contentUrl":"https:\/\/www.medibase-disposables.com\/wp-content\/uploads\/66-336.jpg","width":"950","height":"950"},{"@type":"BreadcrumbList","@id":"https:\/\/www.medibase-disposables.com\/es\/productos\/fresa-diam-turbina-conica-ext-redondo-y-plano\/#breadcrumb","itemListElement":[{"@type":"ListItem","position":1,"name":"Accueil","item":"https:\/\/www.medibase-disposables.com\/es\/"},{"@type":"ListItem","position":2,"name":"Productos","item":"https:\/\/www.medibase-disposables.com\/es\/productos\/"},{"@type":"ListItem","position":3,"name":"Fresa Diam. Turbina: C\u00f3nica Ext. Redondo y Plano"}]},{"@type":"WebSite","@id":"https:\/\/www.medibase-disposables.com\/es\/#website","url":"https:\/\/www.medibase-disposables.com\/es\/","name":"Medibase","description":"Your everyday essentials","publisher":{"@id":"https:\/\/www.medibase-disposables.com\/es\/#organization"},"potentialAction":[{"@type":"SearchAction","target":{"@type":"EntryPoint","urlTemplate":"https:\/\/www.medibase-disposables.com\/es\/?s={search_term_string}"},"query-input":"required name=search_term_string"}],"inLanguage":"es"},{"@type":"Organization","@id":"https:\/\/www.medibase-disposables.com\/es\/#organization","name":"MEDIBASE","url":"https:\/\/www.medibase-disposables.com\/es\/","logo":{"@type":"ImageObject","inLanguage":"es","@id":"https:\/\/www.medibase-disposables.com\/es\/#\/schema\/logo\/image\/","url":"https:\/\/www.medibase-disposables.com\/wp-content\/uploads\/logo@2x.png","contentUrl":"https:\/\/www.medibase-disposables.com\/wp-content\/uploads\/logo@2x.png","width":501,"height":501,"caption":"MEDIBASE"},"image":{"@id":"https:\/\/www.medibase-disposables.com\/es\/#\/schema\/logo\/image\/"}}]}},"_links":{"self":[{"href":"https:\/\/www.medibase-disposables.com\/es\/wp-json\/wp\/v2\/product\/4992"}],"collection":[{"href":"https:\/\/www.medibase-disposables.com\/es\/wp-json\/wp\/v2\/product"}],"about":[{"href":"https:\/\/www.medibase-disposables.com\/es\/wp-json\/wp\/v2\/types\/product"}],"wp:featuredmedia":[{"embeddable":true,"href":"https:\/\/www.medibase-disposables.com\/es\/wp-json\/wp\/v2\/media\/4946"}],"wp:attachment":[{"href":"https:\/\/www.medibase-disposables.com\/es\/wp-json\/wp\/v2\/media?parent=4992"}],"wp:term":[{"taxonomy":"product_cat","embeddable":true,"href":"https:\/\/www.medibase-disposables.com\/es\/wp-json\/wp\/v2\/product_cat?post=4992"},{"taxonomy":"product_tag","embeddable":true,"href":"https:\/\/www.medibase-disposables.com\/es\/wp-json\/wp\/v2\/product_tag?post=4992"}],"curies":[{"name":"wp","href":"https:\/\/api.w.org\/{rel}","templated":true}]}}