{"id":4999,"date":"2018-07-30T17:49:45","date_gmt":"2020-11-23T20:12:05","guid":{"rendered":"https:\/\/www.medibase-disposables.com\/?post_type=product&#038;p=4999"},"modified":"2022-06-27T17:52:56","modified_gmt":"2022-06-27T15:52:56","slug":"fresa-de-diamante-para-turbina-llama-y-conica-a-extremo-puntiagudo","status":"publish","type":"product","link":"https:\/\/www.medibase-disposables.com\/es\/productos\/fresa-de-diamante-para-turbina-llama-y-conica-a-extremo-puntiagudo\/","title":{"rendered":"Fresa de diamante para turbina, Llama y c\u00f3nica a extremo puntiagudo"},"content":{"rendered":"<p><strong>Caja de 25 fresas<\/strong><\/p>\n<table style=\"width: 99.8345%;\" width=\"100%\">\n<thead>\n<tr>\n<td style=\"width: 19.702%;\">Designaci\u00f3n<\/td>\n<td style=\"width: 12.7483%;\">E5<\/td>\n<td style=\"width: 12.2517%;\">E6<\/td>\n<td style=\"width: 12.2517%;\">E2<\/td>\n<td style=\"width: 12.2517%;\">E3<\/td>\n<td style=\"width: 12.4172%;\">E68S<\/td>\n<td style=\"width: 18.2119%;\" width=\"100\">E7<\/td>\n<\/tr>\n<\/thead>\n<tbody>\n<tr>\n<td style=\"width: 19.702%;\">C\u00f3digo<\/td>\n<td style=\"width: 12.7483%;\">862<\/td>\n<td style=\"width: 12.2517%;\">863<\/td>\n<td style=\"width: 12.2517%;\">858<\/td>\n<td style=\"width: 12.2517%;\">859L<\/td>\n<td style=\"width: 12.4172%;\">862<\/td>\n<td style=\"width: 18.2119%;\" width=\"100\">885<\/td>\n<\/tr>\n<tr>\n<td style=\"width: 19.702%;\">ISO<\/td>\n<td style=\"width: 12.7483%;\">014<\/td>\n<td style=\"width: 12.2517%;\">016<\/td>\n<td style=\"width: 12.2517%;\">014<\/td>\n<td style=\"width: 12.2517%;\">016<\/td>\n<td style=\"width: 12.4172%;\">018<\/td>\n<td style=\"width: 18.2119%;\" width=\"100\">012<\/td>\n<\/tr>\n<tr>\n<td style=\"width: 19.702%;\">Lt (mm)<\/td>\n<td style=\"width: 12.7483%;\">8<\/td>\n<td style=\"width: 12.2517%;\">9.5<\/td>\n<td style=\"width: 12.2517%;\">8<\/td>\n<td style=\"width: 12.2517%;\">10.5<\/td>\n<td style=\"width: 12.4172%;\">8<\/td>\n<td style=\"width: 18.2119%;\" width=\"100\">8<\/td>\n<\/tr>\n<tr>\n<td style=\"width: 19.702%;\">LT (mm)<\/td>\n<td style=\"width: 12.7483%;\">21<\/td>\n<td style=\"width: 12.2517%;\">22<\/td>\n<td style=\"width: 12.2517%;\">21<\/td>\n<td style=\"width: 12.2517%;\">23.5<\/td>\n<td style=\"width: 12.4172%;\">23.5<\/td>\n<td style=\"width: 18.2119%;\" width=\"100\">21<\/td>\n<\/tr>\n<tr>\n<td style=\"width: 19.702%;\">Ref. Grande<\/td>\n<td style=\"width: 12.7483%;\">3138058<\/td>\n<td style=\"width: 12.2517%;\">3138059<\/td>\n<td style=\"width: 12.2517%;\">3138060<\/td>\n<td style=\"width: 12.2517%;\">3138061<\/td>\n<td style=\"width: 12.4172%;\">3138448<\/td>\n<td style=\"width: 18.2119%;\" width=\"100\">3138451<\/td>\n<\/tr>\n<\/tbody>\n<\/table>\n<p>&nbsp;<\/p>\n","protected":false},"excerpt":{"rendered":"<p>Fresas est\u00e9riles para m\u00e1xima higiene: elimina todo riesgo de contaminaci\u00f3n cruzada.<\/p>\n<p><strong>Caracter\u00edsticas:<\/strong><\/p>\n<ul>\n<li>\u00a0Esterilizadas mediante radiaci\u00f3n gamma: listas para usar.<\/li>\n<li>\u00a0Se encuentran disponibles todas las formas en grano grueso para un tallado r\u00e1pido y eficaz.<\/li>\n<li>\u00a0Controladas individualmente.<\/li>\n<li>Presentaci\u00f3n en caja de 25 fresas est\u00e9riles.<\/li>\n<\/ul>\n<p>Clase: IIA.<br \/>\nMarcado CE 0483. MDC MEDICAL DEVICE Organismo notificado.<br \/>\nFabricante : STRAUSS &amp; CO.<\/p>\n","protected":false},"featured_media":4957,"template":"","meta":{"_acf_changed":false},"product_cat":[290],"product_tag":[],"acf":[],"yoast_head":"<!-- This site is optimized with the Yoast SEO plugin v22.3 - https:\/\/yoast.com\/wordpress\/plugins\/seo\/ -->\n<title>Fresa de diamante para turbina, Llama y c\u00f3nica a extremo puntiagudo - Medibase<\/title>\n<meta name=\"robots\" content=\"index, follow, max-snippet:-1, max-image-preview:large, max-video-preview:-1\" \/>\n<link rel=\"canonical\" href=\"https:\/\/www.medibase-disposables.com\/es\/productos\/fresa-de-diamante-para-turbina-llama-y-conica-a-extremo-puntiagudo\/\" \/>\n<meta property=\"og:locale\" content=\"es_ES\" \/>\n<meta property=\"og:type\" content=\"article\" \/>\n<meta property=\"og:title\" content=\"Fresa de diamante para turbina, Llama y c\u00f3nica a extremo puntiagudo - Medibase\" \/>\n<meta property=\"og:description\" content=\"Fresas est\u00e9riles para m\u00e1xima higiene: elimina todo riesgo de contaminaci\u00f3n cruzada.  Caracter\u00edsticas:   \u00a0Esterilizadas mediante radiaci\u00f3n gamma: listas para usar.  \u00a0Se encuentran disponibles todas las formas en grano grueso para un tallado r\u00e1pido y eficaz.  \u00a0Controladas individualmente.  Presentaci\u00f3n en caja de 25 fresas est\u00e9riles.  Clase: IIA. Marcado CE 0483. MDC MEDICAL DEVICE Organismo notificado. Fabricante : STRAUSS &amp; CO.\" \/>\n<meta property=\"og:url\" content=\"https:\/\/www.medibase-disposables.com\/es\/productos\/fresa-de-diamante-para-turbina-llama-y-conica-a-extremo-puntiagudo\/\" \/>\n<meta property=\"og:site_name\" content=\"Medibase\" \/>\n<meta property=\"article:modified_time\" content=\"2022-06-27T15:52:56+00:00\" \/>\n<meta property=\"og:image\" content=\"http:\/\/www.medibase-disposables.com\/wp-content\/uploads\/66-328.jpg\" \/>\n\t<meta property=\"og:image:width\" content=\"950\" \/>\n\t<meta property=\"og:image:height\" content=\"950\" \/>\n\t<meta property=\"og:image:type\" content=\"image\/jpeg\" \/>\n<meta name=\"twitter:card\" content=\"summary_large_image\" \/>\n<meta name=\"twitter:label1\" content=\"Tiempo de lectura\" \/>\n\t<meta name=\"twitter:data1\" content=\"1 minuto\" \/>\n<script type=\"application\/ld+json\" class=\"yoast-schema-graph\">{\"@context\":\"https:\/\/schema.org\",\"@graph\":[{\"@type\":\"WebPage\",\"@id\":\"https:\/\/www.medibase-disposables.com\/es\/productos\/fresa-de-diamante-para-turbina-llama-y-conica-a-extremo-puntiagudo\/\",\"url\":\"https:\/\/www.medibase-disposables.com\/es\/productos\/fresa-de-diamante-para-turbina-llama-y-conica-a-extremo-puntiagudo\/\",\"name\":\"Fresa de diamante para turbina, Llama y c\u00f3nica a extremo puntiagudo - Medibase\",\"isPartOf\":{\"@id\":\"https:\/\/www.medibase-disposables.com\/es\/#website\"},\"primaryImageOfPage\":{\"@id\":\"https:\/\/www.medibase-disposables.com\/es\/productos\/fresa-de-diamante-para-turbina-llama-y-conica-a-extremo-puntiagudo\/#primaryimage\"},\"image\":{\"@id\":\"https:\/\/www.medibase-disposables.com\/es\/productos\/fresa-de-diamante-para-turbina-llama-y-conica-a-extremo-puntiagudo\/#primaryimage\"},\"thumbnailUrl\":\"https:\/\/www.medibase-disposables.com\/wp-content\/uploads\/66-328.jpg\",\"datePublished\":\"2020-11-23T20:12:05+00:00\",\"dateModified\":\"2022-06-27T15:52:56+00:00\",\"breadcrumb\":{\"@id\":\"https:\/\/www.medibase-disposables.com\/es\/productos\/fresa-de-diamante-para-turbina-llama-y-conica-a-extremo-puntiagudo\/#breadcrumb\"},\"inLanguage\":\"es\",\"potentialAction\":[{\"@type\":\"ReadAction\",\"target\":[\"https:\/\/www.medibase-disposables.com\/es\/productos\/fresa-de-diamante-para-turbina-llama-y-conica-a-extremo-puntiagudo\/\"]}]},{\"@type\":\"ImageObject\",\"inLanguage\":\"es\",\"@id\":\"https:\/\/www.medibase-disposables.com\/es\/productos\/fresa-de-diamante-para-turbina-llama-y-conica-a-extremo-puntiagudo\/#primaryimage\",\"url\":\"https:\/\/www.medibase-disposables.com\/wp-content\/uploads\/66-328.jpg\",\"contentUrl\":\"https:\/\/www.medibase-disposables.com\/wp-content\/uploads\/66-328.jpg\",\"width\":\"950\",\"height\":\"950\"},{\"@type\":\"BreadcrumbList\",\"@id\":\"https:\/\/www.medibase-disposables.com\/es\/productos\/fresa-de-diamante-para-turbina-llama-y-conica-a-extremo-puntiagudo\/#breadcrumb\",\"itemListElement\":[{\"@type\":\"ListItem\",\"position\":1,\"name\":\"Accueil\",\"item\":\"https:\/\/www.medibase-disposables.com\/es\/\"},{\"@type\":\"ListItem\",\"position\":2,\"name\":\"Productos\",\"item\":\"https:\/\/www.medibase-disposables.com\/es\/productos\/\"},{\"@type\":\"ListItem\",\"position\":3,\"name\":\"Fresa de diamante para turbina, Llama y c\u00f3nica a extremo puntiagudo\"}]},{\"@type\":\"WebSite\",\"@id\":\"https:\/\/www.medibase-disposables.com\/es\/#website\",\"url\":\"https:\/\/www.medibase-disposables.com\/es\/\",\"name\":\"Medibase\",\"description\":\"Your everyday essentials\",\"publisher\":{\"@id\":\"https:\/\/www.medibase-disposables.com\/es\/#organization\"},\"potentialAction\":[{\"@type\":\"SearchAction\",\"target\":{\"@type\":\"EntryPoint\",\"urlTemplate\":\"https:\/\/www.medibase-disposables.com\/es\/?s={search_term_string}\"},\"query-input\":\"required name=search_term_string\"}],\"inLanguage\":\"es\"},{\"@type\":\"Organization\",\"@id\":\"https:\/\/www.medibase-disposables.com\/es\/#organization\",\"name\":\"MEDIBASE\",\"url\":\"https:\/\/www.medibase-disposables.com\/es\/\",\"logo\":{\"@type\":\"ImageObject\",\"inLanguage\":\"es\",\"@id\":\"https:\/\/www.medibase-disposables.com\/es\/#\/schema\/logo\/image\/\",\"url\":\"https:\/\/www.medibase-disposables.com\/wp-content\/uploads\/logo@2x.png\",\"contentUrl\":\"https:\/\/www.medibase-disposables.com\/wp-content\/uploads\/logo@2x.png\",\"width\":501,\"height\":501,\"caption\":\"MEDIBASE\"},\"image\":{\"@id\":\"https:\/\/www.medibase-disposables.com\/es\/#\/schema\/logo\/image\/\"}}]}<\/script>\n<!-- \/ Yoast SEO plugin. -->","yoast_head_json":{"title":"Fresa de diamante para turbina, Llama y c\u00f3nica a extremo puntiagudo - Medibase","robots":{"index":"index","follow":"follow","max-snippet":"max-snippet:-1","max-image-preview":"max-image-preview:large","max-video-preview":"max-video-preview:-1"},"canonical":"https:\/\/www.medibase-disposables.com\/es\/productos\/fresa-de-diamante-para-turbina-llama-y-conica-a-extremo-puntiagudo\/","og_locale":"es_ES","og_type":"article","og_title":"Fresa de diamante para turbina, Llama y c\u00f3nica a extremo puntiagudo - Medibase","og_description":"Fresas est\u00e9riles para m\u00e1xima higiene: elimina todo riesgo de contaminaci\u00f3n cruzada.  Caracter\u00edsticas:   \u00a0Esterilizadas mediante radiaci\u00f3n gamma: listas para usar.  \u00a0Se encuentran disponibles todas las formas en grano grueso para un tallado r\u00e1pido y eficaz.  \u00a0Controladas individualmente.  Presentaci\u00f3n en caja de 25 fresas est\u00e9riles.  Clase: IIA. Marcado CE 0483. MDC MEDICAL DEVICE Organismo notificado. Fabricante : STRAUSS &amp; CO.","og_url":"https:\/\/www.medibase-disposables.com\/es\/productos\/fresa-de-diamante-para-turbina-llama-y-conica-a-extremo-puntiagudo\/","og_site_name":"Medibase","article_modified_time":"2022-06-27T15:52:56+00:00","og_image":[{"width":"950","height":"950","url":"http:\/\/www.medibase-disposables.com\/wp-content\/uploads\/66-328.jpg","type":"image\/jpeg"}],"twitter_card":"summary_large_image","twitter_misc":{"Tiempo de lectura":"1 minuto"},"schema":{"@context":"https:\/\/schema.org","@graph":[{"@type":"WebPage","@id":"https:\/\/www.medibase-disposables.com\/es\/productos\/fresa-de-diamante-para-turbina-llama-y-conica-a-extremo-puntiagudo\/","url":"https:\/\/www.medibase-disposables.com\/es\/productos\/fresa-de-diamante-para-turbina-llama-y-conica-a-extremo-puntiagudo\/","name":"Fresa de diamante para turbina, Llama y c\u00f3nica a extremo puntiagudo - Medibase","isPartOf":{"@id":"https:\/\/www.medibase-disposables.com\/es\/#website"},"primaryImageOfPage":{"@id":"https:\/\/www.medibase-disposables.com\/es\/productos\/fresa-de-diamante-para-turbina-llama-y-conica-a-extremo-puntiagudo\/#primaryimage"},"image":{"@id":"https:\/\/www.medibase-disposables.com\/es\/productos\/fresa-de-diamante-para-turbina-llama-y-conica-a-extremo-puntiagudo\/#primaryimage"},"thumbnailUrl":"https:\/\/www.medibase-disposables.com\/wp-content\/uploads\/66-328.jpg","datePublished":"2020-11-23T20:12:05+00:00","dateModified":"2022-06-27T15:52:56+00:00","breadcrumb":{"@id":"https:\/\/www.medibase-disposables.com\/es\/productos\/fresa-de-diamante-para-turbina-llama-y-conica-a-extremo-puntiagudo\/#breadcrumb"},"inLanguage":"es","potentialAction":[{"@type":"ReadAction","target":["https:\/\/www.medibase-disposables.com\/es\/productos\/fresa-de-diamante-para-turbina-llama-y-conica-a-extremo-puntiagudo\/"]}]},{"@type":"ImageObject","inLanguage":"es","@id":"https:\/\/www.medibase-disposables.com\/es\/productos\/fresa-de-diamante-para-turbina-llama-y-conica-a-extremo-puntiagudo\/#primaryimage","url":"https:\/\/www.medibase-disposables.com\/wp-content\/uploads\/66-328.jpg","contentUrl":"https:\/\/www.medibase-disposables.com\/wp-content\/uploads\/66-328.jpg","width":"950","height":"950"},{"@type":"BreadcrumbList","@id":"https:\/\/www.medibase-disposables.com\/es\/productos\/fresa-de-diamante-para-turbina-llama-y-conica-a-extremo-puntiagudo\/#breadcrumb","itemListElement":[{"@type":"ListItem","position":1,"name":"Accueil","item":"https:\/\/www.medibase-disposables.com\/es\/"},{"@type":"ListItem","position":2,"name":"Productos","item":"https:\/\/www.medibase-disposables.com\/es\/productos\/"},{"@type":"ListItem","position":3,"name":"Fresa de diamante para turbina, Llama y c\u00f3nica a extremo puntiagudo"}]},{"@type":"WebSite","@id":"https:\/\/www.medibase-disposables.com\/es\/#website","url":"https:\/\/www.medibase-disposables.com\/es\/","name":"Medibase","description":"Your everyday essentials","publisher":{"@id":"https:\/\/www.medibase-disposables.com\/es\/#organization"},"potentialAction":[{"@type":"SearchAction","target":{"@type":"EntryPoint","urlTemplate":"https:\/\/www.medibase-disposables.com\/es\/?s={search_term_string}"},"query-input":"required name=search_term_string"}],"inLanguage":"es"},{"@type":"Organization","@id":"https:\/\/www.medibase-disposables.com\/es\/#organization","name":"MEDIBASE","url":"https:\/\/www.medibase-disposables.com\/es\/","logo":{"@type":"ImageObject","inLanguage":"es","@id":"https:\/\/www.medibase-disposables.com\/es\/#\/schema\/logo\/image\/","url":"https:\/\/www.medibase-disposables.com\/wp-content\/uploads\/logo@2x.png","contentUrl":"https:\/\/www.medibase-disposables.com\/wp-content\/uploads\/logo@2x.png","width":501,"height":501,"caption":"MEDIBASE"},"image":{"@id":"https:\/\/www.medibase-disposables.com\/es\/#\/schema\/logo\/image\/"}}]}},"_links":{"self":[{"href":"https:\/\/www.medibase-disposables.com\/es\/wp-json\/wp\/v2\/product\/4999"}],"collection":[{"href":"https:\/\/www.medibase-disposables.com\/es\/wp-json\/wp\/v2\/product"}],"about":[{"href":"https:\/\/www.medibase-disposables.com\/es\/wp-json\/wp\/v2\/types\/product"}],"wp:featuredmedia":[{"embeddable":true,"href":"https:\/\/www.medibase-disposables.com\/es\/wp-json\/wp\/v2\/media\/4957"}],"wp:attachment":[{"href":"https:\/\/www.medibase-disposables.com\/es\/wp-json\/wp\/v2\/media?parent=4999"}],"wp:term":[{"taxonomy":"product_cat","embeddable":true,"href":"https:\/\/www.medibase-disposables.com\/es\/wp-json\/wp\/v2\/product_cat?post=4999"},{"taxonomy":"product_tag","embeddable":true,"href":"https:\/\/www.medibase-disposables.com\/es\/wp-json\/wp\/v2\/product_tag?post=4999"}],"curies":[{"name":"wp","href":"https:\/\/api.w.org\/{rel}","templated":true}]}}