{"id":5014,"date":"2018-07-31T11:03:38","date_gmt":"2020-11-23T20:14:59","guid":{"rendered":"https:\/\/www.medibase-disposables.com\/?post_type=product&#038;p=5014"},"modified":"2022-11-17T10:10:03","modified_gmt":"2022-11-17T09:10:03","slug":"toallitas-desinfectantes","status":"publish","type":"product","link":"https:\/\/www.medibase-disposables.com\/es\/productos\/toallitas-desinfectantes\/","title":{"rendered":"Toallitas desinfectantes"},"content":{"rendered":"<p><strong>Caja<\/strong><\/p>\n<table width=\"100%\">\n<thead>\n<tr>\n<td>Designaci\u00f3n<\/td>\n<td width=\"100\">Ref.<\/td>\n<\/tr>\n<\/thead>\n<tbody>\n<tr>\n<td>Caja de 100 toallitas<\/td>\n<td width=\"100\">3131820<\/td>\n<\/tr>\n<\/tbody>\n<\/table>\n<p><strong>Recarga<\/strong><\/p>\n<table width=\"100%\">\n<thead>\n<tr>\n<td>Designaci\u00f3n<\/td>\n<td width=\"100\">Ref.<\/td>\n<\/tr>\n<\/thead>\n<tbody>\n<tr>\n<td>Bolsa de 100 toallitas<\/td>\n<td width=\"100\">3131821<\/td>\n<\/tr>\n<\/tbody>\n<\/table>\n<p>&nbsp;<\/p>\n","protected":false},"excerpt":{"rendered":"<p>Las toallitas desinfectantes se utilizan para la desinfecci\u00f3n de instrumentos, unidades dentales y peque\u00f1as superficies.<\/p>\n<p>Las toallitas Medibase est\u00e1n impregnadas con una soluci\u00f3n as\u00e9ptica y desinfectante para la asepsia r\u00e1pida de las manos entre dos pacientes y para la desinfecci\u00f3n de los instrumentos y unidades dentales.<\/p>\n<p>Especificaciones:<\/p>\n<ul>\n<li>Bactericida seg\u00fan NF EN 1040, NF EN 1276 en 5 minutos.<\/li>\n<li>Fungicida seg\u00fan NF EN 1650 en C\u00e1ndida Albicans, NF EN 1275 en 5 minutos.<\/li>\n<li>Virucida en herpes virus 3 cepas en 5 minutos, H1N1 en 1 minuto.<\/li>\n<li>Levuricida: EN13624 en Candida Albicans en 5 minutos.<\/li>\n<li>Toallitas espesas y resistentes.<\/li>\n<li>Pueden servir tambi\u00e9n para la asepsia de las manos.<\/li>\n<li>Caja provista con tapa de protecci\u00f3n para evitar cualquier p\u00e9rdida.<\/li>\n<li>De f\u00e1cil utilizaci\u00f3n: distribuida hoja a hoja.<\/li>\n<\/ul>\n<p>Dimensiones: 13 x 20 cm.<\/p>\n<p>Clase: IIA.<br \/>\nMarca CE 0459. Organismo de certificaci\u00f3n: G-MED.<br \/>\nFabricante LABORATOIRE SARBEC.<\/p>\n","protected":false},"featured_media":7391,"template":"","meta":{"_acf_changed":false},"product_cat":[296],"product_tag":[],"acf":[],"yoast_head":"<!-- This site is optimized with the Yoast SEO plugin v22.3 - https:\/\/yoast.com\/wordpress\/plugins\/seo\/ -->\n<title>Toallitas desinfectantes - Medibase<\/title>\n<meta name=\"robots\" content=\"index, follow, max-snippet:-1, max-image-preview:large, max-video-preview:-1\" \/>\n<link rel=\"canonical\" href=\"https:\/\/www.medibase-disposables.com\/es\/productos\/toallitas-desinfectantes\/\" \/>\n<meta property=\"og:locale\" content=\"es_ES\" \/>\n<meta property=\"og:type\" content=\"article\" \/>\n<meta property=\"og:title\" content=\"Toallitas desinfectantes - Medibase\" \/>\n<meta property=\"og:description\" content=\"Las toallitas desinfectantes se utilizan para la desinfecci\u00f3n de instrumentos, unidades dentales y peque\u00f1as superficies.  Las toallitas Medibase est\u00e1n impregnadas con una soluci\u00f3n as\u00e9ptica y desinfectante para la asepsia r\u00e1pida de las manos entre dos pacientes y para la desinfecci\u00f3n de los instrumentos y unidades dentales.  Especificaciones:   Bactericida seg\u00fan NF EN 1040, NF EN 1276 en 5 minutos.  Fungicida seg\u00fan NF EN 1650 en C\u00e1ndida Albicans, NF EN 1275 en 5 minutos.  Virucida en herpes virus 3 cepas en 5 minutos, H1N1 en 1 minuto.  Levuricida: EN13624 en Candida Albicans en 5 minutos.  Toallitas espesas y resistentes.  Pueden servir tambi\u00e9n para la asepsia de las manos.  Caja provista con tapa de protecci\u00f3n para evitar cualquier p\u00e9rdida.  De f\u00e1cil utilizaci\u00f3n: distribuida hoja a hoja.  Dimensiones: 13 x 20 cm.  Clase: IIA. Marca CE 0459. Organismo de certificaci\u00f3n: G-MED. Fabricante LABORATOIRE SARBEC.\" \/>\n<meta property=\"og:url\" content=\"https:\/\/www.medibase-disposables.com\/es\/productos\/toallitas-desinfectantes\/\" \/>\n<meta property=\"og:site_name\" content=\"Medibase\" \/>\n<meta property=\"article:modified_time\" content=\"2022-11-17T09:10:03+00:00\" \/>\n<meta property=\"og:image\" content=\"http:\/\/www.medibase-disposables.com\/wp-content\/uploads\/MED1121260_Visuels_Impregnated-Wipes_RVB.jpg\" \/>\n\t<meta property=\"og:image:width\" content=\"2291\" \/>\n\t<meta property=\"og:image:height\" content=\"1754\" \/>\n\t<meta property=\"og:image:type\" content=\"image\/jpeg\" \/>\n<meta name=\"twitter:card\" content=\"summary_large_image\" \/>\n<meta name=\"twitter:label1\" content=\"Tiempo de lectura\" \/>\n\t<meta name=\"twitter:data1\" content=\"1 minuto\" \/>\n<script type=\"application\/ld+json\" class=\"yoast-schema-graph\">{\"@context\":\"https:\/\/schema.org\",\"@graph\":[{\"@type\":\"WebPage\",\"@id\":\"https:\/\/www.medibase-disposables.com\/es\/productos\/toallitas-desinfectantes\/\",\"url\":\"https:\/\/www.medibase-disposables.com\/es\/productos\/toallitas-desinfectantes\/\",\"name\":\"Toallitas desinfectantes - Medibase\",\"isPartOf\":{\"@id\":\"https:\/\/www.medibase-disposables.com\/es\/#website\"},\"primaryImageOfPage\":{\"@id\":\"https:\/\/www.medibase-disposables.com\/es\/productos\/toallitas-desinfectantes\/#primaryimage\"},\"image\":{\"@id\":\"https:\/\/www.medibase-disposables.com\/es\/productos\/toallitas-desinfectantes\/#primaryimage\"},\"thumbnailUrl\":\"https:\/\/www.medibase-disposables.com\/wp-content\/uploads\/MED1121260_Visuels_Impregnated-Wipes_RVB.jpg\",\"datePublished\":\"2020-11-23T20:14:59+00:00\",\"dateModified\":\"2022-11-17T09:10:03+00:00\",\"breadcrumb\":{\"@id\":\"https:\/\/www.medibase-disposables.com\/es\/productos\/toallitas-desinfectantes\/#breadcrumb\"},\"inLanguage\":\"es\",\"potentialAction\":[{\"@type\":\"ReadAction\",\"target\":[\"https:\/\/www.medibase-disposables.com\/es\/productos\/toallitas-desinfectantes\/\"]}]},{\"@type\":\"ImageObject\",\"inLanguage\":\"es\",\"@id\":\"https:\/\/www.medibase-disposables.com\/es\/productos\/toallitas-desinfectantes\/#primaryimage\",\"url\":\"https:\/\/www.medibase-disposables.com\/wp-content\/uploads\/MED1121260_Visuels_Impregnated-Wipes_RVB.jpg\",\"contentUrl\":\"https:\/\/www.medibase-disposables.com\/wp-content\/uploads\/MED1121260_Visuels_Impregnated-Wipes_RVB.jpg\",\"width\":2291,\"height\":1754},{\"@type\":\"BreadcrumbList\",\"@id\":\"https:\/\/www.medibase-disposables.com\/es\/productos\/toallitas-desinfectantes\/#breadcrumb\",\"itemListElement\":[{\"@type\":\"ListItem\",\"position\":1,\"name\":\"Accueil\",\"item\":\"https:\/\/www.medibase-disposables.com\/es\/\"},{\"@type\":\"ListItem\",\"position\":2,\"name\":\"Productos\",\"item\":\"https:\/\/www.medibase-disposables.com\/es\/productos\/\"},{\"@type\":\"ListItem\",\"position\":3,\"name\":\"Toallitas desinfectantes\"}]},{\"@type\":\"WebSite\",\"@id\":\"https:\/\/www.medibase-disposables.com\/es\/#website\",\"url\":\"https:\/\/www.medibase-disposables.com\/es\/\",\"name\":\"Medibase\",\"description\":\"Your everyday essentials\",\"publisher\":{\"@id\":\"https:\/\/www.medibase-disposables.com\/es\/#organization\"},\"potentialAction\":[{\"@type\":\"SearchAction\",\"target\":{\"@type\":\"EntryPoint\",\"urlTemplate\":\"https:\/\/www.medibase-disposables.com\/es\/?s={search_term_string}\"},\"query-input\":\"required name=search_term_string\"}],\"inLanguage\":\"es\"},{\"@type\":\"Organization\",\"@id\":\"https:\/\/www.medibase-disposables.com\/es\/#organization\",\"name\":\"MEDIBASE\",\"url\":\"https:\/\/www.medibase-disposables.com\/es\/\",\"logo\":{\"@type\":\"ImageObject\",\"inLanguage\":\"es\",\"@id\":\"https:\/\/www.medibase-disposables.com\/es\/#\/schema\/logo\/image\/\",\"url\":\"https:\/\/www.medibase-disposables.com\/wp-content\/uploads\/logo@2x.png\",\"contentUrl\":\"https:\/\/www.medibase-disposables.com\/wp-content\/uploads\/logo@2x.png\",\"width\":501,\"height\":501,\"caption\":\"MEDIBASE\"},\"image\":{\"@id\":\"https:\/\/www.medibase-disposables.com\/es\/#\/schema\/logo\/image\/\"}}]}<\/script>\n<!-- \/ Yoast SEO plugin. -->","yoast_head_json":{"title":"Toallitas desinfectantes - Medibase","robots":{"index":"index","follow":"follow","max-snippet":"max-snippet:-1","max-image-preview":"max-image-preview:large","max-video-preview":"max-video-preview:-1"},"canonical":"https:\/\/www.medibase-disposables.com\/es\/productos\/toallitas-desinfectantes\/","og_locale":"es_ES","og_type":"article","og_title":"Toallitas desinfectantes - Medibase","og_description":"Las toallitas desinfectantes se utilizan para la desinfecci\u00f3n de instrumentos, unidades dentales y peque\u00f1as superficies.  Las toallitas Medibase est\u00e1n impregnadas con una soluci\u00f3n as\u00e9ptica y desinfectante para la asepsia r\u00e1pida de las manos entre dos pacientes y para la desinfecci\u00f3n de los instrumentos y unidades dentales.  Especificaciones:   Bactericida seg\u00fan NF EN 1040, NF EN 1276 en 5 minutos.  Fungicida seg\u00fan NF EN 1650 en C\u00e1ndida Albicans, NF EN 1275 en 5 minutos.  Virucida en herpes virus 3 cepas en 5 minutos, H1N1 en 1 minuto.  Levuricida: EN13624 en Candida Albicans en 5 minutos.  Toallitas espesas y resistentes.  Pueden servir tambi\u00e9n para la asepsia de las manos.  Caja provista con tapa de protecci\u00f3n para evitar cualquier p\u00e9rdida.  De f\u00e1cil utilizaci\u00f3n: distribuida hoja a hoja.  Dimensiones: 13 x 20 cm.  Clase: IIA. Marca CE 0459. Organismo de certificaci\u00f3n: G-MED. Fabricante LABORATOIRE SARBEC.","og_url":"https:\/\/www.medibase-disposables.com\/es\/productos\/toallitas-desinfectantes\/","og_site_name":"Medibase","article_modified_time":"2022-11-17T09:10:03+00:00","og_image":[{"width":2291,"height":1754,"url":"http:\/\/www.medibase-disposables.com\/wp-content\/uploads\/MED1121260_Visuels_Impregnated-Wipes_RVB.jpg","type":"image\/jpeg"}],"twitter_card":"summary_large_image","twitter_misc":{"Tiempo de lectura":"1 minuto"},"schema":{"@context":"https:\/\/schema.org","@graph":[{"@type":"WebPage","@id":"https:\/\/www.medibase-disposables.com\/es\/productos\/toallitas-desinfectantes\/","url":"https:\/\/www.medibase-disposables.com\/es\/productos\/toallitas-desinfectantes\/","name":"Toallitas desinfectantes - Medibase","isPartOf":{"@id":"https:\/\/www.medibase-disposables.com\/es\/#website"},"primaryImageOfPage":{"@id":"https:\/\/www.medibase-disposables.com\/es\/productos\/toallitas-desinfectantes\/#primaryimage"},"image":{"@id":"https:\/\/www.medibase-disposables.com\/es\/productos\/toallitas-desinfectantes\/#primaryimage"},"thumbnailUrl":"https:\/\/www.medibase-disposables.com\/wp-content\/uploads\/MED1121260_Visuels_Impregnated-Wipes_RVB.jpg","datePublished":"2020-11-23T20:14:59+00:00","dateModified":"2022-11-17T09:10:03+00:00","breadcrumb":{"@id":"https:\/\/www.medibase-disposables.com\/es\/productos\/toallitas-desinfectantes\/#breadcrumb"},"inLanguage":"es","potentialAction":[{"@type":"ReadAction","target":["https:\/\/www.medibase-disposables.com\/es\/productos\/toallitas-desinfectantes\/"]}]},{"@type":"ImageObject","inLanguage":"es","@id":"https:\/\/www.medibase-disposables.com\/es\/productos\/toallitas-desinfectantes\/#primaryimage","url":"https:\/\/www.medibase-disposables.com\/wp-content\/uploads\/MED1121260_Visuels_Impregnated-Wipes_RVB.jpg","contentUrl":"https:\/\/www.medibase-disposables.com\/wp-content\/uploads\/MED1121260_Visuels_Impregnated-Wipes_RVB.jpg","width":2291,"height":1754},{"@type":"BreadcrumbList","@id":"https:\/\/www.medibase-disposables.com\/es\/productos\/toallitas-desinfectantes\/#breadcrumb","itemListElement":[{"@type":"ListItem","position":1,"name":"Accueil","item":"https:\/\/www.medibase-disposables.com\/es\/"},{"@type":"ListItem","position":2,"name":"Productos","item":"https:\/\/www.medibase-disposables.com\/es\/productos\/"},{"@type":"ListItem","position":3,"name":"Toallitas desinfectantes"}]},{"@type":"WebSite","@id":"https:\/\/www.medibase-disposables.com\/es\/#website","url":"https:\/\/www.medibase-disposables.com\/es\/","name":"Medibase","description":"Your everyday essentials","publisher":{"@id":"https:\/\/www.medibase-disposables.com\/es\/#organization"},"potentialAction":[{"@type":"SearchAction","target":{"@type":"EntryPoint","urlTemplate":"https:\/\/www.medibase-disposables.com\/es\/?s={search_term_string}"},"query-input":"required name=search_term_string"}],"inLanguage":"es"},{"@type":"Organization","@id":"https:\/\/www.medibase-disposables.com\/es\/#organization","name":"MEDIBASE","url":"https:\/\/www.medibase-disposables.com\/es\/","logo":{"@type":"ImageObject","inLanguage":"es","@id":"https:\/\/www.medibase-disposables.com\/es\/#\/schema\/logo\/image\/","url":"https:\/\/www.medibase-disposables.com\/wp-content\/uploads\/logo@2x.png","contentUrl":"https:\/\/www.medibase-disposables.com\/wp-content\/uploads\/logo@2x.png","width":501,"height":501,"caption":"MEDIBASE"},"image":{"@id":"https:\/\/www.medibase-disposables.com\/es\/#\/schema\/logo\/image\/"}}]}},"_links":{"self":[{"href":"https:\/\/www.medibase-disposables.com\/es\/wp-json\/wp\/v2\/product\/5014"}],"collection":[{"href":"https:\/\/www.medibase-disposables.com\/es\/wp-json\/wp\/v2\/product"}],"about":[{"href":"https:\/\/www.medibase-disposables.com\/es\/wp-json\/wp\/v2\/types\/product"}],"wp:featuredmedia":[{"embeddable":true,"href":"https:\/\/www.medibase-disposables.com\/es\/wp-json\/wp\/v2\/media\/7391"}],"wp:attachment":[{"href":"https:\/\/www.medibase-disposables.com\/es\/wp-json\/wp\/v2\/media?parent=5014"}],"wp:term":[{"taxonomy":"product_cat","embeddable":true,"href":"https:\/\/www.medibase-disposables.com\/es\/wp-json\/wp\/v2\/product_cat?post=5014"},{"taxonomy":"product_tag","embeddable":true,"href":"https:\/\/www.medibase-disposables.com\/es\/wp-json\/wp\/v2\/product_tag?post=5014"}],"curies":[{"name":"wp","href":"https:\/\/api.w.org\/{rel}","templated":true}]}}