{"id":5038,"date":"2018-07-30T14:35:48","date_gmt":"2020-11-23T20:24:25","guid":{"rendered":"https:\/\/www.medibase-disposables.com\/?post_type=product&#038;p=5038"},"modified":"2022-11-17T10:13:15","modified_gmt":"2022-11-17T09:13:15","slug":"brochitas-para-pinceles","status":"publish","type":"product","link":"https:\/\/www.medibase-disposables.com\/es\/productos\/brochitas-para-pinceles\/","title":{"rendered":"Brochitas para pinceles"},"content":{"rendered":"<p><strong>Mangos<\/strong><\/p>\n<table width=\"100%\">\n<thead>\n<tr>\n<td>La descripci\u00f3n<\/td>\n<td width=\"100\">Ref.<\/td>\n<\/tr>\n<\/thead>\n<tbody>\n<tr>\n<td>Juego de 10 soportes de pl\u00e1stico<\/td>\n<td width=\"100\">3134142<\/td>\n<\/tr>\n<\/tbody>\n<\/table>\n<p><strong>Brochitas<\/strong><\/p>\n<table style=\"height: 81px;\" width=\"100%\">\n<thead>\n<tr style=\"height: 27px;\">\n<td style=\"height: 27px;\">La descripci\u00f3n<\/td>\n<td style=\"height: 27px;\" width=\"100\">Ref.<\/td>\n<\/tr>\n<\/thead>\n<tbody>\n<tr style=\"height: 27px;\">\n<td style=\"height: 27px;\">Paquete de 50 pinceles &#8211; Fino<\/td>\n<td style=\"height: 27px;\" width=\"100\">3134138<\/td>\n<\/tr>\n<tr style=\"height: 27px;\">\n<td style=\"height: 27px;\">Paquete de 100 pinceles &#8211; Regular<\/td>\n<td style=\"height: 27px;\" width=\"100\">3134141<\/td>\n<\/tr>\n<\/tbody>\n<\/table>\n<p>&nbsp;<\/p>\n","protected":false},"excerpt":{"rendered":"<p>Mangos\u00a0:<\/p>\n<ul>\n<li>Blancos, de pl\u00e1stico.<\/li>\n<li>Esterilizaci\u00f3n en fr\u00edo.<\/li>\n<\/ul>\n<p>Brochitas\u00a0:<\/p>\n<ul>\n<li>Un solo uso.<\/li>\n<\/ul>\n<p>Clase: I.<\/p>\n<p>Fabricante: NOVOBRUSH.<\/p>\n","protected":false},"featured_media":5039,"template":"","meta":{"_acf_changed":false},"product_cat":[293],"product_tag":[],"acf":[],"yoast_head":"<!-- This site is optimized with the Yoast SEO plugin v22.3 - https:\/\/yoast.com\/wordpress\/plugins\/seo\/ -->\n<title>Brochitas para pinceles - Medibase<\/title>\n<meta name=\"robots\" content=\"index, follow, max-snippet:-1, max-image-preview:large, max-video-preview:-1\" \/>\n<link rel=\"canonical\" href=\"https:\/\/www.medibase-disposables.com\/es\/productos\/brochitas-para-pinceles\/\" \/>\n<meta property=\"og:locale\" content=\"es_ES\" \/>\n<meta property=\"og:type\" content=\"article\" \/>\n<meta property=\"og:title\" content=\"Brochitas para pinceles - Medibase\" \/>\n<meta property=\"og:description\" content=\"Mangos\u00a0:   Blancos, de pl\u00e1stico.  Esterilizaci\u00f3n en fr\u00edo.  Brochitas\u00a0:   Un solo uso.  Clase: I.  Fabricante: NOVOBRUSH.\" \/>\n<meta property=\"og:url\" content=\"https:\/\/www.medibase-disposables.com\/es\/productos\/brochitas-para-pinceles\/\" \/>\n<meta property=\"og:site_name\" content=\"Medibase\" \/>\n<meta property=\"article:modified_time\" content=\"2022-11-17T09:13:15+00:00\" \/>\n<meta property=\"og:image\" content=\"http:\/\/www.medibase-disposables.com\/wp-content\/uploads\/manche_et_brossette_rgb.png\" \/>\n\t<meta property=\"og:image:width\" content=\"600\" \/>\n\t<meta property=\"og:image:height\" content=\"600\" \/>\n\t<meta property=\"og:image:type\" content=\"image\/png\" \/>\n<meta name=\"twitter:card\" content=\"summary_large_image\" \/>\n<meta name=\"twitter:label1\" content=\"Tiempo de lectura\" \/>\n\t<meta name=\"twitter:data1\" content=\"1 minuto\" \/>\n<script type=\"application\/ld+json\" class=\"yoast-schema-graph\">{\"@context\":\"https:\/\/schema.org\",\"@graph\":[{\"@type\":\"WebPage\",\"@id\":\"https:\/\/www.medibase-disposables.com\/es\/productos\/brochitas-para-pinceles\/\",\"url\":\"https:\/\/www.medibase-disposables.com\/es\/productos\/brochitas-para-pinceles\/\",\"name\":\"Brochitas para pinceles - Medibase\",\"isPartOf\":{\"@id\":\"https:\/\/www.medibase-disposables.com\/es\/#website\"},\"primaryImageOfPage\":{\"@id\":\"https:\/\/www.medibase-disposables.com\/es\/productos\/brochitas-para-pinceles\/#primaryimage\"},\"image\":{\"@id\":\"https:\/\/www.medibase-disposables.com\/es\/productos\/brochitas-para-pinceles\/#primaryimage\"},\"thumbnailUrl\":\"https:\/\/www.medibase-disposables.com\/wp-content\/uploads\/manche_et_brossette_rgb.png\",\"datePublished\":\"2020-11-23T20:24:25+00:00\",\"dateModified\":\"2022-11-17T09:13:15+00:00\",\"breadcrumb\":{\"@id\":\"https:\/\/www.medibase-disposables.com\/es\/productos\/brochitas-para-pinceles\/#breadcrumb\"},\"inLanguage\":\"es\",\"potentialAction\":[{\"@type\":\"ReadAction\",\"target\":[\"https:\/\/www.medibase-disposables.com\/es\/productos\/brochitas-para-pinceles\/\"]}]},{\"@type\":\"ImageObject\",\"inLanguage\":\"es\",\"@id\":\"https:\/\/www.medibase-disposables.com\/es\/productos\/brochitas-para-pinceles\/#primaryimage\",\"url\":\"https:\/\/www.medibase-disposables.com\/wp-content\/uploads\/manche_et_brossette_rgb.png\",\"contentUrl\":\"https:\/\/www.medibase-disposables.com\/wp-content\/uploads\/manche_et_brossette_rgb.png\",\"width\":\"600\",\"height\":\"600\"},{\"@type\":\"BreadcrumbList\",\"@id\":\"https:\/\/www.medibase-disposables.com\/es\/productos\/brochitas-para-pinceles\/#breadcrumb\",\"itemListElement\":[{\"@type\":\"ListItem\",\"position\":1,\"name\":\"Accueil\",\"item\":\"https:\/\/www.medibase-disposables.com\/es\/\"},{\"@type\":\"ListItem\",\"position\":2,\"name\":\"Productos\",\"item\":\"https:\/\/www.medibase-disposables.com\/es\/productos\/\"},{\"@type\":\"ListItem\",\"position\":3,\"name\":\"Brochitas para pinceles\"}]},{\"@type\":\"WebSite\",\"@id\":\"https:\/\/www.medibase-disposables.com\/es\/#website\",\"url\":\"https:\/\/www.medibase-disposables.com\/es\/\",\"name\":\"Medibase\",\"description\":\"Your everyday essentials\",\"publisher\":{\"@id\":\"https:\/\/www.medibase-disposables.com\/es\/#organization\"},\"potentialAction\":[{\"@type\":\"SearchAction\",\"target\":{\"@type\":\"EntryPoint\",\"urlTemplate\":\"https:\/\/www.medibase-disposables.com\/es\/?s={search_term_string}\"},\"query-input\":\"required name=search_term_string\"}],\"inLanguage\":\"es\"},{\"@type\":\"Organization\",\"@id\":\"https:\/\/www.medibase-disposables.com\/es\/#organization\",\"name\":\"MEDIBASE\",\"url\":\"https:\/\/www.medibase-disposables.com\/es\/\",\"logo\":{\"@type\":\"ImageObject\",\"inLanguage\":\"es\",\"@id\":\"https:\/\/www.medibase-disposables.com\/es\/#\/schema\/logo\/image\/\",\"url\":\"https:\/\/www.medibase-disposables.com\/wp-content\/uploads\/logo@2x.png\",\"contentUrl\":\"https:\/\/www.medibase-disposables.com\/wp-content\/uploads\/logo@2x.png\",\"width\":501,\"height\":501,\"caption\":\"MEDIBASE\"},\"image\":{\"@id\":\"https:\/\/www.medibase-disposables.com\/es\/#\/schema\/logo\/image\/\"}}]}<\/script>\n<!-- \/ Yoast SEO plugin. -->","yoast_head_json":{"title":"Brochitas para pinceles - Medibase","robots":{"index":"index","follow":"follow","max-snippet":"max-snippet:-1","max-image-preview":"max-image-preview:large","max-video-preview":"max-video-preview:-1"},"canonical":"https:\/\/www.medibase-disposables.com\/es\/productos\/brochitas-para-pinceles\/","og_locale":"es_ES","og_type":"article","og_title":"Brochitas para pinceles - Medibase","og_description":"Mangos\u00a0:   Blancos, de pl\u00e1stico.  Esterilizaci\u00f3n en fr\u00edo.  Brochitas\u00a0:   Un solo uso.  Clase: I.  Fabricante: NOVOBRUSH.","og_url":"https:\/\/www.medibase-disposables.com\/es\/productos\/brochitas-para-pinceles\/","og_site_name":"Medibase","article_modified_time":"2022-11-17T09:13:15+00:00","og_image":[{"width":"600","height":"600","url":"http:\/\/www.medibase-disposables.com\/wp-content\/uploads\/manche_et_brossette_rgb.png","type":"image\/png"}],"twitter_card":"summary_large_image","twitter_misc":{"Tiempo de lectura":"1 minuto"},"schema":{"@context":"https:\/\/schema.org","@graph":[{"@type":"WebPage","@id":"https:\/\/www.medibase-disposables.com\/es\/productos\/brochitas-para-pinceles\/","url":"https:\/\/www.medibase-disposables.com\/es\/productos\/brochitas-para-pinceles\/","name":"Brochitas para pinceles - Medibase","isPartOf":{"@id":"https:\/\/www.medibase-disposables.com\/es\/#website"},"primaryImageOfPage":{"@id":"https:\/\/www.medibase-disposables.com\/es\/productos\/brochitas-para-pinceles\/#primaryimage"},"image":{"@id":"https:\/\/www.medibase-disposables.com\/es\/productos\/brochitas-para-pinceles\/#primaryimage"},"thumbnailUrl":"https:\/\/www.medibase-disposables.com\/wp-content\/uploads\/manche_et_brossette_rgb.png","datePublished":"2020-11-23T20:24:25+00:00","dateModified":"2022-11-17T09:13:15+00:00","breadcrumb":{"@id":"https:\/\/www.medibase-disposables.com\/es\/productos\/brochitas-para-pinceles\/#breadcrumb"},"inLanguage":"es","potentialAction":[{"@type":"ReadAction","target":["https:\/\/www.medibase-disposables.com\/es\/productos\/brochitas-para-pinceles\/"]}]},{"@type":"ImageObject","inLanguage":"es","@id":"https:\/\/www.medibase-disposables.com\/es\/productos\/brochitas-para-pinceles\/#primaryimage","url":"https:\/\/www.medibase-disposables.com\/wp-content\/uploads\/manche_et_brossette_rgb.png","contentUrl":"https:\/\/www.medibase-disposables.com\/wp-content\/uploads\/manche_et_brossette_rgb.png","width":"600","height":"600"},{"@type":"BreadcrumbList","@id":"https:\/\/www.medibase-disposables.com\/es\/productos\/brochitas-para-pinceles\/#breadcrumb","itemListElement":[{"@type":"ListItem","position":1,"name":"Accueil","item":"https:\/\/www.medibase-disposables.com\/es\/"},{"@type":"ListItem","position":2,"name":"Productos","item":"https:\/\/www.medibase-disposables.com\/es\/productos\/"},{"@type":"ListItem","position":3,"name":"Brochitas para pinceles"}]},{"@type":"WebSite","@id":"https:\/\/www.medibase-disposables.com\/es\/#website","url":"https:\/\/www.medibase-disposables.com\/es\/","name":"Medibase","description":"Your everyday essentials","publisher":{"@id":"https:\/\/www.medibase-disposables.com\/es\/#organization"},"potentialAction":[{"@type":"SearchAction","target":{"@type":"EntryPoint","urlTemplate":"https:\/\/www.medibase-disposables.com\/es\/?s={search_term_string}"},"query-input":"required name=search_term_string"}],"inLanguage":"es"},{"@type":"Organization","@id":"https:\/\/www.medibase-disposables.com\/es\/#organization","name":"MEDIBASE","url":"https:\/\/www.medibase-disposables.com\/es\/","logo":{"@type":"ImageObject","inLanguage":"es","@id":"https:\/\/www.medibase-disposables.com\/es\/#\/schema\/logo\/image\/","url":"https:\/\/www.medibase-disposables.com\/wp-content\/uploads\/logo@2x.png","contentUrl":"https:\/\/www.medibase-disposables.com\/wp-content\/uploads\/logo@2x.png","width":501,"height":501,"caption":"MEDIBASE"},"image":{"@id":"https:\/\/www.medibase-disposables.com\/es\/#\/schema\/logo\/image\/"}}]}},"_links":{"self":[{"href":"https:\/\/www.medibase-disposables.com\/es\/wp-json\/wp\/v2\/product\/5038"}],"collection":[{"href":"https:\/\/www.medibase-disposables.com\/es\/wp-json\/wp\/v2\/product"}],"about":[{"href":"https:\/\/www.medibase-disposables.com\/es\/wp-json\/wp\/v2\/types\/product"}],"wp:featuredmedia":[{"embeddable":true,"href":"https:\/\/www.medibase-disposables.com\/es\/wp-json\/wp\/v2\/media\/5039"}],"wp:attachment":[{"href":"https:\/\/www.medibase-disposables.com\/es\/wp-json\/wp\/v2\/media?parent=5038"}],"wp:term":[{"taxonomy":"product_cat","embeddable":true,"href":"https:\/\/www.medibase-disposables.com\/es\/wp-json\/wp\/v2\/product_cat?post=5038"},{"taxonomy":"product_tag","embeddable":true,"href":"https:\/\/www.medibase-disposables.com\/es\/wp-json\/wp\/v2\/product_tag?post=5038"}],"curies":[{"name":"wp","href":"https:\/\/api.w.org\/{rel}","templated":true}]}}