{"id":5047,"date":"2018-07-02T20:50:50","date_gmt":"2020-11-23T20:33:53","guid":{"rendered":"https:\/\/www.medibase-disposables.com\/?post_type=product&#038;p=5047"},"modified":"2022-11-17T10:31:48","modified_gmt":"2022-11-17T09:31:48","slug":"bolsas-de-esterilizacion","status":"publish","type":"product","link":"https:\/\/www.medibase-disposables.com\/es\/productos\/bolsas-de-esterilizacion\/","title":{"rendered":"Bolsas de esterilizaci\u00f3n"},"content":{"rendered":"<p><strong>Caja de 200 bolsas autoadhesivas<\/strong><\/p>\n<table width=\"506\">\n<tbody>\n<tr>\n<th>Designaci\u00f3n<\/th>\n<th>Ref.<\/th>\n<\/tr>\n<tr>\n<td>Formato 5,7 x 13 cm<\/td>\n<td width=\"100\">3135474<\/td>\n<\/tr>\n<tr>\n<td>Formato \u00a08,5 x 16,5 cm<\/td>\n<td width=\"100\">3135469<\/td>\n<\/tr>\n<tr>\n<td>Formato 7 x 25,5 cm<\/td>\n<td width=\"100\">3135470<\/td>\n<\/tr>\n<tr>\n<td>Formato 9 x 13 cm<\/td>\n<td width=\"100\">3135476<\/td>\n<\/tr>\n<tr>\n<td>Formato 9 x 25,5 cm<\/td>\n<td width=\"100\">3135471<\/td>\n<\/tr>\n<tr>\n<td>Formato 14 x 28 cm<\/td>\n<td width=\"100\">3135472<\/td>\n<\/tr>\n<tr>\n<td>Formato 18 x 33 cm<\/td>\n<td width=\"100\">3135475<\/td>\n<\/tr>\n<tr>\n<td>Formato25,5 x 38 cm<\/td>\n<td width=\"100\">3135473<\/td>\n<\/tr>\n<tr>\n<td>Formato 30 x 45 cm<\/td>\n<td width=\"100\">3135477<\/td>\n<\/tr>\n<\/tbody>\n<\/table>\n<p><strong>Caja de 200 bolsas de sellado<\/strong><\/p>\n<table width=\"506\">\n<tbody>\n<tr>\n<th>Designaci\u00f3n<\/th>\n<th>Ref.<\/th>\n<\/tr>\n<tr>\n<td>Formato 20 x 33 x 5,5 cm de escudete<\/td>\n<td width=\"100\">3135478<\/td>\n<\/tr>\n<tr>\n<td>Formato 7 x 25,5 cm<\/td>\n<td width=\"100\">3135479<\/td>\n<\/tr>\n<tr>\n<td>Formato 9 x 25,5 cm<\/td>\n<td width=\"100\">3135480<\/td>\n<\/tr>\n<\/tbody>\n<\/table>\n<p>&nbsp;<\/p>\n","protected":false},"excerpt":{"rendered":"<p>Bolsas de esterilizaci\u00f3n recomendadas para la esterilizaci\u00f3n en autoclave o en chemiclave.<\/p>\n<p><strong>Caracter\u00edsticas\u00a0:<\/strong><\/p>\n<p>Cierre adhesivo: no requieren selladora. Una cara de papel y otra de pl\u00e1stico. Con testigo de esterilizaci\u00f3n.<\/p>\n<p><strong>Contenido\u00a0:<\/strong><\/p>\n<p>Caja de 200 bolsas.<\/p>\n<p>Clase: I.<\/p>\n<p>Fabricante : FOMED Industries Inc.<\/p>\n","protected":false},"featured_media":7983,"template":"","meta":{"_acf_changed":false},"product_cat":[296],"product_tag":[],"acf":[],"yoast_head":"<!-- This site is optimized with the Yoast SEO plugin v22.3 - https:\/\/yoast.com\/wordpress\/plugins\/seo\/ -->\n<title>Bolsas de esterilizaci\u00f3n - Medibase<\/title>\n<meta name=\"robots\" content=\"index, follow, max-snippet:-1, max-image-preview:large, max-video-preview:-1\" \/>\n<link rel=\"canonical\" href=\"https:\/\/www.medibase-disposables.com\/es\/productos\/bolsas-de-esterilizacion\/\" \/>\n<meta property=\"og:locale\" content=\"es_ES\" \/>\n<meta property=\"og:type\" content=\"article\" \/>\n<meta property=\"og:title\" content=\"Bolsas de esterilizaci\u00f3n - Medibase\" \/>\n<meta property=\"og:description\" content=\"Bolsas de esterilizaci\u00f3n recomendadas para la esterilizaci\u00f3n en autoclave o en chemiclave.  Caracter\u00edsticas\u00a0:  Cierre adhesivo: no requieren selladora. Una cara de papel y otra de pl\u00e1stico. Con testigo de esterilizaci\u00f3n.  Contenido\u00a0:  Caja de 200 bolsas.  Clase: I.  Fabricante : FOMED Industries Inc.\" \/>\n<meta property=\"og:url\" content=\"https:\/\/www.medibase-disposables.com\/es\/productos\/bolsas-de-esterilizacion\/\" \/>\n<meta property=\"og:site_name\" content=\"Medibase\" \/>\n<meta property=\"article:modified_time\" content=\"2022-11-17T09:31:48+00:00\" \/>\n<meta property=\"og:image\" content=\"http:\/\/www.medibase-disposables.com\/wp-content\/uploads\/MED0621142_Visuels_200-Heat-sealing-sterilsation-Pouches_Packaging_90x255mm-RVB.jpg\" \/>\n\t<meta property=\"og:image:width\" content=\"2000\" \/>\n\t<meta property=\"og:image:height\" content=\"2000\" \/>\n\t<meta property=\"og:image:type\" content=\"image\/jpeg\" \/>\n<meta name=\"twitter:card\" content=\"summary_large_image\" \/>\n<meta name=\"twitter:label1\" content=\"Tiempo de lectura\" \/>\n\t<meta name=\"twitter:data1\" content=\"1 minuto\" \/>\n<script type=\"application\/ld+json\" class=\"yoast-schema-graph\">{\"@context\":\"https:\/\/schema.org\",\"@graph\":[{\"@type\":\"WebPage\",\"@id\":\"https:\/\/www.medibase-disposables.com\/es\/productos\/bolsas-de-esterilizacion\/\",\"url\":\"https:\/\/www.medibase-disposables.com\/es\/productos\/bolsas-de-esterilizacion\/\",\"name\":\"Bolsas de esterilizaci\u00f3n - Medibase\",\"isPartOf\":{\"@id\":\"https:\/\/www.medibase-disposables.com\/es\/#website\"},\"primaryImageOfPage\":{\"@id\":\"https:\/\/www.medibase-disposables.com\/es\/productos\/bolsas-de-esterilizacion\/#primaryimage\"},\"image\":{\"@id\":\"https:\/\/www.medibase-disposables.com\/es\/productos\/bolsas-de-esterilizacion\/#primaryimage\"},\"thumbnailUrl\":\"https:\/\/www.medibase-disposables.com\/wp-content\/uploads\/MED0621142_Visuels_200-Heat-sealing-sterilsation-Pouches_Packaging_90x255mm-RVB.jpg\",\"datePublished\":\"2020-11-23T20:33:53+00:00\",\"dateModified\":\"2022-11-17T09:31:48+00:00\",\"breadcrumb\":{\"@id\":\"https:\/\/www.medibase-disposables.com\/es\/productos\/bolsas-de-esterilizacion\/#breadcrumb\"},\"inLanguage\":\"es\",\"potentialAction\":[{\"@type\":\"ReadAction\",\"target\":[\"https:\/\/www.medibase-disposables.com\/es\/productos\/bolsas-de-esterilizacion\/\"]}]},{\"@type\":\"ImageObject\",\"inLanguage\":\"es\",\"@id\":\"https:\/\/www.medibase-disposables.com\/es\/productos\/bolsas-de-esterilizacion\/#primaryimage\",\"url\":\"https:\/\/www.medibase-disposables.com\/wp-content\/uploads\/MED0621142_Visuels_200-Heat-sealing-sterilsation-Pouches_Packaging_90x255mm-RVB.jpg\",\"contentUrl\":\"https:\/\/www.medibase-disposables.com\/wp-content\/uploads\/MED0621142_Visuels_200-Heat-sealing-sterilsation-Pouches_Packaging_90x255mm-RVB.jpg\",\"width\":2000,\"height\":2000},{\"@type\":\"BreadcrumbList\",\"@id\":\"https:\/\/www.medibase-disposables.com\/es\/productos\/bolsas-de-esterilizacion\/#breadcrumb\",\"itemListElement\":[{\"@type\":\"ListItem\",\"position\":1,\"name\":\"Accueil\",\"item\":\"https:\/\/www.medibase-disposables.com\/es\/\"},{\"@type\":\"ListItem\",\"position\":2,\"name\":\"Productos\",\"item\":\"https:\/\/www.medibase-disposables.com\/es\/productos\/\"},{\"@type\":\"ListItem\",\"position\":3,\"name\":\"Bolsas de esterilizaci\u00f3n\"}]},{\"@type\":\"WebSite\",\"@id\":\"https:\/\/www.medibase-disposables.com\/es\/#website\",\"url\":\"https:\/\/www.medibase-disposables.com\/es\/\",\"name\":\"Medibase\",\"description\":\"Your everyday essentials\",\"publisher\":{\"@id\":\"https:\/\/www.medibase-disposables.com\/es\/#organization\"},\"potentialAction\":[{\"@type\":\"SearchAction\",\"target\":{\"@type\":\"EntryPoint\",\"urlTemplate\":\"https:\/\/www.medibase-disposables.com\/es\/?s={search_term_string}\"},\"query-input\":\"required name=search_term_string\"}],\"inLanguage\":\"es\"},{\"@type\":\"Organization\",\"@id\":\"https:\/\/www.medibase-disposables.com\/es\/#organization\",\"name\":\"MEDIBASE\",\"url\":\"https:\/\/www.medibase-disposables.com\/es\/\",\"logo\":{\"@type\":\"ImageObject\",\"inLanguage\":\"es\",\"@id\":\"https:\/\/www.medibase-disposables.com\/es\/#\/schema\/logo\/image\/\",\"url\":\"https:\/\/www.medibase-disposables.com\/wp-content\/uploads\/logo@2x.png\",\"contentUrl\":\"https:\/\/www.medibase-disposables.com\/wp-content\/uploads\/logo@2x.png\",\"width\":501,\"height\":501,\"caption\":\"MEDIBASE\"},\"image\":{\"@id\":\"https:\/\/www.medibase-disposables.com\/es\/#\/schema\/logo\/image\/\"}}]}<\/script>\n<!-- \/ Yoast SEO plugin. -->","yoast_head_json":{"title":"Bolsas de esterilizaci\u00f3n - Medibase","robots":{"index":"index","follow":"follow","max-snippet":"max-snippet:-1","max-image-preview":"max-image-preview:large","max-video-preview":"max-video-preview:-1"},"canonical":"https:\/\/www.medibase-disposables.com\/es\/productos\/bolsas-de-esterilizacion\/","og_locale":"es_ES","og_type":"article","og_title":"Bolsas de esterilizaci\u00f3n - Medibase","og_description":"Bolsas de esterilizaci\u00f3n recomendadas para la esterilizaci\u00f3n en autoclave o en chemiclave.  Caracter\u00edsticas\u00a0:  Cierre adhesivo: no requieren selladora. Una cara de papel y otra de pl\u00e1stico. Con testigo de esterilizaci\u00f3n.  Contenido\u00a0:  Caja de 200 bolsas.  Clase: I.  Fabricante : FOMED Industries Inc.","og_url":"https:\/\/www.medibase-disposables.com\/es\/productos\/bolsas-de-esterilizacion\/","og_site_name":"Medibase","article_modified_time":"2022-11-17T09:31:48+00:00","og_image":[{"width":2000,"height":2000,"url":"http:\/\/www.medibase-disposables.com\/wp-content\/uploads\/MED0621142_Visuels_200-Heat-sealing-sterilsation-Pouches_Packaging_90x255mm-RVB.jpg","type":"image\/jpeg"}],"twitter_card":"summary_large_image","twitter_misc":{"Tiempo de lectura":"1 minuto"},"schema":{"@context":"https:\/\/schema.org","@graph":[{"@type":"WebPage","@id":"https:\/\/www.medibase-disposables.com\/es\/productos\/bolsas-de-esterilizacion\/","url":"https:\/\/www.medibase-disposables.com\/es\/productos\/bolsas-de-esterilizacion\/","name":"Bolsas de esterilizaci\u00f3n - Medibase","isPartOf":{"@id":"https:\/\/www.medibase-disposables.com\/es\/#website"},"primaryImageOfPage":{"@id":"https:\/\/www.medibase-disposables.com\/es\/productos\/bolsas-de-esterilizacion\/#primaryimage"},"image":{"@id":"https:\/\/www.medibase-disposables.com\/es\/productos\/bolsas-de-esterilizacion\/#primaryimage"},"thumbnailUrl":"https:\/\/www.medibase-disposables.com\/wp-content\/uploads\/MED0621142_Visuels_200-Heat-sealing-sterilsation-Pouches_Packaging_90x255mm-RVB.jpg","datePublished":"2020-11-23T20:33:53+00:00","dateModified":"2022-11-17T09:31:48+00:00","breadcrumb":{"@id":"https:\/\/www.medibase-disposables.com\/es\/productos\/bolsas-de-esterilizacion\/#breadcrumb"},"inLanguage":"es","potentialAction":[{"@type":"ReadAction","target":["https:\/\/www.medibase-disposables.com\/es\/productos\/bolsas-de-esterilizacion\/"]}]},{"@type":"ImageObject","inLanguage":"es","@id":"https:\/\/www.medibase-disposables.com\/es\/productos\/bolsas-de-esterilizacion\/#primaryimage","url":"https:\/\/www.medibase-disposables.com\/wp-content\/uploads\/MED0621142_Visuels_200-Heat-sealing-sterilsation-Pouches_Packaging_90x255mm-RVB.jpg","contentUrl":"https:\/\/www.medibase-disposables.com\/wp-content\/uploads\/MED0621142_Visuels_200-Heat-sealing-sterilsation-Pouches_Packaging_90x255mm-RVB.jpg","width":2000,"height":2000},{"@type":"BreadcrumbList","@id":"https:\/\/www.medibase-disposables.com\/es\/productos\/bolsas-de-esterilizacion\/#breadcrumb","itemListElement":[{"@type":"ListItem","position":1,"name":"Accueil","item":"https:\/\/www.medibase-disposables.com\/es\/"},{"@type":"ListItem","position":2,"name":"Productos","item":"https:\/\/www.medibase-disposables.com\/es\/productos\/"},{"@type":"ListItem","position":3,"name":"Bolsas de esterilizaci\u00f3n"}]},{"@type":"WebSite","@id":"https:\/\/www.medibase-disposables.com\/es\/#website","url":"https:\/\/www.medibase-disposables.com\/es\/","name":"Medibase","description":"Your everyday essentials","publisher":{"@id":"https:\/\/www.medibase-disposables.com\/es\/#organization"},"potentialAction":[{"@type":"SearchAction","target":{"@type":"EntryPoint","urlTemplate":"https:\/\/www.medibase-disposables.com\/es\/?s={search_term_string}"},"query-input":"required name=search_term_string"}],"inLanguage":"es"},{"@type":"Organization","@id":"https:\/\/www.medibase-disposables.com\/es\/#organization","name":"MEDIBASE","url":"https:\/\/www.medibase-disposables.com\/es\/","logo":{"@type":"ImageObject","inLanguage":"es","@id":"https:\/\/www.medibase-disposables.com\/es\/#\/schema\/logo\/image\/","url":"https:\/\/www.medibase-disposables.com\/wp-content\/uploads\/logo@2x.png","contentUrl":"https:\/\/www.medibase-disposables.com\/wp-content\/uploads\/logo@2x.png","width":501,"height":501,"caption":"MEDIBASE"},"image":{"@id":"https:\/\/www.medibase-disposables.com\/es\/#\/schema\/logo\/image\/"}}]}},"_links":{"self":[{"href":"https:\/\/www.medibase-disposables.com\/es\/wp-json\/wp\/v2\/product\/5047"}],"collection":[{"href":"https:\/\/www.medibase-disposables.com\/es\/wp-json\/wp\/v2\/product"}],"about":[{"href":"https:\/\/www.medibase-disposables.com\/es\/wp-json\/wp\/v2\/types\/product"}],"wp:featuredmedia":[{"embeddable":true,"href":"https:\/\/www.medibase-disposables.com\/es\/wp-json\/wp\/v2\/media\/7983"}],"wp:attachment":[{"href":"https:\/\/www.medibase-disposables.com\/es\/wp-json\/wp\/v2\/media?parent=5047"}],"wp:term":[{"taxonomy":"product_cat","embeddable":true,"href":"https:\/\/www.medibase-disposables.com\/es\/wp-json\/wp\/v2\/product_cat?post=5047"},{"taxonomy":"product_tag","embeddable":true,"href":"https:\/\/www.medibase-disposables.com\/es\/wp-json\/wp\/v2\/product_tag?post=5047"}],"curies":[{"name":"wp","href":"https:\/\/api.w.org\/{rel}","templated":true}]}}