{"id":5121,"date":"2018-07-30T12:31:55","date_gmt":"2020-11-23T21:03:24","guid":{"rendered":"https:\/\/www.medibase-disposables.com\/?post_type=product&#038;p=5121"},"modified":"2022-11-15T16:55:03","modified_gmt":"2022-11-15T15:55:03","slug":"bisturis-esteriles","status":"publish","type":"product","link":"https:\/\/www.medibase-disposables.com\/es\/productos\/bisturis-esteriles\/","title":{"rendered":"Bistur\u00eds est\u00e9riles"},"content":{"rendered":"<p><strong>Caja de 10 bistur\u00eds:<\/strong><\/p>\n<table style=\"width: 99.8344%;\" width=\"100%\">\n<thead>\n<tr>\n<td style=\"width: 81.6225%;\">Hoja<\/td>\n<td style=\"width: 18.2119%;\" width=\"100\">Ref.<\/td>\n<\/tr>\n<\/thead>\n<tbody>\n<tr>\n<td style=\"width: 81.6225%;\">N \u00b0 10<\/td>\n<td style=\"width: 18.2119%;\" width=\"100\">3131617<\/td>\n<\/tr>\n<tr>\n<td style=\"width: 81.6225%;\">N \u00b0 11<\/td>\n<td style=\"width: 18.2119%;\">3131618<\/td>\n<\/tr>\n<tr>\n<td style=\"width: 81.6225%;\">N \u00b0 12<\/td>\n<td style=\"width: 18.2119%;\">3131619<\/td>\n<\/tr>\n<tr>\n<td style=\"width: 81.6225%;\">N \u00b0 15<\/td>\n<td style=\"width: 18.2119%;\" width=\"100\">3131620<\/td>\n<\/tr>\n<\/tbody>\n<\/table>\n<p>&nbsp;<\/p>\n","protected":false},"excerpt":{"rendered":"<p><strong>Caracter\u00edsticas:<\/strong><\/p>\n<ul>\n<li>Bistur\u00eds est\u00e9riles de uso \u00fanico.<\/li>\n<li>Excelente precisi\u00f3n de corte.<\/li>\n<li>Hoja de acero inoxidable con tapa de seguridad de protecci\u00f3n.<\/li>\n<li>Mango de pl\u00e1stico, anat\u00f3micamente dise\u00f1ado para un agarre seguro y eficaz.<\/li>\n<li>Uni\u00f3n perfecta entre la hoja y el mango.<\/li>\n<li>Empaquetado en blister individual.<\/li>\n<li>Esterilizado por irradiaci\u00f3n gamma.<\/li>\n<li>Tiempo de vida: 5 a\u00f1os.<\/li>\n<\/ul>\n<p>La caja contiene 10 bistur\u00eds.<\/p>\n<p>Clase: IIA.<br \/>\nMarca CE 2460. Organismo de notificaci\u00f3n: DNV GL NEMKO PRESAFE AS.<br \/>\nFabricante: RAZORMED INC.<\/p>\n","protected":false},"featured_media":7010,"template":"","meta":{"_acf_changed":false},"product_cat":[293],"product_tag":[],"acf":[],"yoast_head":"<!-- This site is optimized with the Yoast SEO plugin v22.3 - https:\/\/yoast.com\/wordpress\/plugins\/seo\/ -->\n<title>Bistur\u00eds est\u00e9riles - Medibase<\/title>\n<meta name=\"robots\" content=\"index, follow, max-snippet:-1, max-image-preview:large, max-video-preview:-1\" \/>\n<link rel=\"canonical\" href=\"https:\/\/www.medibase-disposables.com\/es\/productos\/bisturis-esteriles\/\" \/>\n<meta property=\"og:locale\" content=\"es_ES\" \/>\n<meta property=\"og:type\" content=\"article\" \/>\n<meta property=\"og:title\" content=\"Bistur\u00eds est\u00e9riles - Medibase\" \/>\n<meta property=\"og:description\" content=\"Caracter\u00edsticas:   Bistur\u00eds est\u00e9riles de uso \u00fanico.  Excelente precisi\u00f3n de corte.  Hoja de acero inoxidable con tapa de seguridad de protecci\u00f3n.  Mango de pl\u00e1stico, anat\u00f3micamente dise\u00f1ado para un agarre seguro y eficaz.  Uni\u00f3n perfecta entre la hoja y el mango.  Empaquetado en blister individual.  Esterilizado por irradiaci\u00f3n gamma.  Tiempo de vida: 5 a\u00f1os.  La caja contiene 10 bistur\u00eds.  Clase: IIA. Marca CE 2460. Organismo de notificaci\u00f3n: DNV GL NEMKO PRESAFE AS. Fabricante: RAZORMED INC.\" \/>\n<meta property=\"og:url\" content=\"https:\/\/www.medibase-disposables.com\/es\/productos\/bisturis-esteriles\/\" \/>\n<meta property=\"og:site_name\" content=\"Medibase\" \/>\n<meta property=\"article:modified_time\" content=\"2022-11-15T15:55:03+00:00\" \/>\n<meta property=\"og:image\" content=\"http:\/\/www.medibase-disposables.com\/wp-content\/uploads\/MED0221049_Visuel_Disposable_Scalpels_RVB.jpg\" \/>\n\t<meta property=\"og:image:width\" content=\"2000\" \/>\n\t<meta property=\"og:image:height\" content=\"2000\" \/>\n\t<meta property=\"og:image:type\" content=\"image\/jpeg\" \/>\n<meta name=\"twitter:card\" content=\"summary_large_image\" \/>\n<meta name=\"twitter:label1\" content=\"Tiempo de lectura\" \/>\n\t<meta name=\"twitter:data1\" content=\"1 minuto\" \/>\n<script type=\"application\/ld+json\" class=\"yoast-schema-graph\">{\"@context\":\"https:\/\/schema.org\",\"@graph\":[{\"@type\":\"WebPage\",\"@id\":\"https:\/\/www.medibase-disposables.com\/es\/productos\/bisturis-esteriles\/\",\"url\":\"https:\/\/www.medibase-disposables.com\/es\/productos\/bisturis-esteriles\/\",\"name\":\"Bistur\u00eds est\u00e9riles - Medibase\",\"isPartOf\":{\"@id\":\"https:\/\/www.medibase-disposables.com\/es\/#website\"},\"primaryImageOfPage\":{\"@id\":\"https:\/\/www.medibase-disposables.com\/es\/productos\/bisturis-esteriles\/#primaryimage\"},\"image\":{\"@id\":\"https:\/\/www.medibase-disposables.com\/es\/productos\/bisturis-esteriles\/#primaryimage\"},\"thumbnailUrl\":\"https:\/\/www.medibase-disposables.com\/wp-content\/uploads\/MED0221049_Visuel_Disposable_Scalpels_RVB.jpg\",\"datePublished\":\"2020-11-23T21:03:24+00:00\",\"dateModified\":\"2022-11-15T15:55:03+00:00\",\"breadcrumb\":{\"@id\":\"https:\/\/www.medibase-disposables.com\/es\/productos\/bisturis-esteriles\/#breadcrumb\"},\"inLanguage\":\"es\",\"potentialAction\":[{\"@type\":\"ReadAction\",\"target\":[\"https:\/\/www.medibase-disposables.com\/es\/productos\/bisturis-esteriles\/\"]}]},{\"@type\":\"ImageObject\",\"inLanguage\":\"es\",\"@id\":\"https:\/\/www.medibase-disposables.com\/es\/productos\/bisturis-esteriles\/#primaryimage\",\"url\":\"https:\/\/www.medibase-disposables.com\/wp-content\/uploads\/MED0221049_Visuel_Disposable_Scalpels_RVB.jpg\",\"contentUrl\":\"https:\/\/www.medibase-disposables.com\/wp-content\/uploads\/MED0221049_Visuel_Disposable_Scalpels_RVB.jpg\",\"width\":2000,\"height\":2000},{\"@type\":\"BreadcrumbList\",\"@id\":\"https:\/\/www.medibase-disposables.com\/es\/productos\/bisturis-esteriles\/#breadcrumb\",\"itemListElement\":[{\"@type\":\"ListItem\",\"position\":1,\"name\":\"Accueil\",\"item\":\"https:\/\/www.medibase-disposables.com\/es\/\"},{\"@type\":\"ListItem\",\"position\":2,\"name\":\"Productos\",\"item\":\"https:\/\/www.medibase-disposables.com\/es\/productos\/\"},{\"@type\":\"ListItem\",\"position\":3,\"name\":\"Bistur\u00eds est\u00e9riles\"}]},{\"@type\":\"WebSite\",\"@id\":\"https:\/\/www.medibase-disposables.com\/es\/#website\",\"url\":\"https:\/\/www.medibase-disposables.com\/es\/\",\"name\":\"Medibase\",\"description\":\"Your everyday essentials\",\"publisher\":{\"@id\":\"https:\/\/www.medibase-disposables.com\/es\/#organization\"},\"potentialAction\":[{\"@type\":\"SearchAction\",\"target\":{\"@type\":\"EntryPoint\",\"urlTemplate\":\"https:\/\/www.medibase-disposables.com\/es\/?s={search_term_string}\"},\"query-input\":\"required name=search_term_string\"}],\"inLanguage\":\"es\"},{\"@type\":\"Organization\",\"@id\":\"https:\/\/www.medibase-disposables.com\/es\/#organization\",\"name\":\"MEDIBASE\",\"url\":\"https:\/\/www.medibase-disposables.com\/es\/\",\"logo\":{\"@type\":\"ImageObject\",\"inLanguage\":\"es\",\"@id\":\"https:\/\/www.medibase-disposables.com\/es\/#\/schema\/logo\/image\/\",\"url\":\"https:\/\/www.medibase-disposables.com\/wp-content\/uploads\/logo@2x.png\",\"contentUrl\":\"https:\/\/www.medibase-disposables.com\/wp-content\/uploads\/logo@2x.png\",\"width\":501,\"height\":501,\"caption\":\"MEDIBASE\"},\"image\":{\"@id\":\"https:\/\/www.medibase-disposables.com\/es\/#\/schema\/logo\/image\/\"}}]}<\/script>\n<!-- \/ Yoast SEO plugin. -->","yoast_head_json":{"title":"Bistur\u00eds est\u00e9riles - Medibase","robots":{"index":"index","follow":"follow","max-snippet":"max-snippet:-1","max-image-preview":"max-image-preview:large","max-video-preview":"max-video-preview:-1"},"canonical":"https:\/\/www.medibase-disposables.com\/es\/productos\/bisturis-esteriles\/","og_locale":"es_ES","og_type":"article","og_title":"Bistur\u00eds est\u00e9riles - Medibase","og_description":"Caracter\u00edsticas:   Bistur\u00eds est\u00e9riles de uso \u00fanico.  Excelente precisi\u00f3n de corte.  Hoja de acero inoxidable con tapa de seguridad de protecci\u00f3n.  Mango de pl\u00e1stico, anat\u00f3micamente dise\u00f1ado para un agarre seguro y eficaz.  Uni\u00f3n perfecta entre la hoja y el mango.  Empaquetado en blister individual.  Esterilizado por irradiaci\u00f3n gamma.  Tiempo de vida: 5 a\u00f1os.  La caja contiene 10 bistur\u00eds.  Clase: IIA. Marca CE 2460. Organismo de notificaci\u00f3n: DNV GL NEMKO PRESAFE AS. Fabricante: RAZORMED INC.","og_url":"https:\/\/www.medibase-disposables.com\/es\/productos\/bisturis-esteriles\/","og_site_name":"Medibase","article_modified_time":"2022-11-15T15:55:03+00:00","og_image":[{"width":2000,"height":2000,"url":"http:\/\/www.medibase-disposables.com\/wp-content\/uploads\/MED0221049_Visuel_Disposable_Scalpels_RVB.jpg","type":"image\/jpeg"}],"twitter_card":"summary_large_image","twitter_misc":{"Tiempo de lectura":"1 minuto"},"schema":{"@context":"https:\/\/schema.org","@graph":[{"@type":"WebPage","@id":"https:\/\/www.medibase-disposables.com\/es\/productos\/bisturis-esteriles\/","url":"https:\/\/www.medibase-disposables.com\/es\/productos\/bisturis-esteriles\/","name":"Bistur\u00eds est\u00e9riles - Medibase","isPartOf":{"@id":"https:\/\/www.medibase-disposables.com\/es\/#website"},"primaryImageOfPage":{"@id":"https:\/\/www.medibase-disposables.com\/es\/productos\/bisturis-esteriles\/#primaryimage"},"image":{"@id":"https:\/\/www.medibase-disposables.com\/es\/productos\/bisturis-esteriles\/#primaryimage"},"thumbnailUrl":"https:\/\/www.medibase-disposables.com\/wp-content\/uploads\/MED0221049_Visuel_Disposable_Scalpels_RVB.jpg","datePublished":"2020-11-23T21:03:24+00:00","dateModified":"2022-11-15T15:55:03+00:00","breadcrumb":{"@id":"https:\/\/www.medibase-disposables.com\/es\/productos\/bisturis-esteriles\/#breadcrumb"},"inLanguage":"es","potentialAction":[{"@type":"ReadAction","target":["https:\/\/www.medibase-disposables.com\/es\/productos\/bisturis-esteriles\/"]}]},{"@type":"ImageObject","inLanguage":"es","@id":"https:\/\/www.medibase-disposables.com\/es\/productos\/bisturis-esteriles\/#primaryimage","url":"https:\/\/www.medibase-disposables.com\/wp-content\/uploads\/MED0221049_Visuel_Disposable_Scalpels_RVB.jpg","contentUrl":"https:\/\/www.medibase-disposables.com\/wp-content\/uploads\/MED0221049_Visuel_Disposable_Scalpels_RVB.jpg","width":2000,"height":2000},{"@type":"BreadcrumbList","@id":"https:\/\/www.medibase-disposables.com\/es\/productos\/bisturis-esteriles\/#breadcrumb","itemListElement":[{"@type":"ListItem","position":1,"name":"Accueil","item":"https:\/\/www.medibase-disposables.com\/es\/"},{"@type":"ListItem","position":2,"name":"Productos","item":"https:\/\/www.medibase-disposables.com\/es\/productos\/"},{"@type":"ListItem","position":3,"name":"Bistur\u00eds est\u00e9riles"}]},{"@type":"WebSite","@id":"https:\/\/www.medibase-disposables.com\/es\/#website","url":"https:\/\/www.medibase-disposables.com\/es\/","name":"Medibase","description":"Your everyday essentials","publisher":{"@id":"https:\/\/www.medibase-disposables.com\/es\/#organization"},"potentialAction":[{"@type":"SearchAction","target":{"@type":"EntryPoint","urlTemplate":"https:\/\/www.medibase-disposables.com\/es\/?s={search_term_string}"},"query-input":"required name=search_term_string"}],"inLanguage":"es"},{"@type":"Organization","@id":"https:\/\/www.medibase-disposables.com\/es\/#organization","name":"MEDIBASE","url":"https:\/\/www.medibase-disposables.com\/es\/","logo":{"@type":"ImageObject","inLanguage":"es","@id":"https:\/\/www.medibase-disposables.com\/es\/#\/schema\/logo\/image\/","url":"https:\/\/www.medibase-disposables.com\/wp-content\/uploads\/logo@2x.png","contentUrl":"https:\/\/www.medibase-disposables.com\/wp-content\/uploads\/logo@2x.png","width":501,"height":501,"caption":"MEDIBASE"},"image":{"@id":"https:\/\/www.medibase-disposables.com\/es\/#\/schema\/logo\/image\/"}}]}},"_links":{"self":[{"href":"https:\/\/www.medibase-disposables.com\/es\/wp-json\/wp\/v2\/product\/5121"}],"collection":[{"href":"https:\/\/www.medibase-disposables.com\/es\/wp-json\/wp\/v2\/product"}],"about":[{"href":"https:\/\/www.medibase-disposables.com\/es\/wp-json\/wp\/v2\/types\/product"}],"wp:featuredmedia":[{"embeddable":true,"href":"https:\/\/www.medibase-disposables.com\/es\/wp-json\/wp\/v2\/media\/7010"}],"wp:attachment":[{"href":"https:\/\/www.medibase-disposables.com\/es\/wp-json\/wp\/v2\/media?parent=5121"}],"wp:term":[{"taxonomy":"product_cat","embeddable":true,"href":"https:\/\/www.medibase-disposables.com\/es\/wp-json\/wp\/v2\/product_cat?post=5121"},{"taxonomy":"product_tag","embeddable":true,"href":"https:\/\/www.medibase-disposables.com\/es\/wp-json\/wp\/v2\/product_tag?post=5121"}],"curies":[{"name":"wp","href":"https:\/\/api.w.org\/{rel}","templated":true}]}}