{"id":5127,"date":"2018-07-27T12:21:17","date_gmt":"2020-11-23T21:04:35","guid":{"rendered":"https:\/\/www.medibase-disposables.com\/?post_type=product&#038;p=5127"},"modified":"2025-08-20T14:14:26","modified_gmt":"2025-08-20T12:14:26","slug":"blocks-de-mezcla-en-papel","status":"publish","type":"product","link":"https:\/\/www.medibase-disposables.com\/es\/productos\/blocks-de-mezcla-en-papel\/","title":{"rendered":"Blocks de mezcla en papel"},"content":{"rendered":"<p><strong>Le lot de 3 blocs de 100 feuilles<\/strong><\/p>\n<table width=\"100%\">\n<thead>\n<tr>\n<td>Dimensiones<\/td>\n<td style=\"text-align: center;\" width=\"100\">Ref.<\/td>\n<\/tr>\n<\/thead>\n<tbody>\n<tr>\n<td>4 x 4 cm<\/td>\n<td style=\"text-align: center;\" width=\"100\">3143352<\/td>\n<\/tr>\n<tr>\n<td>7 x 8 cm<\/td>\n<td style=\"text-align: center;\" width=\"100\">3143351<\/td>\n<\/tr>\n<tr>\n<td>9 x 15 cm<\/td>\n<td style=\"text-align: center;\" width=\"100\">3143350<\/td>\n<\/tr>\n<tr>\n<td>14 x 20 cm<\/td>\n<td style=\"text-align: center;\" width=\"100\">3143349<\/td>\n<\/tr>\n<\/tbody>\n<\/table>\n<p>&nbsp;<\/p>\n","protected":false},"excerpt":{"rendered":"<p>Blocks de mezcla de papel recubierto por una capa de polietileno.<\/p>\n<p><strong>Caracter\u00edsticas\u00a0:<\/strong><\/p>\n<ul>\n<li>La base anti-deslizante evita que el bloque se deslice durante la espatulaci\u00f3n.<\/li>\n<li>Las hojas son s\u00f3lidas y los l\u00edquidos no traspasan.<\/li>\n<li>El lote de 3 blocks de 100 hojas.<\/li>\n<\/ul>\n<p>Clase: I<\/p>\n<p>Fabricante: MGK<\/p>\n","protected":false},"featured_media":5130,"template":"","meta":{"_acf_changed":false},"product_cat":[285],"product_tag":[],"acf":[],"yoast_head":"<!-- This site is optimized with the Yoast SEO plugin v22.3 - https:\/\/yoast.com\/wordpress\/plugins\/seo\/ -->\n<title>Blocks de mezcla en papel - Medibase<\/title>\n<meta name=\"robots\" content=\"index, follow, max-snippet:-1, max-image-preview:large, max-video-preview:-1\" \/>\n<link rel=\"canonical\" href=\"https:\/\/www.medibase-disposables.com\/es\/productos\/blocks-de-mezcla-en-papel\/\" \/>\n<meta property=\"og:locale\" content=\"es_ES\" \/>\n<meta property=\"og:type\" content=\"article\" \/>\n<meta property=\"og:title\" content=\"Blocks de mezcla en papel - Medibase\" \/>\n<meta property=\"og:description\" content=\"Blocks de mezcla de papel recubierto por una capa de polietileno.  Caracter\u00edsticas\u00a0:   La base anti-deslizante evita que el bloque se deslice durante la espatulaci\u00f3n.  Las hojas son s\u00f3lidas y los l\u00edquidos no traspasan.  El lote de 3 blocks de 100 hojas.  Clase: I  Fabricante: MGK\" \/>\n<meta property=\"og:url\" content=\"https:\/\/www.medibase-disposables.com\/es\/productos\/blocks-de-mezcla-en-papel\/\" \/>\n<meta property=\"og:site_name\" content=\"Medibase\" \/>\n<meta property=\"article:modified_time\" content=\"2025-08-20T12:14:26+00:00\" \/>\n<meta property=\"og:image\" content=\"http:\/\/www.medibase-disposables.com\/wp-content\/uploads\/bloc-de-m\u00e9lange-papier-1.jpg\" \/>\n\t<meta property=\"og:image:width\" content=\"950\" \/>\n\t<meta property=\"og:image:height\" content=\"950\" \/>\n\t<meta property=\"og:image:type\" content=\"image\/jpeg\" \/>\n<meta name=\"twitter:card\" content=\"summary_large_image\" \/>\n<meta name=\"twitter:label1\" content=\"Tiempo de lectura\" \/>\n\t<meta name=\"twitter:data1\" content=\"1 minuto\" \/>\n<script type=\"application\/ld+json\" class=\"yoast-schema-graph\">{\"@context\":\"https:\/\/schema.org\",\"@graph\":[{\"@type\":\"WebPage\",\"@id\":\"https:\/\/www.medibase-disposables.com\/es\/productos\/blocks-de-mezcla-en-papel\/\",\"url\":\"https:\/\/www.medibase-disposables.com\/es\/productos\/blocks-de-mezcla-en-papel\/\",\"name\":\"Blocks de mezcla en papel - Medibase\",\"isPartOf\":{\"@id\":\"https:\/\/www.medibase-disposables.com\/es\/#website\"},\"primaryImageOfPage\":{\"@id\":\"https:\/\/www.medibase-disposables.com\/es\/productos\/blocks-de-mezcla-en-papel\/#primaryimage\"},\"image\":{\"@id\":\"https:\/\/www.medibase-disposables.com\/es\/productos\/blocks-de-mezcla-en-papel\/#primaryimage\"},\"thumbnailUrl\":\"https:\/\/www.medibase-disposables.com\/wp-content\/uploads\/bloc-de-m\u00e9lange-papier-1.jpg\",\"datePublished\":\"2020-11-23T21:04:35+00:00\",\"dateModified\":\"2025-08-20T12:14:26+00:00\",\"breadcrumb\":{\"@id\":\"https:\/\/www.medibase-disposables.com\/es\/productos\/blocks-de-mezcla-en-papel\/#breadcrumb\"},\"inLanguage\":\"es\",\"potentialAction\":[{\"@type\":\"ReadAction\",\"target\":[\"https:\/\/www.medibase-disposables.com\/es\/productos\/blocks-de-mezcla-en-papel\/\"]}]},{\"@type\":\"ImageObject\",\"inLanguage\":\"es\",\"@id\":\"https:\/\/www.medibase-disposables.com\/es\/productos\/blocks-de-mezcla-en-papel\/#primaryimage\",\"url\":\"https:\/\/www.medibase-disposables.com\/wp-content\/uploads\/bloc-de-m\u00e9lange-papier-1.jpg\",\"contentUrl\":\"https:\/\/www.medibase-disposables.com\/wp-content\/uploads\/bloc-de-m\u00e9lange-papier-1.jpg\",\"width\":\"950\",\"height\":\"950\"},{\"@type\":\"BreadcrumbList\",\"@id\":\"https:\/\/www.medibase-disposables.com\/es\/productos\/blocks-de-mezcla-en-papel\/#breadcrumb\",\"itemListElement\":[{\"@type\":\"ListItem\",\"position\":1,\"name\":\"Accueil\",\"item\":\"https:\/\/www.medibase-disposables.com\/es\/\"},{\"@type\":\"ListItem\",\"position\":2,\"name\":\"Productos\",\"item\":\"https:\/\/www.medibase-disposables.com\/es\/productos\/\"},{\"@type\":\"ListItem\",\"position\":3,\"name\":\"Blocks de mezcla en papel\"}]},{\"@type\":\"WebSite\",\"@id\":\"https:\/\/www.medibase-disposables.com\/es\/#website\",\"url\":\"https:\/\/www.medibase-disposables.com\/es\/\",\"name\":\"Medibase\",\"description\":\"Your everyday essentials\",\"publisher\":{\"@id\":\"https:\/\/www.medibase-disposables.com\/es\/#organization\"},\"potentialAction\":[{\"@type\":\"SearchAction\",\"target\":{\"@type\":\"EntryPoint\",\"urlTemplate\":\"https:\/\/www.medibase-disposables.com\/es\/?s={search_term_string}\"},\"query-input\":\"required name=search_term_string\"}],\"inLanguage\":\"es\"},{\"@type\":\"Organization\",\"@id\":\"https:\/\/www.medibase-disposables.com\/es\/#organization\",\"name\":\"MEDIBASE\",\"url\":\"https:\/\/www.medibase-disposables.com\/es\/\",\"logo\":{\"@type\":\"ImageObject\",\"inLanguage\":\"es\",\"@id\":\"https:\/\/www.medibase-disposables.com\/es\/#\/schema\/logo\/image\/\",\"url\":\"https:\/\/www.medibase-disposables.com\/wp-content\/uploads\/logo@2x.png\",\"contentUrl\":\"https:\/\/www.medibase-disposables.com\/wp-content\/uploads\/logo@2x.png\",\"width\":501,\"height\":501,\"caption\":\"MEDIBASE\"},\"image\":{\"@id\":\"https:\/\/www.medibase-disposables.com\/es\/#\/schema\/logo\/image\/\"}}]}<\/script>\n<!-- \/ Yoast SEO plugin. -->","yoast_head_json":{"title":"Blocks de mezcla en papel - Medibase","robots":{"index":"index","follow":"follow","max-snippet":"max-snippet:-1","max-image-preview":"max-image-preview:large","max-video-preview":"max-video-preview:-1"},"canonical":"https:\/\/www.medibase-disposables.com\/es\/productos\/blocks-de-mezcla-en-papel\/","og_locale":"es_ES","og_type":"article","og_title":"Blocks de mezcla en papel - Medibase","og_description":"Blocks de mezcla de papel recubierto por una capa de polietileno.  Caracter\u00edsticas\u00a0:   La base anti-deslizante evita que el bloque se deslice durante la espatulaci\u00f3n.  Las hojas son s\u00f3lidas y los l\u00edquidos no traspasan.  El lote de 3 blocks de 100 hojas.  Clase: I  Fabricante: MGK","og_url":"https:\/\/www.medibase-disposables.com\/es\/productos\/blocks-de-mezcla-en-papel\/","og_site_name":"Medibase","article_modified_time":"2025-08-20T12:14:26+00:00","og_image":[{"width":"950","height":"950","url":"http:\/\/www.medibase-disposables.com\/wp-content\/uploads\/bloc-de-m\u00e9lange-papier-1.jpg","type":"image\/jpeg"}],"twitter_card":"summary_large_image","twitter_misc":{"Tiempo de lectura":"1 minuto"},"schema":{"@context":"https:\/\/schema.org","@graph":[{"@type":"WebPage","@id":"https:\/\/www.medibase-disposables.com\/es\/productos\/blocks-de-mezcla-en-papel\/","url":"https:\/\/www.medibase-disposables.com\/es\/productos\/blocks-de-mezcla-en-papel\/","name":"Blocks de mezcla en papel - Medibase","isPartOf":{"@id":"https:\/\/www.medibase-disposables.com\/es\/#website"},"primaryImageOfPage":{"@id":"https:\/\/www.medibase-disposables.com\/es\/productos\/blocks-de-mezcla-en-papel\/#primaryimage"},"image":{"@id":"https:\/\/www.medibase-disposables.com\/es\/productos\/blocks-de-mezcla-en-papel\/#primaryimage"},"thumbnailUrl":"https:\/\/www.medibase-disposables.com\/wp-content\/uploads\/bloc-de-m\u00e9lange-papier-1.jpg","datePublished":"2020-11-23T21:04:35+00:00","dateModified":"2025-08-20T12:14:26+00:00","breadcrumb":{"@id":"https:\/\/www.medibase-disposables.com\/es\/productos\/blocks-de-mezcla-en-papel\/#breadcrumb"},"inLanguage":"es","potentialAction":[{"@type":"ReadAction","target":["https:\/\/www.medibase-disposables.com\/es\/productos\/blocks-de-mezcla-en-papel\/"]}]},{"@type":"ImageObject","inLanguage":"es","@id":"https:\/\/www.medibase-disposables.com\/es\/productos\/blocks-de-mezcla-en-papel\/#primaryimage","url":"https:\/\/www.medibase-disposables.com\/wp-content\/uploads\/bloc-de-m\u00e9lange-papier-1.jpg","contentUrl":"https:\/\/www.medibase-disposables.com\/wp-content\/uploads\/bloc-de-m\u00e9lange-papier-1.jpg","width":"950","height":"950"},{"@type":"BreadcrumbList","@id":"https:\/\/www.medibase-disposables.com\/es\/productos\/blocks-de-mezcla-en-papel\/#breadcrumb","itemListElement":[{"@type":"ListItem","position":1,"name":"Accueil","item":"https:\/\/www.medibase-disposables.com\/es\/"},{"@type":"ListItem","position":2,"name":"Productos","item":"https:\/\/www.medibase-disposables.com\/es\/productos\/"},{"@type":"ListItem","position":3,"name":"Blocks de mezcla en papel"}]},{"@type":"WebSite","@id":"https:\/\/www.medibase-disposables.com\/es\/#website","url":"https:\/\/www.medibase-disposables.com\/es\/","name":"Medibase","description":"Your everyday essentials","publisher":{"@id":"https:\/\/www.medibase-disposables.com\/es\/#organization"},"potentialAction":[{"@type":"SearchAction","target":{"@type":"EntryPoint","urlTemplate":"https:\/\/www.medibase-disposables.com\/es\/?s={search_term_string}"},"query-input":"required name=search_term_string"}],"inLanguage":"es"},{"@type":"Organization","@id":"https:\/\/www.medibase-disposables.com\/es\/#organization","name":"MEDIBASE","url":"https:\/\/www.medibase-disposables.com\/es\/","logo":{"@type":"ImageObject","inLanguage":"es","@id":"https:\/\/www.medibase-disposables.com\/es\/#\/schema\/logo\/image\/","url":"https:\/\/www.medibase-disposables.com\/wp-content\/uploads\/logo@2x.png","contentUrl":"https:\/\/www.medibase-disposables.com\/wp-content\/uploads\/logo@2x.png","width":501,"height":501,"caption":"MEDIBASE"},"image":{"@id":"https:\/\/www.medibase-disposables.com\/es\/#\/schema\/logo\/image\/"}}]}},"_links":{"self":[{"href":"https:\/\/www.medibase-disposables.com\/es\/wp-json\/wp\/v2\/product\/5127"}],"collection":[{"href":"https:\/\/www.medibase-disposables.com\/es\/wp-json\/wp\/v2\/product"}],"about":[{"href":"https:\/\/www.medibase-disposables.com\/es\/wp-json\/wp\/v2\/types\/product"}],"wp:featuredmedia":[{"embeddable":true,"href":"https:\/\/www.medibase-disposables.com\/es\/wp-json\/wp\/v2\/media\/5130"}],"wp:attachment":[{"href":"https:\/\/www.medibase-disposables.com\/es\/wp-json\/wp\/v2\/media?parent=5127"}],"wp:term":[{"taxonomy":"product_cat","embeddable":true,"href":"https:\/\/www.medibase-disposables.com\/es\/wp-json\/wp\/v2\/product_cat?post=5127"},{"taxonomy":"product_tag","embeddable":true,"href":"https:\/\/www.medibase-disposables.com\/es\/wp-json\/wp\/v2\/product_tag?post=5127"}],"curies":[{"name":"wp","href":"https:\/\/api.w.org\/{rel}","templated":true}]}}