{"id":5135,"date":"2018-07-27T14:45:08","date_gmt":"2020-11-23T21:07:12","guid":{"rendered":"https:\/\/www.medibase-disposables.com\/?post_type=product&#038;p=5135"},"modified":"2022-11-15T16:59:07","modified_gmt":"2022-11-15T15:59:07","slug":"blocks-de-mezcla-pvc","status":"publish","type":"product","link":"https:\/\/www.medibase-disposables.com\/es\/productos\/blocks-de-mezcla-pvc\/","title":{"rendered":"Blocks de mezcla PVC"},"content":{"rendered":"<p><strong>Blocks de 100 hojas<\/strong><\/p>\n<table width=\"100%\">\n<thead>\n<tr>\n<td>Designaci\u00f3n<\/td>\n<td width=\"100\">Ref.<\/td>\n<\/tr>\n<\/thead>\n<tbody>\n<tr>\n<td>El block de 7 x 8 cm<\/td>\n<td width=\"100\">3143353<\/td>\n<\/tr>\n<tr>\n<td>El block de 14 x 8 cm<\/td>\n<td width=\"100\">3143354<\/td>\n<\/tr>\n<\/tbody>\n<\/table>\n<p>&nbsp;<\/p>\n","protected":false},"excerpt":{"rendered":"<p>Blocks de 100 hojas de PVC transparentes y una base anti-deslizante.<\/p>\n<p><strong>Caracter\u00edsticas:<\/strong><\/p>\n<ul>\n<li>Hojas muy s\u00f3lidas: No se rasgan.<\/li>\n<li>Sin penetraci\u00f3n de l\u00edquido en la hoja de PVC.<\/li>\n<li>Base anti-deslizante que permite mantener estable el bloque durante la espatulaci\u00f3n.<\/li>\n<\/ul>\n<p>Clase: I<\/p>\n<p>Fabricante: MGK<\/p>\n","protected":false},"featured_media":5137,"template":"","meta":{"_acf_changed":false},"product_cat":[285],"product_tag":[],"acf":[],"yoast_head":"<!-- This site is optimized with the Yoast SEO plugin v22.3 - https:\/\/yoast.com\/wordpress\/plugins\/seo\/ -->\n<title>Blocks de mezcla PVC - Medibase<\/title>\n<meta name=\"robots\" content=\"index, follow, max-snippet:-1, max-image-preview:large, max-video-preview:-1\" \/>\n<link rel=\"canonical\" href=\"https:\/\/www.medibase-disposables.com\/es\/productos\/blocks-de-mezcla-pvc\/\" \/>\n<meta property=\"og:locale\" content=\"es_ES\" \/>\n<meta property=\"og:type\" content=\"article\" \/>\n<meta property=\"og:title\" content=\"Blocks de mezcla PVC - Medibase\" \/>\n<meta property=\"og:description\" content=\"Blocks de 100 hojas de PVC transparentes y una base anti-deslizante.  Caracter\u00edsticas:   Hojas muy s\u00f3lidas: No se rasgan.  Sin penetraci\u00f3n de l\u00edquido en la hoja de PVC.  Base anti-deslizante que permite mantener estable el bloque durante la espatulaci\u00f3n.  Clase: I  Fabricante: MGK\" \/>\n<meta property=\"og:url\" content=\"https:\/\/www.medibase-disposables.com\/es\/productos\/blocks-de-mezcla-pvc\/\" \/>\n<meta property=\"og:site_name\" content=\"Medibase\" \/>\n<meta property=\"article:modified_time\" content=\"2022-11-15T15:59:07+00:00\" \/>\n<meta property=\"og:image\" content=\"http:\/\/www.medibase-disposables.com\/wp-content\/uploads\/bloc-de-m\u00e9lange-PVC.jpg\" \/>\n\t<meta property=\"og:image:width\" content=\"950\" \/>\n\t<meta property=\"og:image:height\" content=\"950\" \/>\n\t<meta property=\"og:image:type\" content=\"image\/jpeg\" \/>\n<meta name=\"twitter:card\" content=\"summary_large_image\" \/>\n<meta name=\"twitter:label1\" content=\"Tiempo de lectura\" \/>\n\t<meta name=\"twitter:data1\" content=\"1 minuto\" \/>\n<script type=\"application\/ld+json\" class=\"yoast-schema-graph\">{\"@context\":\"https:\/\/schema.org\",\"@graph\":[{\"@type\":\"WebPage\",\"@id\":\"https:\/\/www.medibase-disposables.com\/es\/productos\/blocks-de-mezcla-pvc\/\",\"url\":\"https:\/\/www.medibase-disposables.com\/es\/productos\/blocks-de-mezcla-pvc\/\",\"name\":\"Blocks de mezcla PVC - Medibase\",\"isPartOf\":{\"@id\":\"https:\/\/www.medibase-disposables.com\/es\/#website\"},\"primaryImageOfPage\":{\"@id\":\"https:\/\/www.medibase-disposables.com\/es\/productos\/blocks-de-mezcla-pvc\/#primaryimage\"},\"image\":{\"@id\":\"https:\/\/www.medibase-disposables.com\/es\/productos\/blocks-de-mezcla-pvc\/#primaryimage\"},\"thumbnailUrl\":\"https:\/\/www.medibase-disposables.com\/wp-content\/uploads\/bloc-de-m\u00e9lange-PVC.jpg\",\"datePublished\":\"2020-11-23T21:07:12+00:00\",\"dateModified\":\"2022-11-15T15:59:07+00:00\",\"breadcrumb\":{\"@id\":\"https:\/\/www.medibase-disposables.com\/es\/productos\/blocks-de-mezcla-pvc\/#breadcrumb\"},\"inLanguage\":\"es\",\"potentialAction\":[{\"@type\":\"ReadAction\",\"target\":[\"https:\/\/www.medibase-disposables.com\/es\/productos\/blocks-de-mezcla-pvc\/\"]}]},{\"@type\":\"ImageObject\",\"inLanguage\":\"es\",\"@id\":\"https:\/\/www.medibase-disposables.com\/es\/productos\/blocks-de-mezcla-pvc\/#primaryimage\",\"url\":\"https:\/\/www.medibase-disposables.com\/wp-content\/uploads\/bloc-de-m\u00e9lange-PVC.jpg\",\"contentUrl\":\"https:\/\/www.medibase-disposables.com\/wp-content\/uploads\/bloc-de-m\u00e9lange-PVC.jpg\",\"width\":\"950\",\"height\":\"950\"},{\"@type\":\"BreadcrumbList\",\"@id\":\"https:\/\/www.medibase-disposables.com\/es\/productos\/blocks-de-mezcla-pvc\/#breadcrumb\",\"itemListElement\":[{\"@type\":\"ListItem\",\"position\":1,\"name\":\"Accueil\",\"item\":\"https:\/\/www.medibase-disposables.com\/es\/\"},{\"@type\":\"ListItem\",\"position\":2,\"name\":\"Productos\",\"item\":\"https:\/\/www.medibase-disposables.com\/es\/productos\/\"},{\"@type\":\"ListItem\",\"position\":3,\"name\":\"Blocks de mezcla PVC\"}]},{\"@type\":\"WebSite\",\"@id\":\"https:\/\/www.medibase-disposables.com\/es\/#website\",\"url\":\"https:\/\/www.medibase-disposables.com\/es\/\",\"name\":\"Medibase\",\"description\":\"Your everyday essentials\",\"publisher\":{\"@id\":\"https:\/\/www.medibase-disposables.com\/es\/#organization\"},\"potentialAction\":[{\"@type\":\"SearchAction\",\"target\":{\"@type\":\"EntryPoint\",\"urlTemplate\":\"https:\/\/www.medibase-disposables.com\/es\/?s={search_term_string}\"},\"query-input\":\"required name=search_term_string\"}],\"inLanguage\":\"es\"},{\"@type\":\"Organization\",\"@id\":\"https:\/\/www.medibase-disposables.com\/es\/#organization\",\"name\":\"MEDIBASE\",\"url\":\"https:\/\/www.medibase-disposables.com\/es\/\",\"logo\":{\"@type\":\"ImageObject\",\"inLanguage\":\"es\",\"@id\":\"https:\/\/www.medibase-disposables.com\/es\/#\/schema\/logo\/image\/\",\"url\":\"https:\/\/www.medibase-disposables.com\/wp-content\/uploads\/logo@2x.png\",\"contentUrl\":\"https:\/\/www.medibase-disposables.com\/wp-content\/uploads\/logo@2x.png\",\"width\":501,\"height\":501,\"caption\":\"MEDIBASE\"},\"image\":{\"@id\":\"https:\/\/www.medibase-disposables.com\/es\/#\/schema\/logo\/image\/\"}}]}<\/script>\n<!-- \/ Yoast SEO plugin. -->","yoast_head_json":{"title":"Blocks de mezcla PVC - Medibase","robots":{"index":"index","follow":"follow","max-snippet":"max-snippet:-1","max-image-preview":"max-image-preview:large","max-video-preview":"max-video-preview:-1"},"canonical":"https:\/\/www.medibase-disposables.com\/es\/productos\/blocks-de-mezcla-pvc\/","og_locale":"es_ES","og_type":"article","og_title":"Blocks de mezcla PVC - Medibase","og_description":"Blocks de 100 hojas de PVC transparentes y una base anti-deslizante.  Caracter\u00edsticas:   Hojas muy s\u00f3lidas: No se rasgan.  Sin penetraci\u00f3n de l\u00edquido en la hoja de PVC.  Base anti-deslizante que permite mantener estable el bloque durante la espatulaci\u00f3n.  Clase: I  Fabricante: MGK","og_url":"https:\/\/www.medibase-disposables.com\/es\/productos\/blocks-de-mezcla-pvc\/","og_site_name":"Medibase","article_modified_time":"2022-11-15T15:59:07+00:00","og_image":[{"width":"950","height":"950","url":"http:\/\/www.medibase-disposables.com\/wp-content\/uploads\/bloc-de-m\u00e9lange-PVC.jpg","type":"image\/jpeg"}],"twitter_card":"summary_large_image","twitter_misc":{"Tiempo de lectura":"1 minuto"},"schema":{"@context":"https:\/\/schema.org","@graph":[{"@type":"WebPage","@id":"https:\/\/www.medibase-disposables.com\/es\/productos\/blocks-de-mezcla-pvc\/","url":"https:\/\/www.medibase-disposables.com\/es\/productos\/blocks-de-mezcla-pvc\/","name":"Blocks de mezcla PVC - Medibase","isPartOf":{"@id":"https:\/\/www.medibase-disposables.com\/es\/#website"},"primaryImageOfPage":{"@id":"https:\/\/www.medibase-disposables.com\/es\/productos\/blocks-de-mezcla-pvc\/#primaryimage"},"image":{"@id":"https:\/\/www.medibase-disposables.com\/es\/productos\/blocks-de-mezcla-pvc\/#primaryimage"},"thumbnailUrl":"https:\/\/www.medibase-disposables.com\/wp-content\/uploads\/bloc-de-m\u00e9lange-PVC.jpg","datePublished":"2020-11-23T21:07:12+00:00","dateModified":"2022-11-15T15:59:07+00:00","breadcrumb":{"@id":"https:\/\/www.medibase-disposables.com\/es\/productos\/blocks-de-mezcla-pvc\/#breadcrumb"},"inLanguage":"es","potentialAction":[{"@type":"ReadAction","target":["https:\/\/www.medibase-disposables.com\/es\/productos\/blocks-de-mezcla-pvc\/"]}]},{"@type":"ImageObject","inLanguage":"es","@id":"https:\/\/www.medibase-disposables.com\/es\/productos\/blocks-de-mezcla-pvc\/#primaryimage","url":"https:\/\/www.medibase-disposables.com\/wp-content\/uploads\/bloc-de-m\u00e9lange-PVC.jpg","contentUrl":"https:\/\/www.medibase-disposables.com\/wp-content\/uploads\/bloc-de-m\u00e9lange-PVC.jpg","width":"950","height":"950"},{"@type":"BreadcrumbList","@id":"https:\/\/www.medibase-disposables.com\/es\/productos\/blocks-de-mezcla-pvc\/#breadcrumb","itemListElement":[{"@type":"ListItem","position":1,"name":"Accueil","item":"https:\/\/www.medibase-disposables.com\/es\/"},{"@type":"ListItem","position":2,"name":"Productos","item":"https:\/\/www.medibase-disposables.com\/es\/productos\/"},{"@type":"ListItem","position":3,"name":"Blocks de mezcla PVC"}]},{"@type":"WebSite","@id":"https:\/\/www.medibase-disposables.com\/es\/#website","url":"https:\/\/www.medibase-disposables.com\/es\/","name":"Medibase","description":"Your everyday essentials","publisher":{"@id":"https:\/\/www.medibase-disposables.com\/es\/#organization"},"potentialAction":[{"@type":"SearchAction","target":{"@type":"EntryPoint","urlTemplate":"https:\/\/www.medibase-disposables.com\/es\/?s={search_term_string}"},"query-input":"required name=search_term_string"}],"inLanguage":"es"},{"@type":"Organization","@id":"https:\/\/www.medibase-disposables.com\/es\/#organization","name":"MEDIBASE","url":"https:\/\/www.medibase-disposables.com\/es\/","logo":{"@type":"ImageObject","inLanguage":"es","@id":"https:\/\/www.medibase-disposables.com\/es\/#\/schema\/logo\/image\/","url":"https:\/\/www.medibase-disposables.com\/wp-content\/uploads\/logo@2x.png","contentUrl":"https:\/\/www.medibase-disposables.com\/wp-content\/uploads\/logo@2x.png","width":501,"height":501,"caption":"MEDIBASE"},"image":{"@id":"https:\/\/www.medibase-disposables.com\/es\/#\/schema\/logo\/image\/"}}]}},"_links":{"self":[{"href":"https:\/\/www.medibase-disposables.com\/es\/wp-json\/wp\/v2\/product\/5135"}],"collection":[{"href":"https:\/\/www.medibase-disposables.com\/es\/wp-json\/wp\/v2\/product"}],"about":[{"href":"https:\/\/www.medibase-disposables.com\/es\/wp-json\/wp\/v2\/types\/product"}],"wp:featuredmedia":[{"embeddable":true,"href":"https:\/\/www.medibase-disposables.com\/es\/wp-json\/wp\/v2\/media\/5137"}],"wp:attachment":[{"href":"https:\/\/www.medibase-disposables.com\/es\/wp-json\/wp\/v2\/media?parent=5135"}],"wp:term":[{"taxonomy":"product_cat","embeddable":true,"href":"https:\/\/www.medibase-disposables.com\/es\/wp-json\/wp\/v2\/product_cat?post=5135"},{"taxonomy":"product_tag","embeddable":true,"href":"https:\/\/www.medibase-disposables.com\/es\/wp-json\/wp\/v2\/product_tag?post=5135"}],"curies":[{"name":"wp","href":"https:\/\/api.w.org\/{rel}","templated":true}]}}