{"id":5149,"date":"2018-07-20T15:27:11","date_gmt":"2020-11-23T21:18:58","guid":{"rendered":"https:\/\/www.medibase-disposables.com\/?post_type=product&#038;p=5149"},"modified":"2024-01-03T11:02:53","modified_gmt":"2024-01-03T10:02:53","slug":"gasas-no-tejidas-no-esteriles","status":"publish","type":"product","link":"https:\/\/www.medibase-disposables.com\/es\/productos\/gasas-no-tejidas-no-esteriles\/","title":{"rendered":"Gasas no tejidas, no est\u00e9riles"},"content":{"rendered":"<p><strong>El lote de 1.000 gasas<\/strong><\/p>\n<table width=\"100%\">\n<thead>\n<tr>\n<td>Designaci\u00f3n<\/td>\n<td width=\"100\">Ref.<\/td>\n<\/tr>\n<\/thead>\n<tbody>\n<tr>\n<td>Juego de 1000 gasas<\/td>\n<td width=\"100\">3131819<\/td>\n<\/tr>\n<\/tbody>\n<\/table>\n<p>&nbsp;<\/p>\n","protected":false},"excerpt":{"rendered":"<p>Gasas de cuatro capas ultra absorbentes y no est\u00e9riles.<\/p>\n<p><strong>Caracter\u00edsticas:<\/strong><\/p>\n<ul>\n<li>4 pliegues.<\/li>\n<li>Dimensiones plegadas: 5 x 5 cm.<\/li>\n<li>Dimensiones desplegadas: 10 x 10 cm.<\/li>\n<li>Peso: 40 g\/m2.<\/li>\n<li>Gasas de 4 capas ultra absorbentes.<\/li>\n<li>Composici\u00f3n: 70 % viscosa, 30 % poli\u00e9ster.<\/li>\n<li>No se deshilan.<\/li>\n<li>Presentaci\u00f3n: 10 cajas de 100 gasas.<\/li>\n<li>Contenido: 10 cajas de 100 gasas.<\/li>\n<\/ul>\n<p>Clase: I.<br \/>\nFabricante : SYLAMED.<\/p>\n","protected":false},"featured_media":7676,"template":"","meta":{"_acf_changed":false},"product_cat":[287],"product_tag":[],"acf":[],"yoast_head":"<!-- This site is optimized with the Yoast SEO plugin v22.3 - https:\/\/yoast.com\/wordpress\/plugins\/seo\/ -->\n<title>Gasas no tejidas, no est\u00e9riles - Medibase<\/title>\n<meta name=\"robots\" content=\"index, follow, max-snippet:-1, max-image-preview:large, max-video-preview:-1\" \/>\n<link rel=\"canonical\" href=\"https:\/\/www.medibase-disposables.com\/es\/productos\/gasas-no-tejidas-no-esteriles\/\" \/>\n<meta property=\"og:locale\" content=\"es_ES\" \/>\n<meta property=\"og:type\" content=\"article\" \/>\n<meta property=\"og:title\" content=\"Gasas no tejidas, no est\u00e9riles - Medibase\" \/>\n<meta property=\"og:description\" content=\"Gasas de cuatro capas ultra absorbentes y no est\u00e9riles.  Caracter\u00edsticas:   4 pliegues.  Dimensiones plegadas: 5 x 5 cm.  Dimensiones desplegadas: 10 x 10 cm.  Peso: 40 g\/m2.  Gasas de 4 capas ultra absorbentes.  Composici\u00f3n: 70 % viscosa, 30 % poli\u00e9ster.  No se deshilan.  Presentaci\u00f3n: 10 cajas de 100 gasas.  Contenido: 10 cajas de 100 gasas.  Clase: I. Fabricante : SYLAMED.\" \/>\n<meta property=\"og:url\" content=\"https:\/\/www.medibase-disposables.com\/es\/productos\/gasas-no-tejidas-no-esteriles\/\" \/>\n<meta property=\"og:site_name\" content=\"Medibase\" \/>\n<meta property=\"article:modified_time\" content=\"2024-01-03T10:02:53+00:00\" \/>\n<meta property=\"og:image\" content=\"http:\/\/www.medibase-disposables.com\/wp-content\/uploads\/3131819_Visuels_100_Non-Woven_Swabs_RVB.jpg\" \/>\n\t<meta property=\"og:image:width\" content=\"2000\" \/>\n\t<meta property=\"og:image:height\" content=\"2000\" \/>\n\t<meta property=\"og:image:type\" content=\"image\/jpeg\" \/>\n<meta name=\"twitter:card\" content=\"summary_large_image\" \/>\n<meta name=\"twitter:label1\" content=\"Tiempo de lectura\" \/>\n\t<meta name=\"twitter:data1\" content=\"1 minuto\" \/>\n<script type=\"application\/ld+json\" class=\"yoast-schema-graph\">{\"@context\":\"https:\/\/schema.org\",\"@graph\":[{\"@type\":\"WebPage\",\"@id\":\"https:\/\/www.medibase-disposables.com\/es\/productos\/gasas-no-tejidas-no-esteriles\/\",\"url\":\"https:\/\/www.medibase-disposables.com\/es\/productos\/gasas-no-tejidas-no-esteriles\/\",\"name\":\"Gasas no tejidas, no est\u00e9riles - Medibase\",\"isPartOf\":{\"@id\":\"https:\/\/www.medibase-disposables.com\/es\/#website\"},\"primaryImageOfPage\":{\"@id\":\"https:\/\/www.medibase-disposables.com\/es\/productos\/gasas-no-tejidas-no-esteriles\/#primaryimage\"},\"image\":{\"@id\":\"https:\/\/www.medibase-disposables.com\/es\/productos\/gasas-no-tejidas-no-esteriles\/#primaryimage\"},\"thumbnailUrl\":\"https:\/\/www.medibase-disposables.com\/wp-content\/uploads\/3131819_Visuels_100_Non-Woven_Swabs_RVB.jpg\",\"datePublished\":\"2020-11-23T21:18:58+00:00\",\"dateModified\":\"2024-01-03T10:02:53+00:00\",\"breadcrumb\":{\"@id\":\"https:\/\/www.medibase-disposables.com\/es\/productos\/gasas-no-tejidas-no-esteriles\/#breadcrumb\"},\"inLanguage\":\"es\",\"potentialAction\":[{\"@type\":\"ReadAction\",\"target\":[\"https:\/\/www.medibase-disposables.com\/es\/productos\/gasas-no-tejidas-no-esteriles\/\"]}]},{\"@type\":\"ImageObject\",\"inLanguage\":\"es\",\"@id\":\"https:\/\/www.medibase-disposables.com\/es\/productos\/gasas-no-tejidas-no-esteriles\/#primaryimage\",\"url\":\"https:\/\/www.medibase-disposables.com\/wp-content\/uploads\/3131819_Visuels_100_Non-Woven_Swabs_RVB.jpg\",\"contentUrl\":\"https:\/\/www.medibase-disposables.com\/wp-content\/uploads\/3131819_Visuels_100_Non-Woven_Swabs_RVB.jpg\",\"width\":2000,\"height\":2000},{\"@type\":\"BreadcrumbList\",\"@id\":\"https:\/\/www.medibase-disposables.com\/es\/productos\/gasas-no-tejidas-no-esteriles\/#breadcrumb\",\"itemListElement\":[{\"@type\":\"ListItem\",\"position\":1,\"name\":\"Accueil\",\"item\":\"https:\/\/www.medibase-disposables.com\/es\/\"},{\"@type\":\"ListItem\",\"position\":2,\"name\":\"Productos\",\"item\":\"https:\/\/www.medibase-disposables.com\/es\/productos\/\"},{\"@type\":\"ListItem\",\"position\":3,\"name\":\"Gasas no tejidas, no est\u00e9riles\"}]},{\"@type\":\"WebSite\",\"@id\":\"https:\/\/www.medibase-disposables.com\/es\/#website\",\"url\":\"https:\/\/www.medibase-disposables.com\/es\/\",\"name\":\"Medibase\",\"description\":\"Your everyday essentials\",\"publisher\":{\"@id\":\"https:\/\/www.medibase-disposables.com\/es\/#organization\"},\"potentialAction\":[{\"@type\":\"SearchAction\",\"target\":{\"@type\":\"EntryPoint\",\"urlTemplate\":\"https:\/\/www.medibase-disposables.com\/es\/?s={search_term_string}\"},\"query-input\":\"required name=search_term_string\"}],\"inLanguage\":\"es\"},{\"@type\":\"Organization\",\"@id\":\"https:\/\/www.medibase-disposables.com\/es\/#organization\",\"name\":\"MEDIBASE\",\"url\":\"https:\/\/www.medibase-disposables.com\/es\/\",\"logo\":{\"@type\":\"ImageObject\",\"inLanguage\":\"es\",\"@id\":\"https:\/\/www.medibase-disposables.com\/es\/#\/schema\/logo\/image\/\",\"url\":\"https:\/\/www.medibase-disposables.com\/wp-content\/uploads\/logo@2x.png\",\"contentUrl\":\"https:\/\/www.medibase-disposables.com\/wp-content\/uploads\/logo@2x.png\",\"width\":501,\"height\":501,\"caption\":\"MEDIBASE\"},\"image\":{\"@id\":\"https:\/\/www.medibase-disposables.com\/es\/#\/schema\/logo\/image\/\"}}]}<\/script>\n<!-- \/ Yoast SEO plugin. -->","yoast_head_json":{"title":"Gasas no tejidas, no est\u00e9riles - Medibase","robots":{"index":"index","follow":"follow","max-snippet":"max-snippet:-1","max-image-preview":"max-image-preview:large","max-video-preview":"max-video-preview:-1"},"canonical":"https:\/\/www.medibase-disposables.com\/es\/productos\/gasas-no-tejidas-no-esteriles\/","og_locale":"es_ES","og_type":"article","og_title":"Gasas no tejidas, no est\u00e9riles - Medibase","og_description":"Gasas de cuatro capas ultra absorbentes y no est\u00e9riles.  Caracter\u00edsticas:   4 pliegues.  Dimensiones plegadas: 5 x 5 cm.  Dimensiones desplegadas: 10 x 10 cm.  Peso: 40 g\/m2.  Gasas de 4 capas ultra absorbentes.  Composici\u00f3n: 70 % viscosa, 30 % poli\u00e9ster.  No se deshilan.  Presentaci\u00f3n: 10 cajas de 100 gasas.  Contenido: 10 cajas de 100 gasas.  Clase: I. Fabricante : SYLAMED.","og_url":"https:\/\/www.medibase-disposables.com\/es\/productos\/gasas-no-tejidas-no-esteriles\/","og_site_name":"Medibase","article_modified_time":"2024-01-03T10:02:53+00:00","og_image":[{"width":2000,"height":2000,"url":"http:\/\/www.medibase-disposables.com\/wp-content\/uploads\/3131819_Visuels_100_Non-Woven_Swabs_RVB.jpg","type":"image\/jpeg"}],"twitter_card":"summary_large_image","twitter_misc":{"Tiempo de lectura":"1 minuto"},"schema":{"@context":"https:\/\/schema.org","@graph":[{"@type":"WebPage","@id":"https:\/\/www.medibase-disposables.com\/es\/productos\/gasas-no-tejidas-no-esteriles\/","url":"https:\/\/www.medibase-disposables.com\/es\/productos\/gasas-no-tejidas-no-esteriles\/","name":"Gasas no tejidas, no est\u00e9riles - Medibase","isPartOf":{"@id":"https:\/\/www.medibase-disposables.com\/es\/#website"},"primaryImageOfPage":{"@id":"https:\/\/www.medibase-disposables.com\/es\/productos\/gasas-no-tejidas-no-esteriles\/#primaryimage"},"image":{"@id":"https:\/\/www.medibase-disposables.com\/es\/productos\/gasas-no-tejidas-no-esteriles\/#primaryimage"},"thumbnailUrl":"https:\/\/www.medibase-disposables.com\/wp-content\/uploads\/3131819_Visuels_100_Non-Woven_Swabs_RVB.jpg","datePublished":"2020-11-23T21:18:58+00:00","dateModified":"2024-01-03T10:02:53+00:00","breadcrumb":{"@id":"https:\/\/www.medibase-disposables.com\/es\/productos\/gasas-no-tejidas-no-esteriles\/#breadcrumb"},"inLanguage":"es","potentialAction":[{"@type":"ReadAction","target":["https:\/\/www.medibase-disposables.com\/es\/productos\/gasas-no-tejidas-no-esteriles\/"]}]},{"@type":"ImageObject","inLanguage":"es","@id":"https:\/\/www.medibase-disposables.com\/es\/productos\/gasas-no-tejidas-no-esteriles\/#primaryimage","url":"https:\/\/www.medibase-disposables.com\/wp-content\/uploads\/3131819_Visuels_100_Non-Woven_Swabs_RVB.jpg","contentUrl":"https:\/\/www.medibase-disposables.com\/wp-content\/uploads\/3131819_Visuels_100_Non-Woven_Swabs_RVB.jpg","width":2000,"height":2000},{"@type":"BreadcrumbList","@id":"https:\/\/www.medibase-disposables.com\/es\/productos\/gasas-no-tejidas-no-esteriles\/#breadcrumb","itemListElement":[{"@type":"ListItem","position":1,"name":"Accueil","item":"https:\/\/www.medibase-disposables.com\/es\/"},{"@type":"ListItem","position":2,"name":"Productos","item":"https:\/\/www.medibase-disposables.com\/es\/productos\/"},{"@type":"ListItem","position":3,"name":"Gasas no tejidas, no est\u00e9riles"}]},{"@type":"WebSite","@id":"https:\/\/www.medibase-disposables.com\/es\/#website","url":"https:\/\/www.medibase-disposables.com\/es\/","name":"Medibase","description":"Your everyday essentials","publisher":{"@id":"https:\/\/www.medibase-disposables.com\/es\/#organization"},"potentialAction":[{"@type":"SearchAction","target":{"@type":"EntryPoint","urlTemplate":"https:\/\/www.medibase-disposables.com\/es\/?s={search_term_string}"},"query-input":"required name=search_term_string"}],"inLanguage":"es"},{"@type":"Organization","@id":"https:\/\/www.medibase-disposables.com\/es\/#organization","name":"MEDIBASE","url":"https:\/\/www.medibase-disposables.com\/es\/","logo":{"@type":"ImageObject","inLanguage":"es","@id":"https:\/\/www.medibase-disposables.com\/es\/#\/schema\/logo\/image\/","url":"https:\/\/www.medibase-disposables.com\/wp-content\/uploads\/logo@2x.png","contentUrl":"https:\/\/www.medibase-disposables.com\/wp-content\/uploads\/logo@2x.png","width":501,"height":501,"caption":"MEDIBASE"},"image":{"@id":"https:\/\/www.medibase-disposables.com\/es\/#\/schema\/logo\/image\/"}}]}},"_links":{"self":[{"href":"https:\/\/www.medibase-disposables.com\/es\/wp-json\/wp\/v2\/product\/5149"}],"collection":[{"href":"https:\/\/www.medibase-disposables.com\/es\/wp-json\/wp\/v2\/product"}],"about":[{"href":"https:\/\/www.medibase-disposables.com\/es\/wp-json\/wp\/v2\/types\/product"}],"wp:featuredmedia":[{"embeddable":true,"href":"https:\/\/www.medibase-disposables.com\/es\/wp-json\/wp\/v2\/media\/7676"}],"wp:attachment":[{"href":"https:\/\/www.medibase-disposables.com\/es\/wp-json\/wp\/v2\/media?parent=5149"}],"wp:term":[{"taxonomy":"product_cat","embeddable":true,"href":"https:\/\/www.medibase-disposables.com\/es\/wp-json\/wp\/v2\/product_cat?post=5149"},{"taxonomy":"product_tag","embeddable":true,"href":"https:\/\/www.medibase-disposables.com\/es\/wp-json\/wp\/v2\/product_tag?post=5149"}],"curies":[{"name":"wp","href":"https:\/\/api.w.org\/{rel}","templated":true}]}}