{"id":5184,"date":"2018-07-30T12:37:34","date_gmt":"2020-11-23T21:26:56","guid":{"rendered":"https:\/\/www.medibase-disposables.com\/?post_type=product&#038;p=5184"},"modified":"2022-11-15T17:17:11","modified_gmt":"2022-11-15T16:17:11","slug":"bolsas-termicas-de-frio","status":"publish","type":"product","link":"https:\/\/www.medibase-disposables.com\/es\/productos\/bolsas-termicas-de-frio\/","title":{"rendered":"Bolsas t\u00e9rmicas de fr\u00edo"},"content":{"rendered":"<p><strong>Bolsas (10) t\u00e9rmicas de \u00a0fr\u00edo<\/strong><\/p>\n<table style=\"height: 80px;\">\n<thead>\n<tr style=\"height: 27px;\">\n<td style=\"height: 27px;\">\n<div><span lang=\"EN-US\">Formato<\/span><\/div>\n<\/td>\n<td style=\"height: 27px;\">\n<div><span lang=\"EN-US\">Tama\u00f1o<\/span><\/div>\n<\/td>\n<td style=\"height: 27px;\">\n<div><span lang=\"EN-US\">Referencias<\/span><\/div>\n<\/td>\n<\/tr>\n<\/thead>\n<tbody>\n<tr style=\"height: 26px;\">\n<td style=\"height: 26px;\">\n<div><span lang=\"EN-US\">No Tejido<\/span><\/div>\n<\/td>\n<td style=\"height: 26px;\">13 x 17 cm<\/td>\n<td style=\"height: 26px;\">3107174<\/td>\n<\/tr>\n<tr style=\"height: 27px;\">\n<td style=\"height: 27px;\">Pl\u00e1stico<\/td>\n<td style=\"height: 27px;\">13 x 17 cm<\/td>\n<td style=\"height: 27px;\">3107175<\/td>\n<\/tr>\n<\/tbody>\n<\/table>\n<p>&nbsp;<\/p>\n","protected":false},"excerpt":{"rendered":"<p>Bolsas t\u00e9rmicas de fr\u00edo alivian el dolor de los pacientes y evitan la hinchaz\u00f3n.<\/p>\n<p><strong>Caracter\u00edsticas<\/strong> :<\/p>\n<p>&#8211; F\u00e1cil de usar: una simple presi\u00f3n en el centro del coj\u00edn permite alcanzar una temperatura de hasta -4\u00b0C durante un per\u00edodo de 30 minutos.<br \/>\n&#8211; F\u00e1cil de almacenar: puede ser almacenado a temperatura ambiente.<br \/>\n&#8211; Disponible en 2 modelos: no tejido y pl\u00e1stico.<\/p>\n<p>Clase: IIA.<br \/>\nMarca CE 0546. Organismo notificado CERTICHIM.<br \/>\nFabricante: DISPOTECH SRL.<\/p>\n","protected":false},"featured_media":5189,"template":"","meta":{"_acf_changed":false},"product_cat":[288],"product_tag":[],"acf":[],"yoast_head":"<!-- This site is optimized with the Yoast SEO plugin v22.3 - https:\/\/yoast.com\/wordpress\/plugins\/seo\/ -->\n<title>Bolsas t\u00e9rmicas de fr\u00edo - Medibase<\/title>\n<meta name=\"robots\" content=\"index, follow, max-snippet:-1, max-image-preview:large, max-video-preview:-1\" \/>\n<link rel=\"canonical\" href=\"https:\/\/www.medibase-disposables.com\/es\/productos\/bolsas-termicas-de-frio\/\" \/>\n<meta property=\"og:locale\" content=\"es_ES\" \/>\n<meta property=\"og:type\" content=\"article\" \/>\n<meta property=\"og:title\" content=\"Bolsas t\u00e9rmicas de fr\u00edo - Medibase\" \/>\n<meta property=\"og:description\" content=\"Bolsas t\u00e9rmicas de fr\u00edo alivian el dolor de los pacientes y evitan la hinchaz\u00f3n.  Caracter\u00edsticas :  - F\u00e1cil de usar: una simple presi\u00f3n en el centro del coj\u00edn permite alcanzar una temperatura de hasta -4\u00b0C durante un per\u00edodo de 30 minutos. - F\u00e1cil de almacenar: puede ser almacenado a temperatura ambiente. - Disponible en 2 modelos: no tejido y pl\u00e1stico.  Clase: IIA. Marca CE 0546. Organismo notificado CERTICHIM. Fabricante: DISPOTECH SRL.\" \/>\n<meta property=\"og:url\" content=\"https:\/\/www.medibase-disposables.com\/es\/productos\/bolsas-termicas-de-frio\/\" \/>\n<meta property=\"og:site_name\" content=\"Medibase\" \/>\n<meta property=\"article:modified_time\" content=\"2022-11-15T16:17:11+00:00\" \/>\n<meta property=\"og:image\" content=\"https:\/\/www.medibase-disposables.com\/wp-content\/uploads\/MED1017208_Visuel_Cold_Bags_rgb-1.jpg\" \/>\n\t<meta property=\"og:image:width\" content=\"604\" \/>\n\t<meta property=\"og:image:height\" content=\"604\" \/>\n\t<meta property=\"og:image:type\" content=\"image\/jpeg\" \/>\n<meta name=\"twitter:card\" content=\"summary_large_image\" \/>\n<meta name=\"twitter:label1\" content=\"Tiempo de lectura\" \/>\n\t<meta name=\"twitter:data1\" content=\"1 minuto\" \/>\n<script type=\"application\/ld+json\" class=\"yoast-schema-graph\">{\"@context\":\"https:\/\/schema.org\",\"@graph\":[{\"@type\":\"WebPage\",\"@id\":\"https:\/\/www.medibase-disposables.com\/es\/productos\/bolsas-termicas-de-frio\/\",\"url\":\"https:\/\/www.medibase-disposables.com\/es\/productos\/bolsas-termicas-de-frio\/\",\"name\":\"Bolsas t\u00e9rmicas de fr\u00edo - Medibase\",\"isPartOf\":{\"@id\":\"https:\/\/www.medibase-disposables.com\/es\/#website\"},\"primaryImageOfPage\":{\"@id\":\"https:\/\/www.medibase-disposables.com\/es\/productos\/bolsas-termicas-de-frio\/#primaryimage\"},\"image\":{\"@id\":\"https:\/\/www.medibase-disposables.com\/es\/productos\/bolsas-termicas-de-frio\/#primaryimage\"},\"thumbnailUrl\":\"https:\/\/www.medibase-disposables.com\/wp-content\/uploads\/MED1017208_Visuel_Cold_Bags_rgb-1.jpg\",\"datePublished\":\"2020-11-23T21:26:56+00:00\",\"dateModified\":\"2022-11-15T16:17:11+00:00\",\"breadcrumb\":{\"@id\":\"https:\/\/www.medibase-disposables.com\/es\/productos\/bolsas-termicas-de-frio\/#breadcrumb\"},\"inLanguage\":\"es\",\"potentialAction\":[{\"@type\":\"ReadAction\",\"target\":[\"https:\/\/www.medibase-disposables.com\/es\/productos\/bolsas-termicas-de-frio\/\"]}]},{\"@type\":\"ImageObject\",\"inLanguage\":\"es\",\"@id\":\"https:\/\/www.medibase-disposables.com\/es\/productos\/bolsas-termicas-de-frio\/#primaryimage\",\"url\":\"https:\/\/www.medibase-disposables.com\/wp-content\/uploads\/MED1017208_Visuel_Cold_Bags_rgb-1.jpg\",\"contentUrl\":\"https:\/\/www.medibase-disposables.com\/wp-content\/uploads\/MED1017208_Visuel_Cold_Bags_rgb-1.jpg\",\"width\":\"3000\",\"height\":\"3000\"},{\"@type\":\"BreadcrumbList\",\"@id\":\"https:\/\/www.medibase-disposables.com\/es\/productos\/bolsas-termicas-de-frio\/#breadcrumb\",\"itemListElement\":[{\"@type\":\"ListItem\",\"position\":1,\"name\":\"Accueil\",\"item\":\"https:\/\/www.medibase-disposables.com\/es\/\"},{\"@type\":\"ListItem\",\"position\":2,\"name\":\"Productos\",\"item\":\"https:\/\/www.medibase-disposables.com\/es\/productos\/\"},{\"@type\":\"ListItem\",\"position\":3,\"name\":\"Bolsas t\u00e9rmicas de fr\u00edo\"}]},{\"@type\":\"WebSite\",\"@id\":\"https:\/\/www.medibase-disposables.com\/es\/#website\",\"url\":\"https:\/\/www.medibase-disposables.com\/es\/\",\"name\":\"Medibase\",\"description\":\"Your everyday essentials\",\"publisher\":{\"@id\":\"https:\/\/www.medibase-disposables.com\/es\/#organization\"},\"potentialAction\":[{\"@type\":\"SearchAction\",\"target\":{\"@type\":\"EntryPoint\",\"urlTemplate\":\"https:\/\/www.medibase-disposables.com\/es\/?s={search_term_string}\"},\"query-input\":\"required name=search_term_string\"}],\"inLanguage\":\"es\"},{\"@type\":\"Organization\",\"@id\":\"https:\/\/www.medibase-disposables.com\/es\/#organization\",\"name\":\"MEDIBASE\",\"url\":\"https:\/\/www.medibase-disposables.com\/es\/\",\"logo\":{\"@type\":\"ImageObject\",\"inLanguage\":\"es\",\"@id\":\"https:\/\/www.medibase-disposables.com\/es\/#\/schema\/logo\/image\/\",\"url\":\"https:\/\/www.medibase-disposables.com\/wp-content\/uploads\/logo@2x.png\",\"contentUrl\":\"https:\/\/www.medibase-disposables.com\/wp-content\/uploads\/logo@2x.png\",\"width\":501,\"height\":501,\"caption\":\"MEDIBASE\"},\"image\":{\"@id\":\"https:\/\/www.medibase-disposables.com\/es\/#\/schema\/logo\/image\/\"}}]}<\/script>\n<!-- \/ Yoast SEO plugin. -->","yoast_head_json":{"title":"Bolsas t\u00e9rmicas de fr\u00edo - Medibase","robots":{"index":"index","follow":"follow","max-snippet":"max-snippet:-1","max-image-preview":"max-image-preview:large","max-video-preview":"max-video-preview:-1"},"canonical":"https:\/\/www.medibase-disposables.com\/es\/productos\/bolsas-termicas-de-frio\/","og_locale":"es_ES","og_type":"article","og_title":"Bolsas t\u00e9rmicas de fr\u00edo - Medibase","og_description":"Bolsas t\u00e9rmicas de fr\u00edo alivian el dolor de los pacientes y evitan la hinchaz\u00f3n.  Caracter\u00edsticas :  - F\u00e1cil de usar: una simple presi\u00f3n en el centro del coj\u00edn permite alcanzar una temperatura de hasta -4\u00b0C durante un per\u00edodo de 30 minutos. - F\u00e1cil de almacenar: puede ser almacenado a temperatura ambiente. - Disponible en 2 modelos: no tejido y pl\u00e1stico.  Clase: IIA. Marca CE 0546. Organismo notificado CERTICHIM. Fabricante: DISPOTECH SRL.","og_url":"https:\/\/www.medibase-disposables.com\/es\/productos\/bolsas-termicas-de-frio\/","og_site_name":"Medibase","article_modified_time":"2022-11-15T16:17:11+00:00","og_image":[{"url":"https:\/\/www.medibase-disposables.com\/wp-content\/uploads\/MED1017208_Visuel_Cold_Bags_rgb-1.jpg","width":604,"height":604,"type":"image\/jpeg"}],"twitter_card":"summary_large_image","twitter_misc":{"Tiempo de lectura":"1 minuto"},"schema":{"@context":"https:\/\/schema.org","@graph":[{"@type":"WebPage","@id":"https:\/\/www.medibase-disposables.com\/es\/productos\/bolsas-termicas-de-frio\/","url":"https:\/\/www.medibase-disposables.com\/es\/productos\/bolsas-termicas-de-frio\/","name":"Bolsas t\u00e9rmicas de fr\u00edo - Medibase","isPartOf":{"@id":"https:\/\/www.medibase-disposables.com\/es\/#website"},"primaryImageOfPage":{"@id":"https:\/\/www.medibase-disposables.com\/es\/productos\/bolsas-termicas-de-frio\/#primaryimage"},"image":{"@id":"https:\/\/www.medibase-disposables.com\/es\/productos\/bolsas-termicas-de-frio\/#primaryimage"},"thumbnailUrl":"https:\/\/www.medibase-disposables.com\/wp-content\/uploads\/MED1017208_Visuel_Cold_Bags_rgb-1.jpg","datePublished":"2020-11-23T21:26:56+00:00","dateModified":"2022-11-15T16:17:11+00:00","breadcrumb":{"@id":"https:\/\/www.medibase-disposables.com\/es\/productos\/bolsas-termicas-de-frio\/#breadcrumb"},"inLanguage":"es","potentialAction":[{"@type":"ReadAction","target":["https:\/\/www.medibase-disposables.com\/es\/productos\/bolsas-termicas-de-frio\/"]}]},{"@type":"ImageObject","inLanguage":"es","@id":"https:\/\/www.medibase-disposables.com\/es\/productos\/bolsas-termicas-de-frio\/#primaryimage","url":"https:\/\/www.medibase-disposables.com\/wp-content\/uploads\/MED1017208_Visuel_Cold_Bags_rgb-1.jpg","contentUrl":"https:\/\/www.medibase-disposables.com\/wp-content\/uploads\/MED1017208_Visuel_Cold_Bags_rgb-1.jpg","width":"3000","height":"3000"},{"@type":"BreadcrumbList","@id":"https:\/\/www.medibase-disposables.com\/es\/productos\/bolsas-termicas-de-frio\/#breadcrumb","itemListElement":[{"@type":"ListItem","position":1,"name":"Accueil","item":"https:\/\/www.medibase-disposables.com\/es\/"},{"@type":"ListItem","position":2,"name":"Productos","item":"https:\/\/www.medibase-disposables.com\/es\/productos\/"},{"@type":"ListItem","position":3,"name":"Bolsas t\u00e9rmicas de fr\u00edo"}]},{"@type":"WebSite","@id":"https:\/\/www.medibase-disposables.com\/es\/#website","url":"https:\/\/www.medibase-disposables.com\/es\/","name":"Medibase","description":"Your everyday essentials","publisher":{"@id":"https:\/\/www.medibase-disposables.com\/es\/#organization"},"potentialAction":[{"@type":"SearchAction","target":{"@type":"EntryPoint","urlTemplate":"https:\/\/www.medibase-disposables.com\/es\/?s={search_term_string}"},"query-input":"required name=search_term_string"}],"inLanguage":"es"},{"@type":"Organization","@id":"https:\/\/www.medibase-disposables.com\/es\/#organization","name":"MEDIBASE","url":"https:\/\/www.medibase-disposables.com\/es\/","logo":{"@type":"ImageObject","inLanguage":"es","@id":"https:\/\/www.medibase-disposables.com\/es\/#\/schema\/logo\/image\/","url":"https:\/\/www.medibase-disposables.com\/wp-content\/uploads\/logo@2x.png","contentUrl":"https:\/\/www.medibase-disposables.com\/wp-content\/uploads\/logo@2x.png","width":501,"height":501,"caption":"MEDIBASE"},"image":{"@id":"https:\/\/www.medibase-disposables.com\/es\/#\/schema\/logo\/image\/"}}]}},"_links":{"self":[{"href":"https:\/\/www.medibase-disposables.com\/es\/wp-json\/wp\/v2\/product\/5184"}],"collection":[{"href":"https:\/\/www.medibase-disposables.com\/es\/wp-json\/wp\/v2\/product"}],"about":[{"href":"https:\/\/www.medibase-disposables.com\/es\/wp-json\/wp\/v2\/types\/product"}],"wp:featuredmedia":[{"embeddable":true,"href":"https:\/\/www.medibase-disposables.com\/es\/wp-json\/wp\/v2\/media\/5189"}],"wp:attachment":[{"href":"https:\/\/www.medibase-disposables.com\/es\/wp-json\/wp\/v2\/media?parent=5184"}],"wp:term":[{"taxonomy":"product_cat","embeddable":true,"href":"https:\/\/www.medibase-disposables.com\/es\/wp-json\/wp\/v2\/product_cat?post=5184"},{"taxonomy":"product_tag","embeddable":true,"href":"https:\/\/www.medibase-disposables.com\/es\/wp-json\/wp\/v2\/product_tag?post=5184"}],"curies":[{"name":"wp","href":"https:\/\/api.w.org\/{rel}","templated":true}]}}