{"id":5216,"date":"2018-07-30T15:25:53","date_gmt":"2020-11-23T21:35:11","guid":{"rendered":"https:\/\/www.medibase-disposables.com\/?post_type=product&#038;p=5216"},"modified":"2023-02-17T15:37:00","modified_gmt":"2023-02-17T14:37:00","slug":"retractores","status":"publish","type":"product","link":"https:\/\/www.medibase-disposables.com\/es\/productos\/retractores\/","title":{"rendered":"Retractores"},"content":{"rendered":"<p><strong>Caja de 2 retractores<\/strong><\/p>\n<table width=\"100%\">\n<thead>\n<tr>\n<td>Designaci\u00f3n<\/td>\n<td width=\"100\">Ref.<\/td>\n<\/tr>\n<\/thead>\n<tbody>\n<tr>\n<td>Caja de 2 retractores adultos<\/td>\n<td width=\"100\">3135082<\/td>\n<\/tr>\n<tr>\n<td>Caja de 2 retractores ni\u00f1os<\/td>\n<td width=\"100\">3135084<\/td>\n<\/tr>\n<\/tbody>\n<\/table>\n<p>&nbsp;<\/p>\n","protected":false},"excerpt":{"rendered":"<p>Retractor de mejillas con mango largo para facilitar el trabajo.<\/p>\n<p><strong>Caracter\u00edsticas :<\/strong><\/p>\n<ul>\n<li>No reflectante.<\/li>\n<li>Esterilizable en autoclaves a 121\u00b0C durante 15 minutos.<\/li>\n<li>Tiene un mango largo, ofreciendo un campo m\u00e1s amplio para la fotograf\u00eda lateral intraoral.<\/li>\n<li>Permite tomar fotos sin la ayuda del asistente porque el paciente puede sostener el mango por s\u00ed mismo.<\/li>\n<li>Pl\u00e1stico transparente.<\/li>\n<\/ul>\n<p><strong>Contiene:\u00a0<\/strong>2 unidades.<\/p>\n<p>Clase: I.<br \/>\nFabricante: LARIDENT S.R.L.<\/p>\n","protected":false},"featured_media":5217,"template":"","meta":{"_acf_changed":false},"product_cat":[282],"product_tag":[],"acf":[],"yoast_head":"<!-- This site is optimized with the Yoast SEO plugin v22.3 - https:\/\/yoast.com\/wordpress\/plugins\/seo\/ -->\n<title>Retractores - Medibase<\/title>\n<meta name=\"robots\" content=\"index, follow, max-snippet:-1, max-image-preview:large, max-video-preview:-1\" \/>\n<link rel=\"canonical\" href=\"https:\/\/www.medibase-disposables.com\/es\/productos\/retractores\/\" \/>\n<meta property=\"og:locale\" content=\"es_ES\" \/>\n<meta property=\"og:type\" content=\"article\" \/>\n<meta property=\"og:title\" content=\"Retractores - Medibase\" \/>\n<meta property=\"og:description\" content=\"Retractor de mejillas con mango largo para facilitar el trabajo.  Caracter\u00edsticas :   No reflectante.  Esterilizable en autoclaves a 121\u00b0C durante 15 minutos.  Tiene un mango largo, ofreciendo un campo m\u00e1s amplio para la fotograf\u00eda lateral intraoral.  Permite tomar fotos sin la ayuda del asistente porque el paciente puede sostener el mango por s\u00ed mismo.  Pl\u00e1stico transparente.  Contiene:\u00a02 unidades.  Clase: I. Fabricante: LARIDENT S.R.L.\" \/>\n<meta property=\"og:url\" content=\"https:\/\/www.medibase-disposables.com\/es\/productos\/retractores\/\" \/>\n<meta property=\"og:site_name\" content=\"Medibase\" \/>\n<meta property=\"article:modified_time\" content=\"2023-02-17T14:37:00+00:00\" \/>\n<meta property=\"og:image\" content=\"http:\/\/www.medibase-disposables.com\/wp-content\/uploads\/Ecarteurs_photo_rgb.jpg\" \/>\n\t<meta property=\"og:image:width\" content=\"1772\" \/>\n\t<meta property=\"og:image:height\" content=\"1772\" \/>\n\t<meta property=\"og:image:type\" content=\"image\/jpeg\" \/>\n<meta name=\"twitter:card\" content=\"summary_large_image\" \/>\n<meta name=\"twitter:label1\" content=\"Tiempo de lectura\" \/>\n\t<meta name=\"twitter:data1\" content=\"1 minuto\" \/>\n<script type=\"application\/ld+json\" class=\"yoast-schema-graph\">{\"@context\":\"https:\/\/schema.org\",\"@graph\":[{\"@type\":\"WebPage\",\"@id\":\"https:\/\/www.medibase-disposables.com\/es\/productos\/retractores\/\",\"url\":\"https:\/\/www.medibase-disposables.com\/es\/productos\/retractores\/\",\"name\":\"Retractores - Medibase\",\"isPartOf\":{\"@id\":\"https:\/\/www.medibase-disposables.com\/es\/#website\"},\"primaryImageOfPage\":{\"@id\":\"https:\/\/www.medibase-disposables.com\/es\/productos\/retractores\/#primaryimage\"},\"image\":{\"@id\":\"https:\/\/www.medibase-disposables.com\/es\/productos\/retractores\/#primaryimage\"},\"thumbnailUrl\":\"https:\/\/www.medibase-disposables.com\/wp-content\/uploads\/Ecarteurs_photo_rgb.jpg\",\"datePublished\":\"2020-11-23T21:35:11+00:00\",\"dateModified\":\"2023-02-17T14:37:00+00:00\",\"breadcrumb\":{\"@id\":\"https:\/\/www.medibase-disposables.com\/es\/productos\/retractores\/#breadcrumb\"},\"inLanguage\":\"es\",\"potentialAction\":[{\"@type\":\"ReadAction\",\"target\":[\"https:\/\/www.medibase-disposables.com\/es\/productos\/retractores\/\"]}]},{\"@type\":\"ImageObject\",\"inLanguage\":\"es\",\"@id\":\"https:\/\/www.medibase-disposables.com\/es\/productos\/retractores\/#primaryimage\",\"url\":\"https:\/\/www.medibase-disposables.com\/wp-content\/uploads\/Ecarteurs_photo_rgb.jpg\",\"contentUrl\":\"https:\/\/www.medibase-disposables.com\/wp-content\/uploads\/Ecarteurs_photo_rgb.jpg\",\"width\":\"1772\",\"height\":\"1772\"},{\"@type\":\"BreadcrumbList\",\"@id\":\"https:\/\/www.medibase-disposables.com\/es\/productos\/retractores\/#breadcrumb\",\"itemListElement\":[{\"@type\":\"ListItem\",\"position\":1,\"name\":\"Accueil\",\"item\":\"https:\/\/www.medibase-disposables.com\/es\/\"},{\"@type\":\"ListItem\",\"position\":2,\"name\":\"Productos\",\"item\":\"https:\/\/www.medibase-disposables.com\/es\/productos\/\"},{\"@type\":\"ListItem\",\"position\":3,\"name\":\"Retractores\"}]},{\"@type\":\"WebSite\",\"@id\":\"https:\/\/www.medibase-disposables.com\/es\/#website\",\"url\":\"https:\/\/www.medibase-disposables.com\/es\/\",\"name\":\"Medibase\",\"description\":\"Your everyday essentials\",\"publisher\":{\"@id\":\"https:\/\/www.medibase-disposables.com\/es\/#organization\"},\"potentialAction\":[{\"@type\":\"SearchAction\",\"target\":{\"@type\":\"EntryPoint\",\"urlTemplate\":\"https:\/\/www.medibase-disposables.com\/es\/?s={search_term_string}\"},\"query-input\":\"required name=search_term_string\"}],\"inLanguage\":\"es\"},{\"@type\":\"Organization\",\"@id\":\"https:\/\/www.medibase-disposables.com\/es\/#organization\",\"name\":\"MEDIBASE\",\"url\":\"https:\/\/www.medibase-disposables.com\/es\/\",\"logo\":{\"@type\":\"ImageObject\",\"inLanguage\":\"es\",\"@id\":\"https:\/\/www.medibase-disposables.com\/es\/#\/schema\/logo\/image\/\",\"url\":\"https:\/\/www.medibase-disposables.com\/wp-content\/uploads\/logo@2x.png\",\"contentUrl\":\"https:\/\/www.medibase-disposables.com\/wp-content\/uploads\/logo@2x.png\",\"width\":501,\"height\":501,\"caption\":\"MEDIBASE\"},\"image\":{\"@id\":\"https:\/\/www.medibase-disposables.com\/es\/#\/schema\/logo\/image\/\"}}]}<\/script>\n<!-- \/ Yoast SEO plugin. -->","yoast_head_json":{"title":"Retractores - Medibase","robots":{"index":"index","follow":"follow","max-snippet":"max-snippet:-1","max-image-preview":"max-image-preview:large","max-video-preview":"max-video-preview:-1"},"canonical":"https:\/\/www.medibase-disposables.com\/es\/productos\/retractores\/","og_locale":"es_ES","og_type":"article","og_title":"Retractores - Medibase","og_description":"Retractor de mejillas con mango largo para facilitar el trabajo.  Caracter\u00edsticas :   No reflectante.  Esterilizable en autoclaves a 121\u00b0C durante 15 minutos.  Tiene un mango largo, ofreciendo un campo m\u00e1s amplio para la fotograf\u00eda lateral intraoral.  Permite tomar fotos sin la ayuda del asistente porque el paciente puede sostener el mango por s\u00ed mismo.  Pl\u00e1stico transparente.  Contiene:\u00a02 unidades.  Clase: I. Fabricante: LARIDENT S.R.L.","og_url":"https:\/\/www.medibase-disposables.com\/es\/productos\/retractores\/","og_site_name":"Medibase","article_modified_time":"2023-02-17T14:37:00+00:00","og_image":[{"width":"1772","height":"1772","url":"http:\/\/www.medibase-disposables.com\/wp-content\/uploads\/Ecarteurs_photo_rgb.jpg","type":"image\/jpeg"}],"twitter_card":"summary_large_image","twitter_misc":{"Tiempo de lectura":"1 minuto"},"schema":{"@context":"https:\/\/schema.org","@graph":[{"@type":"WebPage","@id":"https:\/\/www.medibase-disposables.com\/es\/productos\/retractores\/","url":"https:\/\/www.medibase-disposables.com\/es\/productos\/retractores\/","name":"Retractores - Medibase","isPartOf":{"@id":"https:\/\/www.medibase-disposables.com\/es\/#website"},"primaryImageOfPage":{"@id":"https:\/\/www.medibase-disposables.com\/es\/productos\/retractores\/#primaryimage"},"image":{"@id":"https:\/\/www.medibase-disposables.com\/es\/productos\/retractores\/#primaryimage"},"thumbnailUrl":"https:\/\/www.medibase-disposables.com\/wp-content\/uploads\/Ecarteurs_photo_rgb.jpg","datePublished":"2020-11-23T21:35:11+00:00","dateModified":"2023-02-17T14:37:00+00:00","breadcrumb":{"@id":"https:\/\/www.medibase-disposables.com\/es\/productos\/retractores\/#breadcrumb"},"inLanguage":"es","potentialAction":[{"@type":"ReadAction","target":["https:\/\/www.medibase-disposables.com\/es\/productos\/retractores\/"]}]},{"@type":"ImageObject","inLanguage":"es","@id":"https:\/\/www.medibase-disposables.com\/es\/productos\/retractores\/#primaryimage","url":"https:\/\/www.medibase-disposables.com\/wp-content\/uploads\/Ecarteurs_photo_rgb.jpg","contentUrl":"https:\/\/www.medibase-disposables.com\/wp-content\/uploads\/Ecarteurs_photo_rgb.jpg","width":"1772","height":"1772"},{"@type":"BreadcrumbList","@id":"https:\/\/www.medibase-disposables.com\/es\/productos\/retractores\/#breadcrumb","itemListElement":[{"@type":"ListItem","position":1,"name":"Accueil","item":"https:\/\/www.medibase-disposables.com\/es\/"},{"@type":"ListItem","position":2,"name":"Productos","item":"https:\/\/www.medibase-disposables.com\/es\/productos\/"},{"@type":"ListItem","position":3,"name":"Retractores"}]},{"@type":"WebSite","@id":"https:\/\/www.medibase-disposables.com\/es\/#website","url":"https:\/\/www.medibase-disposables.com\/es\/","name":"Medibase","description":"Your everyday essentials","publisher":{"@id":"https:\/\/www.medibase-disposables.com\/es\/#organization"},"potentialAction":[{"@type":"SearchAction","target":{"@type":"EntryPoint","urlTemplate":"https:\/\/www.medibase-disposables.com\/es\/?s={search_term_string}"},"query-input":"required name=search_term_string"}],"inLanguage":"es"},{"@type":"Organization","@id":"https:\/\/www.medibase-disposables.com\/es\/#organization","name":"MEDIBASE","url":"https:\/\/www.medibase-disposables.com\/es\/","logo":{"@type":"ImageObject","inLanguage":"es","@id":"https:\/\/www.medibase-disposables.com\/es\/#\/schema\/logo\/image\/","url":"https:\/\/www.medibase-disposables.com\/wp-content\/uploads\/logo@2x.png","contentUrl":"https:\/\/www.medibase-disposables.com\/wp-content\/uploads\/logo@2x.png","width":501,"height":501,"caption":"MEDIBASE"},"image":{"@id":"https:\/\/www.medibase-disposables.com\/es\/#\/schema\/logo\/image\/"}}]}},"_links":{"self":[{"href":"https:\/\/www.medibase-disposables.com\/es\/wp-json\/wp\/v2\/product\/5216"}],"collection":[{"href":"https:\/\/www.medibase-disposables.com\/es\/wp-json\/wp\/v2\/product"}],"about":[{"href":"https:\/\/www.medibase-disposables.com\/es\/wp-json\/wp\/v2\/types\/product"}],"wp:featuredmedia":[{"embeddable":true,"href":"https:\/\/www.medibase-disposables.com\/es\/wp-json\/wp\/v2\/media\/5217"}],"wp:attachment":[{"href":"https:\/\/www.medibase-disposables.com\/es\/wp-json\/wp\/v2\/media?parent=5216"}],"wp:term":[{"taxonomy":"product_cat","embeddable":true,"href":"https:\/\/www.medibase-disposables.com\/es\/wp-json\/wp\/v2\/product_cat?post=5216"},{"taxonomy":"product_tag","embeddable":true,"href":"https:\/\/www.medibase-disposables.com\/es\/wp-json\/wp\/v2\/product_tag?post=5216"}],"curies":[{"name":"wp","href":"https:\/\/api.w.org\/{rel}","templated":true}]}}