{"id":5224,"date":"2018-07-30T16:53:03","date_gmt":"2020-11-23T21:39:15","guid":{"rendered":"https:\/\/www.medibase-disposables.com\/?post_type=product&#038;p=5224"},"modified":"2022-11-17T10:46:50","modified_gmt":"2022-11-17T09:46:50","slug":"fundas-de-proteccion","status":"publish","type":"product","link":"https:\/\/www.medibase-disposables.com\/es\/productos\/fundas-de-proteccion\/","title":{"rendered":"Fundas de Protecci\u00f3n"},"content":{"rendered":"<p><strong>Caja de 100 protecciones<\/strong><\/p>\n<table width=\"100%\">\n<thead>\n<tr>\n<td>Descripci\u00f3n<\/td>\n<td width=\"100\">Ref.<\/td>\n<\/tr>\n<\/thead>\n<tbody>\n<tr>\n<td>Caja de 100 protecciones n \u00b0 0<\/td>\n<td width=\"100\">3135784<\/td>\n<\/tr>\n<tr>\n<td>Caja de 100 protecciones n \u00b0 1<\/td>\n<td width=\"100\">3135785<\/td>\n<\/tr>\n<\/tbody>\n<\/table>\n<p><strong>Caja de 100 protecciones<\/strong><\/p>\n<table width=\"506\">\n<thead>\n<tr>\n<td>Descripci\u00f3n<\/td>\n<td width=\"100\">Ref.<\/td>\n<\/tr>\n<\/thead>\n<tbody>\n<tr>\n<td>Caja de 100 protecciones n \u00b0 2<\/td>\n<td width=\"100\">3135783<\/td>\n<\/tr>\n<\/tbody>\n<\/table>\n<p>&nbsp;<\/p>\n","protected":false},"excerpt":{"rendered":"<p>Fundas pl\u00e1sticas de protecci\u00f3n desechables para placas de f\u00f3sforo. Son compatibles con los captadores VISTASCAN\u00ae y DIGORA OPTIME\u00ae.<\/p>\n<p><strong>Caracter\u00edsticas:<\/strong><\/p>\n<p>&#8211; Protege los sensores digitales de la degradaci\u00f3n y el deterioro y la saliva del paciente a trav\u00e9s del sello.<br \/>\n&#8211; Se ajusta a los sensores VISTASCAN\u00ae y DIGORA OPTIME\u00ae.<br \/>\n&#8211; F\u00e1cil de arrancar y quitar el sensor.<br \/>\n&#8211; Disponible en 3 tama\u00f1os: No. 0 (2 x 3 cm), No. 1 (4 x 3 cm), No. 2 (3 x 4 cm).<\/p>\n","protected":false},"featured_media":5227,"template":"","meta":{"_acf_changed":false},"product_cat":[282],"product_tag":[],"acf":[],"yoast_head":"<!-- This site is optimized with the Yoast SEO plugin v22.3 - https:\/\/yoast.com\/wordpress\/plugins\/seo\/ -->\n<title>Fundas de Protecci\u00f3n - Medibase<\/title>\n<meta name=\"robots\" content=\"index, follow, max-snippet:-1, max-image-preview:large, max-video-preview:-1\" \/>\n<link rel=\"canonical\" href=\"https:\/\/www.medibase-disposables.com\/es\/productos\/fundas-de-proteccion\/\" \/>\n<meta property=\"og:locale\" content=\"es_ES\" \/>\n<meta property=\"og:type\" content=\"article\" \/>\n<meta property=\"og:title\" content=\"Fundas de Protecci\u00f3n - Medibase\" \/>\n<meta property=\"og:description\" content=\"Fundas pl\u00e1sticas de protecci\u00f3n desechables para placas de f\u00f3sforo. Son compatibles con los captadores VISTASCAN\u00ae y DIGORA OPTIME\u00ae.  Caracter\u00edsticas:  - Protege los sensores digitales de la degradaci\u00f3n y el deterioro y la saliva del paciente a trav\u00e9s del sello. - Se ajusta a los sensores VISTASCAN\u00ae y DIGORA OPTIME\u00ae. - F\u00e1cil de arrancar y quitar el sensor. - Disponible en 3 tama\u00f1os: No. 0 (2 x 3 cm), No. 1 (4 x 3 cm), No. 2 (3 x 4 cm).\" \/>\n<meta property=\"og:url\" content=\"https:\/\/www.medibase-disposables.com\/es\/productos\/fundas-de-proteccion\/\" \/>\n<meta property=\"og:site_name\" content=\"Medibase\" \/>\n<meta property=\"article:modified_time\" content=\"2022-11-17T09:46:50+00:00\" \/>\n<meta property=\"og:image\" content=\"http:\/\/www.medibase-disposables.com\/wp-content\/uploads\/Visuel_100_Barrier_Enveloppe_rgb.jpg\" \/>\n\t<meta property=\"og:image:width\" content=\"2000\" \/>\n\t<meta property=\"og:image:height\" content=\"2000\" \/>\n\t<meta property=\"og:image:type\" content=\"image\/jpeg\" \/>\n<meta name=\"twitter:card\" content=\"summary_large_image\" \/>\n<meta name=\"twitter:label1\" content=\"Tiempo de lectura\" \/>\n\t<meta name=\"twitter:data1\" content=\"1 minuto\" \/>\n<script type=\"application\/ld+json\" class=\"yoast-schema-graph\">{\"@context\":\"https:\/\/schema.org\",\"@graph\":[{\"@type\":\"WebPage\",\"@id\":\"https:\/\/www.medibase-disposables.com\/es\/productos\/fundas-de-proteccion\/\",\"url\":\"https:\/\/www.medibase-disposables.com\/es\/productos\/fundas-de-proteccion\/\",\"name\":\"Fundas de Protecci\u00f3n - Medibase\",\"isPartOf\":{\"@id\":\"https:\/\/www.medibase-disposables.com\/es\/#website\"},\"primaryImageOfPage\":{\"@id\":\"https:\/\/www.medibase-disposables.com\/es\/productos\/fundas-de-proteccion\/#primaryimage\"},\"image\":{\"@id\":\"https:\/\/www.medibase-disposables.com\/es\/productos\/fundas-de-proteccion\/#primaryimage\"},\"thumbnailUrl\":\"https:\/\/www.medibase-disposables.com\/wp-content\/uploads\/Visuel_100_Barrier_Enveloppe_rgb.jpg\",\"datePublished\":\"2020-11-23T21:39:15+00:00\",\"dateModified\":\"2022-11-17T09:46:50+00:00\",\"breadcrumb\":{\"@id\":\"https:\/\/www.medibase-disposables.com\/es\/productos\/fundas-de-proteccion\/#breadcrumb\"},\"inLanguage\":\"es\",\"potentialAction\":[{\"@type\":\"ReadAction\",\"target\":[\"https:\/\/www.medibase-disposables.com\/es\/productos\/fundas-de-proteccion\/\"]}]},{\"@type\":\"ImageObject\",\"inLanguage\":\"es\",\"@id\":\"https:\/\/www.medibase-disposables.com\/es\/productos\/fundas-de-proteccion\/#primaryimage\",\"url\":\"https:\/\/www.medibase-disposables.com\/wp-content\/uploads\/Visuel_100_Barrier_Enveloppe_rgb.jpg\",\"contentUrl\":\"https:\/\/www.medibase-disposables.com\/wp-content\/uploads\/Visuel_100_Barrier_Enveloppe_rgb.jpg\",\"width\":\"2000\",\"height\":\"2000\"},{\"@type\":\"BreadcrumbList\",\"@id\":\"https:\/\/www.medibase-disposables.com\/es\/productos\/fundas-de-proteccion\/#breadcrumb\",\"itemListElement\":[{\"@type\":\"ListItem\",\"position\":1,\"name\":\"Accueil\",\"item\":\"https:\/\/www.medibase-disposables.com\/es\/\"},{\"@type\":\"ListItem\",\"position\":2,\"name\":\"Productos\",\"item\":\"https:\/\/www.medibase-disposables.com\/es\/productos\/\"},{\"@type\":\"ListItem\",\"position\":3,\"name\":\"Fundas de Protecci\u00f3n\"}]},{\"@type\":\"WebSite\",\"@id\":\"https:\/\/www.medibase-disposables.com\/es\/#website\",\"url\":\"https:\/\/www.medibase-disposables.com\/es\/\",\"name\":\"Medibase\",\"description\":\"Your everyday essentials\",\"publisher\":{\"@id\":\"https:\/\/www.medibase-disposables.com\/es\/#organization\"},\"potentialAction\":[{\"@type\":\"SearchAction\",\"target\":{\"@type\":\"EntryPoint\",\"urlTemplate\":\"https:\/\/www.medibase-disposables.com\/es\/?s={search_term_string}\"},\"query-input\":\"required name=search_term_string\"}],\"inLanguage\":\"es\"},{\"@type\":\"Organization\",\"@id\":\"https:\/\/www.medibase-disposables.com\/es\/#organization\",\"name\":\"MEDIBASE\",\"url\":\"https:\/\/www.medibase-disposables.com\/es\/\",\"logo\":{\"@type\":\"ImageObject\",\"inLanguage\":\"es\",\"@id\":\"https:\/\/www.medibase-disposables.com\/es\/#\/schema\/logo\/image\/\",\"url\":\"https:\/\/www.medibase-disposables.com\/wp-content\/uploads\/logo@2x.png\",\"contentUrl\":\"https:\/\/www.medibase-disposables.com\/wp-content\/uploads\/logo@2x.png\",\"width\":501,\"height\":501,\"caption\":\"MEDIBASE\"},\"image\":{\"@id\":\"https:\/\/www.medibase-disposables.com\/es\/#\/schema\/logo\/image\/\"}}]}<\/script>\n<!-- \/ Yoast SEO plugin. -->","yoast_head_json":{"title":"Fundas de Protecci\u00f3n - Medibase","robots":{"index":"index","follow":"follow","max-snippet":"max-snippet:-1","max-image-preview":"max-image-preview:large","max-video-preview":"max-video-preview:-1"},"canonical":"https:\/\/www.medibase-disposables.com\/es\/productos\/fundas-de-proteccion\/","og_locale":"es_ES","og_type":"article","og_title":"Fundas de Protecci\u00f3n - Medibase","og_description":"Fundas pl\u00e1sticas de protecci\u00f3n desechables para placas de f\u00f3sforo. Son compatibles con los captadores VISTASCAN\u00ae y DIGORA OPTIME\u00ae.  Caracter\u00edsticas:  - Protege los sensores digitales de la degradaci\u00f3n y el deterioro y la saliva del paciente a trav\u00e9s del sello. - Se ajusta a los sensores VISTASCAN\u00ae y DIGORA OPTIME\u00ae. - F\u00e1cil de arrancar y quitar el sensor. - Disponible en 3 tama\u00f1os: No. 0 (2 x 3 cm), No. 1 (4 x 3 cm), No. 2 (3 x 4 cm).","og_url":"https:\/\/www.medibase-disposables.com\/es\/productos\/fundas-de-proteccion\/","og_site_name":"Medibase","article_modified_time":"2022-11-17T09:46:50+00:00","og_image":[{"width":"2000","height":"2000","url":"http:\/\/www.medibase-disposables.com\/wp-content\/uploads\/Visuel_100_Barrier_Enveloppe_rgb.jpg","type":"image\/jpeg"}],"twitter_card":"summary_large_image","twitter_misc":{"Tiempo de lectura":"1 minuto"},"schema":{"@context":"https:\/\/schema.org","@graph":[{"@type":"WebPage","@id":"https:\/\/www.medibase-disposables.com\/es\/productos\/fundas-de-proteccion\/","url":"https:\/\/www.medibase-disposables.com\/es\/productos\/fundas-de-proteccion\/","name":"Fundas de Protecci\u00f3n - Medibase","isPartOf":{"@id":"https:\/\/www.medibase-disposables.com\/es\/#website"},"primaryImageOfPage":{"@id":"https:\/\/www.medibase-disposables.com\/es\/productos\/fundas-de-proteccion\/#primaryimage"},"image":{"@id":"https:\/\/www.medibase-disposables.com\/es\/productos\/fundas-de-proteccion\/#primaryimage"},"thumbnailUrl":"https:\/\/www.medibase-disposables.com\/wp-content\/uploads\/Visuel_100_Barrier_Enveloppe_rgb.jpg","datePublished":"2020-11-23T21:39:15+00:00","dateModified":"2022-11-17T09:46:50+00:00","breadcrumb":{"@id":"https:\/\/www.medibase-disposables.com\/es\/productos\/fundas-de-proteccion\/#breadcrumb"},"inLanguage":"es","potentialAction":[{"@type":"ReadAction","target":["https:\/\/www.medibase-disposables.com\/es\/productos\/fundas-de-proteccion\/"]}]},{"@type":"ImageObject","inLanguage":"es","@id":"https:\/\/www.medibase-disposables.com\/es\/productos\/fundas-de-proteccion\/#primaryimage","url":"https:\/\/www.medibase-disposables.com\/wp-content\/uploads\/Visuel_100_Barrier_Enveloppe_rgb.jpg","contentUrl":"https:\/\/www.medibase-disposables.com\/wp-content\/uploads\/Visuel_100_Barrier_Enveloppe_rgb.jpg","width":"2000","height":"2000"},{"@type":"BreadcrumbList","@id":"https:\/\/www.medibase-disposables.com\/es\/productos\/fundas-de-proteccion\/#breadcrumb","itemListElement":[{"@type":"ListItem","position":1,"name":"Accueil","item":"https:\/\/www.medibase-disposables.com\/es\/"},{"@type":"ListItem","position":2,"name":"Productos","item":"https:\/\/www.medibase-disposables.com\/es\/productos\/"},{"@type":"ListItem","position":3,"name":"Fundas de Protecci\u00f3n"}]},{"@type":"WebSite","@id":"https:\/\/www.medibase-disposables.com\/es\/#website","url":"https:\/\/www.medibase-disposables.com\/es\/","name":"Medibase","description":"Your everyday essentials","publisher":{"@id":"https:\/\/www.medibase-disposables.com\/es\/#organization"},"potentialAction":[{"@type":"SearchAction","target":{"@type":"EntryPoint","urlTemplate":"https:\/\/www.medibase-disposables.com\/es\/?s={search_term_string}"},"query-input":"required name=search_term_string"}],"inLanguage":"es"},{"@type":"Organization","@id":"https:\/\/www.medibase-disposables.com\/es\/#organization","name":"MEDIBASE","url":"https:\/\/www.medibase-disposables.com\/es\/","logo":{"@type":"ImageObject","inLanguage":"es","@id":"https:\/\/www.medibase-disposables.com\/es\/#\/schema\/logo\/image\/","url":"https:\/\/www.medibase-disposables.com\/wp-content\/uploads\/logo@2x.png","contentUrl":"https:\/\/www.medibase-disposables.com\/wp-content\/uploads\/logo@2x.png","width":501,"height":501,"caption":"MEDIBASE"},"image":{"@id":"https:\/\/www.medibase-disposables.com\/es\/#\/schema\/logo\/image\/"}}]}},"_links":{"self":[{"href":"https:\/\/www.medibase-disposables.com\/es\/wp-json\/wp\/v2\/product\/5224"}],"collection":[{"href":"https:\/\/www.medibase-disposables.com\/es\/wp-json\/wp\/v2\/product"}],"about":[{"href":"https:\/\/www.medibase-disposables.com\/es\/wp-json\/wp\/v2\/types\/product"}],"wp:featuredmedia":[{"embeddable":true,"href":"https:\/\/www.medibase-disposables.com\/es\/wp-json\/wp\/v2\/media\/5227"}],"wp:attachment":[{"href":"https:\/\/www.medibase-disposables.com\/es\/wp-json\/wp\/v2\/media?parent=5224"}],"wp:term":[{"taxonomy":"product_cat","embeddable":true,"href":"https:\/\/www.medibase-disposables.com\/es\/wp-json\/wp\/v2\/product_cat?post=5224"},{"taxonomy":"product_tag","embeddable":true,"href":"https:\/\/www.medibase-disposables.com\/es\/wp-json\/wp\/v2\/product_tag?post=5224"}],"curies":[{"name":"wp","href":"https:\/\/api.w.org\/{rel}","templated":true}]}}