{"id":5246,"date":"2018-07-31T11:00:49","date_gmt":"2020-11-23T21:45:14","guid":{"rendered":"https:\/\/www.medibase-disposables.com\/?post_type=product&#038;p=5246"},"modified":"2022-11-15T17:30:16","modified_gmt":"2022-11-15T16:30:16","slug":"rollo-de-esterilizacion","status":"publish","type":"product","link":"https:\/\/www.medibase-disposables.com\/es\/productos\/rollo-de-esterilizacion\/","title":{"rendered":"Rollo de esterilizaci\u00f3n"},"content":{"rendered":"<p><strong>Un rollo de 200 metros<\/strong><\/p>\n<table style=\"width: 99.8342%;\" width=\"100%\">\n<thead>\n<tr>\n<td style=\"width: 81.4262%;\">Descripci\u00f3n<\/td>\n<td style=\"width: 18.408%;\" width=\"100\">Ref.<\/td>\n<\/tr>\n<\/thead>\n<tbody>\n<tr>\n<td style=\"width: 81.4262%;\">Ancho 5 cm<\/td>\n<td style=\"width: 18.408%; height: 27px;\" width=\"100\">3134962<\/td>\n<\/tr>\n<tr>\n<td style=\"width: 81.4262%;\">Ancho \u00a07,5 cm<\/td>\n<td style=\"width: 18.408%; height: 27px;\" width=\"100\">3134963<\/td>\n<\/tr>\n<tr>\n<td style=\"width: 81.4262%;\">Ancho 10 cm<\/td>\n<td style=\"width: 18.408%; height: 27px;\" width=\"100\">3134964<\/td>\n<\/tr>\n<tr>\n<td style=\"width: 81.4262%;\">Ancho \u00a015 cm<\/td>\n<td style=\"width: 18.408%; height: 27px;\" width=\"100\">3134965<\/td>\n<\/tr>\n<tr>\n<td style=\"width: 81.4262%;\">Ancho 20 cm<\/td>\n<td style=\"width: 18.408%; height: 27px;\" width=\"100\">3134966<\/td>\n<\/tr>\n<tr>\n<td style=\"width: 81.4262%;\">Ancho \u00a025 cm<\/td>\n<td style=\"width: 18.408%; height: 27px;\" width=\"100\">3134967<\/td>\n<\/tr>\n<\/tbody>\n<\/table>\n<p><strong>100m, rodillo ancho, profundidad 5.5 cm<\/strong><\/p>\n<table width=\"100%\">\n<thead>\n<tr>\n<td>Descripci\u00f3n<\/td>\n<td width=\"100\">Ref.<\/td>\n<\/tr>\n<\/thead>\n<tbody>\n<tr>\n<td>Ancho 20 cm<\/td>\n<td width=\"100\">3134968<\/td>\n<\/tr>\n<\/tbody>\n<\/table>\n<p>&nbsp;<\/p>\n","protected":false},"excerpt":{"rendered":"<p>Fundas soldables para la esterilizaci\u00f3n en autoclave y chemiclave.<\/p>\n<p><strong>Caracter\u00edsticas\u00a0:<\/strong><\/p>\n<ul>\n<li>Una\u00a0cara transparente y otra de papel 60 g\/m2.<\/li>\n<li>Con testigo de esterilizaci\u00f3n.<\/li>\n<li>Rollo de 200 m.<\/li>\n<\/ul>\n<p>Clase: I.<br \/>\nFabricante: E-LINE<\/p>\n","protected":false},"featured_media":5255,"template":"","meta":{"_acf_changed":false},"product_cat":[296],"product_tag":[],"acf":[],"yoast_head":"<!-- This site is optimized with the Yoast SEO plugin v22.3 - https:\/\/yoast.com\/wordpress\/plugins\/seo\/ -->\n<title>Rollo de esterilizaci\u00f3n - Medibase<\/title>\n<meta name=\"robots\" content=\"index, follow, max-snippet:-1, max-image-preview:large, max-video-preview:-1\" \/>\n<link rel=\"canonical\" href=\"https:\/\/www.medibase-disposables.com\/es\/productos\/rollo-de-esterilizacion\/\" \/>\n<meta property=\"og:locale\" content=\"es_ES\" \/>\n<meta property=\"og:type\" content=\"article\" \/>\n<meta property=\"og:title\" content=\"Rollo de esterilizaci\u00f3n - Medibase\" \/>\n<meta property=\"og:description\" content=\"Fundas soldables para la esterilizaci\u00f3n en autoclave y chemiclave.  Caracter\u00edsticas\u00a0:   Una\u00a0cara transparente y otra de papel 60 g\/m2.  Con testigo de esterilizaci\u00f3n.  Rollo de 200 m.  Clase: I. Fabricante: E-LINE\" \/>\n<meta property=\"og:url\" content=\"https:\/\/www.medibase-disposables.com\/es\/productos\/rollo-de-esterilizacion\/\" \/>\n<meta property=\"og:site_name\" content=\"Medibase\" \/>\n<meta property=\"article:modified_time\" content=\"2022-11-15T16:30:16+00:00\" \/>\n<meta property=\"og:image\" content=\"http:\/\/www.medibase-disposables.com\/wp-content\/uploads\/4-098.jpg\" \/>\n\t<meta property=\"og:image:width\" content=\"950\" \/>\n\t<meta property=\"og:image:height\" content=\"950\" \/>\n\t<meta property=\"og:image:type\" content=\"image\/jpeg\" \/>\n<meta name=\"twitter:card\" content=\"summary_large_image\" \/>\n<meta name=\"twitter:label1\" content=\"Tiempo de lectura\" \/>\n\t<meta name=\"twitter:data1\" content=\"1 minuto\" \/>\n<script type=\"application\/ld+json\" class=\"yoast-schema-graph\">{\"@context\":\"https:\/\/schema.org\",\"@graph\":[{\"@type\":\"WebPage\",\"@id\":\"https:\/\/www.medibase-disposables.com\/es\/productos\/rollo-de-esterilizacion\/\",\"url\":\"https:\/\/www.medibase-disposables.com\/es\/productos\/rollo-de-esterilizacion\/\",\"name\":\"Rollo de esterilizaci\u00f3n - Medibase\",\"isPartOf\":{\"@id\":\"https:\/\/www.medibase-disposables.com\/es\/#website\"},\"primaryImageOfPage\":{\"@id\":\"https:\/\/www.medibase-disposables.com\/es\/productos\/rollo-de-esterilizacion\/#primaryimage\"},\"image\":{\"@id\":\"https:\/\/www.medibase-disposables.com\/es\/productos\/rollo-de-esterilizacion\/#primaryimage\"},\"thumbnailUrl\":\"https:\/\/www.medibase-disposables.com\/wp-content\/uploads\/4-098.jpg\",\"datePublished\":\"2020-11-23T21:45:14+00:00\",\"dateModified\":\"2022-11-15T16:30:16+00:00\",\"breadcrumb\":{\"@id\":\"https:\/\/www.medibase-disposables.com\/es\/productos\/rollo-de-esterilizacion\/#breadcrumb\"},\"inLanguage\":\"es\",\"potentialAction\":[{\"@type\":\"ReadAction\",\"target\":[\"https:\/\/www.medibase-disposables.com\/es\/productos\/rollo-de-esterilizacion\/\"]}]},{\"@type\":\"ImageObject\",\"inLanguage\":\"es\",\"@id\":\"https:\/\/www.medibase-disposables.com\/es\/productos\/rollo-de-esterilizacion\/#primaryimage\",\"url\":\"https:\/\/www.medibase-disposables.com\/wp-content\/uploads\/4-098.jpg\",\"contentUrl\":\"https:\/\/www.medibase-disposables.com\/wp-content\/uploads\/4-098.jpg\",\"width\":\"950\",\"height\":\"950\"},{\"@type\":\"BreadcrumbList\",\"@id\":\"https:\/\/www.medibase-disposables.com\/es\/productos\/rollo-de-esterilizacion\/#breadcrumb\",\"itemListElement\":[{\"@type\":\"ListItem\",\"position\":1,\"name\":\"Accueil\",\"item\":\"https:\/\/www.medibase-disposables.com\/es\/\"},{\"@type\":\"ListItem\",\"position\":2,\"name\":\"Productos\",\"item\":\"https:\/\/www.medibase-disposables.com\/es\/productos\/\"},{\"@type\":\"ListItem\",\"position\":3,\"name\":\"Rollo de esterilizaci\u00f3n\"}]},{\"@type\":\"WebSite\",\"@id\":\"https:\/\/www.medibase-disposables.com\/es\/#website\",\"url\":\"https:\/\/www.medibase-disposables.com\/es\/\",\"name\":\"Medibase\",\"description\":\"Your everyday essentials\",\"publisher\":{\"@id\":\"https:\/\/www.medibase-disposables.com\/es\/#organization\"},\"potentialAction\":[{\"@type\":\"SearchAction\",\"target\":{\"@type\":\"EntryPoint\",\"urlTemplate\":\"https:\/\/www.medibase-disposables.com\/es\/?s={search_term_string}\"},\"query-input\":\"required name=search_term_string\"}],\"inLanguage\":\"es\"},{\"@type\":\"Organization\",\"@id\":\"https:\/\/www.medibase-disposables.com\/es\/#organization\",\"name\":\"MEDIBASE\",\"url\":\"https:\/\/www.medibase-disposables.com\/es\/\",\"logo\":{\"@type\":\"ImageObject\",\"inLanguage\":\"es\",\"@id\":\"https:\/\/www.medibase-disposables.com\/es\/#\/schema\/logo\/image\/\",\"url\":\"https:\/\/www.medibase-disposables.com\/wp-content\/uploads\/logo@2x.png\",\"contentUrl\":\"https:\/\/www.medibase-disposables.com\/wp-content\/uploads\/logo@2x.png\",\"width\":501,\"height\":501,\"caption\":\"MEDIBASE\"},\"image\":{\"@id\":\"https:\/\/www.medibase-disposables.com\/es\/#\/schema\/logo\/image\/\"}}]}<\/script>\n<!-- \/ Yoast SEO plugin. -->","yoast_head_json":{"title":"Rollo de esterilizaci\u00f3n - Medibase","robots":{"index":"index","follow":"follow","max-snippet":"max-snippet:-1","max-image-preview":"max-image-preview:large","max-video-preview":"max-video-preview:-1"},"canonical":"https:\/\/www.medibase-disposables.com\/es\/productos\/rollo-de-esterilizacion\/","og_locale":"es_ES","og_type":"article","og_title":"Rollo de esterilizaci\u00f3n - Medibase","og_description":"Fundas soldables para la esterilizaci\u00f3n en autoclave y chemiclave.  Caracter\u00edsticas\u00a0:   Una\u00a0cara transparente y otra de papel 60 g\/m2.  Con testigo de esterilizaci\u00f3n.  Rollo de 200 m.  Clase: I. Fabricante: E-LINE","og_url":"https:\/\/www.medibase-disposables.com\/es\/productos\/rollo-de-esterilizacion\/","og_site_name":"Medibase","article_modified_time":"2022-11-15T16:30:16+00:00","og_image":[{"width":"950","height":"950","url":"http:\/\/www.medibase-disposables.com\/wp-content\/uploads\/4-098.jpg","type":"image\/jpeg"}],"twitter_card":"summary_large_image","twitter_misc":{"Tiempo de lectura":"1 minuto"},"schema":{"@context":"https:\/\/schema.org","@graph":[{"@type":"WebPage","@id":"https:\/\/www.medibase-disposables.com\/es\/productos\/rollo-de-esterilizacion\/","url":"https:\/\/www.medibase-disposables.com\/es\/productos\/rollo-de-esterilizacion\/","name":"Rollo de esterilizaci\u00f3n - Medibase","isPartOf":{"@id":"https:\/\/www.medibase-disposables.com\/es\/#website"},"primaryImageOfPage":{"@id":"https:\/\/www.medibase-disposables.com\/es\/productos\/rollo-de-esterilizacion\/#primaryimage"},"image":{"@id":"https:\/\/www.medibase-disposables.com\/es\/productos\/rollo-de-esterilizacion\/#primaryimage"},"thumbnailUrl":"https:\/\/www.medibase-disposables.com\/wp-content\/uploads\/4-098.jpg","datePublished":"2020-11-23T21:45:14+00:00","dateModified":"2022-11-15T16:30:16+00:00","breadcrumb":{"@id":"https:\/\/www.medibase-disposables.com\/es\/productos\/rollo-de-esterilizacion\/#breadcrumb"},"inLanguage":"es","potentialAction":[{"@type":"ReadAction","target":["https:\/\/www.medibase-disposables.com\/es\/productos\/rollo-de-esterilizacion\/"]}]},{"@type":"ImageObject","inLanguage":"es","@id":"https:\/\/www.medibase-disposables.com\/es\/productos\/rollo-de-esterilizacion\/#primaryimage","url":"https:\/\/www.medibase-disposables.com\/wp-content\/uploads\/4-098.jpg","contentUrl":"https:\/\/www.medibase-disposables.com\/wp-content\/uploads\/4-098.jpg","width":"950","height":"950"},{"@type":"BreadcrumbList","@id":"https:\/\/www.medibase-disposables.com\/es\/productos\/rollo-de-esterilizacion\/#breadcrumb","itemListElement":[{"@type":"ListItem","position":1,"name":"Accueil","item":"https:\/\/www.medibase-disposables.com\/es\/"},{"@type":"ListItem","position":2,"name":"Productos","item":"https:\/\/www.medibase-disposables.com\/es\/productos\/"},{"@type":"ListItem","position":3,"name":"Rollo de esterilizaci\u00f3n"}]},{"@type":"WebSite","@id":"https:\/\/www.medibase-disposables.com\/es\/#website","url":"https:\/\/www.medibase-disposables.com\/es\/","name":"Medibase","description":"Your everyday essentials","publisher":{"@id":"https:\/\/www.medibase-disposables.com\/es\/#organization"},"potentialAction":[{"@type":"SearchAction","target":{"@type":"EntryPoint","urlTemplate":"https:\/\/www.medibase-disposables.com\/es\/?s={search_term_string}"},"query-input":"required name=search_term_string"}],"inLanguage":"es"},{"@type":"Organization","@id":"https:\/\/www.medibase-disposables.com\/es\/#organization","name":"MEDIBASE","url":"https:\/\/www.medibase-disposables.com\/es\/","logo":{"@type":"ImageObject","inLanguage":"es","@id":"https:\/\/www.medibase-disposables.com\/es\/#\/schema\/logo\/image\/","url":"https:\/\/www.medibase-disposables.com\/wp-content\/uploads\/logo@2x.png","contentUrl":"https:\/\/www.medibase-disposables.com\/wp-content\/uploads\/logo@2x.png","width":501,"height":501,"caption":"MEDIBASE"},"image":{"@id":"https:\/\/www.medibase-disposables.com\/es\/#\/schema\/logo\/image\/"}}]}},"_links":{"self":[{"href":"https:\/\/www.medibase-disposables.com\/es\/wp-json\/wp\/v2\/product\/5246"}],"collection":[{"href":"https:\/\/www.medibase-disposables.com\/es\/wp-json\/wp\/v2\/product"}],"about":[{"href":"https:\/\/www.medibase-disposables.com\/es\/wp-json\/wp\/v2\/types\/product"}],"wp:featuredmedia":[{"embeddable":true,"href":"https:\/\/www.medibase-disposables.com\/es\/wp-json\/wp\/v2\/media\/5255"}],"wp:attachment":[{"href":"https:\/\/www.medibase-disposables.com\/es\/wp-json\/wp\/v2\/media?parent=5246"}],"wp:term":[{"taxonomy":"product_cat","embeddable":true,"href":"https:\/\/www.medibase-disposables.com\/es\/wp-json\/wp\/v2\/product_cat?post=5246"},{"taxonomy":"product_tag","embeddable":true,"href":"https:\/\/www.medibase-disposables.com\/es\/wp-json\/wp\/v2\/product_tag?post=5246"}],"curies":[{"name":"wp","href":"https:\/\/api.w.org\/{rel}","templated":true}]}}