{"id":5268,"date":"2018-07-31T11:24:06","date_gmt":"2020-11-23T21:48:42","guid":{"rendered":"https:\/\/www.medibase-disposables.com\/?post_type=product&#038;p=5268"},"modified":"2020-12-15T15:18:27","modified_gmt":"2020-12-15T14:18:27","slug":"guantes-de-latex-empolvados","status":"publish","type":"product","link":"https:\/\/www.medibase-disposables.com\/es\/productos\/guantes-de-latex-empolvados\/","title":{"rendered":"Guantes de l\u00e1tex empolvados"},"content":{"rendered":"<p><strong>Caja de 100 guantes<\/strong><\/p>\n<table width=\"100%\">\n<thead>\n<tr>\n<td>Tama\u00f1os<\/td>\n<td width=\"100\">Ref.<\/td>\n<\/tr>\n<\/thead>\n<tbody>\n<tr>\n<td>XS \u2013 5\/6<\/td>\n<td width=\"100\">0116692<\/td>\n<\/tr>\n<tr>\n<td>S \u2013 6\/7<\/td>\n<td width=\"100\">0116656<\/td>\n<\/tr>\n<tr>\n<td>M \u2013 7\/8<\/td>\n<td width=\"100\">0116657<\/td>\n<\/tr>\n<tr>\n<td>L \u2013 8\/9<\/td>\n<td width=\"100\">0116658<\/td>\n<\/tr>\n<tr>\n<td>XL \u2013 9\/10<\/td>\n<td width=\"100\">0124592<\/td>\n<\/tr>\n<\/tbody>\n<\/table>\n<p>&nbsp;<\/p>\n","protected":false},"excerpt":{"rendered":"<p>Guantes de l\u00e1tex natural para examen con superfi cie antideslizante.<\/p>\n<p><strong>Caracter\u00edsticas :<\/strong><\/p>\n<ul>\n<li>Ambidiestros, de uso \u00fanico.<\/li>\n<li>Elevada resistencia.<\/li>\n<li>Excepcional prensi\u00f3n y sensibilidad t\u00e1ctil.<\/li>\n<li>Mangas con bordes enrollados para disminuir el riesgo de rotura.<\/li>\n<li>Cumplen las normas europeas EN 455-1, EN 455-2, y EN 455-3, la norma AQL 1.5 y la norma americana ASTMD 3578:2001.<\/li>\n<\/ul>\n<p>Clase: I.<br \/>\nFabricante : CFPM.<\/p>\n","protected":false},"featured_media":5269,"template":"","meta":{"_acf_changed":false},"product_cat":[291],"product_tag":[],"acf":[],"yoast_head":"<!-- This site is optimized with the Yoast SEO plugin v22.3 - https:\/\/yoast.com\/wordpress\/plugins\/seo\/ -->\n<title>Guantes de l\u00e1tex empolvados - Medibase<\/title>\n<meta name=\"robots\" content=\"index, follow, max-snippet:-1, max-image-preview:large, max-video-preview:-1\" \/>\n<link rel=\"canonical\" href=\"https:\/\/www.medibase-disposables.com\/es\/productos\/guantes-de-latex-empolvados\/\" \/>\n<meta property=\"og:locale\" content=\"es_ES\" \/>\n<meta property=\"og:type\" content=\"article\" \/>\n<meta property=\"og:title\" content=\"Guantes de l\u00e1tex empolvados - Medibase\" \/>\n<meta property=\"og:description\" content=\"Guantes de l\u00e1tex natural para examen con superfi cie antideslizante.  Caracter\u00edsticas :   Ambidiestros, de uso \u00fanico.  Elevada resistencia.  Excepcional prensi\u00f3n y sensibilidad t\u00e1ctil.  Mangas con bordes enrollados para disminuir el riesgo de rotura.  Cumplen las normas europeas EN 455-1, EN 455-2, y EN 455-3, la norma AQL 1.5 y la norma americana ASTMD 3578:2001.  Clase: I. Fabricante : CFPM.\" \/>\n<meta property=\"og:url\" content=\"https:\/\/www.medibase-disposables.com\/es\/productos\/guantes-de-latex-empolvados\/\" \/>\n<meta property=\"og:site_name\" content=\"Medibase\" \/>\n<meta property=\"article:modified_time\" content=\"2020-12-15T14:18:27+00:00\" \/>\n<meta property=\"og:image\" content=\"http:\/\/www.medibase-disposables.com\/wp-content\/uploads\/5-437.jpg\" \/>\n\t<meta property=\"og:image:width\" content=\"950\" \/>\n\t<meta property=\"og:image:height\" content=\"950\" \/>\n\t<meta property=\"og:image:type\" content=\"image\/jpeg\" \/>\n<meta name=\"twitter:card\" content=\"summary_large_image\" \/>\n<script type=\"application\/ld+json\" class=\"yoast-schema-graph\">{\"@context\":\"https:\/\/schema.org\",\"@graph\":[{\"@type\":\"WebPage\",\"@id\":\"https:\/\/www.medibase-disposables.com\/es\/productos\/guantes-de-latex-empolvados\/\",\"url\":\"https:\/\/www.medibase-disposables.com\/es\/productos\/guantes-de-latex-empolvados\/\",\"name\":\"Guantes de l\u00e1tex empolvados - Medibase\",\"isPartOf\":{\"@id\":\"https:\/\/www.medibase-disposables.com\/es\/#website\"},\"primaryImageOfPage\":{\"@id\":\"https:\/\/www.medibase-disposables.com\/es\/productos\/guantes-de-latex-empolvados\/#primaryimage\"},\"image\":{\"@id\":\"https:\/\/www.medibase-disposables.com\/es\/productos\/guantes-de-latex-empolvados\/#primaryimage\"},\"thumbnailUrl\":\"https:\/\/www.medibase-disposables.com\/wp-content\/uploads\/5-437.jpg\",\"datePublished\":\"2020-11-23T21:48:42+00:00\",\"dateModified\":\"2020-12-15T14:18:27+00:00\",\"breadcrumb\":{\"@id\":\"https:\/\/www.medibase-disposables.com\/es\/productos\/guantes-de-latex-empolvados\/#breadcrumb\"},\"inLanguage\":\"es\",\"potentialAction\":[{\"@type\":\"ReadAction\",\"target\":[\"https:\/\/www.medibase-disposables.com\/es\/productos\/guantes-de-latex-empolvados\/\"]}]},{\"@type\":\"ImageObject\",\"inLanguage\":\"es\",\"@id\":\"https:\/\/www.medibase-disposables.com\/es\/productos\/guantes-de-latex-empolvados\/#primaryimage\",\"url\":\"https:\/\/www.medibase-disposables.com\/wp-content\/uploads\/5-437.jpg\",\"contentUrl\":\"https:\/\/www.medibase-disposables.com\/wp-content\/uploads\/5-437.jpg\",\"width\":\"950\",\"height\":\"950\"},{\"@type\":\"BreadcrumbList\",\"@id\":\"https:\/\/www.medibase-disposables.com\/es\/productos\/guantes-de-latex-empolvados\/#breadcrumb\",\"itemListElement\":[{\"@type\":\"ListItem\",\"position\":1,\"name\":\"Accueil\",\"item\":\"https:\/\/www.medibase-disposables.com\/es\/\"},{\"@type\":\"ListItem\",\"position\":2,\"name\":\"Productos\",\"item\":\"https:\/\/www.medibase-disposables.com\/es\/productos\/\"},{\"@type\":\"ListItem\",\"position\":3,\"name\":\"Guantes de l\u00e1tex empolvados\"}]},{\"@type\":\"WebSite\",\"@id\":\"https:\/\/www.medibase-disposables.com\/es\/#website\",\"url\":\"https:\/\/www.medibase-disposables.com\/es\/\",\"name\":\"Medibase\",\"description\":\"Your everyday essentials\",\"publisher\":{\"@id\":\"https:\/\/www.medibase-disposables.com\/es\/#organization\"},\"potentialAction\":[{\"@type\":\"SearchAction\",\"target\":{\"@type\":\"EntryPoint\",\"urlTemplate\":\"https:\/\/www.medibase-disposables.com\/es\/?s={search_term_string}\"},\"query-input\":\"required name=search_term_string\"}],\"inLanguage\":\"es\"},{\"@type\":\"Organization\",\"@id\":\"https:\/\/www.medibase-disposables.com\/es\/#organization\",\"name\":\"MEDIBASE\",\"url\":\"https:\/\/www.medibase-disposables.com\/es\/\",\"logo\":{\"@type\":\"ImageObject\",\"inLanguage\":\"es\",\"@id\":\"https:\/\/www.medibase-disposables.com\/es\/#\/schema\/logo\/image\/\",\"url\":\"https:\/\/www.medibase-disposables.com\/wp-content\/uploads\/logo@2x.png\",\"contentUrl\":\"https:\/\/www.medibase-disposables.com\/wp-content\/uploads\/logo@2x.png\",\"width\":501,\"height\":501,\"caption\":\"MEDIBASE\"},\"image\":{\"@id\":\"https:\/\/www.medibase-disposables.com\/es\/#\/schema\/logo\/image\/\"}}]}<\/script>\n<!-- \/ Yoast SEO plugin. -->","yoast_head_json":{"title":"Guantes de l\u00e1tex empolvados - Medibase","robots":{"index":"index","follow":"follow","max-snippet":"max-snippet:-1","max-image-preview":"max-image-preview:large","max-video-preview":"max-video-preview:-1"},"canonical":"https:\/\/www.medibase-disposables.com\/es\/productos\/guantes-de-latex-empolvados\/","og_locale":"es_ES","og_type":"article","og_title":"Guantes de l\u00e1tex empolvados - Medibase","og_description":"Guantes de l\u00e1tex natural para examen con superfi cie antideslizante.  Caracter\u00edsticas :   Ambidiestros, de uso \u00fanico.  Elevada resistencia.  Excepcional prensi\u00f3n y sensibilidad t\u00e1ctil.  Mangas con bordes enrollados para disminuir el riesgo de rotura.  Cumplen las normas europeas EN 455-1, EN 455-2, y EN 455-3, la norma AQL 1.5 y la norma americana ASTMD 3578:2001.  Clase: I. Fabricante : CFPM.","og_url":"https:\/\/www.medibase-disposables.com\/es\/productos\/guantes-de-latex-empolvados\/","og_site_name":"Medibase","article_modified_time":"2020-12-15T14:18:27+00:00","og_image":[{"width":"950","height":"950","url":"http:\/\/www.medibase-disposables.com\/wp-content\/uploads\/5-437.jpg","type":"image\/jpeg"}],"twitter_card":"summary_large_image","schema":{"@context":"https:\/\/schema.org","@graph":[{"@type":"WebPage","@id":"https:\/\/www.medibase-disposables.com\/es\/productos\/guantes-de-latex-empolvados\/","url":"https:\/\/www.medibase-disposables.com\/es\/productos\/guantes-de-latex-empolvados\/","name":"Guantes de l\u00e1tex empolvados - Medibase","isPartOf":{"@id":"https:\/\/www.medibase-disposables.com\/es\/#website"},"primaryImageOfPage":{"@id":"https:\/\/www.medibase-disposables.com\/es\/productos\/guantes-de-latex-empolvados\/#primaryimage"},"image":{"@id":"https:\/\/www.medibase-disposables.com\/es\/productos\/guantes-de-latex-empolvados\/#primaryimage"},"thumbnailUrl":"https:\/\/www.medibase-disposables.com\/wp-content\/uploads\/5-437.jpg","datePublished":"2020-11-23T21:48:42+00:00","dateModified":"2020-12-15T14:18:27+00:00","breadcrumb":{"@id":"https:\/\/www.medibase-disposables.com\/es\/productos\/guantes-de-latex-empolvados\/#breadcrumb"},"inLanguage":"es","potentialAction":[{"@type":"ReadAction","target":["https:\/\/www.medibase-disposables.com\/es\/productos\/guantes-de-latex-empolvados\/"]}]},{"@type":"ImageObject","inLanguage":"es","@id":"https:\/\/www.medibase-disposables.com\/es\/productos\/guantes-de-latex-empolvados\/#primaryimage","url":"https:\/\/www.medibase-disposables.com\/wp-content\/uploads\/5-437.jpg","contentUrl":"https:\/\/www.medibase-disposables.com\/wp-content\/uploads\/5-437.jpg","width":"950","height":"950"},{"@type":"BreadcrumbList","@id":"https:\/\/www.medibase-disposables.com\/es\/productos\/guantes-de-latex-empolvados\/#breadcrumb","itemListElement":[{"@type":"ListItem","position":1,"name":"Accueil","item":"https:\/\/www.medibase-disposables.com\/es\/"},{"@type":"ListItem","position":2,"name":"Productos","item":"https:\/\/www.medibase-disposables.com\/es\/productos\/"},{"@type":"ListItem","position":3,"name":"Guantes de l\u00e1tex empolvados"}]},{"@type":"WebSite","@id":"https:\/\/www.medibase-disposables.com\/es\/#website","url":"https:\/\/www.medibase-disposables.com\/es\/","name":"Medibase","description":"Your everyday essentials","publisher":{"@id":"https:\/\/www.medibase-disposables.com\/es\/#organization"},"potentialAction":[{"@type":"SearchAction","target":{"@type":"EntryPoint","urlTemplate":"https:\/\/www.medibase-disposables.com\/es\/?s={search_term_string}"},"query-input":"required name=search_term_string"}],"inLanguage":"es"},{"@type":"Organization","@id":"https:\/\/www.medibase-disposables.com\/es\/#organization","name":"MEDIBASE","url":"https:\/\/www.medibase-disposables.com\/es\/","logo":{"@type":"ImageObject","inLanguage":"es","@id":"https:\/\/www.medibase-disposables.com\/es\/#\/schema\/logo\/image\/","url":"https:\/\/www.medibase-disposables.com\/wp-content\/uploads\/logo@2x.png","contentUrl":"https:\/\/www.medibase-disposables.com\/wp-content\/uploads\/logo@2x.png","width":501,"height":501,"caption":"MEDIBASE"},"image":{"@id":"https:\/\/www.medibase-disposables.com\/es\/#\/schema\/logo\/image\/"}}]}},"_links":{"self":[{"href":"https:\/\/www.medibase-disposables.com\/es\/wp-json\/wp\/v2\/product\/5268"}],"collection":[{"href":"https:\/\/www.medibase-disposables.com\/es\/wp-json\/wp\/v2\/product"}],"about":[{"href":"https:\/\/www.medibase-disposables.com\/es\/wp-json\/wp\/v2\/types\/product"}],"wp:featuredmedia":[{"embeddable":true,"href":"https:\/\/www.medibase-disposables.com\/es\/wp-json\/wp\/v2\/media\/5269"}],"wp:attachment":[{"href":"https:\/\/www.medibase-disposables.com\/es\/wp-json\/wp\/v2\/media?parent=5268"}],"wp:term":[{"taxonomy":"product_cat","embeddable":true,"href":"https:\/\/www.medibase-disposables.com\/es\/wp-json\/wp\/v2\/product_cat?post=5268"},{"taxonomy":"product_tag","embeddable":true,"href":"https:\/\/www.medibase-disposables.com\/es\/wp-json\/wp\/v2\/product_tag?post=5268"}],"curies":[{"name":"wp","href":"https:\/\/api.w.org\/{rel}","templated":true}]}}