{"id":5274,"date":"2018-07-31T11:29:53","date_gmt":"2020-11-23T21:49:48","guid":{"rendered":"https:\/\/www.medibase-disposables.com\/?post_type=product&#038;p=5274"},"modified":"2023-01-13T16:41:55","modified_gmt":"2023-01-13T15:41:55","slug":"guantes-de-latex-sin-polvo-sensi","status":"publish","type":"product","link":"https:\/\/www.medibase-disposables.com\/es\/productos\/guantes-de-latex-sin-polvo-sensi\/","title":{"rendered":"Guantes de latex sin polvo &#8211; SENSI+"},"content":{"rendered":"<p><strong>Caja de 100 guantes<\/strong><\/p>\n<table width=\"100%\">\n<thead>\n<tr>\n<td>Tama\u00f1os<\/td>\n<td width=\"100\">Ref.<\/td>\n<\/tr>\n<\/thead>\n<tbody>\n<tr>\n<td>XS 5\/6<\/td>\n<td width=\"100\">3135154<\/td>\n<\/tr>\n<tr>\n<td>S 6\/7<\/td>\n<td width=\"100\">3135155<\/td>\n<\/tr>\n<tr>\n<td>M 7\/8<\/td>\n<td width=\"100\">3135156<\/td>\n<\/tr>\n<tr>\n<td>L 8\/9<\/td>\n<td width=\"100\">3135157<\/td>\n<\/tr>\n<tr>\n<td>XL 9\/10<\/td>\n<td width=\"100\">3135158<\/td>\n<\/tr>\n<\/tbody>\n<\/table>\n<p>&nbsp;<\/p>\n","protected":false},"excerpt":{"rendered":"<p>Guantes de examen de l\u00e1tex sin polvo, ambidiestros, microtexturados y de uso \u00fanico.<\/p>\n<p><strong>Caracter\u00edsticas:<\/strong><\/p>\n<p>&#8211; Mejora de la fuerza y la elasticidad.<br \/>\n&#8211; Confort y adaptaci\u00f3n a las manos asegurados.<br \/>\n&#8211; Excelente agarre y sensibilidad t\u00e1ctil (incluso con material mojado o resbaladizo).<br \/>\n&#8211; Mangas con bordes enrollados para reducir el riesgo de rotura al ponerse.<br \/>\n&#8211; Fabricado de acuerdo con las normas EN 455, EN 374 y EN 420.<br \/>\n&#8211; Color beige.<br \/>\n&#8211; Caja de 100 guantes.<\/p>\n<p>DM Clase I + EPI Cat. III.<\/p>\n<p>Marcado CE 0598. Organismo notificado: SGS FIMKO OY.<\/p>\n<p>Fabricante: MAXTER GLOVE MANUFACTURING Sdh Bhd.<\/p>\n<p>&nbsp;<\/p>\n","protected":false},"featured_media":5260,"template":"","meta":{"_acf_changed":false},"product_cat":[291],"product_tag":[],"acf":[],"yoast_head":"<!-- This site is optimized with the Yoast SEO plugin v22.3 - https:\/\/yoast.com\/wordpress\/plugins\/seo\/ -->\n<title>Guantes de latex sin polvo - SENSI+ - Medibase<\/title>\n<meta name=\"robots\" content=\"index, follow, max-snippet:-1, max-image-preview:large, max-video-preview:-1\" \/>\n<link rel=\"canonical\" href=\"https:\/\/www.medibase-disposables.com\/es\/productos\/guantes-de-latex-sin-polvo-sensi\/\" \/>\n<meta property=\"og:locale\" content=\"es_ES\" \/>\n<meta property=\"og:type\" content=\"article\" \/>\n<meta property=\"og:title\" content=\"Guantes de latex sin polvo - SENSI+ - Medibase\" \/>\n<meta property=\"og:description\" content=\"Guantes de examen de l\u00e1tex sin polvo, ambidiestros, microtexturados y de uso \u00fanico.  Caracter\u00edsticas:  - Mejora de la fuerza y la elasticidad. - Confort y adaptaci\u00f3n a las manos asegurados. - Excelente agarre y sensibilidad t\u00e1ctil (incluso con material mojado o resbaladizo). - Mangas con bordes enrollados para reducir el riesgo de rotura al ponerse. - Fabricado de acuerdo con las normas EN 455, EN 374 y EN 420. - Color beige. - Caja de 100 guantes.  DM Clase I + EPI Cat. III.  Marcado CE 0598. Organismo notificado: SGS FIMKO OY.  Fabricante: MAXTER GLOVE MANUFACTURING Sdh Bhd.  &nbsp;\" \/>\n<meta property=\"og:url\" content=\"https:\/\/www.medibase-disposables.com\/es\/productos\/guantes-de-latex-sin-polvo-sensi\/\" \/>\n<meta property=\"og:site_name\" content=\"Medibase\" \/>\n<meta property=\"article:modified_time\" content=\"2023-01-13T15:41:55+00:00\" \/>\n<meta property=\"og:image\" content=\"http:\/\/www.medibase-disposables.com\/wp-content\/uploads\/5-432.jpg\" \/>\n\t<meta property=\"og:image:width\" content=\"950\" \/>\n\t<meta property=\"og:image:height\" content=\"950\" \/>\n\t<meta property=\"og:image:type\" content=\"image\/jpeg\" \/>\n<meta name=\"twitter:card\" content=\"summary_large_image\" \/>\n<meta name=\"twitter:label1\" content=\"Tiempo de lectura\" \/>\n\t<meta name=\"twitter:data1\" content=\"1 minuto\" \/>\n<script type=\"application\/ld+json\" class=\"yoast-schema-graph\">{\"@context\":\"https:\/\/schema.org\",\"@graph\":[{\"@type\":\"WebPage\",\"@id\":\"https:\/\/www.medibase-disposables.com\/es\/productos\/guantes-de-latex-sin-polvo-sensi\/\",\"url\":\"https:\/\/www.medibase-disposables.com\/es\/productos\/guantes-de-latex-sin-polvo-sensi\/\",\"name\":\"Guantes de latex sin polvo - SENSI+ - Medibase\",\"isPartOf\":{\"@id\":\"https:\/\/www.medibase-disposables.com\/es\/#website\"},\"primaryImageOfPage\":{\"@id\":\"https:\/\/www.medibase-disposables.com\/es\/productos\/guantes-de-latex-sin-polvo-sensi\/#primaryimage\"},\"image\":{\"@id\":\"https:\/\/www.medibase-disposables.com\/es\/productos\/guantes-de-latex-sin-polvo-sensi\/#primaryimage\"},\"thumbnailUrl\":\"https:\/\/www.medibase-disposables.com\/wp-content\/uploads\/5-432.jpg\",\"datePublished\":\"2020-11-23T21:49:48+00:00\",\"dateModified\":\"2023-01-13T15:41:55+00:00\",\"breadcrumb\":{\"@id\":\"https:\/\/www.medibase-disposables.com\/es\/productos\/guantes-de-latex-sin-polvo-sensi\/#breadcrumb\"},\"inLanguage\":\"es\",\"potentialAction\":[{\"@type\":\"ReadAction\",\"target\":[\"https:\/\/www.medibase-disposables.com\/es\/productos\/guantes-de-latex-sin-polvo-sensi\/\"]}]},{\"@type\":\"ImageObject\",\"inLanguage\":\"es\",\"@id\":\"https:\/\/www.medibase-disposables.com\/es\/productos\/guantes-de-latex-sin-polvo-sensi\/#primaryimage\",\"url\":\"https:\/\/www.medibase-disposables.com\/wp-content\/uploads\/5-432.jpg\",\"contentUrl\":\"https:\/\/www.medibase-disposables.com\/wp-content\/uploads\/5-432.jpg\",\"width\":\"950\",\"height\":\"950\"},{\"@type\":\"BreadcrumbList\",\"@id\":\"https:\/\/www.medibase-disposables.com\/es\/productos\/guantes-de-latex-sin-polvo-sensi\/#breadcrumb\",\"itemListElement\":[{\"@type\":\"ListItem\",\"position\":1,\"name\":\"Accueil\",\"item\":\"https:\/\/www.medibase-disposables.com\/es\/\"},{\"@type\":\"ListItem\",\"position\":2,\"name\":\"Productos\",\"item\":\"https:\/\/www.medibase-disposables.com\/es\/productos\/\"},{\"@type\":\"ListItem\",\"position\":3,\"name\":\"Guantes de latex sin polvo &#8211; SENSI+\"}]},{\"@type\":\"WebSite\",\"@id\":\"https:\/\/www.medibase-disposables.com\/es\/#website\",\"url\":\"https:\/\/www.medibase-disposables.com\/es\/\",\"name\":\"Medibase\",\"description\":\"Your everyday essentials\",\"publisher\":{\"@id\":\"https:\/\/www.medibase-disposables.com\/es\/#organization\"},\"potentialAction\":[{\"@type\":\"SearchAction\",\"target\":{\"@type\":\"EntryPoint\",\"urlTemplate\":\"https:\/\/www.medibase-disposables.com\/es\/?s={search_term_string}\"},\"query-input\":\"required name=search_term_string\"}],\"inLanguage\":\"es\"},{\"@type\":\"Organization\",\"@id\":\"https:\/\/www.medibase-disposables.com\/es\/#organization\",\"name\":\"MEDIBASE\",\"url\":\"https:\/\/www.medibase-disposables.com\/es\/\",\"logo\":{\"@type\":\"ImageObject\",\"inLanguage\":\"es\",\"@id\":\"https:\/\/www.medibase-disposables.com\/es\/#\/schema\/logo\/image\/\",\"url\":\"https:\/\/www.medibase-disposables.com\/wp-content\/uploads\/logo@2x.png\",\"contentUrl\":\"https:\/\/www.medibase-disposables.com\/wp-content\/uploads\/logo@2x.png\",\"width\":501,\"height\":501,\"caption\":\"MEDIBASE\"},\"image\":{\"@id\":\"https:\/\/www.medibase-disposables.com\/es\/#\/schema\/logo\/image\/\"}}]}<\/script>\n<!-- \/ Yoast SEO plugin. -->","yoast_head_json":{"title":"Guantes de latex sin polvo - SENSI+ - Medibase","robots":{"index":"index","follow":"follow","max-snippet":"max-snippet:-1","max-image-preview":"max-image-preview:large","max-video-preview":"max-video-preview:-1"},"canonical":"https:\/\/www.medibase-disposables.com\/es\/productos\/guantes-de-latex-sin-polvo-sensi\/","og_locale":"es_ES","og_type":"article","og_title":"Guantes de latex sin polvo - SENSI+ - Medibase","og_description":"Guantes de examen de l\u00e1tex sin polvo, ambidiestros, microtexturados y de uso \u00fanico.  Caracter\u00edsticas:  - Mejora de la fuerza y la elasticidad. - Confort y adaptaci\u00f3n a las manos asegurados. - Excelente agarre y sensibilidad t\u00e1ctil (incluso con material mojado o resbaladizo). - Mangas con bordes enrollados para reducir el riesgo de rotura al ponerse. - Fabricado de acuerdo con las normas EN 455, EN 374 y EN 420. - Color beige. - Caja de 100 guantes.  DM Clase I + EPI Cat. III.  Marcado CE 0598. Organismo notificado: SGS FIMKO OY.  Fabricante: MAXTER GLOVE MANUFACTURING Sdh Bhd.  &nbsp;","og_url":"https:\/\/www.medibase-disposables.com\/es\/productos\/guantes-de-latex-sin-polvo-sensi\/","og_site_name":"Medibase","article_modified_time":"2023-01-13T15:41:55+00:00","og_image":[{"width":"950","height":"950","url":"http:\/\/www.medibase-disposables.com\/wp-content\/uploads\/5-432.jpg","type":"image\/jpeg"}],"twitter_card":"summary_large_image","twitter_misc":{"Tiempo de lectura":"1 minuto"},"schema":{"@context":"https:\/\/schema.org","@graph":[{"@type":"WebPage","@id":"https:\/\/www.medibase-disposables.com\/es\/productos\/guantes-de-latex-sin-polvo-sensi\/","url":"https:\/\/www.medibase-disposables.com\/es\/productos\/guantes-de-latex-sin-polvo-sensi\/","name":"Guantes de latex sin polvo - SENSI+ - Medibase","isPartOf":{"@id":"https:\/\/www.medibase-disposables.com\/es\/#website"},"primaryImageOfPage":{"@id":"https:\/\/www.medibase-disposables.com\/es\/productos\/guantes-de-latex-sin-polvo-sensi\/#primaryimage"},"image":{"@id":"https:\/\/www.medibase-disposables.com\/es\/productos\/guantes-de-latex-sin-polvo-sensi\/#primaryimage"},"thumbnailUrl":"https:\/\/www.medibase-disposables.com\/wp-content\/uploads\/5-432.jpg","datePublished":"2020-11-23T21:49:48+00:00","dateModified":"2023-01-13T15:41:55+00:00","breadcrumb":{"@id":"https:\/\/www.medibase-disposables.com\/es\/productos\/guantes-de-latex-sin-polvo-sensi\/#breadcrumb"},"inLanguage":"es","potentialAction":[{"@type":"ReadAction","target":["https:\/\/www.medibase-disposables.com\/es\/productos\/guantes-de-latex-sin-polvo-sensi\/"]}]},{"@type":"ImageObject","inLanguage":"es","@id":"https:\/\/www.medibase-disposables.com\/es\/productos\/guantes-de-latex-sin-polvo-sensi\/#primaryimage","url":"https:\/\/www.medibase-disposables.com\/wp-content\/uploads\/5-432.jpg","contentUrl":"https:\/\/www.medibase-disposables.com\/wp-content\/uploads\/5-432.jpg","width":"950","height":"950"},{"@type":"BreadcrumbList","@id":"https:\/\/www.medibase-disposables.com\/es\/productos\/guantes-de-latex-sin-polvo-sensi\/#breadcrumb","itemListElement":[{"@type":"ListItem","position":1,"name":"Accueil","item":"https:\/\/www.medibase-disposables.com\/es\/"},{"@type":"ListItem","position":2,"name":"Productos","item":"https:\/\/www.medibase-disposables.com\/es\/productos\/"},{"@type":"ListItem","position":3,"name":"Guantes de latex sin polvo &#8211; SENSI+"}]},{"@type":"WebSite","@id":"https:\/\/www.medibase-disposables.com\/es\/#website","url":"https:\/\/www.medibase-disposables.com\/es\/","name":"Medibase","description":"Your everyday essentials","publisher":{"@id":"https:\/\/www.medibase-disposables.com\/es\/#organization"},"potentialAction":[{"@type":"SearchAction","target":{"@type":"EntryPoint","urlTemplate":"https:\/\/www.medibase-disposables.com\/es\/?s={search_term_string}"},"query-input":"required name=search_term_string"}],"inLanguage":"es"},{"@type":"Organization","@id":"https:\/\/www.medibase-disposables.com\/es\/#organization","name":"MEDIBASE","url":"https:\/\/www.medibase-disposables.com\/es\/","logo":{"@type":"ImageObject","inLanguage":"es","@id":"https:\/\/www.medibase-disposables.com\/es\/#\/schema\/logo\/image\/","url":"https:\/\/www.medibase-disposables.com\/wp-content\/uploads\/logo@2x.png","contentUrl":"https:\/\/www.medibase-disposables.com\/wp-content\/uploads\/logo@2x.png","width":501,"height":501,"caption":"MEDIBASE"},"image":{"@id":"https:\/\/www.medibase-disposables.com\/es\/#\/schema\/logo\/image\/"}}]}},"_links":{"self":[{"href":"https:\/\/www.medibase-disposables.com\/es\/wp-json\/wp\/v2\/product\/5274"}],"collection":[{"href":"https:\/\/www.medibase-disposables.com\/es\/wp-json\/wp\/v2\/product"}],"about":[{"href":"https:\/\/www.medibase-disposables.com\/es\/wp-json\/wp\/v2\/types\/product"}],"wp:featuredmedia":[{"embeddable":true,"href":"https:\/\/www.medibase-disposables.com\/es\/wp-json\/wp\/v2\/media\/5260"}],"wp:attachment":[{"href":"https:\/\/www.medibase-disposables.com\/es\/wp-json\/wp\/v2\/media?parent=5274"}],"wp:term":[{"taxonomy":"product_cat","embeddable":true,"href":"https:\/\/www.medibase-disposables.com\/es\/wp-json\/wp\/v2\/product_cat?post=5274"},{"taxonomy":"product_tag","embeddable":true,"href":"https:\/\/www.medibase-disposables.com\/es\/wp-json\/wp\/v2\/product_tag?post=5274"}],"curies":[{"name":"wp","href":"https:\/\/api.w.org\/{rel}","templated":true}]}}