{"id":5284,"date":"2018-07-31T14:14:31","date_gmt":"2020-11-23T21:52:06","guid":{"rendered":"https:\/\/www.medibase-disposables.com\/?post_type=product&#038;p=5284"},"modified":"2023-01-13T16:31:36","modified_gmt":"2023-01-13T15:31:36","slug":"guantes-de-nitrilo-sin-polvo-lavanda","status":"publish","type":"product","link":"https:\/\/www.medibase-disposables.com\/es\/productos\/guantes-de-nitrilo-sin-polvo-lavanda\/","title":{"rendered":"Guantes de nitrilo sin polvo Lavanda"},"content":{"rendered":"<p><strong>Caja de 100 guantes<\/strong><\/p>\n<table style=\"width: 99.8344%;\" width=\"100%\">\n<thead>\n<tr>\n<td style=\"width: 81.457%;\">Tama\u00f1os<\/td>\n<td style=\"width: 18.3775%;\" width=\"100\">\u00a0Ref.<\/td>\n<\/tr>\n<\/thead>\n<tbody>\n<tr>\n<td style=\"width: 81.457%;\">XS 5\/6<\/td>\n<td style=\"height: 28px; width: 18.3775%;\" width=\"100\">3135185<\/td>\n<\/tr>\n<tr>\n<td style=\"width: 81.457%;\">S 6\/7<\/td>\n<td style=\"height: 28px; width: 18.3775%;\" width=\"100\">3135186<\/td>\n<\/tr>\n<tr>\n<td style=\"width: 81.457%;\">M 7\/8<\/td>\n<td style=\"height: 28px; width: 18.3775%;\" width=\"100\">3135187<\/td>\n<\/tr>\n<tr>\n<td style=\"width: 81.457%;\">L 8\/9<\/td>\n<td style=\"height: 28px; width: 18.3775%;\" width=\"100\">3135188<\/td>\n<\/tr>\n<\/tbody>\n<\/table>\n<p>&nbsp;<\/p>\n","protected":false},"excerpt":{"rendered":"<p>Guantes de nitrilo sin polvo para ambas manos con superficie microtexturada.<\/p>\n<p><strong>Caracter\u00edsticas :<\/strong><\/p>\n<ul>\n<li>Gran resistencia.<\/li>\n<li>Excelente prensi\u00f3n.<\/li>\n<li>Permiten la manipulaci\u00f3n siliconas.<\/li>\n<li>Fabricados en conformidad con las normas europeas EN 455: 1-4 &amp; EN ISO 374-1;4;5.<\/li>\n<\/ul>\n<p>Clase: I.<\/p>\n<p>EPP Cat III.<\/p>\n<p>Fabricante : MAXTER GLOVE MANUFACTURING SDN BHD.<\/p>\n","protected":false},"featured_media":9404,"template":"","meta":{"_acf_changed":false},"product_cat":[291],"product_tag":[255],"acf":[],"yoast_head":"<!-- This site is optimized with the Yoast SEO plugin v22.3 - https:\/\/yoast.com\/wordpress\/plugins\/seo\/ -->\n<title>Guantes de nitrilo sin polvo Lavanda - Medibase<\/title>\n<meta name=\"robots\" content=\"index, follow, max-snippet:-1, max-image-preview:large, max-video-preview:-1\" \/>\n<link rel=\"canonical\" href=\"https:\/\/www.medibase-disposables.com\/es\/productos\/guantes-de-nitrilo-sin-polvo-lavanda\/\" \/>\n<meta property=\"og:locale\" content=\"es_ES\" \/>\n<meta property=\"og:type\" content=\"article\" \/>\n<meta property=\"og:title\" content=\"Guantes de nitrilo sin polvo Lavanda - Medibase\" \/>\n<meta property=\"og:description\" content=\"Guantes de nitrilo sin polvo para ambas manos con superficie microtexturada.  Caracter\u00edsticas :   Gran resistencia.  Excelente prensi\u00f3n.  Permiten la manipulaci\u00f3n siliconas.  Fabricados en conformidad con las normas europeas EN 455: 1-4 &amp; EN ISO 374-1;4;5.  Clase: I.  EPP Cat III.  Fabricante : MAXTER GLOVE MANUFACTURING SDN BHD.\" \/>\n<meta property=\"og:url\" content=\"https:\/\/www.medibase-disposables.com\/es\/productos\/guantes-de-nitrilo-sin-polvo-lavanda\/\" \/>\n<meta property=\"og:site_name\" content=\"Medibase\" \/>\n<meta property=\"article:modified_time\" content=\"2023-01-13T15:31:36+00:00\" \/>\n<meta property=\"og:image\" content=\"http:\/\/www.medibase-disposables.com\/wp-content\/uploads\/3135186_Visuel_Powder-Free-Nitrile-Gloves-RVB.jpg\" \/>\n\t<meta property=\"og:image:width\" content=\"1500\" \/>\n\t<meta property=\"og:image:height\" content=\"1500\" \/>\n\t<meta property=\"og:image:type\" content=\"image\/jpeg\" \/>\n<meta name=\"twitter:card\" content=\"summary_large_image\" \/>\n<meta name=\"twitter:label1\" content=\"Tiempo de lectura\" \/>\n\t<meta name=\"twitter:data1\" content=\"1 minuto\" \/>\n<script type=\"application\/ld+json\" class=\"yoast-schema-graph\">{\"@context\":\"https:\/\/schema.org\",\"@graph\":[{\"@type\":\"WebPage\",\"@id\":\"https:\/\/www.medibase-disposables.com\/es\/productos\/guantes-de-nitrilo-sin-polvo-lavanda\/\",\"url\":\"https:\/\/www.medibase-disposables.com\/es\/productos\/guantes-de-nitrilo-sin-polvo-lavanda\/\",\"name\":\"Guantes de nitrilo sin polvo Lavanda - Medibase\",\"isPartOf\":{\"@id\":\"https:\/\/www.medibase-disposables.com\/es\/#website\"},\"primaryImageOfPage\":{\"@id\":\"https:\/\/www.medibase-disposables.com\/es\/productos\/guantes-de-nitrilo-sin-polvo-lavanda\/#primaryimage\"},\"image\":{\"@id\":\"https:\/\/www.medibase-disposables.com\/es\/productos\/guantes-de-nitrilo-sin-polvo-lavanda\/#primaryimage\"},\"thumbnailUrl\":\"https:\/\/www.medibase-disposables.com\/wp-content\/uploads\/3135186_Visuel_Powder-Free-Nitrile-Gloves-RVB.jpg\",\"datePublished\":\"2020-11-23T21:52:06+00:00\",\"dateModified\":\"2023-01-13T15:31:36+00:00\",\"breadcrumb\":{\"@id\":\"https:\/\/www.medibase-disposables.com\/es\/productos\/guantes-de-nitrilo-sin-polvo-lavanda\/#breadcrumb\"},\"inLanguage\":\"es\",\"potentialAction\":[{\"@type\":\"ReadAction\",\"target\":[\"https:\/\/www.medibase-disposables.com\/es\/productos\/guantes-de-nitrilo-sin-polvo-lavanda\/\"]}]},{\"@type\":\"ImageObject\",\"inLanguage\":\"es\",\"@id\":\"https:\/\/www.medibase-disposables.com\/es\/productos\/guantes-de-nitrilo-sin-polvo-lavanda\/#primaryimage\",\"url\":\"https:\/\/www.medibase-disposables.com\/wp-content\/uploads\/3135186_Visuel_Powder-Free-Nitrile-Gloves-RVB.jpg\",\"contentUrl\":\"https:\/\/www.medibase-disposables.com\/wp-content\/uploads\/3135186_Visuel_Powder-Free-Nitrile-Gloves-RVB.jpg\",\"width\":1500,\"height\":1500},{\"@type\":\"BreadcrumbList\",\"@id\":\"https:\/\/www.medibase-disposables.com\/es\/productos\/guantes-de-nitrilo-sin-polvo-lavanda\/#breadcrumb\",\"itemListElement\":[{\"@type\":\"ListItem\",\"position\":1,\"name\":\"Accueil\",\"item\":\"https:\/\/www.medibase-disposables.com\/es\/\"},{\"@type\":\"ListItem\",\"position\":2,\"name\":\"Productos\",\"item\":\"https:\/\/www.medibase-disposables.com\/es\/productos\/\"},{\"@type\":\"ListItem\",\"position\":3,\"name\":\"Guantes de nitrilo sin polvo Lavanda\"}]},{\"@type\":\"WebSite\",\"@id\":\"https:\/\/www.medibase-disposables.com\/es\/#website\",\"url\":\"https:\/\/www.medibase-disposables.com\/es\/\",\"name\":\"Medibase\",\"description\":\"Your everyday essentials\",\"publisher\":{\"@id\":\"https:\/\/www.medibase-disposables.com\/es\/#organization\"},\"potentialAction\":[{\"@type\":\"SearchAction\",\"target\":{\"@type\":\"EntryPoint\",\"urlTemplate\":\"https:\/\/www.medibase-disposables.com\/es\/?s={search_term_string}\"},\"query-input\":\"required name=search_term_string\"}],\"inLanguage\":\"es\"},{\"@type\":\"Organization\",\"@id\":\"https:\/\/www.medibase-disposables.com\/es\/#organization\",\"name\":\"MEDIBASE\",\"url\":\"https:\/\/www.medibase-disposables.com\/es\/\",\"logo\":{\"@type\":\"ImageObject\",\"inLanguage\":\"es\",\"@id\":\"https:\/\/www.medibase-disposables.com\/es\/#\/schema\/logo\/image\/\",\"url\":\"https:\/\/www.medibase-disposables.com\/wp-content\/uploads\/logo@2x.png\",\"contentUrl\":\"https:\/\/www.medibase-disposables.com\/wp-content\/uploads\/logo@2x.png\",\"width\":501,\"height\":501,\"caption\":\"MEDIBASE\"},\"image\":{\"@id\":\"https:\/\/www.medibase-disposables.com\/es\/#\/schema\/logo\/image\/\"}}]}<\/script>\n<!-- \/ Yoast SEO plugin. -->","yoast_head_json":{"title":"Guantes de nitrilo sin polvo Lavanda - Medibase","robots":{"index":"index","follow":"follow","max-snippet":"max-snippet:-1","max-image-preview":"max-image-preview:large","max-video-preview":"max-video-preview:-1"},"canonical":"https:\/\/www.medibase-disposables.com\/es\/productos\/guantes-de-nitrilo-sin-polvo-lavanda\/","og_locale":"es_ES","og_type":"article","og_title":"Guantes de nitrilo sin polvo Lavanda - Medibase","og_description":"Guantes de nitrilo sin polvo para ambas manos con superficie microtexturada.  Caracter\u00edsticas :   Gran resistencia.  Excelente prensi\u00f3n.  Permiten la manipulaci\u00f3n siliconas.  Fabricados en conformidad con las normas europeas EN 455: 1-4 &amp; EN ISO 374-1;4;5.  Clase: I.  EPP Cat III.  Fabricante : MAXTER GLOVE MANUFACTURING SDN BHD.","og_url":"https:\/\/www.medibase-disposables.com\/es\/productos\/guantes-de-nitrilo-sin-polvo-lavanda\/","og_site_name":"Medibase","article_modified_time":"2023-01-13T15:31:36+00:00","og_image":[{"width":1500,"height":1500,"url":"http:\/\/www.medibase-disposables.com\/wp-content\/uploads\/3135186_Visuel_Powder-Free-Nitrile-Gloves-RVB.jpg","type":"image\/jpeg"}],"twitter_card":"summary_large_image","twitter_misc":{"Tiempo de lectura":"1 minuto"},"schema":{"@context":"https:\/\/schema.org","@graph":[{"@type":"WebPage","@id":"https:\/\/www.medibase-disposables.com\/es\/productos\/guantes-de-nitrilo-sin-polvo-lavanda\/","url":"https:\/\/www.medibase-disposables.com\/es\/productos\/guantes-de-nitrilo-sin-polvo-lavanda\/","name":"Guantes de nitrilo sin polvo Lavanda - Medibase","isPartOf":{"@id":"https:\/\/www.medibase-disposables.com\/es\/#website"},"primaryImageOfPage":{"@id":"https:\/\/www.medibase-disposables.com\/es\/productos\/guantes-de-nitrilo-sin-polvo-lavanda\/#primaryimage"},"image":{"@id":"https:\/\/www.medibase-disposables.com\/es\/productos\/guantes-de-nitrilo-sin-polvo-lavanda\/#primaryimage"},"thumbnailUrl":"https:\/\/www.medibase-disposables.com\/wp-content\/uploads\/3135186_Visuel_Powder-Free-Nitrile-Gloves-RVB.jpg","datePublished":"2020-11-23T21:52:06+00:00","dateModified":"2023-01-13T15:31:36+00:00","breadcrumb":{"@id":"https:\/\/www.medibase-disposables.com\/es\/productos\/guantes-de-nitrilo-sin-polvo-lavanda\/#breadcrumb"},"inLanguage":"es","potentialAction":[{"@type":"ReadAction","target":["https:\/\/www.medibase-disposables.com\/es\/productos\/guantes-de-nitrilo-sin-polvo-lavanda\/"]}]},{"@type":"ImageObject","inLanguage":"es","@id":"https:\/\/www.medibase-disposables.com\/es\/productos\/guantes-de-nitrilo-sin-polvo-lavanda\/#primaryimage","url":"https:\/\/www.medibase-disposables.com\/wp-content\/uploads\/3135186_Visuel_Powder-Free-Nitrile-Gloves-RVB.jpg","contentUrl":"https:\/\/www.medibase-disposables.com\/wp-content\/uploads\/3135186_Visuel_Powder-Free-Nitrile-Gloves-RVB.jpg","width":1500,"height":1500},{"@type":"BreadcrumbList","@id":"https:\/\/www.medibase-disposables.com\/es\/productos\/guantes-de-nitrilo-sin-polvo-lavanda\/#breadcrumb","itemListElement":[{"@type":"ListItem","position":1,"name":"Accueil","item":"https:\/\/www.medibase-disposables.com\/es\/"},{"@type":"ListItem","position":2,"name":"Productos","item":"https:\/\/www.medibase-disposables.com\/es\/productos\/"},{"@type":"ListItem","position":3,"name":"Guantes de nitrilo sin polvo Lavanda"}]},{"@type":"WebSite","@id":"https:\/\/www.medibase-disposables.com\/es\/#website","url":"https:\/\/www.medibase-disposables.com\/es\/","name":"Medibase","description":"Your everyday essentials","publisher":{"@id":"https:\/\/www.medibase-disposables.com\/es\/#organization"},"potentialAction":[{"@type":"SearchAction","target":{"@type":"EntryPoint","urlTemplate":"https:\/\/www.medibase-disposables.com\/es\/?s={search_term_string}"},"query-input":"required name=search_term_string"}],"inLanguage":"es"},{"@type":"Organization","@id":"https:\/\/www.medibase-disposables.com\/es\/#organization","name":"MEDIBASE","url":"https:\/\/www.medibase-disposables.com\/es\/","logo":{"@type":"ImageObject","inLanguage":"es","@id":"https:\/\/www.medibase-disposables.com\/es\/#\/schema\/logo\/image\/","url":"https:\/\/www.medibase-disposables.com\/wp-content\/uploads\/logo@2x.png","contentUrl":"https:\/\/www.medibase-disposables.com\/wp-content\/uploads\/logo@2x.png","width":501,"height":501,"caption":"MEDIBASE"},"image":{"@id":"https:\/\/www.medibase-disposables.com\/es\/#\/schema\/logo\/image\/"}}]}},"_links":{"self":[{"href":"https:\/\/www.medibase-disposables.com\/es\/wp-json\/wp\/v2\/product\/5284"}],"collection":[{"href":"https:\/\/www.medibase-disposables.com\/es\/wp-json\/wp\/v2\/product"}],"about":[{"href":"https:\/\/www.medibase-disposables.com\/es\/wp-json\/wp\/v2\/types\/product"}],"wp:featuredmedia":[{"embeddable":true,"href":"https:\/\/www.medibase-disposables.com\/es\/wp-json\/wp\/v2\/media\/9404"}],"wp:attachment":[{"href":"https:\/\/www.medibase-disposables.com\/es\/wp-json\/wp\/v2\/media?parent=5284"}],"wp:term":[{"taxonomy":"product_cat","embeddable":true,"href":"https:\/\/www.medibase-disposables.com\/es\/wp-json\/wp\/v2\/product_cat?post=5284"},{"taxonomy":"product_tag","embeddable":true,"href":"https:\/\/www.medibase-disposables.com\/es\/wp-json\/wp\/v2\/product_tag?post=5284"}],"curies":[{"name":"wp","href":"https:\/\/api.w.org\/{rel}","templated":true}]}}