{"id":5453,"date":"2018-07-30T14:22:10","date_gmt":"2020-11-23T22:22:02","guid":{"rendered":"https:\/\/www.medibase-disposables.com\/?post_type=product&#038;p=5453"},"modified":"2022-11-17T10:21:23","modified_gmt":"2022-11-17T09:21:23","slug":"mini-pinceles","status":"publish","type":"product","link":"https:\/\/www.medibase-disposables.com\/es\/productos\/mini-pinceles\/","title":{"rendered":"Mini-pinceles"},"content":{"rendered":"<p><strong>Caja de 100 pinceles<\/strong><\/p>\n<table class=\"content_table\" border=\"0\" width=\"100%\">\n<thead>\n<tr>\n<td><strong>Designaci\u00f3n<\/strong><\/td>\n<td><strong>Ref.<\/strong><\/td>\n<\/tr>\n<\/thead>\n<tbody>\n<tr class=\"gray\">\n<td>Pinceles verdes<\/td>\n<td>3134139<\/td>\n<\/tr>\n<\/tbody>\n<\/table>\n<p>&nbsp;<\/p>\n","protected":false},"excerpt":{"rendered":"<p>Fibras regulares para una perfecta aplicaci\u00f3n. Largo: 105 mm.<\/p>\n<p><strong>Caracter\u00edsticas:<\/strong><\/p>\n<ul>\n<li>Plegables, para acceder f\u00e1cilmente a todas las zonas posibles de aplicaci\u00f3n.<\/li>\n<li><strong>Econ\u00f3mico:<\/strong> La gran precisi\u00f3n de los cepillos reduce la cantidad de soluci\u00f3n a utilizar.<\/li>\n<\/ul>\n<p>Clase: I.<br \/>\nFabricante : NOVOBRUSH.<\/p>\n","protected":false},"featured_media":7004,"template":"","meta":{"_acf_changed":false},"product_cat":[293],"product_tag":[],"acf":[],"yoast_head":"<!-- This site is optimized with the Yoast SEO plugin v22.3 - https:\/\/yoast.com\/wordpress\/plugins\/seo\/ -->\n<title>Mini-pinceles - Medibase<\/title>\n<meta name=\"robots\" content=\"index, follow, max-snippet:-1, max-image-preview:large, max-video-preview:-1\" \/>\n<link rel=\"canonical\" href=\"https:\/\/www.medibase-disposables.com\/es\/productos\/mini-pinceles\/\" \/>\n<meta property=\"og:locale\" content=\"es_ES\" \/>\n<meta property=\"og:type\" content=\"article\" \/>\n<meta property=\"og:title\" content=\"Mini-pinceles - Medibase\" \/>\n<meta property=\"og:description\" content=\"Fibras regulares para una perfecta aplicaci\u00f3n. Largo: 105 mm.  Caracter\u00edsticas:   Plegables, para acceder f\u00e1cilmente a todas las zonas posibles de aplicaci\u00f3n.  Econ\u00f3mico: La gran precisi\u00f3n de los cepillos reduce la cantidad de soluci\u00f3n a utilizar.  Clase: I. Fabricante : NOVOBRUSH.\" \/>\n<meta property=\"og:url\" content=\"https:\/\/www.medibase-disposables.com\/es\/productos\/mini-pinceles\/\" \/>\n<meta property=\"og:site_name\" content=\"Medibase\" \/>\n<meta property=\"article:modified_time\" content=\"2022-11-17T09:21:23+00:00\" \/>\n<meta property=\"og:image\" content=\"http:\/\/www.medibase-disposables.com\/wp-content\/uploads\/3134139_Visuel_Disposable-Mini-brusches_RVB.jpg\" \/>\n\t<meta property=\"og:image:width\" content=\"2000\" \/>\n\t<meta property=\"og:image:height\" content=\"2000\" \/>\n\t<meta property=\"og:image:type\" content=\"image\/jpeg\" \/>\n<meta name=\"twitter:card\" content=\"summary_large_image\" \/>\n<meta name=\"twitter:label1\" content=\"Tiempo de lectura\" \/>\n\t<meta name=\"twitter:data1\" content=\"1 minuto\" \/>\n<script type=\"application\/ld+json\" class=\"yoast-schema-graph\">{\"@context\":\"https:\/\/schema.org\",\"@graph\":[{\"@type\":\"WebPage\",\"@id\":\"https:\/\/www.medibase-disposables.com\/es\/productos\/mini-pinceles\/\",\"url\":\"https:\/\/www.medibase-disposables.com\/es\/productos\/mini-pinceles\/\",\"name\":\"Mini-pinceles - Medibase\",\"isPartOf\":{\"@id\":\"https:\/\/www.medibase-disposables.com\/es\/#website\"},\"primaryImageOfPage\":{\"@id\":\"https:\/\/www.medibase-disposables.com\/es\/productos\/mini-pinceles\/#primaryimage\"},\"image\":{\"@id\":\"https:\/\/www.medibase-disposables.com\/es\/productos\/mini-pinceles\/#primaryimage\"},\"thumbnailUrl\":\"https:\/\/www.medibase-disposables.com\/wp-content\/uploads\/3134139_Visuel_Disposable-Mini-brusches_RVB.jpg\",\"datePublished\":\"2020-11-23T22:22:02+00:00\",\"dateModified\":\"2022-11-17T09:21:23+00:00\",\"breadcrumb\":{\"@id\":\"https:\/\/www.medibase-disposables.com\/es\/productos\/mini-pinceles\/#breadcrumb\"},\"inLanguage\":\"es\",\"potentialAction\":[{\"@type\":\"ReadAction\",\"target\":[\"https:\/\/www.medibase-disposables.com\/es\/productos\/mini-pinceles\/\"]}]},{\"@type\":\"ImageObject\",\"inLanguage\":\"es\",\"@id\":\"https:\/\/www.medibase-disposables.com\/es\/productos\/mini-pinceles\/#primaryimage\",\"url\":\"https:\/\/www.medibase-disposables.com\/wp-content\/uploads\/3134139_Visuel_Disposable-Mini-brusches_RVB.jpg\",\"contentUrl\":\"https:\/\/www.medibase-disposables.com\/wp-content\/uploads\/3134139_Visuel_Disposable-Mini-brusches_RVB.jpg\",\"width\":2000,\"height\":2000,\"caption\":\"[#Beginning of Shooting Data Section] Nikon D2X 2005\/12\/02 12:37:50.3 Compress\u00c8es RAW (12 bits) Taille d'image: Grande (4288 x 2848) Objectif : 105mm F\/2.8 D Focale : 105mm Mode d'exposition : Priorit\u00c8 ouverture Mode de mesure : Multizones 1\/15 seconde(s) - F\/22 Correction d'exposition : +0.7 IL Sensibilit\u00c8 : ISO 100 Optim. image : Balance des blancs : Temp. de couleurs (2950 K) Mode de AF : AF-S Mode synchro flash: Non joint Mode couleur : Mode III (sRVB) Correction des tons: Normale R\u00c8glage des teintes : 0\u221e Saturation : Normale Nettet\u00c8 Image : Normale Commentaire de l'image R\u00c8duction du bruit : D\u00c8sactiv\u00c8e R\u00c8duc. bruit ISO : D\u00c8sactiv\u00c8e [#End of Shooting Data Section]\"},{\"@type\":\"BreadcrumbList\",\"@id\":\"https:\/\/www.medibase-disposables.com\/es\/productos\/mini-pinceles\/#breadcrumb\",\"itemListElement\":[{\"@type\":\"ListItem\",\"position\":1,\"name\":\"Accueil\",\"item\":\"https:\/\/www.medibase-disposables.com\/es\/\"},{\"@type\":\"ListItem\",\"position\":2,\"name\":\"Productos\",\"item\":\"https:\/\/www.medibase-disposables.com\/es\/productos\/\"},{\"@type\":\"ListItem\",\"position\":3,\"name\":\"Mini-pinceles\"}]},{\"@type\":\"WebSite\",\"@id\":\"https:\/\/www.medibase-disposables.com\/es\/#website\",\"url\":\"https:\/\/www.medibase-disposables.com\/es\/\",\"name\":\"Medibase\",\"description\":\"Your everyday essentials\",\"publisher\":{\"@id\":\"https:\/\/www.medibase-disposables.com\/es\/#organization\"},\"potentialAction\":[{\"@type\":\"SearchAction\",\"target\":{\"@type\":\"EntryPoint\",\"urlTemplate\":\"https:\/\/www.medibase-disposables.com\/es\/?s={search_term_string}\"},\"query-input\":\"required name=search_term_string\"}],\"inLanguage\":\"es\"},{\"@type\":\"Organization\",\"@id\":\"https:\/\/www.medibase-disposables.com\/es\/#organization\",\"name\":\"MEDIBASE\",\"url\":\"https:\/\/www.medibase-disposables.com\/es\/\",\"logo\":{\"@type\":\"ImageObject\",\"inLanguage\":\"es\",\"@id\":\"https:\/\/www.medibase-disposables.com\/es\/#\/schema\/logo\/image\/\",\"url\":\"https:\/\/www.medibase-disposables.com\/wp-content\/uploads\/logo@2x.png\",\"contentUrl\":\"https:\/\/www.medibase-disposables.com\/wp-content\/uploads\/logo@2x.png\",\"width\":501,\"height\":501,\"caption\":\"MEDIBASE\"},\"image\":{\"@id\":\"https:\/\/www.medibase-disposables.com\/es\/#\/schema\/logo\/image\/\"}}]}<\/script>\n<!-- \/ Yoast SEO plugin. -->","yoast_head_json":{"title":"Mini-pinceles - Medibase","robots":{"index":"index","follow":"follow","max-snippet":"max-snippet:-1","max-image-preview":"max-image-preview:large","max-video-preview":"max-video-preview:-1"},"canonical":"https:\/\/www.medibase-disposables.com\/es\/productos\/mini-pinceles\/","og_locale":"es_ES","og_type":"article","og_title":"Mini-pinceles - Medibase","og_description":"Fibras regulares para una perfecta aplicaci\u00f3n. Largo: 105 mm.  Caracter\u00edsticas:   Plegables, para acceder f\u00e1cilmente a todas las zonas posibles de aplicaci\u00f3n.  Econ\u00f3mico: La gran precisi\u00f3n de los cepillos reduce la cantidad de soluci\u00f3n a utilizar.  Clase: I. Fabricante : NOVOBRUSH.","og_url":"https:\/\/www.medibase-disposables.com\/es\/productos\/mini-pinceles\/","og_site_name":"Medibase","article_modified_time":"2022-11-17T09:21:23+00:00","og_image":[{"width":2000,"height":2000,"url":"http:\/\/www.medibase-disposables.com\/wp-content\/uploads\/3134139_Visuel_Disposable-Mini-brusches_RVB.jpg","type":"image\/jpeg"}],"twitter_card":"summary_large_image","twitter_misc":{"Tiempo de lectura":"1 minuto"},"schema":{"@context":"https:\/\/schema.org","@graph":[{"@type":"WebPage","@id":"https:\/\/www.medibase-disposables.com\/es\/productos\/mini-pinceles\/","url":"https:\/\/www.medibase-disposables.com\/es\/productos\/mini-pinceles\/","name":"Mini-pinceles - Medibase","isPartOf":{"@id":"https:\/\/www.medibase-disposables.com\/es\/#website"},"primaryImageOfPage":{"@id":"https:\/\/www.medibase-disposables.com\/es\/productos\/mini-pinceles\/#primaryimage"},"image":{"@id":"https:\/\/www.medibase-disposables.com\/es\/productos\/mini-pinceles\/#primaryimage"},"thumbnailUrl":"https:\/\/www.medibase-disposables.com\/wp-content\/uploads\/3134139_Visuel_Disposable-Mini-brusches_RVB.jpg","datePublished":"2020-11-23T22:22:02+00:00","dateModified":"2022-11-17T09:21:23+00:00","breadcrumb":{"@id":"https:\/\/www.medibase-disposables.com\/es\/productos\/mini-pinceles\/#breadcrumb"},"inLanguage":"es","potentialAction":[{"@type":"ReadAction","target":["https:\/\/www.medibase-disposables.com\/es\/productos\/mini-pinceles\/"]}]},{"@type":"ImageObject","inLanguage":"es","@id":"https:\/\/www.medibase-disposables.com\/es\/productos\/mini-pinceles\/#primaryimage","url":"https:\/\/www.medibase-disposables.com\/wp-content\/uploads\/3134139_Visuel_Disposable-Mini-brusches_RVB.jpg","contentUrl":"https:\/\/www.medibase-disposables.com\/wp-content\/uploads\/3134139_Visuel_Disposable-Mini-brusches_RVB.jpg","width":2000,"height":2000,"caption":"[#Beginning of Shooting Data Section] Nikon D2X 2005\/12\/02 12:37:50.3 Compress\u00c8es RAW (12 bits) Taille d'image: Grande (4288 x 2848) Objectif : 105mm F\/2.8 D Focale : 105mm Mode d'exposition : Priorit\u00c8 ouverture Mode de mesure : Multizones 1\/15 seconde(s) - F\/22 Correction d'exposition : +0.7 IL Sensibilit\u00c8 : ISO 100 Optim. image : Balance des blancs : Temp. de couleurs (2950 K) Mode de AF : AF-S Mode synchro flash: Non joint Mode couleur : Mode III (sRVB) Correction des tons: Normale R\u00c8glage des teintes : 0\u221e Saturation : Normale Nettet\u00c8 Image : Normale Commentaire de l'image R\u00c8duction du bruit : D\u00c8sactiv\u00c8e R\u00c8duc. bruit ISO : D\u00c8sactiv\u00c8e [#End of Shooting Data Section]"},{"@type":"BreadcrumbList","@id":"https:\/\/www.medibase-disposables.com\/es\/productos\/mini-pinceles\/#breadcrumb","itemListElement":[{"@type":"ListItem","position":1,"name":"Accueil","item":"https:\/\/www.medibase-disposables.com\/es\/"},{"@type":"ListItem","position":2,"name":"Productos","item":"https:\/\/www.medibase-disposables.com\/es\/productos\/"},{"@type":"ListItem","position":3,"name":"Mini-pinceles"}]},{"@type":"WebSite","@id":"https:\/\/www.medibase-disposables.com\/es\/#website","url":"https:\/\/www.medibase-disposables.com\/es\/","name":"Medibase","description":"Your everyday essentials","publisher":{"@id":"https:\/\/www.medibase-disposables.com\/es\/#organization"},"potentialAction":[{"@type":"SearchAction","target":{"@type":"EntryPoint","urlTemplate":"https:\/\/www.medibase-disposables.com\/es\/?s={search_term_string}"},"query-input":"required name=search_term_string"}],"inLanguage":"es"},{"@type":"Organization","@id":"https:\/\/www.medibase-disposables.com\/es\/#organization","name":"MEDIBASE","url":"https:\/\/www.medibase-disposables.com\/es\/","logo":{"@type":"ImageObject","inLanguage":"es","@id":"https:\/\/www.medibase-disposables.com\/es\/#\/schema\/logo\/image\/","url":"https:\/\/www.medibase-disposables.com\/wp-content\/uploads\/logo@2x.png","contentUrl":"https:\/\/www.medibase-disposables.com\/wp-content\/uploads\/logo@2x.png","width":501,"height":501,"caption":"MEDIBASE"},"image":{"@id":"https:\/\/www.medibase-disposables.com\/es\/#\/schema\/logo\/image\/"}}]}},"_links":{"self":[{"href":"https:\/\/www.medibase-disposables.com\/es\/wp-json\/wp\/v2\/product\/5453"}],"collection":[{"href":"https:\/\/www.medibase-disposables.com\/es\/wp-json\/wp\/v2\/product"}],"about":[{"href":"https:\/\/www.medibase-disposables.com\/es\/wp-json\/wp\/v2\/types\/product"}],"wp:featuredmedia":[{"embeddable":true,"href":"https:\/\/www.medibase-disposables.com\/es\/wp-json\/wp\/v2\/media\/7004"}],"wp:attachment":[{"href":"https:\/\/www.medibase-disposables.com\/es\/wp-json\/wp\/v2\/media?parent=5453"}],"wp:term":[{"taxonomy":"product_cat","embeddable":true,"href":"https:\/\/www.medibase-disposables.com\/es\/wp-json\/wp\/v2\/product_cat?post=5453"},{"taxonomy":"product_tag","embeddable":true,"href":"https:\/\/www.medibase-disposables.com\/es\/wp-json\/wp\/v2\/product_tag?post=5453"}],"curies":[{"name":"wp","href":"https:\/\/api.w.org\/{rel}","templated":true}]}}