{"id":5481,"date":"2018-07-30T14:49:04","date_gmt":"2020-11-23T22:26:23","guid":{"rendered":"https:\/\/www.medibase-disposables.com\/?post_type=product&#038;p=5481"},"modified":"2022-11-17T10:26:40","modified_gmt":"2022-11-17T09:26:40","slug":"pipetas-de-plastico","status":"publish","type":"product","link":"https:\/\/www.medibase-disposables.com\/es\/productos\/pipetas-de-plastico\/","title":{"rendered":"Pipetas de pl\u00e1stico"},"content":{"rendered":"<p><strong>Caja de 500 pipetas de pl\u00e1stico<\/strong><\/p>\n<table width=\"100%\">\n<thead>\n<tr>\n<td>La descripci\u00f3n<\/td>\n<td width=\"100\">Ref.<\/td>\n<\/tr>\n<\/thead>\n<tbody>\n<tr>\n<td>Pipetas de pl\u00e1stico<\/td>\n<td width=\"100\">3125132<\/td>\n<\/tr>\n<\/tbody>\n<\/table>\n<p>&nbsp;<\/p>\n","protected":false},"excerpt":{"rendered":"<p>Pipetas de pl\u00e1stico desechables para la toma de muestras precisas de todos los l\u00edquidos para uso dental.<\/p>\n<p><strong>Caracter\u00edsticas:<\/strong><\/p>\n<p>&#8211; Punta delgada y s\u00f3lida de 1 cm.<br \/>\n&#8211; Capacidad: 0,5 ml.<\/p>\n<p>Clase I.<br \/>\nFabricante: BRAGE NILSSON KB.<\/p>\n","protected":false},"featured_media":6998,"template":"","meta":{"_acf_changed":false},"product_cat":[293],"product_tag":[],"acf":[],"yoast_head":"<!-- This site is optimized with the Yoast SEO plugin v22.3 - https:\/\/yoast.com\/wordpress\/plugins\/seo\/ -->\n<title>Pipetas de pl\u00e1stico - Medibase<\/title>\n<meta name=\"robots\" content=\"index, follow, max-snippet:-1, max-image-preview:large, max-video-preview:-1\" \/>\n<link rel=\"canonical\" href=\"https:\/\/www.medibase-disposables.com\/es\/productos\/pipetas-de-plastico\/\" \/>\n<meta property=\"og:locale\" content=\"es_ES\" \/>\n<meta property=\"og:type\" content=\"article\" \/>\n<meta property=\"og:title\" content=\"Pipetas de pl\u00e1stico - Medibase\" \/>\n<meta property=\"og:description\" content=\"Pipetas de pl\u00e1stico desechables para la toma de muestras precisas de todos los l\u00edquidos para uso dental.  Caracter\u00edsticas:  - Punta delgada y s\u00f3lida de 1 cm. - Capacidad: 0,5 ml.  Clase I. Fabricante: BRAGE NILSSON KB.\" \/>\n<meta property=\"og:url\" content=\"https:\/\/www.medibase-disposables.com\/es\/productos\/pipetas-de-plastico\/\" \/>\n<meta property=\"og:site_name\" content=\"Medibase\" \/>\n<meta property=\"article:modified_time\" content=\"2022-11-17T09:26:40+00:00\" \/>\n<meta property=\"og:image\" content=\"http:\/\/www.medibase-disposables.com\/wp-content\/uploads\/MED0221050_Visuel_Disposable-Plastic-pipettes_RVB.jpg\" \/>\n\t<meta property=\"og:image:width\" content=\"2000\" \/>\n\t<meta property=\"og:image:height\" content=\"2000\" \/>\n\t<meta property=\"og:image:type\" content=\"image\/jpeg\" \/>\n<meta name=\"twitter:card\" content=\"summary_large_image\" \/>\n<meta name=\"twitter:label1\" content=\"Tiempo de lectura\" \/>\n\t<meta name=\"twitter:data1\" content=\"1 minuto\" \/>\n<script type=\"application\/ld+json\" class=\"yoast-schema-graph\">{\"@context\":\"https:\/\/schema.org\",\"@graph\":[{\"@type\":\"WebPage\",\"@id\":\"https:\/\/www.medibase-disposables.com\/es\/productos\/pipetas-de-plastico\/\",\"url\":\"https:\/\/www.medibase-disposables.com\/es\/productos\/pipetas-de-plastico\/\",\"name\":\"Pipetas de pl\u00e1stico - Medibase\",\"isPartOf\":{\"@id\":\"https:\/\/www.medibase-disposables.com\/es\/#website\"},\"primaryImageOfPage\":{\"@id\":\"https:\/\/www.medibase-disposables.com\/es\/productos\/pipetas-de-plastico\/#primaryimage\"},\"image\":{\"@id\":\"https:\/\/www.medibase-disposables.com\/es\/productos\/pipetas-de-plastico\/#primaryimage\"},\"thumbnailUrl\":\"https:\/\/www.medibase-disposables.com\/wp-content\/uploads\/MED0221050_Visuel_Disposable-Plastic-pipettes_RVB.jpg\",\"datePublished\":\"2020-11-23T22:26:23+00:00\",\"dateModified\":\"2022-11-17T09:26:40+00:00\",\"breadcrumb\":{\"@id\":\"https:\/\/www.medibase-disposables.com\/es\/productos\/pipetas-de-plastico\/#breadcrumb\"},\"inLanguage\":\"es\",\"potentialAction\":[{\"@type\":\"ReadAction\",\"target\":[\"https:\/\/www.medibase-disposables.com\/es\/productos\/pipetas-de-plastico\/\"]}]},{\"@type\":\"ImageObject\",\"inLanguage\":\"es\",\"@id\":\"https:\/\/www.medibase-disposables.com\/es\/productos\/pipetas-de-plastico\/#primaryimage\",\"url\":\"https:\/\/www.medibase-disposables.com\/wp-content\/uploads\/MED0221050_Visuel_Disposable-Plastic-pipettes_RVB.jpg\",\"contentUrl\":\"https:\/\/www.medibase-disposables.com\/wp-content\/uploads\/MED0221050_Visuel_Disposable-Plastic-pipettes_RVB.jpg\",\"width\":2000,\"height\":2000},{\"@type\":\"BreadcrumbList\",\"@id\":\"https:\/\/www.medibase-disposables.com\/es\/productos\/pipetas-de-plastico\/#breadcrumb\",\"itemListElement\":[{\"@type\":\"ListItem\",\"position\":1,\"name\":\"Accueil\",\"item\":\"https:\/\/www.medibase-disposables.com\/es\/\"},{\"@type\":\"ListItem\",\"position\":2,\"name\":\"Productos\",\"item\":\"https:\/\/www.medibase-disposables.com\/es\/productos\/\"},{\"@type\":\"ListItem\",\"position\":3,\"name\":\"Pipetas de pl\u00e1stico\"}]},{\"@type\":\"WebSite\",\"@id\":\"https:\/\/www.medibase-disposables.com\/es\/#website\",\"url\":\"https:\/\/www.medibase-disposables.com\/es\/\",\"name\":\"Medibase\",\"description\":\"Your everyday essentials\",\"publisher\":{\"@id\":\"https:\/\/www.medibase-disposables.com\/es\/#organization\"},\"potentialAction\":[{\"@type\":\"SearchAction\",\"target\":{\"@type\":\"EntryPoint\",\"urlTemplate\":\"https:\/\/www.medibase-disposables.com\/es\/?s={search_term_string}\"},\"query-input\":\"required name=search_term_string\"}],\"inLanguage\":\"es\"},{\"@type\":\"Organization\",\"@id\":\"https:\/\/www.medibase-disposables.com\/es\/#organization\",\"name\":\"MEDIBASE\",\"url\":\"https:\/\/www.medibase-disposables.com\/es\/\",\"logo\":{\"@type\":\"ImageObject\",\"inLanguage\":\"es\",\"@id\":\"https:\/\/www.medibase-disposables.com\/es\/#\/schema\/logo\/image\/\",\"url\":\"https:\/\/www.medibase-disposables.com\/wp-content\/uploads\/logo@2x.png\",\"contentUrl\":\"https:\/\/www.medibase-disposables.com\/wp-content\/uploads\/logo@2x.png\",\"width\":501,\"height\":501,\"caption\":\"MEDIBASE\"},\"image\":{\"@id\":\"https:\/\/www.medibase-disposables.com\/es\/#\/schema\/logo\/image\/\"}}]}<\/script>\n<!-- \/ Yoast SEO plugin. -->","yoast_head_json":{"title":"Pipetas de pl\u00e1stico - Medibase","robots":{"index":"index","follow":"follow","max-snippet":"max-snippet:-1","max-image-preview":"max-image-preview:large","max-video-preview":"max-video-preview:-1"},"canonical":"https:\/\/www.medibase-disposables.com\/es\/productos\/pipetas-de-plastico\/","og_locale":"es_ES","og_type":"article","og_title":"Pipetas de pl\u00e1stico - Medibase","og_description":"Pipetas de pl\u00e1stico desechables para la toma de muestras precisas de todos los l\u00edquidos para uso dental.  Caracter\u00edsticas:  - Punta delgada y s\u00f3lida de 1 cm. - Capacidad: 0,5 ml.  Clase I. Fabricante: BRAGE NILSSON KB.","og_url":"https:\/\/www.medibase-disposables.com\/es\/productos\/pipetas-de-plastico\/","og_site_name":"Medibase","article_modified_time":"2022-11-17T09:26:40+00:00","og_image":[{"width":2000,"height":2000,"url":"http:\/\/www.medibase-disposables.com\/wp-content\/uploads\/MED0221050_Visuel_Disposable-Plastic-pipettes_RVB.jpg","type":"image\/jpeg"}],"twitter_card":"summary_large_image","twitter_misc":{"Tiempo de lectura":"1 minuto"},"schema":{"@context":"https:\/\/schema.org","@graph":[{"@type":"WebPage","@id":"https:\/\/www.medibase-disposables.com\/es\/productos\/pipetas-de-plastico\/","url":"https:\/\/www.medibase-disposables.com\/es\/productos\/pipetas-de-plastico\/","name":"Pipetas de pl\u00e1stico - Medibase","isPartOf":{"@id":"https:\/\/www.medibase-disposables.com\/es\/#website"},"primaryImageOfPage":{"@id":"https:\/\/www.medibase-disposables.com\/es\/productos\/pipetas-de-plastico\/#primaryimage"},"image":{"@id":"https:\/\/www.medibase-disposables.com\/es\/productos\/pipetas-de-plastico\/#primaryimage"},"thumbnailUrl":"https:\/\/www.medibase-disposables.com\/wp-content\/uploads\/MED0221050_Visuel_Disposable-Plastic-pipettes_RVB.jpg","datePublished":"2020-11-23T22:26:23+00:00","dateModified":"2022-11-17T09:26:40+00:00","breadcrumb":{"@id":"https:\/\/www.medibase-disposables.com\/es\/productos\/pipetas-de-plastico\/#breadcrumb"},"inLanguage":"es","potentialAction":[{"@type":"ReadAction","target":["https:\/\/www.medibase-disposables.com\/es\/productos\/pipetas-de-plastico\/"]}]},{"@type":"ImageObject","inLanguage":"es","@id":"https:\/\/www.medibase-disposables.com\/es\/productos\/pipetas-de-plastico\/#primaryimage","url":"https:\/\/www.medibase-disposables.com\/wp-content\/uploads\/MED0221050_Visuel_Disposable-Plastic-pipettes_RVB.jpg","contentUrl":"https:\/\/www.medibase-disposables.com\/wp-content\/uploads\/MED0221050_Visuel_Disposable-Plastic-pipettes_RVB.jpg","width":2000,"height":2000},{"@type":"BreadcrumbList","@id":"https:\/\/www.medibase-disposables.com\/es\/productos\/pipetas-de-plastico\/#breadcrumb","itemListElement":[{"@type":"ListItem","position":1,"name":"Accueil","item":"https:\/\/www.medibase-disposables.com\/es\/"},{"@type":"ListItem","position":2,"name":"Productos","item":"https:\/\/www.medibase-disposables.com\/es\/productos\/"},{"@type":"ListItem","position":3,"name":"Pipetas de pl\u00e1stico"}]},{"@type":"WebSite","@id":"https:\/\/www.medibase-disposables.com\/es\/#website","url":"https:\/\/www.medibase-disposables.com\/es\/","name":"Medibase","description":"Your everyday essentials","publisher":{"@id":"https:\/\/www.medibase-disposables.com\/es\/#organization"},"potentialAction":[{"@type":"SearchAction","target":{"@type":"EntryPoint","urlTemplate":"https:\/\/www.medibase-disposables.com\/es\/?s={search_term_string}"},"query-input":"required name=search_term_string"}],"inLanguage":"es"},{"@type":"Organization","@id":"https:\/\/www.medibase-disposables.com\/es\/#organization","name":"MEDIBASE","url":"https:\/\/www.medibase-disposables.com\/es\/","logo":{"@type":"ImageObject","inLanguage":"es","@id":"https:\/\/www.medibase-disposables.com\/es\/#\/schema\/logo\/image\/","url":"https:\/\/www.medibase-disposables.com\/wp-content\/uploads\/logo@2x.png","contentUrl":"https:\/\/www.medibase-disposables.com\/wp-content\/uploads\/logo@2x.png","width":501,"height":501,"caption":"MEDIBASE"},"image":{"@id":"https:\/\/www.medibase-disposables.com\/es\/#\/schema\/logo\/image\/"}}]}},"_links":{"self":[{"href":"https:\/\/www.medibase-disposables.com\/es\/wp-json\/wp\/v2\/product\/5481"}],"collection":[{"href":"https:\/\/www.medibase-disposables.com\/es\/wp-json\/wp\/v2\/product"}],"about":[{"href":"https:\/\/www.medibase-disposables.com\/es\/wp-json\/wp\/v2\/types\/product"}],"wp:featuredmedia":[{"embeddable":true,"href":"https:\/\/www.medibase-disposables.com\/es\/wp-json\/wp\/v2\/media\/6998"}],"wp:attachment":[{"href":"https:\/\/www.medibase-disposables.com\/es\/wp-json\/wp\/v2\/media?parent=5481"}],"wp:term":[{"taxonomy":"product_cat","embeddable":true,"href":"https:\/\/www.medibase-disposables.com\/es\/wp-json\/wp\/v2\/product_cat?post=5481"},{"taxonomy":"product_tag","embeddable":true,"href":"https:\/\/www.medibase-disposables.com\/es\/wp-json\/wp\/v2\/product_tag?post=5481"}],"curies":[{"name":"wp","href":"https:\/\/api.w.org\/{rel}","templated":true}]}}