{"id":5526,"date":"2018-07-30T16:14:24","date_gmt":"2020-11-23T22:31:42","guid":{"rendered":"https:\/\/www.medibase-disposables.com\/?post_type=product&#038;p=5526"},"modified":"2025-08-19T17:53:07","modified_gmt":"2025-08-19T15:53:07","slug":"fichas-porta-radiografias","status":"publish","type":"product","link":"https:\/\/www.medibase-disposables.com\/es\/productos\/fichas-porta-radiografias\/","title":{"rendered":"Fichas porta-radiograf\u00edas"},"content":{"rendered":"<p><strong>Fichas porta-radiograf\u00edas<\/strong><\/p>\n<p>&nbsp;<\/p>\n<table width=\"100%\">\n<thead>\n<tr>\n<td>Designaci\u00f3n<\/td>\n<td width=\"100\">Ref.<\/td>\n<\/tr>\n<\/thead>\n<tbody>\n<tr>\n<td>La caja de 504 bolsas en rollos<\/td>\n<td width=\"100\">135617<\/td>\n<\/tr>\n<tr>\n<td>La caja de 1008 bolsas (tabla)<\/td>\n<td width=\"100\">135337<\/td>\n<\/tr>\n<\/tbody>\n<\/table>\n<p>&nbsp;<\/p>\n","protected":false},"excerpt":{"rendered":"<p>Para el examen radiol\u00f3gico bucal completo. Para radiograf\u00edas periapicales de adultos y ni\u00f1os.<\/p>\n<p><strong>Fichas porta-radiograf\u00edas en rollos\u00a0:<\/strong><\/p>\n<p>&#8211; Rollo de 504 fichas en una caja de distribuci\u00f3n.<br \/>\n-Fundas separables y utilizables de forma unitaria.<br \/>\n-Dimensi\u00f3n de la ventana: 60 x 45 mm.<\/p>\n<p><strong>Fichas porta-radiograf\u00edas en tabla:<\/strong><\/p>\n<p>&#8211; 1008 bolsas de cart\u00f3n, 84 tablas de 12 bolsas, desmontables y utilizables individualmente.<br \/>\n&#8211; Tama\u00f1o de bolsillo: 60 x 45 mm.<br \/>\n&#8211; Tama\u00f1o de la tabla: 27 x 12 cm.<\/p>\n<p><strong>\u00a0Fichas porta-radiograf\u00edas en tabla:<\/strong><\/p>\n<p>&#8211; 100 placas, 6 vistas por placa y espacio para la identificaci\u00f3n manuscrita.<br \/>\n&#8211; Tama\u00f1o del bolsillo: 32 x 42 cm.<br \/>\n&#8211; Tama\u00f1o de la placa: 14 x 10 cm.<\/p>\n","protected":false},"featured_media":5527,"template":"","meta":{"_acf_changed":false},"product_cat":[282],"product_tag":[],"acf":[],"yoast_head":"<!-- This site is optimized with the Yoast SEO plugin v22.3 - https:\/\/yoast.com\/wordpress\/plugins\/seo\/ -->\n<title>Fichas porta-radiograf\u00edas - Medibase<\/title>\n<meta name=\"robots\" content=\"index, follow, max-snippet:-1, max-image-preview:large, max-video-preview:-1\" \/>\n<link rel=\"canonical\" href=\"https:\/\/www.medibase-disposables.com\/es\/productos\/fichas-porta-radiografias\/\" \/>\n<meta property=\"og:locale\" content=\"es_ES\" \/>\n<meta property=\"og:type\" content=\"article\" \/>\n<meta property=\"og:title\" content=\"Fichas porta-radiograf\u00edas - Medibase\" \/>\n<meta property=\"og:description\" content=\"Para el examen radiol\u00f3gico bucal completo. Para radiograf\u00edas periapicales de adultos y ni\u00f1os.  Fichas porta-radiograf\u00edas en rollos\u00a0:  - Rollo de 504 fichas en una caja de distribuci\u00f3n. -Fundas separables y utilizables de forma unitaria. -Dimensi\u00f3n de la ventana: 60 x 45 mm.  Fichas porta-radiograf\u00edas en tabla:  - 1008 bolsas de cart\u00f3n, 84 tablas de 12 bolsas, desmontables y utilizables individualmente. - Tama\u00f1o de bolsillo: 60 x 45 mm. - Tama\u00f1o de la tabla: 27 x 12 cm.  \u00a0Fichas porta-radiograf\u00edas en tabla:  - 100 placas, 6 vistas por placa y espacio para la identificaci\u00f3n manuscrita. - Tama\u00f1o del bolsillo: 32 x 42 cm. - Tama\u00f1o de la placa: 14 x 10 cm.\" \/>\n<meta property=\"og:url\" content=\"https:\/\/www.medibase-disposables.com\/es\/productos\/fichas-porta-radiografias\/\" \/>\n<meta property=\"og:site_name\" content=\"Medibase\" \/>\n<meta property=\"article:modified_time\" content=\"2025-08-19T15:53:07+00:00\" \/>\n<meta property=\"og:image\" content=\"http:\/\/www.medibase-disposables.com\/wp-content\/uploads\/pochettes_porte-films_rgb.jpg\" \/>\n\t<meta property=\"og:image:width\" content=\"554\" \/>\n\t<meta property=\"og:image:height\" content=\"742\" \/>\n\t<meta property=\"og:image:type\" content=\"image\/jpeg\" \/>\n<meta name=\"twitter:card\" content=\"summary_large_image\" \/>\n<meta name=\"twitter:label1\" content=\"Tiempo de lectura\" \/>\n\t<meta name=\"twitter:data1\" content=\"1 minuto\" \/>\n<script type=\"application\/ld+json\" class=\"yoast-schema-graph\">{\"@context\":\"https:\/\/schema.org\",\"@graph\":[{\"@type\":\"WebPage\",\"@id\":\"https:\/\/www.medibase-disposables.com\/es\/productos\/fichas-porta-radiografias\/\",\"url\":\"https:\/\/www.medibase-disposables.com\/es\/productos\/fichas-porta-radiografias\/\",\"name\":\"Fichas porta-radiograf\u00edas - Medibase\",\"isPartOf\":{\"@id\":\"https:\/\/www.medibase-disposables.com\/es\/#website\"},\"primaryImageOfPage\":{\"@id\":\"https:\/\/www.medibase-disposables.com\/es\/productos\/fichas-porta-radiografias\/#primaryimage\"},\"image\":{\"@id\":\"https:\/\/www.medibase-disposables.com\/es\/productos\/fichas-porta-radiografias\/#primaryimage\"},\"thumbnailUrl\":\"https:\/\/www.medibase-disposables.com\/wp-content\/uploads\/pochettes_porte-films_rgb.jpg\",\"datePublished\":\"2020-11-23T22:31:42+00:00\",\"dateModified\":\"2025-08-19T15:53:07+00:00\",\"breadcrumb\":{\"@id\":\"https:\/\/www.medibase-disposables.com\/es\/productos\/fichas-porta-radiografias\/#breadcrumb\"},\"inLanguage\":\"es\",\"potentialAction\":[{\"@type\":\"ReadAction\",\"target\":[\"https:\/\/www.medibase-disposables.com\/es\/productos\/fichas-porta-radiografias\/\"]}]},{\"@type\":\"ImageObject\",\"inLanguage\":\"es\",\"@id\":\"https:\/\/www.medibase-disposables.com\/es\/productos\/fichas-porta-radiografias\/#primaryimage\",\"url\":\"https:\/\/www.medibase-disposables.com\/wp-content\/uploads\/pochettes_porte-films_rgb.jpg\",\"contentUrl\":\"https:\/\/www.medibase-disposables.com\/wp-content\/uploads\/pochettes_porte-films_rgb.jpg\",\"width\":554,\"height\":742},{\"@type\":\"BreadcrumbList\",\"@id\":\"https:\/\/www.medibase-disposables.com\/es\/productos\/fichas-porta-radiografias\/#breadcrumb\",\"itemListElement\":[{\"@type\":\"ListItem\",\"position\":1,\"name\":\"Accueil\",\"item\":\"https:\/\/www.medibase-disposables.com\/es\/\"},{\"@type\":\"ListItem\",\"position\":2,\"name\":\"Productos\",\"item\":\"https:\/\/www.medibase-disposables.com\/es\/productos\/\"},{\"@type\":\"ListItem\",\"position\":3,\"name\":\"Fichas porta-radiograf\u00edas\"}]},{\"@type\":\"WebSite\",\"@id\":\"https:\/\/www.medibase-disposables.com\/es\/#website\",\"url\":\"https:\/\/www.medibase-disposables.com\/es\/\",\"name\":\"Medibase\",\"description\":\"Your everyday essentials\",\"publisher\":{\"@id\":\"https:\/\/www.medibase-disposables.com\/es\/#organization\"},\"potentialAction\":[{\"@type\":\"SearchAction\",\"target\":{\"@type\":\"EntryPoint\",\"urlTemplate\":\"https:\/\/www.medibase-disposables.com\/es\/?s={search_term_string}\"},\"query-input\":\"required name=search_term_string\"}],\"inLanguage\":\"es\"},{\"@type\":\"Organization\",\"@id\":\"https:\/\/www.medibase-disposables.com\/es\/#organization\",\"name\":\"MEDIBASE\",\"url\":\"https:\/\/www.medibase-disposables.com\/es\/\",\"logo\":{\"@type\":\"ImageObject\",\"inLanguage\":\"es\",\"@id\":\"https:\/\/www.medibase-disposables.com\/es\/#\/schema\/logo\/image\/\",\"url\":\"https:\/\/www.medibase-disposables.com\/wp-content\/uploads\/logo@2x.png\",\"contentUrl\":\"https:\/\/www.medibase-disposables.com\/wp-content\/uploads\/logo@2x.png\",\"width\":501,\"height\":501,\"caption\":\"MEDIBASE\"},\"image\":{\"@id\":\"https:\/\/www.medibase-disposables.com\/es\/#\/schema\/logo\/image\/\"}}]}<\/script>\n<!-- \/ Yoast SEO plugin. -->","yoast_head_json":{"title":"Fichas porta-radiograf\u00edas - Medibase","robots":{"index":"index","follow":"follow","max-snippet":"max-snippet:-1","max-image-preview":"max-image-preview:large","max-video-preview":"max-video-preview:-1"},"canonical":"https:\/\/www.medibase-disposables.com\/es\/productos\/fichas-porta-radiografias\/","og_locale":"es_ES","og_type":"article","og_title":"Fichas porta-radiograf\u00edas - Medibase","og_description":"Para el examen radiol\u00f3gico bucal completo. Para radiograf\u00edas periapicales de adultos y ni\u00f1os.  Fichas porta-radiograf\u00edas en rollos\u00a0:  - Rollo de 504 fichas en una caja de distribuci\u00f3n. -Fundas separables y utilizables de forma unitaria. -Dimensi\u00f3n de la ventana: 60 x 45 mm.  Fichas porta-radiograf\u00edas en tabla:  - 1008 bolsas de cart\u00f3n, 84 tablas de 12 bolsas, desmontables y utilizables individualmente. - Tama\u00f1o de bolsillo: 60 x 45 mm. - Tama\u00f1o de la tabla: 27 x 12 cm.  \u00a0Fichas porta-radiograf\u00edas en tabla:  - 100 placas, 6 vistas por placa y espacio para la identificaci\u00f3n manuscrita. - Tama\u00f1o del bolsillo: 32 x 42 cm. - Tama\u00f1o de la placa: 14 x 10 cm.","og_url":"https:\/\/www.medibase-disposables.com\/es\/productos\/fichas-porta-radiografias\/","og_site_name":"Medibase","article_modified_time":"2025-08-19T15:53:07+00:00","og_image":[{"width":554,"height":742,"url":"http:\/\/www.medibase-disposables.com\/wp-content\/uploads\/pochettes_porte-films_rgb.jpg","type":"image\/jpeg"}],"twitter_card":"summary_large_image","twitter_misc":{"Tiempo de lectura":"1 minuto"},"schema":{"@context":"https:\/\/schema.org","@graph":[{"@type":"WebPage","@id":"https:\/\/www.medibase-disposables.com\/es\/productos\/fichas-porta-radiografias\/","url":"https:\/\/www.medibase-disposables.com\/es\/productos\/fichas-porta-radiografias\/","name":"Fichas porta-radiograf\u00edas - Medibase","isPartOf":{"@id":"https:\/\/www.medibase-disposables.com\/es\/#website"},"primaryImageOfPage":{"@id":"https:\/\/www.medibase-disposables.com\/es\/productos\/fichas-porta-radiografias\/#primaryimage"},"image":{"@id":"https:\/\/www.medibase-disposables.com\/es\/productos\/fichas-porta-radiografias\/#primaryimage"},"thumbnailUrl":"https:\/\/www.medibase-disposables.com\/wp-content\/uploads\/pochettes_porte-films_rgb.jpg","datePublished":"2020-11-23T22:31:42+00:00","dateModified":"2025-08-19T15:53:07+00:00","breadcrumb":{"@id":"https:\/\/www.medibase-disposables.com\/es\/productos\/fichas-porta-radiografias\/#breadcrumb"},"inLanguage":"es","potentialAction":[{"@type":"ReadAction","target":["https:\/\/www.medibase-disposables.com\/es\/productos\/fichas-porta-radiografias\/"]}]},{"@type":"ImageObject","inLanguage":"es","@id":"https:\/\/www.medibase-disposables.com\/es\/productos\/fichas-porta-radiografias\/#primaryimage","url":"https:\/\/www.medibase-disposables.com\/wp-content\/uploads\/pochettes_porte-films_rgb.jpg","contentUrl":"https:\/\/www.medibase-disposables.com\/wp-content\/uploads\/pochettes_porte-films_rgb.jpg","width":554,"height":742},{"@type":"BreadcrumbList","@id":"https:\/\/www.medibase-disposables.com\/es\/productos\/fichas-porta-radiografias\/#breadcrumb","itemListElement":[{"@type":"ListItem","position":1,"name":"Accueil","item":"https:\/\/www.medibase-disposables.com\/es\/"},{"@type":"ListItem","position":2,"name":"Productos","item":"https:\/\/www.medibase-disposables.com\/es\/productos\/"},{"@type":"ListItem","position":3,"name":"Fichas porta-radiograf\u00edas"}]},{"@type":"WebSite","@id":"https:\/\/www.medibase-disposables.com\/es\/#website","url":"https:\/\/www.medibase-disposables.com\/es\/","name":"Medibase","description":"Your everyday essentials","publisher":{"@id":"https:\/\/www.medibase-disposables.com\/es\/#organization"},"potentialAction":[{"@type":"SearchAction","target":{"@type":"EntryPoint","urlTemplate":"https:\/\/www.medibase-disposables.com\/es\/?s={search_term_string}"},"query-input":"required name=search_term_string"}],"inLanguage":"es"},{"@type":"Organization","@id":"https:\/\/www.medibase-disposables.com\/es\/#organization","name":"MEDIBASE","url":"https:\/\/www.medibase-disposables.com\/es\/","logo":{"@type":"ImageObject","inLanguage":"es","@id":"https:\/\/www.medibase-disposables.com\/es\/#\/schema\/logo\/image\/","url":"https:\/\/www.medibase-disposables.com\/wp-content\/uploads\/logo@2x.png","contentUrl":"https:\/\/www.medibase-disposables.com\/wp-content\/uploads\/logo@2x.png","width":501,"height":501,"caption":"MEDIBASE"},"image":{"@id":"https:\/\/www.medibase-disposables.com\/es\/#\/schema\/logo\/image\/"}}]}},"_links":{"self":[{"href":"https:\/\/www.medibase-disposables.com\/es\/wp-json\/wp\/v2\/product\/5526"}],"collection":[{"href":"https:\/\/www.medibase-disposables.com\/es\/wp-json\/wp\/v2\/product"}],"about":[{"href":"https:\/\/www.medibase-disposables.com\/es\/wp-json\/wp\/v2\/types\/product"}],"wp:featuredmedia":[{"embeddable":true,"href":"https:\/\/www.medibase-disposables.com\/es\/wp-json\/wp\/v2\/media\/5527"}],"wp:attachment":[{"href":"https:\/\/www.medibase-disposables.com\/es\/wp-json\/wp\/v2\/media?parent=5526"}],"wp:term":[{"taxonomy":"product_cat","embeddable":true,"href":"https:\/\/www.medibase-disposables.com\/es\/wp-json\/wp\/v2\/product_cat?post=5526"},{"taxonomy":"product_tag","embeddable":true,"href":"https:\/\/www.medibase-disposables.com\/es\/wp-json\/wp\/v2\/product_tag?post=5526"}],"curies":[{"name":"wp","href":"https:\/\/api.w.org\/{rel}","templated":true}]}}