{"id":5547,"date":"2018-07-27T16:55:31","date_gmt":"2020-11-23T22:34:26","guid":{"rendered":"https:\/\/www.medibase-disposables.com\/?post_type=product&#038;p=5547"},"modified":"2025-08-21T11:15:28","modified_gmt":"2025-08-21T09:15:28","slug":"funda-de-cabezales","status":"publish","type":"product","link":"https:\/\/www.medibase-disposables.com\/es\/productos\/funda-de-cabezales\/","title":{"rendered":"Fundas de cabezal en polietileno \/ celulosa"},"content":{"rendered":"<p><strong>Caja de 300 fundas para cabezales (4 cajas dispensadoras)<\/strong><\/p>\n<table style=\"width: 99.8344%;\" width=\"100%\">\n<thead>\n<tr>\n<td style=\"width: 81.6225%;\">Color<\/td>\n<td style=\"width: 18.2119%;\" width=\"100\">Ref.<\/td>\n<\/tr>\n<\/thead>\n<tbody>\n<tr>\n<td style=\"width: 81.6225%;\">Blanco<\/td>\n<td style=\"width: 18.2119%;\" width=\"100\">141127<\/td>\n<\/tr>\n<tr>\n<td style=\"width: 81.6225%;\">Azul<\/td>\n<td style=\"width: 18.2119%;\" width=\"100\">141128<\/td>\n<\/tr>\n<tr>\n<td style=\"width: 81.6225%;\">Azul celeste<\/td>\n<td style=\"width: 18.2119%;\" width=\"100\">141126<\/td>\n<\/tr>\n<tr>\n<td style=\"width: 81.6225%;\">Rosa<\/td>\n<td style=\"width: 18.2119%;\" width=\"100\">3123058<\/td>\n<\/tr>\n<tr>\n<td style=\"width: 81.6225%;\">Lavanda<\/td>\n<td style=\"width: 18.2119%;\" width=\"100\">3123060<\/td>\n<\/tr>\n<tr>\n<td style=\"width: 81.6225%;\">Verde<\/td>\n<td style=\"width: 18.2119%;\" width=\"100\">3123062<\/td>\n<\/tr>\n<tr>\n<td style=\"width: 81.6225%;\">Fucsia<\/td>\n<td style=\"width: 18.2119%;\" width=\"100\">3123059<\/td>\n<\/tr>\n<tr>\n<td style=\"width: 81.6225%;\">Lima<\/td>\n<td style=\"width: 18.2119%;\" width=\"100\">3123061<\/td>\n<\/tr>\n<tr>\n<td style=\"width: 81.6225%;\">Naranja<\/td>\n<td style=\"width: 18.2119%;\" width=\"100\">3123063<\/td>\n<\/tr>\n<\/tbody>\n<\/table>\n<p>&nbsp;<\/p>\n","protected":false},"excerpt":{"rendered":"<p>Funda de celulosa para la cabeza, cubiertas con polietileno.<\/p>\n<p><strong>Caract\u00e9r\u00edsticas:<\/strong><\/p>\n<ul>\n<li data-start=\"546\" data-end=\"621\">\n<p data-start=\"548\" data-end=\"621\">Fundas de cabezal resistentes, fabricadas en polietileno de doble cara.<\/p>\n<\/li>\n<li data-start=\"622\" data-end=\"664\">\n<p data-start=\"624\" data-end=\"664\">Medidas: 34 cm (alto) x 33 cm (largo).<\/p>\n<\/li>\n<li data-start=\"665\" data-end=\"727\">\n<p data-start=\"667\" data-end=\"727\">Disponibles en colores variados para f\u00e1cil diferenciaci\u00f3n.<\/p>\n<\/li>\n<li data-start=\"728\" data-end=\"789\">\n<p data-start=\"730\" data-end=\"789\">Presentaci\u00f3n: 4 cajas dispensadoras con 75 fundas cada una.<\/p>\n<\/li>\n<\/ul>\n","protected":false},"featured_media":5548,"template":"","meta":{"_acf_changed":false},"product_cat":[332],"product_tag":[243,247,235,255,279,263,267,275],"acf":[],"yoast_head":"<!-- This site is optimized with the Yoast SEO plugin v22.3 - https:\/\/yoast.com\/wordpress\/plugins\/seo\/ -->\n<title>Fundas de cabezal en polietileno \/ celulosa - Medibase<\/title>\n<meta name=\"robots\" content=\"index, follow, max-snippet:-1, max-image-preview:large, max-video-preview:-1\" \/>\n<link rel=\"canonical\" href=\"https:\/\/www.medibase-disposables.com\/es\/productos\/funda-de-cabezales\/\" \/>\n<meta property=\"og:locale\" content=\"es_ES\" \/>\n<meta property=\"og:type\" content=\"article\" \/>\n<meta property=\"og:title\" content=\"Fundas de cabezal en polietileno \/ celulosa - Medibase\" \/>\n<meta property=\"og:description\" content=\"Funda de celulosa para la cabeza, cubiertas con polietileno.  Caract\u00e9r\u00edsticas:    Fundas de cabezal resistentes, fabricadas en polietileno de doble cara.    Medidas: 34 cm (alto) x 33 cm (largo).    Disponibles en colores variados para f\u00e1cil diferenciaci\u00f3n.    Presentaci\u00f3n: 4 cajas dispensadoras con 75 fundas cada una.\" \/>\n<meta property=\"og:url\" content=\"https:\/\/www.medibase-disposables.com\/es\/productos\/funda-de-cabezales\/\" \/>\n<meta property=\"og:site_name\" content=\"Medibase\" \/>\n<meta property=\"article:modified_time\" content=\"2025-08-21T09:15:28+00:00\" \/>\n<meta property=\"og:image\" content=\"http:\/\/www.medibase-disposables.com\/wp-content\/uploads\/5-929.jpg\" \/>\n\t<meta property=\"og:image:width\" content=\"950\" \/>\n\t<meta property=\"og:image:height\" content=\"950\" \/>\n\t<meta property=\"og:image:type\" content=\"image\/jpeg\" \/>\n<meta name=\"twitter:card\" content=\"summary_large_image\" \/>\n<meta name=\"twitter:label1\" content=\"Tiempo de lectura\" \/>\n\t<meta name=\"twitter:data1\" content=\"1 minuto\" \/>\n<script type=\"application\/ld+json\" class=\"yoast-schema-graph\">{\"@context\":\"https:\/\/schema.org\",\"@graph\":[{\"@type\":\"WebPage\",\"@id\":\"https:\/\/www.medibase-disposables.com\/es\/productos\/funda-de-cabezales\/\",\"url\":\"https:\/\/www.medibase-disposables.com\/es\/productos\/funda-de-cabezales\/\",\"name\":\"Fundas de cabezal en polietileno \/ celulosa - Medibase\",\"isPartOf\":{\"@id\":\"https:\/\/www.medibase-disposables.com\/es\/#website\"},\"primaryImageOfPage\":{\"@id\":\"https:\/\/www.medibase-disposables.com\/es\/productos\/funda-de-cabezales\/#primaryimage\"},\"image\":{\"@id\":\"https:\/\/www.medibase-disposables.com\/es\/productos\/funda-de-cabezales\/#primaryimage\"},\"thumbnailUrl\":\"https:\/\/www.medibase-disposables.com\/wp-content\/uploads\/5-929.jpg\",\"datePublished\":\"2020-11-23T22:34:26+00:00\",\"dateModified\":\"2025-08-21T09:15:28+00:00\",\"breadcrumb\":{\"@id\":\"https:\/\/www.medibase-disposables.com\/es\/productos\/funda-de-cabezales\/#breadcrumb\"},\"inLanguage\":\"es\",\"potentialAction\":[{\"@type\":\"ReadAction\",\"target\":[\"https:\/\/www.medibase-disposables.com\/es\/productos\/funda-de-cabezales\/\"]}]},{\"@type\":\"ImageObject\",\"inLanguage\":\"es\",\"@id\":\"https:\/\/www.medibase-disposables.com\/es\/productos\/funda-de-cabezales\/#primaryimage\",\"url\":\"https:\/\/www.medibase-disposables.com\/wp-content\/uploads\/5-929.jpg\",\"contentUrl\":\"https:\/\/www.medibase-disposables.com\/wp-content\/uploads\/5-929.jpg\",\"width\":\"950\",\"height\":\"950\"},{\"@type\":\"BreadcrumbList\",\"@id\":\"https:\/\/www.medibase-disposables.com\/es\/productos\/funda-de-cabezales\/#breadcrumb\",\"itemListElement\":[{\"@type\":\"ListItem\",\"position\":1,\"name\":\"Accueil\",\"item\":\"https:\/\/www.medibase-disposables.com\/es\/\"},{\"@type\":\"ListItem\",\"position\":2,\"name\":\"Productos\",\"item\":\"https:\/\/www.medibase-disposables.com\/es\/productos\/\"},{\"@type\":\"ListItem\",\"position\":3,\"name\":\"Fundas de cabezal en polietileno \/ celulosa\"}]},{\"@type\":\"WebSite\",\"@id\":\"https:\/\/www.medibase-disposables.com\/es\/#website\",\"url\":\"https:\/\/www.medibase-disposables.com\/es\/\",\"name\":\"Medibase\",\"description\":\"Your everyday essentials\",\"publisher\":{\"@id\":\"https:\/\/www.medibase-disposables.com\/es\/#organization\"},\"potentialAction\":[{\"@type\":\"SearchAction\",\"target\":{\"@type\":\"EntryPoint\",\"urlTemplate\":\"https:\/\/www.medibase-disposables.com\/es\/?s={search_term_string}\"},\"query-input\":\"required name=search_term_string\"}],\"inLanguage\":\"es\"},{\"@type\":\"Organization\",\"@id\":\"https:\/\/www.medibase-disposables.com\/es\/#organization\",\"name\":\"MEDIBASE\",\"url\":\"https:\/\/www.medibase-disposables.com\/es\/\",\"logo\":{\"@type\":\"ImageObject\",\"inLanguage\":\"es\",\"@id\":\"https:\/\/www.medibase-disposables.com\/es\/#\/schema\/logo\/image\/\",\"url\":\"https:\/\/www.medibase-disposables.com\/wp-content\/uploads\/logo@2x.png\",\"contentUrl\":\"https:\/\/www.medibase-disposables.com\/wp-content\/uploads\/logo@2x.png\",\"width\":501,\"height\":501,\"caption\":\"MEDIBASE\"},\"image\":{\"@id\":\"https:\/\/www.medibase-disposables.com\/es\/#\/schema\/logo\/image\/\"}}]}<\/script>\n<!-- \/ Yoast SEO plugin. -->","yoast_head_json":{"title":"Fundas de cabezal en polietileno \/ celulosa - Medibase","robots":{"index":"index","follow":"follow","max-snippet":"max-snippet:-1","max-image-preview":"max-image-preview:large","max-video-preview":"max-video-preview:-1"},"canonical":"https:\/\/www.medibase-disposables.com\/es\/productos\/funda-de-cabezales\/","og_locale":"es_ES","og_type":"article","og_title":"Fundas de cabezal en polietileno \/ celulosa - Medibase","og_description":"Funda de celulosa para la cabeza, cubiertas con polietileno.  Caract\u00e9r\u00edsticas:    Fundas de cabezal resistentes, fabricadas en polietileno de doble cara.    Medidas: 34 cm (alto) x 33 cm (largo).    Disponibles en colores variados para f\u00e1cil diferenciaci\u00f3n.    Presentaci\u00f3n: 4 cajas dispensadoras con 75 fundas cada una.","og_url":"https:\/\/www.medibase-disposables.com\/es\/productos\/funda-de-cabezales\/","og_site_name":"Medibase","article_modified_time":"2025-08-21T09:15:28+00:00","og_image":[{"width":"950","height":"950","url":"http:\/\/www.medibase-disposables.com\/wp-content\/uploads\/5-929.jpg","type":"image\/jpeg"}],"twitter_card":"summary_large_image","twitter_misc":{"Tiempo de lectura":"1 minuto"},"schema":{"@context":"https:\/\/schema.org","@graph":[{"@type":"WebPage","@id":"https:\/\/www.medibase-disposables.com\/es\/productos\/funda-de-cabezales\/","url":"https:\/\/www.medibase-disposables.com\/es\/productos\/funda-de-cabezales\/","name":"Fundas de cabezal en polietileno \/ celulosa - Medibase","isPartOf":{"@id":"https:\/\/www.medibase-disposables.com\/es\/#website"},"primaryImageOfPage":{"@id":"https:\/\/www.medibase-disposables.com\/es\/productos\/funda-de-cabezales\/#primaryimage"},"image":{"@id":"https:\/\/www.medibase-disposables.com\/es\/productos\/funda-de-cabezales\/#primaryimage"},"thumbnailUrl":"https:\/\/www.medibase-disposables.com\/wp-content\/uploads\/5-929.jpg","datePublished":"2020-11-23T22:34:26+00:00","dateModified":"2025-08-21T09:15:28+00:00","breadcrumb":{"@id":"https:\/\/www.medibase-disposables.com\/es\/productos\/funda-de-cabezales\/#breadcrumb"},"inLanguage":"es","potentialAction":[{"@type":"ReadAction","target":["https:\/\/www.medibase-disposables.com\/es\/productos\/funda-de-cabezales\/"]}]},{"@type":"ImageObject","inLanguage":"es","@id":"https:\/\/www.medibase-disposables.com\/es\/productos\/funda-de-cabezales\/#primaryimage","url":"https:\/\/www.medibase-disposables.com\/wp-content\/uploads\/5-929.jpg","contentUrl":"https:\/\/www.medibase-disposables.com\/wp-content\/uploads\/5-929.jpg","width":"950","height":"950"},{"@type":"BreadcrumbList","@id":"https:\/\/www.medibase-disposables.com\/es\/productos\/funda-de-cabezales\/#breadcrumb","itemListElement":[{"@type":"ListItem","position":1,"name":"Accueil","item":"https:\/\/www.medibase-disposables.com\/es\/"},{"@type":"ListItem","position":2,"name":"Productos","item":"https:\/\/www.medibase-disposables.com\/es\/productos\/"},{"@type":"ListItem","position":3,"name":"Fundas de cabezal en polietileno \/ celulosa"}]},{"@type":"WebSite","@id":"https:\/\/www.medibase-disposables.com\/es\/#website","url":"https:\/\/www.medibase-disposables.com\/es\/","name":"Medibase","description":"Your everyday essentials","publisher":{"@id":"https:\/\/www.medibase-disposables.com\/es\/#organization"},"potentialAction":[{"@type":"SearchAction","target":{"@type":"EntryPoint","urlTemplate":"https:\/\/www.medibase-disposables.com\/es\/?s={search_term_string}"},"query-input":"required name=search_term_string"}],"inLanguage":"es"},{"@type":"Organization","@id":"https:\/\/www.medibase-disposables.com\/es\/#organization","name":"MEDIBASE","url":"https:\/\/www.medibase-disposables.com\/es\/","logo":{"@type":"ImageObject","inLanguage":"es","@id":"https:\/\/www.medibase-disposables.com\/es\/#\/schema\/logo\/image\/","url":"https:\/\/www.medibase-disposables.com\/wp-content\/uploads\/logo@2x.png","contentUrl":"https:\/\/www.medibase-disposables.com\/wp-content\/uploads\/logo@2x.png","width":501,"height":501,"caption":"MEDIBASE"},"image":{"@id":"https:\/\/www.medibase-disposables.com\/es\/#\/schema\/logo\/image\/"}}]}},"_links":{"self":[{"href":"https:\/\/www.medibase-disposables.com\/es\/wp-json\/wp\/v2\/product\/5547"}],"collection":[{"href":"https:\/\/www.medibase-disposables.com\/es\/wp-json\/wp\/v2\/product"}],"about":[{"href":"https:\/\/www.medibase-disposables.com\/es\/wp-json\/wp\/v2\/types\/product"}],"wp:featuredmedia":[{"embeddable":true,"href":"https:\/\/www.medibase-disposables.com\/es\/wp-json\/wp\/v2\/media\/5548"}],"wp:attachment":[{"href":"https:\/\/www.medibase-disposables.com\/es\/wp-json\/wp\/v2\/media?parent=5547"}],"wp:term":[{"taxonomy":"product_cat","embeddable":true,"href":"https:\/\/www.medibase-disposables.com\/es\/wp-json\/wp\/v2\/product_cat?post=5547"},{"taxonomy":"product_tag","embeddable":true,"href":"https:\/\/www.medibase-disposables.com\/es\/wp-json\/wp\/v2\/product_tag?post=5547"}],"curies":[{"name":"wp","href":"https:\/\/api.w.org\/{rel}","templated":true}]}}