{"id":5632,"date":"2018-07-31T09:51:44","date_gmt":"2020-11-23T22:44:12","guid":{"rendered":"https:\/\/www.medibase-disposables.com\/?post_type=product&#038;p=5632"},"modified":"2021-12-14T11:05:08","modified_gmt":"2021-12-14T10:05:08","slug":"servilletas-plastificadas","status":"publish","type":"product","link":"https:\/\/www.medibase-disposables.com\/es\/productos\/servilletas-plastificadas\/","title":{"rendered":"Servilletas plastificadas"},"content":{"rendered":"<p><strong>Caja de 500 toallas<\/strong><\/p>\n<table style=\"width: 99.8344%;\" width=\"100%\">\n<thead>\n<tr>\n<td style=\"width: 81.6225%;\">Color<\/td>\n<td style=\"width: 18.2119%;\" width=\"100\">Ref.<\/td>\n<\/tr>\n<\/thead>\n<tbody>\n<tr>\n<td style=\"width: 81.6225%;\">Azul oscuro<\/td>\n<td style=\"width: 18.2119%;\" width=\"100\">3131635<\/td>\n<\/tr>\n<tr>\n<td style=\"width: 81.6225%;\">Verde<\/td>\n<td style=\"width: 18.2119%;\" width=\"100\">3131632<\/td>\n<\/tr>\n<tr>\n<td style=\"width: 81.6225%;\">Azul claro<\/td>\n<td style=\"width: 18.2119%;\" width=\"100\">3131629<\/td>\n<\/tr>\n<tr>\n<td style=\"width: 81.6225%;\">Rosa<\/td>\n<td style=\"width: 18.2119%;\" width=\"100\">3131633<\/td>\n<\/tr>\n<tr>\n<td style=\"width: 81.6225%;\">Naranja<\/td>\n<td style=\"width: 18.2119%;\" width=\"100\">3131636<\/td>\n<\/tr>\n<tr>\n<td style=\"width: 81.6225%;\">Negro<\/td>\n<td style=\"width: 18.2119%;\" width=\"100\">3131637<\/td>\n<\/tr>\n<tr>\n<td style=\"width: 81.6225%;\">Amarillo<\/td>\n<td style=\"width: 18.2119%;\" width=\"100\">3131631<\/td>\n<\/tr>\n<tr>\n<td style=\"width: 81.6225%;\">Lavanda<\/td>\n<td style=\"width: 18.2119%;\" width=\"100\">3131628<\/td>\n<\/tr>\n<tr>\n<td style=\"width: 81.6225%;\">Aqua<\/td>\n<td style=\"width: 18.2119%;\" width=\"100\">3131634<\/td>\n<\/tr>\n<tr>\n<td style=\"width: 81.6225%;\">Lima<\/td>\n<td style=\"width: 18.2119%;\" width=\"100\">3131638<\/td>\n<\/tr>\n<tr>\n<td style=\"width: 81.6225%;\">Blanco<\/td>\n<td style=\"width: 18.2119%;\">3131630<\/td>\n<\/tr>\n<\/tbody>\n<\/table>\n<p>&nbsp;<\/p>\n","protected":false},"excerpt":{"rendered":"<p>Servilletas de 3 capas:<\/p>\n<ul>\n<li>\u00a02 pliegues de papel de excelente calidad de celulosa pura no regenerada (36 g).<\/li>\n<li>1 pliegue de polietileno que se adhiere perfectamente a los 2 pliegues de papel.<\/li>\n<\/ul>\n<p><strong>Caracter\u00edsticas\u00a0:<\/strong><\/p>\n<p>Magn\u00edfica calidad de absorci\u00f3n gracias a la estructura de nido de abeja, capaz de filtrar varios l\u00edquidos. Dimensiones: 33 x 45 cm.<\/p>\n<p>&nbsp;<\/p>\n","protected":false},"featured_media":5644,"template":"","meta":{"_acf_changed":false},"product_cat":[299],"product_tag":[251,243,247,235,255,279,263,259,267,275,239],"acf":[],"yoast_head":"<!-- This site is optimized with the Yoast SEO plugin v22.3 - https:\/\/yoast.com\/wordpress\/plugins\/seo\/ -->\n<title>Servilletas plastificadas - Medibase<\/title>\n<meta name=\"robots\" content=\"index, follow, max-snippet:-1, max-image-preview:large, max-video-preview:-1\" \/>\n<link rel=\"canonical\" href=\"https:\/\/www.medibase-disposables.com\/es\/productos\/servilletas-plastificadas\/\" \/>\n<meta property=\"og:locale\" content=\"es_ES\" \/>\n<meta property=\"og:type\" content=\"article\" \/>\n<meta property=\"og:title\" content=\"Servilletas plastificadas - Medibase\" \/>\n<meta property=\"og:description\" content=\"Servilletas de 3 capas:   \u00a02 pliegues de papel de excelente calidad de celulosa pura no regenerada (36 g).  1 pliegue de polietileno que se adhiere perfectamente a los 2 pliegues de papel.  Caracter\u00edsticas\u00a0:  Magn\u00edfica calidad de absorci\u00f3n gracias a la estructura de nido de abeja, capaz de filtrar varios l\u00edquidos. Dimensiones: 33 x 45 cm.  &nbsp;\" \/>\n<meta property=\"og:url\" content=\"https:\/\/www.medibase-disposables.com\/es\/productos\/servilletas-plastificadas\/\" \/>\n<meta property=\"og:site_name\" content=\"Medibase\" \/>\n<meta property=\"article:modified_time\" content=\"2021-12-14T10:05:08+00:00\" \/>\n<meta property=\"og:image\" content=\"http:\/\/www.medibase-disposables.com\/wp-content\/uploads\/3106790-MEDIBASE-SERVIETTE-PLASTIFIEE-LAVANDE-2-1024x683.png\" \/>\n\t<meta property=\"og:image:width\" content=\"1024\" \/>\n\t<meta property=\"og:image:height\" content=\"683\" \/>\n\t<meta property=\"og:image:type\" content=\"image\/png\" \/>\n<meta name=\"twitter:card\" content=\"summary_large_image\" \/>\n<script type=\"application\/ld+json\" class=\"yoast-schema-graph\">{\"@context\":\"https:\/\/schema.org\",\"@graph\":[{\"@type\":\"WebPage\",\"@id\":\"https:\/\/www.medibase-disposables.com\/es\/productos\/servilletas-plastificadas\/\",\"url\":\"https:\/\/www.medibase-disposables.com\/es\/productos\/servilletas-plastificadas\/\",\"name\":\"Servilletas plastificadas - Medibase\",\"isPartOf\":{\"@id\":\"https:\/\/www.medibase-disposables.com\/es\/#website\"},\"primaryImageOfPage\":{\"@id\":\"https:\/\/www.medibase-disposables.com\/es\/productos\/servilletas-plastificadas\/#primaryimage\"},\"image\":{\"@id\":\"https:\/\/www.medibase-disposables.com\/es\/productos\/servilletas-plastificadas\/#primaryimage\"},\"thumbnailUrl\":\"https:\/\/www.medibase-disposables.com\/wp-content\/uploads\/3106790-MEDIBASE-SERVIETTE-PLASTIFIEE-LAVANDE-2-scaled.png\",\"datePublished\":\"2020-11-23T22:44:12+00:00\",\"dateModified\":\"2021-12-14T10:05:08+00:00\",\"breadcrumb\":{\"@id\":\"https:\/\/www.medibase-disposables.com\/es\/productos\/servilletas-plastificadas\/#breadcrumb\"},\"inLanguage\":\"es\",\"potentialAction\":[{\"@type\":\"ReadAction\",\"target\":[\"https:\/\/www.medibase-disposables.com\/es\/productos\/servilletas-plastificadas\/\"]}]},{\"@type\":\"ImageObject\",\"inLanguage\":\"es\",\"@id\":\"https:\/\/www.medibase-disposables.com\/es\/productos\/servilletas-plastificadas\/#primaryimage\",\"url\":\"https:\/\/www.medibase-disposables.com\/wp-content\/uploads\/3106790-MEDIBASE-SERVIETTE-PLASTIFIEE-LAVANDE-2-scaled.png\",\"contentUrl\":\"https:\/\/www.medibase-disposables.com\/wp-content\/uploads\/3106790-MEDIBASE-SERVIETTE-PLASTIFIEE-LAVANDE-2-scaled.png\",\"width\":2560,\"height\":2560},{\"@type\":\"BreadcrumbList\",\"@id\":\"https:\/\/www.medibase-disposables.com\/es\/productos\/servilletas-plastificadas\/#breadcrumb\",\"itemListElement\":[{\"@type\":\"ListItem\",\"position\":1,\"name\":\"Accueil\",\"item\":\"https:\/\/www.medibase-disposables.com\/es\/\"},{\"@type\":\"ListItem\",\"position\":2,\"name\":\"Productos\",\"item\":\"https:\/\/www.medibase-disposables.com\/es\/productos\/\"},{\"@type\":\"ListItem\",\"position\":3,\"name\":\"Servilletas plastificadas\"}]},{\"@type\":\"WebSite\",\"@id\":\"https:\/\/www.medibase-disposables.com\/es\/#website\",\"url\":\"https:\/\/www.medibase-disposables.com\/es\/\",\"name\":\"Medibase\",\"description\":\"Your everyday essentials\",\"publisher\":{\"@id\":\"https:\/\/www.medibase-disposables.com\/es\/#organization\"},\"potentialAction\":[{\"@type\":\"SearchAction\",\"target\":{\"@type\":\"EntryPoint\",\"urlTemplate\":\"https:\/\/www.medibase-disposables.com\/es\/?s={search_term_string}\"},\"query-input\":\"required name=search_term_string\"}],\"inLanguage\":\"es\"},{\"@type\":\"Organization\",\"@id\":\"https:\/\/www.medibase-disposables.com\/es\/#organization\",\"name\":\"MEDIBASE\",\"url\":\"https:\/\/www.medibase-disposables.com\/es\/\",\"logo\":{\"@type\":\"ImageObject\",\"inLanguage\":\"es\",\"@id\":\"https:\/\/www.medibase-disposables.com\/es\/#\/schema\/logo\/image\/\",\"url\":\"https:\/\/www.medibase-disposables.com\/wp-content\/uploads\/logo@2x.png\",\"contentUrl\":\"https:\/\/www.medibase-disposables.com\/wp-content\/uploads\/logo@2x.png\",\"width\":501,\"height\":501,\"caption\":\"MEDIBASE\"},\"image\":{\"@id\":\"https:\/\/www.medibase-disposables.com\/es\/#\/schema\/logo\/image\/\"}}]}<\/script>\n<!-- \/ Yoast SEO plugin. -->","yoast_head_json":{"title":"Servilletas plastificadas - Medibase","robots":{"index":"index","follow":"follow","max-snippet":"max-snippet:-1","max-image-preview":"max-image-preview:large","max-video-preview":"max-video-preview:-1"},"canonical":"https:\/\/www.medibase-disposables.com\/es\/productos\/servilletas-plastificadas\/","og_locale":"es_ES","og_type":"article","og_title":"Servilletas plastificadas - Medibase","og_description":"Servilletas de 3 capas:   \u00a02 pliegues de papel de excelente calidad de celulosa pura no regenerada (36 g).  1 pliegue de polietileno que se adhiere perfectamente a los 2 pliegues de papel.  Caracter\u00edsticas\u00a0:  Magn\u00edfica calidad de absorci\u00f3n gracias a la estructura de nido de abeja, capaz de filtrar varios l\u00edquidos. Dimensiones: 33 x 45 cm.  &nbsp;","og_url":"https:\/\/www.medibase-disposables.com\/es\/productos\/servilletas-plastificadas\/","og_site_name":"Medibase","article_modified_time":"2021-12-14T10:05:08+00:00","og_image":[{"width":1024,"height":683,"url":"http:\/\/www.medibase-disposables.com\/wp-content\/uploads\/3106790-MEDIBASE-SERVIETTE-PLASTIFIEE-LAVANDE-2-1024x683.png","type":"image\/png"}],"twitter_card":"summary_large_image","schema":{"@context":"https:\/\/schema.org","@graph":[{"@type":"WebPage","@id":"https:\/\/www.medibase-disposables.com\/es\/productos\/servilletas-plastificadas\/","url":"https:\/\/www.medibase-disposables.com\/es\/productos\/servilletas-plastificadas\/","name":"Servilletas plastificadas - Medibase","isPartOf":{"@id":"https:\/\/www.medibase-disposables.com\/es\/#website"},"primaryImageOfPage":{"@id":"https:\/\/www.medibase-disposables.com\/es\/productos\/servilletas-plastificadas\/#primaryimage"},"image":{"@id":"https:\/\/www.medibase-disposables.com\/es\/productos\/servilletas-plastificadas\/#primaryimage"},"thumbnailUrl":"https:\/\/www.medibase-disposables.com\/wp-content\/uploads\/3106790-MEDIBASE-SERVIETTE-PLASTIFIEE-LAVANDE-2-scaled.png","datePublished":"2020-11-23T22:44:12+00:00","dateModified":"2021-12-14T10:05:08+00:00","breadcrumb":{"@id":"https:\/\/www.medibase-disposables.com\/es\/productos\/servilletas-plastificadas\/#breadcrumb"},"inLanguage":"es","potentialAction":[{"@type":"ReadAction","target":["https:\/\/www.medibase-disposables.com\/es\/productos\/servilletas-plastificadas\/"]}]},{"@type":"ImageObject","inLanguage":"es","@id":"https:\/\/www.medibase-disposables.com\/es\/productos\/servilletas-plastificadas\/#primaryimage","url":"https:\/\/www.medibase-disposables.com\/wp-content\/uploads\/3106790-MEDIBASE-SERVIETTE-PLASTIFIEE-LAVANDE-2-scaled.png","contentUrl":"https:\/\/www.medibase-disposables.com\/wp-content\/uploads\/3106790-MEDIBASE-SERVIETTE-PLASTIFIEE-LAVANDE-2-scaled.png","width":2560,"height":2560},{"@type":"BreadcrumbList","@id":"https:\/\/www.medibase-disposables.com\/es\/productos\/servilletas-plastificadas\/#breadcrumb","itemListElement":[{"@type":"ListItem","position":1,"name":"Accueil","item":"https:\/\/www.medibase-disposables.com\/es\/"},{"@type":"ListItem","position":2,"name":"Productos","item":"https:\/\/www.medibase-disposables.com\/es\/productos\/"},{"@type":"ListItem","position":3,"name":"Servilletas plastificadas"}]},{"@type":"WebSite","@id":"https:\/\/www.medibase-disposables.com\/es\/#website","url":"https:\/\/www.medibase-disposables.com\/es\/","name":"Medibase","description":"Your everyday essentials","publisher":{"@id":"https:\/\/www.medibase-disposables.com\/es\/#organization"},"potentialAction":[{"@type":"SearchAction","target":{"@type":"EntryPoint","urlTemplate":"https:\/\/www.medibase-disposables.com\/es\/?s={search_term_string}"},"query-input":"required name=search_term_string"}],"inLanguage":"es"},{"@type":"Organization","@id":"https:\/\/www.medibase-disposables.com\/es\/#organization","name":"MEDIBASE","url":"https:\/\/www.medibase-disposables.com\/es\/","logo":{"@type":"ImageObject","inLanguage":"es","@id":"https:\/\/www.medibase-disposables.com\/es\/#\/schema\/logo\/image\/","url":"https:\/\/www.medibase-disposables.com\/wp-content\/uploads\/logo@2x.png","contentUrl":"https:\/\/www.medibase-disposables.com\/wp-content\/uploads\/logo@2x.png","width":501,"height":501,"caption":"MEDIBASE"},"image":{"@id":"https:\/\/www.medibase-disposables.com\/es\/#\/schema\/logo\/image\/"}}]}},"_links":{"self":[{"href":"https:\/\/www.medibase-disposables.com\/es\/wp-json\/wp\/v2\/product\/5632"}],"collection":[{"href":"https:\/\/www.medibase-disposables.com\/es\/wp-json\/wp\/v2\/product"}],"about":[{"href":"https:\/\/www.medibase-disposables.com\/es\/wp-json\/wp\/v2\/types\/product"}],"wp:featuredmedia":[{"embeddable":true,"href":"https:\/\/www.medibase-disposables.com\/es\/wp-json\/wp\/v2\/media\/5644"}],"wp:attachment":[{"href":"https:\/\/www.medibase-disposables.com\/es\/wp-json\/wp\/v2\/media?parent=5632"}],"wp:term":[{"taxonomy":"product_cat","embeddable":true,"href":"https:\/\/www.medibase-disposables.com\/es\/wp-json\/wp\/v2\/product_cat?post=5632"},{"taxonomy":"product_tag","embeddable":true,"href":"https:\/\/www.medibase-disposables.com\/es\/wp-json\/wp\/v2\/product_tag?post=5632"}],"curies":[{"name":"wp","href":"https:\/\/api.w.org\/{rel}","templated":true}]}}