{"id":5654,"date":"2018-07-30T14:54:30","date_gmt":"2020-11-23T22:46:30","guid":{"rendered":"https:\/\/www.medibase-disposables.com\/?post_type=product&#038;p=5654"},"modified":"2022-11-17T11:00:30","modified_gmt":"2022-11-17T10:00:30","slug":"espatulas-de-mezcla","status":"publish","type":"product","link":"https:\/\/www.medibase-disposables.com\/es\/productos\/espatulas-de-mezcla\/","title":{"rendered":"Esp\u00e1tulas de mezcla"},"content":{"rendered":"<p><strong>Paquete de 100 esp\u00e1tulas<\/strong><\/p>\n<table width=\"100%\">\n<thead>\n<tr>\n<td>Designaci\u00f3n<\/td>\n<td width=\"100\">Ref.<\/td>\n<\/tr>\n<\/thead>\n<tbody>\n<tr>\n<td>Esp\u00e1tulas de mezcla<\/td>\n<td width=\"100\">3021027<\/td>\n<\/tr>\n<\/tbody>\n<\/table>\n<p>&nbsp;<\/p>\n","protected":false},"excerpt":{"rendered":"<p>Esp\u00e1tula mezcladora de acrilonitrilo butadieno estireno con doble punta.<\/p>\n<p><strong>Caracter\u00edsticas :<\/strong><\/p>\n<ul>\n<li>Esp\u00e1tulas de pl\u00e1stico blanco para un solo uso.<\/li>\n<li>Longitud 11,74 cm.<\/li>\n<li>di\u00e1metro 0,41cm.<\/li>\n<\/ul>\n<p>Contenido 100 unidades.<\/p>\n","protected":false},"featured_media":5655,"template":"","meta":{"_acf_changed":false},"product_cat":[293],"product_tag":[],"acf":[],"yoast_head":"<!-- This site is optimized with the Yoast SEO plugin v22.3 - https:\/\/yoast.com\/wordpress\/plugins\/seo\/ -->\n<title>Esp\u00e1tulas de mezcla - Medibase<\/title>\n<meta name=\"robots\" content=\"index, follow, max-snippet:-1, max-image-preview:large, max-video-preview:-1\" \/>\n<link rel=\"canonical\" href=\"https:\/\/www.medibase-disposables.com\/es\/productos\/espatulas-de-mezcla\/\" \/>\n<meta property=\"og:locale\" content=\"es_ES\" \/>\n<meta property=\"og:type\" content=\"article\" \/>\n<meta property=\"og:title\" content=\"Esp\u00e1tulas de mezcla - Medibase\" \/>\n<meta property=\"og:description\" content=\"Esp\u00e1tula mezcladora de acrilonitrilo butadieno estireno con doble punta.  Caracter\u00edsticas :   Esp\u00e1tulas de pl\u00e1stico blanco para un solo uso.  Longitud 11,74 cm.  di\u00e1metro 0,41cm.  Contenido 100 unidades.\" \/>\n<meta property=\"og:url\" content=\"https:\/\/www.medibase-disposables.com\/es\/productos\/espatulas-de-mezcla\/\" \/>\n<meta property=\"og:site_name\" content=\"Medibase\" \/>\n<meta property=\"article:modified_time\" content=\"2022-11-17T10:00:30+00:00\" \/>\n<meta property=\"og:image\" content=\"http:\/\/www.medibase-disposables.com\/wp-content\/uploads\/spatules-de-m\u00e9lange.png\" \/>\n\t<meta property=\"og:image:width\" content=\"1772\" \/>\n\t<meta property=\"og:image:height\" content=\"1772\" \/>\n\t<meta property=\"og:image:type\" content=\"image\/png\" \/>\n<meta name=\"twitter:card\" content=\"summary_large_image\" \/>\n<meta name=\"twitter:label1\" content=\"Tiempo de lectura\" \/>\n\t<meta name=\"twitter:data1\" content=\"1 minuto\" \/>\n<script type=\"application\/ld+json\" class=\"yoast-schema-graph\">{\"@context\":\"https:\/\/schema.org\",\"@graph\":[{\"@type\":\"WebPage\",\"@id\":\"https:\/\/www.medibase-disposables.com\/es\/productos\/espatulas-de-mezcla\/\",\"url\":\"https:\/\/www.medibase-disposables.com\/es\/productos\/espatulas-de-mezcla\/\",\"name\":\"Esp\u00e1tulas de mezcla - Medibase\",\"isPartOf\":{\"@id\":\"https:\/\/www.medibase-disposables.com\/es\/#website\"},\"primaryImageOfPage\":{\"@id\":\"https:\/\/www.medibase-disposables.com\/es\/productos\/espatulas-de-mezcla\/#primaryimage\"},\"image\":{\"@id\":\"https:\/\/www.medibase-disposables.com\/es\/productos\/espatulas-de-mezcla\/#primaryimage\"},\"thumbnailUrl\":\"https:\/\/www.medibase-disposables.com\/wp-content\/uploads\/spatules-de-m\u00e9lange.png\",\"datePublished\":\"2020-11-23T22:46:30+00:00\",\"dateModified\":\"2022-11-17T10:00:30+00:00\",\"breadcrumb\":{\"@id\":\"https:\/\/www.medibase-disposables.com\/es\/productos\/espatulas-de-mezcla\/#breadcrumb\"},\"inLanguage\":\"es\",\"potentialAction\":[{\"@type\":\"ReadAction\",\"target\":[\"https:\/\/www.medibase-disposables.com\/es\/productos\/espatulas-de-mezcla\/\"]}]},{\"@type\":\"ImageObject\",\"inLanguage\":\"es\",\"@id\":\"https:\/\/www.medibase-disposables.com\/es\/productos\/espatulas-de-mezcla\/#primaryimage\",\"url\":\"https:\/\/www.medibase-disposables.com\/wp-content\/uploads\/spatules-de-m\u00e9lange.png\",\"contentUrl\":\"https:\/\/www.medibase-disposables.com\/wp-content\/uploads\/spatules-de-m\u00e9lange.png\",\"width\":\"1772\",\"height\":\"1772\"},{\"@type\":\"BreadcrumbList\",\"@id\":\"https:\/\/www.medibase-disposables.com\/es\/productos\/espatulas-de-mezcla\/#breadcrumb\",\"itemListElement\":[{\"@type\":\"ListItem\",\"position\":1,\"name\":\"Accueil\",\"item\":\"https:\/\/www.medibase-disposables.com\/es\/\"},{\"@type\":\"ListItem\",\"position\":2,\"name\":\"Productos\",\"item\":\"https:\/\/www.medibase-disposables.com\/es\/productos\/\"},{\"@type\":\"ListItem\",\"position\":3,\"name\":\"Esp\u00e1tulas de mezcla\"}]},{\"@type\":\"WebSite\",\"@id\":\"https:\/\/www.medibase-disposables.com\/es\/#website\",\"url\":\"https:\/\/www.medibase-disposables.com\/es\/\",\"name\":\"Medibase\",\"description\":\"Your everyday essentials\",\"publisher\":{\"@id\":\"https:\/\/www.medibase-disposables.com\/es\/#organization\"},\"potentialAction\":[{\"@type\":\"SearchAction\",\"target\":{\"@type\":\"EntryPoint\",\"urlTemplate\":\"https:\/\/www.medibase-disposables.com\/es\/?s={search_term_string}\"},\"query-input\":\"required name=search_term_string\"}],\"inLanguage\":\"es\"},{\"@type\":\"Organization\",\"@id\":\"https:\/\/www.medibase-disposables.com\/es\/#organization\",\"name\":\"MEDIBASE\",\"url\":\"https:\/\/www.medibase-disposables.com\/es\/\",\"logo\":{\"@type\":\"ImageObject\",\"inLanguage\":\"es\",\"@id\":\"https:\/\/www.medibase-disposables.com\/es\/#\/schema\/logo\/image\/\",\"url\":\"https:\/\/www.medibase-disposables.com\/wp-content\/uploads\/logo@2x.png\",\"contentUrl\":\"https:\/\/www.medibase-disposables.com\/wp-content\/uploads\/logo@2x.png\",\"width\":501,\"height\":501,\"caption\":\"MEDIBASE\"},\"image\":{\"@id\":\"https:\/\/www.medibase-disposables.com\/es\/#\/schema\/logo\/image\/\"}}]}<\/script>\n<!-- \/ Yoast SEO plugin. -->","yoast_head_json":{"title":"Esp\u00e1tulas de mezcla - Medibase","robots":{"index":"index","follow":"follow","max-snippet":"max-snippet:-1","max-image-preview":"max-image-preview:large","max-video-preview":"max-video-preview:-1"},"canonical":"https:\/\/www.medibase-disposables.com\/es\/productos\/espatulas-de-mezcla\/","og_locale":"es_ES","og_type":"article","og_title":"Esp\u00e1tulas de mezcla - Medibase","og_description":"Esp\u00e1tula mezcladora de acrilonitrilo butadieno estireno con doble punta.  Caracter\u00edsticas :   Esp\u00e1tulas de pl\u00e1stico blanco para un solo uso.  Longitud 11,74 cm.  di\u00e1metro 0,41cm.  Contenido 100 unidades.","og_url":"https:\/\/www.medibase-disposables.com\/es\/productos\/espatulas-de-mezcla\/","og_site_name":"Medibase","article_modified_time":"2022-11-17T10:00:30+00:00","og_image":[{"width":"1772","height":"1772","url":"http:\/\/www.medibase-disposables.com\/wp-content\/uploads\/spatules-de-m\u00e9lange.png","type":"image\/png"}],"twitter_card":"summary_large_image","twitter_misc":{"Tiempo de lectura":"1 minuto"},"schema":{"@context":"https:\/\/schema.org","@graph":[{"@type":"WebPage","@id":"https:\/\/www.medibase-disposables.com\/es\/productos\/espatulas-de-mezcla\/","url":"https:\/\/www.medibase-disposables.com\/es\/productos\/espatulas-de-mezcla\/","name":"Esp\u00e1tulas de mezcla - Medibase","isPartOf":{"@id":"https:\/\/www.medibase-disposables.com\/es\/#website"},"primaryImageOfPage":{"@id":"https:\/\/www.medibase-disposables.com\/es\/productos\/espatulas-de-mezcla\/#primaryimage"},"image":{"@id":"https:\/\/www.medibase-disposables.com\/es\/productos\/espatulas-de-mezcla\/#primaryimage"},"thumbnailUrl":"https:\/\/www.medibase-disposables.com\/wp-content\/uploads\/spatules-de-m\u00e9lange.png","datePublished":"2020-11-23T22:46:30+00:00","dateModified":"2022-11-17T10:00:30+00:00","breadcrumb":{"@id":"https:\/\/www.medibase-disposables.com\/es\/productos\/espatulas-de-mezcla\/#breadcrumb"},"inLanguage":"es","potentialAction":[{"@type":"ReadAction","target":["https:\/\/www.medibase-disposables.com\/es\/productos\/espatulas-de-mezcla\/"]}]},{"@type":"ImageObject","inLanguage":"es","@id":"https:\/\/www.medibase-disposables.com\/es\/productos\/espatulas-de-mezcla\/#primaryimage","url":"https:\/\/www.medibase-disposables.com\/wp-content\/uploads\/spatules-de-m\u00e9lange.png","contentUrl":"https:\/\/www.medibase-disposables.com\/wp-content\/uploads\/spatules-de-m\u00e9lange.png","width":"1772","height":"1772"},{"@type":"BreadcrumbList","@id":"https:\/\/www.medibase-disposables.com\/es\/productos\/espatulas-de-mezcla\/#breadcrumb","itemListElement":[{"@type":"ListItem","position":1,"name":"Accueil","item":"https:\/\/www.medibase-disposables.com\/es\/"},{"@type":"ListItem","position":2,"name":"Productos","item":"https:\/\/www.medibase-disposables.com\/es\/productos\/"},{"@type":"ListItem","position":3,"name":"Esp\u00e1tulas de mezcla"}]},{"@type":"WebSite","@id":"https:\/\/www.medibase-disposables.com\/es\/#website","url":"https:\/\/www.medibase-disposables.com\/es\/","name":"Medibase","description":"Your everyday essentials","publisher":{"@id":"https:\/\/www.medibase-disposables.com\/es\/#organization"},"potentialAction":[{"@type":"SearchAction","target":{"@type":"EntryPoint","urlTemplate":"https:\/\/www.medibase-disposables.com\/es\/?s={search_term_string}"},"query-input":"required name=search_term_string"}],"inLanguage":"es"},{"@type":"Organization","@id":"https:\/\/www.medibase-disposables.com\/es\/#organization","name":"MEDIBASE","url":"https:\/\/www.medibase-disposables.com\/es\/","logo":{"@type":"ImageObject","inLanguage":"es","@id":"https:\/\/www.medibase-disposables.com\/es\/#\/schema\/logo\/image\/","url":"https:\/\/www.medibase-disposables.com\/wp-content\/uploads\/logo@2x.png","contentUrl":"https:\/\/www.medibase-disposables.com\/wp-content\/uploads\/logo@2x.png","width":501,"height":501,"caption":"MEDIBASE"},"image":{"@id":"https:\/\/www.medibase-disposables.com\/es\/#\/schema\/logo\/image\/"}}]}},"_links":{"self":[{"href":"https:\/\/www.medibase-disposables.com\/es\/wp-json\/wp\/v2\/product\/5654"}],"collection":[{"href":"https:\/\/www.medibase-disposables.com\/es\/wp-json\/wp\/v2\/product"}],"about":[{"href":"https:\/\/www.medibase-disposables.com\/es\/wp-json\/wp\/v2\/types\/product"}],"wp:featuredmedia":[{"embeddable":true,"href":"https:\/\/www.medibase-disposables.com\/es\/wp-json\/wp\/v2\/media\/5655"}],"wp:attachment":[{"href":"https:\/\/www.medibase-disposables.com\/es\/wp-json\/wp\/v2\/media?parent=5654"}],"wp:term":[{"taxonomy":"product_cat","embeddable":true,"href":"https:\/\/www.medibase-disposables.com\/es\/wp-json\/wp\/v2\/product_cat?post=5654"},{"taxonomy":"product_tag","embeddable":true,"href":"https:\/\/www.medibase-disposables.com\/es\/wp-json\/wp\/v2\/product_tag?post=5654"}],"curies":[{"name":"wp","href":"https:\/\/api.w.org\/{rel}","templated":true}]}}