{"id":7207,"date":"2021-03-05T16:26:43","date_gmt":"2021-04-28T18:23:50","guid":{"rendered":"http:\/\/www.medibase-disposables.com\/?post_type=product&#038;p=7207"},"modified":"2025-11-07T15:27:26","modified_gmt":"2025-11-07T14:27:26","slug":"cubetas-supratrays-2","status":"publish","type":"product","link":"https:\/\/www.medibase-disposables.com\/es\/productos\/cubetas-supratrays-2\/","title":{"rendered":"Cubetas SUPRATRAYS"},"content":{"rendered":"<table style=\"width: 523px; height: 184px;\" width=\"418\">\n<tbody>\n<tr>\n<td style=\"width: 122px; text-align: center;\"><strong>CUADRANTE<\/strong><\/td>\n<td style=\"width: 126px; text-align: center;\"><strong>POSTERIOR<\/strong><\/td>\n<td style=\"width: 122px; text-align: center;\"><strong>ANTERIOR<\/strong><\/td>\n<td style=\"width: 106px; text-align: center;\"><strong>FULL ARCH<\/strong><\/td>\n<\/tr>\n<tr style=\"height: 28px;\">\n<td style=\"width: 122px; height: 28px; text-align: center;\">3180108<\/td>\n<td style=\"width: 126px; height: 28px; text-align: center;\">3180107<\/td>\n<td style=\"width: 122px; height: 28px; text-align: center;\">3180105<\/td>\n<td style=\"width: 106px; height: 28px; text-align: center;\">3180106<\/td>\n<\/tr>\n<tr>\n<td style=\"width: 122px;\"><img loading=\"lazy\" decoding=\"async\" class=\"wp-image-12601 aligncenter\" src=\"http:\/\/www.medibase-disposables.com\/wp-content\/uploads\/210-356.jpg\" alt=\"\" width=\"60\" height=\"60\" srcset=\"https:\/\/www.medibase-disposables.com\/wp-content\/uploads\/210-356.jpg 290w, https:\/\/www.medibase-disposables.com\/wp-content\/uploads\/210-356-150x150.jpg 150w, https:\/\/www.medibase-disposables.com\/wp-content\/uploads\/210-356-100x100.jpg 100w, https:\/\/www.medibase-disposables.com\/wp-content\/uploads\/210-356-1536x1536.jpg 1536w, https:\/\/www.medibase-disposables.com\/wp-content\/uploads\/210-356-2048x2048.jpg 2048w, https:\/\/www.medibase-disposables.com\/wp-content\/uploads\/210-356-600x600.jpg 600w, https:\/\/www.medibase-disposables.com\/wp-content\/uploads\/210-356-300x300.jpg 300w, https:\/\/www.medibase-disposables.com\/wp-content\/uploads\/210-356-768x768.jpg 768w, https:\/\/www.medibase-disposables.com\/wp-content\/uploads\/210-356-1024x1024.jpg 1024w\" sizes=\"(max-width: 60px) 100vw, 60px\" \/><\/td>\n<td style=\"width: 126px;\"><img loading=\"lazy\" decoding=\"async\" class=\" wp-image-12607 aligncenter\" src=\"http:\/\/www.medibase-disposables.com\/wp-content\/uploads\/210-355.jpg\" alt=\"\" width=\"60\" height=\"60\" srcset=\"https:\/\/www.medibase-disposables.com\/wp-content\/uploads\/210-355.jpg 295w, https:\/\/www.medibase-disposables.com\/wp-content\/uploads\/210-355-150x150.jpg 150w, https:\/\/www.medibase-disposables.com\/wp-content\/uploads\/210-355-100x100.jpg 100w, https:\/\/www.medibase-disposables.com\/wp-content\/uploads\/210-355-1536x1536.jpg 1536w, https:\/\/www.medibase-disposables.com\/wp-content\/uploads\/210-355-2048x2048.jpg 2048w, https:\/\/www.medibase-disposables.com\/wp-content\/uploads\/210-355-600x600.jpg 600w, https:\/\/www.medibase-disposables.com\/wp-content\/uploads\/210-355-300x300.jpg 300w, https:\/\/www.medibase-disposables.com\/wp-content\/uploads\/210-355-768x768.jpg 768w, https:\/\/www.medibase-disposables.com\/wp-content\/uploads\/210-355-1024x1024.jpg 1024w\" sizes=\"(max-width: 60px) 100vw, 60px\" \/><\/td>\n<td style=\"width: 122px;\"><img loading=\"lazy\" decoding=\"async\" class=\" wp-image-12613 aligncenter\" src=\"http:\/\/www.medibase-disposables.com\/wp-content\/uploads\/210-353.jpg\" alt=\"\" width=\"60\" height=\"60\" srcset=\"https:\/\/www.medibase-disposables.com\/wp-content\/uploads\/210-353.jpg 291w, https:\/\/www.medibase-disposables.com\/wp-content\/uploads\/210-353-150x150.jpg 150w, https:\/\/www.medibase-disposables.com\/wp-content\/uploads\/210-353-100x100.jpg 100w, https:\/\/www.medibase-disposables.com\/wp-content\/uploads\/210-353-1536x1536.jpg 1536w, https:\/\/www.medibase-disposables.com\/wp-content\/uploads\/210-353-2048x2048.jpg 2048w, https:\/\/www.medibase-disposables.com\/wp-content\/uploads\/210-353-600x600.jpg 600w, https:\/\/www.medibase-disposables.com\/wp-content\/uploads\/210-353-300x300.jpg 300w, https:\/\/www.medibase-disposables.com\/wp-content\/uploads\/210-353-768x768.jpg 768w, https:\/\/www.medibase-disposables.com\/wp-content\/uploads\/210-353-1024x1024.jpg 1024w\" sizes=\"(max-width: 60px) 100vw, 60px\" \/><\/td>\n<td style=\"width: 106px;\"><img loading=\"lazy\" decoding=\"async\" class=\" wp-image-12619 aligncenter\" src=\"http:\/\/www.medibase-disposables.com\/wp-content\/uploads\/210-354.jpg\" alt=\"\" width=\"60\" height=\"60\" srcset=\"https:\/\/www.medibase-disposables.com\/wp-content\/uploads\/210-354.jpg 250w, https:\/\/www.medibase-disposables.com\/wp-content\/uploads\/210-354-150x150.jpg 150w, https:\/\/www.medibase-disposables.com\/wp-content\/uploads\/210-354-100x100.jpg 100w, https:\/\/www.medibase-disposables.com\/wp-content\/uploads\/210-354-1536x1536.jpg 1536w, https:\/\/www.medibase-disposables.com\/wp-content\/uploads\/210-354-2048x2048.jpg 2048w, https:\/\/www.medibase-disposables.com\/wp-content\/uploads\/210-354-600x600.jpg 600w, https:\/\/www.medibase-disposables.com\/wp-content\/uploads\/210-354-300x300.jpg 300w, https:\/\/www.medibase-disposables.com\/wp-content\/uploads\/210-354-768x768.jpg 768w, https:\/\/www.medibase-disposables.com\/wp-content\/uploads\/210-354-1024x1024.jpg 1024w\" sizes=\"(max-width: 60px) 100vw, 60px\" \/><\/td>\n<\/tr>\n<\/tbody>\n<\/table>\n<p>&nbsp;<\/p>\n<table style=\"width: 451px; height: 192px;\" width=\"314\">\n<tbody>\n<tr>\n<td style=\"width: 116.927px; text-align: center;\"><strong>SIDELESS<\/strong><\/td>\n<td style=\"width: 162.465px; text-align: center;\"><strong>CUADRANTE REFORZADO\u00a0 METAL<\/strong><\/td>\n<td style=\"width: 137.153px; text-align: center;\"><strong>REFUERZOS POSTERIORES\u00a0\u00a0\u00a0\u00a0 METAL<\/strong><\/td>\n<\/tr>\n<tr style=\"height: 28px;\">\n<td style=\"width: 116.927px; height: 28px; text-align: center;\">3180109<\/td>\n<td style=\"width: 162.465px; height: 28px; text-align: center;\">3180111<\/td>\n<td style=\"width: 137.153px; height: 28px; text-align: center;\">3180110<\/td>\n<\/tr>\n<tr>\n<td style=\"width: 116.927px;\"><img loading=\"lazy\" decoding=\"async\" class=\" wp-image-12625 aligncenter\" src=\"http:\/\/www.medibase-disposables.com\/wp-content\/uploads\/210-357.jpg\" alt=\"\" width=\"60\" height=\"60\" srcset=\"https:\/\/www.medibase-disposables.com\/wp-content\/uploads\/210-357.jpg 293w, https:\/\/www.medibase-disposables.com\/wp-content\/uploads\/210-357-150x150.jpg 150w, https:\/\/www.medibase-disposables.com\/wp-content\/uploads\/210-357-100x100.jpg 100w, https:\/\/www.medibase-disposables.com\/wp-content\/uploads\/210-357-1536x1536.jpg 1536w, https:\/\/www.medibase-disposables.com\/wp-content\/uploads\/210-357-2048x2048.jpg 2048w, https:\/\/www.medibase-disposables.com\/wp-content\/uploads\/210-357-600x600.jpg 600w, https:\/\/www.medibase-disposables.com\/wp-content\/uploads\/210-357-300x300.jpg 300w, https:\/\/www.medibase-disposables.com\/wp-content\/uploads\/210-357-768x768.jpg 768w, https:\/\/www.medibase-disposables.com\/wp-content\/uploads\/210-357-1024x1024.jpg 1024w\" sizes=\"(max-width: 60px) 100vw, 60px\" \/><\/td>\n<td style=\"width: 162.465px;\"><img loading=\"lazy\" decoding=\"async\" class=\" wp-image-12631 aligncenter\" src=\"http:\/\/www.medibase-disposables.com\/wp-content\/uploads\/210-359.jpg\" alt=\"\" width=\"60\" height=\"60\" srcset=\"https:\/\/www.medibase-disposables.com\/wp-content\/uploads\/210-359.jpg 289w, https:\/\/www.medibase-disposables.com\/wp-content\/uploads\/210-359-150x150.jpg 150w, https:\/\/www.medibase-disposables.com\/wp-content\/uploads\/210-359-100x100.jpg 100w, https:\/\/www.medibase-disposables.com\/wp-content\/uploads\/210-359-1536x1536.jpg 1536w, https:\/\/www.medibase-disposables.com\/wp-content\/uploads\/210-359-2048x2048.jpg 2048w, https:\/\/www.medibase-disposables.com\/wp-content\/uploads\/210-359-600x600.jpg 600w, https:\/\/www.medibase-disposables.com\/wp-content\/uploads\/210-359-300x300.jpg 300w, https:\/\/www.medibase-disposables.com\/wp-content\/uploads\/210-359-768x768.jpg 768w, https:\/\/www.medibase-disposables.com\/wp-content\/uploads\/210-359-1024x1024.jpg 1024w\" sizes=\"(max-width: 60px) 100vw, 60px\" \/><\/td>\n<td style=\"width: 137.153px;\"><img loading=\"lazy\" decoding=\"async\" class=\" wp-image-12637 aligncenter\" src=\"http:\/\/www.medibase-disposables.com\/wp-content\/uploads\/210-358.jpg\" alt=\"\" width=\"60\" height=\"60\" srcset=\"https:\/\/www.medibase-disposables.com\/wp-content\/uploads\/210-358.jpg 290w, https:\/\/www.medibase-disposables.com\/wp-content\/uploads\/210-358-150x150.jpg 150w, https:\/\/www.medibase-disposables.com\/wp-content\/uploads\/210-358-100x100.jpg 100w, https:\/\/www.medibase-disposables.com\/wp-content\/uploads\/210-358-1536x1536.jpg 1536w, https:\/\/www.medibase-disposables.com\/wp-content\/uploads\/210-358-2048x2048.jpg 2048w, https:\/\/www.medibase-disposables.com\/wp-content\/uploads\/210-358-600x600.jpg 600w, https:\/\/www.medibase-disposables.com\/wp-content\/uploads\/210-358-300x300.jpg 300w, https:\/\/www.medibase-disposables.com\/wp-content\/uploads\/210-358-768x768.jpg 768w, https:\/\/www.medibase-disposables.com\/wp-content\/uploads\/210-358-1024x1024.jpg 1024w\" sizes=\"(max-width: 60px) 100vw, 60px\" \/><\/td>\n<\/tr>\n<\/tbody>\n<\/table>\n<p>&nbsp;<\/p>\n","protected":false},"excerpt":{"rendered":"<p><strong>Caracter\u00edsticas y datos t\u00e9cnicos:<\/strong><\/p>\n<ul>\n<li><strong>Paredes especialmente dise\u00f1adas para una retenci\u00f3n extra.<\/strong><\/li>\n<li><strong>F\u00e1cil manejo y amplio plano oclusal para un f\u00e1cil acceso a todas las \u00e1reas.<\/strong><\/li>\n<li><strong>Malla de alta calidad, pl\u00e1stico duro y resistente.<\/strong><\/li>\n<li><strong>Un acceso a\u00fan m\u00e1s f\u00e1cil a las zonas dif\u00edciles gracias al fino refuerzo met\u00e1lico.<\/strong><\/li>\n<li><strong>Firmeza insuperable en las bandejas de impresi\u00f3n de un solo uso.<\/strong><\/li>\n<\/ul>\n<p>Clase: I<\/p>\n<p>Fabricante: <em>Premium Plus (Dongguan) Limited<\/em><\/p>\n","protected":false},"featured_media":6991,"template":"","meta":{"_acf_changed":false},"product_cat":[281],"product_tag":[],"acf":[],"yoast_head":"<!-- This site is optimized with the Yoast SEO plugin v22.3 - https:\/\/yoast.com\/wordpress\/plugins\/seo\/ -->\n<title>Cubetas SUPRATRAYS - Medibase<\/title>\n<meta name=\"robots\" content=\"index, follow, max-snippet:-1, max-image-preview:large, max-video-preview:-1\" \/>\n<link rel=\"canonical\" href=\"https:\/\/www.medibase-disposables.com\/es\/productos\/cubetas-supratrays-2\/\" \/>\n<meta property=\"og:locale\" content=\"es_ES\" \/>\n<meta property=\"og:type\" content=\"article\" \/>\n<meta property=\"og:title\" content=\"Cubetas SUPRATRAYS - Medibase\" \/>\n<meta property=\"og:description\" content=\"Caracter\u00edsticas y datos t\u00e9cnicos:   Paredes especialmente dise\u00f1adas para una retenci\u00f3n extra.  F\u00e1cil manejo y amplio plano oclusal para un f\u00e1cil acceso a todas las \u00e1reas.  Malla de alta calidad, pl\u00e1stico duro y resistente.  Un acceso a\u00fan m\u00e1s f\u00e1cil a las zonas dif\u00edciles gracias al fino refuerzo met\u00e1lico.  Firmeza insuperable en las bandejas de impresi\u00f3n de un solo uso.  Clase: I  Fabricante: Premium Plus (Dongguan) Limited\" \/>\n<meta property=\"og:url\" content=\"https:\/\/www.medibase-disposables.com\/es\/productos\/cubetas-supratrays-2\/\" \/>\n<meta property=\"og:site_name\" content=\"Medibase\" \/>\n<meta property=\"article:modified_time\" content=\"2025-11-07T14:27:26+00:00\" \/>\n<meta property=\"og:image\" content=\"http:\/\/www.medibase-disposables.com\/wp-content\/uploads\/3134514_Visuel_Supratrays_RVB.jpg\" \/>\n\t<meta property=\"og:image:width\" content=\"2000\" \/>\n\t<meta property=\"og:image:height\" content=\"2000\" \/>\n\t<meta property=\"og:image:type\" content=\"image\/jpeg\" \/>\n<meta name=\"twitter:card\" content=\"summary_large_image\" \/>\n<meta name=\"twitter:label1\" content=\"Tiempo de lectura\" \/>\n\t<meta name=\"twitter:data1\" content=\"2 minutos\" \/>\n<script type=\"application\/ld+json\" class=\"yoast-schema-graph\">{\"@context\":\"https:\/\/schema.org\",\"@graph\":[{\"@type\":\"WebPage\",\"@id\":\"https:\/\/www.medibase-disposables.com\/es\/productos\/cubetas-supratrays-2\/\",\"url\":\"https:\/\/www.medibase-disposables.com\/es\/productos\/cubetas-supratrays-2\/\",\"name\":\"Cubetas SUPRATRAYS - Medibase\",\"isPartOf\":{\"@id\":\"https:\/\/www.medibase-disposables.com\/es\/#website\"},\"primaryImageOfPage\":{\"@id\":\"https:\/\/www.medibase-disposables.com\/es\/productos\/cubetas-supratrays-2\/#primaryimage\"},\"image\":{\"@id\":\"https:\/\/www.medibase-disposables.com\/es\/productos\/cubetas-supratrays-2\/#primaryimage\"},\"thumbnailUrl\":\"https:\/\/www.medibase-disposables.com\/wp-content\/uploads\/3134514_Visuel_Supratrays_RVB.jpg\",\"datePublished\":\"2021-04-28T18:23:50+00:00\",\"dateModified\":\"2025-11-07T14:27:26+00:00\",\"breadcrumb\":{\"@id\":\"https:\/\/www.medibase-disposables.com\/es\/productos\/cubetas-supratrays-2\/#breadcrumb\"},\"inLanguage\":\"es\",\"potentialAction\":[{\"@type\":\"ReadAction\",\"target\":[\"https:\/\/www.medibase-disposables.com\/es\/productos\/cubetas-supratrays-2\/\"]}]},{\"@type\":\"ImageObject\",\"inLanguage\":\"es\",\"@id\":\"https:\/\/www.medibase-disposables.com\/es\/productos\/cubetas-supratrays-2\/#primaryimage\",\"url\":\"https:\/\/www.medibase-disposables.com\/wp-content\/uploads\/3134514_Visuel_Supratrays_RVB.jpg\",\"contentUrl\":\"https:\/\/www.medibase-disposables.com\/wp-content\/uploads\/3134514_Visuel_Supratrays_RVB.jpg\",\"width\":2000,\"height\":2000},{\"@type\":\"BreadcrumbList\",\"@id\":\"https:\/\/www.medibase-disposables.com\/es\/productos\/cubetas-supratrays-2\/#breadcrumb\",\"itemListElement\":[{\"@type\":\"ListItem\",\"position\":1,\"name\":\"Accueil\",\"item\":\"https:\/\/www.medibase-disposables.com\/es\/\"},{\"@type\":\"ListItem\",\"position\":2,\"name\":\"Productos\",\"item\":\"https:\/\/www.medibase-disposables.com\/es\/productos\/\"},{\"@type\":\"ListItem\",\"position\":3,\"name\":\"Cubetas SUPRATRAYS\"}]},{\"@type\":\"WebSite\",\"@id\":\"https:\/\/www.medibase-disposables.com\/es\/#website\",\"url\":\"https:\/\/www.medibase-disposables.com\/es\/\",\"name\":\"Medibase\",\"description\":\"Your everyday essentials\",\"publisher\":{\"@id\":\"https:\/\/www.medibase-disposables.com\/es\/#organization\"},\"potentialAction\":[{\"@type\":\"SearchAction\",\"target\":{\"@type\":\"EntryPoint\",\"urlTemplate\":\"https:\/\/www.medibase-disposables.com\/es\/?s={search_term_string}\"},\"query-input\":\"required name=search_term_string\"}],\"inLanguage\":\"es\"},{\"@type\":\"Organization\",\"@id\":\"https:\/\/www.medibase-disposables.com\/es\/#organization\",\"name\":\"MEDIBASE\",\"url\":\"https:\/\/www.medibase-disposables.com\/es\/\",\"logo\":{\"@type\":\"ImageObject\",\"inLanguage\":\"es\",\"@id\":\"https:\/\/www.medibase-disposables.com\/es\/#\/schema\/logo\/image\/\",\"url\":\"https:\/\/www.medibase-disposables.com\/wp-content\/uploads\/logo@2x.png\",\"contentUrl\":\"https:\/\/www.medibase-disposables.com\/wp-content\/uploads\/logo@2x.png\",\"width\":501,\"height\":501,\"caption\":\"MEDIBASE\"},\"image\":{\"@id\":\"https:\/\/www.medibase-disposables.com\/es\/#\/schema\/logo\/image\/\"}}]}<\/script>\n<!-- \/ Yoast SEO plugin. -->","yoast_head_json":{"title":"Cubetas SUPRATRAYS - Medibase","robots":{"index":"index","follow":"follow","max-snippet":"max-snippet:-1","max-image-preview":"max-image-preview:large","max-video-preview":"max-video-preview:-1"},"canonical":"https:\/\/www.medibase-disposables.com\/es\/productos\/cubetas-supratrays-2\/","og_locale":"es_ES","og_type":"article","og_title":"Cubetas SUPRATRAYS - Medibase","og_description":"Caracter\u00edsticas y datos t\u00e9cnicos:   Paredes especialmente dise\u00f1adas para una retenci\u00f3n extra.  F\u00e1cil manejo y amplio plano oclusal para un f\u00e1cil acceso a todas las \u00e1reas.  Malla de alta calidad, pl\u00e1stico duro y resistente.  Un acceso a\u00fan m\u00e1s f\u00e1cil a las zonas dif\u00edciles gracias al fino refuerzo met\u00e1lico.  Firmeza insuperable en las bandejas de impresi\u00f3n de un solo uso.  Clase: I  Fabricante: Premium Plus (Dongguan) Limited","og_url":"https:\/\/www.medibase-disposables.com\/es\/productos\/cubetas-supratrays-2\/","og_site_name":"Medibase","article_modified_time":"2025-11-07T14:27:26+00:00","og_image":[{"width":2000,"height":2000,"url":"http:\/\/www.medibase-disposables.com\/wp-content\/uploads\/3134514_Visuel_Supratrays_RVB.jpg","type":"image\/jpeg"}],"twitter_card":"summary_large_image","twitter_misc":{"Tiempo de lectura":"2 minutos"},"schema":{"@context":"https:\/\/schema.org","@graph":[{"@type":"WebPage","@id":"https:\/\/www.medibase-disposables.com\/es\/productos\/cubetas-supratrays-2\/","url":"https:\/\/www.medibase-disposables.com\/es\/productos\/cubetas-supratrays-2\/","name":"Cubetas SUPRATRAYS - Medibase","isPartOf":{"@id":"https:\/\/www.medibase-disposables.com\/es\/#website"},"primaryImageOfPage":{"@id":"https:\/\/www.medibase-disposables.com\/es\/productos\/cubetas-supratrays-2\/#primaryimage"},"image":{"@id":"https:\/\/www.medibase-disposables.com\/es\/productos\/cubetas-supratrays-2\/#primaryimage"},"thumbnailUrl":"https:\/\/www.medibase-disposables.com\/wp-content\/uploads\/3134514_Visuel_Supratrays_RVB.jpg","datePublished":"2021-04-28T18:23:50+00:00","dateModified":"2025-11-07T14:27:26+00:00","breadcrumb":{"@id":"https:\/\/www.medibase-disposables.com\/es\/productos\/cubetas-supratrays-2\/#breadcrumb"},"inLanguage":"es","potentialAction":[{"@type":"ReadAction","target":["https:\/\/www.medibase-disposables.com\/es\/productos\/cubetas-supratrays-2\/"]}]},{"@type":"ImageObject","inLanguage":"es","@id":"https:\/\/www.medibase-disposables.com\/es\/productos\/cubetas-supratrays-2\/#primaryimage","url":"https:\/\/www.medibase-disposables.com\/wp-content\/uploads\/3134514_Visuel_Supratrays_RVB.jpg","contentUrl":"https:\/\/www.medibase-disposables.com\/wp-content\/uploads\/3134514_Visuel_Supratrays_RVB.jpg","width":2000,"height":2000},{"@type":"BreadcrumbList","@id":"https:\/\/www.medibase-disposables.com\/es\/productos\/cubetas-supratrays-2\/#breadcrumb","itemListElement":[{"@type":"ListItem","position":1,"name":"Accueil","item":"https:\/\/www.medibase-disposables.com\/es\/"},{"@type":"ListItem","position":2,"name":"Productos","item":"https:\/\/www.medibase-disposables.com\/es\/productos\/"},{"@type":"ListItem","position":3,"name":"Cubetas SUPRATRAYS"}]},{"@type":"WebSite","@id":"https:\/\/www.medibase-disposables.com\/es\/#website","url":"https:\/\/www.medibase-disposables.com\/es\/","name":"Medibase","description":"Your everyday essentials","publisher":{"@id":"https:\/\/www.medibase-disposables.com\/es\/#organization"},"potentialAction":[{"@type":"SearchAction","target":{"@type":"EntryPoint","urlTemplate":"https:\/\/www.medibase-disposables.com\/es\/?s={search_term_string}"},"query-input":"required name=search_term_string"}],"inLanguage":"es"},{"@type":"Organization","@id":"https:\/\/www.medibase-disposables.com\/es\/#organization","name":"MEDIBASE","url":"https:\/\/www.medibase-disposables.com\/es\/","logo":{"@type":"ImageObject","inLanguage":"es","@id":"https:\/\/www.medibase-disposables.com\/es\/#\/schema\/logo\/image\/","url":"https:\/\/www.medibase-disposables.com\/wp-content\/uploads\/logo@2x.png","contentUrl":"https:\/\/www.medibase-disposables.com\/wp-content\/uploads\/logo@2x.png","width":501,"height":501,"caption":"MEDIBASE"},"image":{"@id":"https:\/\/www.medibase-disposables.com\/es\/#\/schema\/logo\/image\/"}}]}},"_links":{"self":[{"href":"https:\/\/www.medibase-disposables.com\/es\/wp-json\/wp\/v2\/product\/7207"}],"collection":[{"href":"https:\/\/www.medibase-disposables.com\/es\/wp-json\/wp\/v2\/product"}],"about":[{"href":"https:\/\/www.medibase-disposables.com\/es\/wp-json\/wp\/v2\/types\/product"}],"wp:featuredmedia":[{"embeddable":true,"href":"https:\/\/www.medibase-disposables.com\/es\/wp-json\/wp\/v2\/media\/6991"}],"wp:attachment":[{"href":"https:\/\/www.medibase-disposables.com\/es\/wp-json\/wp\/v2\/media?parent=7207"}],"wp:term":[{"taxonomy":"product_cat","embeddable":true,"href":"https:\/\/www.medibase-disposables.com\/es\/wp-json\/wp\/v2\/product_cat?post=7207"},{"taxonomy":"product_tag","embeddable":true,"href":"https:\/\/www.medibase-disposables.com\/es\/wp-json\/wp\/v2\/product_tag?post=7207"}],"curies":[{"name":"wp","href":"https:\/\/api.w.org\/{rel}","templated":true}]}}