{"id":2724,"date":"2020-11-08T15:36:40","date_gmt":"2020-11-08T14:36:40","guid":{"rendered":"https:\/\/www.medibase-disposables.com\/?page_id=2724"},"modified":"2020-11-08T15:36:40","modified_gmt":"2020-11-08T14:36:40","slug":"il-marchio","status":"publish","type":"page","link":"https:\/\/www.medibase-disposables.com\/it\/il-marchio\/","title":{"rendered":"Il marchio"},"content":{"rendered":"<div id=\"header\">\n<div id=\"banner\">\n<div id=\"chemin\">Home &gt; Il marchio<\/div>\n<h2>Il marchio<\/h2>\n<\/div>\n<\/div>\n<div class=\"row marque\">\n<div class=\"w-12\">\n<div>\n<p><strong>MEDIBASE<\/strong> \u00e8 una gamma completa di prodotti monouso in ambito dentale, sviluppata da CFPM, uno dei leader mondiali nella distribuzione di prodotti dentali dal 1979. Il suo scopo \u00e8 quello di semplificare la vita dei dentisti migliorando il loro lavoro e la sicurezza dei pazienti.<\/p>\n<p><strong>MEDIBASE<\/strong> ha scelto la qualit\u00e0 al miglior prezzo. Tutti i prodotti sono sottoposti ai pi\u00f9 rigidi controlli di fabbricazione e sono certificati CE .<\/p>\n<p>Scegliere un distributore di prodotti <strong>MEDIBASE<\/strong> nel vostro paese vuol dire essere sicuri di beneficiare dei prezzi pi\u00f9 competitivi con la possibilit\u00e0 di ordinare il materiale in base alle vostre necessit\u00e0.<\/p>\n<\/div>\n<\/div>\n<\/div>\n","protected":false},"excerpt":{"rendered":"<p>Home &gt; Il marchio Il marchio MEDIBASE \u00e8 una gamma completa di prodotti monouso in ambito dentale, sviluppata da CFPM, uno dei leader mondiali nella distribuzione di prodotti dentali dal 1979. Il suo scopo \u00e8 quello di semplificare la vita dei dentisti migliorando il loro lavoro e la sicurezza dei pazienti. MEDIBASE ha scelto la [&hellip;]<\/p>\n","protected":false},"author":1,"featured_media":0,"parent":0,"menu_order":3,"comment_status":"closed","ping_status":"closed","template":"","meta":{"_acf_changed":false,"footnotes":""},"acf":[],"yoast_head":"<!-- This site is optimized with the Yoast SEO plugin v22.3 - https:\/\/yoast.com\/wordpress\/plugins\/seo\/ -->\n<title>Il marchio - Medibase<\/title>\n<meta name=\"robots\" content=\"index, follow, max-snippet:-1, max-image-preview:large, max-video-preview:-1\" \/>\n<link rel=\"canonical\" href=\"https:\/\/www.medibase-disposables.com\/it\/il-marchio\/\" \/>\n<meta property=\"og:locale\" content=\"it_IT\" \/>\n<meta property=\"og:type\" content=\"article\" \/>\n<meta property=\"og:title\" content=\"Il marchio - Medibase\" \/>\n<meta property=\"og:description\" content=\"Home &gt; Il marchio Il marchio MEDIBASE \u00e8 una gamma completa di prodotti monouso in ambito dentale, sviluppata da CFPM, uno dei leader mondiali nella distribuzione di prodotti dentali dal 1979. Il suo scopo \u00e8 quello di semplificare la vita dei dentisti migliorando il loro lavoro e la sicurezza dei pazienti. MEDIBASE ha scelto la [&hellip;]\" \/>\n<meta property=\"og:url\" content=\"https:\/\/www.medibase-disposables.com\/it\/il-marchio\/\" \/>\n<meta property=\"og:site_name\" content=\"Medibase\" \/>\n<meta name=\"twitter:card\" content=\"summary_large_image\" \/>\n<meta name=\"twitter:label1\" content=\"Tempo di lettura stimato\" \/>\n\t<meta name=\"twitter:data1\" content=\"1 minuto\" \/>\n<script type=\"application\/ld+json\" class=\"yoast-schema-graph\">{\"@context\":\"https:\/\/schema.org\",\"@graph\":[{\"@type\":\"WebPage\",\"@id\":\"https:\/\/www.medibase-disposables.com\/it\/il-marchio\/\",\"url\":\"https:\/\/www.medibase-disposables.com\/it\/il-marchio\/\",\"name\":\"Il marchio - Medibase\",\"isPartOf\":{\"@id\":\"https:\/\/www.medibase-disposables.com\/it\/#website\"},\"datePublished\":\"2020-11-08T14:36:40+00:00\",\"dateModified\":\"2020-11-08T14:36:40+00:00\",\"breadcrumb\":{\"@id\":\"https:\/\/www.medibase-disposables.com\/it\/il-marchio\/#breadcrumb\"},\"inLanguage\":\"it-IT\",\"potentialAction\":[{\"@type\":\"ReadAction\",\"target\":[\"https:\/\/www.medibase-disposables.com\/it\/il-marchio\/\"]}]},{\"@type\":\"BreadcrumbList\",\"@id\":\"https:\/\/www.medibase-disposables.com\/it\/il-marchio\/#breadcrumb\",\"itemListElement\":[{\"@type\":\"ListItem\",\"position\":1,\"name\":\"Accueil\",\"item\":\"https:\/\/www.medibase-disposables.com\/it\/\"},{\"@type\":\"ListItem\",\"position\":2,\"name\":\"Il marchio\"}]},{\"@type\":\"WebSite\",\"@id\":\"https:\/\/www.medibase-disposables.com\/it\/#website\",\"url\":\"https:\/\/www.medibase-disposables.com\/it\/\",\"name\":\"Medibase\",\"description\":\"Your everyday essentials\",\"publisher\":{\"@id\":\"https:\/\/www.medibase-disposables.com\/it\/#organization\"},\"potentialAction\":[{\"@type\":\"SearchAction\",\"target\":{\"@type\":\"EntryPoint\",\"urlTemplate\":\"https:\/\/www.medibase-disposables.com\/it\/?s={search_term_string}\"},\"query-input\":\"required name=search_term_string\"}],\"inLanguage\":\"it-IT\"},{\"@type\":\"Organization\",\"@id\":\"https:\/\/www.medibase-disposables.com\/it\/#organization\",\"name\":\"MEDIBASE\",\"url\":\"https:\/\/www.medibase-disposables.com\/it\/\",\"logo\":{\"@type\":\"ImageObject\",\"inLanguage\":\"it-IT\",\"@id\":\"https:\/\/www.medibase-disposables.com\/it\/#\/schema\/logo\/image\/\",\"url\":\"https:\/\/www.medibase-disposables.com\/wp-content\/uploads\/logo@2x.png\",\"contentUrl\":\"https:\/\/www.medibase-disposables.com\/wp-content\/uploads\/logo@2x.png\",\"width\":501,\"height\":501,\"caption\":\"MEDIBASE\"},\"image\":{\"@id\":\"https:\/\/www.medibase-disposables.com\/it\/#\/schema\/logo\/image\/\"}}]}<\/script>\n<!-- \/ Yoast SEO plugin. -->","yoast_head_json":{"title":"Il marchio - Medibase","robots":{"index":"index","follow":"follow","max-snippet":"max-snippet:-1","max-image-preview":"max-image-preview:large","max-video-preview":"max-video-preview:-1"},"canonical":"https:\/\/www.medibase-disposables.com\/it\/il-marchio\/","og_locale":"it_IT","og_type":"article","og_title":"Il marchio - Medibase","og_description":"Home &gt; Il marchio Il marchio MEDIBASE \u00e8 una gamma completa di prodotti monouso in ambito dentale, sviluppata da CFPM, uno dei leader mondiali nella distribuzione di prodotti dentali dal 1979. Il suo scopo \u00e8 quello di semplificare la vita dei dentisti migliorando il loro lavoro e la sicurezza dei pazienti. MEDIBASE ha scelto la [&hellip;]","og_url":"https:\/\/www.medibase-disposables.com\/it\/il-marchio\/","og_site_name":"Medibase","twitter_card":"summary_large_image","twitter_misc":{"Tempo di lettura stimato":"1 minuto"},"schema":{"@context":"https:\/\/schema.org","@graph":[{"@type":"WebPage","@id":"https:\/\/www.medibase-disposables.com\/it\/il-marchio\/","url":"https:\/\/www.medibase-disposables.com\/it\/il-marchio\/","name":"Il marchio - Medibase","isPartOf":{"@id":"https:\/\/www.medibase-disposables.com\/it\/#website"},"datePublished":"2020-11-08T14:36:40+00:00","dateModified":"2020-11-08T14:36:40+00:00","breadcrumb":{"@id":"https:\/\/www.medibase-disposables.com\/it\/il-marchio\/#breadcrumb"},"inLanguage":"it-IT","potentialAction":[{"@type":"ReadAction","target":["https:\/\/www.medibase-disposables.com\/it\/il-marchio\/"]}]},{"@type":"BreadcrumbList","@id":"https:\/\/www.medibase-disposables.com\/it\/il-marchio\/#breadcrumb","itemListElement":[{"@type":"ListItem","position":1,"name":"Accueil","item":"https:\/\/www.medibase-disposables.com\/it\/"},{"@type":"ListItem","position":2,"name":"Il marchio"}]},{"@type":"WebSite","@id":"https:\/\/www.medibase-disposables.com\/it\/#website","url":"https:\/\/www.medibase-disposables.com\/it\/","name":"Medibase","description":"Your everyday essentials","publisher":{"@id":"https:\/\/www.medibase-disposables.com\/it\/#organization"},"potentialAction":[{"@type":"SearchAction","target":{"@type":"EntryPoint","urlTemplate":"https:\/\/www.medibase-disposables.com\/it\/?s={search_term_string}"},"query-input":"required name=search_term_string"}],"inLanguage":"it-IT"},{"@type":"Organization","@id":"https:\/\/www.medibase-disposables.com\/it\/#organization","name":"MEDIBASE","url":"https:\/\/www.medibase-disposables.com\/it\/","logo":{"@type":"ImageObject","inLanguage":"it-IT","@id":"https:\/\/www.medibase-disposables.com\/it\/#\/schema\/logo\/image\/","url":"https:\/\/www.medibase-disposables.com\/wp-content\/uploads\/logo@2x.png","contentUrl":"https:\/\/www.medibase-disposables.com\/wp-content\/uploads\/logo@2x.png","width":501,"height":501,"caption":"MEDIBASE"},"image":{"@id":"https:\/\/www.medibase-disposables.com\/it\/#\/schema\/logo\/image\/"}}]}},"_links":{"self":[{"href":"https:\/\/www.medibase-disposables.com\/it\/wp-json\/wp\/v2\/pages\/2724"}],"collection":[{"href":"https:\/\/www.medibase-disposables.com\/it\/wp-json\/wp\/v2\/pages"}],"about":[{"href":"https:\/\/www.medibase-disposables.com\/it\/wp-json\/wp\/v2\/types\/page"}],"author":[{"embeddable":true,"href":"https:\/\/www.medibase-disposables.com\/it\/wp-json\/wp\/v2\/users\/1"}],"replies":[{"embeddable":true,"href":"https:\/\/www.medibase-disposables.com\/it\/wp-json\/wp\/v2\/comments?post=2724"}],"version-history":[{"count":1,"href":"https:\/\/www.medibase-disposables.com\/it\/wp-json\/wp\/v2\/pages\/2724\/revisions"}],"predecessor-version":[{"id":2725,"href":"https:\/\/www.medibase-disposables.com\/it\/wp-json\/wp\/v2\/pages\/2724\/revisions\/2725"}],"wp:attachment":[{"href":"https:\/\/www.medibase-disposables.com\/it\/wp-json\/wp\/v2\/media?parent=2724"}],"curies":[{"name":"wp","href":"https:\/\/api.w.org\/{rel}","templated":true}]}}