{"id":2726,"date":"2020-11-08T15:58:26","date_gmt":"2020-11-08T14:58:26","guid":{"rendered":"https:\/\/www.medibase-disposables.com\/?page_id=2726"},"modified":"2020-11-08T15:58:27","modified_gmt":"2020-11-08T14:58:27","slug":"informazioni-legali","status":"publish","type":"page","link":"https:\/\/www.medibase-disposables.com\/it\/informazioni-legali\/","title":{"rendered":"Informazioni legali"},"content":{"rendered":"<div id=\"header\">\n<div id=\"banner\">\n<div id=\"chemin\">Home &gt; Informazioni legali<\/div>\n<h2>Informazioni legali<\/h2>\n<\/div>\n<\/div>\n<div class=\"row marque\">\n<div class=\"w-12\">\n<p>L&#8217;utente che accede a questo sito si impegna a rispettare le seguenti condizioni&nbsp;.<\/p>\n<p><strong>1. Informazioni sull&#8217;editore<\/strong><\/p>\n<p>Questo sito \u00e8 realizzato da&nbsp;:<\/p>\n<p>CONCEPTION ET FABRICATION DE PRODUITS MEDICAUX ET PARAMEDICAUX C.F.P.M.<br \/>\nSIREN 340747476<br \/>\n2BIS Chemin Du Loup ZI LES PETITS PONTS<br \/>\n93290 Tremblay-en-France<\/p>\n<p>Direttore della Pubblicazione&nbsp;:Vivian Stemmer<\/p>\n<p><strong>2. Informazioni sull&#8217;hosting<\/strong><\/p>\n<p>Questo sito \u00e8 ospitato dall&#8217;hosting \u00ab GANDI \u00bb.<\/p>\n<p><strong>3. Diritti d&#8217;autore\/  Copyright<\/strong><\/p>\n<p>I marchi e i logo che compaiono su questo sito sono stati depositati dai loro rispettivi proprietari. La loro menzione non fornisce in alcun modo la licenza o il diritto di utilizzare uno qualunque di questi marchi senza il consenso precedente e scritto del proprietario del marchio stesso sotto accusa di contraffazione.<\/p>\n<p>Tutte le informazioni presenti su questo sito possono essere scaricate, riprodotte e stampate a patto di&nbsp;:<\/p>\n<p>. utilizzare queste informazioni solamente a scopo personale e non a scopo commerciale&nbsp;;<\/p>\n<p>. non modificare queste informazioni&nbsp;;<\/p>\n<p>. riprodurre su tutte le copie il copyright di CFPM o del proprietario del documento<\/p>\n<p>&nbsp;Qualunque altro utilizzo non espressamente autorizzato o qualunque rappresentazione totale o parziale di questo sito, attraverso qualsivoglia procedimento, \u00e8 assolutamente vietata senza autorizzazione preliminare scritta di CFPM e costituir\u00e0 una contraffazione sanzionata in base agli articoli L 355-2 e seguenti del Codice di Propriet\u00e0 Intellettuale.<\/p>\n<p><strong>4. Limitazione della responsabilit\u00e0<\/strong><\/p>\n<p>CFPM non pu\u00f2 essere ritenuto responsabile di danni diretti e indiretti risultanti dall&#8217;accesso o dall&#8217;utilizzo del Sito o di informazioni che vi compaiano, di qualsivoglia natura. &nbsp;<\/p>\n<p>CFPM declina ogni responsabilit\u00e0 riguardanti l&#8217;opportunit\u00e0 di decisioni e la modalit\u00e0 della loro applicazione prese dall&#8217;utilizzatore basandosi sulle informazioni pubblicate sul Sito.&nbsp;<\/p>\n<p>CFPM declina ogni responsabilit\u00e0 in caso di danni subiti&nbsp; dall&#8217;utilizzatore in particolare la perdita, il deterioramento o l&#8217;alterazione di file, la trasmissione di un virus che possano infettare la sua apparecchiatura informatica o qualunque altro dispositivo durante la connessione e\/o la consultazione e\/o l&#8217;utilizzo del sito.<\/p>\n<p><strong>5. Utilizzo dei cookie<\/strong><\/p>\n<p>Utilizziamo i cookie per migliorare la navigazione sul nostro sito. La maggior parte dei siti Internet che visitate utilizzano coockie per migliorare l&#8217;esperienza dell&#8217;utente permettendo al sito di \u00ab&nbsp;ricordarsi&nbsp;\u00bb di voi, per tutta la durata della visita (utilizzando un cookie di sessione) o per tutte le visite (utilizzando un cookie persistente). Continuando la visita, acconsentite dunque all&#8217;utilizzo di questi cookie. Questo sito internet utilizza i cookie per permettervi la migliore navigazione possibile. Se proseguite la navigazione senza modificare i parametri del vostro browser, il Sito presuppone che acconsentiate all&#8217;utilizzo dei cookie. Se lo desiderate, potete modificare i parametri dei cookie in qualunque momento.<\/p>\n<p><strong>6. Politica di protezione dei Dati<\/strong><\/p>\n<p>CFPM, responsabile del trattamento, mette in atto una politica di trattamento dei dati personali per la gestione e il monitoraggio delle vostre richieste riguardo a&nbsp;:<\/p>\n<p>-un prodotto<\/p>\n<p>-un osservazione sul sito internet<\/p>\n<p>-eventi<\/p>\n<p>-un contatto.<\/p>\n<p>Questo trattamento ha come fondamenti&nbsp;:<\/p>\n<p>&#8211; la legittima integrit\u00e0 di CFPM che consiste nel gestire le vostre richieste per adattare costantemente le nostre offerte commerciali e promozionali e la vostra esperienza sul sito internet riguardo a un commento, a degli eventi o a un contatto&nbsp;;<\/p>\n<p>&#8211; l&#8217;esecuzione di un contratto o di misure pre-contrattuali adottate su vostra richiesta riguardo ad un problema su un prodotto.<\/p>\n<p>I dati raccolti sono indispensabili a questo trattamento e sono destinati ai pertinenti servizi di CFPM e ai suoi eventuali subappaltatori e fornitori principalmente per assicurare la gestione delle domande. I vostri dati sono conservati per un periodo di 3 anni a partire dal termine della relazione commerciale, o a partire dalla loro raccolta o dall&#8217;ultimo contatto in entrata da parte vostra, ad eccezione del reclutamento per il quale i dati sono conservati per un periodo di 2 anni dall&#8217;ultimo contatto da parte vostra. Avete il diritto di accesso, rettifica o cancellazione, limitazione al trattamento dei vostri dati, di opposizione, il diritto alla portabilit\u00e0 dei vostri dati, cos\u00ec come di definire direttive relative ai dati dopo la vostra morte.<\/p>\n<p>Potete anche inoltrare un reclamo presso un&#8217;autorit\u00e0 di controllo. Vi facciamo presente che se voi esercitate i diritti sopra elencati, noi conserveremo comunque alcune informazioni personali sul vostro conto e la vostra richiesta, per assicurarci l&#8217;effettivo esercizio dei vostri diritti.<\/p>\n<p>Potete far valere questi diritti al seguente indirizzo&nbsp;: <a href=\"mailto:dpo@cfpm-medical.fr\">dpo@cfpm-medical.fr<\/a> o per posta indirizzata a DPO, Claudia Regnier, 2 bis Chemin du Loup, 93290 Tremblay-en-France, accompagnata da un documento di identit\u00e0.<\/p>\n<p>Identit\u00e0 e dati del Responsabile del Trattamento dei dati personali&nbsp;: Claudia Regnier, 2 bis Chemin du Loup, 93290 Tremblay-en-France.<\/p>\n<p>Ultimo aggiornamento: Ottobre 2018<\/p>\n<\/div>\n<\/div>\n","protected":false},"excerpt":{"rendered":"<p>Home &gt; Informazioni legali Informazioni legali L&#8217;utente che accede a questo sito si impegna a rispettare le seguenti condizioni&nbsp;. 1. Informazioni sull&#8217;editore Questo sito \u00e8 realizzato da&nbsp;: CONCEPTION ET FABRICATION DE PRODUITS MEDICAUX ET PARAMEDICAUX C.F.P.M. SIREN 340747476 2BIS Chemin Du Loup ZI LES PETITS PONTS 93290 Tremblay-en-France Direttore della Pubblicazione&nbsp;:Vivian Stemmer 2. Informazioni sull&#8217;hosting [&hellip;]<\/p>\n","protected":false},"author":1,"featured_media":0,"parent":0,"menu_order":8,"comment_status":"closed","ping_status":"closed","template":"","meta":{"_acf_changed":false,"footnotes":""},"acf":[],"yoast_head":"<!-- This site is optimized with the Yoast SEO plugin v22.3 - https:\/\/yoast.com\/wordpress\/plugins\/seo\/ -->\n<title>Informazioni legali - Medibase<\/title>\n<meta name=\"robots\" content=\"index, follow, max-snippet:-1, max-image-preview:large, max-video-preview:-1\" \/>\n<link rel=\"canonical\" href=\"https:\/\/www.medibase-disposables.com\/it\/informazioni-legali\/\" \/>\n<meta property=\"og:locale\" content=\"it_IT\" \/>\n<meta property=\"og:type\" content=\"article\" \/>\n<meta property=\"og:title\" content=\"Informazioni legali - Medibase\" \/>\n<meta property=\"og:description\" content=\"Home &gt; Informazioni legali Informazioni legali L&#8217;utente che accede a questo sito si impegna a rispettare le seguenti condizioni&nbsp;. 1. Informazioni sull&#8217;editore Questo sito \u00e8 realizzato da&nbsp;: CONCEPTION ET FABRICATION DE PRODUITS MEDICAUX ET PARAMEDICAUX C.F.P.M. SIREN 340747476 2BIS Chemin Du Loup ZI LES PETITS PONTS 93290 Tremblay-en-France Direttore della Pubblicazione&nbsp;:Vivian Stemmer 2. Informazioni sull&#8217;hosting [&hellip;]\" \/>\n<meta property=\"og:url\" content=\"https:\/\/www.medibase-disposables.com\/it\/informazioni-legali\/\" \/>\n<meta property=\"og:site_name\" content=\"Medibase\" \/>\n<meta property=\"article:modified_time\" content=\"2020-11-08T14:58:27+00:00\" \/>\n<meta name=\"twitter:card\" content=\"summary_large_image\" \/>\n<meta name=\"twitter:label1\" content=\"Tempo di lettura stimato\" \/>\n\t<meta name=\"twitter:data1\" content=\"4 minuti\" \/>\n<script type=\"application\/ld+json\" class=\"yoast-schema-graph\">{\"@context\":\"https:\/\/schema.org\",\"@graph\":[{\"@type\":\"WebPage\",\"@id\":\"https:\/\/www.medibase-disposables.com\/it\/informazioni-legali\/\",\"url\":\"https:\/\/www.medibase-disposables.com\/it\/informazioni-legali\/\",\"name\":\"Informazioni legali - Medibase\",\"isPartOf\":{\"@id\":\"https:\/\/www.medibase-disposables.com\/it\/#website\"},\"datePublished\":\"2020-11-08T14:58:26+00:00\",\"dateModified\":\"2020-11-08T14:58:27+00:00\",\"breadcrumb\":{\"@id\":\"https:\/\/www.medibase-disposables.com\/it\/informazioni-legali\/#breadcrumb\"},\"inLanguage\":\"it-IT\",\"potentialAction\":[{\"@type\":\"ReadAction\",\"target\":[\"https:\/\/www.medibase-disposables.com\/it\/informazioni-legali\/\"]}]},{\"@type\":\"BreadcrumbList\",\"@id\":\"https:\/\/www.medibase-disposables.com\/it\/informazioni-legali\/#breadcrumb\",\"itemListElement\":[{\"@type\":\"ListItem\",\"position\":1,\"name\":\"Accueil\",\"item\":\"https:\/\/www.medibase-disposables.com\/it\/\"},{\"@type\":\"ListItem\",\"position\":2,\"name\":\"Informazioni legali\"}]},{\"@type\":\"WebSite\",\"@id\":\"https:\/\/www.medibase-disposables.com\/it\/#website\",\"url\":\"https:\/\/www.medibase-disposables.com\/it\/\",\"name\":\"Medibase\",\"description\":\"Your everyday essentials\",\"publisher\":{\"@id\":\"https:\/\/www.medibase-disposables.com\/it\/#organization\"},\"potentialAction\":[{\"@type\":\"SearchAction\",\"target\":{\"@type\":\"EntryPoint\",\"urlTemplate\":\"https:\/\/www.medibase-disposables.com\/it\/?s={search_term_string}\"},\"query-input\":\"required name=search_term_string\"}],\"inLanguage\":\"it-IT\"},{\"@type\":\"Organization\",\"@id\":\"https:\/\/www.medibase-disposables.com\/it\/#organization\",\"name\":\"MEDIBASE\",\"url\":\"https:\/\/www.medibase-disposables.com\/it\/\",\"logo\":{\"@type\":\"ImageObject\",\"inLanguage\":\"it-IT\",\"@id\":\"https:\/\/www.medibase-disposables.com\/it\/#\/schema\/logo\/image\/\",\"url\":\"https:\/\/www.medibase-disposables.com\/wp-content\/uploads\/logo@2x.png\",\"contentUrl\":\"https:\/\/www.medibase-disposables.com\/wp-content\/uploads\/logo@2x.png\",\"width\":501,\"height\":501,\"caption\":\"MEDIBASE\"},\"image\":{\"@id\":\"https:\/\/www.medibase-disposables.com\/it\/#\/schema\/logo\/image\/\"}}]}<\/script>\n<!-- \/ Yoast SEO plugin. -->","yoast_head_json":{"title":"Informazioni legali - Medibase","robots":{"index":"index","follow":"follow","max-snippet":"max-snippet:-1","max-image-preview":"max-image-preview:large","max-video-preview":"max-video-preview:-1"},"canonical":"https:\/\/www.medibase-disposables.com\/it\/informazioni-legali\/","og_locale":"it_IT","og_type":"article","og_title":"Informazioni legali - Medibase","og_description":"Home &gt; Informazioni legali Informazioni legali L&#8217;utente che accede a questo sito si impegna a rispettare le seguenti condizioni&nbsp;. 1. Informazioni sull&#8217;editore Questo sito \u00e8 realizzato da&nbsp;: CONCEPTION ET FABRICATION DE PRODUITS MEDICAUX ET PARAMEDICAUX C.F.P.M. SIREN 340747476 2BIS Chemin Du Loup ZI LES PETITS PONTS 93290 Tremblay-en-France Direttore della Pubblicazione&nbsp;:Vivian Stemmer 2. Informazioni sull&#8217;hosting [&hellip;]","og_url":"https:\/\/www.medibase-disposables.com\/it\/informazioni-legali\/","og_site_name":"Medibase","article_modified_time":"2020-11-08T14:58:27+00:00","twitter_card":"summary_large_image","twitter_misc":{"Tempo di lettura stimato":"4 minuti"},"schema":{"@context":"https:\/\/schema.org","@graph":[{"@type":"WebPage","@id":"https:\/\/www.medibase-disposables.com\/it\/informazioni-legali\/","url":"https:\/\/www.medibase-disposables.com\/it\/informazioni-legali\/","name":"Informazioni legali - Medibase","isPartOf":{"@id":"https:\/\/www.medibase-disposables.com\/it\/#website"},"datePublished":"2020-11-08T14:58:26+00:00","dateModified":"2020-11-08T14:58:27+00:00","breadcrumb":{"@id":"https:\/\/www.medibase-disposables.com\/it\/informazioni-legali\/#breadcrumb"},"inLanguage":"it-IT","potentialAction":[{"@type":"ReadAction","target":["https:\/\/www.medibase-disposables.com\/it\/informazioni-legali\/"]}]},{"@type":"BreadcrumbList","@id":"https:\/\/www.medibase-disposables.com\/it\/informazioni-legali\/#breadcrumb","itemListElement":[{"@type":"ListItem","position":1,"name":"Accueil","item":"https:\/\/www.medibase-disposables.com\/it\/"},{"@type":"ListItem","position":2,"name":"Informazioni legali"}]},{"@type":"WebSite","@id":"https:\/\/www.medibase-disposables.com\/it\/#website","url":"https:\/\/www.medibase-disposables.com\/it\/","name":"Medibase","description":"Your everyday essentials","publisher":{"@id":"https:\/\/www.medibase-disposables.com\/it\/#organization"},"potentialAction":[{"@type":"SearchAction","target":{"@type":"EntryPoint","urlTemplate":"https:\/\/www.medibase-disposables.com\/it\/?s={search_term_string}"},"query-input":"required name=search_term_string"}],"inLanguage":"it-IT"},{"@type":"Organization","@id":"https:\/\/www.medibase-disposables.com\/it\/#organization","name":"MEDIBASE","url":"https:\/\/www.medibase-disposables.com\/it\/","logo":{"@type":"ImageObject","inLanguage":"it-IT","@id":"https:\/\/www.medibase-disposables.com\/it\/#\/schema\/logo\/image\/","url":"https:\/\/www.medibase-disposables.com\/wp-content\/uploads\/logo@2x.png","contentUrl":"https:\/\/www.medibase-disposables.com\/wp-content\/uploads\/logo@2x.png","width":501,"height":501,"caption":"MEDIBASE"},"image":{"@id":"https:\/\/www.medibase-disposables.com\/it\/#\/schema\/logo\/image\/"}}]}},"_links":{"self":[{"href":"https:\/\/www.medibase-disposables.com\/it\/wp-json\/wp\/v2\/pages\/2726"}],"collection":[{"href":"https:\/\/www.medibase-disposables.com\/it\/wp-json\/wp\/v2\/pages"}],"about":[{"href":"https:\/\/www.medibase-disposables.com\/it\/wp-json\/wp\/v2\/types\/page"}],"author":[{"embeddable":true,"href":"https:\/\/www.medibase-disposables.com\/it\/wp-json\/wp\/v2\/users\/1"}],"replies":[{"embeddable":true,"href":"https:\/\/www.medibase-disposables.com\/it\/wp-json\/wp\/v2\/comments?post=2726"}],"version-history":[{"count":1,"href":"https:\/\/www.medibase-disposables.com\/it\/wp-json\/wp\/v2\/pages\/2726\/revisions"}],"predecessor-version":[{"id":2727,"href":"https:\/\/www.medibase-disposables.com\/it\/wp-json\/wp\/v2\/pages\/2726\/revisions\/2727"}],"wp:attachment":[{"href":"https:\/\/www.medibase-disposables.com\/it\/wp-json\/wp\/v2\/media?parent=2726"}],"curies":[{"name":"wp","href":"https:\/\/api.w.org\/{rel}","templated":true}]}}