{"id":12173,"date":"2022-11-22T11:28:18","date_gmt":"2022-11-22T10:28:18","guid":{"rendered":"https:\/\/www.medibase-disposables.com\/produits\/surchaussures-2\/"},"modified":"2022-11-22T11:28:18","modified_gmt":"2022-11-22T10:28:18","slug":"surchaussures-2","status":"publish","type":"product","link":"https:\/\/www.medibase-disposables.com\/it\/prodotti\/surchaussures-2\/","title":{"rendered":"Surchaussures"},"content":{"rendered":"<p><strong>R\u00e9f\u00e9rence :<\/strong><\/p>\n<table style=\"border-collapse: collapse; width: 100%;\" border=\"1\">\n<tbody>\n<tr style=\"height: 28px;\">\n<td style=\"width: 50%; height: 28px;\">Surchaussures bleues en polypropyl\u00e8ne<\/td>\n<td style=\"width: 50%; height: 28px;\">3139806<\/td>\n<\/tr>\n<\/tbody>\n<\/table>\n<p>&nbsp;<\/p>\n","protected":false},"excerpt":{"rendered":"<p><strong>Caract\u00e9ristiques :<\/strong><\/p>\n<ul>\n<li>Mati\u00e8re\u00a0: non-tiss\u00e9<\/li>\n<li>Grammage\u00a0: 30g\/m<sup>2<\/sup><\/li>\n<li>Couleur\u00a0: Bleu<\/li>\n<li>Poids\u00a0d\u2019une chaussure\u00a0: 4,2 grammes<\/li>\n<li>Bonne \u00e9lasticit\u00e9<\/li>\n<li>Dimensions\u00a0: 16&#215;40 cm<\/li>\n<li>Anti-poussi\u00e8re<\/li>\n<li>Antisalissures<\/li>\n<li>Convient pour les ateliers de production et les lieux de soins m\u00e9dicaux<\/li>\n<\/ul>\n<p>Classe : I.<\/p>\n<p>Marquage CE sous le R\u00e8glement (UE) 2017\/745.<\/p>\n<p>Fabricant : CDM CENTER OF EXCELLENCE LTD.<\/p>\n","protected":false},"featured_media":10303,"template":"","meta":{"_acf_changed":false},"product_cat":[341],"product_tag":[],"acf":[],"yoast_head":"<!-- This site is optimized with the Yoast SEO plugin v22.3 - https:\/\/yoast.com\/wordpress\/plugins\/seo\/ -->\n<title>Surchaussures - Medibase<\/title>\n<meta name=\"robots\" content=\"index, follow, max-snippet:-1, max-image-preview:large, max-video-preview:-1\" \/>\n<link rel=\"canonical\" href=\"https:\/\/www.medibase-disposables.com\/it\/prodotti\/surchaussures-2\/\" \/>\n<meta property=\"og:locale\" content=\"it_IT\" \/>\n<meta property=\"og:type\" content=\"article\" \/>\n<meta property=\"og:title\" content=\"Surchaussures - Medibase\" \/>\n<meta property=\"og:description\" content=\"Caract\u00e9ristiques :   Mati\u00e8re\u00a0: non-tiss\u00e9  Grammage\u00a0: 30g\/m2  Couleur\u00a0: Bleu  Poids\u00a0d\u2019une chaussure\u00a0: 4,2 grammes  Bonne \u00e9lasticit\u00e9  Dimensions\u00a0: 16x40 cm  Anti-poussi\u00e8re  Antisalissures  Convient pour les ateliers de production et les lieux de soins m\u00e9dicaux  Classe : I.  Marquage CE sous le R\u00e8glement (UE) 2017\/745.  Fabricant : CDM CENTER OF EXCELLENCE LTD.\" \/>\n<meta property=\"og:url\" content=\"https:\/\/www.medibase-disposables.com\/it\/prodotti\/surchaussures-2\/\" \/>\n<meta property=\"og:site_name\" content=\"Medibase\" \/>\n<meta name=\"twitter:card\" content=\"summary_large_image\" \/>\n<script type=\"application\/ld+json\" class=\"yoast-schema-graph\">{\"@context\":\"https:\/\/schema.org\",\"@graph\":[{\"@type\":\"WebPage\",\"@id\":\"https:\/\/www.medibase-disposables.com\/it\/prodotti\/surchaussures-2\/\",\"url\":\"https:\/\/www.medibase-disposables.com\/it\/prodotti\/surchaussures-2\/\",\"name\":\"Surchaussures - Medibase\",\"isPartOf\":{\"@id\":\"https:\/\/www.medibase-disposables.com\/it\/#website\"},\"primaryImageOfPage\":{\"@id\":\"https:\/\/www.medibase-disposables.com\/it\/prodotti\/surchaussures-2\/#primaryimage\"},\"image\":{\"@id\":\"https:\/\/www.medibase-disposables.com\/it\/prodotti\/surchaussures-2\/#primaryimage\"},\"thumbnailUrl\":\"https:\/\/www.medibase-disposables.com\/wp-content\/uploads\/3139806-bis-scaled.jpg\",\"datePublished\":\"2022-11-22T10:28:18+00:00\",\"dateModified\":\"2022-11-22T10:28:18+00:00\",\"breadcrumb\":{\"@id\":\"https:\/\/www.medibase-disposables.com\/it\/prodotti\/surchaussures-2\/#breadcrumb\"},\"inLanguage\":\"it-IT\",\"potentialAction\":[{\"@type\":\"ReadAction\",\"target\":[\"https:\/\/www.medibase-disposables.com\/it\/prodotti\/surchaussures-2\/\"]}]},{\"@type\":\"ImageObject\",\"inLanguage\":\"it-IT\",\"@id\":\"https:\/\/www.medibase-disposables.com\/it\/prodotti\/surchaussures-2\/#primaryimage\",\"url\":\"https:\/\/www.medibase-disposables.com\/wp-content\/uploads\/3139806-bis-scaled.jpg\",\"contentUrl\":\"https:\/\/www.medibase-disposables.com\/wp-content\/uploads\/3139806-bis-scaled.jpg\",\"width\":2560,\"height\":1707},{\"@type\":\"BreadcrumbList\",\"@id\":\"https:\/\/www.medibase-disposables.com\/it\/prodotti\/surchaussures-2\/#breadcrumb\",\"itemListElement\":[{\"@type\":\"ListItem\",\"position\":1,\"name\":\"Accueil\",\"item\":\"https:\/\/www.medibase-disposables.com\/it\/\"},{\"@type\":\"ListItem\",\"position\":2,\"name\":\"Prodotti\",\"item\":\"https:\/\/www.medibase-disposables.com\/it\/prodotti\/\"},{\"@type\":\"ListItem\",\"position\":3,\"name\":\"Surchaussures\"}]},{\"@type\":\"WebSite\",\"@id\":\"https:\/\/www.medibase-disposables.com\/it\/#website\",\"url\":\"https:\/\/www.medibase-disposables.com\/it\/\",\"name\":\"Medibase\",\"description\":\"Your everyday essentials\",\"publisher\":{\"@id\":\"https:\/\/www.medibase-disposables.com\/it\/#organization\"},\"potentialAction\":[{\"@type\":\"SearchAction\",\"target\":{\"@type\":\"EntryPoint\",\"urlTemplate\":\"https:\/\/www.medibase-disposables.com\/it\/?s={search_term_string}\"},\"query-input\":\"required name=search_term_string\"}],\"inLanguage\":\"it-IT\"},{\"@type\":\"Organization\",\"@id\":\"https:\/\/www.medibase-disposables.com\/it\/#organization\",\"name\":\"MEDIBASE\",\"url\":\"https:\/\/www.medibase-disposables.com\/it\/\",\"logo\":{\"@type\":\"ImageObject\",\"inLanguage\":\"it-IT\",\"@id\":\"https:\/\/www.medibase-disposables.com\/it\/#\/schema\/logo\/image\/\",\"url\":\"https:\/\/www.medibase-disposables.com\/wp-content\/uploads\/logo@2x.png\",\"contentUrl\":\"https:\/\/www.medibase-disposables.com\/wp-content\/uploads\/logo@2x.png\",\"width\":501,\"height\":501,\"caption\":\"MEDIBASE\"},\"image\":{\"@id\":\"https:\/\/www.medibase-disposables.com\/it\/#\/schema\/logo\/image\/\"}}]}<\/script>\n<!-- \/ Yoast SEO plugin. -->","yoast_head_json":{"title":"Surchaussures - Medibase","robots":{"index":"index","follow":"follow","max-snippet":"max-snippet:-1","max-image-preview":"max-image-preview:large","max-video-preview":"max-video-preview:-1"},"canonical":"https:\/\/www.medibase-disposables.com\/it\/prodotti\/surchaussures-2\/","og_locale":"it_IT","og_type":"article","og_title":"Surchaussures - Medibase","og_description":"Caract\u00e9ristiques :   Mati\u00e8re\u00a0: non-tiss\u00e9  Grammage\u00a0: 30g\/m2  Couleur\u00a0: Bleu  Poids\u00a0d\u2019une chaussure\u00a0: 4,2 grammes  Bonne \u00e9lasticit\u00e9  Dimensions\u00a0: 16x40 cm  Anti-poussi\u00e8re  Antisalissures  Convient pour les ateliers de production et les lieux de soins m\u00e9dicaux  Classe : I.  Marquage CE sous le R\u00e8glement (UE) 2017\/745.  Fabricant : CDM CENTER OF EXCELLENCE LTD.","og_url":"https:\/\/www.medibase-disposables.com\/it\/prodotti\/surchaussures-2\/","og_site_name":"Medibase","twitter_card":"summary_large_image","schema":{"@context":"https:\/\/schema.org","@graph":[{"@type":"WebPage","@id":"https:\/\/www.medibase-disposables.com\/it\/prodotti\/surchaussures-2\/","url":"https:\/\/www.medibase-disposables.com\/it\/prodotti\/surchaussures-2\/","name":"Surchaussures - Medibase","isPartOf":{"@id":"https:\/\/www.medibase-disposables.com\/it\/#website"},"primaryImageOfPage":{"@id":"https:\/\/www.medibase-disposables.com\/it\/prodotti\/surchaussures-2\/#primaryimage"},"image":{"@id":"https:\/\/www.medibase-disposables.com\/it\/prodotti\/surchaussures-2\/#primaryimage"},"thumbnailUrl":"https:\/\/www.medibase-disposables.com\/wp-content\/uploads\/3139806-bis-scaled.jpg","datePublished":"2022-11-22T10:28:18+00:00","dateModified":"2022-11-22T10:28:18+00:00","breadcrumb":{"@id":"https:\/\/www.medibase-disposables.com\/it\/prodotti\/surchaussures-2\/#breadcrumb"},"inLanguage":"it-IT","potentialAction":[{"@type":"ReadAction","target":["https:\/\/www.medibase-disposables.com\/it\/prodotti\/surchaussures-2\/"]}]},{"@type":"ImageObject","inLanguage":"it-IT","@id":"https:\/\/www.medibase-disposables.com\/it\/prodotti\/surchaussures-2\/#primaryimage","url":"https:\/\/www.medibase-disposables.com\/wp-content\/uploads\/3139806-bis-scaled.jpg","contentUrl":"https:\/\/www.medibase-disposables.com\/wp-content\/uploads\/3139806-bis-scaled.jpg","width":2560,"height":1707},{"@type":"BreadcrumbList","@id":"https:\/\/www.medibase-disposables.com\/it\/prodotti\/surchaussures-2\/#breadcrumb","itemListElement":[{"@type":"ListItem","position":1,"name":"Accueil","item":"https:\/\/www.medibase-disposables.com\/it\/"},{"@type":"ListItem","position":2,"name":"Prodotti","item":"https:\/\/www.medibase-disposables.com\/it\/prodotti\/"},{"@type":"ListItem","position":3,"name":"Surchaussures"}]},{"@type":"WebSite","@id":"https:\/\/www.medibase-disposables.com\/it\/#website","url":"https:\/\/www.medibase-disposables.com\/it\/","name":"Medibase","description":"Your everyday essentials","publisher":{"@id":"https:\/\/www.medibase-disposables.com\/it\/#organization"},"potentialAction":[{"@type":"SearchAction","target":{"@type":"EntryPoint","urlTemplate":"https:\/\/www.medibase-disposables.com\/it\/?s={search_term_string}"},"query-input":"required name=search_term_string"}],"inLanguage":"it-IT"},{"@type":"Organization","@id":"https:\/\/www.medibase-disposables.com\/it\/#organization","name":"MEDIBASE","url":"https:\/\/www.medibase-disposables.com\/it\/","logo":{"@type":"ImageObject","inLanguage":"it-IT","@id":"https:\/\/www.medibase-disposables.com\/it\/#\/schema\/logo\/image\/","url":"https:\/\/www.medibase-disposables.com\/wp-content\/uploads\/logo@2x.png","contentUrl":"https:\/\/www.medibase-disposables.com\/wp-content\/uploads\/logo@2x.png","width":501,"height":501,"caption":"MEDIBASE"},"image":{"@id":"https:\/\/www.medibase-disposables.com\/it\/#\/schema\/logo\/image\/"}}]}},"_links":{"self":[{"href":"https:\/\/www.medibase-disposables.com\/it\/wp-json\/wp\/v2\/product\/12173"}],"collection":[{"href":"https:\/\/www.medibase-disposables.com\/it\/wp-json\/wp\/v2\/product"}],"about":[{"href":"https:\/\/www.medibase-disposables.com\/it\/wp-json\/wp\/v2\/types\/product"}],"wp:featuredmedia":[{"embeddable":true,"href":"https:\/\/www.medibase-disposables.com\/it\/wp-json\/wp\/v2\/media\/10303"}],"wp:attachment":[{"href":"https:\/\/www.medibase-disposables.com\/it\/wp-json\/wp\/v2\/media?parent=12173"}],"wp:term":[{"taxonomy":"product_cat","embeddable":true,"href":"https:\/\/www.medibase-disposables.com\/it\/wp-json\/wp\/v2\/product_cat?post=12173"},{"taxonomy":"product_tag","embeddable":true,"href":"https:\/\/www.medibase-disposables.com\/it\/wp-json\/wp\/v2\/product_tag?post=12173"}],"curies":[{"name":"wp","href":"https:\/\/api.w.org\/{rel}","templated":true}]}}