{"id":3217,"date":"2018-07-31T11:29:53","date_gmt":"2020-11-12T12:35:29","guid":{"rendered":"https:\/\/www.medibase-disposables.com\/?post_type=product&#038;p=3217"},"modified":"2022-01-10T10:07:19","modified_gmt":"2022-01-10T09:07:19","slug":"guanti-lattice-sensi","status":"publish","type":"product","link":"https:\/\/www.medibase-disposables.com\/it\/prodotti\/guanti-lattice-sensi\/","title":{"rendered":"Guanti in lattice SENSI+"},"content":{"rendered":"<p><strong>Confezione da 100 guanti<\/strong><\/p>\n<table width=\"100%\">\n<thead>\n<tr>\n<td>Dimensioni<\/td>\n<td width=\"100\">Riferimento<\/td>\n<\/tr>\n<\/thead>\n<tbody>\n<tr>\n<td>XS 5\/6<\/td>\n<td width=\"100\">3135154<\/td>\n<\/tr>\n<tr>\n<td>S 6\/7<\/td>\n<td width=\"100\">3135155<\/td>\n<\/tr>\n<tr>\n<td>M 7\/8<\/td>\n<td width=\"100\">3135156<\/td>\n<\/tr>\n<tr>\n<td>L 8\/9<\/td>\n<td width=\"100\">3135157<\/td>\n<\/tr>\n<tr>\n<td>XL 9\/10<\/td>\n<td width=\"100\">3135158<\/td>\n<\/tr>\n<\/tbody>\n<\/table>\n<p>&nbsp;<\/p>\n","protected":false},"excerpt":{"rendered":"<p>Guanti in lattice senza polvere con superficie microruvida. Ambidestri, monouso.<\/p>\n<p><strong>Propriet\u00e0:<\/strong><\/p>\n<ul>\n<li>Confort ed adattabilit\u00e0 alle mani assicurati.<\/li>\n<li>Eccellente presa e sensibilit\u00e0 tattile (anche con materiale umido o scivoloso).<\/li>\n<li>Polsini con bordi arrotolati, al fine di ridurre il rischio di rottura al momento dell\u2019inserimento.<\/li>\n<li>Fabbricati in conformit\u00e0 alle norme europee EN 455, EN 374, EN 420.<\/li>\n<li>Colore: beige.<\/li>\n<\/ul>\n<p>Classe: I.<\/p>\n<p>Produttore : MAXTER GLOVE MANUFACTURING Sdh Bhd.<\/p>\n","protected":false},"featured_media":3172,"template":"","meta":{"_acf_changed":false},"product_cat":[155],"product_tag":[],"acf":[],"yoast_head":"<!-- This site is optimized with the Yoast SEO plugin v22.3 - https:\/\/yoast.com\/wordpress\/plugins\/seo\/ -->\n<title>Guanti in lattice SENSI+ - Medibase<\/title>\n<meta name=\"robots\" content=\"index, follow, max-snippet:-1, max-image-preview:large, max-video-preview:-1\" \/>\n<link rel=\"canonical\" href=\"https:\/\/www.medibase-disposables.com\/it\/prodotti\/guanti-lattice-sensi\/\" \/>\n<meta property=\"og:locale\" content=\"it_IT\" \/>\n<meta property=\"og:type\" content=\"article\" \/>\n<meta property=\"og:title\" content=\"Guanti in lattice SENSI+ - Medibase\" \/>\n<meta property=\"og:description\" content=\"Guanti in lattice senza polvere con superficie microruvida. Ambidestri, monouso.  Propriet\u00e0:   Confort ed adattabilit\u00e0 alle mani assicurati.  Eccellente presa e sensibilit\u00e0 tattile (anche con materiale umido o scivoloso).  Polsini con bordi arrotolati, al fine di ridurre il rischio di rottura al momento dell\u2019inserimento.  Fabbricati in conformit\u00e0 alle norme europee EN 455, EN 374, EN 420.  Colore: beige.  Classe: I.  Produttore : MAXTER GLOVE MANUFACTURING Sdh Bhd.\" \/>\n<meta property=\"og:url\" content=\"https:\/\/www.medibase-disposables.com\/it\/prodotti\/guanti-lattice-sensi\/\" \/>\n<meta property=\"og:site_name\" content=\"Medibase\" \/>\n<meta property=\"article:modified_time\" content=\"2022-01-10T09:07:19+00:00\" \/>\n<meta property=\"og:image\" content=\"http:\/\/www.medibase-disposables.com\/wp-content\/uploads\/5-432.jpg\" \/>\n\t<meta property=\"og:image:width\" content=\"950\" \/>\n\t<meta property=\"og:image:height\" content=\"950\" \/>\n\t<meta property=\"og:image:type\" content=\"image\/jpeg\" \/>\n<meta name=\"twitter:card\" content=\"summary_large_image\" \/>\n<meta name=\"twitter:label1\" content=\"Tempo di lettura stimato\" \/>\n\t<meta name=\"twitter:data1\" content=\"1 minuto\" \/>\n<script type=\"application\/ld+json\" class=\"yoast-schema-graph\">{\"@context\":\"https:\/\/schema.org\",\"@graph\":[{\"@type\":\"WebPage\",\"@id\":\"https:\/\/www.medibase-disposables.com\/it\/prodotti\/guanti-lattice-sensi\/\",\"url\":\"https:\/\/www.medibase-disposables.com\/it\/prodotti\/guanti-lattice-sensi\/\",\"name\":\"Guanti in lattice SENSI+ - Medibase\",\"isPartOf\":{\"@id\":\"https:\/\/www.medibase-disposables.com\/it\/#website\"},\"primaryImageOfPage\":{\"@id\":\"https:\/\/www.medibase-disposables.com\/it\/prodotti\/guanti-lattice-sensi\/#primaryimage\"},\"image\":{\"@id\":\"https:\/\/www.medibase-disposables.com\/it\/prodotti\/guanti-lattice-sensi\/#primaryimage\"},\"thumbnailUrl\":\"https:\/\/www.medibase-disposables.com\/wp-content\/uploads\/5-432.jpg\",\"datePublished\":\"2020-11-12T12:35:29+00:00\",\"dateModified\":\"2022-01-10T09:07:19+00:00\",\"breadcrumb\":{\"@id\":\"https:\/\/www.medibase-disposables.com\/it\/prodotti\/guanti-lattice-sensi\/#breadcrumb\"},\"inLanguage\":\"it-IT\",\"potentialAction\":[{\"@type\":\"ReadAction\",\"target\":[\"https:\/\/www.medibase-disposables.com\/it\/prodotti\/guanti-lattice-sensi\/\"]}]},{\"@type\":\"ImageObject\",\"inLanguage\":\"it-IT\",\"@id\":\"https:\/\/www.medibase-disposables.com\/it\/prodotti\/guanti-lattice-sensi\/#primaryimage\",\"url\":\"https:\/\/www.medibase-disposables.com\/wp-content\/uploads\/5-432.jpg\",\"contentUrl\":\"https:\/\/www.medibase-disposables.com\/wp-content\/uploads\/5-432.jpg\",\"width\":\"950\",\"height\":\"950\"},{\"@type\":\"BreadcrumbList\",\"@id\":\"https:\/\/www.medibase-disposables.com\/it\/prodotti\/guanti-lattice-sensi\/#breadcrumb\",\"itemListElement\":[{\"@type\":\"ListItem\",\"position\":1,\"name\":\"Accueil\",\"item\":\"https:\/\/www.medibase-disposables.com\/it\/\"},{\"@type\":\"ListItem\",\"position\":2,\"name\":\"Prodotti\",\"item\":\"https:\/\/www.medibase-disposables.com\/it\/prodotti\/\"},{\"@type\":\"ListItem\",\"position\":3,\"name\":\"Guanti in lattice SENSI+\"}]},{\"@type\":\"WebSite\",\"@id\":\"https:\/\/www.medibase-disposables.com\/it\/#website\",\"url\":\"https:\/\/www.medibase-disposables.com\/it\/\",\"name\":\"Medibase\",\"description\":\"Your everyday essentials\",\"publisher\":{\"@id\":\"https:\/\/www.medibase-disposables.com\/it\/#organization\"},\"potentialAction\":[{\"@type\":\"SearchAction\",\"target\":{\"@type\":\"EntryPoint\",\"urlTemplate\":\"https:\/\/www.medibase-disposables.com\/it\/?s={search_term_string}\"},\"query-input\":\"required name=search_term_string\"}],\"inLanguage\":\"it-IT\"},{\"@type\":\"Organization\",\"@id\":\"https:\/\/www.medibase-disposables.com\/it\/#organization\",\"name\":\"MEDIBASE\",\"url\":\"https:\/\/www.medibase-disposables.com\/it\/\",\"logo\":{\"@type\":\"ImageObject\",\"inLanguage\":\"it-IT\",\"@id\":\"https:\/\/www.medibase-disposables.com\/it\/#\/schema\/logo\/image\/\",\"url\":\"https:\/\/www.medibase-disposables.com\/wp-content\/uploads\/logo@2x.png\",\"contentUrl\":\"https:\/\/www.medibase-disposables.com\/wp-content\/uploads\/logo@2x.png\",\"width\":501,\"height\":501,\"caption\":\"MEDIBASE\"},\"image\":{\"@id\":\"https:\/\/www.medibase-disposables.com\/it\/#\/schema\/logo\/image\/\"}}]}<\/script>\n<!-- \/ Yoast SEO plugin. -->","yoast_head_json":{"title":"Guanti in lattice SENSI+ - Medibase","robots":{"index":"index","follow":"follow","max-snippet":"max-snippet:-1","max-image-preview":"max-image-preview:large","max-video-preview":"max-video-preview:-1"},"canonical":"https:\/\/www.medibase-disposables.com\/it\/prodotti\/guanti-lattice-sensi\/","og_locale":"it_IT","og_type":"article","og_title":"Guanti in lattice SENSI+ - Medibase","og_description":"Guanti in lattice senza polvere con superficie microruvida. Ambidestri, monouso.  Propriet\u00e0:   Confort ed adattabilit\u00e0 alle mani assicurati.  Eccellente presa e sensibilit\u00e0 tattile (anche con materiale umido o scivoloso).  Polsini con bordi arrotolati, al fine di ridurre il rischio di rottura al momento dell\u2019inserimento.  Fabbricati in conformit\u00e0 alle norme europee EN 455, EN 374, EN 420.  Colore: beige.  Classe: I.  Produttore : MAXTER GLOVE MANUFACTURING Sdh Bhd.","og_url":"https:\/\/www.medibase-disposables.com\/it\/prodotti\/guanti-lattice-sensi\/","og_site_name":"Medibase","article_modified_time":"2022-01-10T09:07:19+00:00","og_image":[{"width":"950","height":"950","url":"http:\/\/www.medibase-disposables.com\/wp-content\/uploads\/5-432.jpg","type":"image\/jpeg"}],"twitter_card":"summary_large_image","twitter_misc":{"Tempo di lettura stimato":"1 minuto"},"schema":{"@context":"https:\/\/schema.org","@graph":[{"@type":"WebPage","@id":"https:\/\/www.medibase-disposables.com\/it\/prodotti\/guanti-lattice-sensi\/","url":"https:\/\/www.medibase-disposables.com\/it\/prodotti\/guanti-lattice-sensi\/","name":"Guanti in lattice SENSI+ - Medibase","isPartOf":{"@id":"https:\/\/www.medibase-disposables.com\/it\/#website"},"primaryImageOfPage":{"@id":"https:\/\/www.medibase-disposables.com\/it\/prodotti\/guanti-lattice-sensi\/#primaryimage"},"image":{"@id":"https:\/\/www.medibase-disposables.com\/it\/prodotti\/guanti-lattice-sensi\/#primaryimage"},"thumbnailUrl":"https:\/\/www.medibase-disposables.com\/wp-content\/uploads\/5-432.jpg","datePublished":"2020-11-12T12:35:29+00:00","dateModified":"2022-01-10T09:07:19+00:00","breadcrumb":{"@id":"https:\/\/www.medibase-disposables.com\/it\/prodotti\/guanti-lattice-sensi\/#breadcrumb"},"inLanguage":"it-IT","potentialAction":[{"@type":"ReadAction","target":["https:\/\/www.medibase-disposables.com\/it\/prodotti\/guanti-lattice-sensi\/"]}]},{"@type":"ImageObject","inLanguage":"it-IT","@id":"https:\/\/www.medibase-disposables.com\/it\/prodotti\/guanti-lattice-sensi\/#primaryimage","url":"https:\/\/www.medibase-disposables.com\/wp-content\/uploads\/5-432.jpg","contentUrl":"https:\/\/www.medibase-disposables.com\/wp-content\/uploads\/5-432.jpg","width":"950","height":"950"},{"@type":"BreadcrumbList","@id":"https:\/\/www.medibase-disposables.com\/it\/prodotti\/guanti-lattice-sensi\/#breadcrumb","itemListElement":[{"@type":"ListItem","position":1,"name":"Accueil","item":"https:\/\/www.medibase-disposables.com\/it\/"},{"@type":"ListItem","position":2,"name":"Prodotti","item":"https:\/\/www.medibase-disposables.com\/it\/prodotti\/"},{"@type":"ListItem","position":3,"name":"Guanti in lattice SENSI+"}]},{"@type":"WebSite","@id":"https:\/\/www.medibase-disposables.com\/it\/#website","url":"https:\/\/www.medibase-disposables.com\/it\/","name":"Medibase","description":"Your everyday essentials","publisher":{"@id":"https:\/\/www.medibase-disposables.com\/it\/#organization"},"potentialAction":[{"@type":"SearchAction","target":{"@type":"EntryPoint","urlTemplate":"https:\/\/www.medibase-disposables.com\/it\/?s={search_term_string}"},"query-input":"required name=search_term_string"}],"inLanguage":"it-IT"},{"@type":"Organization","@id":"https:\/\/www.medibase-disposables.com\/it\/#organization","name":"MEDIBASE","url":"https:\/\/www.medibase-disposables.com\/it\/","logo":{"@type":"ImageObject","inLanguage":"it-IT","@id":"https:\/\/www.medibase-disposables.com\/it\/#\/schema\/logo\/image\/","url":"https:\/\/www.medibase-disposables.com\/wp-content\/uploads\/logo@2x.png","contentUrl":"https:\/\/www.medibase-disposables.com\/wp-content\/uploads\/logo@2x.png","width":501,"height":501,"caption":"MEDIBASE"},"image":{"@id":"https:\/\/www.medibase-disposables.com\/it\/#\/schema\/logo\/image\/"}}]}},"_links":{"self":[{"href":"https:\/\/www.medibase-disposables.com\/it\/wp-json\/wp\/v2\/product\/3217"}],"collection":[{"href":"https:\/\/www.medibase-disposables.com\/it\/wp-json\/wp\/v2\/product"}],"about":[{"href":"https:\/\/www.medibase-disposables.com\/it\/wp-json\/wp\/v2\/types\/product"}],"wp:featuredmedia":[{"embeddable":true,"href":"https:\/\/www.medibase-disposables.com\/it\/wp-json\/wp\/v2\/media\/3172"}],"wp:attachment":[{"href":"https:\/\/www.medibase-disposables.com\/it\/wp-json\/wp\/v2\/media?parent=3217"}],"wp:term":[{"taxonomy":"product_cat","embeddable":true,"href":"https:\/\/www.medibase-disposables.com\/it\/wp-json\/wp\/v2\/product_cat?post=3217"},{"taxonomy":"product_tag","embeddable":true,"href":"https:\/\/www.medibase-disposables.com\/it\/wp-json\/wp\/v2\/product_tag?post=3217"}],"curies":[{"name":"wp","href":"https:\/\/api.w.org\/{rel}","templated":true}]}}