{"id":3300,"date":"2018-07-31T11:03:38","date_gmt":"2020-11-12T14:28:11","guid":{"rendered":"https:\/\/www.medibase-disposables.com\/?post_type=product&#038;p=3300"},"modified":"2021-12-08T18:14:20","modified_gmt":"2021-12-08T17:14:20","slug":"fazzoletti-disinfettanti","status":"publish","type":"product","link":"https:\/\/www.medibase-disposables.com\/it\/prodotti\/fazzoletti-disinfettanti\/","title":{"rendered":"Fazzoletti disinfettanti"},"content":{"rendered":"<p><strong>Box<\/strong><\/p>\n<table style=\"width: 99.8342%;\" width=\"100%\">\n<thead>\n<tr>\n<td style=\"width: 81.4262%;\">Designazione<\/td>\n<td style=\"width: 18.408%;\" width=\"100\">Riferimento<\/td>\n<\/tr>\n<\/thead>\n<tbody>\n<tr>\n<td style=\"width: 81.4262%;\">Scatola da 100 Fazzoletti disinfettanti<\/td>\n<td style=\"width: 18.408%;\">3131820<\/td>\n<\/tr>\n<\/tbody>\n<\/table>\n<p><strong>Ricarica<\/strong><\/p>\n<table style=\"width: 99.8342%;\" width=\"100%\">\n<thead>\n<tr>\n<td style=\"width: 81.4262%;\">Designazione<\/td>\n<td style=\"width: 18.408%;\" width=\"100\">Riferimento<\/td>\n<\/tr>\n<\/thead>\n<tbody>\n<tr>\n<td style=\"width: 81.4262%;\">Sacchetto da 100 Fazzoletti disinfettanti<\/td>\n<td style=\"width: 18.408%;\">3131821<\/td>\n<\/tr>\n<\/tbody>\n<\/table>\n<p>&nbsp;<\/p>\n","protected":false},"excerpt":{"rendered":"<p>I fazzoletti disinfettanti Medibase sono ideali per la pulizia e la disinfezione delle superfici e degli attrezzi medici da utilizzare tra un paziente e l\u2019altro.<\/p>\n<p>Propriet\u00e0 della soluzione impregnante:<br \/>\n&#8211; Battericida in conformit\u00e0 alle norme EN 1276 e EN 1040.<br \/>\n&#8211; Fungicida in conformit\u00e0 alle norme EN 1650 su Candida Albicans, EN 1275.<br \/>\n&#8211; Virucida su ceppo erpes virus 3, attivo sul ceppo influenza virus tipo A\/H1N1.<br \/>\n&#8211; Fazzoletti spessi e resistenti.<br \/>\n&#8211; Senza formaldeidi.<br \/>\n&#8211; Distribuzione facile fazzoletto per fazzoletto.<br \/>\n&#8211; Barattolo dotato di cappuccio di protezione per evitare qualsiasi perdita.<\/p>\n<p>Barattolo da 100 fazzoletti.<\/p>\n<p>Classe: IIA.<br \/>\nMarchio CE 0459. Organismo di certificazione: G-MED.<br \/>\nProduttore: LABORATOIRE SARBEC.<\/p>\n","protected":false},"featured_media":7389,"template":"","meta":{"_acf_changed":false},"product_cat":[160],"product_tag":[],"acf":[],"yoast_head":"<!-- This site is optimized with the Yoast SEO plugin v22.3 - https:\/\/yoast.com\/wordpress\/plugins\/seo\/ -->\n<title>Fazzoletti disinfettanti - Medibase<\/title>\n<meta name=\"robots\" content=\"index, follow, max-snippet:-1, max-image-preview:large, max-video-preview:-1\" \/>\n<link rel=\"canonical\" href=\"https:\/\/www.medibase-disposables.com\/it\/prodotti\/fazzoletti-disinfettanti\/\" \/>\n<meta property=\"og:locale\" content=\"it_IT\" \/>\n<meta property=\"og:type\" content=\"article\" \/>\n<meta property=\"og:title\" content=\"Fazzoletti disinfettanti - Medibase\" \/>\n<meta property=\"og:description\" content=\"I fazzoletti disinfettanti Medibase sono ideali per la pulizia e la disinfezione delle superfici e degli attrezzi medici da utilizzare tra un paziente e l\u2019altro.  Propriet\u00e0 della soluzione impregnante: - Battericida in conformit\u00e0 alle norme EN 1276 e EN 1040. - Fungicida in conformit\u00e0 alle norme EN 1650 su Candida Albicans, EN 1275. - Virucida su ceppo erpes virus 3, attivo sul ceppo influenza virus tipo A\/H1N1. - Fazzoletti spessi e resistenti. - Senza formaldeidi. - Distribuzione facile fazzoletto per fazzoletto. - Barattolo dotato di cappuccio di protezione per evitare qualsiasi perdita.  Barattolo da 100 fazzoletti.  Classe: IIA. Marchio CE 0459. Organismo di certificazione: G-MED. Produttore: LABORATOIRE SARBEC.\" \/>\n<meta property=\"og:url\" content=\"https:\/\/www.medibase-disposables.com\/it\/prodotti\/fazzoletti-disinfettanti\/\" \/>\n<meta property=\"og:site_name\" content=\"Medibase\" \/>\n<meta property=\"article:modified_time\" content=\"2021-12-08T17:14:20+00:00\" \/>\n<meta property=\"og:image\" content=\"http:\/\/www.medibase-disposables.com\/wp-content\/uploads\/MED1121260_Visuels_Impregnated-Wipes_RVB.jpg\" \/>\n\t<meta property=\"og:image:width\" content=\"2291\" \/>\n\t<meta property=\"og:image:height\" content=\"1754\" \/>\n\t<meta property=\"og:image:type\" content=\"image\/jpeg\" \/>\n<meta name=\"twitter:card\" content=\"summary_large_image\" \/>\n<script type=\"application\/ld+json\" class=\"yoast-schema-graph\">{\"@context\":\"https:\/\/schema.org\",\"@graph\":[{\"@type\":\"WebPage\",\"@id\":\"https:\/\/www.medibase-disposables.com\/it\/prodotti\/fazzoletti-disinfettanti\/\",\"url\":\"https:\/\/www.medibase-disposables.com\/it\/prodotti\/fazzoletti-disinfettanti\/\",\"name\":\"Fazzoletti disinfettanti - Medibase\",\"isPartOf\":{\"@id\":\"https:\/\/www.medibase-disposables.com\/it\/#website\"},\"primaryImageOfPage\":{\"@id\":\"https:\/\/www.medibase-disposables.com\/it\/prodotti\/fazzoletti-disinfettanti\/#primaryimage\"},\"image\":{\"@id\":\"https:\/\/www.medibase-disposables.com\/it\/prodotti\/fazzoletti-disinfettanti\/#primaryimage\"},\"thumbnailUrl\":\"https:\/\/www.medibase-disposables.com\/wp-content\/uploads\/MED1121260_Visuels_Impregnated-Wipes_RVB.jpg\",\"datePublished\":\"2020-11-12T14:28:11+00:00\",\"dateModified\":\"2021-12-08T17:14:20+00:00\",\"breadcrumb\":{\"@id\":\"https:\/\/www.medibase-disposables.com\/it\/prodotti\/fazzoletti-disinfettanti\/#breadcrumb\"},\"inLanguage\":\"it-IT\",\"potentialAction\":[{\"@type\":\"ReadAction\",\"target\":[\"https:\/\/www.medibase-disposables.com\/it\/prodotti\/fazzoletti-disinfettanti\/\"]}]},{\"@type\":\"ImageObject\",\"inLanguage\":\"it-IT\",\"@id\":\"https:\/\/www.medibase-disposables.com\/it\/prodotti\/fazzoletti-disinfettanti\/#primaryimage\",\"url\":\"https:\/\/www.medibase-disposables.com\/wp-content\/uploads\/MED1121260_Visuels_Impregnated-Wipes_RVB.jpg\",\"contentUrl\":\"https:\/\/www.medibase-disposables.com\/wp-content\/uploads\/MED1121260_Visuels_Impregnated-Wipes_RVB.jpg\",\"width\":2291,\"height\":1754},{\"@type\":\"BreadcrumbList\",\"@id\":\"https:\/\/www.medibase-disposables.com\/it\/prodotti\/fazzoletti-disinfettanti\/#breadcrumb\",\"itemListElement\":[{\"@type\":\"ListItem\",\"position\":1,\"name\":\"Accueil\",\"item\":\"https:\/\/www.medibase-disposables.com\/it\/\"},{\"@type\":\"ListItem\",\"position\":2,\"name\":\"Prodotti\",\"item\":\"https:\/\/www.medibase-disposables.com\/it\/prodotti\/\"},{\"@type\":\"ListItem\",\"position\":3,\"name\":\"Fazzoletti disinfettanti\"}]},{\"@type\":\"WebSite\",\"@id\":\"https:\/\/www.medibase-disposables.com\/it\/#website\",\"url\":\"https:\/\/www.medibase-disposables.com\/it\/\",\"name\":\"Medibase\",\"description\":\"Your everyday essentials\",\"publisher\":{\"@id\":\"https:\/\/www.medibase-disposables.com\/it\/#organization\"},\"potentialAction\":[{\"@type\":\"SearchAction\",\"target\":{\"@type\":\"EntryPoint\",\"urlTemplate\":\"https:\/\/www.medibase-disposables.com\/it\/?s={search_term_string}\"},\"query-input\":\"required name=search_term_string\"}],\"inLanguage\":\"it-IT\"},{\"@type\":\"Organization\",\"@id\":\"https:\/\/www.medibase-disposables.com\/it\/#organization\",\"name\":\"MEDIBASE\",\"url\":\"https:\/\/www.medibase-disposables.com\/it\/\",\"logo\":{\"@type\":\"ImageObject\",\"inLanguage\":\"it-IT\",\"@id\":\"https:\/\/www.medibase-disposables.com\/it\/#\/schema\/logo\/image\/\",\"url\":\"https:\/\/www.medibase-disposables.com\/wp-content\/uploads\/logo@2x.png\",\"contentUrl\":\"https:\/\/www.medibase-disposables.com\/wp-content\/uploads\/logo@2x.png\",\"width\":501,\"height\":501,\"caption\":\"MEDIBASE\"},\"image\":{\"@id\":\"https:\/\/www.medibase-disposables.com\/it\/#\/schema\/logo\/image\/\"}}]}<\/script>\n<!-- \/ Yoast SEO plugin. -->","yoast_head_json":{"title":"Fazzoletti disinfettanti - Medibase","robots":{"index":"index","follow":"follow","max-snippet":"max-snippet:-1","max-image-preview":"max-image-preview:large","max-video-preview":"max-video-preview:-1"},"canonical":"https:\/\/www.medibase-disposables.com\/it\/prodotti\/fazzoletti-disinfettanti\/","og_locale":"it_IT","og_type":"article","og_title":"Fazzoletti disinfettanti - Medibase","og_description":"I fazzoletti disinfettanti Medibase sono ideali per la pulizia e la disinfezione delle superfici e degli attrezzi medici da utilizzare tra un paziente e l\u2019altro.  Propriet\u00e0 della soluzione impregnante: - Battericida in conformit\u00e0 alle norme EN 1276 e EN 1040. - Fungicida in conformit\u00e0 alle norme EN 1650 su Candida Albicans, EN 1275. - Virucida su ceppo erpes virus 3, attivo sul ceppo influenza virus tipo A\/H1N1. - Fazzoletti spessi e resistenti. - Senza formaldeidi. - Distribuzione facile fazzoletto per fazzoletto. - Barattolo dotato di cappuccio di protezione per evitare qualsiasi perdita.  Barattolo da 100 fazzoletti.  Classe: IIA. Marchio CE 0459. Organismo di certificazione: G-MED. Produttore: LABORATOIRE SARBEC.","og_url":"https:\/\/www.medibase-disposables.com\/it\/prodotti\/fazzoletti-disinfettanti\/","og_site_name":"Medibase","article_modified_time":"2021-12-08T17:14:20+00:00","og_image":[{"width":2291,"height":1754,"url":"http:\/\/www.medibase-disposables.com\/wp-content\/uploads\/MED1121260_Visuels_Impregnated-Wipes_RVB.jpg","type":"image\/jpeg"}],"twitter_card":"summary_large_image","schema":{"@context":"https:\/\/schema.org","@graph":[{"@type":"WebPage","@id":"https:\/\/www.medibase-disposables.com\/it\/prodotti\/fazzoletti-disinfettanti\/","url":"https:\/\/www.medibase-disposables.com\/it\/prodotti\/fazzoletti-disinfettanti\/","name":"Fazzoletti disinfettanti - Medibase","isPartOf":{"@id":"https:\/\/www.medibase-disposables.com\/it\/#website"},"primaryImageOfPage":{"@id":"https:\/\/www.medibase-disposables.com\/it\/prodotti\/fazzoletti-disinfettanti\/#primaryimage"},"image":{"@id":"https:\/\/www.medibase-disposables.com\/it\/prodotti\/fazzoletti-disinfettanti\/#primaryimage"},"thumbnailUrl":"https:\/\/www.medibase-disposables.com\/wp-content\/uploads\/MED1121260_Visuels_Impregnated-Wipes_RVB.jpg","datePublished":"2020-11-12T14:28:11+00:00","dateModified":"2021-12-08T17:14:20+00:00","breadcrumb":{"@id":"https:\/\/www.medibase-disposables.com\/it\/prodotti\/fazzoletti-disinfettanti\/#breadcrumb"},"inLanguage":"it-IT","potentialAction":[{"@type":"ReadAction","target":["https:\/\/www.medibase-disposables.com\/it\/prodotti\/fazzoletti-disinfettanti\/"]}]},{"@type":"ImageObject","inLanguage":"it-IT","@id":"https:\/\/www.medibase-disposables.com\/it\/prodotti\/fazzoletti-disinfettanti\/#primaryimage","url":"https:\/\/www.medibase-disposables.com\/wp-content\/uploads\/MED1121260_Visuels_Impregnated-Wipes_RVB.jpg","contentUrl":"https:\/\/www.medibase-disposables.com\/wp-content\/uploads\/MED1121260_Visuels_Impregnated-Wipes_RVB.jpg","width":2291,"height":1754},{"@type":"BreadcrumbList","@id":"https:\/\/www.medibase-disposables.com\/it\/prodotti\/fazzoletti-disinfettanti\/#breadcrumb","itemListElement":[{"@type":"ListItem","position":1,"name":"Accueil","item":"https:\/\/www.medibase-disposables.com\/it\/"},{"@type":"ListItem","position":2,"name":"Prodotti","item":"https:\/\/www.medibase-disposables.com\/it\/prodotti\/"},{"@type":"ListItem","position":3,"name":"Fazzoletti disinfettanti"}]},{"@type":"WebSite","@id":"https:\/\/www.medibase-disposables.com\/it\/#website","url":"https:\/\/www.medibase-disposables.com\/it\/","name":"Medibase","description":"Your everyday essentials","publisher":{"@id":"https:\/\/www.medibase-disposables.com\/it\/#organization"},"potentialAction":[{"@type":"SearchAction","target":{"@type":"EntryPoint","urlTemplate":"https:\/\/www.medibase-disposables.com\/it\/?s={search_term_string}"},"query-input":"required name=search_term_string"}],"inLanguage":"it-IT"},{"@type":"Organization","@id":"https:\/\/www.medibase-disposables.com\/it\/#organization","name":"MEDIBASE","url":"https:\/\/www.medibase-disposables.com\/it\/","logo":{"@type":"ImageObject","inLanguage":"it-IT","@id":"https:\/\/www.medibase-disposables.com\/it\/#\/schema\/logo\/image\/","url":"https:\/\/www.medibase-disposables.com\/wp-content\/uploads\/logo@2x.png","contentUrl":"https:\/\/www.medibase-disposables.com\/wp-content\/uploads\/logo@2x.png","width":501,"height":501,"caption":"MEDIBASE"},"image":{"@id":"https:\/\/www.medibase-disposables.com\/it\/#\/schema\/logo\/image\/"}}]}},"_links":{"self":[{"href":"https:\/\/www.medibase-disposables.com\/it\/wp-json\/wp\/v2\/product\/3300"}],"collection":[{"href":"https:\/\/www.medibase-disposables.com\/it\/wp-json\/wp\/v2\/product"}],"about":[{"href":"https:\/\/www.medibase-disposables.com\/it\/wp-json\/wp\/v2\/types\/product"}],"wp:featuredmedia":[{"embeddable":true,"href":"https:\/\/www.medibase-disposables.com\/it\/wp-json\/wp\/v2\/media\/7389"}],"wp:attachment":[{"href":"https:\/\/www.medibase-disposables.com\/it\/wp-json\/wp\/v2\/media?parent=3300"}],"wp:term":[{"taxonomy":"product_cat","embeddable":true,"href":"https:\/\/www.medibase-disposables.com\/it\/wp-json\/wp\/v2\/product_cat?post=3300"},{"taxonomy":"product_tag","embeddable":true,"href":"https:\/\/www.medibase-disposables.com\/it\/wp-json\/wp\/v2\/product_tag?post=3300"}],"curies":[{"name":"wp","href":"https:\/\/api.w.org\/{rel}","templated":true}]}}