{"id":3362,"date":"2018-07-30T12:23:04","date_gmt":"2020-11-12T15:32:09","guid":{"rendered":"https:\/\/www.medibase-disposables.com\/?post_type=product&#038;p=3362"},"modified":"2021-12-08T10:51:20","modified_gmt":"2021-12-08T09:51:20","slug":"micro-applicatori","status":"publish","type":"product","link":"https:\/\/www.medibase-disposables.com\/it\/prodotti\/micro-applicatori\/","title":{"rendered":"Micro applicatori"},"content":{"rendered":"<p><strong>Scatola da 400 microapplicatori<\/strong><\/p>\n<table width=\"100%\">\n<thead>\n<tr>\n<td style=\"width: 81.7881%;\">Dimensioni\/Colori<\/td>\n<td style=\"width: 18.0464%;\" width=\"100\">Riferimento<\/td>\n<\/tr>\n<\/thead>\n<tbody>\n<tr>\n<td style=\"width: 81.7881%;\">Regular Blu<\/td>\n<td style=\"width: 18.0464%;\" width=\"100\">3136862<\/td>\n<\/tr>\n<tr>\n<td style=\"width: 81.7881%;\">Regular : 200 blu + 200 rosa<\/td>\n<td style=\"width: 18.0464%;\" width=\"100\">3136863<\/td>\n<\/tr>\n<tr>\n<td style=\"width: 81.7881%;\">Regular : 200 blu + 200 arancia<\/td>\n<td style=\"width: 18.0464%;\" width=\"100\">3136864<\/td>\n<\/tr>\n<\/tbody>\n<\/table>\n<p><strong>Il tubo di 100 microapplicatori<\/strong><\/p>\n<table width=\"506\">\n<thead>\n<tr>\n<td>Dimensioni\/Colori<\/td>\n<td width=\"100\">Riferimento<\/td>\n<\/tr>\n<\/thead>\n<tbody>\n<tr>\n<td>Fine Nero<\/td>\n<td width=\"100\">3136865<\/td>\n<\/tr>\n<tr>\n<td>SuperFine Bianco<\/td>\n<td width=\"100\">3136866<\/td>\n<\/tr>\n<\/tbody>\n<\/table>\n<p>&nbsp;<\/p>\n","protected":false},"excerpt":{"rendered":"<p>Micro applicatori ideali per l\u2019utilizzo con adesivi, silani, gel di mordenzatura, soluzioni emostatiche, fondi di cavit\u00e0, rivelatori di placca.<\/p>\n<p><strong>Caratteristiche:<\/strong><br \/>\n&#8211; Facilmente piegabili per un accesso facilitato a tutte le zone di applicazione.<br \/>\n&#8211; Grande precisione che riduce la quantit\u00e0 di soluzione da utilizzare.<br \/>\n&#8211; L\u2019estremit\u00e0 del manico pu\u00f2 essere spezzata per distinguere i differenti applicatori tra loro.<\/p>\n<p><strong>Vantaggi:<\/strong><br \/>\n&#8211; Eccellente qualit\u00e0 delle fibre.<br \/>\n&#8211; Elevata resistenza del manico e della testa.<br \/>\n&#8211; Confezionati in un pratico distributore, igienico ed ergonomico.<\/p>\n<p>Classe: I.<br \/>\nFabbricante: AKZENTA INTERNATIONAL CHINA.<\/p>\n","protected":false},"featured_media":7498,"template":"","meta":{"_acf_changed":false},"product_cat":[157],"product_tag":[261,233,245,257,265],"acf":[],"yoast_head":"<!-- This site is optimized with the Yoast SEO plugin v22.3 - https:\/\/yoast.com\/wordpress\/plugins\/seo\/ -->\n<title>Micro applicatori - Medibase<\/title>\n<meta name=\"robots\" content=\"index, follow, max-snippet:-1, max-image-preview:large, max-video-preview:-1\" \/>\n<link rel=\"canonical\" href=\"https:\/\/www.medibase-disposables.com\/it\/prodotti\/micro-applicatori\/\" \/>\n<meta property=\"og:locale\" content=\"it_IT\" \/>\n<meta property=\"og:type\" content=\"article\" \/>\n<meta property=\"og:title\" content=\"Micro applicatori - Medibase\" \/>\n<meta property=\"og:description\" content=\"Micro applicatori ideali per l\u2019utilizzo con adesivi, silani, gel di mordenzatura, soluzioni emostatiche, fondi di cavit\u00e0, rivelatori di placca.  Caratteristiche: - Facilmente piegabili per un accesso facilitato a tutte le zone di applicazione. - Grande precisione che riduce la quantit\u00e0 di soluzione da utilizzare. - L\u2019estremit\u00e0 del manico pu\u00f2 essere spezzata per distinguere i differenti applicatori tra loro.  Vantaggi: - Eccellente qualit\u00e0 delle fibre. - Elevata resistenza del manico e della testa. - Confezionati in un pratico distributore, igienico ed ergonomico.  Classe: I. Fabbricante: AKZENTA INTERNATIONAL CHINA.\" \/>\n<meta property=\"og:url\" content=\"https:\/\/www.medibase-disposables.com\/it\/prodotti\/micro-applicatori\/\" \/>\n<meta property=\"og:site_name\" content=\"Medibase\" \/>\n<meta property=\"article:modified_time\" content=\"2021-12-08T09:51:20+00:00\" \/>\n<meta property=\"og:image\" content=\"http:\/\/www.medibase-disposables.com\/wp-content\/uploads\/Micro-Applicateur-assortis-1.png\" \/>\n\t<meta property=\"og:image:width\" content=\"2366\" \/>\n\t<meta property=\"og:image:height\" content=\"3549\" \/>\n\t<meta property=\"og:image:type\" content=\"image\/png\" \/>\n<meta name=\"twitter:card\" content=\"summary_large_image\" \/>\n<meta name=\"twitter:label1\" content=\"Tempo di lettura stimato\" \/>\n\t<meta name=\"twitter:data1\" content=\"1 minuto\" \/>\n<script type=\"application\/ld+json\" class=\"yoast-schema-graph\">{\"@context\":\"https:\/\/schema.org\",\"@graph\":[{\"@type\":\"WebPage\",\"@id\":\"https:\/\/www.medibase-disposables.com\/it\/prodotti\/micro-applicatori\/\",\"url\":\"https:\/\/www.medibase-disposables.com\/it\/prodotti\/micro-applicatori\/\",\"name\":\"Micro applicatori - Medibase\",\"isPartOf\":{\"@id\":\"https:\/\/www.medibase-disposables.com\/it\/#website\"},\"primaryImageOfPage\":{\"@id\":\"https:\/\/www.medibase-disposables.com\/it\/prodotti\/micro-applicatori\/#primaryimage\"},\"image\":{\"@id\":\"https:\/\/www.medibase-disposables.com\/it\/prodotti\/micro-applicatori\/#primaryimage\"},\"thumbnailUrl\":\"https:\/\/www.medibase-disposables.com\/wp-content\/uploads\/Micro-Applicateur-assortis-1.png\",\"datePublished\":\"2020-11-12T15:32:09+00:00\",\"dateModified\":\"2021-12-08T09:51:20+00:00\",\"breadcrumb\":{\"@id\":\"https:\/\/www.medibase-disposables.com\/it\/prodotti\/micro-applicatori\/#breadcrumb\"},\"inLanguage\":\"it-IT\",\"potentialAction\":[{\"@type\":\"ReadAction\",\"target\":[\"https:\/\/www.medibase-disposables.com\/it\/prodotti\/micro-applicatori\/\"]}]},{\"@type\":\"ImageObject\",\"inLanguage\":\"it-IT\",\"@id\":\"https:\/\/www.medibase-disposables.com\/it\/prodotti\/micro-applicatori\/#primaryimage\",\"url\":\"https:\/\/www.medibase-disposables.com\/wp-content\/uploads\/Micro-Applicateur-assortis-1.png\",\"contentUrl\":\"https:\/\/www.medibase-disposables.com\/wp-content\/uploads\/Micro-Applicateur-assortis-1.png\",\"width\":2366,\"height\":3549},{\"@type\":\"BreadcrumbList\",\"@id\":\"https:\/\/www.medibase-disposables.com\/it\/prodotti\/micro-applicatori\/#breadcrumb\",\"itemListElement\":[{\"@type\":\"ListItem\",\"position\":1,\"name\":\"Accueil\",\"item\":\"https:\/\/www.medibase-disposables.com\/it\/\"},{\"@type\":\"ListItem\",\"position\":2,\"name\":\"Prodotti\",\"item\":\"https:\/\/www.medibase-disposables.com\/it\/prodotti\/\"},{\"@type\":\"ListItem\",\"position\":3,\"name\":\"Micro applicatori\"}]},{\"@type\":\"WebSite\",\"@id\":\"https:\/\/www.medibase-disposables.com\/it\/#website\",\"url\":\"https:\/\/www.medibase-disposables.com\/it\/\",\"name\":\"Medibase\",\"description\":\"Your everyday essentials\",\"publisher\":{\"@id\":\"https:\/\/www.medibase-disposables.com\/it\/#organization\"},\"potentialAction\":[{\"@type\":\"SearchAction\",\"target\":{\"@type\":\"EntryPoint\",\"urlTemplate\":\"https:\/\/www.medibase-disposables.com\/it\/?s={search_term_string}\"},\"query-input\":\"required name=search_term_string\"}],\"inLanguage\":\"it-IT\"},{\"@type\":\"Organization\",\"@id\":\"https:\/\/www.medibase-disposables.com\/it\/#organization\",\"name\":\"MEDIBASE\",\"url\":\"https:\/\/www.medibase-disposables.com\/it\/\",\"logo\":{\"@type\":\"ImageObject\",\"inLanguage\":\"it-IT\",\"@id\":\"https:\/\/www.medibase-disposables.com\/it\/#\/schema\/logo\/image\/\",\"url\":\"https:\/\/www.medibase-disposables.com\/wp-content\/uploads\/logo@2x.png\",\"contentUrl\":\"https:\/\/www.medibase-disposables.com\/wp-content\/uploads\/logo@2x.png\",\"width\":501,\"height\":501,\"caption\":\"MEDIBASE\"},\"image\":{\"@id\":\"https:\/\/www.medibase-disposables.com\/it\/#\/schema\/logo\/image\/\"}}]}<\/script>\n<!-- \/ Yoast SEO plugin. -->","yoast_head_json":{"title":"Micro applicatori - Medibase","robots":{"index":"index","follow":"follow","max-snippet":"max-snippet:-1","max-image-preview":"max-image-preview:large","max-video-preview":"max-video-preview:-1"},"canonical":"https:\/\/www.medibase-disposables.com\/it\/prodotti\/micro-applicatori\/","og_locale":"it_IT","og_type":"article","og_title":"Micro applicatori - Medibase","og_description":"Micro applicatori ideali per l\u2019utilizzo con adesivi, silani, gel di mordenzatura, soluzioni emostatiche, fondi di cavit\u00e0, rivelatori di placca.  Caratteristiche: - Facilmente piegabili per un accesso facilitato a tutte le zone di applicazione. - Grande precisione che riduce la quantit\u00e0 di soluzione da utilizzare. - L\u2019estremit\u00e0 del manico pu\u00f2 essere spezzata per distinguere i differenti applicatori tra loro.  Vantaggi: - Eccellente qualit\u00e0 delle fibre. - Elevata resistenza del manico e della testa. - Confezionati in un pratico distributore, igienico ed ergonomico.  Classe: I. Fabbricante: AKZENTA INTERNATIONAL CHINA.","og_url":"https:\/\/www.medibase-disposables.com\/it\/prodotti\/micro-applicatori\/","og_site_name":"Medibase","article_modified_time":"2021-12-08T09:51:20+00:00","og_image":[{"width":2366,"height":3549,"url":"http:\/\/www.medibase-disposables.com\/wp-content\/uploads\/Micro-Applicateur-assortis-1.png","type":"image\/png"}],"twitter_card":"summary_large_image","twitter_misc":{"Tempo di lettura stimato":"1 minuto"},"schema":{"@context":"https:\/\/schema.org","@graph":[{"@type":"WebPage","@id":"https:\/\/www.medibase-disposables.com\/it\/prodotti\/micro-applicatori\/","url":"https:\/\/www.medibase-disposables.com\/it\/prodotti\/micro-applicatori\/","name":"Micro applicatori - Medibase","isPartOf":{"@id":"https:\/\/www.medibase-disposables.com\/it\/#website"},"primaryImageOfPage":{"@id":"https:\/\/www.medibase-disposables.com\/it\/prodotti\/micro-applicatori\/#primaryimage"},"image":{"@id":"https:\/\/www.medibase-disposables.com\/it\/prodotti\/micro-applicatori\/#primaryimage"},"thumbnailUrl":"https:\/\/www.medibase-disposables.com\/wp-content\/uploads\/Micro-Applicateur-assortis-1.png","datePublished":"2020-11-12T15:32:09+00:00","dateModified":"2021-12-08T09:51:20+00:00","breadcrumb":{"@id":"https:\/\/www.medibase-disposables.com\/it\/prodotti\/micro-applicatori\/#breadcrumb"},"inLanguage":"it-IT","potentialAction":[{"@type":"ReadAction","target":["https:\/\/www.medibase-disposables.com\/it\/prodotti\/micro-applicatori\/"]}]},{"@type":"ImageObject","inLanguage":"it-IT","@id":"https:\/\/www.medibase-disposables.com\/it\/prodotti\/micro-applicatori\/#primaryimage","url":"https:\/\/www.medibase-disposables.com\/wp-content\/uploads\/Micro-Applicateur-assortis-1.png","contentUrl":"https:\/\/www.medibase-disposables.com\/wp-content\/uploads\/Micro-Applicateur-assortis-1.png","width":2366,"height":3549},{"@type":"BreadcrumbList","@id":"https:\/\/www.medibase-disposables.com\/it\/prodotti\/micro-applicatori\/#breadcrumb","itemListElement":[{"@type":"ListItem","position":1,"name":"Accueil","item":"https:\/\/www.medibase-disposables.com\/it\/"},{"@type":"ListItem","position":2,"name":"Prodotti","item":"https:\/\/www.medibase-disposables.com\/it\/prodotti\/"},{"@type":"ListItem","position":3,"name":"Micro applicatori"}]},{"@type":"WebSite","@id":"https:\/\/www.medibase-disposables.com\/it\/#website","url":"https:\/\/www.medibase-disposables.com\/it\/","name":"Medibase","description":"Your everyday essentials","publisher":{"@id":"https:\/\/www.medibase-disposables.com\/it\/#organization"},"potentialAction":[{"@type":"SearchAction","target":{"@type":"EntryPoint","urlTemplate":"https:\/\/www.medibase-disposables.com\/it\/?s={search_term_string}"},"query-input":"required name=search_term_string"}],"inLanguage":"it-IT"},{"@type":"Organization","@id":"https:\/\/www.medibase-disposables.com\/it\/#organization","name":"MEDIBASE","url":"https:\/\/www.medibase-disposables.com\/it\/","logo":{"@type":"ImageObject","inLanguage":"it-IT","@id":"https:\/\/www.medibase-disposables.com\/it\/#\/schema\/logo\/image\/","url":"https:\/\/www.medibase-disposables.com\/wp-content\/uploads\/logo@2x.png","contentUrl":"https:\/\/www.medibase-disposables.com\/wp-content\/uploads\/logo@2x.png","width":501,"height":501,"caption":"MEDIBASE"},"image":{"@id":"https:\/\/www.medibase-disposables.com\/it\/#\/schema\/logo\/image\/"}}]}},"_links":{"self":[{"href":"https:\/\/www.medibase-disposables.com\/it\/wp-json\/wp\/v2\/product\/3362"}],"collection":[{"href":"https:\/\/www.medibase-disposables.com\/it\/wp-json\/wp\/v2\/product"}],"about":[{"href":"https:\/\/www.medibase-disposables.com\/it\/wp-json\/wp\/v2\/types\/product"}],"wp:featuredmedia":[{"embeddable":true,"href":"https:\/\/www.medibase-disposables.com\/it\/wp-json\/wp\/v2\/media\/7498"}],"wp:attachment":[{"href":"https:\/\/www.medibase-disposables.com\/it\/wp-json\/wp\/v2\/media?parent=3362"}],"wp:term":[{"taxonomy":"product_cat","embeddable":true,"href":"https:\/\/www.medibase-disposables.com\/it\/wp-json\/wp\/v2\/product_cat?post=3362"},{"taxonomy":"product_tag","embeddable":true,"href":"https:\/\/www.medibase-disposables.com\/it\/wp-json\/wp\/v2\/product_tag?post=3362"}],"curies":[{"name":"wp","href":"https:\/\/api.w.org\/{rel}","templated":true}]}}