{"id":2785,"date":"2020-11-09T22:57:45","date_gmt":"2020-11-09T21:57:45","guid":{"rendered":"https:\/\/www.medibase-disposables.com\/?page_id=2785"},"modified":"2020-11-09T22:59:28","modified_gmt":"2020-11-09T21:59:28","slug":"la-marque","status":"publish","type":"page","link":"https:\/\/www.medibase-disposables.com\/pt-pt\/la-marque\/","title":{"rendered":"A marca"},"content":{"rendered":"<div id=\"header\">\n<div id=\"banner\">\n<div id=\"chemin\">Home &gt; A marca<\/div>\n<h2>A marca<\/h2>\n<\/div>\n<\/div>\n<div class=\"row marque\">\n<div class=\"w-12\">\n<div>\n<p><strong>MEDIBASE<\/strong> \u00e9 uma gama completa de produtos de utiliza\u00e7\u00e3o \u00fanica no setor da medicina dent\u00e1ria, desenvolvida pela CFPM, um dos l\u00edderes mundiais da distribui\u00e7\u00e3o odontol\u00f3gica desde 1979. Tem como miss\u00e3o facilitar a vida dos m\u00e9dicos dentistas e, ao mesmo tempo, proporcionar conforto no trabalho e maior seguran\u00e7a aos pacientes.<\/p>\n<p><strong>MEDIBASE<\/strong> optou pela qualidade ao melhor pre\u00e7o. Todos os produtos est\u00e3o sujeitos aos mais estritos controlos de fabrico e s\u00e3o certificados pela CE.<\/p>\n<p>Optar por distribuir os produtos <strong>MEDIBASE<\/strong> no seu pa\u00eds significa ter a certeza de beneficiar dos melhores pre\u00e7os, tendo ao mesmo tempo a possibilidade de fazer encomendas segundo as suas necessidades.<\/p>\n<\/div>\n<\/div>\n<\/div>\n","protected":false},"excerpt":{"rendered":"<p>Home &gt; A marca A marca MEDIBASE \u00e9 uma gama completa de produtos de utiliza\u00e7\u00e3o \u00fanica no setor da medicina dent\u00e1ria, desenvolvida pela CFPM, um dos l\u00edderes mundiais da distribui\u00e7\u00e3o odontol\u00f3gica desde 1979. Tem como miss\u00e3o facilitar a vida dos m\u00e9dicos dentistas e, ao mesmo tempo, proporcionar conforto no trabalho e maior seguran\u00e7a aos pacientes. [&hellip;]<\/p>\n","protected":false},"author":1,"featured_media":0,"parent":0,"menu_order":3,"comment_status":"closed","ping_status":"closed","template":"","meta":{"_acf_changed":false,"footnotes":""},"acf":[],"yoast_head":"<!-- This site is optimized with the Yoast SEO plugin v22.3 - https:\/\/yoast.com\/wordpress\/plugins\/seo\/ -->\n<title>A marca - Medibase<\/title>\n<meta name=\"robots\" content=\"index, follow, max-snippet:-1, max-image-preview:large, max-video-preview:-1\" \/>\n<link rel=\"canonical\" href=\"https:\/\/www.medibase-disposables.com\/pt-pt\/la-marque\/\" \/>\n<meta property=\"og:locale\" content=\"pt_PT\" \/>\n<meta property=\"og:type\" content=\"article\" \/>\n<meta property=\"og:title\" content=\"A marca - Medibase\" \/>\n<meta property=\"og:description\" content=\"Home &gt; A marca A marca MEDIBASE \u00e9 uma gama completa de produtos de utiliza\u00e7\u00e3o \u00fanica no setor da medicina dent\u00e1ria, desenvolvida pela CFPM, um dos l\u00edderes mundiais da distribui\u00e7\u00e3o odontol\u00f3gica desde 1979. Tem como miss\u00e3o facilitar a vida dos m\u00e9dicos dentistas e, ao mesmo tempo, proporcionar conforto no trabalho e maior seguran\u00e7a aos pacientes. [&hellip;]\" \/>\n<meta property=\"og:url\" content=\"https:\/\/www.medibase-disposables.com\/pt-pt\/la-marque\/\" \/>\n<meta property=\"og:site_name\" content=\"Medibase\" \/>\n<meta property=\"article:modified_time\" content=\"2020-11-09T21:59:28+00:00\" \/>\n<meta name=\"twitter:card\" content=\"summary_large_image\" \/>\n<meta name=\"twitter:label1\" content=\"Tempo estimado de leitura\" \/>\n\t<meta name=\"twitter:data1\" content=\"1 minuto\" \/>\n<script type=\"application\/ld+json\" class=\"yoast-schema-graph\">{\"@context\":\"https:\/\/schema.org\",\"@graph\":[{\"@type\":\"WebPage\",\"@id\":\"https:\/\/www.medibase-disposables.com\/pt-pt\/la-marque\/\",\"url\":\"https:\/\/www.medibase-disposables.com\/pt-pt\/la-marque\/\",\"name\":\"A marca - Medibase\",\"isPartOf\":{\"@id\":\"https:\/\/www.medibase-disposables.com\/pt-pt\/#website\"},\"datePublished\":\"2020-11-09T21:57:45+00:00\",\"dateModified\":\"2020-11-09T21:59:28+00:00\",\"breadcrumb\":{\"@id\":\"https:\/\/www.medibase-disposables.com\/pt-pt\/la-marque\/#breadcrumb\"},\"inLanguage\":\"pt-PT\",\"potentialAction\":[{\"@type\":\"ReadAction\",\"target\":[\"https:\/\/www.medibase-disposables.com\/pt-pt\/la-marque\/\"]}]},{\"@type\":\"BreadcrumbList\",\"@id\":\"https:\/\/www.medibase-disposables.com\/pt-pt\/la-marque\/#breadcrumb\",\"itemListElement\":[{\"@type\":\"ListItem\",\"position\":1,\"name\":\"Accueil\",\"item\":\"https:\/\/www.medibase-disposables.com\/pt-pt\/\"},{\"@type\":\"ListItem\",\"position\":2,\"name\":\"A marca\"}]},{\"@type\":\"WebSite\",\"@id\":\"https:\/\/www.medibase-disposables.com\/pt-pt\/#website\",\"url\":\"https:\/\/www.medibase-disposables.com\/pt-pt\/\",\"name\":\"Medibase\",\"description\":\"Your everyday essentials\",\"publisher\":{\"@id\":\"https:\/\/www.medibase-disposables.com\/pt-pt\/#organization\"},\"potentialAction\":[{\"@type\":\"SearchAction\",\"target\":{\"@type\":\"EntryPoint\",\"urlTemplate\":\"https:\/\/www.medibase-disposables.com\/pt-pt\/?s={search_term_string}\"},\"query-input\":\"required name=search_term_string\"}],\"inLanguage\":\"pt-PT\"},{\"@type\":\"Organization\",\"@id\":\"https:\/\/www.medibase-disposables.com\/pt-pt\/#organization\",\"name\":\"MEDIBASE\",\"url\":\"https:\/\/www.medibase-disposables.com\/pt-pt\/\",\"logo\":{\"@type\":\"ImageObject\",\"inLanguage\":\"pt-PT\",\"@id\":\"https:\/\/www.medibase-disposables.com\/pt-pt\/#\/schema\/logo\/image\/\",\"url\":\"https:\/\/www.medibase-disposables.com\/wp-content\/uploads\/logo@2x.png\",\"contentUrl\":\"https:\/\/www.medibase-disposables.com\/wp-content\/uploads\/logo@2x.png\",\"width\":501,\"height\":501,\"caption\":\"MEDIBASE\"},\"image\":{\"@id\":\"https:\/\/www.medibase-disposables.com\/pt-pt\/#\/schema\/logo\/image\/\"}}]}<\/script>\n<!-- \/ Yoast SEO plugin. -->","yoast_head_json":{"title":"A marca - Medibase","robots":{"index":"index","follow":"follow","max-snippet":"max-snippet:-1","max-image-preview":"max-image-preview:large","max-video-preview":"max-video-preview:-1"},"canonical":"https:\/\/www.medibase-disposables.com\/pt-pt\/la-marque\/","og_locale":"pt_PT","og_type":"article","og_title":"A marca - Medibase","og_description":"Home &gt; A marca A marca MEDIBASE \u00e9 uma gama completa de produtos de utiliza\u00e7\u00e3o \u00fanica no setor da medicina dent\u00e1ria, desenvolvida pela CFPM, um dos l\u00edderes mundiais da distribui\u00e7\u00e3o odontol\u00f3gica desde 1979. Tem como miss\u00e3o facilitar a vida dos m\u00e9dicos dentistas e, ao mesmo tempo, proporcionar conforto no trabalho e maior seguran\u00e7a aos pacientes. [&hellip;]","og_url":"https:\/\/www.medibase-disposables.com\/pt-pt\/la-marque\/","og_site_name":"Medibase","article_modified_time":"2020-11-09T21:59:28+00:00","twitter_card":"summary_large_image","twitter_misc":{"Tempo estimado de leitura":"1 minuto"},"schema":{"@context":"https:\/\/schema.org","@graph":[{"@type":"WebPage","@id":"https:\/\/www.medibase-disposables.com\/pt-pt\/la-marque\/","url":"https:\/\/www.medibase-disposables.com\/pt-pt\/la-marque\/","name":"A marca - Medibase","isPartOf":{"@id":"https:\/\/www.medibase-disposables.com\/pt-pt\/#website"},"datePublished":"2020-11-09T21:57:45+00:00","dateModified":"2020-11-09T21:59:28+00:00","breadcrumb":{"@id":"https:\/\/www.medibase-disposables.com\/pt-pt\/la-marque\/#breadcrumb"},"inLanguage":"pt-PT","potentialAction":[{"@type":"ReadAction","target":["https:\/\/www.medibase-disposables.com\/pt-pt\/la-marque\/"]}]},{"@type":"BreadcrumbList","@id":"https:\/\/www.medibase-disposables.com\/pt-pt\/la-marque\/#breadcrumb","itemListElement":[{"@type":"ListItem","position":1,"name":"Accueil","item":"https:\/\/www.medibase-disposables.com\/pt-pt\/"},{"@type":"ListItem","position":2,"name":"A marca"}]},{"@type":"WebSite","@id":"https:\/\/www.medibase-disposables.com\/pt-pt\/#website","url":"https:\/\/www.medibase-disposables.com\/pt-pt\/","name":"Medibase","description":"Your everyday essentials","publisher":{"@id":"https:\/\/www.medibase-disposables.com\/pt-pt\/#organization"},"potentialAction":[{"@type":"SearchAction","target":{"@type":"EntryPoint","urlTemplate":"https:\/\/www.medibase-disposables.com\/pt-pt\/?s={search_term_string}"},"query-input":"required name=search_term_string"}],"inLanguage":"pt-PT"},{"@type":"Organization","@id":"https:\/\/www.medibase-disposables.com\/pt-pt\/#organization","name":"MEDIBASE","url":"https:\/\/www.medibase-disposables.com\/pt-pt\/","logo":{"@type":"ImageObject","inLanguage":"pt-PT","@id":"https:\/\/www.medibase-disposables.com\/pt-pt\/#\/schema\/logo\/image\/","url":"https:\/\/www.medibase-disposables.com\/wp-content\/uploads\/logo@2x.png","contentUrl":"https:\/\/www.medibase-disposables.com\/wp-content\/uploads\/logo@2x.png","width":501,"height":501,"caption":"MEDIBASE"},"image":{"@id":"https:\/\/www.medibase-disposables.com\/pt-pt\/#\/schema\/logo\/image\/"}}]}},"_links":{"self":[{"href":"https:\/\/www.medibase-disposables.com\/pt-pt\/wp-json\/wp\/v2\/pages\/2785"}],"collection":[{"href":"https:\/\/www.medibase-disposables.com\/pt-pt\/wp-json\/wp\/v2\/pages"}],"about":[{"href":"https:\/\/www.medibase-disposables.com\/pt-pt\/wp-json\/wp\/v2\/types\/page"}],"author":[{"embeddable":true,"href":"https:\/\/www.medibase-disposables.com\/pt-pt\/wp-json\/wp\/v2\/users\/1"}],"replies":[{"embeddable":true,"href":"https:\/\/www.medibase-disposables.com\/pt-pt\/wp-json\/wp\/v2\/comments?post=2785"}],"version-history":[{"count":2,"href":"https:\/\/www.medibase-disposables.com\/pt-pt\/wp-json\/wp\/v2\/pages\/2785\/revisions"}],"predecessor-version":[{"id":2787,"href":"https:\/\/www.medibase-disposables.com\/pt-pt\/wp-json\/wp\/v2\/pages\/2785\/revisions\/2787"}],"wp:attachment":[{"href":"https:\/\/www.medibase-disposables.com\/pt-pt\/wp-json\/wp\/v2\/media?parent=2785"}],"curies":[{"name":"wp","href":"https:\/\/api.w.org\/{rel}","templated":true}]}}