{"id":2798,"date":"2020-11-09T23:12:42","date_gmt":"2020-11-09T22:12:42","guid":{"rendered":"https:\/\/www.medibase-disposables.com\/?page_id=2798"},"modified":"2020-11-09T23:13:50","modified_gmt":"2020-11-09T22:13:50","slug":"avisos-legais","status":"publish","type":"page","link":"https:\/\/www.medibase-disposables.com\/pt-pt\/avisos-legais\/","title":{"rendered":"Avisos legais"},"content":{"rendered":"<div id=\"header\">\n<div id=\"banner\">\n<div id=\"chemin\">Home &gt; Avisos legais<\/div>\n<h2>Avisos legais<\/h2>\n<\/div>\n<\/div>\n<div class=\"row marque\">\n<div class=\"w-12\">\n<p>O utilizador, quando aceder a este site, compromete-se a aceitar as presentes condi\u00e7\u00f5es de utiliza\u00e7\u00e3o.<\/p>\n<p><strong>1. Informa\u00e7\u00f5es sobre o editor<\/strong><br \/>\nEste site \u00e9 editado por:<br \/>\nCONCEPTION ET FABRICATION DE PRODUITS MEDICAUX ET PARAMEDICAUX C.F.P.M.<br \/>\nSIREN 340747476<br \/>\n2BIS Chemin Du Loup ZI LES PETITS PONTS<br \/>\n93290 Tremblay-en-France<br \/>\nDiretor da Publica\u00e7\u00e3o: Vivian Stemmer<\/p>\n<p><strong>2. Informa\u00e7\u00f5es sobre o fornecedor de alojamento<\/strong><br \/>\nEste site \u00e9 alojado pelo fornecedor de servi\u00e7os \u00abGANDI\u00bb.<\/p>\n<p><strong>3. Direitos de autor \/ Copyright<\/strong><br \/>\nAs marcas e os log\u00f3tipos que aparecem neste site s\u00e3o marcas registadas pelos seus respetivos propriet\u00e1rios.<br \/>\nA sua men\u00e7\u00e3o n\u00e3o confere de forma alguma uma licen\u00e7a ou direito de utiliza\u00e7\u00e3o de qualquer das referidas marcas, que n\u00e3o podem, por conseguinte, ser utilizadas sem o consentimento pr\u00e9vio por escrito do propriet\u00e1rio da marca, sob pena de se incorrer em infra\u00e7\u00e3o.<br \/>\nTodas as informa\u00e7\u00f5es presentes neste site podem ser descarregadas, reproduzidas, impressas, desde que:<br \/>\n\u2022 tais informa\u00e7\u00f5es sejam apenas usadas para fins pessoais e de forma alguma para fins comerciais;<br \/>\n\u2022 tais informa\u00e7\u00f5es n\u00e3o sejam modificadas;<br \/>\n\u2022 todas as c\u00f3pias reproduzam a men\u00e7\u00e3o dos direitos de autor (\u00abcopyright\u00bb) da CFPM ou do propriet\u00e1rio do documento.<br \/>\nQualquer outra utiliza\u00e7\u00e3o n\u00e3o expressamente autorizada ou qualquer representa\u00e7\u00e3o total ou parcial deste site, por quaisquer meios, \u00e9 estritamente proibida sem a autoriza\u00e7\u00e3o pr\u00e9via por escrito da CFPM e constituir\u00e1 uma infra\u00e7\u00e3o pun\u00edvel pelos artigos L 355-2 e seguintes do C\u00f3digo da Propriedade intelectual.<\/p>\n<p><strong>4. Limita\u00e7\u00e3o de responsabilidade<\/strong><br \/>\nA CFPM n\u00e3o pode ser responsabilizada por danos diretos ou indiretos que possam resultar do acesso ou da utiliza\u00e7\u00e3o do Site ou das informa\u00e7\u00f5es nele contidas, seja qual for a sua natureza.<br \/>\nA CFPM declina qualquer responsabilidade quanto \u00e0 adequa\u00e7\u00e3o das decis\u00f5es e das respetivas modalidade de execu\u00e7\u00e3o adotadas pelos utilizadores com base exclusivamente nas informa\u00e7\u00f5es publicadas no Site.<br \/>\nA CFPM declina qualquer responsabilidade em caso de danos sofridos pelo utilizador, nomeadamente devido \u00e0 perda, deteriora\u00e7\u00e3o ou altera\u00e7\u00e3o de ficheiros, transmiss\u00e3o de um v\u00edrus que possa infetar o seu equipamento inform\u00e1tico ou qualquer outro bem aquando da conex\u00e3o e\/ou consulta e\/ou utiliza\u00e7\u00e3o do Site.<\/p>\n<p><strong>5. Utiliza\u00e7\u00e3o de cookies<\/strong><br \/>\nUtilizamos cookies para melhorar a navega\u00e7\u00e3o no nosso site. A maioria dos sites Internet que visita utilizam cookies para melhorar a experi\u00eancia do utilizador, permitindo que o site se \u00ablembre\u00bb de si, enquanto durar a sua visita (utilizando um cookie de \u00absess\u00e3o\u00bb) ou em todas as suas visitas (utilizando um cookie \u00abpersistente\u00bb).<br \/>\nAo continuar a sua visita, concorda, portanto, com a utiliza\u00e7\u00e3o destes cookies. Este site utiliza cookies para que o utilizador possa usufruir da melhor navega\u00e7\u00e3o poss\u00edvel. Se continuar sem alterar as configura\u00e7\u00f5es do seu navegador da Internet, o Site assume que concorda com a utiliza\u00e7\u00e3o de cookies. Se desejar, a qualquer momento, pode alterar as configura\u00e7\u00f5es de cookies.<\/p>\n<p><strong>6. Pol\u00edtica de Prote\u00e7\u00e3o de Dados<\/strong><br \/>\nA CFPM, respons\u00e1vel pelo tratamento, efetua um tratamento de dados pessoais relacionados consigo com a finalidade de gerir e acompanhar as suas solicita\u00e7\u00f5es relativas:<br \/>\n&#8211; a uma pergunta sobre um produto,<br \/>\n&#8211; a uma observa\u00e7\u00e3o sobre o site,<br \/>\n&#8211; a eventos,<br \/>\n&#8211; a um simples contacto.<br \/>\nEste tratamento tem como fundamentos:<br \/>\n&#8211; O interesse leg\u00edtimo da CFPM, que consiste em gerir os seus pedidos, em especial para adaptar constantemente as nossas ofertas comerciais e promocionais e a sua experi\u00eancia no nosso site, em rela\u00e7\u00e3o a uma observa\u00e7\u00e3o sobre o site, a eventos ou a um simples contato;<br \/>\n&#8211; a execu\u00e7\u00e3o de um contrato ou de medidas pr\u00e9-contratuais tomadas a seu pedido relativamente a uma quest\u00e3o sobre um produto.<br \/>\nOs dados recolhidos s\u00e3o indispens\u00e1veis para este tratamento e destinam-se aos servi\u00e7os relevantes da CFPM e aos seus eventuais subcontratados e prestadores de servi\u00e7os, nomeadamente para assegurar a gest\u00e3o dos pedidos. Os seus dados s\u00e3o conservados durante um per\u00edodo de 3 anos a contar do fim da rela\u00e7\u00e3o comercial ou a contar da sua recolha ou do \u00faltimo contato feito por si, salvo no que diz respeito ao recrutamento, para o qual os dados s\u00e3o conservados durante um per\u00edodo de 2 anos a contar do \u00faltimo contato feito por si.<br \/>\nTem o direito de acesso, retifica\u00e7\u00e3o, apagamento, limita\u00e7\u00e3o do tratamento dos seus dados, o direito de oposi\u00e7\u00e3o, o direito \u00e0 portabilidade dos seus dados, bem como o direito de estabelecer instru\u00e7\u00f5es relativas ao destino de seus dados ap\u00f3s a sua morte. Pode tamb\u00e9m apresentar uma reclama\u00e7\u00e3o a uma autoridade de controlo. Note que, se exercer os seus direitos listados acima, conservaremos ainda assim algumas das suas informa\u00e7\u00f5es pessoais e a sua solicita\u00e7\u00e3o para garantirmos o exerc\u00edcio efetivo de seus direitos.<br \/>\nPode exercer estes direitos atrav\u00e9s do seguinte endere\u00e7o: dpo@cfpm-medical.fr ou por correio postal, ao cuidado do DPO, Claudia Regnier, 2 bis Chemin du Loup, 93290 Tremblay-en-France, acompanhado de uma c\u00f3pia de um documento de identidade.<br \/>\nNome e dados de contacto do encarregado de prote\u00e7\u00e3o de dados: Claudia Regnier, 2 bis Chemin du Loup, 93290 Tremblay-en-France.<\/p>\n<p>\u00daltima atualiza\u00e7\u00e3o: Outubro de 2018<\/p>\n<\/div>\n<\/div>\n","protected":false},"excerpt":{"rendered":"<p>Home &gt; Avisos legais Avisos legais O utilizador, quando aceder a este site, compromete-se a aceitar as presentes condi\u00e7\u00f5es de utiliza\u00e7\u00e3o. 1. Informa\u00e7\u00f5es sobre o editor Este site \u00e9 editado por: CONCEPTION ET FABRICATION DE PRODUITS MEDICAUX ET PARAMEDICAUX C.F.P.M. SIREN 340747476 2BIS Chemin Du Loup ZI LES PETITS PONTS 93290 Tremblay-en-France Diretor da Publica\u00e7\u00e3o: [&hellip;]<\/p>\n","protected":false},"author":1,"featured_media":0,"parent":0,"menu_order":8,"comment_status":"closed","ping_status":"closed","template":"","meta":{"_acf_changed":false,"footnotes":""},"acf":[],"yoast_head":"<!-- This site is optimized with the Yoast SEO plugin v22.3 - https:\/\/yoast.com\/wordpress\/plugins\/seo\/ -->\n<title>Avisos legais - Medibase<\/title>\n<meta name=\"robots\" content=\"index, follow, max-snippet:-1, max-image-preview:large, max-video-preview:-1\" \/>\n<link rel=\"canonical\" href=\"https:\/\/www.medibase-disposables.com\/pt-pt\/avisos-legais\/\" \/>\n<meta property=\"og:locale\" content=\"pt_PT\" \/>\n<meta property=\"og:type\" content=\"article\" \/>\n<meta property=\"og:title\" content=\"Avisos legais - Medibase\" \/>\n<meta property=\"og:description\" content=\"Home &gt; Avisos legais Avisos legais O utilizador, quando aceder a este site, compromete-se a aceitar as presentes condi\u00e7\u00f5es de utiliza\u00e7\u00e3o. 1. Informa\u00e7\u00f5es sobre o editor Este site \u00e9 editado por: CONCEPTION ET FABRICATION DE PRODUITS MEDICAUX ET PARAMEDICAUX C.F.P.M. SIREN 340747476 2BIS Chemin Du Loup ZI LES PETITS PONTS 93290 Tremblay-en-France Diretor da Publica\u00e7\u00e3o: [&hellip;]\" \/>\n<meta property=\"og:url\" content=\"https:\/\/www.medibase-disposables.com\/pt-pt\/avisos-legais\/\" \/>\n<meta property=\"og:site_name\" content=\"Medibase\" \/>\n<meta property=\"article:modified_time\" content=\"2020-11-09T22:13:50+00:00\" \/>\n<meta name=\"twitter:card\" content=\"summary_large_image\" \/>\n<meta name=\"twitter:label1\" content=\"Tempo estimado de leitura\" \/>\n\t<meta name=\"twitter:data1\" content=\"4 minutos\" \/>\n<script type=\"application\/ld+json\" class=\"yoast-schema-graph\">{\"@context\":\"https:\/\/schema.org\",\"@graph\":[{\"@type\":\"WebPage\",\"@id\":\"https:\/\/www.medibase-disposables.com\/pt-pt\/avisos-legais\/\",\"url\":\"https:\/\/www.medibase-disposables.com\/pt-pt\/avisos-legais\/\",\"name\":\"Avisos legais - Medibase\",\"isPartOf\":{\"@id\":\"https:\/\/www.medibase-disposables.com\/pt-pt\/#website\"},\"datePublished\":\"2020-11-09T22:12:42+00:00\",\"dateModified\":\"2020-11-09T22:13:50+00:00\",\"breadcrumb\":{\"@id\":\"https:\/\/www.medibase-disposables.com\/pt-pt\/avisos-legais\/#breadcrumb\"},\"inLanguage\":\"pt-PT\",\"potentialAction\":[{\"@type\":\"ReadAction\",\"target\":[\"https:\/\/www.medibase-disposables.com\/pt-pt\/avisos-legais\/\"]}]},{\"@type\":\"BreadcrumbList\",\"@id\":\"https:\/\/www.medibase-disposables.com\/pt-pt\/avisos-legais\/#breadcrumb\",\"itemListElement\":[{\"@type\":\"ListItem\",\"position\":1,\"name\":\"Accueil\",\"item\":\"https:\/\/www.medibase-disposables.com\/pt-pt\/\"},{\"@type\":\"ListItem\",\"position\":2,\"name\":\"Avisos legais\"}]},{\"@type\":\"WebSite\",\"@id\":\"https:\/\/www.medibase-disposables.com\/pt-pt\/#website\",\"url\":\"https:\/\/www.medibase-disposables.com\/pt-pt\/\",\"name\":\"Medibase\",\"description\":\"Your everyday essentials\",\"publisher\":{\"@id\":\"https:\/\/www.medibase-disposables.com\/pt-pt\/#organization\"},\"potentialAction\":[{\"@type\":\"SearchAction\",\"target\":{\"@type\":\"EntryPoint\",\"urlTemplate\":\"https:\/\/www.medibase-disposables.com\/pt-pt\/?s={search_term_string}\"},\"query-input\":\"required name=search_term_string\"}],\"inLanguage\":\"pt-PT\"},{\"@type\":\"Organization\",\"@id\":\"https:\/\/www.medibase-disposables.com\/pt-pt\/#organization\",\"name\":\"MEDIBASE\",\"url\":\"https:\/\/www.medibase-disposables.com\/pt-pt\/\",\"logo\":{\"@type\":\"ImageObject\",\"inLanguage\":\"pt-PT\",\"@id\":\"https:\/\/www.medibase-disposables.com\/pt-pt\/#\/schema\/logo\/image\/\",\"url\":\"https:\/\/www.medibase-disposables.com\/wp-content\/uploads\/logo@2x.png\",\"contentUrl\":\"https:\/\/www.medibase-disposables.com\/wp-content\/uploads\/logo@2x.png\",\"width\":501,\"height\":501,\"caption\":\"MEDIBASE\"},\"image\":{\"@id\":\"https:\/\/www.medibase-disposables.com\/pt-pt\/#\/schema\/logo\/image\/\"}}]}<\/script>\n<!-- \/ Yoast SEO plugin. -->","yoast_head_json":{"title":"Avisos legais - Medibase","robots":{"index":"index","follow":"follow","max-snippet":"max-snippet:-1","max-image-preview":"max-image-preview:large","max-video-preview":"max-video-preview:-1"},"canonical":"https:\/\/www.medibase-disposables.com\/pt-pt\/avisos-legais\/","og_locale":"pt_PT","og_type":"article","og_title":"Avisos legais - Medibase","og_description":"Home &gt; Avisos legais Avisos legais O utilizador, quando aceder a este site, compromete-se a aceitar as presentes condi\u00e7\u00f5es de utiliza\u00e7\u00e3o. 1. Informa\u00e7\u00f5es sobre o editor Este site \u00e9 editado por: CONCEPTION ET FABRICATION DE PRODUITS MEDICAUX ET PARAMEDICAUX C.F.P.M. SIREN 340747476 2BIS Chemin Du Loup ZI LES PETITS PONTS 93290 Tremblay-en-France Diretor da Publica\u00e7\u00e3o: [&hellip;]","og_url":"https:\/\/www.medibase-disposables.com\/pt-pt\/avisos-legais\/","og_site_name":"Medibase","article_modified_time":"2020-11-09T22:13:50+00:00","twitter_card":"summary_large_image","twitter_misc":{"Tempo estimado de leitura":"4 minutos"},"schema":{"@context":"https:\/\/schema.org","@graph":[{"@type":"WebPage","@id":"https:\/\/www.medibase-disposables.com\/pt-pt\/avisos-legais\/","url":"https:\/\/www.medibase-disposables.com\/pt-pt\/avisos-legais\/","name":"Avisos legais - Medibase","isPartOf":{"@id":"https:\/\/www.medibase-disposables.com\/pt-pt\/#website"},"datePublished":"2020-11-09T22:12:42+00:00","dateModified":"2020-11-09T22:13:50+00:00","breadcrumb":{"@id":"https:\/\/www.medibase-disposables.com\/pt-pt\/avisos-legais\/#breadcrumb"},"inLanguage":"pt-PT","potentialAction":[{"@type":"ReadAction","target":["https:\/\/www.medibase-disposables.com\/pt-pt\/avisos-legais\/"]}]},{"@type":"BreadcrumbList","@id":"https:\/\/www.medibase-disposables.com\/pt-pt\/avisos-legais\/#breadcrumb","itemListElement":[{"@type":"ListItem","position":1,"name":"Accueil","item":"https:\/\/www.medibase-disposables.com\/pt-pt\/"},{"@type":"ListItem","position":2,"name":"Avisos legais"}]},{"@type":"WebSite","@id":"https:\/\/www.medibase-disposables.com\/pt-pt\/#website","url":"https:\/\/www.medibase-disposables.com\/pt-pt\/","name":"Medibase","description":"Your everyday essentials","publisher":{"@id":"https:\/\/www.medibase-disposables.com\/pt-pt\/#organization"},"potentialAction":[{"@type":"SearchAction","target":{"@type":"EntryPoint","urlTemplate":"https:\/\/www.medibase-disposables.com\/pt-pt\/?s={search_term_string}"},"query-input":"required name=search_term_string"}],"inLanguage":"pt-PT"},{"@type":"Organization","@id":"https:\/\/www.medibase-disposables.com\/pt-pt\/#organization","name":"MEDIBASE","url":"https:\/\/www.medibase-disposables.com\/pt-pt\/","logo":{"@type":"ImageObject","inLanguage":"pt-PT","@id":"https:\/\/www.medibase-disposables.com\/pt-pt\/#\/schema\/logo\/image\/","url":"https:\/\/www.medibase-disposables.com\/wp-content\/uploads\/logo@2x.png","contentUrl":"https:\/\/www.medibase-disposables.com\/wp-content\/uploads\/logo@2x.png","width":501,"height":501,"caption":"MEDIBASE"},"image":{"@id":"https:\/\/www.medibase-disposables.com\/pt-pt\/#\/schema\/logo\/image\/"}}]}},"_links":{"self":[{"href":"https:\/\/www.medibase-disposables.com\/pt-pt\/wp-json\/wp\/v2\/pages\/2798"}],"collection":[{"href":"https:\/\/www.medibase-disposables.com\/pt-pt\/wp-json\/wp\/v2\/pages"}],"about":[{"href":"https:\/\/www.medibase-disposables.com\/pt-pt\/wp-json\/wp\/v2\/types\/page"}],"author":[{"embeddable":true,"href":"https:\/\/www.medibase-disposables.com\/pt-pt\/wp-json\/wp\/v2\/users\/1"}],"replies":[{"embeddable":true,"href":"https:\/\/www.medibase-disposables.com\/pt-pt\/wp-json\/wp\/v2\/comments?post=2798"}],"version-history":[{"count":3,"href":"https:\/\/www.medibase-disposables.com\/pt-pt\/wp-json\/wp\/v2\/pages\/2798\/revisions"}],"predecessor-version":[{"id":2801,"href":"https:\/\/www.medibase-disposables.com\/pt-pt\/wp-json\/wp\/v2\/pages\/2798\/revisions\/2801"}],"wp:attachment":[{"href":"https:\/\/www.medibase-disposables.com\/pt-pt\/wp-json\/wp\/v2\/media?parent=2798"}],"curies":[{"name":"wp","href":"https:\/\/api.w.org\/{rel}","templated":true}]}}