{"id":10835,"date":"2023-07-03T15:14:20","date_gmt":"2023-07-03T16:07:37","guid":{"rendered":"https:\/\/www.medibase-disposables.com\/?post_type=product&#038;p=10835"},"modified":"2023-07-03T18:07:37","modified_gmt":"2023-07-03T16:07:37","slug":"batas-de-isolamento-40g-m2","status":"publish","type":"product","link":"https:\/\/www.medibase-disposables.com\/pt-pt\/produtos\/batas-de-isolamento-40g-m2\/","title":{"rendered":"Batas de isolamento 40G\/M2"},"content":{"rendered":"<p><strong>Batas de isolamento 40G\/M2<\/strong><\/p>\n<table style=\"height: 140px;\" width=\"372\">\n<tbody>\n<tr style=\"height: 28px;\">\n<td style=\"height: 28px;\" width=\"124\"><strong>R\u00e9f<\/strong><\/td>\n<td style=\"height: 28px;\" width=\"124\"><strong>Couleur<\/strong><\/td>\n<td style=\"height: 28px;\" width=\"124\"><strong>Poignet<\/strong><\/td>\n<\/tr>\n<tr style=\"height: 28px;\">\n<td style=\"height: 28px;\" width=\"124\">3149508<\/td>\n<td style=\"height: 28px;\" width=\"124\">Azul<\/td>\n<td style=\"height: 56px;\" rowspan=\"2\" width=\"124\">Punhos el\u00e1sticos<\/td>\n<\/tr>\n<tr style=\"height: 28px;\">\n<td style=\"height: 28px;\" width=\"124\">3149509<\/td>\n<td style=\"height: 28px;\" width=\"124\">Branco<\/td>\n<\/tr>\n<tr style=\"height: 28px;\">\n<td style=\"height: 28px;\" width=\"124\">3149510<\/td>\n<td style=\"height: 28px;\" width=\"124\">Azul<\/td>\n<td style=\"height: 56px;\" rowspan=\"2\" width=\"124\">Punhos<\/td>\n<\/tr>\n<tr style=\"height: 28px;\">\n<td style=\"height: 28px;\" width=\"124\">3149511<\/td>\n<td style=\"height: 28px;\" width=\"124\">Branco<\/td>\n<\/tr>\n<\/tbody>\n<\/table>\n<p><\/p>\n","protected":false},"excerpt":{"rendered":"<p><strong>Caracter\u00edsticas :<\/strong><\/p>\n<p>Bata de isolamento de utiliza\u00e7\u00e3o \u00fanica: Isolamento e prote\u00e7\u00e3o contra o p\u00f3 e a polui\u00e7\u00e3o em ambientes m\u00e9dicos (n\u00e3o utilizar em salas de opera\u00e7\u00f5es).<\/p>\n<ul>\n<li>Material: polipropileno n\u00e3o tecido<\/li>\n<li>Gramagem: 40g\/m2<\/li>\n<li>Cor: Azul \/ Branco<\/li>\n<li>Tamanho \u00fanico: 115*137cm<\/li>\n<li>Utiliza\u00e7\u00e3o \u00fanica<\/li>\n<li>Resist\u00eancia aos fluidos<\/li>\n<li>Sem l\u00e1tex<\/li>\n<li>Punhos de malha ou el\u00e1sticos<\/li>\n<li>Atilhos para o pesco\u00e7o<\/li>\n<\/ul>\n","protected":false},"featured_media":10763,"template":"","meta":{"_acf_changed":false},"product_cat":[30],"product_tag":[],"acf":[],"yoast_head":"<!-- This site is optimized with the Yoast SEO plugin v22.3 - https:\/\/yoast.com\/wordpress\/plugins\/seo\/ -->\n<title>Batas de isolamento 40G\/M2 - Medibase<\/title>\n<meta name=\"robots\" content=\"index, follow, max-snippet:-1, max-image-preview:large, max-video-preview:-1\" \/>\n<link rel=\"canonical\" href=\"https:\/\/www.medibase-disposables.com\/pt-pt\/produtos\/batas-de-isolamento-40g-m2\/\" \/>\n<meta property=\"og:locale\" content=\"pt_PT\" \/>\n<meta property=\"og:type\" content=\"article\" \/>\n<meta property=\"og:title\" content=\"Batas de isolamento 40G\/M2 - Medibase\" \/>\n<meta property=\"og:description\" content=\"Caracter\u00edsticas :  Bata de isolamento de utiliza\u00e7\u00e3o \u00fanica: Isolamento e prote\u00e7\u00e3o contra o p\u00f3 e a polui\u00e7\u00e3o em ambientes m\u00e9dicos (n\u00e3o utilizar em salas de opera\u00e7\u00f5es).   Material: polipropileno n\u00e3o tecido  Gramagem: 40g\/m2  Cor: Azul \/ Branco  Tamanho \u00fanico: 115*137cm  Utiliza\u00e7\u00e3o \u00fanica  Resist\u00eancia aos fluidos  Sem l\u00e1tex  Punhos de malha ou el\u00e1sticos  Atilhos para o pesco\u00e7o\" \/>\n<meta property=\"og:url\" content=\"https:\/\/www.medibase-disposables.com\/pt-pt\/produtos\/batas-de-isolamento-40g-m2\/\" \/>\n<meta property=\"og:site_name\" content=\"Medibase\" \/>\n<meta property=\"og:image\" content=\"http:\/\/www.medibase-disposables.com\/wp-content\/uploads\/40g-Isolation-Gowns-Blue-Elastic-cuffs-scaled.jpg\" \/>\n\t<meta property=\"og:image:width\" content=\"2560\" \/>\n\t<meta property=\"og:image:height\" content=\"1707\" \/>\n\t<meta property=\"og:image:type\" content=\"image\/jpeg\" \/>\n<meta name=\"twitter:card\" content=\"summary_large_image\" \/>\n<meta name=\"twitter:label1\" content=\"Tempo estimado de leitura\" \/>\n\t<meta name=\"twitter:data1\" content=\"1 minuto\" \/>\n<script type=\"application\/ld+json\" class=\"yoast-schema-graph\">{\"@context\":\"https:\/\/schema.org\",\"@graph\":[{\"@type\":\"WebPage\",\"@id\":\"https:\/\/www.medibase-disposables.com\/pt-pt\/produtos\/batas-de-isolamento-40g-m2\/\",\"url\":\"https:\/\/www.medibase-disposables.com\/pt-pt\/produtos\/batas-de-isolamento-40g-m2\/\",\"name\":\"Batas de isolamento 40G\/M2 - Medibase\",\"isPartOf\":{\"@id\":\"https:\/\/www.medibase-disposables.com\/pt-pt\/#website\"},\"primaryImageOfPage\":{\"@id\":\"https:\/\/www.medibase-disposables.com\/pt-pt\/produtos\/batas-de-isolamento-40g-m2\/#primaryimage\"},\"image\":{\"@id\":\"https:\/\/www.medibase-disposables.com\/pt-pt\/produtos\/batas-de-isolamento-40g-m2\/#primaryimage\"},\"thumbnailUrl\":\"https:\/\/www.medibase-disposables.com\/wp-content\/uploads\/40g-Isolation-Gowns-Blue-Elastic-cuffs-scaled.jpg\",\"datePublished\":\"2023-07-03T16:07:37+00:00\",\"dateModified\":\"2023-07-03T16:07:37+00:00\",\"breadcrumb\":{\"@id\":\"https:\/\/www.medibase-disposables.com\/pt-pt\/produtos\/batas-de-isolamento-40g-m2\/#breadcrumb\"},\"inLanguage\":\"pt-PT\",\"potentialAction\":[{\"@type\":\"ReadAction\",\"target\":[\"https:\/\/www.medibase-disposables.com\/pt-pt\/produtos\/batas-de-isolamento-40g-m2\/\"]}]},{\"@type\":\"ImageObject\",\"inLanguage\":\"pt-PT\",\"@id\":\"https:\/\/www.medibase-disposables.com\/pt-pt\/produtos\/batas-de-isolamento-40g-m2\/#primaryimage\",\"url\":\"https:\/\/www.medibase-disposables.com\/wp-content\/uploads\/40g-Isolation-Gowns-Blue-Elastic-cuffs-scaled.jpg\",\"contentUrl\":\"https:\/\/www.medibase-disposables.com\/wp-content\/uploads\/40g-Isolation-Gowns-Blue-Elastic-cuffs-scaled.jpg\",\"width\":2560,\"height\":1707},{\"@type\":\"BreadcrumbList\",\"@id\":\"https:\/\/www.medibase-disposables.com\/pt-pt\/produtos\/batas-de-isolamento-40g-m2\/#breadcrumb\",\"itemListElement\":[{\"@type\":\"ListItem\",\"position\":1,\"name\":\"Accueil\",\"item\":\"https:\/\/www.medibase-disposables.com\/pt-pt\/\"},{\"@type\":\"ListItem\",\"position\":2,\"name\":\"Produtos\",\"item\":\"https:\/\/www.medibase-disposables.com\/pt-pt\/produtos\/\"},{\"@type\":\"ListItem\",\"position\":3,\"name\":\"Batas de isolamento 40G\/M2\"}]},{\"@type\":\"WebSite\",\"@id\":\"https:\/\/www.medibase-disposables.com\/pt-pt\/#website\",\"url\":\"https:\/\/www.medibase-disposables.com\/pt-pt\/\",\"name\":\"Medibase\",\"description\":\"Your everyday essentials\",\"publisher\":{\"@id\":\"https:\/\/www.medibase-disposables.com\/pt-pt\/#organization\"},\"potentialAction\":[{\"@type\":\"SearchAction\",\"target\":{\"@type\":\"EntryPoint\",\"urlTemplate\":\"https:\/\/www.medibase-disposables.com\/pt-pt\/?s={search_term_string}\"},\"query-input\":\"required name=search_term_string\"}],\"inLanguage\":\"pt-PT\"},{\"@type\":\"Organization\",\"@id\":\"https:\/\/www.medibase-disposables.com\/pt-pt\/#organization\",\"name\":\"MEDIBASE\",\"url\":\"https:\/\/www.medibase-disposables.com\/pt-pt\/\",\"logo\":{\"@type\":\"ImageObject\",\"inLanguage\":\"pt-PT\",\"@id\":\"https:\/\/www.medibase-disposables.com\/pt-pt\/#\/schema\/logo\/image\/\",\"url\":\"https:\/\/www.medibase-disposables.com\/wp-content\/uploads\/logo@2x.png\",\"contentUrl\":\"https:\/\/www.medibase-disposables.com\/wp-content\/uploads\/logo@2x.png\",\"width\":501,\"height\":501,\"caption\":\"MEDIBASE\"},\"image\":{\"@id\":\"https:\/\/www.medibase-disposables.com\/pt-pt\/#\/schema\/logo\/image\/\"}}]}<\/script>\n<!-- \/ Yoast SEO plugin. -->","yoast_head_json":{"title":"Batas de isolamento 40G\/M2 - Medibase","robots":{"index":"index","follow":"follow","max-snippet":"max-snippet:-1","max-image-preview":"max-image-preview:large","max-video-preview":"max-video-preview:-1"},"canonical":"https:\/\/www.medibase-disposables.com\/pt-pt\/produtos\/batas-de-isolamento-40g-m2\/","og_locale":"pt_PT","og_type":"article","og_title":"Batas de isolamento 40G\/M2 - Medibase","og_description":"Caracter\u00edsticas :  Bata de isolamento de utiliza\u00e7\u00e3o \u00fanica: Isolamento e prote\u00e7\u00e3o contra o p\u00f3 e a polui\u00e7\u00e3o em ambientes m\u00e9dicos (n\u00e3o utilizar em salas de opera\u00e7\u00f5es).   Material: polipropileno n\u00e3o tecido  Gramagem: 40g\/m2  Cor: Azul \/ Branco  Tamanho \u00fanico: 115*137cm  Utiliza\u00e7\u00e3o \u00fanica  Resist\u00eancia aos fluidos  Sem l\u00e1tex  Punhos de malha ou el\u00e1sticos  Atilhos para o pesco\u00e7o","og_url":"https:\/\/www.medibase-disposables.com\/pt-pt\/produtos\/batas-de-isolamento-40g-m2\/","og_site_name":"Medibase","og_image":[{"width":2560,"height":1707,"url":"http:\/\/www.medibase-disposables.com\/wp-content\/uploads\/40g-Isolation-Gowns-Blue-Elastic-cuffs-scaled.jpg","type":"image\/jpeg"}],"twitter_card":"summary_large_image","twitter_misc":{"Tempo estimado de leitura":"1 minuto"},"schema":{"@context":"https:\/\/schema.org","@graph":[{"@type":"WebPage","@id":"https:\/\/www.medibase-disposables.com\/pt-pt\/produtos\/batas-de-isolamento-40g-m2\/","url":"https:\/\/www.medibase-disposables.com\/pt-pt\/produtos\/batas-de-isolamento-40g-m2\/","name":"Batas de isolamento 40G\/M2 - Medibase","isPartOf":{"@id":"https:\/\/www.medibase-disposables.com\/pt-pt\/#website"},"primaryImageOfPage":{"@id":"https:\/\/www.medibase-disposables.com\/pt-pt\/produtos\/batas-de-isolamento-40g-m2\/#primaryimage"},"image":{"@id":"https:\/\/www.medibase-disposables.com\/pt-pt\/produtos\/batas-de-isolamento-40g-m2\/#primaryimage"},"thumbnailUrl":"https:\/\/www.medibase-disposables.com\/wp-content\/uploads\/40g-Isolation-Gowns-Blue-Elastic-cuffs-scaled.jpg","datePublished":"2023-07-03T16:07:37+00:00","dateModified":"2023-07-03T16:07:37+00:00","breadcrumb":{"@id":"https:\/\/www.medibase-disposables.com\/pt-pt\/produtos\/batas-de-isolamento-40g-m2\/#breadcrumb"},"inLanguage":"pt-PT","potentialAction":[{"@type":"ReadAction","target":["https:\/\/www.medibase-disposables.com\/pt-pt\/produtos\/batas-de-isolamento-40g-m2\/"]}]},{"@type":"ImageObject","inLanguage":"pt-PT","@id":"https:\/\/www.medibase-disposables.com\/pt-pt\/produtos\/batas-de-isolamento-40g-m2\/#primaryimage","url":"https:\/\/www.medibase-disposables.com\/wp-content\/uploads\/40g-Isolation-Gowns-Blue-Elastic-cuffs-scaled.jpg","contentUrl":"https:\/\/www.medibase-disposables.com\/wp-content\/uploads\/40g-Isolation-Gowns-Blue-Elastic-cuffs-scaled.jpg","width":2560,"height":1707},{"@type":"BreadcrumbList","@id":"https:\/\/www.medibase-disposables.com\/pt-pt\/produtos\/batas-de-isolamento-40g-m2\/#breadcrumb","itemListElement":[{"@type":"ListItem","position":1,"name":"Accueil","item":"https:\/\/www.medibase-disposables.com\/pt-pt\/"},{"@type":"ListItem","position":2,"name":"Produtos","item":"https:\/\/www.medibase-disposables.com\/pt-pt\/produtos\/"},{"@type":"ListItem","position":3,"name":"Batas de isolamento 40G\/M2"}]},{"@type":"WebSite","@id":"https:\/\/www.medibase-disposables.com\/pt-pt\/#website","url":"https:\/\/www.medibase-disposables.com\/pt-pt\/","name":"Medibase","description":"Your everyday essentials","publisher":{"@id":"https:\/\/www.medibase-disposables.com\/pt-pt\/#organization"},"potentialAction":[{"@type":"SearchAction","target":{"@type":"EntryPoint","urlTemplate":"https:\/\/www.medibase-disposables.com\/pt-pt\/?s={search_term_string}"},"query-input":"required name=search_term_string"}],"inLanguage":"pt-PT"},{"@type":"Organization","@id":"https:\/\/www.medibase-disposables.com\/pt-pt\/#organization","name":"MEDIBASE","url":"https:\/\/www.medibase-disposables.com\/pt-pt\/","logo":{"@type":"ImageObject","inLanguage":"pt-PT","@id":"https:\/\/www.medibase-disposables.com\/pt-pt\/#\/schema\/logo\/image\/","url":"https:\/\/www.medibase-disposables.com\/wp-content\/uploads\/logo@2x.png","contentUrl":"https:\/\/www.medibase-disposables.com\/wp-content\/uploads\/logo@2x.png","width":501,"height":501,"caption":"MEDIBASE"},"image":{"@id":"https:\/\/www.medibase-disposables.com\/pt-pt\/#\/schema\/logo\/image\/"}}]}},"_links":{"self":[{"href":"https:\/\/www.medibase-disposables.com\/pt-pt\/wp-json\/wp\/v2\/product\/10835"}],"collection":[{"href":"https:\/\/www.medibase-disposables.com\/pt-pt\/wp-json\/wp\/v2\/product"}],"about":[{"href":"https:\/\/www.medibase-disposables.com\/pt-pt\/wp-json\/wp\/v2\/types\/product"}],"wp:featuredmedia":[{"embeddable":true,"href":"https:\/\/www.medibase-disposables.com\/pt-pt\/wp-json\/wp\/v2\/media\/10763"}],"wp:attachment":[{"href":"https:\/\/www.medibase-disposables.com\/pt-pt\/wp-json\/wp\/v2\/media?parent=10835"}],"wp:term":[{"taxonomy":"product_cat","embeddable":true,"href":"https:\/\/www.medibase-disposables.com\/pt-pt\/wp-json\/wp\/v2\/product_cat?post=10835"},{"taxonomy":"product_tag","embeddable":true,"href":"https:\/\/www.medibase-disposables.com\/pt-pt\/wp-json\/wp\/v2\/product_tag?post=10835"}],"curies":[{"name":"wp","href":"https:\/\/api.w.org\/{rel}","templated":true}]}}