{"id":10860,"date":"2023-03-15T11:24:41","date_gmt":"2023-08-07T10:19:36","guid":{"rendered":"https:\/\/www.medibase-disposables.com\/?post_type=product&#038;p=10860"},"modified":"2025-08-21T11:58:41","modified_gmt":"2025-08-21T09:58:41","slug":"canulas-de-aspiracao-esteril-cirurgica","status":"publish","type":"product","link":"https:\/\/www.medibase-disposables.com\/pt-pt\/produtos\/canulas-de-aspiracao-esteril-cirurgica\/","title":{"rendered":"Canulas de aspira\u00e7\u00e3o est\u00e9ril cir\u00fargica"},"content":{"rendered":"<p>Caracter\u00edsticas:<\/p>\n<p>&#8211; C\u00e2nulas est\u00e9reis em PVC<br \/>\n&#8211; Precis\u00e3o de aspira\u00e7\u00e3o gra\u00e7as \u00e0 sua ponta de di\u00e2metro de 2,5 mm (4,8 mm sem ponta)<br \/>\n&#8211; Ponta azul remov\u00edvel que permite alternar entre aspira\u00e7\u00e3o de di\u00e2metro de 2,5 mm e 4,8 mm<br \/>\n&#8211; Permite alcan\u00e7ar \u00e1reas mais estreitas e manter um campo de vis\u00e3o desobstru\u00eddo<br \/>\n&#8211; Cada caixa cont\u00e9m dois adaptadores duplos para conex\u00e3o a tubos de aspira\u00e7\u00e3o de di\u00e2metro de 11 mm ou 16 mm<br \/>\n&#8211; Os adaptadores duplos s\u00e3o fornecidos n\u00e3o est\u00e9reis e podem ser esterilizados a 134\u00b0C<br \/>\n&#8211; Caixa com 20 c\u00e2nulas est\u00e9reis em embalagem est\u00e9ril + 2 adaptadores duplos<\/p>\n<p>Classe: IIa.<\/p>\n<p>Marca\u00e7\u00e3o CE0197 Organismo certificador: TUV RHEINLAND<\/p>\n<p>Fabricante: YIMENG MEDICAL<\/p>\n","protected":false},"excerpt":{"rendered":"<table border=\"0\">\n<thead>\n<tr style=\"height: 28px;\">\n<td style=\"height: 28px;\">Designa\u00e7\u00e3o<\/td>\n<td style=\"height: 28px;\">Ref.<\/td>\n<\/tr>\n<\/thead>\n<tbody>\n<tr style=\"height: 28px;\">\n<td style=\"height: 28px;\">\u00a0A caixa cont\u00e9m 20 c\u00e2nulas est\u00e9reis + 2 adaptadores duplos.<\/td>\n<td style=\"height: 28px;\">217-966<\/td>\n<\/tr>\n<\/tbody>\n<\/table>\n","protected":false},"featured_media":10538,"template":"","meta":{"_acf_changed":false},"product_cat":[344],"product_tag":[],"acf":[],"yoast_head":"<!-- This site is optimized with the Yoast SEO plugin v22.3 - https:\/\/yoast.com\/wordpress\/plugins\/seo\/ -->\n<title>Canulas de aspira\u00e7\u00e3o est\u00e9ril cir\u00fargica - Medibase<\/title>\n<meta name=\"robots\" content=\"index, follow, max-snippet:-1, max-image-preview:large, max-video-preview:-1\" \/>\n<link rel=\"canonical\" href=\"https:\/\/www.medibase-disposables.com\/pt-pt\/produtos\/canulas-de-aspiracao-esteril-cirurgica\/\" \/>\n<meta property=\"og:locale\" content=\"pt_PT\" \/>\n<meta property=\"og:type\" content=\"article\" \/>\n<meta property=\"og:title\" content=\"Canulas de aspira\u00e7\u00e3o est\u00e9ril cir\u00fargica - Medibase\" \/>\n<meta property=\"og:description\" content=\"Designa\u00e7\u00e3o Ref.     \u00a0A caixa cont\u00e9m 20 c\u00e2nulas est\u00e9reis + 2 adaptadores duplos. 217-966\" \/>\n<meta property=\"og:url\" content=\"https:\/\/www.medibase-disposables.com\/pt-pt\/produtos\/canulas-de-aspiracao-esteril-cirurgica\/\" \/>\n<meta property=\"og:site_name\" content=\"Medibase\" \/>\n<meta property=\"article:modified_time\" content=\"2025-08-21T09:58:41+00:00\" \/>\n<meta property=\"og:image\" content=\"http:\/\/www.medibase-disposables.com\/wp-content\/uploads\/3149405-Visuel-Sterile-Surgical-Aspiration-Cannulas-RVB.jpg\" \/>\n\t<meta property=\"og:image:width\" content=\"2000\" \/>\n\t<meta property=\"og:image:height\" content=\"2000\" \/>\n\t<meta property=\"og:image:type\" content=\"image\/jpeg\" \/>\n<meta name=\"twitter:card\" content=\"summary_large_image\" \/>\n<meta name=\"twitter:label1\" content=\"Tempo estimado de leitura\" \/>\n\t<meta name=\"twitter:data1\" content=\"1 minuto\" \/>\n<script type=\"application\/ld+json\" class=\"yoast-schema-graph\">{\"@context\":\"https:\/\/schema.org\",\"@graph\":[{\"@type\":\"WebPage\",\"@id\":\"https:\/\/www.medibase-disposables.com\/pt-pt\/produtos\/canulas-de-aspiracao-esteril-cirurgica\/\",\"url\":\"https:\/\/www.medibase-disposables.com\/pt-pt\/produtos\/canulas-de-aspiracao-esteril-cirurgica\/\",\"name\":\"Canulas de aspira\u00e7\u00e3o est\u00e9ril cir\u00fargica - Medibase\",\"isPartOf\":{\"@id\":\"https:\/\/www.medibase-disposables.com\/pt-pt\/#website\"},\"primaryImageOfPage\":{\"@id\":\"https:\/\/www.medibase-disposables.com\/pt-pt\/produtos\/canulas-de-aspiracao-esteril-cirurgica\/#primaryimage\"},\"image\":{\"@id\":\"https:\/\/www.medibase-disposables.com\/pt-pt\/produtos\/canulas-de-aspiracao-esteril-cirurgica\/#primaryimage\"},\"thumbnailUrl\":\"https:\/\/www.medibase-disposables.com\/wp-content\/uploads\/3149405-Visuel-Sterile-Surgical-Aspiration-Cannulas-RVB.jpg\",\"datePublished\":\"2023-08-07T10:19:36+00:00\",\"dateModified\":\"2025-08-21T09:58:41+00:00\",\"breadcrumb\":{\"@id\":\"https:\/\/www.medibase-disposables.com\/pt-pt\/produtos\/canulas-de-aspiracao-esteril-cirurgica\/#breadcrumb\"},\"inLanguage\":\"pt-PT\",\"potentialAction\":[{\"@type\":\"ReadAction\",\"target\":[\"https:\/\/www.medibase-disposables.com\/pt-pt\/produtos\/canulas-de-aspiracao-esteril-cirurgica\/\"]}]},{\"@type\":\"ImageObject\",\"inLanguage\":\"pt-PT\",\"@id\":\"https:\/\/www.medibase-disposables.com\/pt-pt\/produtos\/canulas-de-aspiracao-esteril-cirurgica\/#primaryimage\",\"url\":\"https:\/\/www.medibase-disposables.com\/wp-content\/uploads\/3149405-Visuel-Sterile-Surgical-Aspiration-Cannulas-RVB.jpg\",\"contentUrl\":\"https:\/\/www.medibase-disposables.com\/wp-content\/uploads\/3149405-Visuel-Sterile-Surgical-Aspiration-Cannulas-RVB.jpg\",\"width\":2000,\"height\":2000},{\"@type\":\"BreadcrumbList\",\"@id\":\"https:\/\/www.medibase-disposables.com\/pt-pt\/produtos\/canulas-de-aspiracao-esteril-cirurgica\/#breadcrumb\",\"itemListElement\":[{\"@type\":\"ListItem\",\"position\":1,\"name\":\"Accueil\",\"item\":\"https:\/\/www.medibase-disposables.com\/pt-pt\/\"},{\"@type\":\"ListItem\",\"position\":2,\"name\":\"Produtos\",\"item\":\"https:\/\/www.medibase-disposables.com\/pt-pt\/produtos\/\"},{\"@type\":\"ListItem\",\"position\":3,\"name\":\"Canulas de aspira\u00e7\u00e3o est\u00e9ril cir\u00fargica\"}]},{\"@type\":\"WebSite\",\"@id\":\"https:\/\/www.medibase-disposables.com\/pt-pt\/#website\",\"url\":\"https:\/\/www.medibase-disposables.com\/pt-pt\/\",\"name\":\"Medibase\",\"description\":\"Your everyday essentials\",\"publisher\":{\"@id\":\"https:\/\/www.medibase-disposables.com\/pt-pt\/#organization\"},\"potentialAction\":[{\"@type\":\"SearchAction\",\"target\":{\"@type\":\"EntryPoint\",\"urlTemplate\":\"https:\/\/www.medibase-disposables.com\/pt-pt\/?s={search_term_string}\"},\"query-input\":\"required name=search_term_string\"}],\"inLanguage\":\"pt-PT\"},{\"@type\":\"Organization\",\"@id\":\"https:\/\/www.medibase-disposables.com\/pt-pt\/#organization\",\"name\":\"MEDIBASE\",\"url\":\"https:\/\/www.medibase-disposables.com\/pt-pt\/\",\"logo\":{\"@type\":\"ImageObject\",\"inLanguage\":\"pt-PT\",\"@id\":\"https:\/\/www.medibase-disposables.com\/pt-pt\/#\/schema\/logo\/image\/\",\"url\":\"https:\/\/www.medibase-disposables.com\/wp-content\/uploads\/logo@2x.png\",\"contentUrl\":\"https:\/\/www.medibase-disposables.com\/wp-content\/uploads\/logo@2x.png\",\"width\":501,\"height\":501,\"caption\":\"MEDIBASE\"},\"image\":{\"@id\":\"https:\/\/www.medibase-disposables.com\/pt-pt\/#\/schema\/logo\/image\/\"}}]}<\/script>\n<!-- \/ Yoast SEO plugin. -->","yoast_head_json":{"title":"Canulas de aspira\u00e7\u00e3o est\u00e9ril cir\u00fargica - Medibase","robots":{"index":"index","follow":"follow","max-snippet":"max-snippet:-1","max-image-preview":"max-image-preview:large","max-video-preview":"max-video-preview:-1"},"canonical":"https:\/\/www.medibase-disposables.com\/pt-pt\/produtos\/canulas-de-aspiracao-esteril-cirurgica\/","og_locale":"pt_PT","og_type":"article","og_title":"Canulas de aspira\u00e7\u00e3o est\u00e9ril cir\u00fargica - Medibase","og_description":"Designa\u00e7\u00e3o Ref.     \u00a0A caixa cont\u00e9m 20 c\u00e2nulas est\u00e9reis + 2 adaptadores duplos. 217-966","og_url":"https:\/\/www.medibase-disposables.com\/pt-pt\/produtos\/canulas-de-aspiracao-esteril-cirurgica\/","og_site_name":"Medibase","article_modified_time":"2025-08-21T09:58:41+00:00","og_image":[{"width":2000,"height":2000,"url":"http:\/\/www.medibase-disposables.com\/wp-content\/uploads\/3149405-Visuel-Sterile-Surgical-Aspiration-Cannulas-RVB.jpg","type":"image\/jpeg"}],"twitter_card":"summary_large_image","twitter_misc":{"Tempo estimado de leitura":"1 minuto"},"schema":{"@context":"https:\/\/schema.org","@graph":[{"@type":"WebPage","@id":"https:\/\/www.medibase-disposables.com\/pt-pt\/produtos\/canulas-de-aspiracao-esteril-cirurgica\/","url":"https:\/\/www.medibase-disposables.com\/pt-pt\/produtos\/canulas-de-aspiracao-esteril-cirurgica\/","name":"Canulas de aspira\u00e7\u00e3o est\u00e9ril cir\u00fargica - Medibase","isPartOf":{"@id":"https:\/\/www.medibase-disposables.com\/pt-pt\/#website"},"primaryImageOfPage":{"@id":"https:\/\/www.medibase-disposables.com\/pt-pt\/produtos\/canulas-de-aspiracao-esteril-cirurgica\/#primaryimage"},"image":{"@id":"https:\/\/www.medibase-disposables.com\/pt-pt\/produtos\/canulas-de-aspiracao-esteril-cirurgica\/#primaryimage"},"thumbnailUrl":"https:\/\/www.medibase-disposables.com\/wp-content\/uploads\/3149405-Visuel-Sterile-Surgical-Aspiration-Cannulas-RVB.jpg","datePublished":"2023-08-07T10:19:36+00:00","dateModified":"2025-08-21T09:58:41+00:00","breadcrumb":{"@id":"https:\/\/www.medibase-disposables.com\/pt-pt\/produtos\/canulas-de-aspiracao-esteril-cirurgica\/#breadcrumb"},"inLanguage":"pt-PT","potentialAction":[{"@type":"ReadAction","target":["https:\/\/www.medibase-disposables.com\/pt-pt\/produtos\/canulas-de-aspiracao-esteril-cirurgica\/"]}]},{"@type":"ImageObject","inLanguage":"pt-PT","@id":"https:\/\/www.medibase-disposables.com\/pt-pt\/produtos\/canulas-de-aspiracao-esteril-cirurgica\/#primaryimage","url":"https:\/\/www.medibase-disposables.com\/wp-content\/uploads\/3149405-Visuel-Sterile-Surgical-Aspiration-Cannulas-RVB.jpg","contentUrl":"https:\/\/www.medibase-disposables.com\/wp-content\/uploads\/3149405-Visuel-Sterile-Surgical-Aspiration-Cannulas-RVB.jpg","width":2000,"height":2000},{"@type":"BreadcrumbList","@id":"https:\/\/www.medibase-disposables.com\/pt-pt\/produtos\/canulas-de-aspiracao-esteril-cirurgica\/#breadcrumb","itemListElement":[{"@type":"ListItem","position":1,"name":"Accueil","item":"https:\/\/www.medibase-disposables.com\/pt-pt\/"},{"@type":"ListItem","position":2,"name":"Produtos","item":"https:\/\/www.medibase-disposables.com\/pt-pt\/produtos\/"},{"@type":"ListItem","position":3,"name":"Canulas de aspira\u00e7\u00e3o est\u00e9ril cir\u00fargica"}]},{"@type":"WebSite","@id":"https:\/\/www.medibase-disposables.com\/pt-pt\/#website","url":"https:\/\/www.medibase-disposables.com\/pt-pt\/","name":"Medibase","description":"Your everyday essentials","publisher":{"@id":"https:\/\/www.medibase-disposables.com\/pt-pt\/#organization"},"potentialAction":[{"@type":"SearchAction","target":{"@type":"EntryPoint","urlTemplate":"https:\/\/www.medibase-disposables.com\/pt-pt\/?s={search_term_string}"},"query-input":"required name=search_term_string"}],"inLanguage":"pt-PT"},{"@type":"Organization","@id":"https:\/\/www.medibase-disposables.com\/pt-pt\/#organization","name":"MEDIBASE","url":"https:\/\/www.medibase-disposables.com\/pt-pt\/","logo":{"@type":"ImageObject","inLanguage":"pt-PT","@id":"https:\/\/www.medibase-disposables.com\/pt-pt\/#\/schema\/logo\/image\/","url":"https:\/\/www.medibase-disposables.com\/wp-content\/uploads\/logo@2x.png","contentUrl":"https:\/\/www.medibase-disposables.com\/wp-content\/uploads\/logo@2x.png","width":501,"height":501,"caption":"MEDIBASE"},"image":{"@id":"https:\/\/www.medibase-disposables.com\/pt-pt\/#\/schema\/logo\/image\/"}}]}},"_links":{"self":[{"href":"https:\/\/www.medibase-disposables.com\/pt-pt\/wp-json\/wp\/v2\/product\/10860"}],"collection":[{"href":"https:\/\/www.medibase-disposables.com\/pt-pt\/wp-json\/wp\/v2\/product"}],"about":[{"href":"https:\/\/www.medibase-disposables.com\/pt-pt\/wp-json\/wp\/v2\/types\/product"}],"wp:featuredmedia":[{"embeddable":true,"href":"https:\/\/www.medibase-disposables.com\/pt-pt\/wp-json\/wp\/v2\/media\/10538"}],"wp:attachment":[{"href":"https:\/\/www.medibase-disposables.com\/pt-pt\/wp-json\/wp\/v2\/media?parent=10860"}],"wp:term":[{"taxonomy":"product_cat","embeddable":true,"href":"https:\/\/www.medibase-disposables.com\/pt-pt\/wp-json\/wp\/v2\/product_cat?post=10860"},{"taxonomy":"product_tag","embeddable":true,"href":"https:\/\/www.medibase-disposables.com\/pt-pt\/wp-json\/wp\/v2\/product_tag?post=10860"}],"curies":[{"name":"wp","href":"https:\/\/api.w.org\/{rel}","templated":true}]}}