{"id":10941,"date":"2023-11-21T16:28:48","date_gmt":"2023-11-21T16:19:22","guid":{"rendered":"https:\/\/www.medibase-disposables.com\/?post_type=product&#038;p=10941"},"modified":"2023-11-21T17:19:23","modified_gmt":"2023-11-21T16:19:23","slug":"bones-cirurgicos","status":"publish","type":"product","link":"https:\/\/www.medibase-disposables.com\/pt-pt\/produtos\/bones-cirurgicos\/","title":{"rendered":"Bon\u00e9s cir\u00fargicos"},"content":{"rendered":"<table style=\"height: 56px;\" width=\"653\">\n<tbody>\n<tr style=\"height: 28px;\">\n<td style=\"height: 28px;\" width=\"163\"><strong>Embalagem<\/strong><\/td>\n<td style=\"height: 28px;\" width=\"163\"><strong>Gramagem<\/strong><\/td>\n<td style=\"height: 28px;\" width=\"163\"><strong>Refer\u00eancia<\/strong><\/td>\n<td style=\"height: 28px;\" width=\"163\"><strong>Pre\u00e7os<\/strong><\/td>\n<\/tr>\n<tr style=\"height: 28px;\">\n<td style=\"height: 28px;\" width=\"163\">Saco de 100<\/td>\n<td style=\"height: 28px;\" width=\"163\">30g\/m\u00b2<\/td>\n<td style=\"height: 28px;\" width=\"163\">3139805<\/td>\n<td style=\"height: 28px;\" width=\"163\">XXX \u20ac<\/td>\n<\/tr>\n<\/tbody>\n<\/table>\n<p><\/p>\n","protected":false},"excerpt":{"rendered":"<p><strong>Bon\u00e9s cir\u00fargicos em polipropileno n\u00e3o tecido azul.<\/strong><\/p>\n<p><strong>Caracter\u00edsticas:<\/strong><\/p>\n<p>&#8211; Material: polipropileno n\u00e3o tecido<br \/>\n&#8211; Sem l\u00e1tex<br \/>\n&#8211; Gramagem: 10g\/m\u00b2.<br \/>\n&#8211; Peso da tampa: 2,3 g<br \/>\n&#8211; Cor: azul<br \/>\n&#8211; Boa elasticidade<br \/>\n&#8211; Utiliza\u00e7\u00e3o \u00fanica<br \/>\n&#8211; Prazo de validade: 3 anos<br \/>\n&#8211; Tamanho da caixa (10 caixas): 38&#215;26,5&#215;25 cm<\/p>\n<p>Classe I<\/p>\n<p>Fabricante : CDM CENTER OF EXCELLENCE LTD<\/p>\n","protected":false},"featured_media":10918,"template":"","meta":{"_acf_changed":false},"product_cat":[342],"product_tag":[],"acf":[],"yoast_head":"<!-- This site is optimized with the Yoast SEO plugin v22.3 - https:\/\/yoast.com\/wordpress\/plugins\/seo\/ -->\n<title>Bon\u00e9s cir\u00fargicos - Medibase<\/title>\n<meta name=\"robots\" content=\"index, follow, max-snippet:-1, max-image-preview:large, max-video-preview:-1\" \/>\n<link rel=\"canonical\" href=\"https:\/\/www.medibase-disposables.com\/pt-pt\/produtos\/bones-cirurgicos\/\" \/>\n<meta property=\"og:locale\" content=\"pt_PT\" \/>\n<meta property=\"og:type\" content=\"article\" \/>\n<meta property=\"og:title\" content=\"Bon\u00e9s cir\u00fargicos - Medibase\" \/>\n<meta property=\"og:description\" content=\"Bon\u00e9s cir\u00fargicos em polipropileno n\u00e3o tecido azul.  Caracter\u00edsticas:  - Material: polipropileno n\u00e3o tecido - Sem l\u00e1tex - Gramagem: 10g\/m\u00b2. - Peso da tampa: 2,3 g - Cor: azul - Boa elasticidade - Utiliza\u00e7\u00e3o \u00fanica - Prazo de validade: 3 anos - Tamanho da caixa (10 caixas): 38x26,5x25 cm  Classe I  Fabricante : CDM CENTER OF EXCELLENCE LTD\" \/>\n<meta property=\"og:url\" content=\"https:\/\/www.medibase-disposables.com\/pt-pt\/produtos\/bones-cirurgicos\/\" \/>\n<meta property=\"og:site_name\" content=\"Medibase\" \/>\n<meta property=\"article:modified_time\" content=\"2023-11-21T16:19:23+00:00\" \/>\n<meta property=\"og:image\" content=\"http:\/\/www.medibase-disposables.com\/wp-content\/uploads\/MED0523054-Visuel-Charlotte-depliee-RVB-1024x1024.jpg\" \/>\n\t<meta property=\"og:image:width\" content=\"1024\" \/>\n\t<meta property=\"og:image:height\" content=\"1024\" \/>\n\t<meta property=\"og:image:type\" content=\"image\/jpeg\" \/>\n<meta name=\"twitter:card\" content=\"summary_large_image\" \/>\n<meta name=\"twitter:label1\" content=\"Tempo estimado de leitura\" \/>\n\t<meta name=\"twitter:data1\" content=\"1 minuto\" \/>\n<script type=\"application\/ld+json\" class=\"yoast-schema-graph\">{\"@context\":\"https:\/\/schema.org\",\"@graph\":[{\"@type\":\"WebPage\",\"@id\":\"https:\/\/www.medibase-disposables.com\/pt-pt\/produtos\/bones-cirurgicos\/\",\"url\":\"https:\/\/www.medibase-disposables.com\/pt-pt\/produtos\/bones-cirurgicos\/\",\"name\":\"Bon\u00e9s cir\u00fargicos - Medibase\",\"isPartOf\":{\"@id\":\"https:\/\/www.medibase-disposables.com\/pt-pt\/#website\"},\"primaryImageOfPage\":{\"@id\":\"https:\/\/www.medibase-disposables.com\/pt-pt\/produtos\/bones-cirurgicos\/#primaryimage\"},\"image\":{\"@id\":\"https:\/\/www.medibase-disposables.com\/pt-pt\/produtos\/bones-cirurgicos\/#primaryimage\"},\"thumbnailUrl\":\"https:\/\/www.medibase-disposables.com\/wp-content\/uploads\/MED0523054-Visuel-Charlotte-depliee-RVB-scaled.jpg\",\"datePublished\":\"2023-11-21T16:19:22+00:00\",\"dateModified\":\"2023-11-21T16:19:23+00:00\",\"breadcrumb\":{\"@id\":\"https:\/\/www.medibase-disposables.com\/pt-pt\/produtos\/bones-cirurgicos\/#breadcrumb\"},\"inLanguage\":\"pt-PT\",\"potentialAction\":[{\"@type\":\"ReadAction\",\"target\":[\"https:\/\/www.medibase-disposables.com\/pt-pt\/produtos\/bones-cirurgicos\/\"]}]},{\"@type\":\"ImageObject\",\"inLanguage\":\"pt-PT\",\"@id\":\"https:\/\/www.medibase-disposables.com\/pt-pt\/produtos\/bones-cirurgicos\/#primaryimage\",\"url\":\"https:\/\/www.medibase-disposables.com\/wp-content\/uploads\/MED0523054-Visuel-Charlotte-depliee-RVB-scaled.jpg\",\"contentUrl\":\"https:\/\/www.medibase-disposables.com\/wp-content\/uploads\/MED0523054-Visuel-Charlotte-depliee-RVB-scaled.jpg\",\"width\":2560,\"height\":2560},{\"@type\":\"BreadcrumbList\",\"@id\":\"https:\/\/www.medibase-disposables.com\/pt-pt\/produtos\/bones-cirurgicos\/#breadcrumb\",\"itemListElement\":[{\"@type\":\"ListItem\",\"position\":1,\"name\":\"Accueil\",\"item\":\"https:\/\/www.medibase-disposables.com\/pt-pt\/\"},{\"@type\":\"ListItem\",\"position\":2,\"name\":\"Produtos\",\"item\":\"https:\/\/www.medibase-disposables.com\/pt-pt\/produtos\/\"},{\"@type\":\"ListItem\",\"position\":3,\"name\":\"Bon\u00e9s cir\u00fargicos\"}]},{\"@type\":\"WebSite\",\"@id\":\"https:\/\/www.medibase-disposables.com\/pt-pt\/#website\",\"url\":\"https:\/\/www.medibase-disposables.com\/pt-pt\/\",\"name\":\"Medibase\",\"description\":\"Your everyday essentials\",\"publisher\":{\"@id\":\"https:\/\/www.medibase-disposables.com\/pt-pt\/#organization\"},\"potentialAction\":[{\"@type\":\"SearchAction\",\"target\":{\"@type\":\"EntryPoint\",\"urlTemplate\":\"https:\/\/www.medibase-disposables.com\/pt-pt\/?s={search_term_string}\"},\"query-input\":\"required name=search_term_string\"}],\"inLanguage\":\"pt-PT\"},{\"@type\":\"Organization\",\"@id\":\"https:\/\/www.medibase-disposables.com\/pt-pt\/#organization\",\"name\":\"MEDIBASE\",\"url\":\"https:\/\/www.medibase-disposables.com\/pt-pt\/\",\"logo\":{\"@type\":\"ImageObject\",\"inLanguage\":\"pt-PT\",\"@id\":\"https:\/\/www.medibase-disposables.com\/pt-pt\/#\/schema\/logo\/image\/\",\"url\":\"https:\/\/www.medibase-disposables.com\/wp-content\/uploads\/logo@2x.png\",\"contentUrl\":\"https:\/\/www.medibase-disposables.com\/wp-content\/uploads\/logo@2x.png\",\"width\":501,\"height\":501,\"caption\":\"MEDIBASE\"},\"image\":{\"@id\":\"https:\/\/www.medibase-disposables.com\/pt-pt\/#\/schema\/logo\/image\/\"}}]}<\/script>\n<!-- \/ Yoast SEO plugin. -->","yoast_head_json":{"title":"Bon\u00e9s cir\u00fargicos - Medibase","robots":{"index":"index","follow":"follow","max-snippet":"max-snippet:-1","max-image-preview":"max-image-preview:large","max-video-preview":"max-video-preview:-1"},"canonical":"https:\/\/www.medibase-disposables.com\/pt-pt\/produtos\/bones-cirurgicos\/","og_locale":"pt_PT","og_type":"article","og_title":"Bon\u00e9s cir\u00fargicos - Medibase","og_description":"Bon\u00e9s cir\u00fargicos em polipropileno n\u00e3o tecido azul.  Caracter\u00edsticas:  - Material: polipropileno n\u00e3o tecido - Sem l\u00e1tex - Gramagem: 10g\/m\u00b2. - Peso da tampa: 2,3 g - Cor: azul - Boa elasticidade - Utiliza\u00e7\u00e3o \u00fanica - Prazo de validade: 3 anos - Tamanho da caixa (10 caixas): 38x26,5x25 cm  Classe I  Fabricante : CDM CENTER OF EXCELLENCE LTD","og_url":"https:\/\/www.medibase-disposables.com\/pt-pt\/produtos\/bones-cirurgicos\/","og_site_name":"Medibase","article_modified_time":"2023-11-21T16:19:23+00:00","og_image":[{"width":1024,"height":1024,"url":"http:\/\/www.medibase-disposables.com\/wp-content\/uploads\/MED0523054-Visuel-Charlotte-depliee-RVB-1024x1024.jpg","type":"image\/jpeg"}],"twitter_card":"summary_large_image","twitter_misc":{"Tempo estimado de leitura":"1 minuto"},"schema":{"@context":"https:\/\/schema.org","@graph":[{"@type":"WebPage","@id":"https:\/\/www.medibase-disposables.com\/pt-pt\/produtos\/bones-cirurgicos\/","url":"https:\/\/www.medibase-disposables.com\/pt-pt\/produtos\/bones-cirurgicos\/","name":"Bon\u00e9s cir\u00fargicos - Medibase","isPartOf":{"@id":"https:\/\/www.medibase-disposables.com\/pt-pt\/#website"},"primaryImageOfPage":{"@id":"https:\/\/www.medibase-disposables.com\/pt-pt\/produtos\/bones-cirurgicos\/#primaryimage"},"image":{"@id":"https:\/\/www.medibase-disposables.com\/pt-pt\/produtos\/bones-cirurgicos\/#primaryimage"},"thumbnailUrl":"https:\/\/www.medibase-disposables.com\/wp-content\/uploads\/MED0523054-Visuel-Charlotte-depliee-RVB-scaled.jpg","datePublished":"2023-11-21T16:19:22+00:00","dateModified":"2023-11-21T16:19:23+00:00","breadcrumb":{"@id":"https:\/\/www.medibase-disposables.com\/pt-pt\/produtos\/bones-cirurgicos\/#breadcrumb"},"inLanguage":"pt-PT","potentialAction":[{"@type":"ReadAction","target":["https:\/\/www.medibase-disposables.com\/pt-pt\/produtos\/bones-cirurgicos\/"]}]},{"@type":"ImageObject","inLanguage":"pt-PT","@id":"https:\/\/www.medibase-disposables.com\/pt-pt\/produtos\/bones-cirurgicos\/#primaryimage","url":"https:\/\/www.medibase-disposables.com\/wp-content\/uploads\/MED0523054-Visuel-Charlotte-depliee-RVB-scaled.jpg","contentUrl":"https:\/\/www.medibase-disposables.com\/wp-content\/uploads\/MED0523054-Visuel-Charlotte-depliee-RVB-scaled.jpg","width":2560,"height":2560},{"@type":"BreadcrumbList","@id":"https:\/\/www.medibase-disposables.com\/pt-pt\/produtos\/bones-cirurgicos\/#breadcrumb","itemListElement":[{"@type":"ListItem","position":1,"name":"Accueil","item":"https:\/\/www.medibase-disposables.com\/pt-pt\/"},{"@type":"ListItem","position":2,"name":"Produtos","item":"https:\/\/www.medibase-disposables.com\/pt-pt\/produtos\/"},{"@type":"ListItem","position":3,"name":"Bon\u00e9s cir\u00fargicos"}]},{"@type":"WebSite","@id":"https:\/\/www.medibase-disposables.com\/pt-pt\/#website","url":"https:\/\/www.medibase-disposables.com\/pt-pt\/","name":"Medibase","description":"Your everyday essentials","publisher":{"@id":"https:\/\/www.medibase-disposables.com\/pt-pt\/#organization"},"potentialAction":[{"@type":"SearchAction","target":{"@type":"EntryPoint","urlTemplate":"https:\/\/www.medibase-disposables.com\/pt-pt\/?s={search_term_string}"},"query-input":"required name=search_term_string"}],"inLanguage":"pt-PT"},{"@type":"Organization","@id":"https:\/\/www.medibase-disposables.com\/pt-pt\/#organization","name":"MEDIBASE","url":"https:\/\/www.medibase-disposables.com\/pt-pt\/","logo":{"@type":"ImageObject","inLanguage":"pt-PT","@id":"https:\/\/www.medibase-disposables.com\/pt-pt\/#\/schema\/logo\/image\/","url":"https:\/\/www.medibase-disposables.com\/wp-content\/uploads\/logo@2x.png","contentUrl":"https:\/\/www.medibase-disposables.com\/wp-content\/uploads\/logo@2x.png","width":501,"height":501,"caption":"MEDIBASE"},"image":{"@id":"https:\/\/www.medibase-disposables.com\/pt-pt\/#\/schema\/logo\/image\/"}}]}},"_links":{"self":[{"href":"https:\/\/www.medibase-disposables.com\/pt-pt\/wp-json\/wp\/v2\/product\/10941"}],"collection":[{"href":"https:\/\/www.medibase-disposables.com\/pt-pt\/wp-json\/wp\/v2\/product"}],"about":[{"href":"https:\/\/www.medibase-disposables.com\/pt-pt\/wp-json\/wp\/v2\/types\/product"}],"wp:featuredmedia":[{"embeddable":true,"href":"https:\/\/www.medibase-disposables.com\/pt-pt\/wp-json\/wp\/v2\/media\/10918"}],"wp:attachment":[{"href":"https:\/\/www.medibase-disposables.com\/pt-pt\/wp-json\/wp\/v2\/media?parent=10941"}],"wp:term":[{"taxonomy":"product_cat","embeddable":true,"href":"https:\/\/www.medibase-disposables.com\/pt-pt\/wp-json\/wp\/v2\/product_cat?post=10941"},{"taxonomy":"product_tag","embeddable":true,"href":"https:\/\/www.medibase-disposables.com\/pt-pt\/wp-json\/wp\/v2\/product_tag?post=10941"}],"curies":[{"name":"wp","href":"https:\/\/api.w.org\/{rel}","templated":true}]}}