{"id":10979,"date":"2023-12-11T16:42:47","date_gmt":"2023-12-11T16:41:42","guid":{"rendered":"https:\/\/www.medibase-disposables.com\/?post_type=product&#038;p=10979"},"modified":"2026-01-21T10:27:56","modified_gmt":"2026-01-21T09:27:56","slug":"luvas-de-nitrilo-sem-po-preto","status":"publish","type":"product","link":"https:\/\/www.medibase-disposables.com\/pt-pt\/produtos\/luvas-de-nitrilo-sem-po-preto\/","title":{"rendered":"Luvas de nitrilo sem p\u00f3 &#8211; Preto"},"content":{"rendered":"<p><strong>Caixa de 100 luvas<\/strong><\/p>\n<p>&nbsp;<\/p>\n<table style=\"height: 192px;\" border=\"0\" cellspacing=\"10\" cellpadding=\"0\" align=\"center\">\n<thead>\n<tr style=\"height: 52px;\">\n<td style=\"width: 246px; height: 52px;\">Tamanho<\/td>\n<td style=\"width: 315px; height: 52px;\">\n<p style=\"text-align: left;\" align=\"center\">\u00a0R\u00e9f.<\/p>\n<\/td>\n<\/tr>\n<\/thead>\n<tbody>\n<tr style=\"height: 28px;\">\n<td style=\"width: 246px; height: 28px;\">XS<\/td>\n<td style=\"width: 315px; height: 28px;\">3160186<\/td>\n<\/tr>\n<tr style=\"height: 28px;\">\n<td style=\"width: 246px; height: 28px;\">S<\/td>\n<td style=\"width: 315px; height: 28px;\">3160187<\/td>\n<\/tr>\n<tr style=\"height: 28px;\">\n<td style=\"width: 246px; height: 28px;\">M<\/td>\n<td style=\"width: 315px; height: 28px;\">3160188<\/td>\n<\/tr>\n<tr style=\"height: 28px;\">\n<td style=\"width: 246px; height: 28px;\">L<\/td>\n<td style=\"width: 315px; height: 28px;\">3180899<\/td>\n<\/tr>\n<\/tbody>\n<\/table>\n<p>&nbsp;<\/p>\n","protected":false},"excerpt":{"rendered":"<p><strong>Luvas de exame de nitrilo, sem p\u00f3, com superf\u00edcie dos dedos microtexturizada, n\u00e3o est\u00e9reis com punhos enrolados<\/strong><\/p>\n<p><strong>Caracter\u00edsticas :<\/strong><\/p>\n<ul>\n<li>Excelente ader\u00eancia<\/li>\n<li>Adequadas para o manuseamento de silicone<\/li>\n<li>Fabricadas em conformidade com as normas EN 455: 1- e EN ISO 2859-1<\/li>\n<\/ul>\n<p>Classe: I<\/p>\n<p>EPI CAT III.<\/p>\n<p>Marca\u00e7\u00e3o CE 2777<\/p>\n<p>Fabricante : HARTALEGA NGC Sdn. Bhd<\/p>\n","protected":false},"featured_media":10955,"template":"","meta":{"_acf_changed":false},"product_cat":[181],"product_tag":[258],"acf":[],"yoast_head":"<!-- This site is optimized with the Yoast SEO plugin v22.3 - https:\/\/yoast.com\/wordpress\/plugins\/seo\/ -->\n<title>Luvas de nitrilo sem p\u00f3 - Preto - Medibase<\/title>\n<meta name=\"robots\" content=\"index, follow, max-snippet:-1, max-image-preview:large, max-video-preview:-1\" \/>\n<link rel=\"canonical\" href=\"https:\/\/www.medibase-disposables.com\/pt-pt\/produtos\/luvas-de-nitrilo-sem-po-preto\/\" \/>\n<meta property=\"og:locale\" content=\"pt_PT\" \/>\n<meta property=\"og:type\" content=\"article\" \/>\n<meta property=\"og:title\" content=\"Luvas de nitrilo sem p\u00f3 - Preto - Medibase\" \/>\n<meta property=\"og:description\" content=\"Luvas de exame de nitrilo, sem p\u00f3, com superf\u00edcie dos dedos microtexturizada, n\u00e3o est\u00e9reis com punhos enrolados  Caracter\u00edsticas :   Excelente ader\u00eancia  Adequadas para o manuseamento de silicone  Fabricadas em conformidade com as normas EN 455: 1- e EN ISO 2859-1  Classe: I  EPI CAT III.  Marca\u00e7\u00e3o CE 2777  Fabricante : HARTALEGA NGC Sdn. Bhd\" \/>\n<meta property=\"og:url\" content=\"https:\/\/www.medibase-disposables.com\/pt-pt\/produtos\/luvas-de-nitrilo-sem-po-preto\/\" \/>\n<meta property=\"og:site_name\" content=\"Medibase\" \/>\n<meta property=\"article:modified_time\" content=\"2026-01-21T09:27:56+00:00\" \/>\n<meta property=\"og:image\" content=\"http:\/\/www.medibase-disposables.com\/wp-content\/uploads\/3160187_MEDIBASE_Visuel-Packaging-Gants-Nitrile-RVB.jpg\" \/>\n\t<meta property=\"og:image:width\" content=\"2000\" \/>\n\t<meta property=\"og:image:height\" content=\"2000\" \/>\n\t<meta property=\"og:image:type\" content=\"image\/jpeg\" \/>\n<meta name=\"twitter:card\" content=\"summary_large_image\" \/>\n<meta name=\"twitter:label1\" content=\"Tempo estimado de leitura\" \/>\n\t<meta name=\"twitter:data1\" content=\"1 minuto\" \/>\n<script type=\"application\/ld+json\" class=\"yoast-schema-graph\">{\"@context\":\"https:\/\/schema.org\",\"@graph\":[{\"@type\":\"WebPage\",\"@id\":\"https:\/\/www.medibase-disposables.com\/pt-pt\/produtos\/luvas-de-nitrilo-sem-po-preto\/\",\"url\":\"https:\/\/www.medibase-disposables.com\/pt-pt\/produtos\/luvas-de-nitrilo-sem-po-preto\/\",\"name\":\"Luvas de nitrilo sem p\u00f3 - Preto - Medibase\",\"isPartOf\":{\"@id\":\"https:\/\/www.medibase-disposables.com\/pt-pt\/#website\"},\"primaryImageOfPage\":{\"@id\":\"https:\/\/www.medibase-disposables.com\/pt-pt\/produtos\/luvas-de-nitrilo-sem-po-preto\/#primaryimage\"},\"image\":{\"@id\":\"https:\/\/www.medibase-disposables.com\/pt-pt\/produtos\/luvas-de-nitrilo-sem-po-preto\/#primaryimage\"},\"thumbnailUrl\":\"https:\/\/www.medibase-disposables.com\/wp-content\/uploads\/3160187_MEDIBASE_Visuel-Packaging-Gants-Nitrile-RVB.jpg\",\"datePublished\":\"2023-12-11T16:41:42+00:00\",\"dateModified\":\"2026-01-21T09:27:56+00:00\",\"breadcrumb\":{\"@id\":\"https:\/\/www.medibase-disposables.com\/pt-pt\/produtos\/luvas-de-nitrilo-sem-po-preto\/#breadcrumb\"},\"inLanguage\":\"pt-PT\",\"potentialAction\":[{\"@type\":\"ReadAction\",\"target\":[\"https:\/\/www.medibase-disposables.com\/pt-pt\/produtos\/luvas-de-nitrilo-sem-po-preto\/\"]}]},{\"@type\":\"ImageObject\",\"inLanguage\":\"pt-PT\",\"@id\":\"https:\/\/www.medibase-disposables.com\/pt-pt\/produtos\/luvas-de-nitrilo-sem-po-preto\/#primaryimage\",\"url\":\"https:\/\/www.medibase-disposables.com\/wp-content\/uploads\/3160187_MEDIBASE_Visuel-Packaging-Gants-Nitrile-RVB.jpg\",\"contentUrl\":\"https:\/\/www.medibase-disposables.com\/wp-content\/uploads\/3160187_MEDIBASE_Visuel-Packaging-Gants-Nitrile-RVB.jpg\",\"width\":2000,\"height\":2000},{\"@type\":\"BreadcrumbList\",\"@id\":\"https:\/\/www.medibase-disposables.com\/pt-pt\/produtos\/luvas-de-nitrilo-sem-po-preto\/#breadcrumb\",\"itemListElement\":[{\"@type\":\"ListItem\",\"position\":1,\"name\":\"Accueil\",\"item\":\"https:\/\/www.medibase-disposables.com\/pt-pt\/\"},{\"@type\":\"ListItem\",\"position\":2,\"name\":\"Produtos\",\"item\":\"https:\/\/www.medibase-disposables.com\/pt-pt\/produtos\/\"},{\"@type\":\"ListItem\",\"position\":3,\"name\":\"Luvas de nitrilo sem p\u00f3 &#8211; Preto\"}]},{\"@type\":\"WebSite\",\"@id\":\"https:\/\/www.medibase-disposables.com\/pt-pt\/#website\",\"url\":\"https:\/\/www.medibase-disposables.com\/pt-pt\/\",\"name\":\"Medibase\",\"description\":\"Your everyday essentials\",\"publisher\":{\"@id\":\"https:\/\/www.medibase-disposables.com\/pt-pt\/#organization\"},\"potentialAction\":[{\"@type\":\"SearchAction\",\"target\":{\"@type\":\"EntryPoint\",\"urlTemplate\":\"https:\/\/www.medibase-disposables.com\/pt-pt\/?s={search_term_string}\"},\"query-input\":\"required name=search_term_string\"}],\"inLanguage\":\"pt-PT\"},{\"@type\":\"Organization\",\"@id\":\"https:\/\/www.medibase-disposables.com\/pt-pt\/#organization\",\"name\":\"MEDIBASE\",\"url\":\"https:\/\/www.medibase-disposables.com\/pt-pt\/\",\"logo\":{\"@type\":\"ImageObject\",\"inLanguage\":\"pt-PT\",\"@id\":\"https:\/\/www.medibase-disposables.com\/pt-pt\/#\/schema\/logo\/image\/\",\"url\":\"https:\/\/www.medibase-disposables.com\/wp-content\/uploads\/logo@2x.png\",\"contentUrl\":\"https:\/\/www.medibase-disposables.com\/wp-content\/uploads\/logo@2x.png\",\"width\":501,\"height\":501,\"caption\":\"MEDIBASE\"},\"image\":{\"@id\":\"https:\/\/www.medibase-disposables.com\/pt-pt\/#\/schema\/logo\/image\/\"}}]}<\/script>\n<!-- \/ Yoast SEO plugin. -->","yoast_head_json":{"title":"Luvas de nitrilo sem p\u00f3 - Preto - Medibase","robots":{"index":"index","follow":"follow","max-snippet":"max-snippet:-1","max-image-preview":"max-image-preview:large","max-video-preview":"max-video-preview:-1"},"canonical":"https:\/\/www.medibase-disposables.com\/pt-pt\/produtos\/luvas-de-nitrilo-sem-po-preto\/","og_locale":"pt_PT","og_type":"article","og_title":"Luvas de nitrilo sem p\u00f3 - Preto - Medibase","og_description":"Luvas de exame de nitrilo, sem p\u00f3, com superf\u00edcie dos dedos microtexturizada, n\u00e3o est\u00e9reis com punhos enrolados  Caracter\u00edsticas :   Excelente ader\u00eancia  Adequadas para o manuseamento de silicone  Fabricadas em conformidade com as normas EN 455: 1- e EN ISO 2859-1  Classe: I  EPI CAT III.  Marca\u00e7\u00e3o CE 2777  Fabricante : HARTALEGA NGC Sdn. Bhd","og_url":"https:\/\/www.medibase-disposables.com\/pt-pt\/produtos\/luvas-de-nitrilo-sem-po-preto\/","og_site_name":"Medibase","article_modified_time":"2026-01-21T09:27:56+00:00","og_image":[{"width":2000,"height":2000,"url":"http:\/\/www.medibase-disposables.com\/wp-content\/uploads\/3160187_MEDIBASE_Visuel-Packaging-Gants-Nitrile-RVB.jpg","type":"image\/jpeg"}],"twitter_card":"summary_large_image","twitter_misc":{"Tempo estimado de leitura":"1 minuto"},"schema":{"@context":"https:\/\/schema.org","@graph":[{"@type":"WebPage","@id":"https:\/\/www.medibase-disposables.com\/pt-pt\/produtos\/luvas-de-nitrilo-sem-po-preto\/","url":"https:\/\/www.medibase-disposables.com\/pt-pt\/produtos\/luvas-de-nitrilo-sem-po-preto\/","name":"Luvas de nitrilo sem p\u00f3 - Preto - Medibase","isPartOf":{"@id":"https:\/\/www.medibase-disposables.com\/pt-pt\/#website"},"primaryImageOfPage":{"@id":"https:\/\/www.medibase-disposables.com\/pt-pt\/produtos\/luvas-de-nitrilo-sem-po-preto\/#primaryimage"},"image":{"@id":"https:\/\/www.medibase-disposables.com\/pt-pt\/produtos\/luvas-de-nitrilo-sem-po-preto\/#primaryimage"},"thumbnailUrl":"https:\/\/www.medibase-disposables.com\/wp-content\/uploads\/3160187_MEDIBASE_Visuel-Packaging-Gants-Nitrile-RVB.jpg","datePublished":"2023-12-11T16:41:42+00:00","dateModified":"2026-01-21T09:27:56+00:00","breadcrumb":{"@id":"https:\/\/www.medibase-disposables.com\/pt-pt\/produtos\/luvas-de-nitrilo-sem-po-preto\/#breadcrumb"},"inLanguage":"pt-PT","potentialAction":[{"@type":"ReadAction","target":["https:\/\/www.medibase-disposables.com\/pt-pt\/produtos\/luvas-de-nitrilo-sem-po-preto\/"]}]},{"@type":"ImageObject","inLanguage":"pt-PT","@id":"https:\/\/www.medibase-disposables.com\/pt-pt\/produtos\/luvas-de-nitrilo-sem-po-preto\/#primaryimage","url":"https:\/\/www.medibase-disposables.com\/wp-content\/uploads\/3160187_MEDIBASE_Visuel-Packaging-Gants-Nitrile-RVB.jpg","contentUrl":"https:\/\/www.medibase-disposables.com\/wp-content\/uploads\/3160187_MEDIBASE_Visuel-Packaging-Gants-Nitrile-RVB.jpg","width":2000,"height":2000},{"@type":"BreadcrumbList","@id":"https:\/\/www.medibase-disposables.com\/pt-pt\/produtos\/luvas-de-nitrilo-sem-po-preto\/#breadcrumb","itemListElement":[{"@type":"ListItem","position":1,"name":"Accueil","item":"https:\/\/www.medibase-disposables.com\/pt-pt\/"},{"@type":"ListItem","position":2,"name":"Produtos","item":"https:\/\/www.medibase-disposables.com\/pt-pt\/produtos\/"},{"@type":"ListItem","position":3,"name":"Luvas de nitrilo sem p\u00f3 &#8211; Preto"}]},{"@type":"WebSite","@id":"https:\/\/www.medibase-disposables.com\/pt-pt\/#website","url":"https:\/\/www.medibase-disposables.com\/pt-pt\/","name":"Medibase","description":"Your everyday essentials","publisher":{"@id":"https:\/\/www.medibase-disposables.com\/pt-pt\/#organization"},"potentialAction":[{"@type":"SearchAction","target":{"@type":"EntryPoint","urlTemplate":"https:\/\/www.medibase-disposables.com\/pt-pt\/?s={search_term_string}"},"query-input":"required name=search_term_string"}],"inLanguage":"pt-PT"},{"@type":"Organization","@id":"https:\/\/www.medibase-disposables.com\/pt-pt\/#organization","name":"MEDIBASE","url":"https:\/\/www.medibase-disposables.com\/pt-pt\/","logo":{"@type":"ImageObject","inLanguage":"pt-PT","@id":"https:\/\/www.medibase-disposables.com\/pt-pt\/#\/schema\/logo\/image\/","url":"https:\/\/www.medibase-disposables.com\/wp-content\/uploads\/logo@2x.png","contentUrl":"https:\/\/www.medibase-disposables.com\/wp-content\/uploads\/logo@2x.png","width":501,"height":501,"caption":"MEDIBASE"},"image":{"@id":"https:\/\/www.medibase-disposables.com\/pt-pt\/#\/schema\/logo\/image\/"}}]}},"_links":{"self":[{"href":"https:\/\/www.medibase-disposables.com\/pt-pt\/wp-json\/wp\/v2\/product\/10979"}],"collection":[{"href":"https:\/\/www.medibase-disposables.com\/pt-pt\/wp-json\/wp\/v2\/product"}],"about":[{"href":"https:\/\/www.medibase-disposables.com\/pt-pt\/wp-json\/wp\/v2\/types\/product"}],"wp:featuredmedia":[{"embeddable":true,"href":"https:\/\/www.medibase-disposables.com\/pt-pt\/wp-json\/wp\/v2\/media\/10955"}],"wp:attachment":[{"href":"https:\/\/www.medibase-disposables.com\/pt-pt\/wp-json\/wp\/v2\/media?parent=10979"}],"wp:term":[{"taxonomy":"product_cat","embeddable":true,"href":"https:\/\/www.medibase-disposables.com\/pt-pt\/wp-json\/wp\/v2\/product_cat?post=10979"},{"taxonomy":"product_tag","embeddable":true,"href":"https:\/\/www.medibase-disposables.com\/pt-pt\/wp-json\/wp\/v2\/product_tag?post=10979"}],"curies":[{"name":"wp","href":"https:\/\/api.w.org\/{rel}","templated":true}]}}